{"id":424968,"date":"2024-01-22T00:01:25","date_gmt":"2024-01-22T00:01:25","guid":{"rendered":"https:\/\/farmaon4.apptirana.al\/product\/lierac-lift-integral-superactivated-serum\/"},"modified":"2026-04-16T21:28:33","modified_gmt":"2026-04-16T20:28:33","slug":"lierac-lift-integral-superactivated-serum","status":"publish","type":"product","link":"https:\/\/farmaon4.apptirana.al\/en\/produkt\/lierac-lift-integral-superactivated-serum\/","title":{"rendered":"Lierac Lift Integral Superactivated Serum"},"content":{"rendered":"<p>Formulim me veti lifting thuajse t\u00eb menj\u00ebhershme.<br \/>\nRrit tonicitetin, elasticitetin dhe q\u00ebndrueshm\u00ebrin\u00eb e l\u00ebkur\u00ebs.<br \/>\nEkstraktet e bim\u00ebs Mahogany nxisin sintez\u00ebn e kolagjenit tip 18, i nevojsh\u00ebm p\u00ebr t\u00eb tre shtresat e l\u00ebkur\u00ebs.<br \/>\nEkstraktet e Tulipanit lejla mbushin rrudhat e formuara dhe nxisin sintez\u00ebn e m\u00eb shum\u00eb se 30 proteinave t\u00eb ECM (extracellular matrix) duke ndikuar n\u00eb nd\u00ebrtimin dhe struktur\u00ebn e l\u00ebkur\u00ebs.<br \/>\nAcidi hialuronik p\u00ebrforcon vetin\u00eb anti-rrudh\u00eb t\u00eb kremit, zbut l\u00ebkur\u00ebn dhe e ushqen at\u00eb.<br \/>\nPas 7 dit\u00ebsh l\u00ebkura b\u00ebhet m\u00eb e tendosur dhe m\u00eb elastike.<\/p>\n","protected":false},"excerpt":{"rendered":"<p>Serum anti-rrudh\u00eb, me efekt lifting p\u00ebr \u00e7do lloj l\u00ebkure<br \/>\n30ml<\/p>\n","protected":false},"featured_media":458872,"template":"","meta":{"_acf_changed":false},"product_brand":[],"product_cat":[49981,50161,50044,55668,50153],"product_tag":[50451,50630,57893,46023,50627,55481,46269,57874,50577,47779,50647,50637,58016,45960,57908,50490],"giftcard-category":[],"class_list":{"0":"post-424968","1":"product","2":"type-product","3":"status-publish","4":"has-post-thumbnail","6":"product_cat-anti-age-dhe-anti-rrudhe-english","7":"product_cat-markat-english","8":"product_cat-dermokozmetike-english","9":"product_cat-face-dermokozmetike-english","10":"product_cat-lierac-english","11":"product_tag-te-rritur-en","12":"product_tag-per-cdo-lekure-en","13":"product_tag-anti-age-en","14":"product_tag-anti-age","15":"product_tag-anti-rrudhe-en","16":"product_tag-cream-en","17":"product_tag-face","18":"product_tag-fytyra-en","19":"product_tag-acid-hialuronik-en","20":"product_tag-lierac","21":"product_tag-efekt-lifting-en","22":"product_tag-trajtim-nate-en","23":"product_tag-offers","25":"product_tag-ushqyes-en","26":"product_tag-femra-en","28":"first","29":"instock","30":"sale","31":"taxable","32":"shipping-taxable","33":"purchasable","34":"product-type-simple"},"bundled_by":[],"bundle_stock_status":"instock","bundle_stock_quantity":2,"bundle_virtual":false,"bundle_layout":"","bundle_add_to_cart_form_location":"","bundle_editable_in_cart":false,"bundle_sold_individually_context":"","bundle_item_grouping":"","bundle_min_size":"","bundle_max_size":"","bundle_price":[],"bundled_items":[],"bundle_sell_ids":[],"acf":[],"yoast_head":"<!-- This site is optimized with the Yoast SEO Premium plugin v23.0 (Yoast SEO v26.0) - https:\/\/yoast.com\/wordpress\/plugins\/seo\/ -->\n<title>Lierac Lift Integral Superactivated Serum - Farmaon<\/title>\n<meta name=\"robots\" content=\"index, follow, max-snippet:-1, max-image-preview:large, max-video-preview:-1\" \/>\n<link rel=\"canonical\" href=\"https:\/\/farmaon4.apptirana.al\/en\/produkt\/lierac-lift-integral-superactivated-serum\/\" \/>\n<meta property=\"og:locale\" content=\"en_US\" \/>\n<meta property=\"og:type\" content=\"article\" \/>\n<meta property=\"og:title\" content=\"Lierac Lift Integral Superactivated Serum\" \/>\n<meta property=\"og:description\" content=\"Serum anti-rrudh\u00eb, me efekt lifting p\u00ebr \u00e7do lloj l\u00ebkure 30ml\" \/>\n<meta property=\"og:url\" content=\"https:\/\/farmaon4.apptirana.al\/en\/produkt\/lierac-lift-integral-superactivated-serum\/\" \/>\n<meta property=\"og:site_name\" content=\"Farmaon\" \/>\n<meta property=\"article:modified_time\" content=\"2026-04-16T20:28:33+00:00\" \/>\n<meta property=\"og:image\" content=\"https:\/\/farmaon4.apptirana.al\/wp-content\/uploads\/2024\/01\/LIER161.jpg\" \/>\n\t<meta property=\"og:image:width\" content=\"1080\" \/>\n\t<meta property=\"og:image:height\" content=\"1080\" \/>\n\t<meta property=\"og:image:type\" content=\"image\/jpeg\" \/>\n<meta name=\"twitter:card\" content=\"summary_large_image\" \/>\n<meta name=\"twitter:label1\" content=\"Price\" \/>\n\t<meta name=\"twitter:data1\" content=\"4830&nbsp;L\" \/>\n\t<meta name=\"twitter:label2\" content=\"Availability\" \/>\n\t<meta name=\"twitter:data2\" content=\"In stock\" \/>\n<script type=\"application\/ld+json\" class=\"yoast-schema-graph\">{\"@context\":\"https:\/\/schema.org\",\"@graph\":[{\"@type\":\"WebPage\",\"@id\":\"https:\/\/farmaon4.apptirana.al\/en\/produkt\/lierac-lift-integral-superactivated-serum\/\",\"url\":\"https:\/\/farmaon4.apptirana.al\/en\/produkt\/lierac-lift-integral-superactivated-serum\/\",\"name\":\"Lierac Lift Integral Superactivated Serum - Farmaon\",\"isPartOf\":{\"@id\":\"https:\/\/farmaon4.apptirana.al\/#website\"},\"primaryImageOfPage\":{\"@id\":\"https:\/\/farmaon4.apptirana.al\/en\/produkt\/lierac-lift-integral-superactivated-serum\/#primaryimage\"},\"image\":{\"@id\":\"https:\/\/farmaon4.apptirana.al\/en\/produkt\/lierac-lift-integral-superactivated-serum\/#primaryimage\"},\"thumbnailUrl\":\"https:\/\/farmaon4.apptirana.al\/wp-content\/uploads\/2024\/01\/LIER161.jpg\",\"datePublished\":\"2024-01-22T00:01:25+00:00\",\"dateModified\":\"2026-04-16T20:28:33+00:00\",\"breadcrumb\":{\"@id\":\"https:\/\/farmaon4.apptirana.al\/en\/produkt\/lierac-lift-integral-superactivated-serum\/#breadcrumb\"},\"inLanguage\":\"en-US\",\"potentialAction\":[{\"@type\":\"ReadAction\",\"target\":[\"https:\/\/farmaon4.apptirana.al\/en\/produkt\/lierac-lift-integral-superactivated-serum\/\"]}]},{\"@type\":\"ImageObject\",\"inLanguage\":\"en-US\",\"@id\":\"https:\/\/farmaon4.apptirana.al\/en\/produkt\/lierac-lift-integral-superactivated-serum\/#primaryimage\",\"url\":\"https:\/\/farmaon4.apptirana.al\/wp-content\/uploads\/2024\/01\/LIER161.jpg\",\"contentUrl\":\"https:\/\/farmaon4.apptirana.al\/wp-content\/uploads\/2024\/01\/LIER161.jpg\",\"width\":1080,\"height\":1080},{\"@type\":\"BreadcrumbList\",\"@id\":\"https:\/\/farmaon4.apptirana.al\/en\/produkt\/lierac-lift-integral-superactivated-serum\/#breadcrumb\",\"itemListElement\":[{\"@type\":\"ListItem\",\"position\":1,\"name\":\"Home\",\"item\":\"https:\/\/farmaon4.apptirana.al\/en\/\"},{\"@type\":\"ListItem\",\"position\":2,\"name\":\"Shop\",\"item\":\"https:\/\/farmaon4.apptirana.al\/en\/shop-3\/\"},{\"@type\":\"ListItem\",\"position\":3,\"name\":\"Lierac Lift Integral Superactivated Serum\"}]},{\"@type\":\"WebSite\",\"@id\":\"https:\/\/farmaon4.apptirana.al\/#website\",\"url\":\"https:\/\/farmaon4.apptirana.al\/\",\"name\":\"Farmaon\",\"description\":\"Farmacia Juaj Online!\",\"publisher\":{\"@id\":\"https:\/\/farmaon4.apptirana.al\/#organization\"},\"potentialAction\":[{\"@type\":\"SearchAction\",\"target\":{\"@type\":\"EntryPoint\",\"urlTemplate\":\"https:\/\/farmaon4.apptirana.al\/?s={search_term_string}\"},\"query-input\":{\"@type\":\"PropertyValueSpecification\",\"valueRequired\":true,\"valueName\":\"search_term_string\"}}],\"inLanguage\":\"en-US\"},{\"@type\":\"Organization\",\"@id\":\"https:\/\/farmaon4.apptirana.al\/#organization\",\"name\":\"Farmaon\",\"url\":\"https:\/\/farmaon4.apptirana.al\/\",\"logo\":{\"@type\":\"ImageObject\",\"inLanguage\":\"en-US\",\"@id\":\"https:\/\/farmaon4.apptirana.al\/#\/schema\/logo\/image\/\",\"url\":\"https:\/\/farmaon4.apptirana.al\/wp-content\/uploads\/2024\/08\/7f987514-logo-farmaon.png\",\"contentUrl\":\"https:\/\/farmaon4.apptirana.al\/wp-content\/uploads\/2024\/08\/7f987514-logo-farmaon.png\",\"width\":219,\"height\":53,\"caption\":\"Farmaon\"},\"image\":{\"@id\":\"https:\/\/farmaon4.apptirana.al\/#\/schema\/logo\/image\/\"}}]}<\/script>\n<meta property=\"product:price:amount\" content=\"4830\" \/>\n<meta property=\"product:price:currency\" content=\"ALL\" \/>\n<meta property=\"og:availability\" content=\"instock\" \/>\n<meta property=\"product:availability\" content=\"instock\" \/>\n<meta property=\"product:retailer_item_id\" content=\"LIER161\" \/>\n<meta property=\"product:condition\" content=\"new\" \/>\n<!-- \/ Yoast SEO Premium plugin. -->","yoast_head_json":{"title":"Lierac Lift Integral Superactivated Serum - Farmaon","robots":{"index":"index","follow":"follow","max-snippet":"max-snippet:-1","max-image-preview":"max-image-preview:large","max-video-preview":"max-video-preview:-1"},"canonical":"https:\/\/farmaon4.apptirana.al\/en\/produkt\/lierac-lift-integral-superactivated-serum\/","og_locale":"en_US","og_type":"article","og_title":"Lierac Lift Integral Superactivated Serum","og_description":"Serum anti-rrudh\u00eb, me efekt lifting p\u00ebr \u00e7do lloj l\u00ebkure 30ml","og_url":"https:\/\/farmaon4.apptirana.al\/en\/produkt\/lierac-lift-integral-superactivated-serum\/","og_site_name":"Farmaon","article_modified_time":"2026-04-16T20:28:33+00:00","og_image":[{"width":1080,"height":1080,"url":"https:\/\/farmaon4.apptirana.al\/wp-content\/uploads\/2024\/01\/LIER161.jpg","type":"image\/jpeg"}],"twitter_card":"summary_large_image","twitter_misc":{"Price":"4830&nbsp;L","Availability":"In stock"},"schema":{"@context":"https:\/\/schema.org","@graph":[{"@type":"WebPage","@id":"https:\/\/farmaon4.apptirana.al\/en\/produkt\/lierac-lift-integral-superactivated-serum\/","url":"https:\/\/farmaon4.apptirana.al\/en\/produkt\/lierac-lift-integral-superactivated-serum\/","name":"Lierac Lift Integral Superactivated Serum - Farmaon","isPartOf":{"@id":"https:\/\/farmaon4.apptirana.al\/#website"},"primaryImageOfPage":{"@id":"https:\/\/farmaon4.apptirana.al\/en\/produkt\/lierac-lift-integral-superactivated-serum\/#primaryimage"},"image":{"@id":"https:\/\/farmaon4.apptirana.al\/en\/produkt\/lierac-lift-integral-superactivated-serum\/#primaryimage"},"thumbnailUrl":"https:\/\/farmaon4.apptirana.al\/wp-content\/uploads\/2024\/01\/LIER161.jpg","datePublished":"2024-01-22T00:01:25+00:00","dateModified":"2026-04-16T20:28:33+00:00","breadcrumb":{"@id":"https:\/\/farmaon4.apptirana.al\/en\/produkt\/lierac-lift-integral-superactivated-serum\/#breadcrumb"},"inLanguage":"en-US","potentialAction":[{"@type":"ReadAction","target":["https:\/\/farmaon4.apptirana.al\/en\/produkt\/lierac-lift-integral-superactivated-serum\/"]}]},{"@type":"ImageObject","inLanguage":"en-US","@id":"https:\/\/farmaon4.apptirana.al\/en\/produkt\/lierac-lift-integral-superactivated-serum\/#primaryimage","url":"https:\/\/farmaon4.apptirana.al\/wp-content\/uploads\/2024\/01\/LIER161.jpg","contentUrl":"https:\/\/farmaon4.apptirana.al\/wp-content\/uploads\/2024\/01\/LIER161.jpg","width":1080,"height":1080},{"@type":"BreadcrumbList","@id":"https:\/\/farmaon4.apptirana.al\/en\/produkt\/lierac-lift-integral-superactivated-serum\/#breadcrumb","itemListElement":[{"@type":"ListItem","position":1,"name":"Home","item":"https:\/\/farmaon4.apptirana.al\/en\/"},{"@type":"ListItem","position":2,"name":"Shop","item":"https:\/\/farmaon4.apptirana.al\/en\/shop-3\/"},{"@type":"ListItem","position":3,"name":"Lierac Lift Integral Superactivated Serum"}]},{"@type":"WebSite","@id":"https:\/\/farmaon4.apptirana.al\/#website","url":"https:\/\/farmaon4.apptirana.al\/","name":"Farmaon","description":"Farmacia Juaj Online!","publisher":{"@id":"https:\/\/farmaon4.apptirana.al\/#organization"},"potentialAction":[{"@type":"SearchAction","target":{"@type":"EntryPoint","urlTemplate":"https:\/\/farmaon4.apptirana.al\/?s={search_term_string}"},"query-input":{"@type":"PropertyValueSpecification","valueRequired":true,"valueName":"search_term_string"}}],"inLanguage":"en-US"},{"@type":"Organization","@id":"https:\/\/farmaon4.apptirana.al\/#organization","name":"Farmaon","url":"https:\/\/farmaon4.apptirana.al\/","logo":{"@type":"ImageObject","inLanguage":"en-US","@id":"https:\/\/farmaon4.apptirana.al\/#\/schema\/logo\/image\/","url":"https:\/\/farmaon4.apptirana.al\/wp-content\/uploads\/2024\/08\/7f987514-logo-farmaon.png","contentUrl":"https:\/\/farmaon4.apptirana.al\/wp-content\/uploads\/2024\/08\/7f987514-logo-farmaon.png","width":219,"height":53,"caption":"Farmaon"},"image":{"@id":"https:\/\/farmaon4.apptirana.al\/#\/schema\/logo\/image\/"}}]},"product_price_amount":"4830","product_price_currency":"ALL","og_availability":"instock","product_availability":"instock","product_retailer_item_id":"LIER161","product_condition":"new"},"_links":{"self":[{"href":"https:\/\/farmaon4.apptirana.al\/en\/wp-json\/wp\/v2\/product\/424968","targetHints":{"allow":["GET"]}}],"collection":[{"href":"https:\/\/farmaon4.apptirana.al\/en\/wp-json\/wp\/v2\/product"}],"about":[{"href":"https:\/\/farmaon4.apptirana.al\/en\/wp-json\/wp\/v2\/types\/product"}],"version-history":[{"count":0,"href":"https:\/\/farmaon4.apptirana.al\/en\/wp-json\/wp\/v2\/product\/424968\/revisions"}],"wp:featuredmedia":[{"embeddable":true,"href":"https:\/\/farmaon4.apptirana.al\/en\/wp-json\/wp\/v2\/media\/458872"}],"wp:attachment":[{"href":"https:\/\/farmaon4.apptirana.al\/en\/wp-json\/wp\/v2\/media?parent=424968"}],"wp:term":[{"taxonomy":"product_brand","embeddable":true,"href":"https:\/\/farmaon4.apptirana.al\/en\/wp-json\/wp\/v2\/product_brand?post=424968"},{"taxonomy":"product_cat","embeddable":true,"href":"https:\/\/farmaon4.apptirana.al\/en\/wp-json\/wp\/v2\/product_cat?post=424968"},{"taxonomy":"product_tag","embeddable":true,"href":"https:\/\/farmaon4.apptirana.al\/en\/wp-json\/wp\/v2\/product_tag?post=424968"},{"taxonomy":"giftcard-category","embeddable":true,"href":"https:\/\/farmaon4.apptirana.al\/en\/wp-json\/wp\/v2\/giftcard-category?post=424968"}],"curies":[{"name":"wp","href":"https:\/\/api.w.org\/{rel}","templated":true}]}}