{"id":424975,"date":"2024-01-22T00:01:24","date_gmt":"2024-01-22T00:01:24","guid":{"rendered":"https:\/\/farmaon4.apptirana.al\/product\/lierac-diopticerne-anti-puffiness-for-under-eyes\/"},"modified":"2026-05-03T15:42:05","modified_gmt":"2026-05-03T14:42:05","slug":"lierac-diopticerne-anti-puffiness-for-under-eyes","status":"publish","type":"product","link":"https:\/\/farmaon4.apptirana.al\/en\/produkt\/lierac-diopticerne-anti-puffiness-for-under-eyes\/","title":{"rendered":"Lierac Diopticerne Anti-Puffiness for Under Eyes"},"content":{"rendered":"<p>Formulim p\u00ebr zon\u00ebn e ndjeshme dhe delikate t\u00eb syve.<br \/>\nKombinimi i ekstrakteve bimore t\u00eb bishtkalit, kamomilit, alchemill\u00ebs, eder\u00ebs etj.<br \/>\nNxit biosintez\u00ebn e kolagjenit dhe elastin\u00ebs.<br \/>\nKjo b\u00ebn q\u00eb pas nj\u00eb s\u00ebr\u00eb p\u00ebrdorimesh, l\u00ebkura t\u00eb jet\u00eb m\u00eb elastike dhe m\u00eb e tonifikuar.<br \/>\nI testuar n\u00ebn mbik\u00ebqyrjen e oftalmolog\u00ebve.<br \/>\nPa ngjyrues sintetik\u00eb.<br \/>\nPa parfum.<\/p>\n","protected":false},"excerpt":{"rendered":"<p>Xhel q\u00eb vepron kund\u00ebr qeseve t\u00eb formuara posht\u00eb syve.<\/p>\n<p>15ml<\/p>\n","protected":false},"featured_media":458881,"template":"","meta":{"_acf_changed":false},"product_brand":[],"product_cat":[50161,50044,50302,55668,50153],"product_tag":[50451,50630,50632,50665,50453,46325,57956,47779,50637,58016,45960,50644,50571,50490],"giftcard-category":[],"class_list":{"0":"post-424975","1":"product","2":"type-product","3":"status-publish","4":"has-post-thumbnail","6":"product_cat-markat-english","7":"product_cat-dermokozmetike-english","8":"product_cat-syte-english","9":"product_cat-face-dermokozmetike-english","10":"product_cat-lierac-english","11":"product_tag-te-rritur-en","12":"product_tag-per-cdo-lekure-en","13":"product_tag-trajtim-dite-en","14":"product_tag-syte-en","15":"product_tag-xhel-en","16":"product_tag-kunder-qeseve-poshte-syve","17":"product_tag-kunder-qeseve-poshte-syve-en","18":"product_tag-lierac","19":"product_tag-trajtim-nate-en","20":"product_tag-offers","22":"product_tag-pa-ngjyrues-en","23":"product_tag-pa-parfum-en","24":"product_tag-femra-en","26":"first","27":"instock","28":"sale","29":"taxable","30":"shipping-taxable","31":"purchasable","32":"product-type-simple"},"bundled_by":[],"bundle_stock_status":"instock","bundle_stock_quantity":5,"bundle_virtual":false,"bundle_layout":"","bundle_add_to_cart_form_location":"","bundle_editable_in_cart":false,"bundle_sold_individually_context":"","bundle_item_grouping":"","bundle_min_size":"","bundle_max_size":"","bundle_price":[],"bundled_items":[],"bundle_sell_ids":[],"acf":[],"yoast_head":"<!-- This site is optimized with the Yoast SEO Premium plugin v23.0 (Yoast SEO v26.0) - https:\/\/yoast.com\/wordpress\/plugins\/seo\/ -->\n<title>Lierac Diopticerne Anti-Puffiness for Under Eyes - Farmaon<\/title>\n<meta name=\"robots\" content=\"index, follow, max-snippet:-1, max-image-preview:large, max-video-preview:-1\" \/>\n<link rel=\"canonical\" href=\"https:\/\/farmaon4.apptirana.al\/en\/produkt\/lierac-diopticerne-anti-puffiness-for-under-eyes\/\" \/>\n<meta property=\"og:locale\" content=\"en_US\" \/>\n<meta property=\"og:type\" content=\"article\" \/>\n<meta property=\"og:title\" content=\"Lierac Diopticerne Anti-Puffiness for Under Eyes\" \/>\n<meta property=\"og:description\" content=\"Xhel q\u00eb vepron kund\u00ebr qeseve t\u00eb formuara posht\u00eb syve.  15ml\" \/>\n<meta property=\"og:url\" content=\"https:\/\/farmaon4.apptirana.al\/en\/produkt\/lierac-diopticerne-anti-puffiness-for-under-eyes\/\" \/>\n<meta property=\"og:site_name\" content=\"Farmaon\" \/>\n<meta property=\"article:modified_time\" content=\"2026-05-03T14:42:05+00:00\" \/>\n<meta property=\"og:image\" content=\"https:\/\/farmaon4.apptirana.al\/wp-content\/uploads\/2024\/01\/LIER0191.jpg\" \/>\n\t<meta property=\"og:image:width\" content=\"1080\" \/>\n\t<meta property=\"og:image:height\" content=\"1080\" \/>\n\t<meta property=\"og:image:type\" content=\"image\/jpeg\" \/>\n<meta name=\"twitter:card\" content=\"summary_large_image\" \/>\n<meta name=\"twitter:label1\" content=\"Price\" \/>\n\t<meta name=\"twitter:data1\" content=\"1875&nbsp;L\" \/>\n\t<meta name=\"twitter:label2\" content=\"Availability\" \/>\n\t<meta name=\"twitter:data2\" content=\"In stock\" \/>\n<script type=\"application\/ld+json\" class=\"yoast-schema-graph\">{\"@context\":\"https:\/\/schema.org\",\"@graph\":[{\"@type\":\"WebPage\",\"@id\":\"https:\/\/farmaon4.apptirana.al\/en\/produkt\/lierac-diopticerne-anti-puffiness-for-under-eyes\/\",\"url\":\"https:\/\/farmaon4.apptirana.al\/en\/produkt\/lierac-diopticerne-anti-puffiness-for-under-eyes\/\",\"name\":\"Lierac Diopticerne Anti-Puffiness for Under Eyes - Farmaon\",\"isPartOf\":{\"@id\":\"https:\/\/farmaon4.apptirana.al\/#website\"},\"primaryImageOfPage\":{\"@id\":\"https:\/\/farmaon4.apptirana.al\/en\/produkt\/lierac-diopticerne-anti-puffiness-for-under-eyes\/#primaryimage\"},\"image\":{\"@id\":\"https:\/\/farmaon4.apptirana.al\/en\/produkt\/lierac-diopticerne-anti-puffiness-for-under-eyes\/#primaryimage\"},\"thumbnailUrl\":\"https:\/\/farmaon4.apptirana.al\/wp-content\/uploads\/2024\/01\/LIER0191.jpg\",\"datePublished\":\"2024-01-22T00:01:24+00:00\",\"dateModified\":\"2026-05-03T14:42:05+00:00\",\"breadcrumb\":{\"@id\":\"https:\/\/farmaon4.apptirana.al\/en\/produkt\/lierac-diopticerne-anti-puffiness-for-under-eyes\/#breadcrumb\"},\"inLanguage\":\"en-US\",\"potentialAction\":[{\"@type\":\"ReadAction\",\"target\":[\"https:\/\/farmaon4.apptirana.al\/en\/produkt\/lierac-diopticerne-anti-puffiness-for-under-eyes\/\"]}]},{\"@type\":\"ImageObject\",\"inLanguage\":\"en-US\",\"@id\":\"https:\/\/farmaon4.apptirana.al\/en\/produkt\/lierac-diopticerne-anti-puffiness-for-under-eyes\/#primaryimage\",\"url\":\"https:\/\/farmaon4.apptirana.al\/wp-content\/uploads\/2024\/01\/LIER0191.jpg\",\"contentUrl\":\"https:\/\/farmaon4.apptirana.al\/wp-content\/uploads\/2024\/01\/LIER0191.jpg\",\"width\":1080,\"height\":1080},{\"@type\":\"BreadcrumbList\",\"@id\":\"https:\/\/farmaon4.apptirana.al\/en\/produkt\/lierac-diopticerne-anti-puffiness-for-under-eyes\/#breadcrumb\",\"itemListElement\":[{\"@type\":\"ListItem\",\"position\":1,\"name\":\"Home\",\"item\":\"https:\/\/farmaon4.apptirana.al\/en\/\"},{\"@type\":\"ListItem\",\"position\":2,\"name\":\"Shop\",\"item\":\"https:\/\/farmaon4.apptirana.al\/en\/shop-3\/\"},{\"@type\":\"ListItem\",\"position\":3,\"name\":\"Lierac Diopticerne Anti-Puffiness for Under Eyes\"}]},{\"@type\":\"WebSite\",\"@id\":\"https:\/\/farmaon4.apptirana.al\/#website\",\"url\":\"https:\/\/farmaon4.apptirana.al\/\",\"name\":\"Farmaon\",\"description\":\"Farmacia Juaj Online!\",\"publisher\":{\"@id\":\"https:\/\/farmaon4.apptirana.al\/#organization\"},\"potentialAction\":[{\"@type\":\"SearchAction\",\"target\":{\"@type\":\"EntryPoint\",\"urlTemplate\":\"https:\/\/farmaon4.apptirana.al\/?s={search_term_string}\"},\"query-input\":{\"@type\":\"PropertyValueSpecification\",\"valueRequired\":true,\"valueName\":\"search_term_string\"}}],\"inLanguage\":\"en-US\"},{\"@type\":\"Organization\",\"@id\":\"https:\/\/farmaon4.apptirana.al\/#organization\",\"name\":\"Farmaon\",\"url\":\"https:\/\/farmaon4.apptirana.al\/\",\"logo\":{\"@type\":\"ImageObject\",\"inLanguage\":\"en-US\",\"@id\":\"https:\/\/farmaon4.apptirana.al\/#\/schema\/logo\/image\/\",\"url\":\"https:\/\/farmaon4.apptirana.al\/wp-content\/uploads\/2024\/08\/7f987514-logo-farmaon.png\",\"contentUrl\":\"https:\/\/farmaon4.apptirana.al\/wp-content\/uploads\/2024\/08\/7f987514-logo-farmaon.png\",\"width\":219,\"height\":53,\"caption\":\"Farmaon\"},\"image\":{\"@id\":\"https:\/\/farmaon4.apptirana.al\/#\/schema\/logo\/image\/\"}}]}<\/script>\n<meta property=\"product:price:amount\" content=\"1875\" \/>\n<meta property=\"product:price:currency\" content=\"ALL\" \/>\n<meta property=\"og:availability\" content=\"instock\" \/>\n<meta property=\"product:availability\" content=\"instock\" \/>\n<meta property=\"product:retailer_item_id\" content=\"LIER015\" \/>\n<meta property=\"product:condition\" content=\"new\" \/>\n<!-- \/ Yoast SEO Premium plugin. -->","yoast_head_json":{"title":"Lierac Diopticerne Anti-Puffiness for Under Eyes - Farmaon","robots":{"index":"index","follow":"follow","max-snippet":"max-snippet:-1","max-image-preview":"max-image-preview:large","max-video-preview":"max-video-preview:-1"},"canonical":"https:\/\/farmaon4.apptirana.al\/en\/produkt\/lierac-diopticerne-anti-puffiness-for-under-eyes\/","og_locale":"en_US","og_type":"article","og_title":"Lierac Diopticerne Anti-Puffiness for Under Eyes","og_description":"Xhel q\u00eb vepron kund\u00ebr qeseve t\u00eb formuara posht\u00eb syve.  15ml","og_url":"https:\/\/farmaon4.apptirana.al\/en\/produkt\/lierac-diopticerne-anti-puffiness-for-under-eyes\/","og_site_name":"Farmaon","article_modified_time":"2026-05-03T14:42:05+00:00","og_image":[{"width":1080,"height":1080,"url":"https:\/\/farmaon4.apptirana.al\/wp-content\/uploads\/2024\/01\/LIER0191.jpg","type":"image\/jpeg"}],"twitter_card":"summary_large_image","twitter_misc":{"Price":"1875&nbsp;L","Availability":"In stock"},"schema":{"@context":"https:\/\/schema.org","@graph":[{"@type":"WebPage","@id":"https:\/\/farmaon4.apptirana.al\/en\/produkt\/lierac-diopticerne-anti-puffiness-for-under-eyes\/","url":"https:\/\/farmaon4.apptirana.al\/en\/produkt\/lierac-diopticerne-anti-puffiness-for-under-eyes\/","name":"Lierac Diopticerne Anti-Puffiness for Under Eyes - Farmaon","isPartOf":{"@id":"https:\/\/farmaon4.apptirana.al\/#website"},"primaryImageOfPage":{"@id":"https:\/\/farmaon4.apptirana.al\/en\/produkt\/lierac-diopticerne-anti-puffiness-for-under-eyes\/#primaryimage"},"image":{"@id":"https:\/\/farmaon4.apptirana.al\/en\/produkt\/lierac-diopticerne-anti-puffiness-for-under-eyes\/#primaryimage"},"thumbnailUrl":"https:\/\/farmaon4.apptirana.al\/wp-content\/uploads\/2024\/01\/LIER0191.jpg","datePublished":"2024-01-22T00:01:24+00:00","dateModified":"2026-05-03T14:42:05+00:00","breadcrumb":{"@id":"https:\/\/farmaon4.apptirana.al\/en\/produkt\/lierac-diopticerne-anti-puffiness-for-under-eyes\/#breadcrumb"},"inLanguage":"en-US","potentialAction":[{"@type":"ReadAction","target":["https:\/\/farmaon4.apptirana.al\/en\/produkt\/lierac-diopticerne-anti-puffiness-for-under-eyes\/"]}]},{"@type":"ImageObject","inLanguage":"en-US","@id":"https:\/\/farmaon4.apptirana.al\/en\/produkt\/lierac-diopticerne-anti-puffiness-for-under-eyes\/#primaryimage","url":"https:\/\/farmaon4.apptirana.al\/wp-content\/uploads\/2024\/01\/LIER0191.jpg","contentUrl":"https:\/\/farmaon4.apptirana.al\/wp-content\/uploads\/2024\/01\/LIER0191.jpg","width":1080,"height":1080},{"@type":"BreadcrumbList","@id":"https:\/\/farmaon4.apptirana.al\/en\/produkt\/lierac-diopticerne-anti-puffiness-for-under-eyes\/#breadcrumb","itemListElement":[{"@type":"ListItem","position":1,"name":"Home","item":"https:\/\/farmaon4.apptirana.al\/en\/"},{"@type":"ListItem","position":2,"name":"Shop","item":"https:\/\/farmaon4.apptirana.al\/en\/shop-3\/"},{"@type":"ListItem","position":3,"name":"Lierac Diopticerne Anti-Puffiness for Under Eyes"}]},{"@type":"WebSite","@id":"https:\/\/farmaon4.apptirana.al\/#website","url":"https:\/\/farmaon4.apptirana.al\/","name":"Farmaon","description":"Farmacia Juaj Online!","publisher":{"@id":"https:\/\/farmaon4.apptirana.al\/#organization"},"potentialAction":[{"@type":"SearchAction","target":{"@type":"EntryPoint","urlTemplate":"https:\/\/farmaon4.apptirana.al\/?s={search_term_string}"},"query-input":{"@type":"PropertyValueSpecification","valueRequired":true,"valueName":"search_term_string"}}],"inLanguage":"en-US"},{"@type":"Organization","@id":"https:\/\/farmaon4.apptirana.al\/#organization","name":"Farmaon","url":"https:\/\/farmaon4.apptirana.al\/","logo":{"@type":"ImageObject","inLanguage":"en-US","@id":"https:\/\/farmaon4.apptirana.al\/#\/schema\/logo\/image\/","url":"https:\/\/farmaon4.apptirana.al\/wp-content\/uploads\/2024\/08\/7f987514-logo-farmaon.png","contentUrl":"https:\/\/farmaon4.apptirana.al\/wp-content\/uploads\/2024\/08\/7f987514-logo-farmaon.png","width":219,"height":53,"caption":"Farmaon"},"image":{"@id":"https:\/\/farmaon4.apptirana.al\/#\/schema\/logo\/image\/"}}]},"product_price_amount":"1875","product_price_currency":"ALL","og_availability":"instock","product_availability":"instock","product_retailer_item_id":"LIER015","product_condition":"new"},"_links":{"self":[{"href":"https:\/\/farmaon4.apptirana.al\/en\/wp-json\/wp\/v2\/product\/424975","targetHints":{"allow":["GET"]}}],"collection":[{"href":"https:\/\/farmaon4.apptirana.al\/en\/wp-json\/wp\/v2\/product"}],"about":[{"href":"https:\/\/farmaon4.apptirana.al\/en\/wp-json\/wp\/v2\/types\/product"}],"version-history":[{"count":0,"href":"https:\/\/farmaon4.apptirana.al\/en\/wp-json\/wp\/v2\/product\/424975\/revisions"}],"wp:featuredmedia":[{"embeddable":true,"href":"https:\/\/farmaon4.apptirana.al\/en\/wp-json\/wp\/v2\/media\/458881"}],"wp:attachment":[{"href":"https:\/\/farmaon4.apptirana.al\/en\/wp-json\/wp\/v2\/media?parent=424975"}],"wp:term":[{"taxonomy":"product_brand","embeddable":true,"href":"https:\/\/farmaon4.apptirana.al\/en\/wp-json\/wp\/v2\/product_brand?post=424975"},{"taxonomy":"product_cat","embeddable":true,"href":"https:\/\/farmaon4.apptirana.al\/en\/wp-json\/wp\/v2\/product_cat?post=424975"},{"taxonomy":"product_tag","embeddable":true,"href":"https:\/\/farmaon4.apptirana.al\/en\/wp-json\/wp\/v2\/product_tag?post=424975"},{"taxonomy":"giftcard-category","embeddable":true,"href":"https:\/\/farmaon4.apptirana.al\/en\/wp-json\/wp\/v2\/giftcard-category?post=424975"}],"curies":[{"name":"wp","href":"https:\/\/api.w.org\/{rel}","templated":true}]}}