{"id":424976,"date":"2024-01-22T00:01:24","date_gmt":"2024-01-22T00:01:24","guid":{"rendered":"https:\/\/farmaon4.apptirana.al\/product\/lierac-homme-anti-wrinkle-repairing-fluid-moisturizing-soothing\/"},"modified":"2026-05-02T08:16:51","modified_gmt":"2026-05-02T07:16:51","slug":"lierac-homme-anti-wrinkle-repairing-fluid-moisturizing-soothing","status":"publish","type":"product","link":"https:\/\/farmaon4.apptirana.al\/en\/produkt\/lierac-homme-anti-wrinkle-repairing-fluid-moisturizing-soothing\/","title":{"rendered":"Lierac Homme Anti Wrinkle Repairing Fluid Moisturizing-Soothing"},"content":{"rendered":"<p>Formulim, i p\u00ebrshtatsh\u00ebm p\u00ebr \u00e7do lloj l\u00ebkure, madje dhe p\u00ebr l\u00ebkur\u00ebn m\u00eb t\u00eb ndjeshme.<br \/>\nPrania e retinolit, vitamin\u00ebs C dhe provitamin\u00ebs D nxit sintez\u00ebn e kolagjenit.<br \/>\nRrudhat mbushen dhe l\u00ebkura b\u00ebhet m\u00eb uniforme.<br \/>\nP\u00ebrmban kompleksin SKINPO\u00ebER5, me 5 minerale q\u00eb ushqejn\u00eb l\u00ebkur\u00ebn dhe zbehin shenjat e lodhjes.<br \/>\nNuk e l\u00eb l\u00ebkur\u00ebn t\u00eb yndyrshme.<br \/>\nTestuar dermatologjikisht.<br \/>\nJo komedogjenik.<\/p>\n","protected":false},"excerpt":{"rendered":"<p>Emulsion hidratues dhe anti-rrudh\u00eb p\u00ebr meshkuj<br \/>\n50ml<\/p>\n","protected":false},"featured_media":458877,"template":"","meta":{"_acf_changed":false},"product_brand":[],"product_cat":[50161,50044,55668,50153,50178],"product_tag":[50451,50630,50627,50632,46269,57874,55395,47779,50892,50637,58016,45960,57914,50555,50531],"giftcard-category":[],"class_list":{"0":"post-424976","1":"product","2":"type-product","3":"status-publish","4":"has-post-thumbnail","6":"product_cat-markat-english","7":"product_cat-dermokozmetike-english","8":"product_cat-face-dermokozmetike-english","9":"product_cat-lierac-english","10":"product_cat-meshkuj-english","11":"product_tag-te-rritur-en","12":"product_tag-per-cdo-lekure-en","13":"product_tag-anti-rrudhe-en","14":"product_tag-trajtim-dite-en","15":"product_tag-face","16":"product_tag-fytyra-en","17":"product_tag-hydrating-en","18":"product_tag-lierac","19":"product_tag-meshkuj-en","20":"product_tag-trajtim-nate-en","21":"product_tag-offers","23":"product_tag-retinol-en","24":"product_tag-vitamine-c-en","25":"product_tag-vitamine-d-en","27":"first","28":"instock","29":"sale","30":"taxable","31":"shipping-taxable","32":"purchasable","33":"product-type-simple"},"bundled_by":[],"bundle_stock_status":"instock","bundle_stock_quantity":3,"bundle_virtual":false,"bundle_layout":"","bundle_add_to_cart_form_location":"","bundle_editable_in_cart":false,"bundle_sold_individually_context":"","bundle_item_grouping":"","bundle_min_size":"","bundle_max_size":"","bundle_price":[],"bundled_items":[],"bundle_sell_ids":[],"acf":[],"yoast_head":"<!-- This site is optimized with the Yoast SEO Premium plugin v23.0 (Yoast SEO v26.0) - https:\/\/yoast.com\/wordpress\/plugins\/seo\/ -->\n<title>Lierac Homme Anti Wrinkle Repairing Fluid Moisturizing-Soothing - Farmaon<\/title>\n<meta name=\"robots\" content=\"index, follow, max-snippet:-1, max-image-preview:large, max-video-preview:-1\" \/>\n<link rel=\"canonical\" href=\"https:\/\/farmaon4.apptirana.al\/en\/produkt\/lierac-homme-anti-wrinkle-repairing-fluid-moisturizing-soothing\/\" \/>\n<meta property=\"og:locale\" content=\"en_US\" \/>\n<meta property=\"og:type\" content=\"article\" \/>\n<meta property=\"og:title\" content=\"Lierac Homme Anti Wrinkle Repairing Fluid Moisturizing-Soothing\" \/>\n<meta property=\"og:description\" content=\"Emulsion hidratues dhe anti-rrudh\u00eb p\u00ebr meshkuj 50ml\" \/>\n<meta property=\"og:url\" content=\"https:\/\/farmaon4.apptirana.al\/en\/produkt\/lierac-homme-anti-wrinkle-repairing-fluid-moisturizing-soothing\/\" \/>\n<meta property=\"og:site_name\" content=\"Farmaon\" \/>\n<meta property=\"article:modified_time\" content=\"2026-05-02T07:16:51+00:00\" \/>\n<meta property=\"og:image\" content=\"https:\/\/farmaon4.apptirana.al\/wp-content\/uploads\/2024\/01\/LIER019.jpg\" \/>\n\t<meta property=\"og:image:width\" content=\"1080\" \/>\n\t<meta property=\"og:image:height\" content=\"1080\" \/>\n\t<meta property=\"og:image:type\" content=\"image\/jpeg\" \/>\n<meta name=\"twitter:card\" content=\"summary_large_image\" \/>\n<meta name=\"twitter:label1\" content=\"Price\" \/>\n\t<meta name=\"twitter:data1\" content=\"3000&nbsp;L\" \/>\n\t<meta name=\"twitter:label2\" content=\"Availability\" \/>\n\t<meta name=\"twitter:data2\" content=\"In stock\" \/>\n<script type=\"application\/ld+json\" class=\"yoast-schema-graph\">{\"@context\":\"https:\/\/schema.org\",\"@graph\":[{\"@type\":\"WebPage\",\"@id\":\"https:\/\/farmaon4.apptirana.al\/en\/produkt\/lierac-homme-anti-wrinkle-repairing-fluid-moisturizing-soothing\/\",\"url\":\"https:\/\/farmaon4.apptirana.al\/en\/produkt\/lierac-homme-anti-wrinkle-repairing-fluid-moisturizing-soothing\/\",\"name\":\"Lierac Homme Anti Wrinkle Repairing Fluid Moisturizing-Soothing - Farmaon\",\"isPartOf\":{\"@id\":\"https:\/\/farmaon4.apptirana.al\/#website\"},\"primaryImageOfPage\":{\"@id\":\"https:\/\/farmaon4.apptirana.al\/en\/produkt\/lierac-homme-anti-wrinkle-repairing-fluid-moisturizing-soothing\/#primaryimage\"},\"image\":{\"@id\":\"https:\/\/farmaon4.apptirana.al\/en\/produkt\/lierac-homme-anti-wrinkle-repairing-fluid-moisturizing-soothing\/#primaryimage\"},\"thumbnailUrl\":\"https:\/\/farmaon4.apptirana.al\/wp-content\/uploads\/2024\/01\/LIER019.jpg\",\"datePublished\":\"2024-01-22T00:01:24+00:00\",\"dateModified\":\"2026-05-02T07:16:51+00:00\",\"breadcrumb\":{\"@id\":\"https:\/\/farmaon4.apptirana.al\/en\/produkt\/lierac-homme-anti-wrinkle-repairing-fluid-moisturizing-soothing\/#breadcrumb\"},\"inLanguage\":\"en-US\",\"potentialAction\":[{\"@type\":\"ReadAction\",\"target\":[\"https:\/\/farmaon4.apptirana.al\/en\/produkt\/lierac-homme-anti-wrinkle-repairing-fluid-moisturizing-soothing\/\"]}]},{\"@type\":\"ImageObject\",\"inLanguage\":\"en-US\",\"@id\":\"https:\/\/farmaon4.apptirana.al\/en\/produkt\/lierac-homme-anti-wrinkle-repairing-fluid-moisturizing-soothing\/#primaryimage\",\"url\":\"https:\/\/farmaon4.apptirana.al\/wp-content\/uploads\/2024\/01\/LIER019.jpg\",\"contentUrl\":\"https:\/\/farmaon4.apptirana.al\/wp-content\/uploads\/2024\/01\/LIER019.jpg\",\"width\":1080,\"height\":1080},{\"@type\":\"BreadcrumbList\",\"@id\":\"https:\/\/farmaon4.apptirana.al\/en\/produkt\/lierac-homme-anti-wrinkle-repairing-fluid-moisturizing-soothing\/#breadcrumb\",\"itemListElement\":[{\"@type\":\"ListItem\",\"position\":1,\"name\":\"Home\",\"item\":\"https:\/\/farmaon4.apptirana.al\/en\/\"},{\"@type\":\"ListItem\",\"position\":2,\"name\":\"Shop\",\"item\":\"https:\/\/farmaon4.apptirana.al\/en\/shop-3\/\"},{\"@type\":\"ListItem\",\"position\":3,\"name\":\"Lierac Homme Anti Wrinkle Repairing Fluid Moisturizing-Soothing\"}]},{\"@type\":\"WebSite\",\"@id\":\"https:\/\/farmaon4.apptirana.al\/#website\",\"url\":\"https:\/\/farmaon4.apptirana.al\/\",\"name\":\"Farmaon\",\"description\":\"Farmacia Juaj Online!\",\"publisher\":{\"@id\":\"https:\/\/farmaon4.apptirana.al\/#organization\"},\"potentialAction\":[{\"@type\":\"SearchAction\",\"target\":{\"@type\":\"EntryPoint\",\"urlTemplate\":\"https:\/\/farmaon4.apptirana.al\/?s={search_term_string}\"},\"query-input\":{\"@type\":\"PropertyValueSpecification\",\"valueRequired\":true,\"valueName\":\"search_term_string\"}}],\"inLanguage\":\"en-US\"},{\"@type\":\"Organization\",\"@id\":\"https:\/\/farmaon4.apptirana.al\/#organization\",\"name\":\"Farmaon\",\"url\":\"https:\/\/farmaon4.apptirana.al\/\",\"logo\":{\"@type\":\"ImageObject\",\"inLanguage\":\"en-US\",\"@id\":\"https:\/\/farmaon4.apptirana.al\/#\/schema\/logo\/image\/\",\"url\":\"https:\/\/farmaon4.apptirana.al\/wp-content\/uploads\/2024\/08\/7f987514-logo-farmaon.png\",\"contentUrl\":\"https:\/\/farmaon4.apptirana.al\/wp-content\/uploads\/2024\/08\/7f987514-logo-farmaon.png\",\"width\":219,\"height\":53,\"caption\":\"Farmaon\"},\"image\":{\"@id\":\"https:\/\/farmaon4.apptirana.al\/#\/schema\/logo\/image\/\"}}]}<\/script>\n<meta property=\"product:price:amount\" content=\"3000\" \/>\n<meta property=\"product:price:currency\" content=\"ALL\" \/>\n<meta property=\"og:availability\" content=\"instock\" \/>\n<meta property=\"product:availability\" content=\"instock\" \/>\n<meta property=\"product:retailer_item_id\" content=\"LIER019\" \/>\n<meta property=\"product:condition\" content=\"new\" \/>\n<!-- \/ Yoast SEO Premium plugin. -->","yoast_head_json":{"title":"Lierac Homme Anti Wrinkle Repairing Fluid Moisturizing-Soothing - Farmaon","robots":{"index":"index","follow":"follow","max-snippet":"max-snippet:-1","max-image-preview":"max-image-preview:large","max-video-preview":"max-video-preview:-1"},"canonical":"https:\/\/farmaon4.apptirana.al\/en\/produkt\/lierac-homme-anti-wrinkle-repairing-fluid-moisturizing-soothing\/","og_locale":"en_US","og_type":"article","og_title":"Lierac Homme Anti Wrinkle Repairing Fluid Moisturizing-Soothing","og_description":"Emulsion hidratues dhe anti-rrudh\u00eb p\u00ebr meshkuj 50ml","og_url":"https:\/\/farmaon4.apptirana.al\/en\/produkt\/lierac-homme-anti-wrinkle-repairing-fluid-moisturizing-soothing\/","og_site_name":"Farmaon","article_modified_time":"2026-05-02T07:16:51+00:00","og_image":[{"width":1080,"height":1080,"url":"https:\/\/farmaon4.apptirana.al\/wp-content\/uploads\/2024\/01\/LIER019.jpg","type":"image\/jpeg"}],"twitter_card":"summary_large_image","twitter_misc":{"Price":"3000&nbsp;L","Availability":"In stock"},"schema":{"@context":"https:\/\/schema.org","@graph":[{"@type":"WebPage","@id":"https:\/\/farmaon4.apptirana.al\/en\/produkt\/lierac-homme-anti-wrinkle-repairing-fluid-moisturizing-soothing\/","url":"https:\/\/farmaon4.apptirana.al\/en\/produkt\/lierac-homme-anti-wrinkle-repairing-fluid-moisturizing-soothing\/","name":"Lierac Homme Anti Wrinkle Repairing Fluid Moisturizing-Soothing - Farmaon","isPartOf":{"@id":"https:\/\/farmaon4.apptirana.al\/#website"},"primaryImageOfPage":{"@id":"https:\/\/farmaon4.apptirana.al\/en\/produkt\/lierac-homme-anti-wrinkle-repairing-fluid-moisturizing-soothing\/#primaryimage"},"image":{"@id":"https:\/\/farmaon4.apptirana.al\/en\/produkt\/lierac-homme-anti-wrinkle-repairing-fluid-moisturizing-soothing\/#primaryimage"},"thumbnailUrl":"https:\/\/farmaon4.apptirana.al\/wp-content\/uploads\/2024\/01\/LIER019.jpg","datePublished":"2024-01-22T00:01:24+00:00","dateModified":"2026-05-02T07:16:51+00:00","breadcrumb":{"@id":"https:\/\/farmaon4.apptirana.al\/en\/produkt\/lierac-homme-anti-wrinkle-repairing-fluid-moisturizing-soothing\/#breadcrumb"},"inLanguage":"en-US","potentialAction":[{"@type":"ReadAction","target":["https:\/\/farmaon4.apptirana.al\/en\/produkt\/lierac-homme-anti-wrinkle-repairing-fluid-moisturizing-soothing\/"]}]},{"@type":"ImageObject","inLanguage":"en-US","@id":"https:\/\/farmaon4.apptirana.al\/en\/produkt\/lierac-homme-anti-wrinkle-repairing-fluid-moisturizing-soothing\/#primaryimage","url":"https:\/\/farmaon4.apptirana.al\/wp-content\/uploads\/2024\/01\/LIER019.jpg","contentUrl":"https:\/\/farmaon4.apptirana.al\/wp-content\/uploads\/2024\/01\/LIER019.jpg","width":1080,"height":1080},{"@type":"BreadcrumbList","@id":"https:\/\/farmaon4.apptirana.al\/en\/produkt\/lierac-homme-anti-wrinkle-repairing-fluid-moisturizing-soothing\/#breadcrumb","itemListElement":[{"@type":"ListItem","position":1,"name":"Home","item":"https:\/\/farmaon4.apptirana.al\/en\/"},{"@type":"ListItem","position":2,"name":"Shop","item":"https:\/\/farmaon4.apptirana.al\/en\/shop-3\/"},{"@type":"ListItem","position":3,"name":"Lierac Homme Anti Wrinkle Repairing Fluid Moisturizing-Soothing"}]},{"@type":"WebSite","@id":"https:\/\/farmaon4.apptirana.al\/#website","url":"https:\/\/farmaon4.apptirana.al\/","name":"Farmaon","description":"Farmacia Juaj Online!","publisher":{"@id":"https:\/\/farmaon4.apptirana.al\/#organization"},"potentialAction":[{"@type":"SearchAction","target":{"@type":"EntryPoint","urlTemplate":"https:\/\/farmaon4.apptirana.al\/?s={search_term_string}"},"query-input":{"@type":"PropertyValueSpecification","valueRequired":true,"valueName":"search_term_string"}}],"inLanguage":"en-US"},{"@type":"Organization","@id":"https:\/\/farmaon4.apptirana.al\/#organization","name":"Farmaon","url":"https:\/\/farmaon4.apptirana.al\/","logo":{"@type":"ImageObject","inLanguage":"en-US","@id":"https:\/\/farmaon4.apptirana.al\/#\/schema\/logo\/image\/","url":"https:\/\/farmaon4.apptirana.al\/wp-content\/uploads\/2024\/08\/7f987514-logo-farmaon.png","contentUrl":"https:\/\/farmaon4.apptirana.al\/wp-content\/uploads\/2024\/08\/7f987514-logo-farmaon.png","width":219,"height":53,"caption":"Farmaon"},"image":{"@id":"https:\/\/farmaon4.apptirana.al\/#\/schema\/logo\/image\/"}}]},"product_price_amount":"3000","product_price_currency":"ALL","og_availability":"instock","product_availability":"instock","product_retailer_item_id":"LIER019","product_condition":"new"},"_links":{"self":[{"href":"https:\/\/farmaon4.apptirana.al\/en\/wp-json\/wp\/v2\/product\/424976","targetHints":{"allow":["GET"]}}],"collection":[{"href":"https:\/\/farmaon4.apptirana.al\/en\/wp-json\/wp\/v2\/product"}],"about":[{"href":"https:\/\/farmaon4.apptirana.al\/en\/wp-json\/wp\/v2\/types\/product"}],"version-history":[{"count":0,"href":"https:\/\/farmaon4.apptirana.al\/en\/wp-json\/wp\/v2\/product\/424976\/revisions"}],"wp:featuredmedia":[{"embeddable":true,"href":"https:\/\/farmaon4.apptirana.al\/en\/wp-json\/wp\/v2\/media\/458877"}],"wp:attachment":[{"href":"https:\/\/farmaon4.apptirana.al\/en\/wp-json\/wp\/v2\/media?parent=424976"}],"wp:term":[{"taxonomy":"product_brand","embeddable":true,"href":"https:\/\/farmaon4.apptirana.al\/en\/wp-json\/wp\/v2\/product_brand?post=424976"},{"taxonomy":"product_cat","embeddable":true,"href":"https:\/\/farmaon4.apptirana.al\/en\/wp-json\/wp\/v2\/product_cat?post=424976"},{"taxonomy":"product_tag","embeddable":true,"href":"https:\/\/farmaon4.apptirana.al\/en\/wp-json\/wp\/v2\/product_tag?post=424976"},{"taxonomy":"giftcard-category","embeddable":true,"href":"https:\/\/farmaon4.apptirana.al\/en\/wp-json\/wp\/v2\/giftcard-category?post=424976"}],"curies":[{"name":"wp","href":"https:\/\/api.w.org\/{rel}","templated":true}]}}