{"id":424983,"date":"2024-01-22T00:01:22","date_gmt":"2024-01-22T00:01:22","guid":{"rendered":"https:\/\/farmaon4.apptirana.al\/product\/lierac-hydragenist-moisturizing-serum\/"},"modified":"2026-04-07T05:08:11","modified_gmt":"2026-04-07T04:08:11","slug":"lierac-hydragenist-moisturizing-serum","status":"publish","type":"product","link":"https:\/\/farmaon4.apptirana.al\/en\/produkt\/lierac-hydragenist-moisturizing-serum\/","title":{"rendered":"Lierac Hydragenist Moisturizing Serum"},"content":{"rendered":"<p>Fomulim q\u00eb ushqen l\u00ebkur\u00ebn dhe zbeh rrudhat e para.<br \/>\nMe kompleksin Hydra O2 n\u00eb p\u00ebrmbajtje, t\u00eb p\u00ebrb\u00ebr\u00eb nga kombinimi i p\u00ebrb\u00ebr\u00ebsve t\u00eb m\u00ebposht\u00ebm:<\/p>\n<p>&#8211; Biomimetik oksigjen &#8211; nj\u00eb kompleks me origjin\u00eb vullkanike i pasur me magnez q\u00eb imiton efektin e oksigjenit n\u00eb nxitjen e metabolizmit dhe hidratimin e l\u00ebkur\u00ebs;<br \/>\n&#8211; Acid hialuronik, qe ka veti t\u00eb mbaj\u00eb ujin n\u00eb sasi shum\u00eb m\u00eb t\u00eb madhe se pesha e tij, duke rritur hidratimin e l\u00ebkur\u00ebs.<br \/>\n-Kompleks vitaminash e mineralesh dhe ekstrakt t\u00eb gjethes s\u00eb bim\u00ebs Vermonia q\u00eb ushqejn\u00eb l\u00ebkur\u00ebn.<br \/>\nEkstraktet ujore te tr\u00ebndafilit, jasmin\u00ebs dhe gardenias i japin k\u00ebtij serumi nj\u00eb arom\u00eb t\u00eb k\u00ebndshme dhe l\u00ebn\u00eb n\u00eb l\u00ebkur\u00eb nj\u00eb ndjesi freskie.<br \/>\nPa parabene.<br \/>\nJo komedogjenik.<br \/>\nI testuar dermatologjikisht.<\/p>\n","protected":false},"excerpt":{"rendered":"<p>Serum hidratues p\u00ebr \u00e7do lloj l\u00ebkure<br \/>\n30ml<\/p>\n","protected":false},"featured_media":458894,"template":"","meta":{"_acf_changed":false},"product_brand":[],"product_cat":[49981,50161,50044,55668,50153,50099],"product_tag":[50451,50630,57893,46023,50627,50632,46269,57874,50577,50898,55395,47779,50637,58016,45960,50570,45962,57886,57908,50490],"giftcard-category":[],"class_list":{"0":"post-424983","1":"product","2":"type-product","3":"status-publish","4":"has-post-thumbnail","6":"product_cat-anti-age-dhe-anti-rrudhe-english","7":"product_cat-markat-english","8":"product_cat-dermokozmetike-english","9":"product_cat-face-dermokozmetike-english","10":"product_cat-lierac-english","11":"product_cat-hidratimi-dhe-ushqimi-english","12":"product_tag-te-rritur-en","13":"product_tag-per-cdo-lekure-en","14":"product_tag-anti-age-en","15":"product_tag-anti-age","16":"product_tag-anti-rrudhe-en","17":"product_tag-trajtim-dite-en","18":"product_tag-face","19":"product_tag-fytyra-en","20":"product_tag-acid-hialuronik-en","21":"product_tag-hidragenist-en","22":"product_tag-hydrating-en","23":"product_tag-lierac","24":"product_tag-trajtim-nate-en","25":"product_tag-offers","27":"product_tag-pa-parabene-en","28":"product_tag-serum","29":"product_tag-serum-en","30":"product_tag-ushqyes-en","31":"product_tag-femra-en","33":"first","34":"instock","35":"sale","36":"taxable","37":"shipping-taxable","38":"purchasable","39":"product-type-simple"},"bundled_by":["481971"],"bundle_stock_status":"instock","bundle_stock_quantity":3,"bundle_virtual":false,"bundle_layout":"","bundle_add_to_cart_form_location":"","bundle_editable_in_cart":false,"bundle_sold_individually_context":"","bundle_item_grouping":"","bundle_min_size":"","bundle_max_size":"","bundle_price":[],"bundled_items":[],"bundle_sell_ids":[],"acf":[],"yoast_head":"<!-- This site is optimized with the Yoast SEO Premium plugin v23.0 (Yoast SEO v26.0) - https:\/\/yoast.com\/wordpress\/plugins\/seo\/ -->\n<title>Lierac Hydragenist Moisturizing Serum - Farmaon<\/title>\n<meta name=\"robots\" content=\"index, follow, max-snippet:-1, max-image-preview:large, max-video-preview:-1\" \/>\n<link rel=\"canonical\" href=\"https:\/\/farmaon4.apptirana.al\/en\/produkt\/lierac-hydragenist-moisturizing-serum\/\" \/>\n<meta property=\"og:locale\" content=\"en_US\" \/>\n<meta property=\"og:type\" content=\"article\" \/>\n<meta property=\"og:title\" content=\"Lierac Hydragenist Moisturizing Serum\" \/>\n<meta property=\"og:description\" content=\"Serum hidratues p\u00ebr \u00e7do lloj l\u00ebkure 30ml\" \/>\n<meta property=\"og:url\" content=\"https:\/\/farmaon4.apptirana.al\/en\/produkt\/lierac-hydragenist-moisturizing-serum\/\" \/>\n<meta property=\"og:site_name\" content=\"Farmaon\" \/>\n<meta property=\"article:modified_time\" content=\"2026-04-07T04:08:11+00:00\" \/>\n<meta property=\"og:image\" content=\"https:\/\/farmaon4.apptirana.al\/wp-content\/uploads\/2024\/01\/LIER101.jpg\" \/>\n\t<meta property=\"og:image:width\" content=\"1080\" \/>\n\t<meta property=\"og:image:height\" content=\"1080\" \/>\n\t<meta property=\"og:image:type\" content=\"image\/jpeg\" \/>\n<meta name=\"twitter:card\" content=\"summary_large_image\" \/>\n<meta name=\"twitter:label1\" content=\"Price\" \/>\n\t<meta name=\"twitter:data1\" content=\"5078&nbsp;L\" \/>\n\t<meta name=\"twitter:label2\" content=\"Availability\" \/>\n\t<meta name=\"twitter:data2\" content=\"In stock\" \/>\n<script type=\"application\/ld+json\" class=\"yoast-schema-graph\">{\"@context\":\"https:\/\/schema.org\",\"@graph\":[{\"@type\":\"WebPage\",\"@id\":\"https:\/\/farmaon4.apptirana.al\/en\/produkt\/lierac-hydragenist-moisturizing-serum\/\",\"url\":\"https:\/\/farmaon4.apptirana.al\/en\/produkt\/lierac-hydragenist-moisturizing-serum\/\",\"name\":\"Lierac Hydragenist Moisturizing Serum - Farmaon\",\"isPartOf\":{\"@id\":\"https:\/\/farmaon4.apptirana.al\/#website\"},\"primaryImageOfPage\":{\"@id\":\"https:\/\/farmaon4.apptirana.al\/en\/produkt\/lierac-hydragenist-moisturizing-serum\/#primaryimage\"},\"image\":{\"@id\":\"https:\/\/farmaon4.apptirana.al\/en\/produkt\/lierac-hydragenist-moisturizing-serum\/#primaryimage\"},\"thumbnailUrl\":\"https:\/\/farmaon4.apptirana.al\/wp-content\/uploads\/2024\/01\/LIER101.jpg\",\"datePublished\":\"2024-01-22T00:01:22+00:00\",\"dateModified\":\"2026-04-07T04:08:11+00:00\",\"breadcrumb\":{\"@id\":\"https:\/\/farmaon4.apptirana.al\/en\/produkt\/lierac-hydragenist-moisturizing-serum\/#breadcrumb\"},\"inLanguage\":\"en-US\",\"potentialAction\":[{\"@type\":\"ReadAction\",\"target\":[\"https:\/\/farmaon4.apptirana.al\/en\/produkt\/lierac-hydragenist-moisturizing-serum\/\"]}]},{\"@type\":\"ImageObject\",\"inLanguage\":\"en-US\",\"@id\":\"https:\/\/farmaon4.apptirana.al\/en\/produkt\/lierac-hydragenist-moisturizing-serum\/#primaryimage\",\"url\":\"https:\/\/farmaon4.apptirana.al\/wp-content\/uploads\/2024\/01\/LIER101.jpg\",\"contentUrl\":\"https:\/\/farmaon4.apptirana.al\/wp-content\/uploads\/2024\/01\/LIER101.jpg\",\"width\":1080,\"height\":1080},{\"@type\":\"BreadcrumbList\",\"@id\":\"https:\/\/farmaon4.apptirana.al\/en\/produkt\/lierac-hydragenist-moisturizing-serum\/#breadcrumb\",\"itemListElement\":[{\"@type\":\"ListItem\",\"position\":1,\"name\":\"Home\",\"item\":\"https:\/\/farmaon4.apptirana.al\/en\/\"},{\"@type\":\"ListItem\",\"position\":2,\"name\":\"Shop\",\"item\":\"https:\/\/farmaon4.apptirana.al\/en\/shop-3\/\"},{\"@type\":\"ListItem\",\"position\":3,\"name\":\"Lierac Hydragenist Moisturizing Serum\"}]},{\"@type\":\"WebSite\",\"@id\":\"https:\/\/farmaon4.apptirana.al\/#website\",\"url\":\"https:\/\/farmaon4.apptirana.al\/\",\"name\":\"Farmaon\",\"description\":\"Farmacia Juaj Online!\",\"publisher\":{\"@id\":\"https:\/\/farmaon4.apptirana.al\/#organization\"},\"potentialAction\":[{\"@type\":\"SearchAction\",\"target\":{\"@type\":\"EntryPoint\",\"urlTemplate\":\"https:\/\/farmaon4.apptirana.al\/?s={search_term_string}\"},\"query-input\":{\"@type\":\"PropertyValueSpecification\",\"valueRequired\":true,\"valueName\":\"search_term_string\"}}],\"inLanguage\":\"en-US\"},{\"@type\":\"Organization\",\"@id\":\"https:\/\/farmaon4.apptirana.al\/#organization\",\"name\":\"Farmaon\",\"url\":\"https:\/\/farmaon4.apptirana.al\/\",\"logo\":{\"@type\":\"ImageObject\",\"inLanguage\":\"en-US\",\"@id\":\"https:\/\/farmaon4.apptirana.al\/#\/schema\/logo\/image\/\",\"url\":\"https:\/\/farmaon4.apptirana.al\/wp-content\/uploads\/2024\/08\/7f987514-logo-farmaon.png\",\"contentUrl\":\"https:\/\/farmaon4.apptirana.al\/wp-content\/uploads\/2024\/08\/7f987514-logo-farmaon.png\",\"width\":219,\"height\":53,\"caption\":\"Farmaon\"},\"image\":{\"@id\":\"https:\/\/farmaon4.apptirana.al\/#\/schema\/logo\/image\/\"}}]}<\/script>\n<meta property=\"product:price:amount\" content=\"5078\" \/>\n<meta property=\"product:price:currency\" content=\"ALL\" \/>\n<meta property=\"og:availability\" content=\"instock\" \/>\n<meta property=\"product:availability\" content=\"instock\" \/>\n<meta property=\"product:retailer_item_id\" content=\"LIER101\" \/>\n<meta property=\"product:condition\" content=\"new\" \/>\n<!-- \/ Yoast SEO Premium plugin. -->","yoast_head_json":{"title":"Lierac Hydragenist Moisturizing Serum - Farmaon","robots":{"index":"index","follow":"follow","max-snippet":"max-snippet:-1","max-image-preview":"max-image-preview:large","max-video-preview":"max-video-preview:-1"},"canonical":"https:\/\/farmaon4.apptirana.al\/en\/produkt\/lierac-hydragenist-moisturizing-serum\/","og_locale":"en_US","og_type":"article","og_title":"Lierac Hydragenist Moisturizing Serum","og_description":"Serum hidratues p\u00ebr \u00e7do lloj l\u00ebkure 30ml","og_url":"https:\/\/farmaon4.apptirana.al\/en\/produkt\/lierac-hydragenist-moisturizing-serum\/","og_site_name":"Farmaon","article_modified_time":"2026-04-07T04:08:11+00:00","og_image":[{"width":1080,"height":1080,"url":"https:\/\/farmaon4.apptirana.al\/wp-content\/uploads\/2024\/01\/LIER101.jpg","type":"image\/jpeg"}],"twitter_card":"summary_large_image","twitter_misc":{"Price":"5078&nbsp;L","Availability":"In stock"},"schema":{"@context":"https:\/\/schema.org","@graph":[{"@type":"WebPage","@id":"https:\/\/farmaon4.apptirana.al\/en\/produkt\/lierac-hydragenist-moisturizing-serum\/","url":"https:\/\/farmaon4.apptirana.al\/en\/produkt\/lierac-hydragenist-moisturizing-serum\/","name":"Lierac Hydragenist Moisturizing Serum - Farmaon","isPartOf":{"@id":"https:\/\/farmaon4.apptirana.al\/#website"},"primaryImageOfPage":{"@id":"https:\/\/farmaon4.apptirana.al\/en\/produkt\/lierac-hydragenist-moisturizing-serum\/#primaryimage"},"image":{"@id":"https:\/\/farmaon4.apptirana.al\/en\/produkt\/lierac-hydragenist-moisturizing-serum\/#primaryimage"},"thumbnailUrl":"https:\/\/farmaon4.apptirana.al\/wp-content\/uploads\/2024\/01\/LIER101.jpg","datePublished":"2024-01-22T00:01:22+00:00","dateModified":"2026-04-07T04:08:11+00:00","breadcrumb":{"@id":"https:\/\/farmaon4.apptirana.al\/en\/produkt\/lierac-hydragenist-moisturizing-serum\/#breadcrumb"},"inLanguage":"en-US","potentialAction":[{"@type":"ReadAction","target":["https:\/\/farmaon4.apptirana.al\/en\/produkt\/lierac-hydragenist-moisturizing-serum\/"]}]},{"@type":"ImageObject","inLanguage":"en-US","@id":"https:\/\/farmaon4.apptirana.al\/en\/produkt\/lierac-hydragenist-moisturizing-serum\/#primaryimage","url":"https:\/\/farmaon4.apptirana.al\/wp-content\/uploads\/2024\/01\/LIER101.jpg","contentUrl":"https:\/\/farmaon4.apptirana.al\/wp-content\/uploads\/2024\/01\/LIER101.jpg","width":1080,"height":1080},{"@type":"BreadcrumbList","@id":"https:\/\/farmaon4.apptirana.al\/en\/produkt\/lierac-hydragenist-moisturizing-serum\/#breadcrumb","itemListElement":[{"@type":"ListItem","position":1,"name":"Home","item":"https:\/\/farmaon4.apptirana.al\/en\/"},{"@type":"ListItem","position":2,"name":"Shop","item":"https:\/\/farmaon4.apptirana.al\/en\/shop-3\/"},{"@type":"ListItem","position":3,"name":"Lierac Hydragenist Moisturizing Serum"}]},{"@type":"WebSite","@id":"https:\/\/farmaon4.apptirana.al\/#website","url":"https:\/\/farmaon4.apptirana.al\/","name":"Farmaon","description":"Farmacia Juaj Online!","publisher":{"@id":"https:\/\/farmaon4.apptirana.al\/#organization"},"potentialAction":[{"@type":"SearchAction","target":{"@type":"EntryPoint","urlTemplate":"https:\/\/farmaon4.apptirana.al\/?s={search_term_string}"},"query-input":{"@type":"PropertyValueSpecification","valueRequired":true,"valueName":"search_term_string"}}],"inLanguage":"en-US"},{"@type":"Organization","@id":"https:\/\/farmaon4.apptirana.al\/#organization","name":"Farmaon","url":"https:\/\/farmaon4.apptirana.al\/","logo":{"@type":"ImageObject","inLanguage":"en-US","@id":"https:\/\/farmaon4.apptirana.al\/#\/schema\/logo\/image\/","url":"https:\/\/farmaon4.apptirana.al\/wp-content\/uploads\/2024\/08\/7f987514-logo-farmaon.png","contentUrl":"https:\/\/farmaon4.apptirana.al\/wp-content\/uploads\/2024\/08\/7f987514-logo-farmaon.png","width":219,"height":53,"caption":"Farmaon"},"image":{"@id":"https:\/\/farmaon4.apptirana.al\/#\/schema\/logo\/image\/"}}]},"product_price_amount":"5078","product_price_currency":"ALL","og_availability":"instock","product_availability":"instock","product_retailer_item_id":"LIER101","product_condition":"new"},"_links":{"self":[{"href":"https:\/\/farmaon4.apptirana.al\/en\/wp-json\/wp\/v2\/product\/424983","targetHints":{"allow":["GET"]}}],"collection":[{"href":"https:\/\/farmaon4.apptirana.al\/en\/wp-json\/wp\/v2\/product"}],"about":[{"href":"https:\/\/farmaon4.apptirana.al\/en\/wp-json\/wp\/v2\/types\/product"}],"version-history":[{"count":0,"href":"https:\/\/farmaon4.apptirana.al\/en\/wp-json\/wp\/v2\/product\/424983\/revisions"}],"wp:featuredmedia":[{"embeddable":true,"href":"https:\/\/farmaon4.apptirana.al\/en\/wp-json\/wp\/v2\/media\/458894"}],"wp:attachment":[{"href":"https:\/\/farmaon4.apptirana.al\/en\/wp-json\/wp\/v2\/media?parent=424983"}],"wp:term":[{"taxonomy":"product_brand","embeddable":true,"href":"https:\/\/farmaon4.apptirana.al\/en\/wp-json\/wp\/v2\/product_brand?post=424983"},{"taxonomy":"product_cat","embeddable":true,"href":"https:\/\/farmaon4.apptirana.al\/en\/wp-json\/wp\/v2\/product_cat?post=424983"},{"taxonomy":"product_tag","embeddable":true,"href":"https:\/\/farmaon4.apptirana.al\/en\/wp-json\/wp\/v2\/product_tag?post=424983"},{"taxonomy":"giftcard-category","embeddable":true,"href":"https:\/\/farmaon4.apptirana.al\/en\/wp-json\/wp\/v2\/giftcard-category?post=424983"}],"curies":[{"name":"wp","href":"https:\/\/api.w.org\/{rel}","templated":true}]}}