{"id":425387,"date":"2024-01-21T23:56:01","date_gmt":"2024-01-21T23:56:01","guid":{"rendered":"https:\/\/farmaon4.apptirana.al\/product\/vichy-capital-soleil-emulsion-toucher-sec-teintee-spf-50\/"},"modified":"2026-04-29T18:42:40","modified_gmt":"2026-04-29T17:42:40","slug":"vichy-capital-soleil-emulsion-toucher-sec-teintee-spf-50","status":"publish","type":"product","link":"https:\/\/farmaon4.apptirana.al\/en\/produkt\/vichy-capital-soleil-emulsion-toucher-sec-teintee-spf-50\/","title":{"rendered":"Vichy Capital Soleil \u00c9mulsion Toucher Sec Teint\u00e9e SPF 50"},"content":{"rendered":"<p>Vichy Capital Soleil \u00c9mulsion Toucher Sec Teint\u00e9e SPF 50 50ml with light and anti-shine texture is a high sun protection that acts efficiently thanks to its UVA and UVB filtering system with Mexoryl XL + minerals that protect the DNA.<br \/>\n This emulsion allows to fight against sunburns, pigment irregularities and premature aging.<br \/>\nIts BB tinted formula enhances and illuminates the complexion.<br \/>\nRich in Vichy Thermal Water with soothing and toning properties.<br \/>\nParaben-free.<br \/>\n Hypoallergenic.<\/p>\n","protected":false},"excerpt":{"rendered":"<p>Tinted emulsion for a high sun protection with SPF 50+50 ml<\/p>\n","protected":false},"featured_media":154410,"template":"","meta":{"_acf_changed":false},"product_brand":[],"product_cat":[50161,50044,50089,50090,50173],"product_tag":[50745,50473,46269,57874,46797,46203,57907,58016,45960,50570,50466,50464,57873,46209,50489,50470,50490],"giftcard-category":[],"class_list":{"0":"post-425387","1":"product","2":"type-product","3":"status-publish","4":"has-post-thumbnail","6":"product_cat-markat-english","7":"product_cat-dermokozmetike-english","8":"product_cat-face-lips","9":"product_cat-fytyra-make-up-english","10":"product_cat-mbrojtje-nga-dielli-english","11":"product_tag-lekure-mikse-en","12":"product_tag-mbulues-en","13":"product_tag-face","14":"product_tag-fytyra-en","15":"product_tag-hipoalergjik","16":"product_tag-lekure-normale-ne-mikse","17":"product_tag-lekure-normale-ne-mikse-en","18":"product_tag-offers","20":"product_tag-pa-parabene-en","21":"product_tag-mbrojtes-en","22":"product_tag-i-thjeshte-en","23":"product_tag-spf-50-en","24":"product_tag-spf-50","25":"product_tag-faktor-mbrojtes-ndaj-diellit-en","26":"product_tag-uje-termal-en","27":"product_tag-femra-en","29":"first","30":"instock","31":"sale","32":"taxable","33":"shipping-taxable","34":"purchasable","35":"product-type-simple"},"bundled_by":[],"bundle_stock_status":"instock","bundle_stock_quantity":18,"bundle_virtual":false,"bundle_layout":"","bundle_add_to_cart_form_location":"","bundle_editable_in_cart":false,"bundle_sold_individually_context":"","bundle_item_grouping":"","bundle_min_size":"","bundle_max_size":"","bundle_price":[],"bundled_items":[],"bundle_sell_ids":[],"acf":[],"yoast_head":"<!-- This site is optimized with the Yoast SEO Premium plugin v23.0 (Yoast SEO v26.0) - https:\/\/yoast.com\/wordpress\/plugins\/seo\/ -->\n<title>Vichy Capital Soleil \u00c9mulsion Toucher Sec Teint\u00e9e SPF 50 - Farmaon<\/title>\n<meta name=\"robots\" content=\"index, follow, max-snippet:-1, max-image-preview:large, max-video-preview:-1\" \/>\n<link rel=\"canonical\" href=\"https:\/\/farmaon4.apptirana.al\/en\/produkt\/vichy-capital-soleil-emulsion-toucher-sec-teintee-spf-50\/\" \/>\n<meta property=\"og:locale\" content=\"en_US\" \/>\n<meta property=\"og:type\" content=\"article\" \/>\n<meta property=\"og:title\" content=\"Vichy Capital Soleil \u00c9mulsion Toucher Sec Teint\u00e9e SPF 50\" \/>\n<meta property=\"og:description\" content=\"Tinted emulsion for a high sun protection with SPF 50+50 ml\" \/>\n<meta property=\"og:url\" content=\"https:\/\/farmaon4.apptirana.al\/en\/produkt\/vichy-capital-soleil-emulsion-toucher-sec-teintee-spf-50\/\" \/>\n<meta property=\"og:site_name\" content=\"Farmaon\" \/>\n<meta property=\"article:modified_time\" content=\"2026-04-29T17:42:40+00:00\" \/>\n<meta property=\"og:image\" content=\"https:\/\/farmaon4.apptirana.al\/wp-content\/uploads\/2023\/12\/2f66e3b4-vichy-bb.jpg\" \/>\n\t<meta property=\"og:image:width\" content=\"1280\" \/>\n\t<meta property=\"og:image:height\" content=\"1280\" \/>\n\t<meta property=\"og:image:type\" content=\"image\/jpeg\" \/>\n<meta name=\"twitter:card\" content=\"summary_large_image\" \/>\n<meta name=\"twitter:label1\" content=\"Price\" \/>\n\t<meta name=\"twitter:data1\" content=\"2100&nbsp;L\" \/>\n\t<meta name=\"twitter:label2\" content=\"Availability\" \/>\n\t<meta name=\"twitter:data2\" content=\"In stock\" \/>\n<script type=\"application\/ld+json\" class=\"yoast-schema-graph\">{\"@context\":\"https:\/\/schema.org\",\"@graph\":[{\"@type\":\"WebPage\",\"@id\":\"https:\/\/farmaon4.apptirana.al\/en\/produkt\/vichy-capital-soleil-emulsion-toucher-sec-teintee-spf-50\/\",\"url\":\"https:\/\/farmaon4.apptirana.al\/en\/produkt\/vichy-capital-soleil-emulsion-toucher-sec-teintee-spf-50\/\",\"name\":\"Vichy Capital Soleil \u00c9mulsion Toucher Sec Teint\u00e9e SPF 50 - Farmaon\",\"isPartOf\":{\"@id\":\"https:\/\/farmaon4.apptirana.al\/#website\"},\"primaryImageOfPage\":{\"@id\":\"https:\/\/farmaon4.apptirana.al\/en\/produkt\/vichy-capital-soleil-emulsion-toucher-sec-teintee-spf-50\/#primaryimage\"},\"image\":{\"@id\":\"https:\/\/farmaon4.apptirana.al\/en\/produkt\/vichy-capital-soleil-emulsion-toucher-sec-teintee-spf-50\/#primaryimage\"},\"thumbnailUrl\":\"https:\/\/farmaon4.apptirana.al\/wp-content\/uploads\/2023\/12\/2f66e3b4-vichy-bb.jpg\",\"datePublished\":\"2024-01-21T23:56:01+00:00\",\"dateModified\":\"2026-04-29T17:42:40+00:00\",\"breadcrumb\":{\"@id\":\"https:\/\/farmaon4.apptirana.al\/en\/produkt\/vichy-capital-soleil-emulsion-toucher-sec-teintee-spf-50\/#breadcrumb\"},\"inLanguage\":\"en-US\",\"potentialAction\":[{\"@type\":\"ReadAction\",\"target\":[\"https:\/\/farmaon4.apptirana.al\/en\/produkt\/vichy-capital-soleil-emulsion-toucher-sec-teintee-spf-50\/\"]}]},{\"@type\":\"ImageObject\",\"inLanguage\":\"en-US\",\"@id\":\"https:\/\/farmaon4.apptirana.al\/en\/produkt\/vichy-capital-soleil-emulsion-toucher-sec-teintee-spf-50\/#primaryimage\",\"url\":\"https:\/\/farmaon4.apptirana.al\/wp-content\/uploads\/2023\/12\/2f66e3b4-vichy-bb.jpg\",\"contentUrl\":\"https:\/\/farmaon4.apptirana.al\/wp-content\/uploads\/2023\/12\/2f66e3b4-vichy-bb.jpg\",\"width\":1280,\"height\":1280},{\"@type\":\"BreadcrumbList\",\"@id\":\"https:\/\/farmaon4.apptirana.al\/en\/produkt\/vichy-capital-soleil-emulsion-toucher-sec-teintee-spf-50\/#breadcrumb\",\"itemListElement\":[{\"@type\":\"ListItem\",\"position\":1,\"name\":\"Home\",\"item\":\"https:\/\/farmaon4.apptirana.al\/en\/\"},{\"@type\":\"ListItem\",\"position\":2,\"name\":\"Shop\",\"item\":\"https:\/\/farmaon4.apptirana.al\/en\/shop-3\/\"},{\"@type\":\"ListItem\",\"position\":3,\"name\":\"Vichy Capital Soleil \u00c9mulsion Toucher Sec Teint\u00e9e SPF 50\"}]},{\"@type\":\"WebSite\",\"@id\":\"https:\/\/farmaon4.apptirana.al\/#website\",\"url\":\"https:\/\/farmaon4.apptirana.al\/\",\"name\":\"Farmaon\",\"description\":\"Farmacia Juaj Online!\",\"publisher\":{\"@id\":\"https:\/\/farmaon4.apptirana.al\/#organization\"},\"potentialAction\":[{\"@type\":\"SearchAction\",\"target\":{\"@type\":\"EntryPoint\",\"urlTemplate\":\"https:\/\/farmaon4.apptirana.al\/?s={search_term_string}\"},\"query-input\":{\"@type\":\"PropertyValueSpecification\",\"valueRequired\":true,\"valueName\":\"search_term_string\"}}],\"inLanguage\":\"en-US\"},{\"@type\":\"Organization\",\"@id\":\"https:\/\/farmaon4.apptirana.al\/#organization\",\"name\":\"Farmaon\",\"url\":\"https:\/\/farmaon4.apptirana.al\/\",\"logo\":{\"@type\":\"ImageObject\",\"inLanguage\":\"en-US\",\"@id\":\"https:\/\/farmaon4.apptirana.al\/#\/schema\/logo\/image\/\",\"url\":\"https:\/\/farmaon4.apptirana.al\/wp-content\/uploads\/2024\/08\/7f987514-logo-farmaon.png\",\"contentUrl\":\"https:\/\/farmaon4.apptirana.al\/wp-content\/uploads\/2024\/08\/7f987514-logo-farmaon.png\",\"width\":219,\"height\":53,\"caption\":\"Farmaon\"},\"image\":{\"@id\":\"https:\/\/farmaon4.apptirana.al\/#\/schema\/logo\/image\/\"}}]}<\/script>\n<meta property=\"product:price:amount\" content=\"2100\" \/>\n<meta property=\"product:price:currency\" content=\"ALL\" \/>\n<meta property=\"og:availability\" content=\"instock\" \/>\n<meta property=\"product:availability\" content=\"instock\" \/>\n<meta property=\"product:retailer_item_id\" content=\"VI128\" \/>\n<meta property=\"product:condition\" content=\"new\" \/>\n<!-- \/ Yoast SEO Premium plugin. -->","yoast_head_json":{"title":"Vichy Capital Soleil \u00c9mulsion Toucher Sec Teint\u00e9e SPF 50 - Farmaon","robots":{"index":"index","follow":"follow","max-snippet":"max-snippet:-1","max-image-preview":"max-image-preview:large","max-video-preview":"max-video-preview:-1"},"canonical":"https:\/\/farmaon4.apptirana.al\/en\/produkt\/vichy-capital-soleil-emulsion-toucher-sec-teintee-spf-50\/","og_locale":"en_US","og_type":"article","og_title":"Vichy Capital Soleil \u00c9mulsion Toucher Sec Teint\u00e9e SPF 50","og_description":"Tinted emulsion for a high sun protection with SPF 50+50 ml","og_url":"https:\/\/farmaon4.apptirana.al\/en\/produkt\/vichy-capital-soleil-emulsion-toucher-sec-teintee-spf-50\/","og_site_name":"Farmaon","article_modified_time":"2026-04-29T17:42:40+00:00","og_image":[{"width":1280,"height":1280,"url":"https:\/\/farmaon4.apptirana.al\/wp-content\/uploads\/2023\/12\/2f66e3b4-vichy-bb.jpg","type":"image\/jpeg"}],"twitter_card":"summary_large_image","twitter_misc":{"Price":"2100&nbsp;L","Availability":"In stock"},"schema":{"@context":"https:\/\/schema.org","@graph":[{"@type":"WebPage","@id":"https:\/\/farmaon4.apptirana.al\/en\/produkt\/vichy-capital-soleil-emulsion-toucher-sec-teintee-spf-50\/","url":"https:\/\/farmaon4.apptirana.al\/en\/produkt\/vichy-capital-soleil-emulsion-toucher-sec-teintee-spf-50\/","name":"Vichy Capital Soleil \u00c9mulsion Toucher Sec Teint\u00e9e SPF 50 - Farmaon","isPartOf":{"@id":"https:\/\/farmaon4.apptirana.al\/#website"},"primaryImageOfPage":{"@id":"https:\/\/farmaon4.apptirana.al\/en\/produkt\/vichy-capital-soleil-emulsion-toucher-sec-teintee-spf-50\/#primaryimage"},"image":{"@id":"https:\/\/farmaon4.apptirana.al\/en\/produkt\/vichy-capital-soleil-emulsion-toucher-sec-teintee-spf-50\/#primaryimage"},"thumbnailUrl":"https:\/\/farmaon4.apptirana.al\/wp-content\/uploads\/2023\/12\/2f66e3b4-vichy-bb.jpg","datePublished":"2024-01-21T23:56:01+00:00","dateModified":"2026-04-29T17:42:40+00:00","breadcrumb":{"@id":"https:\/\/farmaon4.apptirana.al\/en\/produkt\/vichy-capital-soleil-emulsion-toucher-sec-teintee-spf-50\/#breadcrumb"},"inLanguage":"en-US","potentialAction":[{"@type":"ReadAction","target":["https:\/\/farmaon4.apptirana.al\/en\/produkt\/vichy-capital-soleil-emulsion-toucher-sec-teintee-spf-50\/"]}]},{"@type":"ImageObject","inLanguage":"en-US","@id":"https:\/\/farmaon4.apptirana.al\/en\/produkt\/vichy-capital-soleil-emulsion-toucher-sec-teintee-spf-50\/#primaryimage","url":"https:\/\/farmaon4.apptirana.al\/wp-content\/uploads\/2023\/12\/2f66e3b4-vichy-bb.jpg","contentUrl":"https:\/\/farmaon4.apptirana.al\/wp-content\/uploads\/2023\/12\/2f66e3b4-vichy-bb.jpg","width":1280,"height":1280},{"@type":"BreadcrumbList","@id":"https:\/\/farmaon4.apptirana.al\/en\/produkt\/vichy-capital-soleil-emulsion-toucher-sec-teintee-spf-50\/#breadcrumb","itemListElement":[{"@type":"ListItem","position":1,"name":"Home","item":"https:\/\/farmaon4.apptirana.al\/en\/"},{"@type":"ListItem","position":2,"name":"Shop","item":"https:\/\/farmaon4.apptirana.al\/en\/shop-3\/"},{"@type":"ListItem","position":3,"name":"Vichy Capital Soleil \u00c9mulsion Toucher Sec Teint\u00e9e SPF 50"}]},{"@type":"WebSite","@id":"https:\/\/farmaon4.apptirana.al\/#website","url":"https:\/\/farmaon4.apptirana.al\/","name":"Farmaon","description":"Farmacia Juaj Online!","publisher":{"@id":"https:\/\/farmaon4.apptirana.al\/#organization"},"potentialAction":[{"@type":"SearchAction","target":{"@type":"EntryPoint","urlTemplate":"https:\/\/farmaon4.apptirana.al\/?s={search_term_string}"},"query-input":{"@type":"PropertyValueSpecification","valueRequired":true,"valueName":"search_term_string"}}],"inLanguage":"en-US"},{"@type":"Organization","@id":"https:\/\/farmaon4.apptirana.al\/#organization","name":"Farmaon","url":"https:\/\/farmaon4.apptirana.al\/","logo":{"@type":"ImageObject","inLanguage":"en-US","@id":"https:\/\/farmaon4.apptirana.al\/#\/schema\/logo\/image\/","url":"https:\/\/farmaon4.apptirana.al\/wp-content\/uploads\/2024\/08\/7f987514-logo-farmaon.png","contentUrl":"https:\/\/farmaon4.apptirana.al\/wp-content\/uploads\/2024\/08\/7f987514-logo-farmaon.png","width":219,"height":53,"caption":"Farmaon"},"image":{"@id":"https:\/\/farmaon4.apptirana.al\/#\/schema\/logo\/image\/"}}]},"product_price_amount":"2100","product_price_currency":"ALL","og_availability":"instock","product_availability":"instock","product_retailer_item_id":"VI128","product_condition":"new"},"_links":{"self":[{"href":"https:\/\/farmaon4.apptirana.al\/en\/wp-json\/wp\/v2\/product\/425387","targetHints":{"allow":["GET"]}}],"collection":[{"href":"https:\/\/farmaon4.apptirana.al\/en\/wp-json\/wp\/v2\/product"}],"about":[{"href":"https:\/\/farmaon4.apptirana.al\/en\/wp-json\/wp\/v2\/types\/product"}],"version-history":[{"count":0,"href":"https:\/\/farmaon4.apptirana.al\/en\/wp-json\/wp\/v2\/product\/425387\/revisions"}],"wp:featuredmedia":[{"embeddable":true,"href":"https:\/\/farmaon4.apptirana.al\/en\/wp-json\/wp\/v2\/media\/154410"}],"wp:attachment":[{"href":"https:\/\/farmaon4.apptirana.al\/en\/wp-json\/wp\/v2\/media?parent=425387"}],"wp:term":[{"taxonomy":"product_brand","embeddable":true,"href":"https:\/\/farmaon4.apptirana.al\/en\/wp-json\/wp\/v2\/product_brand?post=425387"},{"taxonomy":"product_cat","embeddable":true,"href":"https:\/\/farmaon4.apptirana.al\/en\/wp-json\/wp\/v2\/product_cat?post=425387"},{"taxonomy":"product_tag","embeddable":true,"href":"https:\/\/farmaon4.apptirana.al\/en\/wp-json\/wp\/v2\/product_tag?post=425387"},{"taxonomy":"giftcard-category","embeddable":true,"href":"https:\/\/farmaon4.apptirana.al\/en\/wp-json\/wp\/v2\/giftcard-category?post=425387"}],"curies":[{"name":"wp","href":"https:\/\/api.w.org\/{rel}","templated":true}]}}