{"id":426953,"date":"2024-01-21T23:38:15","date_gmt":"2024-01-21T23:38:15","guid":{"rendered":"https:\/\/farmaon4.apptirana.al\/product\/sure-check-cassette-pregnancy-test\/"},"modified":"2026-04-28T14:37:53","modified_gmt":"2026-04-28T13:37:53","slug":"sure-check-cassette-pregnancy-test","status":"publish","type":"product","link":"https:\/\/farmaon4.apptirana.al\/en\/produkt\/sure-check-cassette-pregnancy-test\/","title":{"rendered":"Sure Check Cassette Pregnancy Test"},"content":{"rendered":"<p>Surecheck \u00ebsht\u00eb test shtatz\u00ebnie i krijuar posa\u00e7\u00ebrisht p\u00ebr t\u00eb qen\u00eb i sakt\u00eb, i thjesht\u00eb dhe i leht\u00eb p\u00ebr t&#8217;u p\u00ebrdorur!Testet Surecheck jan\u00eb prodhuar me nj\u00eb teknologji t\u00eb ve\u00e7ant\u00eb t\u00eb nj\u00eb suspensioni koloidal t\u00eb nanogrimcave t\u00eb arit dhe garantojn\u00eb sakt\u00ebsi mbi 99% q\u00eb nga dita e par\u00eb e ciklit.<br \/>\nOfron m\u00eb shume se 99% sakt\u00ebsi q\u00eb nga dita e par\u00eb e vones\u00ebs s\u00eb ciklit.<br \/>\nMund t\u00eb p\u00ebrdoret n\u00eb \u00e7do koh\u00eb t\u00eb dit\u00ebs.<br \/>\n&nbsp;<br \/>\nRastet apo situatat t\u00eb cilat ndikojn\u00eb n\u00eb rezultatin e testit:<\/p>\n<p>-marrja e disa medikamenteve specifike;<br \/>\n-kryerja e nj\u00eb testi shtatz\u00ebnie rreth 8 jav\u00eb mbas nj\u00eb lindjeje apo aborti mund t\u00eb jap\u00eb nj\u00eb rezultat fals pozitiv, pasi n\u00eb urin\u00eb mund t\u00eb ket\u00eb akoma sasi t\u00eb hormonit nga shtatz\u00ebnia e m\u00ebparshme;<br \/>\n-konsumimi i sasive t\u00eb m\u00ebdha t\u00eb l\u00ebngjeve mund t\u00eb ul\u00eb p\u00ebrq\u00ebndrimin e hormonit n\u00eb urin\u00eb dhe t\u00eb ndikoj\u00eb negativisht n\u00eb rezultat;<br \/>\n-alkooli, antibiotik\u00ebt, analgjezik\u00ebt nuk ndikojn\u00eb n\u00eb rezultat.<\/p>\n","protected":false},"excerpt":{"rendered":"<p>Test shtatz\u00ebnie<\/p>\n","protected":false},"featured_media":163172,"template":"","meta":{"_acf_changed":false},"product_brand":[],"product_cat":[50105,50321],"product_tag":[50773,50800,52370,49023,48974],"giftcard-category":[],"class_list":{"0":"post-426953","1":"product","2":"type-product","3":"status-publish","4":"has-post-thumbnail","6":"product_cat-higjiene-english","7":"product_cat-test-shtatzenie-english","8":"product_tag-nena-en","9":"product_tag-produkte-te-rinj-en","10":"product_tag-test-shtatzenie-en","11":"product_tag-sure-check","12":"product_tag-test","14":"first","15":"instock","16":"taxable","17":"shipping-taxable","18":"purchasable","19":"product-type-simple"},"bundled_by":[],"bundle_stock_status":"instock","bundle_stock_quantity":24,"bundle_virtual":false,"bundle_layout":"","bundle_add_to_cart_form_location":"","bundle_editable_in_cart":false,"bundle_sold_individually_context":"","bundle_item_grouping":"","bundle_min_size":"","bundle_max_size":"","bundle_price":[],"bundled_items":[],"bundle_sell_ids":[],"acf":[],"yoast_head":"<!-- This site is optimized with the Yoast SEO Premium plugin v23.0 (Yoast SEO v26.0) - https:\/\/yoast.com\/wordpress\/plugins\/seo\/ -->\n<title>Sure Check Cassette Pregnancy Test - Farmaon<\/title>\n<meta name=\"robots\" content=\"index, follow, max-snippet:-1, max-image-preview:large, max-video-preview:-1\" \/>\n<link rel=\"canonical\" href=\"https:\/\/farmaon4.apptirana.al\/en\/produkt\/sure-check-cassette-pregnancy-test\/\" \/>\n<meta property=\"og:locale\" content=\"en_US\" \/>\n<meta property=\"og:type\" content=\"article\" \/>\n<meta property=\"og:title\" content=\"Sure Check Cassette Pregnancy Test\" \/>\n<meta property=\"og:description\" content=\"Test shtatz\u00ebnie\" \/>\n<meta property=\"og:url\" content=\"https:\/\/farmaon4.apptirana.al\/en\/produkt\/sure-check-cassette-pregnancy-test\/\" \/>\n<meta property=\"og:site_name\" content=\"Farmaon\" \/>\n<meta property=\"article:modified_time\" content=\"2026-04-28T13:37:53+00:00\" \/>\n<meta property=\"og:image\" content=\"https:\/\/farmaon4.apptirana.al\/wp-content\/uploads\/2023\/12\/ed14e77a-sure-check-cassete.jpg\" \/>\n\t<meta property=\"og:image:width\" content=\"1080\" \/>\n\t<meta property=\"og:image:height\" content=\"1080\" \/>\n\t<meta property=\"og:image:type\" content=\"image\/jpeg\" \/>\n<meta name=\"twitter:card\" content=\"summary_large_image\" \/>\n<meta name=\"twitter:label1\" content=\"Price\" \/>\n\t<meta name=\"twitter:data1\" content=\"300&nbsp;L\" \/>\n\t<meta name=\"twitter:label2\" content=\"Availability\" \/>\n\t<meta name=\"twitter:data2\" content=\"In stock\" \/>\n<script type=\"application\/ld+json\" class=\"yoast-schema-graph\">{\"@context\":\"https:\/\/schema.org\",\"@graph\":[{\"@type\":\"WebPage\",\"@id\":\"https:\/\/farmaon4.apptirana.al\/en\/produkt\/sure-check-cassette-pregnancy-test\/\",\"url\":\"https:\/\/farmaon4.apptirana.al\/en\/produkt\/sure-check-cassette-pregnancy-test\/\",\"name\":\"Sure Check Cassette Pregnancy Test - Farmaon\",\"isPartOf\":{\"@id\":\"https:\/\/farmaon4.apptirana.al\/#website\"},\"primaryImageOfPage\":{\"@id\":\"https:\/\/farmaon4.apptirana.al\/en\/produkt\/sure-check-cassette-pregnancy-test\/#primaryimage\"},\"image\":{\"@id\":\"https:\/\/farmaon4.apptirana.al\/en\/produkt\/sure-check-cassette-pregnancy-test\/#primaryimage\"},\"thumbnailUrl\":\"https:\/\/farmaon4.apptirana.al\/wp-content\/uploads\/2023\/12\/ed14e77a-sure-check-cassete.jpg\",\"datePublished\":\"2024-01-21T23:38:15+00:00\",\"dateModified\":\"2026-04-28T13:37:53+00:00\",\"breadcrumb\":{\"@id\":\"https:\/\/farmaon4.apptirana.al\/en\/produkt\/sure-check-cassette-pregnancy-test\/#breadcrumb\"},\"inLanguage\":\"en-US\",\"potentialAction\":[{\"@type\":\"ReadAction\",\"target\":[\"https:\/\/farmaon4.apptirana.al\/en\/produkt\/sure-check-cassette-pregnancy-test\/\"]}]},{\"@type\":\"ImageObject\",\"inLanguage\":\"en-US\",\"@id\":\"https:\/\/farmaon4.apptirana.al\/en\/produkt\/sure-check-cassette-pregnancy-test\/#primaryimage\",\"url\":\"https:\/\/farmaon4.apptirana.al\/wp-content\/uploads\/2023\/12\/ed14e77a-sure-check-cassete.jpg\",\"contentUrl\":\"https:\/\/farmaon4.apptirana.al\/wp-content\/uploads\/2023\/12\/ed14e77a-sure-check-cassete.jpg\",\"width\":1080,\"height\":1080},{\"@type\":\"BreadcrumbList\",\"@id\":\"https:\/\/farmaon4.apptirana.al\/en\/produkt\/sure-check-cassette-pregnancy-test\/#breadcrumb\",\"itemListElement\":[{\"@type\":\"ListItem\",\"position\":1,\"name\":\"Home\",\"item\":\"https:\/\/farmaon4.apptirana.al\/en\/\"},{\"@type\":\"ListItem\",\"position\":2,\"name\":\"Shop\",\"item\":\"https:\/\/farmaon4.apptirana.al\/en\/shop-3\/\"},{\"@type\":\"ListItem\",\"position\":3,\"name\":\"Sure Check Cassette Pregnancy Test\"}]},{\"@type\":\"WebSite\",\"@id\":\"https:\/\/farmaon4.apptirana.al\/#website\",\"url\":\"https:\/\/farmaon4.apptirana.al\/\",\"name\":\"Farmaon\",\"description\":\"Farmacia Juaj Online!\",\"publisher\":{\"@id\":\"https:\/\/farmaon4.apptirana.al\/#organization\"},\"potentialAction\":[{\"@type\":\"SearchAction\",\"target\":{\"@type\":\"EntryPoint\",\"urlTemplate\":\"https:\/\/farmaon4.apptirana.al\/?s={search_term_string}\"},\"query-input\":{\"@type\":\"PropertyValueSpecification\",\"valueRequired\":true,\"valueName\":\"search_term_string\"}}],\"inLanguage\":\"en-US\"},{\"@type\":\"Organization\",\"@id\":\"https:\/\/farmaon4.apptirana.al\/#organization\",\"name\":\"Farmaon\",\"url\":\"https:\/\/farmaon4.apptirana.al\/\",\"logo\":{\"@type\":\"ImageObject\",\"inLanguage\":\"en-US\",\"@id\":\"https:\/\/farmaon4.apptirana.al\/#\/schema\/logo\/image\/\",\"url\":\"https:\/\/farmaon4.apptirana.al\/wp-content\/uploads\/2024\/08\/7f987514-logo-farmaon.png\",\"contentUrl\":\"https:\/\/farmaon4.apptirana.al\/wp-content\/uploads\/2024\/08\/7f987514-logo-farmaon.png\",\"width\":219,\"height\":53,\"caption\":\"Farmaon\"},\"image\":{\"@id\":\"https:\/\/farmaon4.apptirana.al\/#\/schema\/logo\/image\/\"}}]}<\/script>\n<meta property=\"product:price:amount\" content=\"300\" \/>\n<meta property=\"product:price:currency\" content=\"ALL\" \/>\n<meta property=\"og:availability\" content=\"instock\" \/>\n<meta property=\"product:availability\" content=\"instock\" \/>\n<meta property=\"product:retailer_item_id\" content=\"F004491107\" \/>\n<meta property=\"product:condition\" content=\"new\" \/>\n<!-- \/ Yoast SEO Premium plugin. -->","yoast_head_json":{"title":"Sure Check Cassette Pregnancy Test - Farmaon","robots":{"index":"index","follow":"follow","max-snippet":"max-snippet:-1","max-image-preview":"max-image-preview:large","max-video-preview":"max-video-preview:-1"},"canonical":"https:\/\/farmaon4.apptirana.al\/en\/produkt\/sure-check-cassette-pregnancy-test\/","og_locale":"en_US","og_type":"article","og_title":"Sure Check Cassette Pregnancy Test","og_description":"Test shtatz\u00ebnie","og_url":"https:\/\/farmaon4.apptirana.al\/en\/produkt\/sure-check-cassette-pregnancy-test\/","og_site_name":"Farmaon","article_modified_time":"2026-04-28T13:37:53+00:00","og_image":[{"width":1080,"height":1080,"url":"https:\/\/farmaon4.apptirana.al\/wp-content\/uploads\/2023\/12\/ed14e77a-sure-check-cassete.jpg","type":"image\/jpeg"}],"twitter_card":"summary_large_image","twitter_misc":{"Price":"300&nbsp;L","Availability":"In stock"},"schema":{"@context":"https:\/\/schema.org","@graph":[{"@type":"WebPage","@id":"https:\/\/farmaon4.apptirana.al\/en\/produkt\/sure-check-cassette-pregnancy-test\/","url":"https:\/\/farmaon4.apptirana.al\/en\/produkt\/sure-check-cassette-pregnancy-test\/","name":"Sure Check Cassette Pregnancy Test - Farmaon","isPartOf":{"@id":"https:\/\/farmaon4.apptirana.al\/#website"},"primaryImageOfPage":{"@id":"https:\/\/farmaon4.apptirana.al\/en\/produkt\/sure-check-cassette-pregnancy-test\/#primaryimage"},"image":{"@id":"https:\/\/farmaon4.apptirana.al\/en\/produkt\/sure-check-cassette-pregnancy-test\/#primaryimage"},"thumbnailUrl":"https:\/\/farmaon4.apptirana.al\/wp-content\/uploads\/2023\/12\/ed14e77a-sure-check-cassete.jpg","datePublished":"2024-01-21T23:38:15+00:00","dateModified":"2026-04-28T13:37:53+00:00","breadcrumb":{"@id":"https:\/\/farmaon4.apptirana.al\/en\/produkt\/sure-check-cassette-pregnancy-test\/#breadcrumb"},"inLanguage":"en-US","potentialAction":[{"@type":"ReadAction","target":["https:\/\/farmaon4.apptirana.al\/en\/produkt\/sure-check-cassette-pregnancy-test\/"]}]},{"@type":"ImageObject","inLanguage":"en-US","@id":"https:\/\/farmaon4.apptirana.al\/en\/produkt\/sure-check-cassette-pregnancy-test\/#primaryimage","url":"https:\/\/farmaon4.apptirana.al\/wp-content\/uploads\/2023\/12\/ed14e77a-sure-check-cassete.jpg","contentUrl":"https:\/\/farmaon4.apptirana.al\/wp-content\/uploads\/2023\/12\/ed14e77a-sure-check-cassete.jpg","width":1080,"height":1080},{"@type":"BreadcrumbList","@id":"https:\/\/farmaon4.apptirana.al\/en\/produkt\/sure-check-cassette-pregnancy-test\/#breadcrumb","itemListElement":[{"@type":"ListItem","position":1,"name":"Home","item":"https:\/\/farmaon4.apptirana.al\/en\/"},{"@type":"ListItem","position":2,"name":"Shop","item":"https:\/\/farmaon4.apptirana.al\/en\/shop-3\/"},{"@type":"ListItem","position":3,"name":"Sure Check Cassette Pregnancy Test"}]},{"@type":"WebSite","@id":"https:\/\/farmaon4.apptirana.al\/#website","url":"https:\/\/farmaon4.apptirana.al\/","name":"Farmaon","description":"Farmacia Juaj Online!","publisher":{"@id":"https:\/\/farmaon4.apptirana.al\/#organization"},"potentialAction":[{"@type":"SearchAction","target":{"@type":"EntryPoint","urlTemplate":"https:\/\/farmaon4.apptirana.al\/?s={search_term_string}"},"query-input":{"@type":"PropertyValueSpecification","valueRequired":true,"valueName":"search_term_string"}}],"inLanguage":"en-US"},{"@type":"Organization","@id":"https:\/\/farmaon4.apptirana.al\/#organization","name":"Farmaon","url":"https:\/\/farmaon4.apptirana.al\/","logo":{"@type":"ImageObject","inLanguage":"en-US","@id":"https:\/\/farmaon4.apptirana.al\/#\/schema\/logo\/image\/","url":"https:\/\/farmaon4.apptirana.al\/wp-content\/uploads\/2024\/08\/7f987514-logo-farmaon.png","contentUrl":"https:\/\/farmaon4.apptirana.al\/wp-content\/uploads\/2024\/08\/7f987514-logo-farmaon.png","width":219,"height":53,"caption":"Farmaon"},"image":{"@id":"https:\/\/farmaon4.apptirana.al\/#\/schema\/logo\/image\/"}}]},"product_price_amount":"300","product_price_currency":"ALL","og_availability":"instock","product_availability":"instock","product_retailer_item_id":"F004491107","product_condition":"new"},"_links":{"self":[{"href":"https:\/\/farmaon4.apptirana.al\/en\/wp-json\/wp\/v2\/product\/426953","targetHints":{"allow":["GET"]}}],"collection":[{"href":"https:\/\/farmaon4.apptirana.al\/en\/wp-json\/wp\/v2\/product"}],"about":[{"href":"https:\/\/farmaon4.apptirana.al\/en\/wp-json\/wp\/v2\/types\/product"}],"version-history":[{"count":0,"href":"https:\/\/farmaon4.apptirana.al\/en\/wp-json\/wp\/v2\/product\/426953\/revisions"}],"wp:featuredmedia":[{"embeddable":true,"href":"https:\/\/farmaon4.apptirana.al\/en\/wp-json\/wp\/v2\/media\/163172"}],"wp:attachment":[{"href":"https:\/\/farmaon4.apptirana.al\/en\/wp-json\/wp\/v2\/media?parent=426953"}],"wp:term":[{"taxonomy":"product_brand","embeddable":true,"href":"https:\/\/farmaon4.apptirana.al\/en\/wp-json\/wp\/v2\/product_brand?post=426953"},{"taxonomy":"product_cat","embeddable":true,"href":"https:\/\/farmaon4.apptirana.al\/en\/wp-json\/wp\/v2\/product_cat?post=426953"},{"taxonomy":"product_tag","embeddable":true,"href":"https:\/\/farmaon4.apptirana.al\/en\/wp-json\/wp\/v2\/product_tag?post=426953"},{"taxonomy":"giftcard-category","embeddable":true,"href":"https:\/\/farmaon4.apptirana.al\/en\/wp-json\/wp\/v2\/giftcard-category?post=426953"}],"curies":[{"name":"wp","href":"https:\/\/api.w.org\/{rel}","templated":true}]}}