{"id":427195,"date":"2024-01-21T23:35:43","date_gmt":"2024-01-21T23:35:43","guid":{"rendered":"https:\/\/farmaon4.apptirana.al\/product\/synergy-pre-natal-multivitamins-and-minerals-complex-for-pregnancy\/"},"modified":"2026-04-20T22:37:02","modified_gmt":"2026-04-20T21:37:02","slug":"synergy-pre-natal-multivitamins-and-minerals-complex-for-pregnancy","status":"publish","type":"product","link":"https:\/\/farmaon4.apptirana.al\/en\/produkt\/synergy-pre-natal-multivitamins-and-minerals-complex-for-pregnancy\/","title":{"rendered":"Synergy Pre-Natal Multivitamins and Minerals Complex For Pregnancy"},"content":{"rendered":"<p>Synergy Pre-Natal \u00ebsht\u00eb nj\u00eb suplement ushqimor q\u00eb kombinon vitamina dhe minerale, n\u00eb dozat e nevojshme p\u00ebr femrat n\u00eb periudh\u00ebn para dhe gjat\u00eb shtatz\u00ebnis\u00eb.<br \/>\nNdihmon n\u00eb zhvillimin e fetusit dhe n\u00eb mbar\u00ebvajtjen nj\u00eb shtatz\u00ebnie t\u00eb sh\u00ebndetshme.<br \/>\nNuk p\u00ebrmban maja dhe as gluten.<br \/>\nSuplementet ushqimore nuk z\u00ebv\u00ebnd\u00ebsojn\u00eb diet\u00ebn ushqimore.<\/p>\n","protected":false},"excerpt":{"rendered":"<p>Suplement ushqimor me vitamina dhe minerale p\u00ebr femrat p\u00ebrpara dhe gjat\u00eb shtatz\u00ebnis\u00eb<br \/>\nPaketim x 60 kapsula<\/p>\n","protected":false},"featured_media":459022,"template":"","meta":{"_acf_changed":false},"product_brand":[],"product_cat":[50016,50280,50281,50286,50299,55915,50346],"product_tag":[56122,45960,58016,50559,48956,50561,50490],"giftcard-category":[],"class_list":{"0":"post-427195","1":"product","2":"type-product","3":"status-publish","4":"has-post-thumbnail","6":"product_cat-bebe-dhe-nena-english","7":"product_cat-shtatzenia-english","8":"product_cat-shtatzenia-dhe-ushqyerja-me-gji-english","9":"product_cat-sipas-veprimit-english","10":"product_cat-suplemente-english","11":"product_cat-synergy","12":"product_cat-vitamins-minerals","13":"product_tag-minerale-en","14":"product_tag-offers","16":"product_tag-shtatzeni-en","17":"product_tag-synergy","18":"product_tag-vitamina-en","19":"product_tag-femra-en","21":"first","22":"instock","23":"sale","24":"taxable","25":"shipping-taxable","26":"purchasable","27":"product-type-simple"},"bundled_by":[],"bundle_stock_status":"instock","bundle_stock_quantity":14,"bundle_virtual":false,"bundle_layout":"","bundle_add_to_cart_form_location":"","bundle_editable_in_cart":false,"bundle_sold_individually_context":"","bundle_item_grouping":"","bundle_min_size":"","bundle_max_size":"","bundle_price":[],"bundled_items":[],"bundle_sell_ids":[],"acf":[],"yoast_head":"<!-- This site is optimized with the Yoast SEO Premium plugin v23.0 (Yoast SEO v26.0) - https:\/\/yoast.com\/wordpress\/plugins\/seo\/ -->\n<title>Synergy Pre-Natal Multivitamins and Minerals Complex For Pregnancy - Farmaon<\/title>\n<meta name=\"robots\" content=\"index, follow, max-snippet:-1, max-image-preview:large, max-video-preview:-1\" \/>\n<link rel=\"canonical\" href=\"https:\/\/farmaon4.apptirana.al\/en\/produkt\/synergy-pre-natal-multivitamins-and-minerals-complex-for-pregnancy\/\" \/>\n<meta property=\"og:locale\" content=\"en_US\" \/>\n<meta property=\"og:type\" content=\"article\" \/>\n<meta property=\"og:title\" content=\"Synergy Pre-Natal Multivitamins and Minerals Complex For Pregnancy\" \/>\n<meta property=\"og:description\" content=\"Suplement ushqimor me vitamina dhe minerale p\u00ebr femrat p\u00ebrpara dhe gjat\u00eb shtatz\u00ebnis\u00eb Paketim x 60 kapsula\" \/>\n<meta property=\"og:url\" content=\"https:\/\/farmaon4.apptirana.al\/en\/produkt\/synergy-pre-natal-multivitamins-and-minerals-complex-for-pregnancy\/\" \/>\n<meta property=\"og:site_name\" content=\"Farmaon\" \/>\n<meta property=\"article:modified_time\" content=\"2026-04-20T21:37:02+00:00\" \/>\n<meta property=\"og:image\" content=\"https:\/\/farmaon4.apptirana.al\/wp-content\/uploads\/2024\/01\/SYNERGY052.jpg\" \/>\n\t<meta property=\"og:image:width\" content=\"1080\" \/>\n\t<meta property=\"og:image:height\" content=\"1080\" \/>\n\t<meta property=\"og:image:type\" content=\"image\/jpeg\" \/>\n<meta name=\"twitter:card\" content=\"summary_large_image\" \/>\n<meta name=\"twitter:label1\" content=\"Price\" \/>\n\t<meta name=\"twitter:data1\" content=\"1462&nbsp;L\" \/>\n\t<meta name=\"twitter:label2\" content=\"Availability\" \/>\n\t<meta name=\"twitter:data2\" content=\"In stock\" \/>\n<script type=\"application\/ld+json\" class=\"yoast-schema-graph\">{\"@context\":\"https:\/\/schema.org\",\"@graph\":[{\"@type\":\"WebPage\",\"@id\":\"https:\/\/farmaon4.apptirana.al\/en\/produkt\/synergy-pre-natal-multivitamins-and-minerals-complex-for-pregnancy\/\",\"url\":\"https:\/\/farmaon4.apptirana.al\/en\/produkt\/synergy-pre-natal-multivitamins-and-minerals-complex-for-pregnancy\/\",\"name\":\"Synergy Pre-Natal Multivitamins and Minerals Complex For Pregnancy - Farmaon\",\"isPartOf\":{\"@id\":\"https:\/\/farmaon4.apptirana.al\/#website\"},\"primaryImageOfPage\":{\"@id\":\"https:\/\/farmaon4.apptirana.al\/en\/produkt\/synergy-pre-natal-multivitamins-and-minerals-complex-for-pregnancy\/#primaryimage\"},\"image\":{\"@id\":\"https:\/\/farmaon4.apptirana.al\/en\/produkt\/synergy-pre-natal-multivitamins-and-minerals-complex-for-pregnancy\/#primaryimage\"},\"thumbnailUrl\":\"https:\/\/farmaon4.apptirana.al\/wp-content\/uploads\/2024\/01\/SYNERGY052.jpg\",\"datePublished\":\"2024-01-21T23:35:43+00:00\",\"dateModified\":\"2026-04-20T21:37:02+00:00\",\"breadcrumb\":{\"@id\":\"https:\/\/farmaon4.apptirana.al\/en\/produkt\/synergy-pre-natal-multivitamins-and-minerals-complex-for-pregnancy\/#breadcrumb\"},\"inLanguage\":\"en-US\",\"potentialAction\":[{\"@type\":\"ReadAction\",\"target\":[\"https:\/\/farmaon4.apptirana.al\/en\/produkt\/synergy-pre-natal-multivitamins-and-minerals-complex-for-pregnancy\/\"]}]},{\"@type\":\"ImageObject\",\"inLanguage\":\"en-US\",\"@id\":\"https:\/\/farmaon4.apptirana.al\/en\/produkt\/synergy-pre-natal-multivitamins-and-minerals-complex-for-pregnancy\/#primaryimage\",\"url\":\"https:\/\/farmaon4.apptirana.al\/wp-content\/uploads\/2024\/01\/SYNERGY052.jpg\",\"contentUrl\":\"https:\/\/farmaon4.apptirana.al\/wp-content\/uploads\/2024\/01\/SYNERGY052.jpg\",\"width\":1080,\"height\":1080},{\"@type\":\"BreadcrumbList\",\"@id\":\"https:\/\/farmaon4.apptirana.al\/en\/produkt\/synergy-pre-natal-multivitamins-and-minerals-complex-for-pregnancy\/#breadcrumb\",\"itemListElement\":[{\"@type\":\"ListItem\",\"position\":1,\"name\":\"Home\",\"item\":\"https:\/\/farmaon4.apptirana.al\/en\/\"},{\"@type\":\"ListItem\",\"position\":2,\"name\":\"Shop\",\"item\":\"https:\/\/farmaon4.apptirana.al\/en\/shop-3\/\"},{\"@type\":\"ListItem\",\"position\":3,\"name\":\"Synergy Pre-Natal Multivitamins and Minerals Complex For Pregnancy\"}]},{\"@type\":\"WebSite\",\"@id\":\"https:\/\/farmaon4.apptirana.al\/#website\",\"url\":\"https:\/\/farmaon4.apptirana.al\/\",\"name\":\"Farmaon\",\"description\":\"Farmacia Juaj Online!\",\"publisher\":{\"@id\":\"https:\/\/farmaon4.apptirana.al\/#organization\"},\"potentialAction\":[{\"@type\":\"SearchAction\",\"target\":{\"@type\":\"EntryPoint\",\"urlTemplate\":\"https:\/\/farmaon4.apptirana.al\/?s={search_term_string}\"},\"query-input\":{\"@type\":\"PropertyValueSpecification\",\"valueRequired\":true,\"valueName\":\"search_term_string\"}}],\"inLanguage\":\"en-US\"},{\"@type\":\"Organization\",\"@id\":\"https:\/\/farmaon4.apptirana.al\/#organization\",\"name\":\"Farmaon\",\"url\":\"https:\/\/farmaon4.apptirana.al\/\",\"logo\":{\"@type\":\"ImageObject\",\"inLanguage\":\"en-US\",\"@id\":\"https:\/\/farmaon4.apptirana.al\/#\/schema\/logo\/image\/\",\"url\":\"https:\/\/farmaon4.apptirana.al\/wp-content\/uploads\/2024\/08\/7f987514-logo-farmaon.png\",\"contentUrl\":\"https:\/\/farmaon4.apptirana.al\/wp-content\/uploads\/2024\/08\/7f987514-logo-farmaon.png\",\"width\":219,\"height\":53,\"caption\":\"Farmaon\"},\"image\":{\"@id\":\"https:\/\/farmaon4.apptirana.al\/#\/schema\/logo\/image\/\"}}]}<\/script>\n<meta property=\"product:price:amount\" content=\"1462\" \/>\n<meta property=\"product:price:currency\" content=\"ALL\" \/>\n<meta property=\"og:availability\" content=\"instock\" \/>\n<meta property=\"product:availability\" content=\"instock\" \/>\n<meta property=\"product:retailer_item_id\" content=\"SYNERGY20\" \/>\n<meta property=\"product:condition\" content=\"new\" \/>\n<!-- \/ Yoast SEO Premium plugin. -->","yoast_head_json":{"title":"Synergy Pre-Natal Multivitamins and Minerals Complex For Pregnancy - Farmaon","robots":{"index":"index","follow":"follow","max-snippet":"max-snippet:-1","max-image-preview":"max-image-preview:large","max-video-preview":"max-video-preview:-1"},"canonical":"https:\/\/farmaon4.apptirana.al\/en\/produkt\/synergy-pre-natal-multivitamins-and-minerals-complex-for-pregnancy\/","og_locale":"en_US","og_type":"article","og_title":"Synergy Pre-Natal Multivitamins and Minerals Complex For Pregnancy","og_description":"Suplement ushqimor me vitamina dhe minerale p\u00ebr femrat p\u00ebrpara dhe gjat\u00eb shtatz\u00ebnis\u00eb Paketim x 60 kapsula","og_url":"https:\/\/farmaon4.apptirana.al\/en\/produkt\/synergy-pre-natal-multivitamins-and-minerals-complex-for-pregnancy\/","og_site_name":"Farmaon","article_modified_time":"2026-04-20T21:37:02+00:00","og_image":[{"width":1080,"height":1080,"url":"https:\/\/farmaon4.apptirana.al\/wp-content\/uploads\/2024\/01\/SYNERGY052.jpg","type":"image\/jpeg"}],"twitter_card":"summary_large_image","twitter_misc":{"Price":"1462&nbsp;L","Availability":"In stock"},"schema":{"@context":"https:\/\/schema.org","@graph":[{"@type":"WebPage","@id":"https:\/\/farmaon4.apptirana.al\/en\/produkt\/synergy-pre-natal-multivitamins-and-minerals-complex-for-pregnancy\/","url":"https:\/\/farmaon4.apptirana.al\/en\/produkt\/synergy-pre-natal-multivitamins-and-minerals-complex-for-pregnancy\/","name":"Synergy Pre-Natal Multivitamins and Minerals Complex For Pregnancy - Farmaon","isPartOf":{"@id":"https:\/\/farmaon4.apptirana.al\/#website"},"primaryImageOfPage":{"@id":"https:\/\/farmaon4.apptirana.al\/en\/produkt\/synergy-pre-natal-multivitamins-and-minerals-complex-for-pregnancy\/#primaryimage"},"image":{"@id":"https:\/\/farmaon4.apptirana.al\/en\/produkt\/synergy-pre-natal-multivitamins-and-minerals-complex-for-pregnancy\/#primaryimage"},"thumbnailUrl":"https:\/\/farmaon4.apptirana.al\/wp-content\/uploads\/2024\/01\/SYNERGY052.jpg","datePublished":"2024-01-21T23:35:43+00:00","dateModified":"2026-04-20T21:37:02+00:00","breadcrumb":{"@id":"https:\/\/farmaon4.apptirana.al\/en\/produkt\/synergy-pre-natal-multivitamins-and-minerals-complex-for-pregnancy\/#breadcrumb"},"inLanguage":"en-US","potentialAction":[{"@type":"ReadAction","target":["https:\/\/farmaon4.apptirana.al\/en\/produkt\/synergy-pre-natal-multivitamins-and-minerals-complex-for-pregnancy\/"]}]},{"@type":"ImageObject","inLanguage":"en-US","@id":"https:\/\/farmaon4.apptirana.al\/en\/produkt\/synergy-pre-natal-multivitamins-and-minerals-complex-for-pregnancy\/#primaryimage","url":"https:\/\/farmaon4.apptirana.al\/wp-content\/uploads\/2024\/01\/SYNERGY052.jpg","contentUrl":"https:\/\/farmaon4.apptirana.al\/wp-content\/uploads\/2024\/01\/SYNERGY052.jpg","width":1080,"height":1080},{"@type":"BreadcrumbList","@id":"https:\/\/farmaon4.apptirana.al\/en\/produkt\/synergy-pre-natal-multivitamins-and-minerals-complex-for-pregnancy\/#breadcrumb","itemListElement":[{"@type":"ListItem","position":1,"name":"Home","item":"https:\/\/farmaon4.apptirana.al\/en\/"},{"@type":"ListItem","position":2,"name":"Shop","item":"https:\/\/farmaon4.apptirana.al\/en\/shop-3\/"},{"@type":"ListItem","position":3,"name":"Synergy Pre-Natal Multivitamins and Minerals Complex For Pregnancy"}]},{"@type":"WebSite","@id":"https:\/\/farmaon4.apptirana.al\/#website","url":"https:\/\/farmaon4.apptirana.al\/","name":"Farmaon","description":"Farmacia Juaj Online!","publisher":{"@id":"https:\/\/farmaon4.apptirana.al\/#organization"},"potentialAction":[{"@type":"SearchAction","target":{"@type":"EntryPoint","urlTemplate":"https:\/\/farmaon4.apptirana.al\/?s={search_term_string}"},"query-input":{"@type":"PropertyValueSpecification","valueRequired":true,"valueName":"search_term_string"}}],"inLanguage":"en-US"},{"@type":"Organization","@id":"https:\/\/farmaon4.apptirana.al\/#organization","name":"Farmaon","url":"https:\/\/farmaon4.apptirana.al\/","logo":{"@type":"ImageObject","inLanguage":"en-US","@id":"https:\/\/farmaon4.apptirana.al\/#\/schema\/logo\/image\/","url":"https:\/\/farmaon4.apptirana.al\/wp-content\/uploads\/2024\/08\/7f987514-logo-farmaon.png","contentUrl":"https:\/\/farmaon4.apptirana.al\/wp-content\/uploads\/2024\/08\/7f987514-logo-farmaon.png","width":219,"height":53,"caption":"Farmaon"},"image":{"@id":"https:\/\/farmaon4.apptirana.al\/#\/schema\/logo\/image\/"}}]},"product_price_amount":"1462","product_price_currency":"ALL","og_availability":"instock","product_availability":"instock","product_retailer_item_id":"SYNERGY20","product_condition":"new"},"_links":{"self":[{"href":"https:\/\/farmaon4.apptirana.al\/en\/wp-json\/wp\/v2\/product\/427195","targetHints":{"allow":["GET"]}}],"collection":[{"href":"https:\/\/farmaon4.apptirana.al\/en\/wp-json\/wp\/v2\/product"}],"about":[{"href":"https:\/\/farmaon4.apptirana.al\/en\/wp-json\/wp\/v2\/types\/product"}],"version-history":[{"count":0,"href":"https:\/\/farmaon4.apptirana.al\/en\/wp-json\/wp\/v2\/product\/427195\/revisions"}],"wp:featuredmedia":[{"embeddable":true,"href":"https:\/\/farmaon4.apptirana.al\/en\/wp-json\/wp\/v2\/media\/459022"}],"wp:attachment":[{"href":"https:\/\/farmaon4.apptirana.al\/en\/wp-json\/wp\/v2\/media?parent=427195"}],"wp:term":[{"taxonomy":"product_brand","embeddable":true,"href":"https:\/\/farmaon4.apptirana.al\/en\/wp-json\/wp\/v2\/product_brand?post=427195"},{"taxonomy":"product_cat","embeddable":true,"href":"https:\/\/farmaon4.apptirana.al\/en\/wp-json\/wp\/v2\/product_cat?post=427195"},{"taxonomy":"product_tag","embeddable":true,"href":"https:\/\/farmaon4.apptirana.al\/en\/wp-json\/wp\/v2\/product_tag?post=427195"},{"taxonomy":"giftcard-category","embeddable":true,"href":"https:\/\/farmaon4.apptirana.al\/en\/wp-json\/wp\/v2\/giftcard-category?post=427195"}],"curies":[{"name":"wp","href":"https:\/\/api.w.org\/{rel}","templated":true}]}}