{"id":428820,"date":"2024-01-21T23:21:20","date_gmt":"2024-01-21T23:21:20","guid":{"rendered":"https:\/\/farmaon4.apptirana.al\/product\/plasigen-b6-compresse-masticabili\/"},"modified":"2026-04-22T05:38:11","modified_gmt":"2026-04-22T04:38:11","slug":"plasigen-b6-compresse-masticabili","status":"publish","type":"product","link":"https:\/\/farmaon4.apptirana.al\/en\/produkt\/plasigen-b6-compresse-masticabili\/","title":{"rendered":"Plasigen B6 compresse masticabili"},"content":{"rendered":"<p>Suplement ushqimor q\u00eb p\u00ebrdoret p\u00ebr t\u00eb pak\u00ebsuar t\u00eb vjellat dhe t\u00eb p\u00ebrzjerat.<br \/>\nP\u00ebrmban:<\/p>\n<p>&#8211; ekstrakt xhinxheri, i cili ka vetin\u00eb t\u00eb shtoj\u00eb peristaltik\u00ebn dhe l\u00ebvizshm\u00ebrin\u00eb n\u00eb traktin gastrointestinal.<br \/>\n N\u00eb t\u00eb nj\u00ebjt\u00ebn koh\u00eb ka dhe veti antispastike.<br \/>\n &#8211; vitamin\u00ebn B1 ,e cila p\u00ebrdoret q\u00eb t\u00eb pak\u00ebsoj\u00eb sasin\u00eb e acidit klorhidrik q\u00eb prodhohet n\u00eb stomak.<br \/>\n&#8211; vitamin\u00ebn B2, vepron n\u00eb mukoza n\u00eb p\u00ebrgjith\u00ebsi dhe n\u00eb mukoz\u00ebn gastrike n\u00eb ve\u00e7anti.<br \/>\n&#8211; vitamin\u00ebn B6, shton pro\u00e7eset metabolike, transportin e aminoacideve dhe t\u00eb substancave t\u00eb tjera.<br \/>\n&#8211; l\u00ebnd\u00eb ndihm\u00ebse, t\u00eb cilat kan\u00eb veti t\u00eb zbusin mukoz\u00ebn gastrike.<br \/>\nSuplementet ushqimore nuk z\u00ebv\u00ebnd\u00ebsojn\u00eb diet\u00ebn ushqimore.<br \/>\nT\u00eb mbahet larg f\u00ebmij\u00ebve n\u00ebn 3 vje\u00e7.<\/p>\n","protected":false},"excerpt":{"rendered":"<p>Suplement ushqimor q\u00eb ndihmon n\u00eb pak\u00ebsimin e t\u00eb vjellave dhe t\u00eb p\u00ebrzjerave<br \/>\nKuti x 24 tableta t\u00eb p\u00ebrtypshme<\/p>\n","protected":false},"featured_media":171447,"template":"","meta":{"_acf_changed":false},"product_brand":[],"product_cat":[50223,50286,50299],"product_tag":[50451,51753,50800,57934],"giftcard-category":[],"class_list":{"0":"post-428820","1":"product","2":"type-product","3":"status-publish","4":"has-post-thumbnail","6":"product_cat-permiresues-te-tretjes-dhe-laksative-english","7":"product_cat-sipas-veprimit-english","8":"product_cat-suplemente-english","9":"product_tag-te-rritur-en","10":"product_tag-trakti-gastro-intestinal-en","11":"product_tag-produkte-te-rinj-en","12":"product_tag-xhenxhefil-xhinxher-en","14":"first","15":"instock","16":"taxable","17":"shipping-taxable","18":"purchasable","19":"product-type-simple"},"bundled_by":[],"bundle_stock_status":"instock","bundle_stock_quantity":8,"bundle_virtual":false,"bundle_layout":"","bundle_add_to_cart_form_location":"","bundle_editable_in_cart":false,"bundle_sold_individually_context":"","bundle_item_grouping":"","bundle_min_size":"","bundle_max_size":"","bundle_price":[],"bundled_items":[],"bundle_sell_ids":[],"acf":[],"yoast_head":"<!-- This site is optimized with the Yoast SEO Premium plugin v23.0 (Yoast SEO v26.0) - https:\/\/yoast.com\/wordpress\/plugins\/seo\/ -->\n<title>Plasigen B6 compresse masticabili - Farmaon<\/title>\n<meta name=\"robots\" content=\"index, follow, max-snippet:-1, max-image-preview:large, max-video-preview:-1\" \/>\n<link rel=\"canonical\" href=\"https:\/\/farmaon4.apptirana.al\/en\/produkt\/plasigen-b6-compresse-masticabili\/\" \/>\n<meta property=\"og:locale\" content=\"en_US\" \/>\n<meta property=\"og:type\" content=\"article\" \/>\n<meta property=\"og:title\" content=\"Plasigen B6 compresse masticabili\" \/>\n<meta property=\"og:description\" content=\"Suplement ushqimor q\u00eb ndihmon n\u00eb pak\u00ebsimin e t\u00eb vjellave dhe t\u00eb p\u00ebrzjerave Kuti x 24 tableta t\u00eb p\u00ebrtypshme\" \/>\n<meta property=\"og:url\" content=\"https:\/\/farmaon4.apptirana.al\/en\/produkt\/plasigen-b6-compresse-masticabili\/\" \/>\n<meta property=\"og:site_name\" content=\"Farmaon\" \/>\n<meta property=\"article:modified_time\" content=\"2026-04-22T04:38:11+00:00\" \/>\n<meta property=\"og:image\" content=\"https:\/\/farmaon4.apptirana.al\/wp-content\/uploads\/2023\/12\/9ef353c4-000587.png\" \/>\n\t<meta property=\"og:image:width\" content=\"500\" \/>\n\t<meta property=\"og:image:height\" content=\"500\" \/>\n\t<meta property=\"og:image:type\" content=\"image\/png\" \/>\n<meta name=\"twitter:card\" content=\"summary_large_image\" \/>\n<meta name=\"twitter:label1\" content=\"Price\" \/>\n\t<meta name=\"twitter:data1\" content=\"1455&nbsp;L\" \/>\n\t<meta name=\"twitter:label2\" content=\"Availability\" \/>\n\t<meta name=\"twitter:data2\" content=\"In stock\" \/>\n<script type=\"application\/ld+json\" class=\"yoast-schema-graph\">{\"@context\":\"https:\/\/schema.org\",\"@graph\":[{\"@type\":\"WebPage\",\"@id\":\"https:\/\/farmaon4.apptirana.al\/en\/produkt\/plasigen-b6-compresse-masticabili\/\",\"url\":\"https:\/\/farmaon4.apptirana.al\/en\/produkt\/plasigen-b6-compresse-masticabili\/\",\"name\":\"Plasigen B6 compresse masticabili - Farmaon\",\"isPartOf\":{\"@id\":\"https:\/\/farmaon4.apptirana.al\/#website\"},\"primaryImageOfPage\":{\"@id\":\"https:\/\/farmaon4.apptirana.al\/en\/produkt\/plasigen-b6-compresse-masticabili\/#primaryimage\"},\"image\":{\"@id\":\"https:\/\/farmaon4.apptirana.al\/en\/produkt\/plasigen-b6-compresse-masticabili\/#primaryimage\"},\"thumbnailUrl\":\"https:\/\/farmaon4.apptirana.al\/wp-content\/uploads\/2023\/12\/9ef353c4-000587.png\",\"datePublished\":\"2024-01-21T23:21:20+00:00\",\"dateModified\":\"2026-04-22T04:38:11+00:00\",\"breadcrumb\":{\"@id\":\"https:\/\/farmaon4.apptirana.al\/en\/produkt\/plasigen-b6-compresse-masticabili\/#breadcrumb\"},\"inLanguage\":\"en-US\",\"potentialAction\":[{\"@type\":\"ReadAction\",\"target\":[\"https:\/\/farmaon4.apptirana.al\/en\/produkt\/plasigen-b6-compresse-masticabili\/\"]}]},{\"@type\":\"ImageObject\",\"inLanguage\":\"en-US\",\"@id\":\"https:\/\/farmaon4.apptirana.al\/en\/produkt\/plasigen-b6-compresse-masticabili\/#primaryimage\",\"url\":\"https:\/\/farmaon4.apptirana.al\/wp-content\/uploads\/2023\/12\/9ef353c4-000587.png\",\"contentUrl\":\"https:\/\/farmaon4.apptirana.al\/wp-content\/uploads\/2023\/12\/9ef353c4-000587.png\",\"width\":500,\"height\":500},{\"@type\":\"BreadcrumbList\",\"@id\":\"https:\/\/farmaon4.apptirana.al\/en\/produkt\/plasigen-b6-compresse-masticabili\/#breadcrumb\",\"itemListElement\":[{\"@type\":\"ListItem\",\"position\":1,\"name\":\"Home\",\"item\":\"https:\/\/farmaon4.apptirana.al\/en\/\"},{\"@type\":\"ListItem\",\"position\":2,\"name\":\"Shop\",\"item\":\"https:\/\/farmaon4.apptirana.al\/en\/shop-3\/\"},{\"@type\":\"ListItem\",\"position\":3,\"name\":\"Plasigen B6 compresse masticabili\"}]},{\"@type\":\"WebSite\",\"@id\":\"https:\/\/farmaon4.apptirana.al\/#website\",\"url\":\"https:\/\/farmaon4.apptirana.al\/\",\"name\":\"Farmaon\",\"description\":\"Farmacia Juaj Online!\",\"publisher\":{\"@id\":\"https:\/\/farmaon4.apptirana.al\/#organization\"},\"potentialAction\":[{\"@type\":\"SearchAction\",\"target\":{\"@type\":\"EntryPoint\",\"urlTemplate\":\"https:\/\/farmaon4.apptirana.al\/?s={search_term_string}\"},\"query-input\":{\"@type\":\"PropertyValueSpecification\",\"valueRequired\":true,\"valueName\":\"search_term_string\"}}],\"inLanguage\":\"en-US\"},{\"@type\":\"Organization\",\"@id\":\"https:\/\/farmaon4.apptirana.al\/#organization\",\"name\":\"Farmaon\",\"url\":\"https:\/\/farmaon4.apptirana.al\/\",\"logo\":{\"@type\":\"ImageObject\",\"inLanguage\":\"en-US\",\"@id\":\"https:\/\/farmaon4.apptirana.al\/#\/schema\/logo\/image\/\",\"url\":\"https:\/\/farmaon4.apptirana.al\/wp-content\/uploads\/2024\/08\/7f987514-logo-farmaon.png\",\"contentUrl\":\"https:\/\/farmaon4.apptirana.al\/wp-content\/uploads\/2024\/08\/7f987514-logo-farmaon.png\",\"width\":219,\"height\":53,\"caption\":\"Farmaon\"},\"image\":{\"@id\":\"https:\/\/farmaon4.apptirana.al\/#\/schema\/logo\/image\/\"}}]}<\/script>\n<meta property=\"product:price:amount\" content=\"1455\" \/>\n<meta property=\"product:price:currency\" content=\"ALL\" \/>\n<meta property=\"og:availability\" content=\"instock\" \/>\n<meta property=\"product:availability\" content=\"instock\" \/>\n<meta property=\"product:retailer_item_id\" content=\"F000587\" \/>\n<meta property=\"product:condition\" content=\"new\" \/>\n<!-- \/ Yoast SEO Premium plugin. -->","yoast_head_json":{"title":"Plasigen B6 compresse masticabili - Farmaon","robots":{"index":"index","follow":"follow","max-snippet":"max-snippet:-1","max-image-preview":"max-image-preview:large","max-video-preview":"max-video-preview:-1"},"canonical":"https:\/\/farmaon4.apptirana.al\/en\/produkt\/plasigen-b6-compresse-masticabili\/","og_locale":"en_US","og_type":"article","og_title":"Plasigen B6 compresse masticabili","og_description":"Suplement ushqimor q\u00eb ndihmon n\u00eb pak\u00ebsimin e t\u00eb vjellave dhe t\u00eb p\u00ebrzjerave Kuti x 24 tableta t\u00eb p\u00ebrtypshme","og_url":"https:\/\/farmaon4.apptirana.al\/en\/produkt\/plasigen-b6-compresse-masticabili\/","og_site_name":"Farmaon","article_modified_time":"2026-04-22T04:38:11+00:00","og_image":[{"width":500,"height":500,"url":"https:\/\/farmaon4.apptirana.al\/wp-content\/uploads\/2023\/12\/9ef353c4-000587.png","type":"image\/png"}],"twitter_card":"summary_large_image","twitter_misc":{"Price":"1455&nbsp;L","Availability":"In stock"},"schema":{"@context":"https:\/\/schema.org","@graph":[{"@type":"WebPage","@id":"https:\/\/farmaon4.apptirana.al\/en\/produkt\/plasigen-b6-compresse-masticabili\/","url":"https:\/\/farmaon4.apptirana.al\/en\/produkt\/plasigen-b6-compresse-masticabili\/","name":"Plasigen B6 compresse masticabili - Farmaon","isPartOf":{"@id":"https:\/\/farmaon4.apptirana.al\/#website"},"primaryImageOfPage":{"@id":"https:\/\/farmaon4.apptirana.al\/en\/produkt\/plasigen-b6-compresse-masticabili\/#primaryimage"},"image":{"@id":"https:\/\/farmaon4.apptirana.al\/en\/produkt\/plasigen-b6-compresse-masticabili\/#primaryimage"},"thumbnailUrl":"https:\/\/farmaon4.apptirana.al\/wp-content\/uploads\/2023\/12\/9ef353c4-000587.png","datePublished":"2024-01-21T23:21:20+00:00","dateModified":"2026-04-22T04:38:11+00:00","breadcrumb":{"@id":"https:\/\/farmaon4.apptirana.al\/en\/produkt\/plasigen-b6-compresse-masticabili\/#breadcrumb"},"inLanguage":"en-US","potentialAction":[{"@type":"ReadAction","target":["https:\/\/farmaon4.apptirana.al\/en\/produkt\/plasigen-b6-compresse-masticabili\/"]}]},{"@type":"ImageObject","inLanguage":"en-US","@id":"https:\/\/farmaon4.apptirana.al\/en\/produkt\/plasigen-b6-compresse-masticabili\/#primaryimage","url":"https:\/\/farmaon4.apptirana.al\/wp-content\/uploads\/2023\/12\/9ef353c4-000587.png","contentUrl":"https:\/\/farmaon4.apptirana.al\/wp-content\/uploads\/2023\/12\/9ef353c4-000587.png","width":500,"height":500},{"@type":"BreadcrumbList","@id":"https:\/\/farmaon4.apptirana.al\/en\/produkt\/plasigen-b6-compresse-masticabili\/#breadcrumb","itemListElement":[{"@type":"ListItem","position":1,"name":"Home","item":"https:\/\/farmaon4.apptirana.al\/en\/"},{"@type":"ListItem","position":2,"name":"Shop","item":"https:\/\/farmaon4.apptirana.al\/en\/shop-3\/"},{"@type":"ListItem","position":3,"name":"Plasigen B6 compresse masticabili"}]},{"@type":"WebSite","@id":"https:\/\/farmaon4.apptirana.al\/#website","url":"https:\/\/farmaon4.apptirana.al\/","name":"Farmaon","description":"Farmacia Juaj Online!","publisher":{"@id":"https:\/\/farmaon4.apptirana.al\/#organization"},"potentialAction":[{"@type":"SearchAction","target":{"@type":"EntryPoint","urlTemplate":"https:\/\/farmaon4.apptirana.al\/?s={search_term_string}"},"query-input":{"@type":"PropertyValueSpecification","valueRequired":true,"valueName":"search_term_string"}}],"inLanguage":"en-US"},{"@type":"Organization","@id":"https:\/\/farmaon4.apptirana.al\/#organization","name":"Farmaon","url":"https:\/\/farmaon4.apptirana.al\/","logo":{"@type":"ImageObject","inLanguage":"en-US","@id":"https:\/\/farmaon4.apptirana.al\/#\/schema\/logo\/image\/","url":"https:\/\/farmaon4.apptirana.al\/wp-content\/uploads\/2024\/08\/7f987514-logo-farmaon.png","contentUrl":"https:\/\/farmaon4.apptirana.al\/wp-content\/uploads\/2024\/08\/7f987514-logo-farmaon.png","width":219,"height":53,"caption":"Farmaon"},"image":{"@id":"https:\/\/farmaon4.apptirana.al\/#\/schema\/logo\/image\/"}}]},"product_price_amount":"1455","product_price_currency":"ALL","og_availability":"instock","product_availability":"instock","product_retailer_item_id":"F000587","product_condition":"new"},"_links":{"self":[{"href":"https:\/\/farmaon4.apptirana.al\/en\/wp-json\/wp\/v2\/product\/428820","targetHints":{"allow":["GET"]}}],"collection":[{"href":"https:\/\/farmaon4.apptirana.al\/en\/wp-json\/wp\/v2\/product"}],"about":[{"href":"https:\/\/farmaon4.apptirana.al\/en\/wp-json\/wp\/v2\/types\/product"}],"version-history":[{"count":0,"href":"https:\/\/farmaon4.apptirana.al\/en\/wp-json\/wp\/v2\/product\/428820\/revisions"}],"wp:featuredmedia":[{"embeddable":true,"href":"https:\/\/farmaon4.apptirana.al\/en\/wp-json\/wp\/v2\/media\/171447"}],"wp:attachment":[{"href":"https:\/\/farmaon4.apptirana.al\/en\/wp-json\/wp\/v2\/media?parent=428820"}],"wp:term":[{"taxonomy":"product_brand","embeddable":true,"href":"https:\/\/farmaon4.apptirana.al\/en\/wp-json\/wp\/v2\/product_brand?post=428820"},{"taxonomy":"product_cat","embeddable":true,"href":"https:\/\/farmaon4.apptirana.al\/en\/wp-json\/wp\/v2\/product_cat?post=428820"},{"taxonomy":"product_tag","embeddable":true,"href":"https:\/\/farmaon4.apptirana.al\/en\/wp-json\/wp\/v2\/product_tag?post=428820"},{"taxonomy":"giftcard-category","embeddable":true,"href":"https:\/\/farmaon4.apptirana.al\/en\/wp-json\/wp\/v2\/giftcard-category?post=428820"}],"curies":[{"name":"wp","href":"https:\/\/api.w.org\/{rel}","templated":true}]}}