{"id":428831,"date":"2024-01-21T23:21:02","date_gmt":"2024-01-21T22:21:02","guid":{"rendered":"https:\/\/farmaon4.apptirana.al\/product\/pasta-di-hoffmann-sella\/"},"modified":"2026-04-28T09:46:46","modified_gmt":"2026-04-28T08:46:46","slug":"pasta-di-hoffmann-sella","status":"publish","type":"product","link":"https:\/\/farmaon4.apptirana.al\/en\/produkt\/pasta-di-hoffmann-sella\/","title":{"rendered":"Pasta di Hoffmann Sella"},"content":{"rendered":"<p>Pasta natyrale Hoffmann Sella \u00ebsht\u00eb nj\u00eb formulim me veti qet\u00ebsuese, mbrojt\u00ebse dhe efekt kund\u00ebr skuqjes.<br \/>\nIdeale edhe p\u00ebr l\u00ebkur\u00ebn m\u00eb delikate.<br \/>\n P\u00ebr shkak t\u00eb p\u00ebrb\u00ebrjes dhe p\u00ebrmbajtjes s\u00eb lart\u00eb t\u00eb vajit t\u00eb ullirit dhe oksidit t\u00eb zinkut, indikohet n\u00eb parandalimin e skuqjes dhe acarimit t\u00eb l\u00ebkur\u00ebs s\u00eb f\u00ebmij\u00ebve dhe t\u00eb rriturve, t\u00eb shkaktuar nga kontakti me urin\u00ebn dhe fe\u00e7et, q\u00eb ndodhin n\u00eb zon\u00ebn e pelenave.<br \/>\n \u00cbsht\u00eb ideal p\u00ebr njer\u00ebzit q\u00eb q\u00ebndrojn\u00eb shtrir\u00eb n\u00eb shtrat p\u00ebr periudha t\u00eb gjata, p\u00ebr trajtimin e plag\u00ebve t\u00eb shtratit (dekubitus).<br \/>\n Rekomandohet gjithashtu t\u00eb p\u00ebrdoret p\u00ebr qet\u00ebsimin e zonave t\u00eb trupit q\u00eb irritohen si pasoj\u00eb e f\u00ebrkimit, psh pjesa e brendshme e kofsh\u00ebve.<br \/>\nPa paraben\u00eb, pa ngjyrues, pa arom\u00eb, pa petrolate.<br \/>\nParalajm\u00ebrim:<\/p>\n<p> p\u00ebr shkak t\u00eb  p\u00ebrmbajtjes s\u00eb lart\u00eb t\u00eb vajit t\u00eb ullirit n\u00eb formulim, ndonj\u00ebher\u00eb mund t\u00eb shfaqet nj\u00eb pjes\u00eb e l\u00ebngshme.<br \/>\n N\u00eb k\u00ebt\u00eb rast mjafton t\u00eb p\u00ebrzieni disa sekonda p\u00ebrmbajtjen.<\/p>\n","protected":false},"excerpt":{"rendered":"<p>Past\u00eb zbut\u00ebse, mbrojt\u00ebse dhe kund\u00ebr skuqjes me vaj ulliri dhe oksid zinku<br \/>\n75 ml<\/p>\n","protected":false},"featured_media":171679,"template":"","meta":{"_acf_changed":false},"product_brand":[],"product_cat":[50335,50044,56347,50154,50098,50016],"product_tag":[51063,50650,50542,55481,50832,50466,52078,50833],"giftcard-category":[],"class_list":{"0":"post-428831","1":"product","2":"type-product","3":"status-publish","4":"has-post-thumbnail","6":"product_cat-body-mbrojtje-nga-dielli-english","7":"product_cat-dermokozmetike-english","8":"product_cat-hygiene-bebe-dhe-nena-english","9":"product_cat-lotions-creams","10":"product_cat-hidratim-dhe-ushqim-english","11":"product_cat-bebe-dhe-nena-english","12":"product_tag-kunder-irritimit-en","13":"product_tag-bebe-en","14":"product_tag-femije-en","15":"product_tag-cream-en","16":"product_tag-vaj-ulliri-en","17":"product_tag-mbrojtes-en","18":"product_tag-zbutes-en","19":"product_tag-oksid-zinku-en","21":"first","22":"instock","23":"taxable","24":"shipping-taxable","25":"purchasable","26":"product-type-simple"},"bundled_by":[],"bundle_stock_status":"instock","bundle_stock_quantity":19,"bundle_virtual":false,"bundle_layout":"","bundle_add_to_cart_form_location":"","bundle_editable_in_cart":false,"bundle_sold_individually_context":"","bundle_item_grouping":"","bundle_min_size":"","bundle_max_size":"","bundle_price":[],"bundled_items":[],"bundle_sell_ids":[],"acf":[],"yoast_head":"<!-- This site is optimized with the Yoast SEO Premium plugin v23.0 (Yoast SEO v26.0) - https:\/\/yoast.com\/wordpress\/plugins\/seo\/ -->\n<title>Pasta di Hoffmann Sella - Farmaon<\/title>\n<meta name=\"robots\" content=\"index, follow, max-snippet:-1, max-image-preview:large, max-video-preview:-1\" \/>\n<link rel=\"canonical\" href=\"https:\/\/farmaon4.apptirana.al\/en\/produkt\/pasta-di-hoffmann-sella\/\" \/>\n<meta property=\"og:locale\" content=\"en_US\" \/>\n<meta property=\"og:type\" content=\"article\" \/>\n<meta property=\"og:title\" content=\"Pasta di Hoffmann Sella\" \/>\n<meta property=\"og:description\" content=\"Past\u00eb zbut\u00ebse, mbrojt\u00ebse dhe kund\u00ebr skuqjes me vaj ulliri dhe oksid zinku 75 ml\" \/>\n<meta property=\"og:url\" content=\"https:\/\/farmaon4.apptirana.al\/en\/produkt\/pasta-di-hoffmann-sella\/\" \/>\n<meta property=\"og:site_name\" content=\"Farmaon\" \/>\n<meta property=\"article:modified_time\" content=\"2026-04-28T08:46:46+00:00\" \/>\n<meta property=\"og:image\" content=\"https:\/\/farmaon4.apptirana.al\/wp-content\/uploads\/2023\/12\/02f40feb-untitled-design-2022-09-21t170928.823.jpg\" \/>\n\t<meta property=\"og:image:width\" content=\"1080\" \/>\n\t<meta property=\"og:image:height\" content=\"1080\" \/>\n\t<meta property=\"og:image:type\" content=\"image\/jpeg\" \/>\n<meta name=\"twitter:card\" content=\"summary_large_image\" \/>\n<meta name=\"twitter:label1\" content=\"Price\" \/>\n\t<meta name=\"twitter:data1\" content=\"1250&nbsp;L\" \/>\n\t<meta name=\"twitter:label2\" content=\"Availability\" \/>\n\t<meta name=\"twitter:data2\" content=\"In stock\" \/>\n<script type=\"application\/ld+json\" class=\"yoast-schema-graph\">{\"@context\":\"https:\/\/schema.org\",\"@graph\":[{\"@type\":\"WebPage\",\"@id\":\"https:\/\/farmaon4.apptirana.al\/en\/produkt\/pasta-di-hoffmann-sella\/\",\"url\":\"https:\/\/farmaon4.apptirana.al\/en\/produkt\/pasta-di-hoffmann-sella\/\",\"name\":\"Pasta di Hoffmann Sella - Farmaon\",\"isPartOf\":{\"@id\":\"https:\/\/farmaon4.apptirana.al\/#website\"},\"primaryImageOfPage\":{\"@id\":\"https:\/\/farmaon4.apptirana.al\/en\/produkt\/pasta-di-hoffmann-sella\/#primaryimage\"},\"image\":{\"@id\":\"https:\/\/farmaon4.apptirana.al\/en\/produkt\/pasta-di-hoffmann-sella\/#primaryimage\"},\"thumbnailUrl\":\"https:\/\/farmaon4.apptirana.al\/wp-content\/uploads\/2023\/12\/02f40feb-untitled-design-2022-09-21t170928.823.jpg\",\"datePublished\":\"2024-01-21T22:21:02+00:00\",\"dateModified\":\"2026-04-28T08:46:46+00:00\",\"breadcrumb\":{\"@id\":\"https:\/\/farmaon4.apptirana.al\/en\/produkt\/pasta-di-hoffmann-sella\/#breadcrumb\"},\"inLanguage\":\"en-US\",\"potentialAction\":[{\"@type\":\"ReadAction\",\"target\":[\"https:\/\/farmaon4.apptirana.al\/en\/produkt\/pasta-di-hoffmann-sella\/\"]}]},{\"@type\":\"ImageObject\",\"inLanguage\":\"en-US\",\"@id\":\"https:\/\/farmaon4.apptirana.al\/en\/produkt\/pasta-di-hoffmann-sella\/#primaryimage\",\"url\":\"https:\/\/farmaon4.apptirana.al\/wp-content\/uploads\/2023\/12\/02f40feb-untitled-design-2022-09-21t170928.823.jpg\",\"contentUrl\":\"https:\/\/farmaon4.apptirana.al\/wp-content\/uploads\/2023\/12\/02f40feb-untitled-design-2022-09-21t170928.823.jpg\",\"width\":1080,\"height\":1080},{\"@type\":\"BreadcrumbList\",\"@id\":\"https:\/\/farmaon4.apptirana.al\/en\/produkt\/pasta-di-hoffmann-sella\/#breadcrumb\",\"itemListElement\":[{\"@type\":\"ListItem\",\"position\":1,\"name\":\"Home\",\"item\":\"https:\/\/farmaon4.apptirana.al\/en\/\"},{\"@type\":\"ListItem\",\"position\":2,\"name\":\"Shop\",\"item\":\"https:\/\/farmaon4.apptirana.al\/en\/shop-3\/\"},{\"@type\":\"ListItem\",\"position\":3,\"name\":\"Pasta di Hoffmann Sella\"}]},{\"@type\":\"WebSite\",\"@id\":\"https:\/\/farmaon4.apptirana.al\/#website\",\"url\":\"https:\/\/farmaon4.apptirana.al\/\",\"name\":\"Farmaon\",\"description\":\"Farmacia Juaj Online!\",\"publisher\":{\"@id\":\"https:\/\/farmaon4.apptirana.al\/#organization\"},\"potentialAction\":[{\"@type\":\"SearchAction\",\"target\":{\"@type\":\"EntryPoint\",\"urlTemplate\":\"https:\/\/farmaon4.apptirana.al\/?s={search_term_string}\"},\"query-input\":{\"@type\":\"PropertyValueSpecification\",\"valueRequired\":true,\"valueName\":\"search_term_string\"}}],\"inLanguage\":\"en-US\"},{\"@type\":\"Organization\",\"@id\":\"https:\/\/farmaon4.apptirana.al\/#organization\",\"name\":\"Farmaon\",\"url\":\"https:\/\/farmaon4.apptirana.al\/\",\"logo\":{\"@type\":\"ImageObject\",\"inLanguage\":\"en-US\",\"@id\":\"https:\/\/farmaon4.apptirana.al\/#\/schema\/logo\/image\/\",\"url\":\"https:\/\/farmaon4.apptirana.al\/wp-content\/uploads\/2024\/08\/7f987514-logo-farmaon.png\",\"contentUrl\":\"https:\/\/farmaon4.apptirana.al\/wp-content\/uploads\/2024\/08\/7f987514-logo-farmaon.png\",\"width\":219,\"height\":53,\"caption\":\"Farmaon\"},\"image\":{\"@id\":\"https:\/\/farmaon4.apptirana.al\/#\/schema\/logo\/image\/\"}}]}<\/script>\n<meta property=\"product:price:amount\" content=\"1250\" \/>\n<meta property=\"product:price:currency\" content=\"ALL\" \/>\n<meta property=\"og:availability\" content=\"instock\" \/>\n<meta property=\"product:availability\" content=\"instock\" \/>\n<meta property=\"product:retailer_item_id\" content=\"F0044464\" \/>\n<meta property=\"product:condition\" content=\"new\" \/>\n<!-- \/ Yoast SEO Premium plugin. -->","yoast_head_json":{"title":"Pasta di Hoffmann Sella - Farmaon","robots":{"index":"index","follow":"follow","max-snippet":"max-snippet:-1","max-image-preview":"max-image-preview:large","max-video-preview":"max-video-preview:-1"},"canonical":"https:\/\/farmaon4.apptirana.al\/en\/produkt\/pasta-di-hoffmann-sella\/","og_locale":"en_US","og_type":"article","og_title":"Pasta di Hoffmann Sella","og_description":"Past\u00eb zbut\u00ebse, mbrojt\u00ebse dhe kund\u00ebr skuqjes me vaj ulliri dhe oksid zinku 75 ml","og_url":"https:\/\/farmaon4.apptirana.al\/en\/produkt\/pasta-di-hoffmann-sella\/","og_site_name":"Farmaon","article_modified_time":"2026-04-28T08:46:46+00:00","og_image":[{"width":1080,"height":1080,"url":"https:\/\/farmaon4.apptirana.al\/wp-content\/uploads\/2023\/12\/02f40feb-untitled-design-2022-09-21t170928.823.jpg","type":"image\/jpeg"}],"twitter_card":"summary_large_image","twitter_misc":{"Price":"1250&nbsp;L","Availability":"In stock"},"schema":{"@context":"https:\/\/schema.org","@graph":[{"@type":"WebPage","@id":"https:\/\/farmaon4.apptirana.al\/en\/produkt\/pasta-di-hoffmann-sella\/","url":"https:\/\/farmaon4.apptirana.al\/en\/produkt\/pasta-di-hoffmann-sella\/","name":"Pasta di Hoffmann Sella - Farmaon","isPartOf":{"@id":"https:\/\/farmaon4.apptirana.al\/#website"},"primaryImageOfPage":{"@id":"https:\/\/farmaon4.apptirana.al\/en\/produkt\/pasta-di-hoffmann-sella\/#primaryimage"},"image":{"@id":"https:\/\/farmaon4.apptirana.al\/en\/produkt\/pasta-di-hoffmann-sella\/#primaryimage"},"thumbnailUrl":"https:\/\/farmaon4.apptirana.al\/wp-content\/uploads\/2023\/12\/02f40feb-untitled-design-2022-09-21t170928.823.jpg","datePublished":"2024-01-21T22:21:02+00:00","dateModified":"2026-04-28T08:46:46+00:00","breadcrumb":{"@id":"https:\/\/farmaon4.apptirana.al\/en\/produkt\/pasta-di-hoffmann-sella\/#breadcrumb"},"inLanguage":"en-US","potentialAction":[{"@type":"ReadAction","target":["https:\/\/farmaon4.apptirana.al\/en\/produkt\/pasta-di-hoffmann-sella\/"]}]},{"@type":"ImageObject","inLanguage":"en-US","@id":"https:\/\/farmaon4.apptirana.al\/en\/produkt\/pasta-di-hoffmann-sella\/#primaryimage","url":"https:\/\/farmaon4.apptirana.al\/wp-content\/uploads\/2023\/12\/02f40feb-untitled-design-2022-09-21t170928.823.jpg","contentUrl":"https:\/\/farmaon4.apptirana.al\/wp-content\/uploads\/2023\/12\/02f40feb-untitled-design-2022-09-21t170928.823.jpg","width":1080,"height":1080},{"@type":"BreadcrumbList","@id":"https:\/\/farmaon4.apptirana.al\/en\/produkt\/pasta-di-hoffmann-sella\/#breadcrumb","itemListElement":[{"@type":"ListItem","position":1,"name":"Home","item":"https:\/\/farmaon4.apptirana.al\/en\/"},{"@type":"ListItem","position":2,"name":"Shop","item":"https:\/\/farmaon4.apptirana.al\/en\/shop-3\/"},{"@type":"ListItem","position":3,"name":"Pasta di Hoffmann Sella"}]},{"@type":"WebSite","@id":"https:\/\/farmaon4.apptirana.al\/#website","url":"https:\/\/farmaon4.apptirana.al\/","name":"Farmaon","description":"Farmacia Juaj Online!","publisher":{"@id":"https:\/\/farmaon4.apptirana.al\/#organization"},"potentialAction":[{"@type":"SearchAction","target":{"@type":"EntryPoint","urlTemplate":"https:\/\/farmaon4.apptirana.al\/?s={search_term_string}"},"query-input":{"@type":"PropertyValueSpecification","valueRequired":true,"valueName":"search_term_string"}}],"inLanguage":"en-US"},{"@type":"Organization","@id":"https:\/\/farmaon4.apptirana.al\/#organization","name":"Farmaon","url":"https:\/\/farmaon4.apptirana.al\/","logo":{"@type":"ImageObject","inLanguage":"en-US","@id":"https:\/\/farmaon4.apptirana.al\/#\/schema\/logo\/image\/","url":"https:\/\/farmaon4.apptirana.al\/wp-content\/uploads\/2024\/08\/7f987514-logo-farmaon.png","contentUrl":"https:\/\/farmaon4.apptirana.al\/wp-content\/uploads\/2024\/08\/7f987514-logo-farmaon.png","width":219,"height":53,"caption":"Farmaon"},"image":{"@id":"https:\/\/farmaon4.apptirana.al\/#\/schema\/logo\/image\/"}}]},"product_price_amount":"1250","product_price_currency":"ALL","og_availability":"instock","product_availability":"instock","product_retailer_item_id":"F0044464","product_condition":"new"},"_links":{"self":[{"href":"https:\/\/farmaon4.apptirana.al\/en\/wp-json\/wp\/v2\/product\/428831","targetHints":{"allow":["GET"]}}],"collection":[{"href":"https:\/\/farmaon4.apptirana.al\/en\/wp-json\/wp\/v2\/product"}],"about":[{"href":"https:\/\/farmaon4.apptirana.al\/en\/wp-json\/wp\/v2\/types\/product"}],"version-history":[{"count":0,"href":"https:\/\/farmaon4.apptirana.al\/en\/wp-json\/wp\/v2\/product\/428831\/revisions"}],"wp:featuredmedia":[{"embeddable":true,"href":"https:\/\/farmaon4.apptirana.al\/en\/wp-json\/wp\/v2\/media\/171679"}],"wp:attachment":[{"href":"https:\/\/farmaon4.apptirana.al\/en\/wp-json\/wp\/v2\/media?parent=428831"}],"wp:term":[{"taxonomy":"product_brand","embeddable":true,"href":"https:\/\/farmaon4.apptirana.al\/en\/wp-json\/wp\/v2\/product_brand?post=428831"},{"taxonomy":"product_cat","embeddable":true,"href":"https:\/\/farmaon4.apptirana.al\/en\/wp-json\/wp\/v2\/product_cat?post=428831"},{"taxonomy":"product_tag","embeddable":true,"href":"https:\/\/farmaon4.apptirana.al\/en\/wp-json\/wp\/v2\/product_tag?post=428831"},{"taxonomy":"giftcard-category","embeddable":true,"href":"https:\/\/farmaon4.apptirana.al\/en\/wp-json\/wp\/v2\/giftcard-category?post=428831"}],"curies":[{"name":"wp","href":"https:\/\/api.w.org\/{rel}","templated":true}]}}