{"id":429015,"date":"2024-01-21T23:19:39","date_gmt":"2024-01-21T23:19:39","guid":{"rendered":"https:\/\/farmaon4.apptirana.al\/product\/youth-lab-retinol-reboot-serum\/"},"modified":"2026-04-30T11:37:09","modified_gmt":"2026-04-30T10:37:09","slug":"youth-lab-retinol-reboot-serum","status":"publish","type":"product","link":"https:\/\/farmaon4.apptirana.al\/en\/produkt\/youth-lab-retinol-reboot-serum\/","title":{"rendered":"Youth Lab Retinol Reboot Serum"},"content":{"rendered":"<p>Retinol Reboot Serum enhances collagen production, addressing fine lines and wrinkles, reducing bacteria that cause acne outbreaks and balancing humidity levels, for brighter, more even skin tone, without undesired irritations.<br \/>\nYOUTH LAB.<br \/>\n has developed \u201cRetinol Reboot\u201d Line, an innovative, highly efficient line of products, with new generation Vitamin A, that recharges the cellular functions, which diminish over time, and \u201creminds\u201d cells to behave, as when they were young and healthy.<br \/>\nThe line accelerates the cellular metabolism rate, for rapid cellular renewal, and boosts collagen and elastin production, while regulating sebum production and offering antibacterial action.<br \/>\n Gradually, thanks to its cumulative action, fine lines and wrinkles smooth out and skin restores its bright, healthy look, without irritations or dryness.<br \/>\n<strong>Active Ingredients<\/strong><strong>Retinal O5 Complex<\/strong>, in retinaldehyde form, which is the most drastic form of Vitamin A, after retinoic acid, without causing skin irritations or dryness.<br \/>\n It naturally transforms to retinoic acid, taking action in the heart of cells, to accelerate their metabolism and their fast renewal.<br \/>\n Result? Smoother lines and wrinkles, firmer and denser skin, as well as less imperfections, for healthy and radiant skin.<br \/>\n<strong>Patented HPR Retinoic Acid Ester<\/strong>, that takes action at the heart of cells, without \u2013 just like retinoic acid- causing irritations.<br \/>\n New generation type of Vitamin A, quickly targeting at cell renewal, as no in between stages in the initial molecule intervene, as is the case with retinol.<br \/>\n<strong>Bio-mimetic tripeptides of Matricine<\/strong>, new generation tripeptides, that aim to smooth out nasolabial folds, which are considered the most challenging, as well as deep horizontal wrinkles on forehead and frown lines.<br \/>\n<strong>Kelp Algae Extract<\/strong>, polysaccharides that instantly firm and \u201cfill\u201d wrinkles.<br \/>\n<strong>Hyalouronic acid<\/strong>, that hydrates, enhancing skin density and minimizing signs of dehydration.<\/p>\n","protected":false},"excerpt":{"rendered":"<p>Serum i fuqish\u00ebm me retinol i cili ka  veprim anti-mosh\u00eb, anti-rrudh\u00eb dhe anti njoll\u00eb30 ml<\/p>\n","protected":false},"featured_media":176370,"template":"","meta":{"_acf_changed":false},"product_brand":[],"product_cat":[49981,50044,55668,55960],"product_tag":[50630,57893,46023,50627,50577,58016,45960,52800,57914,57886,45962,51974,50576],"giftcard-category":[],"class_list":{"0":"post-429015","1":"product","2":"type-product","3":"status-publish","4":"has-post-thumbnail","6":"product_cat-anti-age-dhe-anti-rrudhe-english","7":"product_cat-dermokozmetike-english","8":"product_cat-face-dermokozmetike-english","9":"product_cat-youth-lab","10":"product_tag-per-cdo-lekure-en","11":"product_tag-anti-age-en","12":"product_tag-anti-age","13":"product_tag-anti-rrudhe-en","14":"product_tag-acid-hialuronik-en","15":"product_tag-offers","17":"product_tag-acid-retioik-en","18":"product_tag-retinol-en","19":"product_tag-serum-en","20":"product_tag-serum","21":"product_tag-njolla-en","22":"product_tag-vitamine-a-en","24":"first","25":"instock","26":"sale","27":"taxable","28":"shipping-taxable","29":"purchasable","30":"product-type-simple"},"bundled_by":[],"bundle_stock_status":"instock","bundle_stock_quantity":4,"bundle_virtual":false,"bundle_layout":"","bundle_add_to_cart_form_location":"","bundle_editable_in_cart":false,"bundle_sold_individually_context":"","bundle_item_grouping":"","bundle_min_size":"","bundle_max_size":"","bundle_price":[],"bundled_items":[],"bundle_sell_ids":[],"acf":[],"yoast_head":"<!-- This site is optimized with the Yoast SEO Premium plugin v23.0 (Yoast SEO v26.0) - https:\/\/yoast.com\/wordpress\/plugins\/seo\/ -->\n<title>Youth Lab Retinol Reboot Serum - Farmaon<\/title>\n<meta name=\"robots\" content=\"index, follow, max-snippet:-1, max-image-preview:large, max-video-preview:-1\" \/>\n<link rel=\"canonical\" href=\"https:\/\/farmaon4.apptirana.al\/en\/produkt\/youth-lab-retinol-reboot-serum\/\" \/>\n<meta property=\"og:locale\" content=\"en_US\" \/>\n<meta property=\"og:type\" content=\"article\" \/>\n<meta property=\"og:title\" content=\"Youth Lab Retinol Reboot Serum\" \/>\n<meta property=\"og:description\" content=\"Serum i fuqish\u00ebm me retinol i cili ka veprim anti-mosh\u00eb, anti-rrudh\u00eb dhe anti njoll\u00eb30 ml\" \/>\n<meta property=\"og:url\" content=\"https:\/\/farmaon4.apptirana.al\/en\/produkt\/youth-lab-retinol-reboot-serum\/\" \/>\n<meta property=\"og:site_name\" content=\"Farmaon\" \/>\n<meta property=\"article:modified_time\" content=\"2026-04-30T10:37:09+00:00\" \/>\n<meta property=\"og:image\" content=\"https:\/\/farmaon4.apptirana.al\/wp-content\/uploads\/2023\/12\/65ab582a-untitled-design-43.png\" \/>\n\t<meta property=\"og:image:width\" content=\"1080\" \/>\n\t<meta property=\"og:image:height\" content=\"1080\" \/>\n\t<meta property=\"og:image:type\" content=\"image\/png\" \/>\n<meta name=\"twitter:card\" content=\"summary_large_image\" \/>\n<meta name=\"twitter:label1\" content=\"Price\" \/>\n\t<meta name=\"twitter:data1\" content=\"5168&nbsp;L\" \/>\n\t<meta name=\"twitter:label2\" content=\"Availability\" \/>\n\t<meta name=\"twitter:data2\" content=\"In stock\" \/>\n<script type=\"application\/ld+json\" class=\"yoast-schema-graph\">{\"@context\":\"https:\/\/schema.org\",\"@graph\":[{\"@type\":\"WebPage\",\"@id\":\"https:\/\/farmaon4.apptirana.al\/en\/produkt\/youth-lab-retinol-reboot-serum\/\",\"url\":\"https:\/\/farmaon4.apptirana.al\/en\/produkt\/youth-lab-retinol-reboot-serum\/\",\"name\":\"Youth Lab Retinol Reboot Serum - Farmaon\",\"isPartOf\":{\"@id\":\"https:\/\/farmaon4.apptirana.al\/#website\"},\"primaryImageOfPage\":{\"@id\":\"https:\/\/farmaon4.apptirana.al\/en\/produkt\/youth-lab-retinol-reboot-serum\/#primaryimage\"},\"image\":{\"@id\":\"https:\/\/farmaon4.apptirana.al\/en\/produkt\/youth-lab-retinol-reboot-serum\/#primaryimage\"},\"thumbnailUrl\":\"https:\/\/farmaon4.apptirana.al\/wp-content\/uploads\/2023\/12\/65ab582a-untitled-design-43.png\",\"datePublished\":\"2024-01-21T23:19:39+00:00\",\"dateModified\":\"2026-04-30T10:37:09+00:00\",\"breadcrumb\":{\"@id\":\"https:\/\/farmaon4.apptirana.al\/en\/produkt\/youth-lab-retinol-reboot-serum\/#breadcrumb\"},\"inLanguage\":\"en-US\",\"potentialAction\":[{\"@type\":\"ReadAction\",\"target\":[\"https:\/\/farmaon4.apptirana.al\/en\/produkt\/youth-lab-retinol-reboot-serum\/\"]}]},{\"@type\":\"ImageObject\",\"inLanguage\":\"en-US\",\"@id\":\"https:\/\/farmaon4.apptirana.al\/en\/produkt\/youth-lab-retinol-reboot-serum\/#primaryimage\",\"url\":\"https:\/\/farmaon4.apptirana.al\/wp-content\/uploads\/2023\/12\/65ab582a-untitled-design-43.png\",\"contentUrl\":\"https:\/\/farmaon4.apptirana.al\/wp-content\/uploads\/2023\/12\/65ab582a-untitled-design-43.png\",\"width\":1080,\"height\":1080},{\"@type\":\"BreadcrumbList\",\"@id\":\"https:\/\/farmaon4.apptirana.al\/en\/produkt\/youth-lab-retinol-reboot-serum\/#breadcrumb\",\"itemListElement\":[{\"@type\":\"ListItem\",\"position\":1,\"name\":\"Home\",\"item\":\"https:\/\/farmaon4.apptirana.al\/en\/\"},{\"@type\":\"ListItem\",\"position\":2,\"name\":\"Shop\",\"item\":\"https:\/\/farmaon4.apptirana.al\/en\/shop-3\/\"},{\"@type\":\"ListItem\",\"position\":3,\"name\":\"Youth Lab Retinol Reboot Serum\"}]},{\"@type\":\"WebSite\",\"@id\":\"https:\/\/farmaon4.apptirana.al\/#website\",\"url\":\"https:\/\/farmaon4.apptirana.al\/\",\"name\":\"Farmaon\",\"description\":\"Farmacia Juaj Online!\",\"publisher\":{\"@id\":\"https:\/\/farmaon4.apptirana.al\/#organization\"},\"potentialAction\":[{\"@type\":\"SearchAction\",\"target\":{\"@type\":\"EntryPoint\",\"urlTemplate\":\"https:\/\/farmaon4.apptirana.al\/?s={search_term_string}\"},\"query-input\":{\"@type\":\"PropertyValueSpecification\",\"valueRequired\":true,\"valueName\":\"search_term_string\"}}],\"inLanguage\":\"en-US\"},{\"@type\":\"Organization\",\"@id\":\"https:\/\/farmaon4.apptirana.al\/#organization\",\"name\":\"Farmaon\",\"url\":\"https:\/\/farmaon4.apptirana.al\/\",\"logo\":{\"@type\":\"ImageObject\",\"inLanguage\":\"en-US\",\"@id\":\"https:\/\/farmaon4.apptirana.al\/#\/schema\/logo\/image\/\",\"url\":\"https:\/\/farmaon4.apptirana.al\/wp-content\/uploads\/2024\/08\/7f987514-logo-farmaon.png\",\"contentUrl\":\"https:\/\/farmaon4.apptirana.al\/wp-content\/uploads\/2024\/08\/7f987514-logo-farmaon.png\",\"width\":219,\"height\":53,\"caption\":\"Farmaon\"},\"image\":{\"@id\":\"https:\/\/farmaon4.apptirana.al\/#\/schema\/logo\/image\/\"}}]}<\/script>\n<meta property=\"product:price:amount\" content=\"5168\" \/>\n<meta property=\"product:price:currency\" content=\"ALL\" \/>\n<meta property=\"og:availability\" content=\"instock\" \/>\n<meta property=\"product:availability\" content=\"instock\" \/>\n<meta property=\"product:retailer_item_id\" content=\"YL062\" \/>\n<meta property=\"product:condition\" content=\"new\" \/>\n<!-- \/ Yoast SEO Premium plugin. -->","yoast_head_json":{"title":"Youth Lab Retinol Reboot Serum - Farmaon","robots":{"index":"index","follow":"follow","max-snippet":"max-snippet:-1","max-image-preview":"max-image-preview:large","max-video-preview":"max-video-preview:-1"},"canonical":"https:\/\/farmaon4.apptirana.al\/en\/produkt\/youth-lab-retinol-reboot-serum\/","og_locale":"en_US","og_type":"article","og_title":"Youth Lab Retinol Reboot Serum","og_description":"Serum i fuqish\u00ebm me retinol i cili ka veprim anti-mosh\u00eb, anti-rrudh\u00eb dhe anti njoll\u00eb30 ml","og_url":"https:\/\/farmaon4.apptirana.al\/en\/produkt\/youth-lab-retinol-reboot-serum\/","og_site_name":"Farmaon","article_modified_time":"2026-04-30T10:37:09+00:00","og_image":[{"width":1080,"height":1080,"url":"https:\/\/farmaon4.apptirana.al\/wp-content\/uploads\/2023\/12\/65ab582a-untitled-design-43.png","type":"image\/png"}],"twitter_card":"summary_large_image","twitter_misc":{"Price":"5168&nbsp;L","Availability":"In stock"},"schema":{"@context":"https:\/\/schema.org","@graph":[{"@type":"WebPage","@id":"https:\/\/farmaon4.apptirana.al\/en\/produkt\/youth-lab-retinol-reboot-serum\/","url":"https:\/\/farmaon4.apptirana.al\/en\/produkt\/youth-lab-retinol-reboot-serum\/","name":"Youth Lab Retinol Reboot Serum - Farmaon","isPartOf":{"@id":"https:\/\/farmaon4.apptirana.al\/#website"},"primaryImageOfPage":{"@id":"https:\/\/farmaon4.apptirana.al\/en\/produkt\/youth-lab-retinol-reboot-serum\/#primaryimage"},"image":{"@id":"https:\/\/farmaon4.apptirana.al\/en\/produkt\/youth-lab-retinol-reboot-serum\/#primaryimage"},"thumbnailUrl":"https:\/\/farmaon4.apptirana.al\/wp-content\/uploads\/2023\/12\/65ab582a-untitled-design-43.png","datePublished":"2024-01-21T23:19:39+00:00","dateModified":"2026-04-30T10:37:09+00:00","breadcrumb":{"@id":"https:\/\/farmaon4.apptirana.al\/en\/produkt\/youth-lab-retinol-reboot-serum\/#breadcrumb"},"inLanguage":"en-US","potentialAction":[{"@type":"ReadAction","target":["https:\/\/farmaon4.apptirana.al\/en\/produkt\/youth-lab-retinol-reboot-serum\/"]}]},{"@type":"ImageObject","inLanguage":"en-US","@id":"https:\/\/farmaon4.apptirana.al\/en\/produkt\/youth-lab-retinol-reboot-serum\/#primaryimage","url":"https:\/\/farmaon4.apptirana.al\/wp-content\/uploads\/2023\/12\/65ab582a-untitled-design-43.png","contentUrl":"https:\/\/farmaon4.apptirana.al\/wp-content\/uploads\/2023\/12\/65ab582a-untitled-design-43.png","width":1080,"height":1080},{"@type":"BreadcrumbList","@id":"https:\/\/farmaon4.apptirana.al\/en\/produkt\/youth-lab-retinol-reboot-serum\/#breadcrumb","itemListElement":[{"@type":"ListItem","position":1,"name":"Home","item":"https:\/\/farmaon4.apptirana.al\/en\/"},{"@type":"ListItem","position":2,"name":"Shop","item":"https:\/\/farmaon4.apptirana.al\/en\/shop-3\/"},{"@type":"ListItem","position":3,"name":"Youth Lab Retinol Reboot Serum"}]},{"@type":"WebSite","@id":"https:\/\/farmaon4.apptirana.al\/#website","url":"https:\/\/farmaon4.apptirana.al\/","name":"Farmaon","description":"Farmacia Juaj Online!","publisher":{"@id":"https:\/\/farmaon4.apptirana.al\/#organization"},"potentialAction":[{"@type":"SearchAction","target":{"@type":"EntryPoint","urlTemplate":"https:\/\/farmaon4.apptirana.al\/?s={search_term_string}"},"query-input":{"@type":"PropertyValueSpecification","valueRequired":true,"valueName":"search_term_string"}}],"inLanguage":"en-US"},{"@type":"Organization","@id":"https:\/\/farmaon4.apptirana.al\/#organization","name":"Farmaon","url":"https:\/\/farmaon4.apptirana.al\/","logo":{"@type":"ImageObject","inLanguage":"en-US","@id":"https:\/\/farmaon4.apptirana.al\/#\/schema\/logo\/image\/","url":"https:\/\/farmaon4.apptirana.al\/wp-content\/uploads\/2024\/08\/7f987514-logo-farmaon.png","contentUrl":"https:\/\/farmaon4.apptirana.al\/wp-content\/uploads\/2024\/08\/7f987514-logo-farmaon.png","width":219,"height":53,"caption":"Farmaon"},"image":{"@id":"https:\/\/farmaon4.apptirana.al\/#\/schema\/logo\/image\/"}}]},"product_price_amount":"5168","product_price_currency":"ALL","og_availability":"instock","product_availability":"instock","product_retailer_item_id":"YL062","product_condition":"new"},"_links":{"self":[{"href":"https:\/\/farmaon4.apptirana.al\/en\/wp-json\/wp\/v2\/product\/429015","targetHints":{"allow":["GET"]}}],"collection":[{"href":"https:\/\/farmaon4.apptirana.al\/en\/wp-json\/wp\/v2\/product"}],"about":[{"href":"https:\/\/farmaon4.apptirana.al\/en\/wp-json\/wp\/v2\/types\/product"}],"version-history":[{"count":0,"href":"https:\/\/farmaon4.apptirana.al\/en\/wp-json\/wp\/v2\/product\/429015\/revisions"}],"wp:featuredmedia":[{"embeddable":true,"href":"https:\/\/farmaon4.apptirana.al\/en\/wp-json\/wp\/v2\/media\/176370"}],"wp:attachment":[{"href":"https:\/\/farmaon4.apptirana.al\/en\/wp-json\/wp\/v2\/media?parent=429015"}],"wp:term":[{"taxonomy":"product_brand","embeddable":true,"href":"https:\/\/farmaon4.apptirana.al\/en\/wp-json\/wp\/v2\/product_brand?post=429015"},{"taxonomy":"product_cat","embeddable":true,"href":"https:\/\/farmaon4.apptirana.al\/en\/wp-json\/wp\/v2\/product_cat?post=429015"},{"taxonomy":"product_tag","embeddable":true,"href":"https:\/\/farmaon4.apptirana.al\/en\/wp-json\/wp\/v2\/product_tag?post=429015"},{"taxonomy":"giftcard-category","embeddable":true,"href":"https:\/\/farmaon4.apptirana.al\/en\/wp-json\/wp\/v2\/giftcard-category?post=429015"}],"curies":[{"name":"wp","href":"https:\/\/api.w.org\/{rel}","templated":true}]}}