{"id":429123,"date":"2024-01-21T23:18:45","date_gmt":"2024-01-21T23:18:45","guid":{"rendered":"https:\/\/farmaon4.apptirana.al\/product\/phlebodia-600-mg-diosmine\/"},"modified":"2026-05-02T13:08:40","modified_gmt":"2026-05-02T12:08:40","slug":"phlebodia-600-mg-diosmine","status":"publish","type":"product","link":"https:\/\/farmaon4.apptirana.al\/en\/produkt\/phlebodia-600-mg-diosmine\/","title":{"rendered":"Phlebodia 600 mg (diosmin\u00eb)"},"content":{"rendered":"<p>Phlebodia p\u00ebrmban si l\u00ebnd\u00eb aktive diosmin\u00ebn.<br \/>\nPhlebodia \u00ebsht\u00eb nj\u00eb medikament veno-tonik (rrit tonusin e mureve t\u00eb venave) dhe vaskulo-protektor (rrit rezistenc\u00ebn vaskulare t\u00eb en\u00ebve t\u00eb vogla t\u00eb gjakut).<br \/>\nPhlebodia duhet t\u00eb p\u00ebrdoret vet\u00ebm nga t\u00eb rriturit p\u00ebr:<\/p>\n<p>&#8211; p\u00ebrmir\u00ebsim t\u00eb simptomave t\u00eb nd\u00ebrlidhura me insufi\u00e7ienc\u00ebn veno-limfatike (k\u00ebmb\u00ebt e r\u00ebnduara, dhimbje, shqet\u00ebsim para-dekubitues);<br \/>\n&#8211; trajtimin mb\u00ebshtet\u00ebs p\u00ebr \u00e7rregullimet funksionale t\u00eb brisht\u00ebsis\u00eb kapilare;<br \/>\n&#8211; trajtimin e shenjave t\u00eb hemorroideve akute.<br \/>\nMos p\u00ebrdorni Phlebodia n\u00ebse:<\/p>\n<p>&#8211; jeni alergjik nga diosmina ose nga ndonj\u00ebri prej p\u00ebrb\u00ebr\u00ebsve t\u00eb tjer\u00eb t\u00eb k\u00ebtij formulimi.<br \/>\nP\u00ebrkujdesje- N\u00ebse problemi dhe brisht\u00ebsia e en\u00ebve t\u00eb gjakut nuk p\u00ebrmir\u00ebsohet brenda 15 dit\u00ebsh p\u00ebrdorimi t\u00eb k\u00ebtij medikamenti, k\u00ebshillohuni me mjekun tuaj n\u00ebse duhet t\u00eb vazhdoni p\u00ebrdorimin e tij apo jo.<br \/>\n&#8211; N\u00ebse shqet\u00ebsimet e hemorroideve vazhdojn\u00eb dhe pasi ju p\u00ebrdorni k\u00ebt\u00eb medikament k\u00ebshillohuni me mjekun tuaj.<br \/>\n&#8211; Efekti maksimal i Phlebodias arrihet kur ju keni dhe nj\u00eb stil jetese t\u00eb sh\u00ebndetsh\u00ebm.<br \/>\n Shmangni ekspozimin n\u00eb diell, q\u00ebndrimin n\u00eb k\u00ebmb\u00eb p\u00ebr nj\u00eb koh\u00eb t\u00eb gjat\u00eb, pak\u00ebsoni pesh\u00ebn trupore.<br \/>\n Ecja dhe veshja e \u00e7orapeve p\u00ebrmir\u00ebsojn\u00eb mikroqarkullimin.<br \/>\n&#8211; P\u00ebrdorimi i k\u00ebtij medikamenti nuk z\u00ebv\u00ebnd\u00ebson trajtimin specifik t\u00eb s\u00ebmundjeve anale.<br \/>\nShtatz\u00ebnia dhe ushqyerja me gjiN\u00ebse jeni shtatz\u00ebn\u00eb, po planifikoni nj\u00eb shtatz\u00ebni ose ushqeni me gji k\u00ebshillohuni me mjekun tuaj, p\u00ebrpara p\u00ebrdorimit t\u00eb k\u00ebtij medikamenti.<br \/>\nPhlebodia mund t\u00eb p\u00ebrdoret n\u00eb shtatz\u00ebni vet\u00ebm n\u00eb ato raste kur mjeku juaj vendos q\u00eb duhet p\u00ebrdorur.<br \/>\nPhlebodia nuk duhet t\u00eb p\u00ebrdoret gjat\u00eb ushqyerjes me gji.<br \/>\nKy \u00ebsht\u00eb nj\u00eb medikament OTC, k\u00ebshtu q\u00eb mund t\u00eb merret pa rekomandimin e mjekut.<br \/>\nP\u00ebrpara se t\u00eb p\u00ebrdorni k\u00ebt\u00eb medikament, lexoni me kujdes flet\u00eb-udh\u00ebzuesin q\u00eb gjendet brenda n\u00eb paketim pasi p\u00ebrmban informacion m\u00eb t\u00eb detajuar.<br \/>\nP\u00ebr \u00e7do paqart\u00ebsi konsultohuni me mjekun ose farmacistin tuaj.<\/p>\n","protected":false},"excerpt":{"rendered":"<p>Medikament OTC me veprim venotonik dhe vazombrojt\u00ebs<br \/>\nKuti x 30 tableta<\/p>\n","protected":false},"featured_media":173150,"template":"","meta":{"_acf_changed":false},"product_brand":[],"product_cat":[50287,50288,50203,50340],"product_tag":[50451,52124],"giftcard-category":[],"class_list":{"0":"post-429123","1":"product","2":"type-product","3":"status-publish","4":"has-post-thumbnail","6":"product_cat-sistemi-i-qarkullimit-te-gjakut-english","7":"product_cat-sistemi-tretes-english","8":"product_cat-otc-orale-english","9":"product_cat-varice-english","10":"product_tag-te-rritur-en","11":"product_tag-trajtim-kunder-hemorroideve-en","13":"first","14":"instock","15":"taxable","16":"shipping-taxable","17":"purchasable","18":"product-type-simple"},"bundled_by":[],"bundle_stock_status":"instock","bundle_stock_quantity":1,"bundle_virtual":false,"bundle_layout":"","bundle_add_to_cart_form_location":"","bundle_editable_in_cart":false,"bundle_sold_individually_context":"","bundle_item_grouping":"","bundle_min_size":"","bundle_max_size":"","bundle_price":[],"bundled_items":[],"bundle_sell_ids":[],"acf":[],"yoast_head":"<!-- This site is optimized with the Yoast SEO Premium plugin v23.0 (Yoast SEO v26.0) - https:\/\/yoast.com\/wordpress\/plugins\/seo\/ -->\n<title>Phlebodia 600 mg (diosmin\u00eb) - Farmaon<\/title>\n<meta name=\"robots\" content=\"index, follow, max-snippet:-1, max-image-preview:large, max-video-preview:-1\" \/>\n<link rel=\"canonical\" href=\"https:\/\/farmaon4.apptirana.al\/en\/produkt\/phlebodia-600-mg-diosmine\/\" \/>\n<meta property=\"og:locale\" content=\"en_US\" \/>\n<meta property=\"og:type\" content=\"article\" \/>\n<meta property=\"og:title\" content=\"Phlebodia 600 mg (diosmin\u00eb)\" \/>\n<meta property=\"og:description\" content=\"Medikament OTC me veprim venotonik dhe vazombrojt\u00ebs Kuti x 30 tableta\" \/>\n<meta property=\"og:url\" content=\"https:\/\/farmaon4.apptirana.al\/en\/produkt\/phlebodia-600-mg-diosmine\/\" \/>\n<meta property=\"og:site_name\" content=\"Farmaon\" \/>\n<meta property=\"article:modified_time\" content=\"2026-05-02T12:08:40+00:00\" \/>\n<meta property=\"og:image\" content=\"https:\/\/farmaon4.apptirana.al\/wp-content\/uploads\/2023\/12\/738bdce3-001385.jpg\" \/>\n\t<meta property=\"og:image:width\" content=\"1080\" \/>\n\t<meta property=\"og:image:height\" content=\"1080\" \/>\n\t<meta property=\"og:image:type\" content=\"image\/jpeg\" \/>\n<meta name=\"twitter:card\" content=\"summary_large_image\" \/>\n<meta name=\"twitter:label1\" content=\"Price\" \/>\n\t<meta name=\"twitter:data1\" content=\"1698&nbsp;L\" \/>\n\t<meta name=\"twitter:label2\" content=\"Availability\" \/>\n\t<meta name=\"twitter:data2\" content=\"In stock\" \/>\n<script type=\"application\/ld+json\" class=\"yoast-schema-graph\">{\"@context\":\"https:\/\/schema.org\",\"@graph\":[{\"@type\":\"WebPage\",\"@id\":\"https:\/\/farmaon4.apptirana.al\/en\/produkt\/phlebodia-600-mg-diosmine\/\",\"url\":\"https:\/\/farmaon4.apptirana.al\/en\/produkt\/phlebodia-600-mg-diosmine\/\",\"name\":\"Phlebodia 600 mg (diosmin\u00eb) - Farmaon\",\"isPartOf\":{\"@id\":\"https:\/\/farmaon4.apptirana.al\/#website\"},\"primaryImageOfPage\":{\"@id\":\"https:\/\/farmaon4.apptirana.al\/en\/produkt\/phlebodia-600-mg-diosmine\/#primaryimage\"},\"image\":{\"@id\":\"https:\/\/farmaon4.apptirana.al\/en\/produkt\/phlebodia-600-mg-diosmine\/#primaryimage\"},\"thumbnailUrl\":\"https:\/\/farmaon4.apptirana.al\/wp-content\/uploads\/2023\/12\/738bdce3-001385.jpg\",\"datePublished\":\"2024-01-21T23:18:45+00:00\",\"dateModified\":\"2026-05-02T12:08:40+00:00\",\"breadcrumb\":{\"@id\":\"https:\/\/farmaon4.apptirana.al\/en\/produkt\/phlebodia-600-mg-diosmine\/#breadcrumb\"},\"inLanguage\":\"en-US\",\"potentialAction\":[{\"@type\":\"ReadAction\",\"target\":[\"https:\/\/farmaon4.apptirana.al\/en\/produkt\/phlebodia-600-mg-diosmine\/\"]}]},{\"@type\":\"ImageObject\",\"inLanguage\":\"en-US\",\"@id\":\"https:\/\/farmaon4.apptirana.al\/en\/produkt\/phlebodia-600-mg-diosmine\/#primaryimage\",\"url\":\"https:\/\/farmaon4.apptirana.al\/wp-content\/uploads\/2023\/12\/738bdce3-001385.jpg\",\"contentUrl\":\"https:\/\/farmaon4.apptirana.al\/wp-content\/uploads\/2023\/12\/738bdce3-001385.jpg\",\"width\":1080,\"height\":1080},{\"@type\":\"BreadcrumbList\",\"@id\":\"https:\/\/farmaon4.apptirana.al\/en\/produkt\/phlebodia-600-mg-diosmine\/#breadcrumb\",\"itemListElement\":[{\"@type\":\"ListItem\",\"position\":1,\"name\":\"Home\",\"item\":\"https:\/\/farmaon4.apptirana.al\/en\/\"},{\"@type\":\"ListItem\",\"position\":2,\"name\":\"Shop\",\"item\":\"https:\/\/farmaon4.apptirana.al\/en\/shop-3\/\"},{\"@type\":\"ListItem\",\"position\":3,\"name\":\"Phlebodia 600 mg (diosmin\u00eb)\"}]},{\"@type\":\"WebSite\",\"@id\":\"https:\/\/farmaon4.apptirana.al\/#website\",\"url\":\"https:\/\/farmaon4.apptirana.al\/\",\"name\":\"Farmaon\",\"description\":\"Farmacia Juaj Online!\",\"publisher\":{\"@id\":\"https:\/\/farmaon4.apptirana.al\/#organization\"},\"potentialAction\":[{\"@type\":\"SearchAction\",\"target\":{\"@type\":\"EntryPoint\",\"urlTemplate\":\"https:\/\/farmaon4.apptirana.al\/?s={search_term_string}\"},\"query-input\":{\"@type\":\"PropertyValueSpecification\",\"valueRequired\":true,\"valueName\":\"search_term_string\"}}],\"inLanguage\":\"en-US\"},{\"@type\":\"Organization\",\"@id\":\"https:\/\/farmaon4.apptirana.al\/#organization\",\"name\":\"Farmaon\",\"url\":\"https:\/\/farmaon4.apptirana.al\/\",\"logo\":{\"@type\":\"ImageObject\",\"inLanguage\":\"en-US\",\"@id\":\"https:\/\/farmaon4.apptirana.al\/#\/schema\/logo\/image\/\",\"url\":\"https:\/\/farmaon4.apptirana.al\/wp-content\/uploads\/2024\/08\/7f987514-logo-farmaon.png\",\"contentUrl\":\"https:\/\/farmaon4.apptirana.al\/wp-content\/uploads\/2024\/08\/7f987514-logo-farmaon.png\",\"width\":219,\"height\":53,\"caption\":\"Farmaon\"},\"image\":{\"@id\":\"https:\/\/farmaon4.apptirana.al\/#\/schema\/logo\/image\/\"}}]}<\/script>\n<meta property=\"product:price:amount\" content=\"1698\" \/>\n<meta property=\"product:price:currency\" content=\"ALL\" \/>\n<meta property=\"og:availability\" content=\"instock\" \/>\n<meta property=\"product:availability\" content=\"instock\" \/>\n<meta property=\"product:retailer_item_id\" content=\"F001385\" \/>\n<meta property=\"product:condition\" content=\"new\" \/>\n<!-- \/ Yoast SEO Premium plugin. -->","yoast_head_json":{"title":"Phlebodia 600 mg (diosmin\u00eb) - Farmaon","robots":{"index":"index","follow":"follow","max-snippet":"max-snippet:-1","max-image-preview":"max-image-preview:large","max-video-preview":"max-video-preview:-1"},"canonical":"https:\/\/farmaon4.apptirana.al\/en\/produkt\/phlebodia-600-mg-diosmine\/","og_locale":"en_US","og_type":"article","og_title":"Phlebodia 600 mg (diosmin\u00eb)","og_description":"Medikament OTC me veprim venotonik dhe vazombrojt\u00ebs Kuti x 30 tableta","og_url":"https:\/\/farmaon4.apptirana.al\/en\/produkt\/phlebodia-600-mg-diosmine\/","og_site_name":"Farmaon","article_modified_time":"2026-05-02T12:08:40+00:00","og_image":[{"width":1080,"height":1080,"url":"https:\/\/farmaon4.apptirana.al\/wp-content\/uploads\/2023\/12\/738bdce3-001385.jpg","type":"image\/jpeg"}],"twitter_card":"summary_large_image","twitter_misc":{"Price":"1698&nbsp;L","Availability":"In stock"},"schema":{"@context":"https:\/\/schema.org","@graph":[{"@type":"WebPage","@id":"https:\/\/farmaon4.apptirana.al\/en\/produkt\/phlebodia-600-mg-diosmine\/","url":"https:\/\/farmaon4.apptirana.al\/en\/produkt\/phlebodia-600-mg-diosmine\/","name":"Phlebodia 600 mg (diosmin\u00eb) - Farmaon","isPartOf":{"@id":"https:\/\/farmaon4.apptirana.al\/#website"},"primaryImageOfPage":{"@id":"https:\/\/farmaon4.apptirana.al\/en\/produkt\/phlebodia-600-mg-diosmine\/#primaryimage"},"image":{"@id":"https:\/\/farmaon4.apptirana.al\/en\/produkt\/phlebodia-600-mg-diosmine\/#primaryimage"},"thumbnailUrl":"https:\/\/farmaon4.apptirana.al\/wp-content\/uploads\/2023\/12\/738bdce3-001385.jpg","datePublished":"2024-01-21T23:18:45+00:00","dateModified":"2026-05-02T12:08:40+00:00","breadcrumb":{"@id":"https:\/\/farmaon4.apptirana.al\/en\/produkt\/phlebodia-600-mg-diosmine\/#breadcrumb"},"inLanguage":"en-US","potentialAction":[{"@type":"ReadAction","target":["https:\/\/farmaon4.apptirana.al\/en\/produkt\/phlebodia-600-mg-diosmine\/"]}]},{"@type":"ImageObject","inLanguage":"en-US","@id":"https:\/\/farmaon4.apptirana.al\/en\/produkt\/phlebodia-600-mg-diosmine\/#primaryimage","url":"https:\/\/farmaon4.apptirana.al\/wp-content\/uploads\/2023\/12\/738bdce3-001385.jpg","contentUrl":"https:\/\/farmaon4.apptirana.al\/wp-content\/uploads\/2023\/12\/738bdce3-001385.jpg","width":1080,"height":1080},{"@type":"BreadcrumbList","@id":"https:\/\/farmaon4.apptirana.al\/en\/produkt\/phlebodia-600-mg-diosmine\/#breadcrumb","itemListElement":[{"@type":"ListItem","position":1,"name":"Home","item":"https:\/\/farmaon4.apptirana.al\/en\/"},{"@type":"ListItem","position":2,"name":"Shop","item":"https:\/\/farmaon4.apptirana.al\/en\/shop-3\/"},{"@type":"ListItem","position":3,"name":"Phlebodia 600 mg (diosmin\u00eb)"}]},{"@type":"WebSite","@id":"https:\/\/farmaon4.apptirana.al\/#website","url":"https:\/\/farmaon4.apptirana.al\/","name":"Farmaon","description":"Farmacia Juaj Online!","publisher":{"@id":"https:\/\/farmaon4.apptirana.al\/#organization"},"potentialAction":[{"@type":"SearchAction","target":{"@type":"EntryPoint","urlTemplate":"https:\/\/farmaon4.apptirana.al\/?s={search_term_string}"},"query-input":{"@type":"PropertyValueSpecification","valueRequired":true,"valueName":"search_term_string"}}],"inLanguage":"en-US"},{"@type":"Organization","@id":"https:\/\/farmaon4.apptirana.al\/#organization","name":"Farmaon","url":"https:\/\/farmaon4.apptirana.al\/","logo":{"@type":"ImageObject","inLanguage":"en-US","@id":"https:\/\/farmaon4.apptirana.al\/#\/schema\/logo\/image\/","url":"https:\/\/farmaon4.apptirana.al\/wp-content\/uploads\/2024\/08\/7f987514-logo-farmaon.png","contentUrl":"https:\/\/farmaon4.apptirana.al\/wp-content\/uploads\/2024\/08\/7f987514-logo-farmaon.png","width":219,"height":53,"caption":"Farmaon"},"image":{"@id":"https:\/\/farmaon4.apptirana.al\/#\/schema\/logo\/image\/"}}]},"product_price_amount":"1698","product_price_currency":"ALL","og_availability":"instock","product_availability":"instock","product_retailer_item_id":"F001385","product_condition":"new"},"_links":{"self":[{"href":"https:\/\/farmaon4.apptirana.al\/en\/wp-json\/wp\/v2\/product\/429123","targetHints":{"allow":["GET"]}}],"collection":[{"href":"https:\/\/farmaon4.apptirana.al\/en\/wp-json\/wp\/v2\/product"}],"about":[{"href":"https:\/\/farmaon4.apptirana.al\/en\/wp-json\/wp\/v2\/types\/product"}],"version-history":[{"count":0,"href":"https:\/\/farmaon4.apptirana.al\/en\/wp-json\/wp\/v2\/product\/429123\/revisions"}],"wp:featuredmedia":[{"embeddable":true,"href":"https:\/\/farmaon4.apptirana.al\/en\/wp-json\/wp\/v2\/media\/173150"}],"wp:attachment":[{"href":"https:\/\/farmaon4.apptirana.al\/en\/wp-json\/wp\/v2\/media?parent=429123"}],"wp:term":[{"taxonomy":"product_brand","embeddable":true,"href":"https:\/\/farmaon4.apptirana.al\/en\/wp-json\/wp\/v2\/product_brand?post=429123"},{"taxonomy":"product_cat","embeddable":true,"href":"https:\/\/farmaon4.apptirana.al\/en\/wp-json\/wp\/v2\/product_cat?post=429123"},{"taxonomy":"product_tag","embeddable":true,"href":"https:\/\/farmaon4.apptirana.al\/en\/wp-json\/wp\/v2\/product_tag?post=429123"},{"taxonomy":"giftcard-category","embeddable":true,"href":"https:\/\/farmaon4.apptirana.al\/en\/wp-json\/wp\/v2\/giftcard-category?post=429123"}],"curies":[{"name":"wp","href":"https:\/\/api.w.org\/{rel}","templated":true}]}}