{"id":429131,"date":"2024-01-21T23:18:36","date_gmt":"2024-01-21T23:18:36","guid":{"rendered":"https:\/\/farmaon4.apptirana.al\/product\/pulmodexane-30-mg-dextromethorphan-hydrobromide\/"},"modified":"2026-04-14T18:42:24","modified_gmt":"2026-04-14T17:42:24","slug":"pulmodexane-30-mg-dextromethorphan-hydrobromide","status":"publish","type":"product","link":"https:\/\/farmaon4.apptirana.al\/en\/produkt\/pulmodexane-30-mg-dextromethorphan-hydrobromide\/","title":{"rendered":"Pulmodexane 30 mg (Dextromethorphan hydrobromide)"},"content":{"rendered":"<p>Pulmodexane p\u00ebrmban dekstrometorfan hidrobromid nj\u00eb medikament antitusiv, i cili ka q\u00ebllim t\u00eb frenoj\u00eb refleksin e koll\u00ebs.<br \/>\nMos p\u00ebrdorni k\u00ebt\u00eb medikament n\u00ebse:<\/p>\n<p>-jeni alergjik nga l\u00ebnda aktive ose nga ndonj\u00ebri prej p\u00ebrb\u00ebr\u00ebsit e tjer\u00eb t\u00eb k\u00ebtij formulimi.<br \/>\n-n\u00ebse vuani nga astma.<br \/>\n-n\u00ebse keni probleme me frym\u00ebmarrjes.<br \/>\n-n\u00ebse trajtoheni me medikamente inhibues t\u00eb mono-amin\u00eb-oksidaz\u00ebs.<br \/>\nK\u00ebshilla:<\/p>\n<p>-Ky medikament mund t\u00eb krijoj\u00eb var\u00ebsi, prandaj p\u00ebrdorimi i tij duhet t\u00eb jet\u00eb p\u00ebr koh\u00eb shum\u00eb t\u00eb shkurt\u00ebr.<br \/>\n-Mos trajtoni koll\u00ebn me sekrecione me k\u00ebt\u00eb medikament, pasi n\u00eb k\u00ebt\u00eb rast duhet t\u00eb nxirren sekrecionet bronkiale, jo t\u00eb frenohen.<br \/>\n-N\u00ebse gjat\u00eb marrjes s\u00eb k\u00ebtij medikamenti kolla fillon t\u00eb b\u00ebhet me sekrecione k\u00ebshillohuni me mjekun tuaj p\u00ebr vazhdim\u00ebsin\u00eb apo jo t\u00eb tij.<br \/>\n-P\u00ebr shkak t\u00eb pranis\u00eb s\u00eb laktoz\u00ebs n\u00eb formulim, pacient\u00ebt me intoleranc\u00eb nga galaktoza, pacient\u00ebt me defi\u00e7ienc\u00eb t\u00eb laktoz\u00ebs ose me sindrom\u00ebn e keqp\u00ebrthithjes s\u00eb glukoz\u00eb-galaktoz\u00ebs nuk duhet ta p\u00ebrdorin k\u00ebt\u00eb medikament.<br \/>\nShtatz\u00ebniaN\u00ebse mjeku e gjykon t\u00eb arsyeshme, mund t\u00eb rekomandoj\u00eb p\u00ebrdorimin e k\u00ebtij medikamenti p\u00ebr nj\u00eb periudh\u00eb shum\u00eb t\u00eb shkurt\u00ebr kohe gjat\u00eb shtatz\u00ebnis\u00eb, n\u00eb dozat e rekomanduara.<br \/>\n P\u00ebrdorimi n\u00eb fund t\u00eb shtatz\u00ebnis\u00eb mund t\u00eb sjell\u00eb efekte negative te fetusi, prandaj nuk rekomandohet.<br \/>\nUshqyerja me gjiPulmodexane kund\u00ebrindikohet gjat\u00eb ushqyerjes me gji.<br \/>\nEfektet an\u00ebsore m\u00eb t\u00eb shpeshta:<\/p>\n<p>-marrje mendsh;<br \/>\n-t\u00eb p\u00ebrzjera;<br \/>\n-t\u00eb vjella;<br \/>\n-konstipacion.<br \/>\nKy \u00ebsht\u00eb nj\u00eb medikament OTC, q\u00eb mund t\u00eb merret pa rekomandimin e mjekut.<br \/>\nP\u00ebrpara se t\u00eb p\u00ebrdorni k\u00ebt\u00eb medikament, lexoni me kujdes flet\u00eb-udh\u00ebzuesin q\u00eb gjendet brenda n\u00eb paketim pasi p\u00ebrmban informacion m\u00eb t\u00eb detajuar.<br \/>\nP\u00ebr \u00e7do paqart\u00ebsi konsultohuni me mjekun ose farmacistin tuaj.<\/p>\n","protected":false},"excerpt":{"rendered":"<p>Medikament OTC q\u00eb qet\u00ebson koll\u00ebn e that\u00eb<br \/>\nKuti x 12 tableta<\/p>\n","protected":false},"featured_media":173185,"template":"","meta":{"_acf_changed":false},"product_brand":[],"product_cat":[50203],"product_tag":[50451,50681,54502],"giftcard-category":[],"class_list":{"0":"post-429131","1":"product","2":"type-product","3":"status-publish","4":"has-post-thumbnail","6":"product_cat-otc-orale-english","7":"product_tag-te-rritur-en","8":"product_tag-rruget-e-frymemarrjes-en","9":"product_tag-kolle-e-thate-en","11":"first","12":"instock","13":"taxable","14":"shipping-taxable","15":"purchasable","16":"product-type-simple"},"bundled_by":[],"bundle_stock_status":"instock","bundle_stock_quantity":1,"bundle_virtual":false,"bundle_layout":"","bundle_add_to_cart_form_location":"","bundle_editable_in_cart":false,"bundle_sold_individually_context":"","bundle_item_grouping":"","bundle_min_size":"","bundle_max_size":"","bundle_price":[],"bundled_items":[],"bundle_sell_ids":[],"acf":[],"yoast_head":"<!-- This site is optimized with the Yoast SEO Premium plugin v23.0 (Yoast SEO v26.0) - https:\/\/yoast.com\/wordpress\/plugins\/seo\/ -->\n<title>Pulmodexane 30 mg (Dextromethorphan hydrobromide) - Farmaon<\/title>\n<meta name=\"robots\" content=\"index, follow, max-snippet:-1, max-image-preview:large, max-video-preview:-1\" \/>\n<link rel=\"canonical\" href=\"https:\/\/farmaon4.apptirana.al\/en\/produkt\/pulmodexane-30-mg-dextromethorphan-hydrobromide\/\" \/>\n<meta property=\"og:locale\" content=\"en_US\" \/>\n<meta property=\"og:type\" content=\"article\" \/>\n<meta property=\"og:title\" content=\"Pulmodexane 30 mg (Dextromethorphan hydrobromide)\" \/>\n<meta property=\"og:description\" content=\"Medikament OTC q\u00eb qet\u00ebson koll\u00ebn e that\u00eb Kuti x 12 tableta\" \/>\n<meta property=\"og:url\" content=\"https:\/\/farmaon4.apptirana.al\/en\/produkt\/pulmodexane-30-mg-dextromethorphan-hydrobromide\/\" \/>\n<meta property=\"og:site_name\" content=\"Farmaon\" \/>\n<meta property=\"article:modified_time\" content=\"2026-04-14T17:42:24+00:00\" \/>\n<meta property=\"og:image\" content=\"https:\/\/farmaon4.apptirana.al\/wp-content\/uploads\/2023\/12\/c1b4dc2f-004075.jpg\" \/>\n\t<meta property=\"og:image:width\" content=\"1080\" \/>\n\t<meta property=\"og:image:height\" content=\"1080\" \/>\n\t<meta property=\"og:image:type\" content=\"image\/jpeg\" \/>\n<meta name=\"twitter:card\" content=\"summary_large_image\" \/>\n<meta name=\"twitter:label1\" content=\"Price\" \/>\n\t<meta name=\"twitter:data1\" content=\"411&nbsp;L\" \/>\n\t<meta name=\"twitter:label2\" content=\"Availability\" \/>\n\t<meta name=\"twitter:data2\" content=\"In stock\" \/>\n<script type=\"application\/ld+json\" class=\"yoast-schema-graph\">{\"@context\":\"https:\/\/schema.org\",\"@graph\":[{\"@type\":\"WebPage\",\"@id\":\"https:\/\/farmaon4.apptirana.al\/en\/produkt\/pulmodexane-30-mg-dextromethorphan-hydrobromide\/\",\"url\":\"https:\/\/farmaon4.apptirana.al\/en\/produkt\/pulmodexane-30-mg-dextromethorphan-hydrobromide\/\",\"name\":\"Pulmodexane 30 mg (Dextromethorphan hydrobromide) - Farmaon\",\"isPartOf\":{\"@id\":\"https:\/\/farmaon4.apptirana.al\/#website\"},\"primaryImageOfPage\":{\"@id\":\"https:\/\/farmaon4.apptirana.al\/en\/produkt\/pulmodexane-30-mg-dextromethorphan-hydrobromide\/#primaryimage\"},\"image\":{\"@id\":\"https:\/\/farmaon4.apptirana.al\/en\/produkt\/pulmodexane-30-mg-dextromethorphan-hydrobromide\/#primaryimage\"},\"thumbnailUrl\":\"https:\/\/farmaon4.apptirana.al\/wp-content\/uploads\/2023\/12\/c1b4dc2f-004075.jpg\",\"datePublished\":\"2024-01-21T23:18:36+00:00\",\"dateModified\":\"2026-04-14T17:42:24+00:00\",\"breadcrumb\":{\"@id\":\"https:\/\/farmaon4.apptirana.al\/en\/produkt\/pulmodexane-30-mg-dextromethorphan-hydrobromide\/#breadcrumb\"},\"inLanguage\":\"en-US\",\"potentialAction\":[{\"@type\":\"ReadAction\",\"target\":[\"https:\/\/farmaon4.apptirana.al\/en\/produkt\/pulmodexane-30-mg-dextromethorphan-hydrobromide\/\"]}]},{\"@type\":\"ImageObject\",\"inLanguage\":\"en-US\",\"@id\":\"https:\/\/farmaon4.apptirana.al\/en\/produkt\/pulmodexane-30-mg-dextromethorphan-hydrobromide\/#primaryimage\",\"url\":\"https:\/\/farmaon4.apptirana.al\/wp-content\/uploads\/2023\/12\/c1b4dc2f-004075.jpg\",\"contentUrl\":\"https:\/\/farmaon4.apptirana.al\/wp-content\/uploads\/2023\/12\/c1b4dc2f-004075.jpg\",\"width\":1080,\"height\":1080},{\"@type\":\"BreadcrumbList\",\"@id\":\"https:\/\/farmaon4.apptirana.al\/en\/produkt\/pulmodexane-30-mg-dextromethorphan-hydrobromide\/#breadcrumb\",\"itemListElement\":[{\"@type\":\"ListItem\",\"position\":1,\"name\":\"Home\",\"item\":\"https:\/\/farmaon4.apptirana.al\/en\/\"},{\"@type\":\"ListItem\",\"position\":2,\"name\":\"Shop\",\"item\":\"https:\/\/farmaon4.apptirana.al\/en\/shop-3\/\"},{\"@type\":\"ListItem\",\"position\":3,\"name\":\"Pulmodexane 30 mg (Dextromethorphan hydrobromide)\"}]},{\"@type\":\"WebSite\",\"@id\":\"https:\/\/farmaon4.apptirana.al\/#website\",\"url\":\"https:\/\/farmaon4.apptirana.al\/\",\"name\":\"Farmaon\",\"description\":\"Farmacia Juaj Online!\",\"publisher\":{\"@id\":\"https:\/\/farmaon4.apptirana.al\/#organization\"},\"potentialAction\":[{\"@type\":\"SearchAction\",\"target\":{\"@type\":\"EntryPoint\",\"urlTemplate\":\"https:\/\/farmaon4.apptirana.al\/?s={search_term_string}\"},\"query-input\":{\"@type\":\"PropertyValueSpecification\",\"valueRequired\":true,\"valueName\":\"search_term_string\"}}],\"inLanguage\":\"en-US\"},{\"@type\":\"Organization\",\"@id\":\"https:\/\/farmaon4.apptirana.al\/#organization\",\"name\":\"Farmaon\",\"url\":\"https:\/\/farmaon4.apptirana.al\/\",\"logo\":{\"@type\":\"ImageObject\",\"inLanguage\":\"en-US\",\"@id\":\"https:\/\/farmaon4.apptirana.al\/#\/schema\/logo\/image\/\",\"url\":\"https:\/\/farmaon4.apptirana.al\/wp-content\/uploads\/2024\/08\/7f987514-logo-farmaon.png\",\"contentUrl\":\"https:\/\/farmaon4.apptirana.al\/wp-content\/uploads\/2024\/08\/7f987514-logo-farmaon.png\",\"width\":219,\"height\":53,\"caption\":\"Farmaon\"},\"image\":{\"@id\":\"https:\/\/farmaon4.apptirana.al\/#\/schema\/logo\/image\/\"}}]}<\/script>\n<meta property=\"product:price:amount\" content=\"411\" \/>\n<meta property=\"product:price:currency\" content=\"ALL\" \/>\n<meta property=\"og:availability\" content=\"instock\" \/>\n<meta property=\"product:availability\" content=\"instock\" \/>\n<meta property=\"product:retailer_item_id\" content=\"F004075\" \/>\n<meta property=\"product:condition\" content=\"new\" \/>\n<!-- \/ Yoast SEO Premium plugin. -->","yoast_head_json":{"title":"Pulmodexane 30 mg (Dextromethorphan hydrobromide) - Farmaon","robots":{"index":"index","follow":"follow","max-snippet":"max-snippet:-1","max-image-preview":"max-image-preview:large","max-video-preview":"max-video-preview:-1"},"canonical":"https:\/\/farmaon4.apptirana.al\/en\/produkt\/pulmodexane-30-mg-dextromethorphan-hydrobromide\/","og_locale":"en_US","og_type":"article","og_title":"Pulmodexane 30 mg (Dextromethorphan hydrobromide)","og_description":"Medikament OTC q\u00eb qet\u00ebson koll\u00ebn e that\u00eb Kuti x 12 tableta","og_url":"https:\/\/farmaon4.apptirana.al\/en\/produkt\/pulmodexane-30-mg-dextromethorphan-hydrobromide\/","og_site_name":"Farmaon","article_modified_time":"2026-04-14T17:42:24+00:00","og_image":[{"width":1080,"height":1080,"url":"https:\/\/farmaon4.apptirana.al\/wp-content\/uploads\/2023\/12\/c1b4dc2f-004075.jpg","type":"image\/jpeg"}],"twitter_card":"summary_large_image","twitter_misc":{"Price":"411&nbsp;L","Availability":"In stock"},"schema":{"@context":"https:\/\/schema.org","@graph":[{"@type":"WebPage","@id":"https:\/\/farmaon4.apptirana.al\/en\/produkt\/pulmodexane-30-mg-dextromethorphan-hydrobromide\/","url":"https:\/\/farmaon4.apptirana.al\/en\/produkt\/pulmodexane-30-mg-dextromethorphan-hydrobromide\/","name":"Pulmodexane 30 mg (Dextromethorphan hydrobromide) - Farmaon","isPartOf":{"@id":"https:\/\/farmaon4.apptirana.al\/#website"},"primaryImageOfPage":{"@id":"https:\/\/farmaon4.apptirana.al\/en\/produkt\/pulmodexane-30-mg-dextromethorphan-hydrobromide\/#primaryimage"},"image":{"@id":"https:\/\/farmaon4.apptirana.al\/en\/produkt\/pulmodexane-30-mg-dextromethorphan-hydrobromide\/#primaryimage"},"thumbnailUrl":"https:\/\/farmaon4.apptirana.al\/wp-content\/uploads\/2023\/12\/c1b4dc2f-004075.jpg","datePublished":"2024-01-21T23:18:36+00:00","dateModified":"2026-04-14T17:42:24+00:00","breadcrumb":{"@id":"https:\/\/farmaon4.apptirana.al\/en\/produkt\/pulmodexane-30-mg-dextromethorphan-hydrobromide\/#breadcrumb"},"inLanguage":"en-US","potentialAction":[{"@type":"ReadAction","target":["https:\/\/farmaon4.apptirana.al\/en\/produkt\/pulmodexane-30-mg-dextromethorphan-hydrobromide\/"]}]},{"@type":"ImageObject","inLanguage":"en-US","@id":"https:\/\/farmaon4.apptirana.al\/en\/produkt\/pulmodexane-30-mg-dextromethorphan-hydrobromide\/#primaryimage","url":"https:\/\/farmaon4.apptirana.al\/wp-content\/uploads\/2023\/12\/c1b4dc2f-004075.jpg","contentUrl":"https:\/\/farmaon4.apptirana.al\/wp-content\/uploads\/2023\/12\/c1b4dc2f-004075.jpg","width":1080,"height":1080},{"@type":"BreadcrumbList","@id":"https:\/\/farmaon4.apptirana.al\/en\/produkt\/pulmodexane-30-mg-dextromethorphan-hydrobromide\/#breadcrumb","itemListElement":[{"@type":"ListItem","position":1,"name":"Home","item":"https:\/\/farmaon4.apptirana.al\/en\/"},{"@type":"ListItem","position":2,"name":"Shop","item":"https:\/\/farmaon4.apptirana.al\/en\/shop-3\/"},{"@type":"ListItem","position":3,"name":"Pulmodexane 30 mg (Dextromethorphan hydrobromide)"}]},{"@type":"WebSite","@id":"https:\/\/farmaon4.apptirana.al\/#website","url":"https:\/\/farmaon4.apptirana.al\/","name":"Farmaon","description":"Farmacia Juaj Online!","publisher":{"@id":"https:\/\/farmaon4.apptirana.al\/#organization"},"potentialAction":[{"@type":"SearchAction","target":{"@type":"EntryPoint","urlTemplate":"https:\/\/farmaon4.apptirana.al\/?s={search_term_string}"},"query-input":{"@type":"PropertyValueSpecification","valueRequired":true,"valueName":"search_term_string"}}],"inLanguage":"en-US"},{"@type":"Organization","@id":"https:\/\/farmaon4.apptirana.al\/#organization","name":"Farmaon","url":"https:\/\/farmaon4.apptirana.al\/","logo":{"@type":"ImageObject","inLanguage":"en-US","@id":"https:\/\/farmaon4.apptirana.al\/#\/schema\/logo\/image\/","url":"https:\/\/farmaon4.apptirana.al\/wp-content\/uploads\/2024\/08\/7f987514-logo-farmaon.png","contentUrl":"https:\/\/farmaon4.apptirana.al\/wp-content\/uploads\/2024\/08\/7f987514-logo-farmaon.png","width":219,"height":53,"caption":"Farmaon"},"image":{"@id":"https:\/\/farmaon4.apptirana.al\/#\/schema\/logo\/image\/"}}]},"product_price_amount":"411","product_price_currency":"ALL","og_availability":"instock","product_availability":"instock","product_retailer_item_id":"F004075","product_condition":"new"},"_links":{"self":[{"href":"https:\/\/farmaon4.apptirana.al\/en\/wp-json\/wp\/v2\/product\/429131","targetHints":{"allow":["GET"]}}],"collection":[{"href":"https:\/\/farmaon4.apptirana.al\/en\/wp-json\/wp\/v2\/product"}],"about":[{"href":"https:\/\/farmaon4.apptirana.al\/en\/wp-json\/wp\/v2\/types\/product"}],"version-history":[{"count":0,"href":"https:\/\/farmaon4.apptirana.al\/en\/wp-json\/wp\/v2\/product\/429131\/revisions"}],"wp:featuredmedia":[{"embeddable":true,"href":"https:\/\/farmaon4.apptirana.al\/en\/wp-json\/wp\/v2\/media\/173185"}],"wp:attachment":[{"href":"https:\/\/farmaon4.apptirana.al\/en\/wp-json\/wp\/v2\/media?parent=429131"}],"wp:term":[{"taxonomy":"product_brand","embeddable":true,"href":"https:\/\/farmaon4.apptirana.al\/en\/wp-json\/wp\/v2\/product_brand?post=429131"},{"taxonomy":"product_cat","embeddable":true,"href":"https:\/\/farmaon4.apptirana.al\/en\/wp-json\/wp\/v2\/product_cat?post=429131"},{"taxonomy":"product_tag","embeddable":true,"href":"https:\/\/farmaon4.apptirana.al\/en\/wp-json\/wp\/v2\/product_tag?post=429131"},{"taxonomy":"giftcard-category","embeddable":true,"href":"https:\/\/farmaon4.apptirana.al\/en\/wp-json\/wp\/v2\/giftcard-category?post=429131"}],"curies":[{"name":"wp","href":"https:\/\/api.w.org\/{rel}","templated":true}]}}