{"id":429137,"date":"2024-01-21T23:18:35","date_gmt":"2024-01-21T23:18:35","guid":{"rendered":"https:\/\/farmaon4.apptirana.al\/product\/aria-des-5-mg-desloratadine\/"},"modified":"2026-05-03T20:54:45","modified_gmt":"2026-05-03T19:54:45","slug":"aria-des-5-mg-desloratadine","status":"publish","type":"product","link":"https:\/\/farmaon4.apptirana.al\/en\/produkt\/aria-des-5-mg-desloratadine\/","title":{"rendered":"Aria-Des 5 mg (desloratadin\u00eb)"},"content":{"rendered":"<p>Aria-Des p\u00ebrmban desloratadin\u00eb, nj\u00eb medikament i grupit antihistaminik.<br \/>\n\u00cbsht\u00eb nj\u00eb medikament antialergjik q\u00eb nuk shkakton p\u00ebrgjumje.<br \/>\n Ndihmon n\u00eb kontrollin e reaksioneve alergjike dhe simptomave t\u00eb alergjis\u00eb.<br \/>\nAria-Des leht\u00ebson simptomat e lidhura me rinitin alergjik si teshtimat, rrjedhje dhe kruajtje e hund\u00ebs, kruarje n\u00eb qiellz\u00eb, kruarje e syze, skuqje ose lotim.<br \/>\nAria-Des indikohet dhe p\u00ebr leht\u00ebsimin e simptomave t\u00eb tilla si kruajtje, enjtje dhe skuqje t\u00eb l\u00ebkur\u00ebs e shoq\u00ebruar me urtikarie (nj\u00eb s\u00ebmundje e l\u00ebkur\u00ebs e shkaktuar nga alergjit\u00eb).<br \/>\nMe marrjen e tabletave Aria-Des k\u00ebto simptoma do t\u00eb leht\u00ebsohen gjat\u00eb gjith\u00eb dit\u00ebs dhe do mund t\u00eb rifilloni aktivitetet normale t\u00eb p\u00ebrditshme.<br \/>\nTabletat p\u00ebrmbajn\u00eb monohidrat t\u00eb laktoz\u00ebs, q\u00eb vjen nga qum\u00ebshti i lop\u00ebs.<br \/>\nMos p\u00ebrdorni Aria-Des n\u00ebse jeni alergjik nga l\u00ebnda vepruese ose ndonj\u00ebri prej p\u00ebrb\u00ebr\u00ebsve t\u00eb tjer\u00eb t\u00eb k\u00ebtij formulimi.<br \/>\nShtatz\u00ebniaN\u00ebse jeni shtatz\u00ebn\u00eb, po planifikoni nj\u00eb shtatz\u00ebni ose mendoni q\u00eb mund t\u00eb jeni shtatz\u00ebn\u00eb k\u00ebshilllohuni me mjekun tuaj p\u00ebrpara se t\u00eb p\u00ebrdorni k\u00ebt\u00eb medikament.<br \/>\nNuk rekomandohet t\u00eb p\u00ebrdoret Aria-Des gjat\u00eb shtatz\u00ebnis\u00eb.<br \/>\nUshqyerja me gjiMos p\u00ebrdorni Aria-Des gjat\u00eb ushqyerjes me gji.<br \/>\nEfekte an\u00ebsore t\u00eb zakonshme:<\/p>\n<p>&#8211; lodhje;<br \/>\n&#8211; tharje goje;<br \/>\n&#8211; dhimbje koke.<br \/>\nKy \u00ebsht\u00eb nj\u00eb medikament OTC, k\u00ebshtu q\u00eb mund t\u00eb merret pa rekomandimin e mjekut.<br \/>\nP\u00ebrpara se t\u00eb p\u00ebrdorni k\u00ebt\u00eb medikament, lexoni me kujdes flet\u00eb-udh\u00ebzuesin q\u00eb gjendet brenda n\u00eb paketim pasi p\u00ebrmban informacion m\u00eb t\u00eb detajuar.<br \/>\nP\u00ebr \u00e7do paqart\u00ebsi konsultohuni me mjekun ose farmacistin tuaj.<\/p>\n","protected":false},"excerpt":{"rendered":"<p>Medikament OTC me veprim antialergjik<br \/>\nKuti x 20 tableta<\/p>\n","protected":false},"featured_media":173212,"template":"","meta":{"_acf_changed":false},"product_brand":[],"product_cat":[50203],"product_tag":[50451,51699,50866],"giftcard-category":[],"class_list":{"0":"post-429137","1":"product","2":"type-product","3":"status-publish","4":"has-post-thumbnail","6":"product_cat-otc-orale-english","7":"product_tag-te-rritur-en","8":"product_tag-alergji-en","9":"product_tag-antialergjik-en","11":"first","12":"instock","13":"taxable","14":"shipping-taxable","15":"purchasable","16":"product-type-simple"},"bundled_by":[],"bundle_stock_status":"instock","bundle_stock_quantity":6,"bundle_virtual":false,"bundle_layout":"","bundle_add_to_cart_form_location":"","bundle_editable_in_cart":false,"bundle_sold_individually_context":"","bundle_item_grouping":"","bundle_min_size":"","bundle_max_size":"","bundle_price":[],"bundled_items":[],"bundle_sell_ids":[],"acf":[],"yoast_head":"<!-- This site is optimized with the Yoast SEO Premium plugin v23.0 (Yoast SEO v26.0) - https:\/\/yoast.com\/wordpress\/plugins\/seo\/ -->\n<title>Aria-Des 5 mg (desloratadin\u00eb) - Farmaon<\/title>\n<meta name=\"robots\" content=\"index, follow, max-snippet:-1, max-image-preview:large, max-video-preview:-1\" \/>\n<link rel=\"canonical\" href=\"https:\/\/farmaon4.apptirana.al\/en\/produkt\/aria-des-5-mg-desloratadine\/\" \/>\n<meta property=\"og:locale\" content=\"en_US\" \/>\n<meta property=\"og:type\" content=\"article\" \/>\n<meta property=\"og:title\" content=\"Aria-Des 5 mg (desloratadin\u00eb)\" \/>\n<meta property=\"og:description\" content=\"Medikament OTC me veprim antialergjik Kuti x 20 tableta\" \/>\n<meta property=\"og:url\" content=\"https:\/\/farmaon4.apptirana.al\/en\/produkt\/aria-des-5-mg-desloratadine\/\" \/>\n<meta property=\"og:site_name\" content=\"Farmaon\" \/>\n<meta property=\"article:modified_time\" content=\"2026-05-03T19:54:45+00:00\" \/>\n<meta property=\"og:image\" content=\"https:\/\/farmaon4.apptirana.al\/wp-content\/uploads\/2023\/12\/42d3af19-0044958513.jpg\" \/>\n\t<meta property=\"og:image:width\" content=\"1080\" \/>\n\t<meta property=\"og:image:height\" content=\"1080\" \/>\n\t<meta property=\"og:image:type\" content=\"image\/jpeg\" \/>\n<meta name=\"twitter:card\" content=\"summary_large_image\" \/>\n<meta name=\"twitter:label1\" content=\"Price\" \/>\n\t<meta name=\"twitter:data1\" content=\"440&nbsp;L\" \/>\n\t<meta name=\"twitter:label2\" content=\"Availability\" \/>\n\t<meta name=\"twitter:data2\" content=\"In stock\" \/>\n<script type=\"application\/ld+json\" class=\"yoast-schema-graph\">{\"@context\":\"https:\/\/schema.org\",\"@graph\":[{\"@type\":\"WebPage\",\"@id\":\"https:\/\/farmaon4.apptirana.al\/en\/produkt\/aria-des-5-mg-desloratadine\/\",\"url\":\"https:\/\/farmaon4.apptirana.al\/en\/produkt\/aria-des-5-mg-desloratadine\/\",\"name\":\"Aria-Des 5 mg (desloratadin\u00eb) - Farmaon\",\"isPartOf\":{\"@id\":\"https:\/\/farmaon4.apptirana.al\/#website\"},\"primaryImageOfPage\":{\"@id\":\"https:\/\/farmaon4.apptirana.al\/en\/produkt\/aria-des-5-mg-desloratadine\/#primaryimage\"},\"image\":{\"@id\":\"https:\/\/farmaon4.apptirana.al\/en\/produkt\/aria-des-5-mg-desloratadine\/#primaryimage\"},\"thumbnailUrl\":\"https:\/\/farmaon4.apptirana.al\/wp-content\/uploads\/2023\/12\/42d3af19-0044958513.jpg\",\"datePublished\":\"2024-01-21T23:18:35+00:00\",\"dateModified\":\"2026-05-03T19:54:45+00:00\",\"breadcrumb\":{\"@id\":\"https:\/\/farmaon4.apptirana.al\/en\/produkt\/aria-des-5-mg-desloratadine\/#breadcrumb\"},\"inLanguage\":\"en-US\",\"potentialAction\":[{\"@type\":\"ReadAction\",\"target\":[\"https:\/\/farmaon4.apptirana.al\/en\/produkt\/aria-des-5-mg-desloratadine\/\"]}]},{\"@type\":\"ImageObject\",\"inLanguage\":\"en-US\",\"@id\":\"https:\/\/farmaon4.apptirana.al\/en\/produkt\/aria-des-5-mg-desloratadine\/#primaryimage\",\"url\":\"https:\/\/farmaon4.apptirana.al\/wp-content\/uploads\/2023\/12\/42d3af19-0044958513.jpg\",\"contentUrl\":\"https:\/\/farmaon4.apptirana.al\/wp-content\/uploads\/2023\/12\/42d3af19-0044958513.jpg\",\"width\":1080,\"height\":1080},{\"@type\":\"BreadcrumbList\",\"@id\":\"https:\/\/farmaon4.apptirana.al\/en\/produkt\/aria-des-5-mg-desloratadine\/#breadcrumb\",\"itemListElement\":[{\"@type\":\"ListItem\",\"position\":1,\"name\":\"Home\",\"item\":\"https:\/\/farmaon4.apptirana.al\/en\/\"},{\"@type\":\"ListItem\",\"position\":2,\"name\":\"Shop\",\"item\":\"https:\/\/farmaon4.apptirana.al\/en\/shop-3\/\"},{\"@type\":\"ListItem\",\"position\":3,\"name\":\"Aria-Des 5 mg (desloratadin\u00eb)\"}]},{\"@type\":\"WebSite\",\"@id\":\"https:\/\/farmaon4.apptirana.al\/#website\",\"url\":\"https:\/\/farmaon4.apptirana.al\/\",\"name\":\"Farmaon\",\"description\":\"Farmacia Juaj Online!\",\"publisher\":{\"@id\":\"https:\/\/farmaon4.apptirana.al\/#organization\"},\"potentialAction\":[{\"@type\":\"SearchAction\",\"target\":{\"@type\":\"EntryPoint\",\"urlTemplate\":\"https:\/\/farmaon4.apptirana.al\/?s={search_term_string}\"},\"query-input\":{\"@type\":\"PropertyValueSpecification\",\"valueRequired\":true,\"valueName\":\"search_term_string\"}}],\"inLanguage\":\"en-US\"},{\"@type\":\"Organization\",\"@id\":\"https:\/\/farmaon4.apptirana.al\/#organization\",\"name\":\"Farmaon\",\"url\":\"https:\/\/farmaon4.apptirana.al\/\",\"logo\":{\"@type\":\"ImageObject\",\"inLanguage\":\"en-US\",\"@id\":\"https:\/\/farmaon4.apptirana.al\/#\/schema\/logo\/image\/\",\"url\":\"https:\/\/farmaon4.apptirana.al\/wp-content\/uploads\/2024\/08\/7f987514-logo-farmaon.png\",\"contentUrl\":\"https:\/\/farmaon4.apptirana.al\/wp-content\/uploads\/2024\/08\/7f987514-logo-farmaon.png\",\"width\":219,\"height\":53,\"caption\":\"Farmaon\"},\"image\":{\"@id\":\"https:\/\/farmaon4.apptirana.al\/#\/schema\/logo\/image\/\"}}]}<\/script>\n<meta property=\"product:price:amount\" content=\"440\" \/>\n<meta property=\"product:price:currency\" content=\"ALL\" \/>\n<meta property=\"og:availability\" content=\"instock\" \/>\n<meta property=\"product:availability\" content=\"instock\" \/>\n<meta property=\"product:retailer_item_id\" content=\"F0044958513\" \/>\n<meta property=\"product:condition\" content=\"new\" \/>\n<!-- \/ Yoast SEO Premium plugin. -->","yoast_head_json":{"title":"Aria-Des 5 mg (desloratadin\u00eb) - Farmaon","robots":{"index":"index","follow":"follow","max-snippet":"max-snippet:-1","max-image-preview":"max-image-preview:large","max-video-preview":"max-video-preview:-1"},"canonical":"https:\/\/farmaon4.apptirana.al\/en\/produkt\/aria-des-5-mg-desloratadine\/","og_locale":"en_US","og_type":"article","og_title":"Aria-Des 5 mg (desloratadin\u00eb)","og_description":"Medikament OTC me veprim antialergjik Kuti x 20 tableta","og_url":"https:\/\/farmaon4.apptirana.al\/en\/produkt\/aria-des-5-mg-desloratadine\/","og_site_name":"Farmaon","article_modified_time":"2026-05-03T19:54:45+00:00","og_image":[{"width":1080,"height":1080,"url":"https:\/\/farmaon4.apptirana.al\/wp-content\/uploads\/2023\/12\/42d3af19-0044958513.jpg","type":"image\/jpeg"}],"twitter_card":"summary_large_image","twitter_misc":{"Price":"440&nbsp;L","Availability":"In stock"},"schema":{"@context":"https:\/\/schema.org","@graph":[{"@type":"WebPage","@id":"https:\/\/farmaon4.apptirana.al\/en\/produkt\/aria-des-5-mg-desloratadine\/","url":"https:\/\/farmaon4.apptirana.al\/en\/produkt\/aria-des-5-mg-desloratadine\/","name":"Aria-Des 5 mg (desloratadin\u00eb) - Farmaon","isPartOf":{"@id":"https:\/\/farmaon4.apptirana.al\/#website"},"primaryImageOfPage":{"@id":"https:\/\/farmaon4.apptirana.al\/en\/produkt\/aria-des-5-mg-desloratadine\/#primaryimage"},"image":{"@id":"https:\/\/farmaon4.apptirana.al\/en\/produkt\/aria-des-5-mg-desloratadine\/#primaryimage"},"thumbnailUrl":"https:\/\/farmaon4.apptirana.al\/wp-content\/uploads\/2023\/12\/42d3af19-0044958513.jpg","datePublished":"2024-01-21T23:18:35+00:00","dateModified":"2026-05-03T19:54:45+00:00","breadcrumb":{"@id":"https:\/\/farmaon4.apptirana.al\/en\/produkt\/aria-des-5-mg-desloratadine\/#breadcrumb"},"inLanguage":"en-US","potentialAction":[{"@type":"ReadAction","target":["https:\/\/farmaon4.apptirana.al\/en\/produkt\/aria-des-5-mg-desloratadine\/"]}]},{"@type":"ImageObject","inLanguage":"en-US","@id":"https:\/\/farmaon4.apptirana.al\/en\/produkt\/aria-des-5-mg-desloratadine\/#primaryimage","url":"https:\/\/farmaon4.apptirana.al\/wp-content\/uploads\/2023\/12\/42d3af19-0044958513.jpg","contentUrl":"https:\/\/farmaon4.apptirana.al\/wp-content\/uploads\/2023\/12\/42d3af19-0044958513.jpg","width":1080,"height":1080},{"@type":"BreadcrumbList","@id":"https:\/\/farmaon4.apptirana.al\/en\/produkt\/aria-des-5-mg-desloratadine\/#breadcrumb","itemListElement":[{"@type":"ListItem","position":1,"name":"Home","item":"https:\/\/farmaon4.apptirana.al\/en\/"},{"@type":"ListItem","position":2,"name":"Shop","item":"https:\/\/farmaon4.apptirana.al\/en\/shop-3\/"},{"@type":"ListItem","position":3,"name":"Aria-Des 5 mg (desloratadin\u00eb)"}]},{"@type":"WebSite","@id":"https:\/\/farmaon4.apptirana.al\/#website","url":"https:\/\/farmaon4.apptirana.al\/","name":"Farmaon","description":"Farmacia Juaj Online!","publisher":{"@id":"https:\/\/farmaon4.apptirana.al\/#organization"},"potentialAction":[{"@type":"SearchAction","target":{"@type":"EntryPoint","urlTemplate":"https:\/\/farmaon4.apptirana.al\/?s={search_term_string}"},"query-input":{"@type":"PropertyValueSpecification","valueRequired":true,"valueName":"search_term_string"}}],"inLanguage":"en-US"},{"@type":"Organization","@id":"https:\/\/farmaon4.apptirana.al\/#organization","name":"Farmaon","url":"https:\/\/farmaon4.apptirana.al\/","logo":{"@type":"ImageObject","inLanguage":"en-US","@id":"https:\/\/farmaon4.apptirana.al\/#\/schema\/logo\/image\/","url":"https:\/\/farmaon4.apptirana.al\/wp-content\/uploads\/2024\/08\/7f987514-logo-farmaon.png","contentUrl":"https:\/\/farmaon4.apptirana.al\/wp-content\/uploads\/2024\/08\/7f987514-logo-farmaon.png","width":219,"height":53,"caption":"Farmaon"},"image":{"@id":"https:\/\/farmaon4.apptirana.al\/#\/schema\/logo\/image\/"}}]},"product_price_amount":"440","product_price_currency":"ALL","og_availability":"instock","product_availability":"instock","product_retailer_item_id":"F0044958513","product_condition":"new"},"_links":{"self":[{"href":"https:\/\/farmaon4.apptirana.al\/en\/wp-json\/wp\/v2\/product\/429137","targetHints":{"allow":["GET"]}}],"collection":[{"href":"https:\/\/farmaon4.apptirana.al\/en\/wp-json\/wp\/v2\/product"}],"about":[{"href":"https:\/\/farmaon4.apptirana.al\/en\/wp-json\/wp\/v2\/types\/product"}],"version-history":[{"count":0,"href":"https:\/\/farmaon4.apptirana.al\/en\/wp-json\/wp\/v2\/product\/429137\/revisions"}],"wp:featuredmedia":[{"embeddable":true,"href":"https:\/\/farmaon4.apptirana.al\/en\/wp-json\/wp\/v2\/media\/173212"}],"wp:attachment":[{"href":"https:\/\/farmaon4.apptirana.al\/en\/wp-json\/wp\/v2\/media?parent=429137"}],"wp:term":[{"taxonomy":"product_brand","embeddable":true,"href":"https:\/\/farmaon4.apptirana.al\/en\/wp-json\/wp\/v2\/product_brand?post=429137"},{"taxonomy":"product_cat","embeddable":true,"href":"https:\/\/farmaon4.apptirana.al\/en\/wp-json\/wp\/v2\/product_cat?post=429137"},{"taxonomy":"product_tag","embeddable":true,"href":"https:\/\/farmaon4.apptirana.al\/en\/wp-json\/wp\/v2\/product_tag?post=429137"},{"taxonomy":"giftcard-category","embeddable":true,"href":"https:\/\/farmaon4.apptirana.al\/en\/wp-json\/wp\/v2\/giftcard-category?post=429137"}],"curies":[{"name":"wp","href":"https:\/\/api.w.org\/{rel}","templated":true}]}}