{"id":429384,"date":"2024-01-21T23:16:53","date_gmt":"2024-01-21T23:16:53","guid":{"rendered":"https:\/\/farmaon4.apptirana.al\/product\/supofen-125-mg-paracetamol\/"},"modified":"2026-04-22T07:22:41","modified_gmt":"2026-04-22T06:22:41","slug":"supofen-125-mg-paracetamol","status":"publish","type":"product","link":"https:\/\/farmaon4.apptirana.al\/en\/produkt\/supofen-125-mg-paracetamol\/","title":{"rendered":"Supofen 125 mg (paracetamol)"},"content":{"rendered":"<p>\u00c7far\u00eb \u00ebsht\u00eb Supofen dhe p\u00ebrse p\u00ebrdoretSupofen p\u00ebrmban p\u00ebrb\u00ebr\u00ebsin aktiv paracetamol q\u00eb ul ethet (antipiretik) dhe leht\u00ebson dhimbjen (analgjezik).<br \/>\nPerdoret per:<\/p>\n<p>&#8211; trajtimin simptomatik t\u00eb s\u00ebmundjeve febrile t\u00eb tilla si gripi, s\u00ebmundjet ekzantematoze, s\u00ebmundjet akute t\u00eb rrug\u00ebve t\u00eb frym\u00ebmarrjes (s\u00ebmundjet infektive tipike te f\u00ebmij\u00ebt dhe adoleshent\u00ebt), s\u00ebmundjet akute t\u00eb rrug\u00ebve t\u00eb frym\u00ebmarrjes etj.<br \/>\n;<br \/>\n&#8211; dhimbje t\u00eb llojeve dhe origjinave t\u00eb ndryshme (dhimbje koke, nevralgji, dhimbje muskulare dhe manifestime t\u00eb tjera t\u00eb dhimbshme t\u00eb intensitetit mesatar).<br \/>\nJu duhet t\u00eb flisni me nj\u00eb mjek n\u00ebse f\u00ebmija juaj nuk ndihet mir\u00eb ose n\u00ebse ndihet m\u00eb keq pas 3 dit\u00ebsh trajtimi.<br \/>\n\u00c7far\u00eb duhet t\u00eb dini p\u00ebrpara se t\u00eb p\u00ebrdorni SupofenMos u jepni f\u00ebmij\u00ebve Supofen- n\u00ebse jan\u00eb alergjik\u00eb ndaj paracetamolit apo ndonj\u00ebrit prej p\u00ebrb\u00ebr\u00ebsve t\u00eb tjer\u00eb t\u00eb k\u00ebtij medikamenti;<br \/>\n&#8211; n\u00ebse vuajn\u00eb nga anemia e r\u00ebnd\u00eb hemolitike (shkat\u00ebrrimi i qelizave t\u00eb kuqe t\u00eb gjakut);<br \/>\n&#8211; n\u00ebse vuajn\u00eb nga s\u00ebmundja e r\u00ebnd\u00eb e m\u00ebl\u00e7is\u00eb (insuficienca e r\u00ebnd\u00eb hepatocelulare).<br \/>\nParalajm\u00ebrimet dhe masat paraprakeFlisni me mjekun apo farmacistin tuaj para se t\u00eb p\u00ebrdorni Supofen.<br \/>\nTregoni kujdes kur u jepni Supofen f\u00ebmij\u00ebve n\u00ebse ata:<\/p>\n<p>&#8211; vuajn\u00eb nga anoreksia (\u00e7rregullim i t\u00eb ngr\u00ebnit i karakterizuar nga nj\u00eb munges\u00eb ose reduktim i oreksit);<br \/>\n&#8211; vuajn\u00eb nga bulimia (\u00e7rregullim i t\u00eb ngr\u00ebnit n\u00eb t\u00eb cilin nj\u00eb person g\u00eblltit sasi t\u00eb m\u00ebdha ushqimi dhe m\u00eb pas p\u00ebrdor metoda t\u00eb ndryshme p\u00ebr ta eliminuar at\u00eb);<br \/>\n&#8211; vuajn\u00eb nga kaheksia (nj\u00eb gjendje e karakterizuar nga dob\u00ebsi ekstreme, reduktim i mas\u00ebs muskulore dhe hollim i l\u00ebkur\u00ebs i shkaktuar nga s\u00ebmundjet kronike);<br \/>\n&#8211; kan\u00eb ndjekur nj\u00eb diet\u00eb t\u00eb pap\u00ebrshtatshme p\u00ebr nj\u00eb periudh\u00eb t\u00eb gjat\u00eb kohore (kequshqyerje kronike);<br \/>\n&#8211; vuajn\u00eb nga dehidratimi (humbja e r\u00ebnd\u00eb e ujit\/l\u00ebngjeve n\u00eb trup);<br \/>\n&#8211; vuajn\u00eb nga hipovolemia (v\u00ebllim i ul\u00ebt i gjakut n\u00eb trup);<br \/>\n&#8211; vuajn\u00eb nga s\u00ebmundja e m\u00ebl\u00e7is\u00eb q\u00eb redukton funksionet (insuficienca hepatike, hepatit, sindroma Gilbert);<br \/>\n&#8211; jan\u00eb nj\u00ebkoh\u00ebsisht n\u00ebn trajtim me produkte mjek\u00ebsore q\u00eb ndryshojn\u00eb funksionin e m\u00ebl\u00e7is\u00eb (shikoni \u201cMedikamentet e tjera dhe SUPOFENI\u201d);<br \/>\n&#8211; vuajn\u00eb nga mungesa e glukoz\u00eb-6-fosfat dehidrogjenaz\u00ebs (nj\u00eb substanc\u00eb q\u00eb normalisht \u00ebsht\u00eb e pranishme n\u00eb trupin e njeriut, mungesa e t\u00eb cil\u00ebs mund t\u00eb shkaktoj\u00eb \u00e7rregullim t\u00eb gjakut);<br \/>\n&#8211; vuajn\u00eb nga anemia hemolitike (shkat\u00ebrrimi i qelizave t\u00eb kuqe t\u00eb gjakut).<br \/>\nP\u00ebrdorimi n\u00eb doza t\u00eb larta dhe\/ose p\u00ebr periudha t\u00eb zgjaturaP\u00ebrdorimi i dozave t\u00eb larta dhe\/ose p\u00ebr periudha t\u00eb zgjatura mund t\u00eb shkaktoj\u00eb alterime t\u00eb veshkave dhe t\u00eb gjakut, ndonj\u00ebher\u00eb edhe t\u00eb r\u00ebnda.<br \/>\n N\u00eb raste t\u00eb tilla, mjeku duhet t\u00eb kryej\u00eb analiza specifike p\u00ebr t\u00eb monitoruar vazhdimisht funksionin e m\u00ebl\u00e7is\u00eb dhe veshkave dhe formula e gjakut.<br \/>\nP\u00ebrpara se t\u2019i jepet ky produkt mjek\u00ebsor nj\u00eb f\u00ebmije, njoftoni mjekun tuaj n\u00ebse f\u00ebmija vuan nga ndonj\u00eb \u00e7rregullim i m\u00ebl\u00e7is\u00eb ose veshkave.<br \/>\nMedikamentet e tjera dhe SupofenInformoni mjekun apo farmacistin tuaj n\u00ebse f\u00ebmija \u00ebsht\u00eb duke marr\u00eb, ka marr\u00eb koh\u00ebt e fundit ose mund t\u00eb marr\u00eb ndonj\u00eb medikament tjet\u00ebr.<br \/>\nN\u00eb ve\u00e7anti, i tregoni mjekut tuaj n\u00ebse personi q\u00eb ka p\u00ebr q\u00ebllim t\u00eb marr\u00eb produktin mjek\u00ebsor \u00ebsht\u00eb duke marr\u00eb:<\/p>\n<p>&#8211; produkte mjek\u00ebsore q\u00eb p\u00ebrmbajn\u00eb paracetamol.<br \/>\n Gjat\u00eb trajtimit me paracetamol, p\u00ebrpara se t\u00eb merrni ndonj\u00eb medikament tjet\u00ebr, kontrolloni q\u00eb ai nuk p\u00ebrmban paracetamol, sepse kur merret n\u00eb doza t\u00eb larta paracetamoli mund t\u00eb rezultoj\u00eb n\u00eb efekte t\u00eb r\u00ebnda negative;<br \/>\n&#8211; kloramfenikol (nj\u00eb antibiotik) sepse kjo mund t\u00eb rris\u00eb rrezikun p\u00ebr efekte an\u00ebsore;<br \/>\n&#8211; antikoagulant\u00eb (produkte mjek\u00ebsore q\u00eb p\u00ebrdoren p\u00ebr t\u00eb p\u00ebrmir\u00ebsuar qarkullimin e gjakut).<br \/>\n N\u00ebse \u00ebsht\u00eb n\u00ebn trajtim me doza t\u00eb larta paracetamoli (4 g n\u00eb dit\u00eb p\u00ebr t\u00eb pakt\u00ebn 4 dit\u00eb), Supofen duhet t\u00eb merret vet\u00ebm n\u00ebn mbik\u00ebqyrjen e rrept\u00eb mjek\u00ebsore;<br \/>\n&#8211; rifampicin\u00eb (nj\u00eb antibiotik);<br \/>\n&#8211; cimetidin\u00eb (nj\u00eb produkt mjek\u00ebsor q\u00eb p\u00ebrdoret n\u00eb trajtimin e ulcerave t\u00eb stomakut);<br \/>\n&#8211; antiepileptik\u00eb (produkte mjek\u00ebsore q\u00eb p\u00ebrdoren p\u00ebr t\u00eb trajtuar epilepsin\u00eb) t\u00eb tilla si glutetimide, fenobarbital ose karbamazepin\u00eb;<br \/>\n&#8211; zidovudin\u00eb (nj\u00eb produkt mjek\u00ebsor q\u00eb p\u00ebrdoret n\u00eb trajtimin e HIVit).<br \/>\nP\u00ebrdorimi i k\u00ebtyre produkteve mjek\u00ebsore me Supofen k\u00ebrkon mbik\u00ebqyrje t\u00eb af\u00ebrt mjek\u00ebsore.<br \/>\nNd\u00ebrhyrja n\u00eb analizat e gjakutN\u00ebse personi q\u00eb merr k\u00ebt\u00eb produkt mjek\u00ebsor duhet t\u2019u n\u00ebnshtrohet analizave t\u00eb gjakut, kini parasysh se administrimi i paracetamolit mund t\u00eb nd\u00ebrhyj\u00eb n\u00eb p\u00ebrcaktimin e uricemis\u00eb dhe glicemis\u00eb.<br \/>\nN\u00ebse p\u00ebrdorni Supofen m\u00eb shum\u00eb se doza e lejuarN\u00eb rast g\u00eblltitjeje\/marrjeje aksidentale t\u00eb nj\u00eb doze t\u00eb tepruar, kontaktoni menj\u00ebher\u00eb me nj\u00eb mjek ose shkoni n\u00eb spitalin m\u00eb t\u00eb af\u00ebrt.<br \/>\nSimptomatN\u00eb rast g\u00eblltitjeje aksidentale t\u00eb dozave shum\u00eb t\u00eb larta t\u00eb paracetamolit, simptomat q\u00eb zakonisht shfaqen brenda 12-48 or\u00ebve t\u00eb para p\u00ebrfshijn\u00eb:<\/p>\n<p>&#8211; anoreksi (munges\u00eb ose reduktim oreksi), p\u00ebshtjellime dhe t\u00eb vjella t\u00eb ndjekura nga nj\u00eb p\u00ebrkeq\u00ebsim i konsideruesh\u00ebm n\u00eb gjendjen e p\u00ebrgjithshme, ndryshime t\u00eb formul\u00ebs s\u00eb gjakut (rritje e niveleve t\u00eb bilirubin\u00ebs n\u00eb gjak, dehidrogjenaz\u00ebs s\u00eb laktatit, transaminaz\u00ebs s\u00eb m\u00ebl\u00e7is\u00eb, nivele t\u00eb reduktuara t\u00eb protrombin\u00ebs n\u00eb gjak);<br \/>\n&#8211; d\u00ebmtimi i m\u00ebl\u00e7is\u00eb mund t\u00eb \u00e7oj\u00eb n\u00eb koma ose vdekje.<br \/>\nMarrja e nj\u00eb doze t\u00eb tepruar paracetamoli rrit rrezikun e intoksikimit dhe mund t\u00eb \u00e7oj\u00eb n\u00eb vdekje, sidomos n\u00eb rastet e m\u00ebposhtme:<\/p>\n<p>&#8211; n\u00ebse personi q\u00eb merr produktin mjek\u00ebsor vuan nga s\u00ebmundja e m\u00ebl\u00e7is\u00eb;<br \/>\n&#8211; alkooliz\u00ebm kronik;<br \/>\n&#8211; n\u00ebse personi q\u00eb merr produktin mjek\u00ebsor ka ndjekur nj\u00eb diet\u00eb t\u00eb pap\u00ebrshtatshme gjat\u00eb nj\u00eb periudhe t\u00eb gjat\u00eb kohore (kequshqyerjekronike);<br \/>\n&#8211; n\u00ebse personi q\u00eb merr produktin mjek\u00ebsor po merr produkte t\u00eb tjera mjek\u00ebsore ose substanca q\u00eb rrisin funksionin e m\u00ebl\u00e7is\u00eb.<br \/>\nTrajtimiMjeku do t\u00eb p\u00ebrshkruaj\u00eb trajtimin m\u00eb t\u00eb p\u00ebrshtatsh\u00ebm ndihm\u00ebs sipas natyr\u00ebs dhe seriozitetit t\u00eb simptomave.<br \/>\nN\u00ebse harroni t\u00eb merrni SupofenMos i jepni f\u00ebmij\u00ebs suaj doz\u00eb t\u00eb dyfisht\u00eb p\u00ebr t\u00eb rikuperuar doz\u00ebn e harruar.<br \/>\nN\u00ebse ndaloni p\u00ebrdorimin e SupofenN\u00ebse keni ndonj\u00eb pyetje t\u00eb m\u00ebtejshme p\u00ebr p\u00ebrdorimin e k\u00ebtij medikamenti, ju lutemi pyesni mjekun apo farmacistin tuaj.<br \/>\nEfekte t\u00eb mundshme an\u00ebsoreSi t\u00eb gjitha medikamentet, ky medikament mund t\u00eb shkaktoj\u00eb efekte an\u00ebsore, megjith\u00ebse jo t\u00eb gjith\u00eb i kan\u00eb ato.<br \/>\nN\u00ebse f\u00ebmija juaj shfaq ndonj\u00eb nga efektet an\u00ebsore t\u00eb m\u00ebposhtme, NDALONI trajtimin me k\u00ebt\u00eb medikament dhe kontaktoni me mjekun tuaj menj\u00ebher\u00eb:<\/p>\n<p>\u2022 reaksione alergjike me:<\/p>\n<p>&#8211; skuqje t\u00eb l\u00ebkur\u00ebs, shoq\u00ebruar me kruajtje (urtikarie);<br \/>\n&#8211; \u00ebnjtje t\u00eb fytit (edem\u00eb laringale);<br \/>\n&#8211; \u00ebnjtje t\u00eb duarve, k\u00ebmb\u00ebve, ky\u00e7eve, fytyr\u00ebs, buz\u00ebve, gjuh\u00ebs dhe\/ ose fytit (angioedem\u00eb);<br \/>\n&#8211; reaksione t\u00eb r\u00ebnda alergjike (shok anafilaktik).<br \/>\nPersoni q\u00eb e merr k\u00ebt\u00eb produkt mjek\u00ebsor mund t\u00eb ket\u00eb efektet e m\u00ebposhtme an\u00ebsore, mbi t\u00eb cilat disponohen t\u00eb dh\u00ebna t\u00eb pamjaftueshme p\u00ebr t\u00eb p\u00ebrcaktuar shpesht\u00ebsin\u00eb e tyre.<br \/>\n\u2022 reduktim n\u00eb numrin e pllak\u00ebzave t\u00eb gjakut (trombocitopeni);<br \/>\n\u2022 reduktim n\u00eb numrin e qelizave t\u00eb bardha t\u00eb gjakut (leukopeni\/agranulocitoz\u00eb);<br \/>\n\u2022 reduktim t\u00eb hemoglobin\u00ebs, nj\u00eb substanc\u00eb q\u00eb transporton oksigjenin n\u00eb gjak (anemi);<br \/>\n\u2022 marrje mendsh;<br \/>\n\u2022 reaksione t\u00eb stomakut ose t\u00eb zorr\u00ebve;<br \/>\n\u2022 d\u00ebmtim t\u00eb funksionit t\u00eb m\u00ebl\u00e7is\u00eb;<br \/>\n\u2022 inflamacion t\u00eb m\u00ebl\u00e7is\u00eb (hepatit);<br \/>\n\u2022 njolla t\u00eb kuqe, flluska me zona t\u00eb \u00e7arjes s\u00eb l\u00ebkur\u00ebs, flluska, shp\u00ebrthime t\u00eb l\u00ebkur\u00ebs (eritem\u00eb multiforme, sindroma StevensJohnson, nekroz\u00eb toksike epidermale);<br \/>\n\u2022 d\u00ebmtim t\u00eb funksionit t\u00eb veshkave (insuficienc\u00eb t\u00eb r\u00ebnd\u00eb renale);<br \/>\n\u2022 inflamacion t\u00eb veshkave (nefrit nd\u00ebrmjet\u00ebsor);<br \/>\n\u2022 gjak n\u00eb urin\u00eb (hematuri);<br \/>\n\u2022 ndalim ose reduktim t\u00eb prodhimit t\u00eb urin\u00ebs nga veshkat (anuri).<br \/>\nJan\u00eb raportuar raste shum\u00eb t\u00eb rralla t\u00eb reaksioneve t\u00eb r\u00ebnda t\u00eb l\u00ebkur\u00ebs.<br \/>\nSi duhet ruajtur SupofenMbajeni k\u00ebt\u00eb medikament larg f\u00ebmij\u00ebve.<br \/>\nMos e ruani mbi 25\u00baC.<br \/>\nMos e p\u00ebrdorni k\u00ebt\u00eb medikament pas dat\u00ebs s\u00eb skadenc\u00ebs t\u00eb sh\u00ebnuar n\u00eb kutin\u00eb e kartonit pas \u201cEXP\u201d.<br \/>\n Data e skadenc\u00ebs i referohet dit\u00ebs s\u00eb fundit t\u00eb atij muaji.<br \/>\nP\u00ebrpara p\u00ebrdorimit t\u00eb k\u00ebtij medikamenti lexoni me kujdes flet\u00ebudh\u00ebzuesin e pranish\u00ebm n\u00eb paketim, pasi ai p\u00ebrmban nj\u00eb informacion m\u00eb t\u00eb detajuar.<br \/>\nP\u00ebr \u00e7do paqart\u00ebsi k\u00ebshillohuni me mjekun ose farmacistin tuaj.<\/p>\n","protected":false},"excerpt":{"rendered":"<p>Supozitor\u00eb me p\u00ebrmbajtje paracetamoli 125 mg<br \/>\nPaketim x 12 supozitor\u00eb<\/p>\n","protected":false},"featured_media":208237,"template":"","meta":{"_acf_changed":false},"product_brand":[],"product_cat":[50242,50050,50072],"product_tag":[52921,52922,50542,48080],"giftcard-category":[],"class_list":{"0":"post-429384","1":"product","2":"type-product","3":"status-publish","4":"has-post-thumbnail","6":"product_cat-preparate-lokale-english","7":"product_cat-dhimbje-dhe-inflamacion-english","8":"product_cat-farmaci-english","9":"product_tag-analgjezik-en","10":"product_tag-antipiretik-en","11":"product_tag-femije-en","12":"product_tag-paracetamol","14":"first","15":"instock","16":"taxable","17":"shipping-taxable","18":"purchasable","19":"product-type-simple"},"bundled_by":[],"bundle_stock_status":"instock","bundle_stock_quantity":7,"bundle_virtual":false,"bundle_layout":"","bundle_add_to_cart_form_location":"","bundle_editable_in_cart":false,"bundle_sold_individually_context":"","bundle_item_grouping":"","bundle_min_size":"","bundle_max_size":"","bundle_price":[],"bundled_items":[],"bundle_sell_ids":[],"acf":[],"yoast_head":"<!-- This site is optimized with the Yoast SEO Premium plugin v23.0 (Yoast SEO v26.0) - https:\/\/yoast.com\/wordpress\/plugins\/seo\/ -->\n<title>Supofen 125 mg (paracetamol) - Farmaon<\/title>\n<meta name=\"robots\" content=\"index, follow, max-snippet:-1, max-image-preview:large, max-video-preview:-1\" \/>\n<link rel=\"canonical\" href=\"https:\/\/farmaon4.apptirana.al\/en\/produkt\/supofen-125-mg-paracetamol\/\" \/>\n<meta property=\"og:locale\" content=\"en_US\" \/>\n<meta property=\"og:type\" content=\"article\" \/>\n<meta property=\"og:title\" content=\"Supofen 125 mg (paracetamol)\" \/>\n<meta property=\"og:description\" content=\"Supozitor\u00eb me p\u00ebrmbajtje paracetamoli 125 mg Paketim x 12 supozitor\u00eb\" \/>\n<meta property=\"og:url\" content=\"https:\/\/farmaon4.apptirana.al\/en\/produkt\/supofen-125-mg-paracetamol\/\" \/>\n<meta property=\"og:site_name\" content=\"Farmaon\" \/>\n<meta property=\"article:modified_time\" content=\"2026-04-22T06:22:41+00:00\" \/>\n<meta property=\"og:image\" content=\"https:\/\/farmaon4.apptirana.al\/wp-content\/uploads\/2023\/12\/NOVE027-1.jpg\" \/>\n\t<meta property=\"og:image:width\" content=\"1080\" \/>\n\t<meta property=\"og:image:height\" content=\"1080\" \/>\n\t<meta property=\"og:image:type\" content=\"image\/jpeg\" \/>\n<meta name=\"twitter:card\" content=\"summary_large_image\" \/>\n<meta name=\"twitter:label1\" content=\"Price\" \/>\n\t<meta name=\"twitter:data1\" content=\"298&nbsp;L\" \/>\n\t<meta name=\"twitter:label2\" content=\"Availability\" \/>\n\t<meta name=\"twitter:data2\" content=\"In stock\" \/>\n<script type=\"application\/ld+json\" class=\"yoast-schema-graph\">{\"@context\":\"https:\/\/schema.org\",\"@graph\":[{\"@type\":\"WebPage\",\"@id\":\"https:\/\/farmaon4.apptirana.al\/en\/produkt\/supofen-125-mg-paracetamol\/\",\"url\":\"https:\/\/farmaon4.apptirana.al\/en\/produkt\/supofen-125-mg-paracetamol\/\",\"name\":\"Supofen 125 mg (paracetamol) - Farmaon\",\"isPartOf\":{\"@id\":\"https:\/\/farmaon4.apptirana.al\/#website\"},\"primaryImageOfPage\":{\"@id\":\"https:\/\/farmaon4.apptirana.al\/en\/produkt\/supofen-125-mg-paracetamol\/#primaryimage\"},\"image\":{\"@id\":\"https:\/\/farmaon4.apptirana.al\/en\/produkt\/supofen-125-mg-paracetamol\/#primaryimage\"},\"thumbnailUrl\":\"https:\/\/farmaon4.apptirana.al\/wp-content\/uploads\/2023\/12\/NOVE027-1.jpg\",\"datePublished\":\"2024-01-21T23:16:53+00:00\",\"dateModified\":\"2026-04-22T06:22:41+00:00\",\"breadcrumb\":{\"@id\":\"https:\/\/farmaon4.apptirana.al\/en\/produkt\/supofen-125-mg-paracetamol\/#breadcrumb\"},\"inLanguage\":\"en-US\",\"potentialAction\":[{\"@type\":\"ReadAction\",\"target\":[\"https:\/\/farmaon4.apptirana.al\/en\/produkt\/supofen-125-mg-paracetamol\/\"]}]},{\"@type\":\"ImageObject\",\"inLanguage\":\"en-US\",\"@id\":\"https:\/\/farmaon4.apptirana.al\/en\/produkt\/supofen-125-mg-paracetamol\/#primaryimage\",\"url\":\"https:\/\/farmaon4.apptirana.al\/wp-content\/uploads\/2023\/12\/NOVE027-1.jpg\",\"contentUrl\":\"https:\/\/farmaon4.apptirana.al\/wp-content\/uploads\/2023\/12\/NOVE027-1.jpg\",\"width\":1080,\"height\":1080},{\"@type\":\"BreadcrumbList\",\"@id\":\"https:\/\/farmaon4.apptirana.al\/en\/produkt\/supofen-125-mg-paracetamol\/#breadcrumb\",\"itemListElement\":[{\"@type\":\"ListItem\",\"position\":1,\"name\":\"Home\",\"item\":\"https:\/\/farmaon4.apptirana.al\/en\/\"},{\"@type\":\"ListItem\",\"position\":2,\"name\":\"Shop\",\"item\":\"https:\/\/farmaon4.apptirana.al\/en\/shop-3\/\"},{\"@type\":\"ListItem\",\"position\":3,\"name\":\"Supofen 125 mg (paracetamol)\"}]},{\"@type\":\"WebSite\",\"@id\":\"https:\/\/farmaon4.apptirana.al\/#website\",\"url\":\"https:\/\/farmaon4.apptirana.al\/\",\"name\":\"Farmaon\",\"description\":\"Farmacia Juaj Online!\",\"publisher\":{\"@id\":\"https:\/\/farmaon4.apptirana.al\/#organization\"},\"potentialAction\":[{\"@type\":\"SearchAction\",\"target\":{\"@type\":\"EntryPoint\",\"urlTemplate\":\"https:\/\/farmaon4.apptirana.al\/?s={search_term_string}\"},\"query-input\":{\"@type\":\"PropertyValueSpecification\",\"valueRequired\":true,\"valueName\":\"search_term_string\"}}],\"inLanguage\":\"en-US\"},{\"@type\":\"Organization\",\"@id\":\"https:\/\/farmaon4.apptirana.al\/#organization\",\"name\":\"Farmaon\",\"url\":\"https:\/\/farmaon4.apptirana.al\/\",\"logo\":{\"@type\":\"ImageObject\",\"inLanguage\":\"en-US\",\"@id\":\"https:\/\/farmaon4.apptirana.al\/#\/schema\/logo\/image\/\",\"url\":\"https:\/\/farmaon4.apptirana.al\/wp-content\/uploads\/2024\/08\/7f987514-logo-farmaon.png\",\"contentUrl\":\"https:\/\/farmaon4.apptirana.al\/wp-content\/uploads\/2024\/08\/7f987514-logo-farmaon.png\",\"width\":219,\"height\":53,\"caption\":\"Farmaon\"},\"image\":{\"@id\":\"https:\/\/farmaon4.apptirana.al\/#\/schema\/logo\/image\/\"}}]}<\/script>\n<meta property=\"product:price:amount\" content=\"298\" \/>\n<meta property=\"product:price:currency\" content=\"ALL\" \/>\n<meta property=\"og:availability\" content=\"instock\" \/>\n<meta property=\"product:availability\" content=\"instock\" \/>\n<meta property=\"product:retailer_item_id\" content=\"F003703\" \/>\n<meta property=\"product:condition\" content=\"new\" \/>\n<!-- \/ Yoast SEO Premium plugin. -->","yoast_head_json":{"title":"Supofen 125 mg (paracetamol) - Farmaon","robots":{"index":"index","follow":"follow","max-snippet":"max-snippet:-1","max-image-preview":"max-image-preview:large","max-video-preview":"max-video-preview:-1"},"canonical":"https:\/\/farmaon4.apptirana.al\/en\/produkt\/supofen-125-mg-paracetamol\/","og_locale":"en_US","og_type":"article","og_title":"Supofen 125 mg (paracetamol)","og_description":"Supozitor\u00eb me p\u00ebrmbajtje paracetamoli 125 mg Paketim x 12 supozitor\u00eb","og_url":"https:\/\/farmaon4.apptirana.al\/en\/produkt\/supofen-125-mg-paracetamol\/","og_site_name":"Farmaon","article_modified_time":"2026-04-22T06:22:41+00:00","og_image":[{"width":1080,"height":1080,"url":"https:\/\/farmaon4.apptirana.al\/wp-content\/uploads\/2023\/12\/NOVE027-1.jpg","type":"image\/jpeg"}],"twitter_card":"summary_large_image","twitter_misc":{"Price":"298&nbsp;L","Availability":"In stock"},"schema":{"@context":"https:\/\/schema.org","@graph":[{"@type":"WebPage","@id":"https:\/\/farmaon4.apptirana.al\/en\/produkt\/supofen-125-mg-paracetamol\/","url":"https:\/\/farmaon4.apptirana.al\/en\/produkt\/supofen-125-mg-paracetamol\/","name":"Supofen 125 mg (paracetamol) - Farmaon","isPartOf":{"@id":"https:\/\/farmaon4.apptirana.al\/#website"},"primaryImageOfPage":{"@id":"https:\/\/farmaon4.apptirana.al\/en\/produkt\/supofen-125-mg-paracetamol\/#primaryimage"},"image":{"@id":"https:\/\/farmaon4.apptirana.al\/en\/produkt\/supofen-125-mg-paracetamol\/#primaryimage"},"thumbnailUrl":"https:\/\/farmaon4.apptirana.al\/wp-content\/uploads\/2023\/12\/NOVE027-1.jpg","datePublished":"2024-01-21T23:16:53+00:00","dateModified":"2026-04-22T06:22:41+00:00","breadcrumb":{"@id":"https:\/\/farmaon4.apptirana.al\/en\/produkt\/supofen-125-mg-paracetamol\/#breadcrumb"},"inLanguage":"en-US","potentialAction":[{"@type":"ReadAction","target":["https:\/\/farmaon4.apptirana.al\/en\/produkt\/supofen-125-mg-paracetamol\/"]}]},{"@type":"ImageObject","inLanguage":"en-US","@id":"https:\/\/farmaon4.apptirana.al\/en\/produkt\/supofen-125-mg-paracetamol\/#primaryimage","url":"https:\/\/farmaon4.apptirana.al\/wp-content\/uploads\/2023\/12\/NOVE027-1.jpg","contentUrl":"https:\/\/farmaon4.apptirana.al\/wp-content\/uploads\/2023\/12\/NOVE027-1.jpg","width":1080,"height":1080},{"@type":"BreadcrumbList","@id":"https:\/\/farmaon4.apptirana.al\/en\/produkt\/supofen-125-mg-paracetamol\/#breadcrumb","itemListElement":[{"@type":"ListItem","position":1,"name":"Home","item":"https:\/\/farmaon4.apptirana.al\/en\/"},{"@type":"ListItem","position":2,"name":"Shop","item":"https:\/\/farmaon4.apptirana.al\/en\/shop-3\/"},{"@type":"ListItem","position":3,"name":"Supofen 125 mg (paracetamol)"}]},{"@type":"WebSite","@id":"https:\/\/farmaon4.apptirana.al\/#website","url":"https:\/\/farmaon4.apptirana.al\/","name":"Farmaon","description":"Farmacia Juaj Online!","publisher":{"@id":"https:\/\/farmaon4.apptirana.al\/#organization"},"potentialAction":[{"@type":"SearchAction","target":{"@type":"EntryPoint","urlTemplate":"https:\/\/farmaon4.apptirana.al\/?s={search_term_string}"},"query-input":{"@type":"PropertyValueSpecification","valueRequired":true,"valueName":"search_term_string"}}],"inLanguage":"en-US"},{"@type":"Organization","@id":"https:\/\/farmaon4.apptirana.al\/#organization","name":"Farmaon","url":"https:\/\/farmaon4.apptirana.al\/","logo":{"@type":"ImageObject","inLanguage":"en-US","@id":"https:\/\/farmaon4.apptirana.al\/#\/schema\/logo\/image\/","url":"https:\/\/farmaon4.apptirana.al\/wp-content\/uploads\/2024\/08\/7f987514-logo-farmaon.png","contentUrl":"https:\/\/farmaon4.apptirana.al\/wp-content\/uploads\/2024\/08\/7f987514-logo-farmaon.png","width":219,"height":53,"caption":"Farmaon"},"image":{"@id":"https:\/\/farmaon4.apptirana.al\/#\/schema\/logo\/image\/"}}]},"product_price_amount":"298","product_price_currency":"ALL","og_availability":"instock","product_availability":"instock","product_retailer_item_id":"F003703","product_condition":"new"},"_links":{"self":[{"href":"https:\/\/farmaon4.apptirana.al\/en\/wp-json\/wp\/v2\/product\/429384","targetHints":{"allow":["GET"]}}],"collection":[{"href":"https:\/\/farmaon4.apptirana.al\/en\/wp-json\/wp\/v2\/product"}],"about":[{"href":"https:\/\/farmaon4.apptirana.al\/en\/wp-json\/wp\/v2\/types\/product"}],"version-history":[{"count":0,"href":"https:\/\/farmaon4.apptirana.al\/en\/wp-json\/wp\/v2\/product\/429384\/revisions"}],"wp:featuredmedia":[{"embeddable":true,"href":"https:\/\/farmaon4.apptirana.al\/en\/wp-json\/wp\/v2\/media\/208237"}],"wp:attachment":[{"href":"https:\/\/farmaon4.apptirana.al\/en\/wp-json\/wp\/v2\/media?parent=429384"}],"wp:term":[{"taxonomy":"product_brand","embeddable":true,"href":"https:\/\/farmaon4.apptirana.al\/en\/wp-json\/wp\/v2\/product_brand?post=429384"},{"taxonomy":"product_cat","embeddable":true,"href":"https:\/\/farmaon4.apptirana.al\/en\/wp-json\/wp\/v2\/product_cat?post=429384"},{"taxonomy":"product_tag","embeddable":true,"href":"https:\/\/farmaon4.apptirana.al\/en\/wp-json\/wp\/v2\/product_tag?post=429384"},{"taxonomy":"giftcard-category","embeddable":true,"href":"https:\/\/farmaon4.apptirana.al\/en\/wp-json\/wp\/v2\/giftcard-category?post=429384"}],"curies":[{"name":"wp","href":"https:\/\/api.w.org\/{rel}","templated":true}]}}