{"id":429386,"date":"2024-01-21T23:16:53","date_gmt":"2024-01-21T23:16:53","guid":{"rendered":"https:\/\/farmaon4.apptirana.al\/product\/moment-400-mg-ibuprofen\/"},"modified":"2026-04-07T09:34:39","modified_gmt":"2026-04-07T08:34:39","slug":"moment-400-mg-ibuprofen","status":"publish","type":"product","link":"https:\/\/farmaon4.apptirana.al\/en\/produkt\/moment-400-mg-ibuprofen\/","title":{"rendered":"Moment 400 mg (ibuprofen)"},"content":{"rendered":"<p>Moment i p\u00ebrket klas\u00ebs s\u00eb barnave analgjezik\u00eb dhe anti-inflamator\u00eb, pra synon t\u00eb qet\u00ebsoj\u00eb dhimbjen dhe t\u00eb pak\u00ebsoj\u00eb inflamacionin.<br \/>\nP\u00ebrdoret p\u00ebr:<\/p>\n<p>-qet\u00ebsimin e dhimbjeve me origjin\u00eb t\u00eb ndryshme (dhimbje koke, dhimbje dh\u00ebmbi, nevralgji, dhimbje kockash, dhimbje muskulare, dhimbje cikli).<br \/>\n-si terapi ndihm\u00ebse p\u00ebr simptomat e gripit dhe p\u00ebr t\u00eb ulur temperatur\u00ebn.<br \/>\nNuk duhet t\u00eb p\u00ebrdoret:<\/p>\n<p>-n\u00ebse keni mbindjeshm\u00ebri nga ibuprofeni, nga acidi acetilsalicilik, nga barna t\u00eb tjer\u00eb analgjezik\u00eb, antipiretik\u00eb, AIJS ose nga l\u00ebnd\u00ebt ndihm\u00ebse t\u00eb pranishme n\u00eb formulim.<br \/>\n-tek f\u00ebmij\u00ebt n\u00ebn 12 vje\u00e7.<br \/>\n-n\u00eb tremujorin e tret\u00eb t\u00eb shtatz\u00ebnis\u00eb dhe gjat\u00eb ushqyerjes me gji.<br \/>\n-n\u00eb rast se keni ul\u00e7er gastrike aktive, ul\u00e7er n\u00eb stad t\u00eb r\u00ebnd\u00eb ose ndonj\u00eb s\u00ebmundje tjet\u00ebr gastrike.<br \/>\n-histori t\u00eb nj\u00eb hemorragjie gastro-intestinale ose t\u00eb perforimit gastro-intestinal, q\u00eb mund t\u00eb ket\u00eb ardhur si pasoj\u00eb e trajtimeve medikamentoze t\u00eb m\u00ebparshme, historive me ul\u00e7er peptike, hemorragjive gastrike.<br \/>\n-n\u00ebse keni insufi\u00e7enc\u00eb kardiake.<br \/>\n-n\u00ebse keni d\u00ebmtim t\u00eb r\u00ebnd\u00eb t\u00eb veshkave ose m\u00ebl\u00e7is\u00eb.<br \/>\n-n\u00ebse jeni t\u00eb dehidratuar.<br \/>\nSi t\u00eb gjith\u00eb medikamentet e tjer\u00eb dhe Moment mund t\u00eb shkaktoj\u00eb efekte an\u00ebsore pavar\u00ebsisht se jo t\u00eb gjith\u00eb i manifestojn\u00eb ato.<br \/>\nNd\u00ebr efektet an\u00ebsore m\u00eb t\u00eb shprehurat jan\u00eb ato q\u00eb lidhen me traktin gastro-intestinal.<br \/>\n Ul\u00e7era peptike, perforim ose hemorragji, n\u00eb disa raste dhe fatale (kryesisht te t\u00eb moshuarit) mund t\u00eb ndodhin.<br \/>\n Direkt pas administrimit t\u00eb tabletave Moment jan\u00eb v\u00ebn\u00eb re:<\/p>\n<p> t\u00eb p\u00ebrzjera, probleme me tretjen, t\u00eb vjella, gazra, dhimbje abdominale, s\u00ebmundja e Crohn.<br \/>\nMedikamenti i m\u00ebsip\u00ebrm \u00ebsht\u00eb nj\u00eb bar OTC, pra mund t\u00eb merret pa rekomandim nga mjeku.<br \/>\nP\u00ebrpara p\u00ebrdorimit t\u00eb k\u00ebtij medikamenti lexoni me kujdes flet\u00ebudh\u00ebzuesin  e pranish\u00ebm n\u00eb paketim, pasi ai p\u00ebrmban nj\u00eb informacion m\u00eb t\u00eb detajuar.<br \/>\nP\u00ebr \u00e7do paqart\u00ebsi k\u00ebshillohuni me mjekun ose farmacistin tuaj.<\/p>\n","protected":false},"excerpt":{"rendered":"<p>Tableta me p\u00ebrmbajtje ibuprofeni, n\u00eb doz\u00ebn 400 mg<br \/>\nKuti x 12 tableta<\/p>\n","protected":false},"featured_media":174343,"template":"","meta":{"_acf_changed":false},"product_brand":[],"product_cat":[50203,56239,56240],"product_tag":[50451,52921,51686,52922,48140],"giftcard-category":[],"class_list":{"0":"post-429386","1":"product","2":"type-product","3":"status-publish","4":"has-post-thumbnail","6":"product_cat-otc-orale-english","7":"product_cat-dhimbje-analgjezike-dhe-antipiretike-otc-orale-farmaci-en","8":"product_cat-temperature-analgjezike-dhe-antipiretike-otc-orale-farmaci-en","9":"product_tag-te-rritur-en","10":"product_tag-analgjezik-en","11":"product_tag-anti-inflamator-en","12":"product_tag-antipiretik-en","13":"product_tag-ibuprofen","15":"first","16":"instock","17":"taxable","18":"shipping-taxable","19":"purchasable","20":"product-type-simple"},"bundled_by":[],"bundle_stock_status":"instock","bundle_stock_quantity":7,"bundle_virtual":false,"bundle_layout":"","bundle_add_to_cart_form_location":"","bundle_editable_in_cart":false,"bundle_sold_individually_context":"","bundle_item_grouping":"","bundle_min_size":"","bundle_max_size":"","bundle_price":[],"bundled_items":[],"bundle_sell_ids":[],"acf":[],"yoast_head":"<!-- This site is optimized with the Yoast SEO Premium plugin v23.0 (Yoast SEO v26.0) - https:\/\/yoast.com\/wordpress\/plugins\/seo\/ -->\n<title>Moment 400 mg (ibuprofen) - Farmaon<\/title>\n<meta name=\"robots\" content=\"index, follow, max-snippet:-1, max-image-preview:large, max-video-preview:-1\" \/>\n<link rel=\"canonical\" href=\"https:\/\/farmaon4.apptirana.al\/en\/produkt\/moment-400-mg-ibuprofen\/\" \/>\n<meta property=\"og:locale\" content=\"en_US\" \/>\n<meta property=\"og:type\" content=\"article\" \/>\n<meta property=\"og:title\" content=\"Moment 400 mg (ibuprofen)\" \/>\n<meta property=\"og:description\" content=\"Tableta me p\u00ebrmbajtje ibuprofeni, n\u00eb doz\u00ebn 400 mg Kuti x 12 tableta\" \/>\n<meta property=\"og:url\" content=\"https:\/\/farmaon4.apptirana.al\/en\/produkt\/moment-400-mg-ibuprofen\/\" \/>\n<meta property=\"og:site_name\" content=\"Farmaon\" \/>\n<meta property=\"article:modified_time\" content=\"2026-04-07T08:34:39+00:00\" \/>\n<meta property=\"og:image\" content=\"https:\/\/farmaon4.apptirana.al\/wp-content\/uploads\/2023\/12\/e6071b84-002083.jpg\" \/>\n\t<meta property=\"og:image:width\" content=\"500\" \/>\n\t<meta property=\"og:image:height\" content=\"500\" \/>\n\t<meta property=\"og:image:type\" content=\"image\/jpeg\" \/>\n<meta name=\"twitter:card\" content=\"summary_large_image\" \/>\n<meta name=\"twitter:label1\" content=\"Price\" \/>\n\t<meta name=\"twitter:data1\" content=\"667&nbsp;L\" \/>\n\t<meta name=\"twitter:label2\" content=\"Availability\" \/>\n\t<meta name=\"twitter:data2\" content=\"In stock\" \/>\n<script type=\"application\/ld+json\" class=\"yoast-schema-graph\">{\"@context\":\"https:\/\/schema.org\",\"@graph\":[{\"@type\":\"WebPage\",\"@id\":\"https:\/\/farmaon4.apptirana.al\/en\/produkt\/moment-400-mg-ibuprofen\/\",\"url\":\"https:\/\/farmaon4.apptirana.al\/en\/produkt\/moment-400-mg-ibuprofen\/\",\"name\":\"Moment 400 mg (ibuprofen) - Farmaon\",\"isPartOf\":{\"@id\":\"https:\/\/farmaon4.apptirana.al\/#website\"},\"primaryImageOfPage\":{\"@id\":\"https:\/\/farmaon4.apptirana.al\/en\/produkt\/moment-400-mg-ibuprofen\/#primaryimage\"},\"image\":{\"@id\":\"https:\/\/farmaon4.apptirana.al\/en\/produkt\/moment-400-mg-ibuprofen\/#primaryimage\"},\"thumbnailUrl\":\"https:\/\/farmaon4.apptirana.al\/wp-content\/uploads\/2023\/12\/e6071b84-002083.jpg\",\"datePublished\":\"2024-01-21T23:16:53+00:00\",\"dateModified\":\"2026-04-07T08:34:39+00:00\",\"breadcrumb\":{\"@id\":\"https:\/\/farmaon4.apptirana.al\/en\/produkt\/moment-400-mg-ibuprofen\/#breadcrumb\"},\"inLanguage\":\"en-US\",\"potentialAction\":[{\"@type\":\"ReadAction\",\"target\":[\"https:\/\/farmaon4.apptirana.al\/en\/produkt\/moment-400-mg-ibuprofen\/\"]}]},{\"@type\":\"ImageObject\",\"inLanguage\":\"en-US\",\"@id\":\"https:\/\/farmaon4.apptirana.al\/en\/produkt\/moment-400-mg-ibuprofen\/#primaryimage\",\"url\":\"https:\/\/farmaon4.apptirana.al\/wp-content\/uploads\/2023\/12\/e6071b84-002083.jpg\",\"contentUrl\":\"https:\/\/farmaon4.apptirana.al\/wp-content\/uploads\/2023\/12\/e6071b84-002083.jpg\",\"width\":500,\"height\":500},{\"@type\":\"BreadcrumbList\",\"@id\":\"https:\/\/farmaon4.apptirana.al\/en\/produkt\/moment-400-mg-ibuprofen\/#breadcrumb\",\"itemListElement\":[{\"@type\":\"ListItem\",\"position\":1,\"name\":\"Home\",\"item\":\"https:\/\/farmaon4.apptirana.al\/en\/\"},{\"@type\":\"ListItem\",\"position\":2,\"name\":\"Shop\",\"item\":\"https:\/\/farmaon4.apptirana.al\/en\/shop-3\/\"},{\"@type\":\"ListItem\",\"position\":3,\"name\":\"Moment 400 mg (ibuprofen)\"}]},{\"@type\":\"WebSite\",\"@id\":\"https:\/\/farmaon4.apptirana.al\/#website\",\"url\":\"https:\/\/farmaon4.apptirana.al\/\",\"name\":\"Farmaon\",\"description\":\"Farmacia Juaj Online!\",\"publisher\":{\"@id\":\"https:\/\/farmaon4.apptirana.al\/#organization\"},\"potentialAction\":[{\"@type\":\"SearchAction\",\"target\":{\"@type\":\"EntryPoint\",\"urlTemplate\":\"https:\/\/farmaon4.apptirana.al\/?s={search_term_string}\"},\"query-input\":{\"@type\":\"PropertyValueSpecification\",\"valueRequired\":true,\"valueName\":\"search_term_string\"}}],\"inLanguage\":\"en-US\"},{\"@type\":\"Organization\",\"@id\":\"https:\/\/farmaon4.apptirana.al\/#organization\",\"name\":\"Farmaon\",\"url\":\"https:\/\/farmaon4.apptirana.al\/\",\"logo\":{\"@type\":\"ImageObject\",\"inLanguage\":\"en-US\",\"@id\":\"https:\/\/farmaon4.apptirana.al\/#\/schema\/logo\/image\/\",\"url\":\"https:\/\/farmaon4.apptirana.al\/wp-content\/uploads\/2024\/08\/7f987514-logo-farmaon.png\",\"contentUrl\":\"https:\/\/farmaon4.apptirana.al\/wp-content\/uploads\/2024\/08\/7f987514-logo-farmaon.png\",\"width\":219,\"height\":53,\"caption\":\"Farmaon\"},\"image\":{\"@id\":\"https:\/\/farmaon4.apptirana.al\/#\/schema\/logo\/image\/\"}}]}<\/script>\n<meta property=\"product:price:amount\" content=\"667\" \/>\n<meta property=\"product:price:currency\" content=\"ALL\" \/>\n<meta property=\"og:availability\" content=\"instock\" \/>\n<meta property=\"product:availability\" content=\"instock\" \/>\n<meta property=\"product:retailer_item_id\" content=\"F002083\" \/>\n<meta property=\"product:condition\" content=\"new\" \/>\n<!-- \/ Yoast SEO Premium plugin. -->","yoast_head_json":{"title":"Moment 400 mg (ibuprofen) - Farmaon","robots":{"index":"index","follow":"follow","max-snippet":"max-snippet:-1","max-image-preview":"max-image-preview:large","max-video-preview":"max-video-preview:-1"},"canonical":"https:\/\/farmaon4.apptirana.al\/en\/produkt\/moment-400-mg-ibuprofen\/","og_locale":"en_US","og_type":"article","og_title":"Moment 400 mg (ibuprofen)","og_description":"Tableta me p\u00ebrmbajtje ibuprofeni, n\u00eb doz\u00ebn 400 mg Kuti x 12 tableta","og_url":"https:\/\/farmaon4.apptirana.al\/en\/produkt\/moment-400-mg-ibuprofen\/","og_site_name":"Farmaon","article_modified_time":"2026-04-07T08:34:39+00:00","og_image":[{"width":500,"height":500,"url":"https:\/\/farmaon4.apptirana.al\/wp-content\/uploads\/2023\/12\/e6071b84-002083.jpg","type":"image\/jpeg"}],"twitter_card":"summary_large_image","twitter_misc":{"Price":"667&nbsp;L","Availability":"In stock"},"schema":{"@context":"https:\/\/schema.org","@graph":[{"@type":"WebPage","@id":"https:\/\/farmaon4.apptirana.al\/en\/produkt\/moment-400-mg-ibuprofen\/","url":"https:\/\/farmaon4.apptirana.al\/en\/produkt\/moment-400-mg-ibuprofen\/","name":"Moment 400 mg (ibuprofen) - Farmaon","isPartOf":{"@id":"https:\/\/farmaon4.apptirana.al\/#website"},"primaryImageOfPage":{"@id":"https:\/\/farmaon4.apptirana.al\/en\/produkt\/moment-400-mg-ibuprofen\/#primaryimage"},"image":{"@id":"https:\/\/farmaon4.apptirana.al\/en\/produkt\/moment-400-mg-ibuprofen\/#primaryimage"},"thumbnailUrl":"https:\/\/farmaon4.apptirana.al\/wp-content\/uploads\/2023\/12\/e6071b84-002083.jpg","datePublished":"2024-01-21T23:16:53+00:00","dateModified":"2026-04-07T08:34:39+00:00","breadcrumb":{"@id":"https:\/\/farmaon4.apptirana.al\/en\/produkt\/moment-400-mg-ibuprofen\/#breadcrumb"},"inLanguage":"en-US","potentialAction":[{"@type":"ReadAction","target":["https:\/\/farmaon4.apptirana.al\/en\/produkt\/moment-400-mg-ibuprofen\/"]}]},{"@type":"ImageObject","inLanguage":"en-US","@id":"https:\/\/farmaon4.apptirana.al\/en\/produkt\/moment-400-mg-ibuprofen\/#primaryimage","url":"https:\/\/farmaon4.apptirana.al\/wp-content\/uploads\/2023\/12\/e6071b84-002083.jpg","contentUrl":"https:\/\/farmaon4.apptirana.al\/wp-content\/uploads\/2023\/12\/e6071b84-002083.jpg","width":500,"height":500},{"@type":"BreadcrumbList","@id":"https:\/\/farmaon4.apptirana.al\/en\/produkt\/moment-400-mg-ibuprofen\/#breadcrumb","itemListElement":[{"@type":"ListItem","position":1,"name":"Home","item":"https:\/\/farmaon4.apptirana.al\/en\/"},{"@type":"ListItem","position":2,"name":"Shop","item":"https:\/\/farmaon4.apptirana.al\/en\/shop-3\/"},{"@type":"ListItem","position":3,"name":"Moment 400 mg (ibuprofen)"}]},{"@type":"WebSite","@id":"https:\/\/farmaon4.apptirana.al\/#website","url":"https:\/\/farmaon4.apptirana.al\/","name":"Farmaon","description":"Farmacia Juaj Online!","publisher":{"@id":"https:\/\/farmaon4.apptirana.al\/#organization"},"potentialAction":[{"@type":"SearchAction","target":{"@type":"EntryPoint","urlTemplate":"https:\/\/farmaon4.apptirana.al\/?s={search_term_string}"},"query-input":{"@type":"PropertyValueSpecification","valueRequired":true,"valueName":"search_term_string"}}],"inLanguage":"en-US"},{"@type":"Organization","@id":"https:\/\/farmaon4.apptirana.al\/#organization","name":"Farmaon","url":"https:\/\/farmaon4.apptirana.al\/","logo":{"@type":"ImageObject","inLanguage":"en-US","@id":"https:\/\/farmaon4.apptirana.al\/#\/schema\/logo\/image\/","url":"https:\/\/farmaon4.apptirana.al\/wp-content\/uploads\/2024\/08\/7f987514-logo-farmaon.png","contentUrl":"https:\/\/farmaon4.apptirana.al\/wp-content\/uploads\/2024\/08\/7f987514-logo-farmaon.png","width":219,"height":53,"caption":"Farmaon"},"image":{"@id":"https:\/\/farmaon4.apptirana.al\/#\/schema\/logo\/image\/"}}]},"product_price_amount":"667","product_price_currency":"ALL","og_availability":"instock","product_availability":"instock","product_retailer_item_id":"F002083","product_condition":"new"},"_links":{"self":[{"href":"https:\/\/farmaon4.apptirana.al\/en\/wp-json\/wp\/v2\/product\/429386","targetHints":{"allow":["GET"]}}],"collection":[{"href":"https:\/\/farmaon4.apptirana.al\/en\/wp-json\/wp\/v2\/product"}],"about":[{"href":"https:\/\/farmaon4.apptirana.al\/en\/wp-json\/wp\/v2\/types\/product"}],"version-history":[{"count":0,"href":"https:\/\/farmaon4.apptirana.al\/en\/wp-json\/wp\/v2\/product\/429386\/revisions"}],"wp:featuredmedia":[{"embeddable":true,"href":"https:\/\/farmaon4.apptirana.al\/en\/wp-json\/wp\/v2\/media\/174343"}],"wp:attachment":[{"href":"https:\/\/farmaon4.apptirana.al\/en\/wp-json\/wp\/v2\/media?parent=429386"}],"wp:term":[{"taxonomy":"product_brand","embeddable":true,"href":"https:\/\/farmaon4.apptirana.al\/en\/wp-json\/wp\/v2\/product_brand?post=429386"},{"taxonomy":"product_cat","embeddable":true,"href":"https:\/\/farmaon4.apptirana.al\/en\/wp-json\/wp\/v2\/product_cat?post=429386"},{"taxonomy":"product_tag","embeddable":true,"href":"https:\/\/farmaon4.apptirana.al\/en\/wp-json\/wp\/v2\/product_tag?post=429386"},{"taxonomy":"giftcard-category","embeddable":true,"href":"https:\/\/farmaon4.apptirana.al\/en\/wp-json\/wp\/v2\/giftcard-category?post=429386"}],"curies":[{"name":"wp","href":"https:\/\/api.w.org\/{rel}","templated":true}]}}