{"id":429401,"date":"2024-01-21T23:16:45","date_gmt":"2024-01-21T23:16:45","guid":{"rendered":"https:\/\/farmaon4.apptirana.al\/product\/angelini-tantum-verde-spray-0-15\/"},"modified":"2026-05-01T05:26:59","modified_gmt":"2026-05-01T04:26:59","slug":"angelini-tantum-verde-spray-0-15","status":"publish","type":"product","link":"https:\/\/farmaon4.apptirana.al\/en\/produkt\/angelini-tantum-verde-spray-0-15\/","title":{"rendered":"Angelini Tantum Verde Spray 0.15%"},"content":{"rendered":"<p>P\u00ebrb\u00ebr\u00ebsi aktiv i k\u00ebtij preparati \u00ebsht\u00eb hidrokloruri i benzidamin\u00ebs, nj\u00eb substanc\u00eb me efekt t\u00eb leht\u00eb anestezik, me veti anti-inflamatore, frenuese t\u00eb dhimbjes dhe dezinfektues.<br \/>\nProdukti indikohet:<\/p>\n<p>-p\u00ebr trajtimin e inflamacionit n\u00eb zgavr\u00ebn e goj\u00ebs dhe t\u00eb fytit t\u00eb shoq\u00ebruara me dhimbje (si p.<br \/>\nsh.<br \/>\n aftet, inflamacion i nazo-faringut, inflamacion i mukoz\u00ebs n\u00eb zgavr\u00ebn e goj\u00ebs, inflamacion i mishrave t\u00eb dh\u00ebmb\u00ebve);<br \/>\n-si terapi mb\u00ebshtet\u00ebse pas nd\u00ebrhyrjeve dentare dhe operacioneve n\u00eb kavitetin oral ose n\u00eb fyt, n\u00ebse rekomandohet nga mjeku.<br \/>\nTantum Verde Spray 0.<br \/>\n15% \u00ebsht\u00eb i formuluar q\u00eb t\u00eb p\u00ebrdoret nga pacient\u00eb t\u00eb rritur dhe f\u00ebmij\u00eb mbi 6 vje\u00e7.<br \/>\n Produkti \u00ebsht\u00eb ve\u00e7an\u00ebrisht i p\u00ebrshtatsh\u00ebm p\u00ebr ata pacient\u00eb q\u00eb kan\u00eb v\u00ebshtir\u00ebsi p\u00ebr t\u00eb b\u00ebr\u00eb gargar\u00eb.<br \/>\nJu duhet t\u00eb flisni me nj\u00eb mjek n\u00ebse nuk ndiheni m\u00eb mir\u00eb ose n\u00ebse ndiheni m\u00eb keq pas 7 dit\u00ebsh trajtimi.<br \/>\nMos p\u00ebrdorni Tantum Verde Spray 0.<br \/>\n15% n\u00ebse jeni alergjik ndaj substanc\u00ebs aktive ose ndonj\u00eb prej p\u00ebrb\u00ebr\u00ebsve t\u00eb tjer\u00eb t\u00eb pranish\u00ebm n\u00eb formulim.<br \/>\nParalajm\u00ebrimet dhe masat paraprakeP\u00ebrdorimi afatgjat\u00eb i produktit mund t\u00eb \u00e7oj\u00eb n\u00eb zhvillimin e mbindjeshm\u00ebris\u00eb dhe p\u00ebr k\u00ebt\u00eb arsye rekomandohet q\u00eb produkti t\u00eb p\u00ebrdoret vet\u00ebm p\u00ebr aq koh\u00eb sa nevojitet p\u00ebr trajtim.<br \/>\n N\u00eb rast t\u00eb mbindjeshm\u00ebris\u00eb, nd\u00ebrpriteni trajtimin.<br \/>\n Inflamacioni i mishrave t\u00eb dh\u00ebmb\u00ebve mund t\u00eb jet\u00eb nj\u00eb simptom\u00eb e \u00e7rregullimit dentar dhe k\u00ebshtu nj\u00eb vizit\u00eb tek dentisti mund t\u00eb jet\u00eb e dobishme n\u00eb rast t\u00eb munges\u00ebs s\u00eb efektit t\u00eb produktit.<br \/>\nShtatz\u00ebnia, ushqyerja me gji dhe fertilitetiN\u00ebse jeni shtatz\u00ebn\u00eb ose ushqeni me gji, mendoni se mund t\u00eb jeni shtatz\u00ebn\u00eb ose po planifikoni t\u00eb keni nj\u00eb f\u00ebmij\u00eb, k\u00ebshillohuni me mjekun ose farmacistin tuaj p\u00ebrpara se t\u00eb merrni k\u00ebt\u00eb medikament.<br \/>\n Produkti mund t\u00eb p\u00ebrdoret gjat\u00eb shtatz\u00ebnis\u00eb vet\u00ebm kur mjeku e gjykon t\u00eb arsyesh\u00ebm p\u00ebrdorimin e tij.<br \/>\n Kalimi i hidroklorurit t\u00eb benzidamin\u00ebs n\u00eb qum\u00ebshtin e gjirit nuk mund t\u00eb p\u00ebrjashtohet, k\u00ebshtu q\u00eb produkti nuk duhet t\u00eb p\u00ebrdoret gjat\u00eb ushqyerjes me gji.<br \/>\nMedikamenti i m\u00ebsip\u00ebrm \u00ebsht\u00eb nj\u00eb bar OTC, pra mund t\u00eb merret pa rekomandim nga mjeku.<br \/>\nP\u00ebrpara p\u00ebrdorimit t\u00eb k\u00ebtij medikamenti lexoni me kujdes flet\u00ebudh\u00ebzuesin  e pranish\u00ebm n\u00eb paketim, pasi ai p\u00ebrmban nj\u00eb informacion m\u00eb t\u00eb detajuar.<br \/>\nP\u00ebr \u00e7do paqart\u00ebsi k\u00ebshillohuni me mjekun ose farmacistin tuaj.<\/p>\n","protected":false},"excerpt":{"rendered":"<p>Spraj p\u00ebr fytin me veti anti-inflamatore dhe antiseptike<br \/>\n30 ml<\/p>\n","protected":false},"featured_media":174409,"template":"","meta":{"_acf_changed":false},"product_brand":[],"product_cat":[50203],"product_tag":[50451,50542,47740,52845],"giftcard-category":[],"class_list":{"0":"post-429401","1":"product","2":"type-product","3":"status-publish","4":"has-post-thumbnail","6":"product_cat-otc-orale-english","7":"product_tag-te-rritur-en","8":"product_tag-femije-en","9":"product_tag-fyti","10":"product_tag-dhimbje-en","12":"first","13":"instock","14":"taxable","15":"shipping-taxable","16":"purchasable","17":"product-type-simple"},"bundled_by":[],"bundle_stock_status":"instock","bundle_stock_quantity":44,"bundle_virtual":false,"bundle_layout":"","bundle_add_to_cart_form_location":"","bundle_editable_in_cart":false,"bundle_sold_individually_context":"","bundle_item_grouping":"","bundle_min_size":"","bundle_max_size":"","bundle_price":[],"bundled_items":[],"bundle_sell_ids":[],"acf":[],"yoast_head":"<!-- This site is optimized with the Yoast SEO Premium plugin v23.0 (Yoast SEO v26.0) - https:\/\/yoast.com\/wordpress\/plugins\/seo\/ -->\n<title>Angelini Tantum Verde Spray 0.15% - Farmaon<\/title>\n<meta name=\"robots\" content=\"index, follow, max-snippet:-1, max-image-preview:large, max-video-preview:-1\" \/>\n<link rel=\"canonical\" href=\"https:\/\/farmaon4.apptirana.al\/en\/produkt\/angelini-tantum-verde-spray-0-15\/\" \/>\n<meta property=\"og:locale\" content=\"en_US\" \/>\n<meta property=\"og:type\" content=\"article\" \/>\n<meta property=\"og:title\" content=\"Angelini Tantum Verde Spray 0.15%\" \/>\n<meta property=\"og:description\" content=\"Spraj p\u00ebr fytin me veti anti-inflamatore dhe antiseptike 30 ml\" \/>\n<meta property=\"og:url\" content=\"https:\/\/farmaon4.apptirana.al\/en\/produkt\/angelini-tantum-verde-spray-0-15\/\" \/>\n<meta property=\"og:site_name\" content=\"Farmaon\" \/>\n<meta property=\"article:modified_time\" content=\"2026-05-01T04:26:59+00:00\" \/>\n<meta property=\"og:image\" content=\"https:\/\/farmaon4.apptirana.al\/wp-content\/uploads\/2023\/12\/b23e7c49-004490160.jpg\" \/>\n\t<meta property=\"og:image:width\" content=\"1080\" \/>\n\t<meta property=\"og:image:height\" content=\"1080\" \/>\n\t<meta property=\"og:image:type\" content=\"image\/jpeg\" \/>\n<meta name=\"twitter:card\" content=\"summary_large_image\" \/>\n<meta name=\"twitter:label1\" content=\"Price\" \/>\n\t<meta name=\"twitter:data1\" content=\"705&nbsp;L\" \/>\n\t<meta name=\"twitter:label2\" content=\"Availability\" \/>\n\t<meta name=\"twitter:data2\" content=\"In stock\" \/>\n<script type=\"application\/ld+json\" class=\"yoast-schema-graph\">{\"@context\":\"https:\/\/schema.org\",\"@graph\":[{\"@type\":\"WebPage\",\"@id\":\"https:\/\/farmaon4.apptirana.al\/en\/produkt\/angelini-tantum-verde-spray-0-15\/\",\"url\":\"https:\/\/farmaon4.apptirana.al\/en\/produkt\/angelini-tantum-verde-spray-0-15\/\",\"name\":\"Angelini Tantum Verde Spray 0.15% - Farmaon\",\"isPartOf\":{\"@id\":\"https:\/\/farmaon4.apptirana.al\/#website\"},\"primaryImageOfPage\":{\"@id\":\"https:\/\/farmaon4.apptirana.al\/en\/produkt\/angelini-tantum-verde-spray-0-15\/#primaryimage\"},\"image\":{\"@id\":\"https:\/\/farmaon4.apptirana.al\/en\/produkt\/angelini-tantum-verde-spray-0-15\/#primaryimage\"},\"thumbnailUrl\":\"https:\/\/farmaon4.apptirana.al\/wp-content\/uploads\/2023\/12\/b23e7c49-004490160.jpg\",\"datePublished\":\"2024-01-21T23:16:45+00:00\",\"dateModified\":\"2026-05-01T04:26:59+00:00\",\"breadcrumb\":{\"@id\":\"https:\/\/farmaon4.apptirana.al\/en\/produkt\/angelini-tantum-verde-spray-0-15\/#breadcrumb\"},\"inLanguage\":\"en-US\",\"potentialAction\":[{\"@type\":\"ReadAction\",\"target\":[\"https:\/\/farmaon4.apptirana.al\/en\/produkt\/angelini-tantum-verde-spray-0-15\/\"]}]},{\"@type\":\"ImageObject\",\"inLanguage\":\"en-US\",\"@id\":\"https:\/\/farmaon4.apptirana.al\/en\/produkt\/angelini-tantum-verde-spray-0-15\/#primaryimage\",\"url\":\"https:\/\/farmaon4.apptirana.al\/wp-content\/uploads\/2023\/12\/b23e7c49-004490160.jpg\",\"contentUrl\":\"https:\/\/farmaon4.apptirana.al\/wp-content\/uploads\/2023\/12\/b23e7c49-004490160.jpg\",\"width\":1080,\"height\":1080},{\"@type\":\"BreadcrumbList\",\"@id\":\"https:\/\/farmaon4.apptirana.al\/en\/produkt\/angelini-tantum-verde-spray-0-15\/#breadcrumb\",\"itemListElement\":[{\"@type\":\"ListItem\",\"position\":1,\"name\":\"Home\",\"item\":\"https:\/\/farmaon4.apptirana.al\/en\/\"},{\"@type\":\"ListItem\",\"position\":2,\"name\":\"Shop\",\"item\":\"https:\/\/farmaon4.apptirana.al\/en\/shop-3\/\"},{\"@type\":\"ListItem\",\"position\":3,\"name\":\"Angelini Tantum Verde Spray 0.15%\"}]},{\"@type\":\"WebSite\",\"@id\":\"https:\/\/farmaon4.apptirana.al\/#website\",\"url\":\"https:\/\/farmaon4.apptirana.al\/\",\"name\":\"Farmaon\",\"description\":\"Farmacia Juaj Online!\",\"publisher\":{\"@id\":\"https:\/\/farmaon4.apptirana.al\/#organization\"},\"potentialAction\":[{\"@type\":\"SearchAction\",\"target\":{\"@type\":\"EntryPoint\",\"urlTemplate\":\"https:\/\/farmaon4.apptirana.al\/?s={search_term_string}\"},\"query-input\":{\"@type\":\"PropertyValueSpecification\",\"valueRequired\":true,\"valueName\":\"search_term_string\"}}],\"inLanguage\":\"en-US\"},{\"@type\":\"Organization\",\"@id\":\"https:\/\/farmaon4.apptirana.al\/#organization\",\"name\":\"Farmaon\",\"url\":\"https:\/\/farmaon4.apptirana.al\/\",\"logo\":{\"@type\":\"ImageObject\",\"inLanguage\":\"en-US\",\"@id\":\"https:\/\/farmaon4.apptirana.al\/#\/schema\/logo\/image\/\",\"url\":\"https:\/\/farmaon4.apptirana.al\/wp-content\/uploads\/2024\/08\/7f987514-logo-farmaon.png\",\"contentUrl\":\"https:\/\/farmaon4.apptirana.al\/wp-content\/uploads\/2024\/08\/7f987514-logo-farmaon.png\",\"width\":219,\"height\":53,\"caption\":\"Farmaon\"},\"image\":{\"@id\":\"https:\/\/farmaon4.apptirana.al\/#\/schema\/logo\/image\/\"}}]}<\/script>\n<meta property=\"product:price:amount\" content=\"705\" \/>\n<meta property=\"product:price:currency\" content=\"ALL\" \/>\n<meta property=\"og:availability\" content=\"instock\" \/>\n<meta property=\"product:availability\" content=\"instock\" \/>\n<meta property=\"product:retailer_item_id\" content=\"F004490160\" \/>\n<meta property=\"product:condition\" content=\"new\" \/>\n<!-- \/ Yoast SEO Premium plugin. -->","yoast_head_json":{"title":"Angelini Tantum Verde Spray 0.15% - Farmaon","robots":{"index":"index","follow":"follow","max-snippet":"max-snippet:-1","max-image-preview":"max-image-preview:large","max-video-preview":"max-video-preview:-1"},"canonical":"https:\/\/farmaon4.apptirana.al\/en\/produkt\/angelini-tantum-verde-spray-0-15\/","og_locale":"en_US","og_type":"article","og_title":"Angelini Tantum Verde Spray 0.15%","og_description":"Spraj p\u00ebr fytin me veti anti-inflamatore dhe antiseptike 30 ml","og_url":"https:\/\/farmaon4.apptirana.al\/en\/produkt\/angelini-tantum-verde-spray-0-15\/","og_site_name":"Farmaon","article_modified_time":"2026-05-01T04:26:59+00:00","og_image":[{"width":1080,"height":1080,"url":"https:\/\/farmaon4.apptirana.al\/wp-content\/uploads\/2023\/12\/b23e7c49-004490160.jpg","type":"image\/jpeg"}],"twitter_card":"summary_large_image","twitter_misc":{"Price":"705&nbsp;L","Availability":"In stock"},"schema":{"@context":"https:\/\/schema.org","@graph":[{"@type":"WebPage","@id":"https:\/\/farmaon4.apptirana.al\/en\/produkt\/angelini-tantum-verde-spray-0-15\/","url":"https:\/\/farmaon4.apptirana.al\/en\/produkt\/angelini-tantum-verde-spray-0-15\/","name":"Angelini Tantum Verde Spray 0.15% - Farmaon","isPartOf":{"@id":"https:\/\/farmaon4.apptirana.al\/#website"},"primaryImageOfPage":{"@id":"https:\/\/farmaon4.apptirana.al\/en\/produkt\/angelini-tantum-verde-spray-0-15\/#primaryimage"},"image":{"@id":"https:\/\/farmaon4.apptirana.al\/en\/produkt\/angelini-tantum-verde-spray-0-15\/#primaryimage"},"thumbnailUrl":"https:\/\/farmaon4.apptirana.al\/wp-content\/uploads\/2023\/12\/b23e7c49-004490160.jpg","datePublished":"2024-01-21T23:16:45+00:00","dateModified":"2026-05-01T04:26:59+00:00","breadcrumb":{"@id":"https:\/\/farmaon4.apptirana.al\/en\/produkt\/angelini-tantum-verde-spray-0-15\/#breadcrumb"},"inLanguage":"en-US","potentialAction":[{"@type":"ReadAction","target":["https:\/\/farmaon4.apptirana.al\/en\/produkt\/angelini-tantum-verde-spray-0-15\/"]}]},{"@type":"ImageObject","inLanguage":"en-US","@id":"https:\/\/farmaon4.apptirana.al\/en\/produkt\/angelini-tantum-verde-spray-0-15\/#primaryimage","url":"https:\/\/farmaon4.apptirana.al\/wp-content\/uploads\/2023\/12\/b23e7c49-004490160.jpg","contentUrl":"https:\/\/farmaon4.apptirana.al\/wp-content\/uploads\/2023\/12\/b23e7c49-004490160.jpg","width":1080,"height":1080},{"@type":"BreadcrumbList","@id":"https:\/\/farmaon4.apptirana.al\/en\/produkt\/angelini-tantum-verde-spray-0-15\/#breadcrumb","itemListElement":[{"@type":"ListItem","position":1,"name":"Home","item":"https:\/\/farmaon4.apptirana.al\/en\/"},{"@type":"ListItem","position":2,"name":"Shop","item":"https:\/\/farmaon4.apptirana.al\/en\/shop-3\/"},{"@type":"ListItem","position":3,"name":"Angelini Tantum Verde Spray 0.15%"}]},{"@type":"WebSite","@id":"https:\/\/farmaon4.apptirana.al\/#website","url":"https:\/\/farmaon4.apptirana.al\/","name":"Farmaon","description":"Farmacia Juaj Online!","publisher":{"@id":"https:\/\/farmaon4.apptirana.al\/#organization"},"potentialAction":[{"@type":"SearchAction","target":{"@type":"EntryPoint","urlTemplate":"https:\/\/farmaon4.apptirana.al\/?s={search_term_string}"},"query-input":{"@type":"PropertyValueSpecification","valueRequired":true,"valueName":"search_term_string"}}],"inLanguage":"en-US"},{"@type":"Organization","@id":"https:\/\/farmaon4.apptirana.al\/#organization","name":"Farmaon","url":"https:\/\/farmaon4.apptirana.al\/","logo":{"@type":"ImageObject","inLanguage":"en-US","@id":"https:\/\/farmaon4.apptirana.al\/#\/schema\/logo\/image\/","url":"https:\/\/farmaon4.apptirana.al\/wp-content\/uploads\/2024\/08\/7f987514-logo-farmaon.png","contentUrl":"https:\/\/farmaon4.apptirana.al\/wp-content\/uploads\/2024\/08\/7f987514-logo-farmaon.png","width":219,"height":53,"caption":"Farmaon"},"image":{"@id":"https:\/\/farmaon4.apptirana.al\/#\/schema\/logo\/image\/"}}]},"product_price_amount":"705","product_price_currency":"ALL","og_availability":"instock","product_availability":"instock","product_retailer_item_id":"F004490160","product_condition":"new"},"_links":{"self":[{"href":"https:\/\/farmaon4.apptirana.al\/en\/wp-json\/wp\/v2\/product\/429401","targetHints":{"allow":["GET"]}}],"collection":[{"href":"https:\/\/farmaon4.apptirana.al\/en\/wp-json\/wp\/v2\/product"}],"about":[{"href":"https:\/\/farmaon4.apptirana.al\/en\/wp-json\/wp\/v2\/types\/product"}],"version-history":[{"count":0,"href":"https:\/\/farmaon4.apptirana.al\/en\/wp-json\/wp\/v2\/product\/429401\/revisions"}],"wp:featuredmedia":[{"embeddable":true,"href":"https:\/\/farmaon4.apptirana.al\/en\/wp-json\/wp\/v2\/media\/174409"}],"wp:attachment":[{"href":"https:\/\/farmaon4.apptirana.al\/en\/wp-json\/wp\/v2\/media?parent=429401"}],"wp:term":[{"taxonomy":"product_brand","embeddable":true,"href":"https:\/\/farmaon4.apptirana.al\/en\/wp-json\/wp\/v2\/product_brand?post=429401"},{"taxonomy":"product_cat","embeddable":true,"href":"https:\/\/farmaon4.apptirana.al\/en\/wp-json\/wp\/v2\/product_cat?post=429401"},{"taxonomy":"product_tag","embeddable":true,"href":"https:\/\/farmaon4.apptirana.al\/en\/wp-json\/wp\/v2\/product_tag?post=429401"},{"taxonomy":"giftcard-category","embeddable":true,"href":"https:\/\/farmaon4.apptirana.al\/en\/wp-json\/wp\/v2\/giftcard-category?post=429401"}],"curies":[{"name":"wp","href":"https:\/\/api.w.org\/{rel}","templated":true}]}}