{"id":429411,"date":"2024-01-21T23:16:43","date_gmt":"2024-01-21T23:16:43","guid":{"rendered":"https:\/\/farmaon4.apptirana.al\/product\/bronchostop-sine-shurup\/"},"modified":"2026-05-01T05:37:08","modified_gmt":"2026-05-01T04:37:08","slug":"bronchostop-sine-shurup","status":"publish","type":"product","link":"https:\/\/farmaon4.apptirana.al\/en\/produkt\/bronchostop-sine-shurup\/","title":{"rendered":"Bronchostop Sine shurup"},"content":{"rendered":"<p>Medikament bimor tradicional q\u00eb leht\u00ebson irritimin e fytit dhe promovon ekspektorimin e mukusit t\u00eb trash\u00eb n\u00eb koll\u00ebn e shoq\u00ebruar me ftohje.<br \/>\nKy produkt \u00ebsht\u00eb nj\u00eb medikament bimor tradicional i regjistruar p\u00ebr t\u2019u p\u00ebrdorur n\u00eb indikacionet e specifikuara.<br \/>\nDuhet t\u00eb flisni me nj\u00eb mjek n\u00ebse nuk ndiheni m\u00eb mir\u00eb ose n\u00ebse ndjeheni m\u00eb keq pas 5 dit\u00ebsh.<br \/>\nPa alkool.<br \/>\nMos p\u00ebrdorni Bronchostop Sine shurup p\u00ebr koll\u00eb:<\/p>\n<p>-n\u00ebse jeni alergjik ndaj bim\u00ebs s\u00eb trumz\u00ebs, rr\u00ebnj\u00ebs s\u00eb m\u00ebllag\u00ebs s\u00eb bardh\u00eb, ndaj an\u00ebtar\u00ebve t\u00eb tjer\u00eb t\u00eb familjes Lamiaceae ose ndonj\u00eb prej p\u00ebrb\u00ebr\u00ebsve t\u00eb tjer\u00eb t\u00eb k\u00ebtij bari.<br \/>\nP\u00ebrdorimi te f\u00ebmij\u00ebt n\u00ebn 2 vje\u00e7 nuk rekomandohet p\u00ebr shkak t\u00eb munges\u00ebs s\u00eb t\u00eb dh\u00ebnave dhe p\u00ebr shkak se duhet k\u00ebrkuar k\u00ebshilla mjek\u00ebsore.<br \/>\nShtatz\u00ebnia dhe ushqyerja me gjiN\u00eb munges\u00eb t\u00eb t\u00eb dh\u00ebnave t\u00eb mjaftueshme, p\u00ebrdorimi gjat\u00eb shtatz\u00ebnis\u00eb dhe ushqyerjes me gji nuk rekomandohet.<br \/>\nN\u00ebse jeni shtatz\u00ebn\u00eb, ushqeni me gji, dyshoni se mund t\u00eb jeni shtatz\u00ebn\u00eb ose jeni duke planifikuar nj\u00eb shtatz\u00ebni pyesni mjekun ose farmacistin tuaj p\u00ebr k\u00ebshilla para se t\u00eb merrni k\u00ebt\u00eb bar.<br \/>\nSi t\u00eb gjith\u00eb medikamentet e tjer\u00eb, ky bar mund t\u00eb shkaktoj\u00eb efekte an\u00ebsore, megjith\u00ebse jo t\u00eb gjith\u00eb i shfaqin ato.<br \/>\nReaksione mbindjeshm\u00ebrie si dhe \u00e7rregullime n\u00eb stomak jan\u00eb v\u00ebn\u00eb re gjat\u00eb p\u00ebrdorimit t\u00eb barnave q\u00eb p\u00ebrmbajn\u00eb trumz\u00eb.<br \/>\n Frekuenca e shfaqjes nuk dihet.<br \/>\nKy \u00ebsht\u00eb nj\u00eb medikament OTC, k\u00ebshtu q\u00eb mund t\u00eb merret pa rekomandimin e mjekut.<br \/>\nP\u00ebrpara se t\u00eb p\u00ebrdorni k\u00ebt\u00eb medikament, lexoni me kujdes flet\u00eb-udh\u00ebzuesin q\u00eb gjendet n\u00eb paketim pasi p\u00ebrmban informacion m\u00eb t\u00eb detajuar.<br \/>\nP\u00ebr \u00e7do paqart\u00ebsi konsultohuni me mjekun ose farmacistin tuaj.<\/p>\n","protected":false},"excerpt":{"rendered":"<p>Medikament OTC q\u00eb kombinon ekstraktet bimore me q\u00ebllim q\u00eb t\u00eb qet\u00ebsoj\u00eb koll\u00ebn<br \/>\n120 ml<\/p>\n","protected":false},"featured_media":174365,"template":"","meta":{"_acf_changed":false},"product_brand":[],"product_cat":[50203],"product_tag":[50451,52170,50566],"giftcard-category":[],"class_list":{"0":"post-429411","1":"product","2":"type-product","3":"status-publish","4":"has-post-thumbnail","6":"product_cat-otc-orale-english","7":"product_tag-te-rritur-en","8":"product_tag-kolle-en","9":"product_tag-shurup-en","11":"first","12":"instock","13":"taxable","14":"shipping-taxable","15":"purchasable","16":"product-type-simple"},"bundled_by":[],"bundle_stock_status":"instock","bundle_stock_quantity":16,"bundle_virtual":false,"bundle_layout":"","bundle_add_to_cart_form_location":"","bundle_editable_in_cart":false,"bundle_sold_individually_context":"","bundle_item_grouping":"","bundle_min_size":"","bundle_max_size":"","bundle_price":[],"bundled_items":[],"bundle_sell_ids":[],"acf":[],"yoast_head":"<!-- This site is optimized with the Yoast SEO Premium plugin v23.0 (Yoast SEO v26.0) - https:\/\/yoast.com\/wordpress\/plugins\/seo\/ -->\n<title>Bronchostop Sine shurup - Farmaon<\/title>\n<meta name=\"robots\" content=\"index, follow, max-snippet:-1, max-image-preview:large, max-video-preview:-1\" \/>\n<link rel=\"canonical\" href=\"https:\/\/farmaon4.apptirana.al\/en\/produkt\/bronchostop-sine-shurup\/\" \/>\n<meta property=\"og:locale\" content=\"en_US\" \/>\n<meta property=\"og:type\" content=\"article\" \/>\n<meta property=\"og:title\" content=\"Bronchostop Sine shurup\" \/>\n<meta property=\"og:description\" content=\"Medikament OTC q\u00eb kombinon ekstraktet bimore me q\u00ebllim q\u00eb t\u00eb qet\u00ebsoj\u00eb koll\u00ebn 120 ml\" \/>\n<meta property=\"og:url\" content=\"https:\/\/farmaon4.apptirana.al\/en\/produkt\/bronchostop-sine-shurup\/\" \/>\n<meta property=\"og:site_name\" content=\"Farmaon\" \/>\n<meta property=\"article:modified_time\" content=\"2026-05-01T04:37:08+00:00\" \/>\n<meta property=\"og:image\" content=\"https:\/\/farmaon4.apptirana.al\/wp-content\/uploads\/2023\/12\/95642757-002578.jpg\" \/>\n\t<meta property=\"og:image:width\" content=\"1080\" \/>\n\t<meta property=\"og:image:height\" content=\"1080\" \/>\n\t<meta property=\"og:image:type\" content=\"image\/jpeg\" \/>\n<meta name=\"twitter:card\" content=\"summary_large_image\" \/>\n<meta name=\"twitter:label1\" content=\"Price\" \/>\n\t<meta name=\"twitter:data1\" content=\"494&nbsp;L\" \/>\n\t<meta name=\"twitter:label2\" content=\"Availability\" \/>\n\t<meta name=\"twitter:data2\" content=\"In stock\" \/>\n<script type=\"application\/ld+json\" class=\"yoast-schema-graph\">{\"@context\":\"https:\/\/schema.org\",\"@graph\":[{\"@type\":\"WebPage\",\"@id\":\"https:\/\/farmaon4.apptirana.al\/en\/produkt\/bronchostop-sine-shurup\/\",\"url\":\"https:\/\/farmaon4.apptirana.al\/en\/produkt\/bronchostop-sine-shurup\/\",\"name\":\"Bronchostop Sine shurup - Farmaon\",\"isPartOf\":{\"@id\":\"https:\/\/farmaon4.apptirana.al\/#website\"},\"primaryImageOfPage\":{\"@id\":\"https:\/\/farmaon4.apptirana.al\/en\/produkt\/bronchostop-sine-shurup\/#primaryimage\"},\"image\":{\"@id\":\"https:\/\/farmaon4.apptirana.al\/en\/produkt\/bronchostop-sine-shurup\/#primaryimage\"},\"thumbnailUrl\":\"https:\/\/farmaon4.apptirana.al\/wp-content\/uploads\/2023\/12\/95642757-002578.jpg\",\"datePublished\":\"2024-01-21T23:16:43+00:00\",\"dateModified\":\"2026-05-01T04:37:08+00:00\",\"breadcrumb\":{\"@id\":\"https:\/\/farmaon4.apptirana.al\/en\/produkt\/bronchostop-sine-shurup\/#breadcrumb\"},\"inLanguage\":\"en-US\",\"potentialAction\":[{\"@type\":\"ReadAction\",\"target\":[\"https:\/\/farmaon4.apptirana.al\/en\/produkt\/bronchostop-sine-shurup\/\"]}]},{\"@type\":\"ImageObject\",\"inLanguage\":\"en-US\",\"@id\":\"https:\/\/farmaon4.apptirana.al\/en\/produkt\/bronchostop-sine-shurup\/#primaryimage\",\"url\":\"https:\/\/farmaon4.apptirana.al\/wp-content\/uploads\/2023\/12\/95642757-002578.jpg\",\"contentUrl\":\"https:\/\/farmaon4.apptirana.al\/wp-content\/uploads\/2023\/12\/95642757-002578.jpg\",\"width\":1080,\"height\":1080},{\"@type\":\"BreadcrumbList\",\"@id\":\"https:\/\/farmaon4.apptirana.al\/en\/produkt\/bronchostop-sine-shurup\/#breadcrumb\",\"itemListElement\":[{\"@type\":\"ListItem\",\"position\":1,\"name\":\"Home\",\"item\":\"https:\/\/farmaon4.apptirana.al\/en\/\"},{\"@type\":\"ListItem\",\"position\":2,\"name\":\"Shop\",\"item\":\"https:\/\/farmaon4.apptirana.al\/en\/shop-3\/\"},{\"@type\":\"ListItem\",\"position\":3,\"name\":\"Bronchostop Sine shurup\"}]},{\"@type\":\"WebSite\",\"@id\":\"https:\/\/farmaon4.apptirana.al\/#website\",\"url\":\"https:\/\/farmaon4.apptirana.al\/\",\"name\":\"Farmaon\",\"description\":\"Farmacia Juaj Online!\",\"publisher\":{\"@id\":\"https:\/\/farmaon4.apptirana.al\/#organization\"},\"potentialAction\":[{\"@type\":\"SearchAction\",\"target\":{\"@type\":\"EntryPoint\",\"urlTemplate\":\"https:\/\/farmaon4.apptirana.al\/?s={search_term_string}\"},\"query-input\":{\"@type\":\"PropertyValueSpecification\",\"valueRequired\":true,\"valueName\":\"search_term_string\"}}],\"inLanguage\":\"en-US\"},{\"@type\":\"Organization\",\"@id\":\"https:\/\/farmaon4.apptirana.al\/#organization\",\"name\":\"Farmaon\",\"url\":\"https:\/\/farmaon4.apptirana.al\/\",\"logo\":{\"@type\":\"ImageObject\",\"inLanguage\":\"en-US\",\"@id\":\"https:\/\/farmaon4.apptirana.al\/#\/schema\/logo\/image\/\",\"url\":\"https:\/\/farmaon4.apptirana.al\/wp-content\/uploads\/2024\/08\/7f987514-logo-farmaon.png\",\"contentUrl\":\"https:\/\/farmaon4.apptirana.al\/wp-content\/uploads\/2024\/08\/7f987514-logo-farmaon.png\",\"width\":219,\"height\":53,\"caption\":\"Farmaon\"},\"image\":{\"@id\":\"https:\/\/farmaon4.apptirana.al\/#\/schema\/logo\/image\/\"}}]}<\/script>\n<meta property=\"product:price:amount\" content=\"494\" \/>\n<meta property=\"product:price:currency\" content=\"ALL\" \/>\n<meta property=\"og:availability\" content=\"instock\" \/>\n<meta property=\"product:availability\" content=\"instock\" \/>\n<meta property=\"product:retailer_item_id\" content=\"F002578\" \/>\n<meta property=\"product:condition\" content=\"new\" \/>\n<!-- \/ Yoast SEO Premium plugin. -->","yoast_head_json":{"title":"Bronchostop Sine shurup - Farmaon","robots":{"index":"index","follow":"follow","max-snippet":"max-snippet:-1","max-image-preview":"max-image-preview:large","max-video-preview":"max-video-preview:-1"},"canonical":"https:\/\/farmaon4.apptirana.al\/en\/produkt\/bronchostop-sine-shurup\/","og_locale":"en_US","og_type":"article","og_title":"Bronchostop Sine shurup","og_description":"Medikament OTC q\u00eb kombinon ekstraktet bimore me q\u00ebllim q\u00eb t\u00eb qet\u00ebsoj\u00eb koll\u00ebn 120 ml","og_url":"https:\/\/farmaon4.apptirana.al\/en\/produkt\/bronchostop-sine-shurup\/","og_site_name":"Farmaon","article_modified_time":"2026-05-01T04:37:08+00:00","og_image":[{"width":1080,"height":1080,"url":"https:\/\/farmaon4.apptirana.al\/wp-content\/uploads\/2023\/12\/95642757-002578.jpg","type":"image\/jpeg"}],"twitter_card":"summary_large_image","twitter_misc":{"Price":"494&nbsp;L","Availability":"In stock"},"schema":{"@context":"https:\/\/schema.org","@graph":[{"@type":"WebPage","@id":"https:\/\/farmaon4.apptirana.al\/en\/produkt\/bronchostop-sine-shurup\/","url":"https:\/\/farmaon4.apptirana.al\/en\/produkt\/bronchostop-sine-shurup\/","name":"Bronchostop Sine shurup - Farmaon","isPartOf":{"@id":"https:\/\/farmaon4.apptirana.al\/#website"},"primaryImageOfPage":{"@id":"https:\/\/farmaon4.apptirana.al\/en\/produkt\/bronchostop-sine-shurup\/#primaryimage"},"image":{"@id":"https:\/\/farmaon4.apptirana.al\/en\/produkt\/bronchostop-sine-shurup\/#primaryimage"},"thumbnailUrl":"https:\/\/farmaon4.apptirana.al\/wp-content\/uploads\/2023\/12\/95642757-002578.jpg","datePublished":"2024-01-21T23:16:43+00:00","dateModified":"2026-05-01T04:37:08+00:00","breadcrumb":{"@id":"https:\/\/farmaon4.apptirana.al\/en\/produkt\/bronchostop-sine-shurup\/#breadcrumb"},"inLanguage":"en-US","potentialAction":[{"@type":"ReadAction","target":["https:\/\/farmaon4.apptirana.al\/en\/produkt\/bronchostop-sine-shurup\/"]}]},{"@type":"ImageObject","inLanguage":"en-US","@id":"https:\/\/farmaon4.apptirana.al\/en\/produkt\/bronchostop-sine-shurup\/#primaryimage","url":"https:\/\/farmaon4.apptirana.al\/wp-content\/uploads\/2023\/12\/95642757-002578.jpg","contentUrl":"https:\/\/farmaon4.apptirana.al\/wp-content\/uploads\/2023\/12\/95642757-002578.jpg","width":1080,"height":1080},{"@type":"BreadcrumbList","@id":"https:\/\/farmaon4.apptirana.al\/en\/produkt\/bronchostop-sine-shurup\/#breadcrumb","itemListElement":[{"@type":"ListItem","position":1,"name":"Home","item":"https:\/\/farmaon4.apptirana.al\/en\/"},{"@type":"ListItem","position":2,"name":"Shop","item":"https:\/\/farmaon4.apptirana.al\/en\/shop-3\/"},{"@type":"ListItem","position":3,"name":"Bronchostop Sine shurup"}]},{"@type":"WebSite","@id":"https:\/\/farmaon4.apptirana.al\/#website","url":"https:\/\/farmaon4.apptirana.al\/","name":"Farmaon","description":"Farmacia Juaj Online!","publisher":{"@id":"https:\/\/farmaon4.apptirana.al\/#organization"},"potentialAction":[{"@type":"SearchAction","target":{"@type":"EntryPoint","urlTemplate":"https:\/\/farmaon4.apptirana.al\/?s={search_term_string}"},"query-input":{"@type":"PropertyValueSpecification","valueRequired":true,"valueName":"search_term_string"}}],"inLanguage":"en-US"},{"@type":"Organization","@id":"https:\/\/farmaon4.apptirana.al\/#organization","name":"Farmaon","url":"https:\/\/farmaon4.apptirana.al\/","logo":{"@type":"ImageObject","inLanguage":"en-US","@id":"https:\/\/farmaon4.apptirana.al\/#\/schema\/logo\/image\/","url":"https:\/\/farmaon4.apptirana.al\/wp-content\/uploads\/2024\/08\/7f987514-logo-farmaon.png","contentUrl":"https:\/\/farmaon4.apptirana.al\/wp-content\/uploads\/2024\/08\/7f987514-logo-farmaon.png","width":219,"height":53,"caption":"Farmaon"},"image":{"@id":"https:\/\/farmaon4.apptirana.al\/#\/schema\/logo\/image\/"}}]},"product_price_amount":"494","product_price_currency":"ALL","og_availability":"instock","product_availability":"instock","product_retailer_item_id":"F002578","product_condition":"new"},"_links":{"self":[{"href":"https:\/\/farmaon4.apptirana.al\/en\/wp-json\/wp\/v2\/product\/429411","targetHints":{"allow":["GET"]}}],"collection":[{"href":"https:\/\/farmaon4.apptirana.al\/en\/wp-json\/wp\/v2\/product"}],"about":[{"href":"https:\/\/farmaon4.apptirana.al\/en\/wp-json\/wp\/v2\/types\/product"}],"version-history":[{"count":0,"href":"https:\/\/farmaon4.apptirana.al\/en\/wp-json\/wp\/v2\/product\/429411\/revisions"}],"wp:featuredmedia":[{"embeddable":true,"href":"https:\/\/farmaon4.apptirana.al\/en\/wp-json\/wp\/v2\/media\/174365"}],"wp:attachment":[{"href":"https:\/\/farmaon4.apptirana.al\/en\/wp-json\/wp\/v2\/media?parent=429411"}],"wp:term":[{"taxonomy":"product_brand","embeddable":true,"href":"https:\/\/farmaon4.apptirana.al\/en\/wp-json\/wp\/v2\/product_brand?post=429411"},{"taxonomy":"product_cat","embeddable":true,"href":"https:\/\/farmaon4.apptirana.al\/en\/wp-json\/wp\/v2\/product_cat?post=429411"},{"taxonomy":"product_tag","embeddable":true,"href":"https:\/\/farmaon4.apptirana.al\/en\/wp-json\/wp\/v2\/product_tag?post=429411"},{"taxonomy":"giftcard-category","embeddable":true,"href":"https:\/\/farmaon4.apptirana.al\/en\/wp-json\/wp\/v2\/giftcard-category?post=429411"}],"curies":[{"name":"wp","href":"https:\/\/api.w.org\/{rel}","templated":true}]}}