{"id":429877,"date":"2024-01-21T23:13:24","date_gmt":"2024-01-21T23:13:24","guid":{"rendered":"https:\/\/farmaon4.apptirana.al\/product\/magne-b6-magnez-vitamine-b6\/"},"modified":"2026-05-03T20:31:53","modified_gmt":"2026-05-03T19:31:53","slug":"magne-b6-magnez-vitamine-b6","status":"publish","type":"product","link":"https:\/\/farmaon4.apptirana.al\/en\/produkt\/magne-b6-magnez-vitamine-b6\/","title":{"rendered":"Magne B6 (magnez, vitamin\u00eb B6)"},"content":{"rendered":"<p>Grupi farmako-terapeutik:<\/p>\n<p> suplemente minerale.<br \/>\nIndikacionet terapeutike:<\/p>\n<p> Ky produkt mjek\u00ebsor p\u00ebrdoret p\u00ebr t\u00eb trajtuar munges\u00ebn e magnezit, t\u00eb konfirmuar paraprakisht nga mjeku juaj.<br \/>\nMos konsumoni Magne B6:<\/p>\n<p>-n\u00ebse jeni alergjik ndaj ndonj\u00ebrit prej p\u00ebrb\u00ebr\u00ebsve t\u00eb k\u00ebtij formulimi;<br \/>\n-n\u00ebse keni insufi\u00e7ienc\u00eb t\u00eb r\u00ebnd\u00eb renale.<br \/>\nP\u00ebrkujdesje n\u00eb p\u00ebrdorimKy medikament \u00ebsht\u00eb formuluar p\u00ebr t\u00eb rriturit dhe f\u00ebmij\u00ebt mbi 6 vje\u00e7.<br \/>\nP\u00ebr f\u00ebmij\u00ebt n\u00ebn 6 vje\u00e7 ka forma t\u00eb tjera farmaceutike m\u00eb t\u00eb p\u00ebrshtatshme.<br \/>\nN\u00ebse vuani nga insufi\u00e7ienca renale e moderuar, duhet t\u00eb b\u00ebni kujdes me konsumimin e suplementeve me magnez p\u00ebr t\u00eb shmangur rritjen e niveleve t\u00eb tij n\u00eb gjak.<br \/>\nShtatz\u00ebnia dhe ushqyerja me gjiN\u00ebse \u00ebsht\u00eb e nevojshme Magne B6 mund t\u00eb p\u00ebrdoret gjat\u00eb shtatz\u00ebnis\u00eb.<br \/>\nN\u00ebse zbuloni q\u00eb jeni shtatz\u00ebn\u00eb gjat\u00eb trajtimit me Magne B6, k\u00ebshillohuni me mjekun tuaj n\u00ebse duhet ta vazhdoni apo jo trajtimin.<br \/>\nGrat\u00eb gjat\u00eb ushqyerjes me gji nuk duhet t\u00eb marrin m\u00eb shum\u00eb se 20mg\/dit\u00eb vitamin\u00eb B6.<br \/>\nEfekte t\u00eb mundshme an\u00ebsore:<\/p>\n<p>-Diarre;<br \/>\n-Dhimbje barku;<br \/>\n-Reaksione alergjike t\u00eb l\u00ebkur\u00ebs;<br \/>\n-Reaksione alergjike.<br \/>\nKy \u00ebsht\u00eb nj\u00eb medikament OTC, k\u00ebshtu q\u00eb mund t\u00eb merret pa rekomandimin e mjekut.<br \/>\nP\u00ebrpara se t\u00eb p\u00ebrdorni k\u00ebt\u00eb medikament, lexoni me kujdes flet\u00eb-udh\u00ebzuesin q\u00eb gjendet n\u00eb paketim pasi p\u00ebrmban informacion m\u00eb t\u00eb detajuar.<br \/>\nP\u00ebr \u00e7do paqart\u00ebsi konsultohuni me mjekun ose farmacistin tuaj.<\/p>\n","protected":false},"excerpt":{"rendered":"<p>Medikament OTC q\u00eb kombinon vitamin\u00ebn B6 me magnezin<br \/>\nKuti x 50 tableta<\/p>\n","protected":false},"featured_media":176623,"template":"","meta":{"_acf_changed":false},"product_brand":[],"product_cat":[57493,50203,50310,50344],"product_tag":[50451,50535,54931,50546,50539],"giftcard-category":[],"class_list":{"0":"post-429877","1":"product","2":"type-product","3":"status-publish","4":"has-post-thumbnail","6":"product_cat-artikulacionet-dhe-kockat-en","7":"product_cat-otc-orale-english","8":"product_cat-others-infant-formula","9":"product_cat-vitamina-english","10":"product_tag-te-rritur-en","11":"product_tag-magnez-en","12":"product_tag-muscles","13":"product_tag-sistemi-nervor-en","14":"product_tag-vitamine-b6-en","16":"first","17":"instock","18":"taxable","19":"shipping-taxable","20":"purchasable","21":"product-type-simple"},"bundled_by":[],"bundle_stock_status":"instock","bundle_stock_quantity":13,"bundle_virtual":false,"bundle_layout":"","bundle_add_to_cart_form_location":"","bundle_editable_in_cart":false,"bundle_sold_individually_context":"","bundle_item_grouping":"","bundle_min_size":"","bundle_max_size":"","bundle_price":[],"bundled_items":[],"bundle_sell_ids":[],"acf":[],"yoast_head":"<!-- This site is optimized with the Yoast SEO Premium plugin v23.0 (Yoast SEO v26.0) - https:\/\/yoast.com\/wordpress\/plugins\/seo\/ -->\n<title>Magne B6 (magnez, vitamin\u00eb B6) - Farmaon<\/title>\n<meta name=\"robots\" content=\"index, follow, max-snippet:-1, max-image-preview:large, max-video-preview:-1\" \/>\n<link rel=\"canonical\" href=\"https:\/\/farmaon4.apptirana.al\/en\/produkt\/magne-b6-magnez-vitamine-b6\/\" \/>\n<meta property=\"og:locale\" content=\"en_US\" \/>\n<meta property=\"og:type\" content=\"article\" \/>\n<meta property=\"og:title\" content=\"Magne B6 (magnez, vitamin\u00eb B6)\" \/>\n<meta property=\"og:description\" content=\"Medikament OTC q\u00eb kombinon vitamin\u00ebn B6 me magnezin Kuti x 50 tableta\" \/>\n<meta property=\"og:url\" content=\"https:\/\/farmaon4.apptirana.al\/en\/produkt\/magne-b6-magnez-vitamine-b6\/\" \/>\n<meta property=\"og:site_name\" content=\"Farmaon\" \/>\n<meta property=\"article:modified_time\" content=\"2026-05-03T19:31:53+00:00\" \/>\n<meta property=\"og:image\" content=\"https:\/\/farmaon4.apptirana.al\/wp-content\/uploads\/2023\/12\/d96527e3-000145.jpg\" \/>\n\t<meta property=\"og:image:width\" content=\"1080\" \/>\n\t<meta property=\"og:image:height\" content=\"1080\" \/>\n\t<meta property=\"og:image:type\" content=\"image\/jpeg\" \/>\n<meta name=\"twitter:card\" content=\"summary_large_image\" \/>\n<meta name=\"twitter:label1\" content=\"Price\" \/>\n\t<meta name=\"twitter:data1\" content=\"894&nbsp;L\" \/>\n\t<meta name=\"twitter:label2\" content=\"Availability\" \/>\n\t<meta name=\"twitter:data2\" content=\"In stock\" \/>\n<script type=\"application\/ld+json\" class=\"yoast-schema-graph\">{\"@context\":\"https:\/\/schema.org\",\"@graph\":[{\"@type\":\"WebPage\",\"@id\":\"https:\/\/farmaon4.apptirana.al\/en\/produkt\/magne-b6-magnez-vitamine-b6\/\",\"url\":\"https:\/\/farmaon4.apptirana.al\/en\/produkt\/magne-b6-magnez-vitamine-b6\/\",\"name\":\"Magne B6 (magnez, vitamin\u00eb B6) - Farmaon\",\"isPartOf\":{\"@id\":\"https:\/\/farmaon4.apptirana.al\/#website\"},\"primaryImageOfPage\":{\"@id\":\"https:\/\/farmaon4.apptirana.al\/en\/produkt\/magne-b6-magnez-vitamine-b6\/#primaryimage\"},\"image\":{\"@id\":\"https:\/\/farmaon4.apptirana.al\/en\/produkt\/magne-b6-magnez-vitamine-b6\/#primaryimage\"},\"thumbnailUrl\":\"https:\/\/farmaon4.apptirana.al\/wp-content\/uploads\/2023\/12\/d96527e3-000145.jpg\",\"datePublished\":\"2024-01-21T23:13:24+00:00\",\"dateModified\":\"2026-05-03T19:31:53+00:00\",\"breadcrumb\":{\"@id\":\"https:\/\/farmaon4.apptirana.al\/en\/produkt\/magne-b6-magnez-vitamine-b6\/#breadcrumb\"},\"inLanguage\":\"en-US\",\"potentialAction\":[{\"@type\":\"ReadAction\",\"target\":[\"https:\/\/farmaon4.apptirana.al\/en\/produkt\/magne-b6-magnez-vitamine-b6\/\"]}]},{\"@type\":\"ImageObject\",\"inLanguage\":\"en-US\",\"@id\":\"https:\/\/farmaon4.apptirana.al\/en\/produkt\/magne-b6-magnez-vitamine-b6\/#primaryimage\",\"url\":\"https:\/\/farmaon4.apptirana.al\/wp-content\/uploads\/2023\/12\/d96527e3-000145.jpg\",\"contentUrl\":\"https:\/\/farmaon4.apptirana.al\/wp-content\/uploads\/2023\/12\/d96527e3-000145.jpg\",\"width\":1080,\"height\":1080},{\"@type\":\"BreadcrumbList\",\"@id\":\"https:\/\/farmaon4.apptirana.al\/en\/produkt\/magne-b6-magnez-vitamine-b6\/#breadcrumb\",\"itemListElement\":[{\"@type\":\"ListItem\",\"position\":1,\"name\":\"Home\",\"item\":\"https:\/\/farmaon4.apptirana.al\/en\/\"},{\"@type\":\"ListItem\",\"position\":2,\"name\":\"Shop\",\"item\":\"https:\/\/farmaon4.apptirana.al\/en\/shop-3\/\"},{\"@type\":\"ListItem\",\"position\":3,\"name\":\"Magne B6 (magnez, vitamin\u00eb B6)\"}]},{\"@type\":\"WebSite\",\"@id\":\"https:\/\/farmaon4.apptirana.al\/#website\",\"url\":\"https:\/\/farmaon4.apptirana.al\/\",\"name\":\"Farmaon\",\"description\":\"Farmacia Juaj Online!\",\"publisher\":{\"@id\":\"https:\/\/farmaon4.apptirana.al\/#organization\"},\"potentialAction\":[{\"@type\":\"SearchAction\",\"target\":{\"@type\":\"EntryPoint\",\"urlTemplate\":\"https:\/\/farmaon4.apptirana.al\/?s={search_term_string}\"},\"query-input\":{\"@type\":\"PropertyValueSpecification\",\"valueRequired\":true,\"valueName\":\"search_term_string\"}}],\"inLanguage\":\"en-US\"},{\"@type\":\"Organization\",\"@id\":\"https:\/\/farmaon4.apptirana.al\/#organization\",\"name\":\"Farmaon\",\"url\":\"https:\/\/farmaon4.apptirana.al\/\",\"logo\":{\"@type\":\"ImageObject\",\"inLanguage\":\"en-US\",\"@id\":\"https:\/\/farmaon4.apptirana.al\/#\/schema\/logo\/image\/\",\"url\":\"https:\/\/farmaon4.apptirana.al\/wp-content\/uploads\/2024\/08\/7f987514-logo-farmaon.png\",\"contentUrl\":\"https:\/\/farmaon4.apptirana.al\/wp-content\/uploads\/2024\/08\/7f987514-logo-farmaon.png\",\"width\":219,\"height\":53,\"caption\":\"Farmaon\"},\"image\":{\"@id\":\"https:\/\/farmaon4.apptirana.al\/#\/schema\/logo\/image\/\"}}]}<\/script>\n<meta property=\"product:price:amount\" content=\"894\" \/>\n<meta property=\"product:price:currency\" content=\"ALL\" \/>\n<meta property=\"og:availability\" content=\"instock\" \/>\n<meta property=\"product:availability\" content=\"instock\" \/>\n<meta property=\"product:retailer_item_id\" content=\"F000145\" \/>\n<meta property=\"product:condition\" content=\"new\" \/>\n<!-- \/ Yoast SEO Premium plugin. -->","yoast_head_json":{"title":"Magne B6 (magnez, vitamin\u00eb B6) - Farmaon","robots":{"index":"index","follow":"follow","max-snippet":"max-snippet:-1","max-image-preview":"max-image-preview:large","max-video-preview":"max-video-preview:-1"},"canonical":"https:\/\/farmaon4.apptirana.al\/en\/produkt\/magne-b6-magnez-vitamine-b6\/","og_locale":"en_US","og_type":"article","og_title":"Magne B6 (magnez, vitamin\u00eb B6)","og_description":"Medikament OTC q\u00eb kombinon vitamin\u00ebn B6 me magnezin Kuti x 50 tableta","og_url":"https:\/\/farmaon4.apptirana.al\/en\/produkt\/magne-b6-magnez-vitamine-b6\/","og_site_name":"Farmaon","article_modified_time":"2026-05-03T19:31:53+00:00","og_image":[{"width":1080,"height":1080,"url":"https:\/\/farmaon4.apptirana.al\/wp-content\/uploads\/2023\/12\/d96527e3-000145.jpg","type":"image\/jpeg"}],"twitter_card":"summary_large_image","twitter_misc":{"Price":"894&nbsp;L","Availability":"In stock"},"schema":{"@context":"https:\/\/schema.org","@graph":[{"@type":"WebPage","@id":"https:\/\/farmaon4.apptirana.al\/en\/produkt\/magne-b6-magnez-vitamine-b6\/","url":"https:\/\/farmaon4.apptirana.al\/en\/produkt\/magne-b6-magnez-vitamine-b6\/","name":"Magne B6 (magnez, vitamin\u00eb B6) - Farmaon","isPartOf":{"@id":"https:\/\/farmaon4.apptirana.al\/#website"},"primaryImageOfPage":{"@id":"https:\/\/farmaon4.apptirana.al\/en\/produkt\/magne-b6-magnez-vitamine-b6\/#primaryimage"},"image":{"@id":"https:\/\/farmaon4.apptirana.al\/en\/produkt\/magne-b6-magnez-vitamine-b6\/#primaryimage"},"thumbnailUrl":"https:\/\/farmaon4.apptirana.al\/wp-content\/uploads\/2023\/12\/d96527e3-000145.jpg","datePublished":"2024-01-21T23:13:24+00:00","dateModified":"2026-05-03T19:31:53+00:00","breadcrumb":{"@id":"https:\/\/farmaon4.apptirana.al\/en\/produkt\/magne-b6-magnez-vitamine-b6\/#breadcrumb"},"inLanguage":"en-US","potentialAction":[{"@type":"ReadAction","target":["https:\/\/farmaon4.apptirana.al\/en\/produkt\/magne-b6-magnez-vitamine-b6\/"]}]},{"@type":"ImageObject","inLanguage":"en-US","@id":"https:\/\/farmaon4.apptirana.al\/en\/produkt\/magne-b6-magnez-vitamine-b6\/#primaryimage","url":"https:\/\/farmaon4.apptirana.al\/wp-content\/uploads\/2023\/12\/d96527e3-000145.jpg","contentUrl":"https:\/\/farmaon4.apptirana.al\/wp-content\/uploads\/2023\/12\/d96527e3-000145.jpg","width":1080,"height":1080},{"@type":"BreadcrumbList","@id":"https:\/\/farmaon4.apptirana.al\/en\/produkt\/magne-b6-magnez-vitamine-b6\/#breadcrumb","itemListElement":[{"@type":"ListItem","position":1,"name":"Home","item":"https:\/\/farmaon4.apptirana.al\/en\/"},{"@type":"ListItem","position":2,"name":"Shop","item":"https:\/\/farmaon4.apptirana.al\/en\/shop-3\/"},{"@type":"ListItem","position":3,"name":"Magne B6 (magnez, vitamin\u00eb B6)"}]},{"@type":"WebSite","@id":"https:\/\/farmaon4.apptirana.al\/#website","url":"https:\/\/farmaon4.apptirana.al\/","name":"Farmaon","description":"Farmacia Juaj Online!","publisher":{"@id":"https:\/\/farmaon4.apptirana.al\/#organization"},"potentialAction":[{"@type":"SearchAction","target":{"@type":"EntryPoint","urlTemplate":"https:\/\/farmaon4.apptirana.al\/?s={search_term_string}"},"query-input":{"@type":"PropertyValueSpecification","valueRequired":true,"valueName":"search_term_string"}}],"inLanguage":"en-US"},{"@type":"Organization","@id":"https:\/\/farmaon4.apptirana.al\/#organization","name":"Farmaon","url":"https:\/\/farmaon4.apptirana.al\/","logo":{"@type":"ImageObject","inLanguage":"en-US","@id":"https:\/\/farmaon4.apptirana.al\/#\/schema\/logo\/image\/","url":"https:\/\/farmaon4.apptirana.al\/wp-content\/uploads\/2024\/08\/7f987514-logo-farmaon.png","contentUrl":"https:\/\/farmaon4.apptirana.al\/wp-content\/uploads\/2024\/08\/7f987514-logo-farmaon.png","width":219,"height":53,"caption":"Farmaon"},"image":{"@id":"https:\/\/farmaon4.apptirana.al\/#\/schema\/logo\/image\/"}}]},"product_price_amount":"894","product_price_currency":"ALL","og_availability":"instock","product_availability":"instock","product_retailer_item_id":"F000145","product_condition":"new"},"_links":{"self":[{"href":"https:\/\/farmaon4.apptirana.al\/en\/wp-json\/wp\/v2\/product\/429877","targetHints":{"allow":["GET"]}}],"collection":[{"href":"https:\/\/farmaon4.apptirana.al\/en\/wp-json\/wp\/v2\/product"}],"about":[{"href":"https:\/\/farmaon4.apptirana.al\/en\/wp-json\/wp\/v2\/types\/product"}],"version-history":[{"count":0,"href":"https:\/\/farmaon4.apptirana.al\/en\/wp-json\/wp\/v2\/product\/429877\/revisions"}],"wp:featuredmedia":[{"embeddable":true,"href":"https:\/\/farmaon4.apptirana.al\/en\/wp-json\/wp\/v2\/media\/176623"}],"wp:attachment":[{"href":"https:\/\/farmaon4.apptirana.al\/en\/wp-json\/wp\/v2\/media?parent=429877"}],"wp:term":[{"taxonomy":"product_brand","embeddable":true,"href":"https:\/\/farmaon4.apptirana.al\/en\/wp-json\/wp\/v2\/product_brand?post=429877"},{"taxonomy":"product_cat","embeddable":true,"href":"https:\/\/farmaon4.apptirana.al\/en\/wp-json\/wp\/v2\/product_cat?post=429877"},{"taxonomy":"product_tag","embeddable":true,"href":"https:\/\/farmaon4.apptirana.al\/en\/wp-json\/wp\/v2\/product_tag?post=429877"},{"taxonomy":"giftcard-category","embeddable":true,"href":"https:\/\/farmaon4.apptirana.al\/en\/wp-json\/wp\/v2\/giftcard-category?post=429877"}],"curies":[{"name":"wp","href":"https:\/\/api.w.org\/{rel}","templated":true}]}}