{"id":429886,"date":"2024-01-21T23:13:22","date_gmt":"2024-01-21T23:13:22","guid":{"rendered":"https:\/\/farmaon4.apptirana.al\/product\/lordes-2-5-mg-5-ml-desloratadine\/"},"modified":"2026-05-01T05:31:47","modified_gmt":"2026-05-01T04:31:47","slug":"lordes-2-5-mg-5-ml-desloratadine","status":"publish","type":"product","link":"https:\/\/farmaon4.apptirana.al\/en\/produkt\/lordes-2-5-mg-5-ml-desloratadine\/","title":{"rendered":"Lordes 2.5 mg\/5 ml (desloratadin\u00eb)"},"content":{"rendered":"<p>Desloratadina \u00ebsht\u00eb nj\u00eb antagonist i histamin\u00ebs me veprim t\u00eb zgjatur, pa veti sedative (qet\u00ebsuese) dhe me nj\u00eb veprim p\u00ebrzgjedh\u00ebs ndaj receptor\u00ebve H1 periferik\u00eb.<br \/>\n Pas marrjes nga goja, bllokon n\u00eb m\u00ebnyr\u00eb p\u00ebrzgjedh\u00ebse vet\u00ebm receptor\u00ebt H1 periferik\u00eb, pasi ajo nuk \u00ebsht\u00eb n\u00eb gjendje q\u00eb t\u00eb dep\u00ebrtoj\u00eb n\u00eb sistemin nervor qendror.<br \/>\nDesloratadina n\u00eb studimet in vitro ka treguar veprime antialergjike.<br \/>\nLordes indikohet p\u00ebr:<\/p>\n<p>-leht\u00ebsimin e simptomave q\u00eb shoq\u00ebrojn\u00eb rinitin alergjik;<br \/>\n-trajtimin simptomatik t\u00eb kruarjeve, pak\u00ebsimin e numrit t\u00eb shfaqjeve t\u00eb urtikaries n\u00eb l\u00ebkur\u00eb, si dhe t\u00eb madh\u00ebsis\u00eb s\u00eb tyre, n\u00eb pacient\u00ebt me urtikarie kronike idiopatike.<br \/>\nLordes kund\u00ebrindikohet te personat\/f\u00ebmij\u00ebt q\u00eb kan\u00eb mbindjeshm\u00ebri ndaj l\u00ebnd\u00ebs vepruese, ndaj l\u00ebnd\u00ebve t\u00eb tjera p\u00ebrb\u00ebr\u00ebse t\u00eb shurupit, ose ndaj loratadin\u00ebs.<br \/>\nNd\u00ebrveprime me barna t\u00eb tjer\u00ebN\u00eb studimet klinike ku desloratadina (tableta) \u00ebsht\u00eb p\u00ebrdorur nj\u00ebkoh\u00ebsisht me eritromicin\u00ebn ose ketokonazolin, nuk jan\u00eb v\u00ebrejtur nd\u00ebrveprime klinikisht t\u00eb r\u00ebnd\u00ebsishme.<br \/>\nN\u00eb nj\u00eb studim t\u00eb farmakologjis\u00eb klinike ku desloratadina (tableta) \u00ebsht\u00eb p\u00ebrdorur nj\u00ebkoh\u00ebsisht me alkoolin, nuk \u00ebsht\u00eb v\u00ebrejtur ndonj\u00eb fuqizim i efekteve d\u00ebmtuese t\u00eb alkoolit mbiperfomanc\u00ebn e saj.<br \/>\nNd\u00ebr efektet an\u00ebsore m\u00eb t\u00eb shprehura p\u00ebrmendim:<\/p>\n<p>-diarre;<br \/>\n-ethe;<br \/>\n-pagjum\u00ebsi.<br \/>\nKy \u00ebsht\u00eb nj\u00eb medikament OTC, k\u00ebshtu q\u00eb mund t\u00eb merret pa rekomandimin e mjekut.<br \/>\nP\u00ebrpara se t\u00eb p\u00ebrdorni k\u00ebt\u00eb medikament, lexoni me kujdes flet\u00eb-udh\u00ebzuesin q\u00eb gjendet n\u00eb paketim pasi p\u00ebrmban informacion m\u00eb t\u00eb detajuar.<br \/>\nP\u00ebr \u00e7do paqart\u00ebsi konsultohuni me mjekun ose farmacistin tuaj.<\/p>\n","protected":false},"excerpt":{"rendered":"<p>Shurup me desloratadin\u00eb, nj\u00eb medikament OTC me veprim antialergjik<br \/>\n150 ml<\/p>\n","protected":false},"featured_media":176647,"template":"","meta":{"_acf_changed":false},"product_brand":[],"product_cat":[50203],"product_tag":[51699,50542,52170],"giftcard-category":[],"class_list":{"0":"post-429886","1":"product","2":"type-product","3":"status-publish","4":"has-post-thumbnail","6":"product_cat-otc-orale-english","7":"product_tag-alergji-en","8":"product_tag-femije-en","9":"product_tag-kolle-en","11":"first","12":"instock","13":"taxable","14":"shipping-taxable","15":"purchasable","16":"product-type-simple"},"bundled_by":["481829","481983","481991"],"bundle_stock_status":"instock","bundle_stock_quantity":2,"bundle_virtual":false,"bundle_layout":"","bundle_add_to_cart_form_location":"","bundle_editable_in_cart":false,"bundle_sold_individually_context":"","bundle_item_grouping":"","bundle_min_size":"","bundle_max_size":"","bundle_price":[],"bundled_items":[],"bundle_sell_ids":[],"acf":[],"yoast_head":"<!-- This site is optimized with the Yoast SEO Premium plugin v23.0 (Yoast SEO v26.0) - https:\/\/yoast.com\/wordpress\/plugins\/seo\/ -->\n<title>Lordes 2.5 mg\/5 ml (desloratadin\u00eb) - Farmaon<\/title>\n<meta name=\"robots\" content=\"index, follow, max-snippet:-1, max-image-preview:large, max-video-preview:-1\" \/>\n<link rel=\"canonical\" href=\"https:\/\/farmaon4.apptirana.al\/en\/produkt\/lordes-2-5-mg-5-ml-desloratadine\/\" \/>\n<meta property=\"og:locale\" content=\"en_US\" \/>\n<meta property=\"og:type\" content=\"article\" \/>\n<meta property=\"og:title\" content=\"Lordes 2.5 mg\/5 ml (desloratadin\u00eb)\" \/>\n<meta property=\"og:description\" content=\"Shurup me desloratadin\u00eb, nj\u00eb medikament OTC me veprim antialergjik 150 ml\" \/>\n<meta property=\"og:url\" content=\"https:\/\/farmaon4.apptirana.al\/en\/produkt\/lordes-2-5-mg-5-ml-desloratadine\/\" \/>\n<meta property=\"og:site_name\" content=\"Farmaon\" \/>\n<meta property=\"article:modified_time\" content=\"2026-05-01T04:31:47+00:00\" \/>\n<meta property=\"og:image\" content=\"https:\/\/farmaon4.apptirana.al\/wp-content\/uploads\/2023\/12\/78cc8512-002862.jpg\" \/>\n\t<meta property=\"og:image:width\" content=\"1080\" \/>\n\t<meta property=\"og:image:height\" content=\"1080\" \/>\n\t<meta property=\"og:image:type\" content=\"image\/jpeg\" \/>\n<meta name=\"twitter:card\" content=\"summary_large_image\" \/>\n<meta name=\"twitter:label1\" content=\"Price\" \/>\n\t<meta name=\"twitter:data1\" content=\"392&nbsp;L\" \/>\n\t<meta name=\"twitter:label2\" content=\"Availability\" \/>\n\t<meta name=\"twitter:data2\" content=\"In stock\" \/>\n<script type=\"application\/ld+json\" class=\"yoast-schema-graph\">{\"@context\":\"https:\/\/schema.org\",\"@graph\":[{\"@type\":\"WebPage\",\"@id\":\"https:\/\/farmaon4.apptirana.al\/en\/produkt\/lordes-2-5-mg-5-ml-desloratadine\/\",\"url\":\"https:\/\/farmaon4.apptirana.al\/en\/produkt\/lordes-2-5-mg-5-ml-desloratadine\/\",\"name\":\"Lordes 2.5 mg\/5 ml (desloratadin\u00eb) - Farmaon\",\"isPartOf\":{\"@id\":\"https:\/\/farmaon4.apptirana.al\/#website\"},\"primaryImageOfPage\":{\"@id\":\"https:\/\/farmaon4.apptirana.al\/en\/produkt\/lordes-2-5-mg-5-ml-desloratadine\/#primaryimage\"},\"image\":{\"@id\":\"https:\/\/farmaon4.apptirana.al\/en\/produkt\/lordes-2-5-mg-5-ml-desloratadine\/#primaryimage\"},\"thumbnailUrl\":\"https:\/\/farmaon4.apptirana.al\/wp-content\/uploads\/2023\/12\/78cc8512-002862.jpg\",\"datePublished\":\"2024-01-21T23:13:22+00:00\",\"dateModified\":\"2026-05-01T04:31:47+00:00\",\"breadcrumb\":{\"@id\":\"https:\/\/farmaon4.apptirana.al\/en\/produkt\/lordes-2-5-mg-5-ml-desloratadine\/#breadcrumb\"},\"inLanguage\":\"en-US\",\"potentialAction\":[{\"@type\":\"ReadAction\",\"target\":[\"https:\/\/farmaon4.apptirana.al\/en\/produkt\/lordes-2-5-mg-5-ml-desloratadine\/\"]}]},{\"@type\":\"ImageObject\",\"inLanguage\":\"en-US\",\"@id\":\"https:\/\/farmaon4.apptirana.al\/en\/produkt\/lordes-2-5-mg-5-ml-desloratadine\/#primaryimage\",\"url\":\"https:\/\/farmaon4.apptirana.al\/wp-content\/uploads\/2023\/12\/78cc8512-002862.jpg\",\"contentUrl\":\"https:\/\/farmaon4.apptirana.al\/wp-content\/uploads\/2023\/12\/78cc8512-002862.jpg\",\"width\":1080,\"height\":1080},{\"@type\":\"BreadcrumbList\",\"@id\":\"https:\/\/farmaon4.apptirana.al\/en\/produkt\/lordes-2-5-mg-5-ml-desloratadine\/#breadcrumb\",\"itemListElement\":[{\"@type\":\"ListItem\",\"position\":1,\"name\":\"Home\",\"item\":\"https:\/\/farmaon4.apptirana.al\/en\/\"},{\"@type\":\"ListItem\",\"position\":2,\"name\":\"Shop\",\"item\":\"https:\/\/farmaon4.apptirana.al\/en\/shop-3\/\"},{\"@type\":\"ListItem\",\"position\":3,\"name\":\"Lordes 2.5 mg\/5 ml (desloratadin\u00eb)\"}]},{\"@type\":\"WebSite\",\"@id\":\"https:\/\/farmaon4.apptirana.al\/#website\",\"url\":\"https:\/\/farmaon4.apptirana.al\/\",\"name\":\"Farmaon\",\"description\":\"Farmacia Juaj Online!\",\"publisher\":{\"@id\":\"https:\/\/farmaon4.apptirana.al\/#organization\"},\"potentialAction\":[{\"@type\":\"SearchAction\",\"target\":{\"@type\":\"EntryPoint\",\"urlTemplate\":\"https:\/\/farmaon4.apptirana.al\/?s={search_term_string}\"},\"query-input\":{\"@type\":\"PropertyValueSpecification\",\"valueRequired\":true,\"valueName\":\"search_term_string\"}}],\"inLanguage\":\"en-US\"},{\"@type\":\"Organization\",\"@id\":\"https:\/\/farmaon4.apptirana.al\/#organization\",\"name\":\"Farmaon\",\"url\":\"https:\/\/farmaon4.apptirana.al\/\",\"logo\":{\"@type\":\"ImageObject\",\"inLanguage\":\"en-US\",\"@id\":\"https:\/\/farmaon4.apptirana.al\/#\/schema\/logo\/image\/\",\"url\":\"https:\/\/farmaon4.apptirana.al\/wp-content\/uploads\/2024\/08\/7f987514-logo-farmaon.png\",\"contentUrl\":\"https:\/\/farmaon4.apptirana.al\/wp-content\/uploads\/2024\/08\/7f987514-logo-farmaon.png\",\"width\":219,\"height\":53,\"caption\":\"Farmaon\"},\"image\":{\"@id\":\"https:\/\/farmaon4.apptirana.al\/#\/schema\/logo\/image\/\"}}]}<\/script>\n<meta property=\"product:price:amount\" content=\"392\" \/>\n<meta property=\"product:price:currency\" content=\"ALL\" \/>\n<meta property=\"og:availability\" content=\"instock\" \/>\n<meta property=\"product:availability\" content=\"instock\" \/>\n<meta property=\"product:retailer_item_id\" content=\"F002862\" \/>\n<meta property=\"product:condition\" content=\"new\" \/>\n<!-- \/ Yoast SEO Premium plugin. -->","yoast_head_json":{"title":"Lordes 2.5 mg\/5 ml (desloratadin\u00eb) - Farmaon","robots":{"index":"index","follow":"follow","max-snippet":"max-snippet:-1","max-image-preview":"max-image-preview:large","max-video-preview":"max-video-preview:-1"},"canonical":"https:\/\/farmaon4.apptirana.al\/en\/produkt\/lordes-2-5-mg-5-ml-desloratadine\/","og_locale":"en_US","og_type":"article","og_title":"Lordes 2.5 mg\/5 ml (desloratadin\u00eb)","og_description":"Shurup me desloratadin\u00eb, nj\u00eb medikament OTC me veprim antialergjik 150 ml","og_url":"https:\/\/farmaon4.apptirana.al\/en\/produkt\/lordes-2-5-mg-5-ml-desloratadine\/","og_site_name":"Farmaon","article_modified_time":"2026-05-01T04:31:47+00:00","og_image":[{"width":1080,"height":1080,"url":"https:\/\/farmaon4.apptirana.al\/wp-content\/uploads\/2023\/12\/78cc8512-002862.jpg","type":"image\/jpeg"}],"twitter_card":"summary_large_image","twitter_misc":{"Price":"392&nbsp;L","Availability":"In stock"},"schema":{"@context":"https:\/\/schema.org","@graph":[{"@type":"WebPage","@id":"https:\/\/farmaon4.apptirana.al\/en\/produkt\/lordes-2-5-mg-5-ml-desloratadine\/","url":"https:\/\/farmaon4.apptirana.al\/en\/produkt\/lordes-2-5-mg-5-ml-desloratadine\/","name":"Lordes 2.5 mg\/5 ml (desloratadin\u00eb) - Farmaon","isPartOf":{"@id":"https:\/\/farmaon4.apptirana.al\/#website"},"primaryImageOfPage":{"@id":"https:\/\/farmaon4.apptirana.al\/en\/produkt\/lordes-2-5-mg-5-ml-desloratadine\/#primaryimage"},"image":{"@id":"https:\/\/farmaon4.apptirana.al\/en\/produkt\/lordes-2-5-mg-5-ml-desloratadine\/#primaryimage"},"thumbnailUrl":"https:\/\/farmaon4.apptirana.al\/wp-content\/uploads\/2023\/12\/78cc8512-002862.jpg","datePublished":"2024-01-21T23:13:22+00:00","dateModified":"2026-05-01T04:31:47+00:00","breadcrumb":{"@id":"https:\/\/farmaon4.apptirana.al\/en\/produkt\/lordes-2-5-mg-5-ml-desloratadine\/#breadcrumb"},"inLanguage":"en-US","potentialAction":[{"@type":"ReadAction","target":["https:\/\/farmaon4.apptirana.al\/en\/produkt\/lordes-2-5-mg-5-ml-desloratadine\/"]}]},{"@type":"ImageObject","inLanguage":"en-US","@id":"https:\/\/farmaon4.apptirana.al\/en\/produkt\/lordes-2-5-mg-5-ml-desloratadine\/#primaryimage","url":"https:\/\/farmaon4.apptirana.al\/wp-content\/uploads\/2023\/12\/78cc8512-002862.jpg","contentUrl":"https:\/\/farmaon4.apptirana.al\/wp-content\/uploads\/2023\/12\/78cc8512-002862.jpg","width":1080,"height":1080},{"@type":"BreadcrumbList","@id":"https:\/\/farmaon4.apptirana.al\/en\/produkt\/lordes-2-5-mg-5-ml-desloratadine\/#breadcrumb","itemListElement":[{"@type":"ListItem","position":1,"name":"Home","item":"https:\/\/farmaon4.apptirana.al\/en\/"},{"@type":"ListItem","position":2,"name":"Shop","item":"https:\/\/farmaon4.apptirana.al\/en\/shop-3\/"},{"@type":"ListItem","position":3,"name":"Lordes 2.5 mg\/5 ml (desloratadin\u00eb)"}]},{"@type":"WebSite","@id":"https:\/\/farmaon4.apptirana.al\/#website","url":"https:\/\/farmaon4.apptirana.al\/","name":"Farmaon","description":"Farmacia Juaj Online!","publisher":{"@id":"https:\/\/farmaon4.apptirana.al\/#organization"},"potentialAction":[{"@type":"SearchAction","target":{"@type":"EntryPoint","urlTemplate":"https:\/\/farmaon4.apptirana.al\/?s={search_term_string}"},"query-input":{"@type":"PropertyValueSpecification","valueRequired":true,"valueName":"search_term_string"}}],"inLanguage":"en-US"},{"@type":"Organization","@id":"https:\/\/farmaon4.apptirana.al\/#organization","name":"Farmaon","url":"https:\/\/farmaon4.apptirana.al\/","logo":{"@type":"ImageObject","inLanguage":"en-US","@id":"https:\/\/farmaon4.apptirana.al\/#\/schema\/logo\/image\/","url":"https:\/\/farmaon4.apptirana.al\/wp-content\/uploads\/2024\/08\/7f987514-logo-farmaon.png","contentUrl":"https:\/\/farmaon4.apptirana.al\/wp-content\/uploads\/2024\/08\/7f987514-logo-farmaon.png","width":219,"height":53,"caption":"Farmaon"},"image":{"@id":"https:\/\/farmaon4.apptirana.al\/#\/schema\/logo\/image\/"}}]},"product_price_amount":"392","product_price_currency":"ALL","og_availability":"instock","product_availability":"instock","product_retailer_item_id":"F002862","product_condition":"new"},"_links":{"self":[{"href":"https:\/\/farmaon4.apptirana.al\/en\/wp-json\/wp\/v2\/product\/429886","targetHints":{"allow":["GET"]}}],"collection":[{"href":"https:\/\/farmaon4.apptirana.al\/en\/wp-json\/wp\/v2\/product"}],"about":[{"href":"https:\/\/farmaon4.apptirana.al\/en\/wp-json\/wp\/v2\/types\/product"}],"version-history":[{"count":0,"href":"https:\/\/farmaon4.apptirana.al\/en\/wp-json\/wp\/v2\/product\/429886\/revisions"}],"wp:featuredmedia":[{"embeddable":true,"href":"https:\/\/farmaon4.apptirana.al\/en\/wp-json\/wp\/v2\/media\/176647"}],"wp:attachment":[{"href":"https:\/\/farmaon4.apptirana.al\/en\/wp-json\/wp\/v2\/media?parent=429886"}],"wp:term":[{"taxonomy":"product_brand","embeddable":true,"href":"https:\/\/farmaon4.apptirana.al\/en\/wp-json\/wp\/v2\/product_brand?post=429886"},{"taxonomy":"product_cat","embeddable":true,"href":"https:\/\/farmaon4.apptirana.al\/en\/wp-json\/wp\/v2\/product_cat?post=429886"},{"taxonomy":"product_tag","embeddable":true,"href":"https:\/\/farmaon4.apptirana.al\/en\/wp-json\/wp\/v2\/product_tag?post=429886"},{"taxonomy":"giftcard-category","embeddable":true,"href":"https:\/\/farmaon4.apptirana.al\/en\/wp-json\/wp\/v2\/giftcard-category?post=429886"}],"curies":[{"name":"wp","href":"https:\/\/api.w.org\/{rel}","templated":true}]}}