{"id":429887,"date":"2024-01-21T23:13:22","date_gmt":"2024-01-21T23:13:22","guid":{"rendered":"https:\/\/farmaon4.apptirana.al\/product\/nurofen-400-mg-kapsule-ibuporfen\/"},"modified":"2026-05-01T05:17:10","modified_gmt":"2026-05-01T04:17:10","slug":"nurofen-400-mg-kapsule-ibuporfen","status":"publish","type":"product","link":"https:\/\/farmaon4.apptirana.al\/en\/produkt\/nurofen-400-mg-kapsule-ibuporfen\/","title":{"rendered":"Nurofen 400 mg kapsul\u00eb (ibuporfen)"},"content":{"rendered":"<p>L\u00ebnda aktive e Nurofenit \u00ebsht\u00eb ibuprofeni, nj\u00eb bar i grupit anti-inflamator jo-steroid.<br \/>\n\u00cbsht\u00eb i p\u00ebrshtatsh\u00ebm p\u00ebr t\u00eb rriturit dhe f\u00ebmij\u00ebt q\u00eb peshojn\u00eb m\u00eb shum\u00eb se 30 kg (af\u00ebrsisht 11-12 vje\u00e7), n\u00eb trajtimin afatshkurt\u00ebr t\u00eb etheve dhe\/ose dhimbjeve t\u00eb tilla si dhimbje koke, gjendje t\u00eb ngjashme me gripin, dhimbje dh\u00ebmbi dhe dhimbje nga cikli menstrual.<br \/>\nP\u00ebrdorimi i Nurofen-it kund\u00ebrindikohet:<\/p>\n<p>&#8211; n\u00eb shtatz\u00ebni;<br \/>\n&#8211; tek personat q\u00eb kan\u00eb nj\u00eb histori alergjie ose astme t\u00eb shkaktuar nga ky bar ose barna t\u00eb ngjashme, duke p\u00ebrfshir\u00eb barna t\u00eb tjera anti-inflamatore jo-steroide, acid acetilsalicilik (aspirin\u00eb);<br \/>\n&#8211; n\u00ebse keni alergji prej ndonj\u00ebrit p\u00ebrb\u00ebr\u00ebs t\u00eb k\u00ebtij formulimi;<br \/>\n&#8211; tek personat q\u00eb kan\u00eb b\u00ebr\u00eb t\u00eb pakt\u00ebn nj\u00eb episod hemorragjie gastro-intestinale ose vuajn\u00eb nga ul\u00e7era e cila mund t\u00eb jet\u00eb shkaktuar dhe nga terapia e m\u00ebparshme NSAID;<br \/>\n&#8211; n\u00ebse vuani nga ul\u00e7era aktive ose e p\u00ebrs\u00ebritur ose gjakderdhje nga stomaku ose zorr\u00ebt;<br \/>\n&#8211; n\u00eb rastet e nj\u00eb hemorragjie gastroi-ntestinale t\u00eb vazhdueshme, hemorragjie n\u00eb tru ose gjakderdhjeje tjet\u00ebr;<br \/>\n&#8211; n\u00ebse vuani nga nj\u00eb s\u00ebmundje e r\u00ebnd\u00eb e m\u00ebl\u00e7is\u00eb;<br \/>\n&#8211; n\u00ebse vuani nga nj\u00eb s\u00ebmundje e r\u00ebnd\u00eb e veshkave,- n\u00ebse vuani nga nj\u00eb s\u00ebmundje e r\u00ebnd\u00eb e zemr\u00ebs,-tek pacient\u00ebt me lupus eritematoz sistemik.<br \/>\nShtatz\u00ebniaGjat\u00eb tremujorit t\u00eb par\u00eb t\u00eb shtatz\u00ebnis\u00eb (12 jav\u00eb t\u00eb amenorres\u00eb, d.<br \/>\nm.<br \/>\nth.<br \/>\n 12 jav\u00eb pas dit\u00ebs s\u00eb par\u00eb t\u00eb menstruacioneve tuaja t\u00eb fundit), mjeku juaj mund ta p\u00ebrshkruaj\u00eb k\u00ebt\u00eb medikament n\u00ebse \u00ebsht\u00eb e nevojshme.<br \/>\nNga 2.<br \/>\n5 deri n\u00eb 5 muaj t\u00eb shtatz\u00ebnis\u00eb (12 deri n\u00eb 24 jav\u00eb t\u00eb amenorres\u00eb), ky medikament duhet t\u00eb p\u00ebrdoret vet\u00ebm me k\u00ebshill\u00ebn e mjekut tuaj dhe t\u00eb merret p\u00ebr periudha t\u00eb shkurtra kohore.<br \/>\nN\u00ebse jeni m\u00eb shum\u00eb se 5 muajshe shtatz\u00ebn\u00eb (m\u00eb shum\u00eb se 24 jav\u00eb t\u00eb amenorres\u00eb), NUK duhet ta merrni k\u00ebt\u00eb medikament n\u00eb asnj\u00eb rrethan\u00eb, pasi efektet e tij tek f\u00ebmija juaj mund t\u00eb ken\u00eb pasoja t\u00eb r\u00ebnda, ve\u00e7an\u00ebrisht n\u00eb aspektin e sh\u00ebndetit kardiopulmonar dhe t\u00eb veshkave, edhe n\u00ebse ju e merrni vet\u00ebm nj\u00eb her\u00eb.<br \/>\nUshqyerja me gjiKy medikament kalon n\u00eb qum\u00ebshtin e gjirit.<br \/>\n Si mas\u00eb paraprake, nuk duhet t\u00eb p\u00ebrdoret gjat\u00eb ushqyerjes me gji.<br \/>\nKy \u00ebsht\u00eb nj\u00eb medikament OTC, k\u00ebshtu q\u00eb mund t\u00eb merret pa rekomandimin e mjekut.<br \/>\nP\u00ebrpara se t\u00eb p\u00ebrdorni k\u00ebt\u00eb medikament, lexoni me kujdes flet\u00eb-udh\u00ebzuesin q\u00eb gjendet n\u00eb paketim pasi p\u00ebrmban informacion m\u00eb t\u00eb detajuar.<br \/>\nP\u00ebr \u00e7do paqart\u00ebsi konsultohuni me mjekun ose farmacistin tuaj.<\/p>\n","protected":false},"excerpt":{"rendered":"<p>Medikament OTC me baz\u00eb ibuprofeni, n\u00eb form\u00ebn e kapsulave xhelatinore<br \/>\nKuti x 10 kapsula<\/p>\n","protected":false},"featured_media":176659,"template":"","meta":{"_acf_changed":false},"product_brand":[],"product_cat":[50203,56239,56240],"product_tag":[50451,52921,51686,52922,48140],"giftcard-category":[],"class_list":{"0":"post-429887","1":"product","2":"type-product","3":"status-publish","4":"has-post-thumbnail","6":"product_cat-otc-orale-english","7":"product_cat-dhimbje-analgjezike-dhe-antipiretike-otc-orale-farmaci-en","8":"product_cat-temperature-analgjezike-dhe-antipiretike-otc-orale-farmaci-en","9":"product_tag-te-rritur-en","10":"product_tag-analgjezik-en","11":"product_tag-anti-inflamator-en","12":"product_tag-antipiretik-en","13":"product_tag-ibuprofen","15":"first","16":"instock","17":"taxable","18":"shipping-taxable","19":"purchasable","20":"product-type-simple"},"bundled_by":["481945","481989"],"bundle_stock_status":"instock","bundle_stock_quantity":74,"bundle_virtual":false,"bundle_layout":"","bundle_add_to_cart_form_location":"","bundle_editable_in_cart":false,"bundle_sold_individually_context":"","bundle_item_grouping":"","bundle_min_size":"","bundle_max_size":"","bundle_price":[],"bundled_items":[],"bundle_sell_ids":[],"acf":[],"yoast_head":"<!-- This site is optimized with the Yoast SEO Premium plugin v23.0 (Yoast SEO v26.0) - https:\/\/yoast.com\/wordpress\/plugins\/seo\/ -->\n<title>Nurofen 400 mg kapsul\u00eb (ibuporfen) - Farmaon<\/title>\n<meta name=\"robots\" content=\"index, follow, max-snippet:-1, max-image-preview:large, max-video-preview:-1\" \/>\n<link rel=\"canonical\" href=\"https:\/\/farmaon4.apptirana.al\/en\/produkt\/nurofen-400-mg-kapsule-ibuporfen\/\" \/>\n<meta property=\"og:locale\" content=\"en_US\" \/>\n<meta property=\"og:type\" content=\"article\" \/>\n<meta property=\"og:title\" content=\"Nurofen 400 mg kapsul\u00eb (ibuporfen)\" \/>\n<meta property=\"og:description\" content=\"Medikament OTC me baz\u00eb ibuprofeni, n\u00eb form\u00ebn e kapsulave xhelatinore Kuti x 10 kapsula\" \/>\n<meta property=\"og:url\" content=\"https:\/\/farmaon4.apptirana.al\/en\/produkt\/nurofen-400-mg-kapsule-ibuporfen\/\" \/>\n<meta property=\"og:site_name\" content=\"Farmaon\" \/>\n<meta property=\"article:modified_time\" content=\"2026-05-01T04:17:10+00:00\" \/>\n<meta property=\"og:image\" content=\"https:\/\/farmaon4.apptirana.al\/wp-content\/uploads\/2023\/12\/ee819252-004334.jpg\" \/>\n\t<meta property=\"og:image:width\" content=\"1080\" \/>\n\t<meta property=\"og:image:height\" content=\"1080\" \/>\n\t<meta property=\"og:image:type\" content=\"image\/jpeg\" \/>\n<meta name=\"twitter:card\" content=\"summary_large_image\" \/>\n<meta name=\"twitter:label1\" content=\"Price\" \/>\n\t<meta name=\"twitter:data1\" content=\"520&nbsp;L\" \/>\n\t<meta name=\"twitter:label2\" content=\"Availability\" \/>\n\t<meta name=\"twitter:data2\" content=\"In stock\" \/>\n<script type=\"application\/ld+json\" class=\"yoast-schema-graph\">{\"@context\":\"https:\/\/schema.org\",\"@graph\":[{\"@type\":\"WebPage\",\"@id\":\"https:\/\/farmaon4.apptirana.al\/en\/produkt\/nurofen-400-mg-kapsule-ibuporfen\/\",\"url\":\"https:\/\/farmaon4.apptirana.al\/en\/produkt\/nurofen-400-mg-kapsule-ibuporfen\/\",\"name\":\"Nurofen 400 mg kapsul\u00eb (ibuporfen) - Farmaon\",\"isPartOf\":{\"@id\":\"https:\/\/farmaon4.apptirana.al\/#website\"},\"primaryImageOfPage\":{\"@id\":\"https:\/\/farmaon4.apptirana.al\/en\/produkt\/nurofen-400-mg-kapsule-ibuporfen\/#primaryimage\"},\"image\":{\"@id\":\"https:\/\/farmaon4.apptirana.al\/en\/produkt\/nurofen-400-mg-kapsule-ibuporfen\/#primaryimage\"},\"thumbnailUrl\":\"https:\/\/farmaon4.apptirana.al\/wp-content\/uploads\/2023\/12\/ee819252-004334.jpg\",\"datePublished\":\"2024-01-21T23:13:22+00:00\",\"dateModified\":\"2026-05-01T04:17:10+00:00\",\"breadcrumb\":{\"@id\":\"https:\/\/farmaon4.apptirana.al\/en\/produkt\/nurofen-400-mg-kapsule-ibuporfen\/#breadcrumb\"},\"inLanguage\":\"en-US\",\"potentialAction\":[{\"@type\":\"ReadAction\",\"target\":[\"https:\/\/farmaon4.apptirana.al\/en\/produkt\/nurofen-400-mg-kapsule-ibuporfen\/\"]}]},{\"@type\":\"ImageObject\",\"inLanguage\":\"en-US\",\"@id\":\"https:\/\/farmaon4.apptirana.al\/en\/produkt\/nurofen-400-mg-kapsule-ibuporfen\/#primaryimage\",\"url\":\"https:\/\/farmaon4.apptirana.al\/wp-content\/uploads\/2023\/12\/ee819252-004334.jpg\",\"contentUrl\":\"https:\/\/farmaon4.apptirana.al\/wp-content\/uploads\/2023\/12\/ee819252-004334.jpg\",\"width\":1080,\"height\":1080},{\"@type\":\"BreadcrumbList\",\"@id\":\"https:\/\/farmaon4.apptirana.al\/en\/produkt\/nurofen-400-mg-kapsule-ibuporfen\/#breadcrumb\",\"itemListElement\":[{\"@type\":\"ListItem\",\"position\":1,\"name\":\"Home\",\"item\":\"https:\/\/farmaon4.apptirana.al\/en\/\"},{\"@type\":\"ListItem\",\"position\":2,\"name\":\"Shop\",\"item\":\"https:\/\/farmaon4.apptirana.al\/en\/shop-3\/\"},{\"@type\":\"ListItem\",\"position\":3,\"name\":\"Nurofen 400 mg kapsul\u00eb (ibuporfen)\"}]},{\"@type\":\"WebSite\",\"@id\":\"https:\/\/farmaon4.apptirana.al\/#website\",\"url\":\"https:\/\/farmaon4.apptirana.al\/\",\"name\":\"Farmaon\",\"description\":\"Farmacia Juaj Online!\",\"publisher\":{\"@id\":\"https:\/\/farmaon4.apptirana.al\/#organization\"},\"potentialAction\":[{\"@type\":\"SearchAction\",\"target\":{\"@type\":\"EntryPoint\",\"urlTemplate\":\"https:\/\/farmaon4.apptirana.al\/?s={search_term_string}\"},\"query-input\":{\"@type\":\"PropertyValueSpecification\",\"valueRequired\":true,\"valueName\":\"search_term_string\"}}],\"inLanguage\":\"en-US\"},{\"@type\":\"Organization\",\"@id\":\"https:\/\/farmaon4.apptirana.al\/#organization\",\"name\":\"Farmaon\",\"url\":\"https:\/\/farmaon4.apptirana.al\/\",\"logo\":{\"@type\":\"ImageObject\",\"inLanguage\":\"en-US\",\"@id\":\"https:\/\/farmaon4.apptirana.al\/#\/schema\/logo\/image\/\",\"url\":\"https:\/\/farmaon4.apptirana.al\/wp-content\/uploads\/2024\/08\/7f987514-logo-farmaon.png\",\"contentUrl\":\"https:\/\/farmaon4.apptirana.al\/wp-content\/uploads\/2024\/08\/7f987514-logo-farmaon.png\",\"width\":219,\"height\":53,\"caption\":\"Farmaon\"},\"image\":{\"@id\":\"https:\/\/farmaon4.apptirana.al\/#\/schema\/logo\/image\/\"}}]}<\/script>\n<meta property=\"product:price:amount\" content=\"520\" \/>\n<meta property=\"product:price:currency\" content=\"ALL\" \/>\n<meta property=\"og:availability\" content=\"instock\" \/>\n<meta property=\"product:availability\" content=\"instock\" \/>\n<meta property=\"product:retailer_item_id\" content=\"F004334\" \/>\n<meta property=\"product:condition\" content=\"new\" \/>\n<!-- \/ Yoast SEO Premium plugin. -->","yoast_head_json":{"title":"Nurofen 400 mg kapsul\u00eb (ibuporfen) - Farmaon","robots":{"index":"index","follow":"follow","max-snippet":"max-snippet:-1","max-image-preview":"max-image-preview:large","max-video-preview":"max-video-preview:-1"},"canonical":"https:\/\/farmaon4.apptirana.al\/en\/produkt\/nurofen-400-mg-kapsule-ibuporfen\/","og_locale":"en_US","og_type":"article","og_title":"Nurofen 400 mg kapsul\u00eb (ibuporfen)","og_description":"Medikament OTC me baz\u00eb ibuprofeni, n\u00eb form\u00ebn e kapsulave xhelatinore Kuti x 10 kapsula","og_url":"https:\/\/farmaon4.apptirana.al\/en\/produkt\/nurofen-400-mg-kapsule-ibuporfen\/","og_site_name":"Farmaon","article_modified_time":"2026-05-01T04:17:10+00:00","og_image":[{"width":1080,"height":1080,"url":"https:\/\/farmaon4.apptirana.al\/wp-content\/uploads\/2023\/12\/ee819252-004334.jpg","type":"image\/jpeg"}],"twitter_card":"summary_large_image","twitter_misc":{"Price":"520&nbsp;L","Availability":"In stock"},"schema":{"@context":"https:\/\/schema.org","@graph":[{"@type":"WebPage","@id":"https:\/\/farmaon4.apptirana.al\/en\/produkt\/nurofen-400-mg-kapsule-ibuporfen\/","url":"https:\/\/farmaon4.apptirana.al\/en\/produkt\/nurofen-400-mg-kapsule-ibuporfen\/","name":"Nurofen 400 mg kapsul\u00eb (ibuporfen) - Farmaon","isPartOf":{"@id":"https:\/\/farmaon4.apptirana.al\/#website"},"primaryImageOfPage":{"@id":"https:\/\/farmaon4.apptirana.al\/en\/produkt\/nurofen-400-mg-kapsule-ibuporfen\/#primaryimage"},"image":{"@id":"https:\/\/farmaon4.apptirana.al\/en\/produkt\/nurofen-400-mg-kapsule-ibuporfen\/#primaryimage"},"thumbnailUrl":"https:\/\/farmaon4.apptirana.al\/wp-content\/uploads\/2023\/12\/ee819252-004334.jpg","datePublished":"2024-01-21T23:13:22+00:00","dateModified":"2026-05-01T04:17:10+00:00","breadcrumb":{"@id":"https:\/\/farmaon4.apptirana.al\/en\/produkt\/nurofen-400-mg-kapsule-ibuporfen\/#breadcrumb"},"inLanguage":"en-US","potentialAction":[{"@type":"ReadAction","target":["https:\/\/farmaon4.apptirana.al\/en\/produkt\/nurofen-400-mg-kapsule-ibuporfen\/"]}]},{"@type":"ImageObject","inLanguage":"en-US","@id":"https:\/\/farmaon4.apptirana.al\/en\/produkt\/nurofen-400-mg-kapsule-ibuporfen\/#primaryimage","url":"https:\/\/farmaon4.apptirana.al\/wp-content\/uploads\/2023\/12\/ee819252-004334.jpg","contentUrl":"https:\/\/farmaon4.apptirana.al\/wp-content\/uploads\/2023\/12\/ee819252-004334.jpg","width":1080,"height":1080},{"@type":"BreadcrumbList","@id":"https:\/\/farmaon4.apptirana.al\/en\/produkt\/nurofen-400-mg-kapsule-ibuporfen\/#breadcrumb","itemListElement":[{"@type":"ListItem","position":1,"name":"Home","item":"https:\/\/farmaon4.apptirana.al\/en\/"},{"@type":"ListItem","position":2,"name":"Shop","item":"https:\/\/farmaon4.apptirana.al\/en\/shop-3\/"},{"@type":"ListItem","position":3,"name":"Nurofen 400 mg kapsul\u00eb (ibuporfen)"}]},{"@type":"WebSite","@id":"https:\/\/farmaon4.apptirana.al\/#website","url":"https:\/\/farmaon4.apptirana.al\/","name":"Farmaon","description":"Farmacia Juaj Online!","publisher":{"@id":"https:\/\/farmaon4.apptirana.al\/#organization"},"potentialAction":[{"@type":"SearchAction","target":{"@type":"EntryPoint","urlTemplate":"https:\/\/farmaon4.apptirana.al\/?s={search_term_string}"},"query-input":{"@type":"PropertyValueSpecification","valueRequired":true,"valueName":"search_term_string"}}],"inLanguage":"en-US"},{"@type":"Organization","@id":"https:\/\/farmaon4.apptirana.al\/#organization","name":"Farmaon","url":"https:\/\/farmaon4.apptirana.al\/","logo":{"@type":"ImageObject","inLanguage":"en-US","@id":"https:\/\/farmaon4.apptirana.al\/#\/schema\/logo\/image\/","url":"https:\/\/farmaon4.apptirana.al\/wp-content\/uploads\/2024\/08\/7f987514-logo-farmaon.png","contentUrl":"https:\/\/farmaon4.apptirana.al\/wp-content\/uploads\/2024\/08\/7f987514-logo-farmaon.png","width":219,"height":53,"caption":"Farmaon"},"image":{"@id":"https:\/\/farmaon4.apptirana.al\/#\/schema\/logo\/image\/"}}]},"product_price_amount":"520","product_price_currency":"ALL","og_availability":"instock","product_availability":"instock","product_retailer_item_id":"F004334","product_condition":"new"},"_links":{"self":[{"href":"https:\/\/farmaon4.apptirana.al\/en\/wp-json\/wp\/v2\/product\/429887","targetHints":{"allow":["GET"]}}],"collection":[{"href":"https:\/\/farmaon4.apptirana.al\/en\/wp-json\/wp\/v2\/product"}],"about":[{"href":"https:\/\/farmaon4.apptirana.al\/en\/wp-json\/wp\/v2\/types\/product"}],"version-history":[{"count":0,"href":"https:\/\/farmaon4.apptirana.al\/en\/wp-json\/wp\/v2\/product\/429887\/revisions"}],"wp:featuredmedia":[{"embeddable":true,"href":"https:\/\/farmaon4.apptirana.al\/en\/wp-json\/wp\/v2\/media\/176659"}],"wp:attachment":[{"href":"https:\/\/farmaon4.apptirana.al\/en\/wp-json\/wp\/v2\/media?parent=429887"}],"wp:term":[{"taxonomy":"product_brand","embeddable":true,"href":"https:\/\/farmaon4.apptirana.al\/en\/wp-json\/wp\/v2\/product_brand?post=429887"},{"taxonomy":"product_cat","embeddable":true,"href":"https:\/\/farmaon4.apptirana.al\/en\/wp-json\/wp\/v2\/product_cat?post=429887"},{"taxonomy":"product_tag","embeddable":true,"href":"https:\/\/farmaon4.apptirana.al\/en\/wp-json\/wp\/v2\/product_tag?post=429887"},{"taxonomy":"giftcard-category","embeddable":true,"href":"https:\/\/farmaon4.apptirana.al\/en\/wp-json\/wp\/v2\/giftcard-category?post=429887"}],"curies":[{"name":"wp","href":"https:\/\/api.w.org\/{rel}","templated":true}]}}