{"id":430086,"date":"2024-01-21T23:12:02","date_gmt":"2024-01-21T23:12:02","guid":{"rendered":"https:\/\/farmaon4.apptirana.al\/product\/kloroben-oral-spray\/"},"modified":"2026-04-07T10:20:37","modified_gmt":"2026-04-07T09:20:37","slug":"kloroben-oral-spray","status":"publish","type":"product","link":"https:\/\/farmaon4.apptirana.al\/en\/produkt\/kloroben-oral-spray\/","title":{"rendered":"Kloroben Oral Spray"},"content":{"rendered":"<p>Kloroben \u00ebsht\u00eb nj\u00eb solucion i past\u00ebr, me shije t\u00eb \u00ebmb\u00ebl dhe me arom\u00eb mente.<br \/>\nP\u00ebrmban glukonatin e klorheksidin\u00ebs (me veprim antimikrobial) dhe hidroklorurin e benzidamin\u00ebs (me efekt anti-inflamator dhe anestezik lokal).<br \/>\nKloroben p\u00ebrdoret:<\/p>\n<p>&#8211; n\u00eb inflamacionin e mukoz\u00ebs s\u00eb goj\u00ebs, t\u00eb fytit dhe gingivitit me dhimbje, inflamacionin e sip\u00ebrfaqes s\u00eb goj\u00ebs, faringit, tonsilit dhe plag\u00eb;<br \/>\n&#8211; n\u00eb parandalimin e s\u00ebmundjeve mikrobike q\u00eb shkaktojn\u00eb inflamacion t\u00eb goj\u00ebs dhe fytit, leht\u00ebsimin e enjtjes dhe zbutjen e simptomave t\u00eb gingivitit;<br \/>\n&#8211; para dhe pas nd\u00ebrhyrjeve n\u00eb indet q\u00eb rrethojn\u00eb dh\u00ebmb\u00ebt;<br \/>\n&#8211; n\u00eb irritim t\u00eb mukoz\u00ebs orale t\u00eb shkaktuar nga rrezatimi ose mjekimi i kancerit;<br \/>\n &#8211; p\u00ebr t\u00eb parandaluar mbivendosjen e pllakave dentare t\u00eb shkaktuara nga bakteret dhe mbeturinat ushqimore rreth dh\u00ebmb\u00ebve.<br \/>\nMos p\u00ebrdorni Kloroben n\u00ebse:<\/p>\n<p>&#8211; jeni alergjik nga ndonj\u00ebri prej p\u00ebrb\u00ebr\u00ebsve t\u00eb pranish\u00ebm n\u00eb formulim;<br \/>\n&#8211; jeni shtatz\u00ebn\u00eb ose ushqeni me gji.<br \/>\nKloroben spraj oral p\u00ebrmban sorbitol.<br \/>\n N\u00ebse keni intoleranc\u00eb nga disa sheqerna, k\u00ebshillohuni me mjekun tuaj n\u00ebse duhet ta p\u00ebrdorni ose jo k\u00ebt\u00eb spraj.<br \/>\nDuhet patur kujdes me p\u00ebrdorimin e sprajit te personat q\u00eb kan\u00eb funksion t\u00eb d\u00ebmtuar r\u00ebnd\u00eb t\u00eb m\u00ebl\u00e7is\u00eb ose veshkave.<br \/>\nP\u00ebrpara p\u00ebrdorimit t\u00eb k\u00ebtij bari lexoni me kujdes flet\u00ebudh\u00ebzuesin  e pranish\u00ebm n\u00eb paketim, pasi ai p\u00ebrmban nj\u00eb informacion m\u00eb t\u00eb detajuar.<br \/>\nP\u00ebr \u00e7do paqart\u00ebsi k\u00ebshillohuni me mjekun ose farmacistin tuaj.<\/p>\n","protected":false},"excerpt":{"rendered":"<p>Spraj oral me efekt antibakterial, analgjezik dhe anti-inflamator<br \/>\nFlakon x 30 ml<\/p>\n","protected":false},"featured_media":177510,"template":"","meta":{"_acf_changed":false},"product_brand":[],"product_cat":[50203],"product_tag":[51065,47740,52845],"giftcard-category":[],"class_list":{"0":"post-430086","1":"product","2":"type-product","3":"status-publish","4":"has-post-thumbnail","6":"product_cat-otc-orale-english","7":"product_tag-antibakterial-en","8":"product_tag-fyti","9":"product_tag-dhimbje-en","11":"first","12":"instock","13":"taxable","14":"shipping-taxable","15":"purchasable","16":"product-type-simple"},"bundled_by":[],"bundle_stock_status":"instock","bundle_stock_quantity":37,"bundle_virtual":false,"bundle_layout":"","bundle_add_to_cart_form_location":"","bundle_editable_in_cart":false,"bundle_sold_individually_context":"","bundle_item_grouping":"","bundle_min_size":"","bundle_max_size":"","bundle_price":[],"bundled_items":[],"bundle_sell_ids":[],"acf":[],"yoast_head":"<!-- This site is optimized with the Yoast SEO Premium plugin v23.0 (Yoast SEO v26.0) - https:\/\/yoast.com\/wordpress\/plugins\/seo\/ -->\n<title>Kloroben Oral Spray - Farmaon<\/title>\n<meta name=\"robots\" content=\"index, follow, max-snippet:-1, max-image-preview:large, max-video-preview:-1\" \/>\n<link rel=\"canonical\" href=\"https:\/\/farmaon4.apptirana.al\/en\/produkt\/kloroben-oral-spray\/\" \/>\n<meta property=\"og:locale\" content=\"en_US\" \/>\n<meta property=\"og:type\" content=\"article\" \/>\n<meta property=\"og:title\" content=\"Kloroben Oral Spray\" \/>\n<meta property=\"og:description\" content=\"Spraj oral me efekt antibakterial, analgjezik dhe anti-inflamator Flakon x 30 ml\" \/>\n<meta property=\"og:url\" content=\"https:\/\/farmaon4.apptirana.al\/en\/produkt\/kloroben-oral-spray\/\" \/>\n<meta property=\"og:site_name\" content=\"Farmaon\" \/>\n<meta property=\"article:modified_time\" content=\"2026-04-07T09:20:37+00:00\" \/>\n<meta property=\"og:image\" content=\"https:\/\/farmaon4.apptirana.al\/wp-content\/uploads\/2023\/12\/89968cba-002809.jpg\" \/>\n\t<meta property=\"og:image:width\" content=\"1080\" \/>\n\t<meta property=\"og:image:height\" content=\"1080\" \/>\n\t<meta property=\"og:image:type\" content=\"image\/jpeg\" \/>\n<meta name=\"twitter:card\" content=\"summary_large_image\" \/>\n<meta name=\"twitter:label1\" content=\"Price\" \/>\n\t<meta name=\"twitter:data1\" content=\"616&nbsp;L\" \/>\n\t<meta name=\"twitter:label2\" content=\"Availability\" \/>\n\t<meta name=\"twitter:data2\" content=\"In stock\" \/>\n<script type=\"application\/ld+json\" class=\"yoast-schema-graph\">{\"@context\":\"https:\/\/schema.org\",\"@graph\":[{\"@type\":\"WebPage\",\"@id\":\"https:\/\/farmaon4.apptirana.al\/en\/produkt\/kloroben-oral-spray\/\",\"url\":\"https:\/\/farmaon4.apptirana.al\/en\/produkt\/kloroben-oral-spray\/\",\"name\":\"Kloroben Oral Spray - Farmaon\",\"isPartOf\":{\"@id\":\"https:\/\/farmaon4.apptirana.al\/#website\"},\"primaryImageOfPage\":{\"@id\":\"https:\/\/farmaon4.apptirana.al\/en\/produkt\/kloroben-oral-spray\/#primaryimage\"},\"image\":{\"@id\":\"https:\/\/farmaon4.apptirana.al\/en\/produkt\/kloroben-oral-spray\/#primaryimage\"},\"thumbnailUrl\":\"https:\/\/farmaon4.apptirana.al\/wp-content\/uploads\/2023\/12\/89968cba-002809.jpg\",\"datePublished\":\"2024-01-21T23:12:02+00:00\",\"dateModified\":\"2026-04-07T09:20:37+00:00\",\"breadcrumb\":{\"@id\":\"https:\/\/farmaon4.apptirana.al\/en\/produkt\/kloroben-oral-spray\/#breadcrumb\"},\"inLanguage\":\"en-US\",\"potentialAction\":[{\"@type\":\"ReadAction\",\"target\":[\"https:\/\/farmaon4.apptirana.al\/en\/produkt\/kloroben-oral-spray\/\"]}]},{\"@type\":\"ImageObject\",\"inLanguage\":\"en-US\",\"@id\":\"https:\/\/farmaon4.apptirana.al\/en\/produkt\/kloroben-oral-spray\/#primaryimage\",\"url\":\"https:\/\/farmaon4.apptirana.al\/wp-content\/uploads\/2023\/12\/89968cba-002809.jpg\",\"contentUrl\":\"https:\/\/farmaon4.apptirana.al\/wp-content\/uploads\/2023\/12\/89968cba-002809.jpg\",\"width\":1080,\"height\":1080},{\"@type\":\"BreadcrumbList\",\"@id\":\"https:\/\/farmaon4.apptirana.al\/en\/produkt\/kloroben-oral-spray\/#breadcrumb\",\"itemListElement\":[{\"@type\":\"ListItem\",\"position\":1,\"name\":\"Home\",\"item\":\"https:\/\/farmaon4.apptirana.al\/en\/\"},{\"@type\":\"ListItem\",\"position\":2,\"name\":\"Shop\",\"item\":\"https:\/\/farmaon4.apptirana.al\/en\/shop-3\/\"},{\"@type\":\"ListItem\",\"position\":3,\"name\":\"Kloroben Oral Spray\"}]},{\"@type\":\"WebSite\",\"@id\":\"https:\/\/farmaon4.apptirana.al\/#website\",\"url\":\"https:\/\/farmaon4.apptirana.al\/\",\"name\":\"Farmaon\",\"description\":\"Farmacia Juaj Online!\",\"publisher\":{\"@id\":\"https:\/\/farmaon4.apptirana.al\/#organization\"},\"potentialAction\":[{\"@type\":\"SearchAction\",\"target\":{\"@type\":\"EntryPoint\",\"urlTemplate\":\"https:\/\/farmaon4.apptirana.al\/?s={search_term_string}\"},\"query-input\":{\"@type\":\"PropertyValueSpecification\",\"valueRequired\":true,\"valueName\":\"search_term_string\"}}],\"inLanguage\":\"en-US\"},{\"@type\":\"Organization\",\"@id\":\"https:\/\/farmaon4.apptirana.al\/#organization\",\"name\":\"Farmaon\",\"url\":\"https:\/\/farmaon4.apptirana.al\/\",\"logo\":{\"@type\":\"ImageObject\",\"inLanguage\":\"en-US\",\"@id\":\"https:\/\/farmaon4.apptirana.al\/#\/schema\/logo\/image\/\",\"url\":\"https:\/\/farmaon4.apptirana.al\/wp-content\/uploads\/2024\/08\/7f987514-logo-farmaon.png\",\"contentUrl\":\"https:\/\/farmaon4.apptirana.al\/wp-content\/uploads\/2024\/08\/7f987514-logo-farmaon.png\",\"width\":219,\"height\":53,\"caption\":\"Farmaon\"},\"image\":{\"@id\":\"https:\/\/farmaon4.apptirana.al\/#\/schema\/logo\/image\/\"}}]}<\/script>\n<meta property=\"product:price:amount\" content=\"616\" \/>\n<meta property=\"product:price:currency\" content=\"ALL\" \/>\n<meta property=\"og:availability\" content=\"instock\" \/>\n<meta property=\"product:availability\" content=\"instock\" \/>\n<meta property=\"product:retailer_item_id\" content=\"F002809\" \/>\n<meta property=\"product:condition\" content=\"new\" \/>\n<!-- \/ Yoast SEO Premium plugin. -->","yoast_head_json":{"title":"Kloroben Oral Spray - Farmaon","robots":{"index":"index","follow":"follow","max-snippet":"max-snippet:-1","max-image-preview":"max-image-preview:large","max-video-preview":"max-video-preview:-1"},"canonical":"https:\/\/farmaon4.apptirana.al\/en\/produkt\/kloroben-oral-spray\/","og_locale":"en_US","og_type":"article","og_title":"Kloroben Oral Spray","og_description":"Spraj oral me efekt antibakterial, analgjezik dhe anti-inflamator Flakon x 30 ml","og_url":"https:\/\/farmaon4.apptirana.al\/en\/produkt\/kloroben-oral-spray\/","og_site_name":"Farmaon","article_modified_time":"2026-04-07T09:20:37+00:00","og_image":[{"width":1080,"height":1080,"url":"https:\/\/farmaon4.apptirana.al\/wp-content\/uploads\/2023\/12\/89968cba-002809.jpg","type":"image\/jpeg"}],"twitter_card":"summary_large_image","twitter_misc":{"Price":"616&nbsp;L","Availability":"In stock"},"schema":{"@context":"https:\/\/schema.org","@graph":[{"@type":"WebPage","@id":"https:\/\/farmaon4.apptirana.al\/en\/produkt\/kloroben-oral-spray\/","url":"https:\/\/farmaon4.apptirana.al\/en\/produkt\/kloroben-oral-spray\/","name":"Kloroben Oral Spray - Farmaon","isPartOf":{"@id":"https:\/\/farmaon4.apptirana.al\/#website"},"primaryImageOfPage":{"@id":"https:\/\/farmaon4.apptirana.al\/en\/produkt\/kloroben-oral-spray\/#primaryimage"},"image":{"@id":"https:\/\/farmaon4.apptirana.al\/en\/produkt\/kloroben-oral-spray\/#primaryimage"},"thumbnailUrl":"https:\/\/farmaon4.apptirana.al\/wp-content\/uploads\/2023\/12\/89968cba-002809.jpg","datePublished":"2024-01-21T23:12:02+00:00","dateModified":"2026-04-07T09:20:37+00:00","breadcrumb":{"@id":"https:\/\/farmaon4.apptirana.al\/en\/produkt\/kloroben-oral-spray\/#breadcrumb"},"inLanguage":"en-US","potentialAction":[{"@type":"ReadAction","target":["https:\/\/farmaon4.apptirana.al\/en\/produkt\/kloroben-oral-spray\/"]}]},{"@type":"ImageObject","inLanguage":"en-US","@id":"https:\/\/farmaon4.apptirana.al\/en\/produkt\/kloroben-oral-spray\/#primaryimage","url":"https:\/\/farmaon4.apptirana.al\/wp-content\/uploads\/2023\/12\/89968cba-002809.jpg","contentUrl":"https:\/\/farmaon4.apptirana.al\/wp-content\/uploads\/2023\/12\/89968cba-002809.jpg","width":1080,"height":1080},{"@type":"BreadcrumbList","@id":"https:\/\/farmaon4.apptirana.al\/en\/produkt\/kloroben-oral-spray\/#breadcrumb","itemListElement":[{"@type":"ListItem","position":1,"name":"Home","item":"https:\/\/farmaon4.apptirana.al\/en\/"},{"@type":"ListItem","position":2,"name":"Shop","item":"https:\/\/farmaon4.apptirana.al\/en\/shop-3\/"},{"@type":"ListItem","position":3,"name":"Kloroben Oral Spray"}]},{"@type":"WebSite","@id":"https:\/\/farmaon4.apptirana.al\/#website","url":"https:\/\/farmaon4.apptirana.al\/","name":"Farmaon","description":"Farmacia Juaj Online!","publisher":{"@id":"https:\/\/farmaon4.apptirana.al\/#organization"},"potentialAction":[{"@type":"SearchAction","target":{"@type":"EntryPoint","urlTemplate":"https:\/\/farmaon4.apptirana.al\/?s={search_term_string}"},"query-input":{"@type":"PropertyValueSpecification","valueRequired":true,"valueName":"search_term_string"}}],"inLanguage":"en-US"},{"@type":"Organization","@id":"https:\/\/farmaon4.apptirana.al\/#organization","name":"Farmaon","url":"https:\/\/farmaon4.apptirana.al\/","logo":{"@type":"ImageObject","inLanguage":"en-US","@id":"https:\/\/farmaon4.apptirana.al\/#\/schema\/logo\/image\/","url":"https:\/\/farmaon4.apptirana.al\/wp-content\/uploads\/2024\/08\/7f987514-logo-farmaon.png","contentUrl":"https:\/\/farmaon4.apptirana.al\/wp-content\/uploads\/2024\/08\/7f987514-logo-farmaon.png","width":219,"height":53,"caption":"Farmaon"},"image":{"@id":"https:\/\/farmaon4.apptirana.al\/#\/schema\/logo\/image\/"}}]},"product_price_amount":"616","product_price_currency":"ALL","og_availability":"instock","product_availability":"instock","product_retailer_item_id":"F002809","product_condition":"new"},"_links":{"self":[{"href":"https:\/\/farmaon4.apptirana.al\/en\/wp-json\/wp\/v2\/product\/430086","targetHints":{"allow":["GET"]}}],"collection":[{"href":"https:\/\/farmaon4.apptirana.al\/en\/wp-json\/wp\/v2\/product"}],"about":[{"href":"https:\/\/farmaon4.apptirana.al\/en\/wp-json\/wp\/v2\/types\/product"}],"version-history":[{"count":0,"href":"https:\/\/farmaon4.apptirana.al\/en\/wp-json\/wp\/v2\/product\/430086\/revisions"}],"wp:featuredmedia":[{"embeddable":true,"href":"https:\/\/farmaon4.apptirana.al\/en\/wp-json\/wp\/v2\/media\/177510"}],"wp:attachment":[{"href":"https:\/\/farmaon4.apptirana.al\/en\/wp-json\/wp\/v2\/media?parent=430086"}],"wp:term":[{"taxonomy":"product_brand","embeddable":true,"href":"https:\/\/farmaon4.apptirana.al\/en\/wp-json\/wp\/v2\/product_brand?post=430086"},{"taxonomy":"product_cat","embeddable":true,"href":"https:\/\/farmaon4.apptirana.al\/en\/wp-json\/wp\/v2\/product_cat?post=430086"},{"taxonomy":"product_tag","embeddable":true,"href":"https:\/\/farmaon4.apptirana.al\/en\/wp-json\/wp\/v2\/product_tag?post=430086"},{"taxonomy":"giftcard-category","embeddable":true,"href":"https:\/\/farmaon4.apptirana.al\/en\/wp-json\/wp\/v2\/giftcard-category?post=430086"}],"curies":[{"name":"wp","href":"https:\/\/api.w.org\/{rel}","templated":true}]}}