{"id":430087,"date":"2024-01-21T23:12:02","date_gmt":"2024-01-21T23:12:02","guid":{"rendered":"https:\/\/farmaon4.apptirana.al\/product\/gine-tantum-buste-benzidamina\/"},"modified":"2026-04-19T18:47:03","modified_gmt":"2026-04-19T17:47:03","slug":"gine-tantum-buste-benzidamina","status":"publish","type":"product","link":"https:\/\/farmaon4.apptirana.al\/en\/produkt\/gine-tantum-buste-benzidamina\/","title":{"rendered":"Gine Tantum Buste (benzidamina)"},"content":{"rendered":"<p>Gine Tantum p\u00ebrmban benzidamin\u00eb klorhidrat, nj\u00eb substanc\u00eb anti-inflamatore jo-steroide.<br \/>\nP\u00ebrdoret:<\/p>\n<p>&#8211; n\u00eb trajtimin lokal t\u00eb jasht\u00ebm t\u00eb organeve gjenitale, n\u00eb rast inflamacioni t\u00eb vulv\u00ebs dhe vagin\u00ebs, pavar\u00ebsisht origjin\u00ebs, e karakterizuar nga sekrecione vaginale, kruarje, irritim, djegie dhe dhimbje.<br \/>\n&#8211; n\u00eb higjien\u00ebn intime te femrat pas lindjes.<br \/>\nMos p\u00ebrdorni Gine Tantum n\u00ebse:<\/p>\n<p>&#8211; jeni alergjik nga benzidamina ose nga ndonj\u00ebri prej p\u00ebrb\u00ebr\u00ebsve t\u00eb tjer\u00eb t\u00eb pranish\u00ebm n\u00eb formulim.<br \/>\nShtatz\u00ebnia dhe ushqyerja me gjiN\u00ebse jeni shtatz\u00ebn\u00eb, po planifikoni nj\u00eb shtatz\u00ebni ose ushqeni me gji k\u00ebshillohuni me mjekun tuaj p\u00ebrpara p\u00ebrdorimit t\u00eb Gine Tantum.<br \/>\nN\u00ebse \u00ebsht\u00eb e nevojshme Gine Tantum mund t\u00eb p\u00ebrdoret gjat\u00eb shtatz\u00ebnis\u00eb dhe ushqyerjes me gji.<br \/>\nSi t\u00eb gjith\u00eb medikamentet e tjer\u00eb dhe Gine Tantum mund t\u00eb \u00e7oj\u00eb n\u00eb shfaqjen e efekteve an\u00ebsore, dhe pse jo t\u00eb gjith\u00eb mund ti manifestojn\u00eb ato.<br \/>\nN\u00eb rastet kur p\u00ebrdoret p\u00ebr koh\u00eb t\u00eb gjat\u00eb mund t\u00eb shfaqet irritim n\u00eb l\u00ebkur\u00eb.<br \/>\nN\u00eb k\u00ebt\u00eb rast k\u00ebshillohuni me mjekun tuaj.<br \/>\nP\u00ebrpara p\u00ebrdorimit t\u00eb k\u00ebtij bari lexoni me kujdes flet\u00ebudh\u00ebzuesin e pranish\u00ebm n\u00eb paketim, pasi ai p\u00ebrmban nj\u00eb informacion m\u00eb t\u00eb detajuar.<br \/>\nP\u00ebr \u00e7do paqart\u00ebsi k\u00ebshillohuni me mjekun ose farmacistin tuaj.<\/p>\n","protected":false},"excerpt":{"rendered":"<p>Benzidamin\u00eb p\u00ebr shp\u00eblarje t\u00eb jashtme n\u00eb zon\u00ebs intime<br \/>\nKuti x 10 bustina<\/p>\n","protected":false},"featured_media":177507,"template":"","meta":{"_acf_changed":false},"product_brand":[],"product_cat":[50242,50203,50046,50243],"product_tag":[50451,51065,46539,51498],"giftcard-category":[],"class_list":{"0":"post-430087","1":"product","2":"type-product","3":"status-publish","4":"has-post-thumbnail","6":"product_cat-preparate-lokale-english","7":"product_cat-otc-orale-english","8":"product_cat-detergjente-dhe-lavanda-english","9":"product_cat-preparate-vaginale-english","10":"product_tag-te-rritur-en","11":"product_tag-antibakterial-en","12":"product_tag-detergjent-intim","13":"product_tag-higjiene-intime-en","15":"first","16":"instock","17":"taxable","18":"shipping-taxable","19":"purchasable","20":"product-type-simple"},"bundled_by":[],"bundle_stock_status":"instock","bundle_stock_quantity":34,"bundle_virtual":false,"bundle_layout":"","bundle_add_to_cart_form_location":"","bundle_editable_in_cart":false,"bundle_sold_individually_context":"","bundle_item_grouping":"","bundle_min_size":"","bundle_max_size":"","bundle_price":[],"bundled_items":[],"bundle_sell_ids":[],"acf":[],"yoast_head":"<!-- This site is optimized with the Yoast SEO Premium plugin v23.0 (Yoast SEO v26.0) - https:\/\/yoast.com\/wordpress\/plugins\/seo\/ -->\n<title>Gine Tantum Buste (benzidamina) - Farmaon<\/title>\n<meta name=\"robots\" content=\"index, follow, max-snippet:-1, max-image-preview:large, max-video-preview:-1\" \/>\n<link rel=\"canonical\" href=\"https:\/\/farmaon4.apptirana.al\/en\/produkt\/gine-tantum-buste-benzidamina\/\" \/>\n<meta property=\"og:locale\" content=\"en_US\" \/>\n<meta property=\"og:type\" content=\"article\" \/>\n<meta property=\"og:title\" content=\"Gine Tantum Buste (benzidamina)\" \/>\n<meta property=\"og:description\" content=\"Benzidamin\u00eb p\u00ebr shp\u00eblarje t\u00eb jashtme n\u00eb zon\u00ebs intime Kuti x 10 bustina\" \/>\n<meta property=\"og:url\" content=\"https:\/\/farmaon4.apptirana.al\/en\/produkt\/gine-tantum-buste-benzidamina\/\" \/>\n<meta property=\"og:site_name\" content=\"Farmaon\" \/>\n<meta property=\"article:modified_time\" content=\"2026-04-19T17:47:03+00:00\" \/>\n<meta property=\"og:image\" content=\"https:\/\/farmaon4.apptirana.al\/wp-content\/uploads\/2023\/12\/f2ae2d84-001335.jpg\" \/>\n\t<meta property=\"og:image:width\" content=\"1080\" \/>\n\t<meta property=\"og:image:height\" content=\"1080\" \/>\n\t<meta property=\"og:image:type\" content=\"image\/jpeg\" \/>\n<meta name=\"twitter:card\" content=\"summary_large_image\" \/>\n<meta name=\"twitter:label1\" content=\"Price\" \/>\n\t<meta name=\"twitter:data1\" content=\"688&nbsp;L\" \/>\n\t<meta name=\"twitter:label2\" content=\"Availability\" \/>\n\t<meta name=\"twitter:data2\" content=\"In stock\" \/>\n<script type=\"application\/ld+json\" class=\"yoast-schema-graph\">{\"@context\":\"https:\/\/schema.org\",\"@graph\":[{\"@type\":\"WebPage\",\"@id\":\"https:\/\/farmaon4.apptirana.al\/en\/produkt\/gine-tantum-buste-benzidamina\/\",\"url\":\"https:\/\/farmaon4.apptirana.al\/en\/produkt\/gine-tantum-buste-benzidamina\/\",\"name\":\"Gine Tantum Buste (benzidamina) - Farmaon\",\"isPartOf\":{\"@id\":\"https:\/\/farmaon4.apptirana.al\/#website\"},\"primaryImageOfPage\":{\"@id\":\"https:\/\/farmaon4.apptirana.al\/en\/produkt\/gine-tantum-buste-benzidamina\/#primaryimage\"},\"image\":{\"@id\":\"https:\/\/farmaon4.apptirana.al\/en\/produkt\/gine-tantum-buste-benzidamina\/#primaryimage\"},\"thumbnailUrl\":\"https:\/\/farmaon4.apptirana.al\/wp-content\/uploads\/2023\/12\/f2ae2d84-001335.jpg\",\"datePublished\":\"2024-01-21T23:12:02+00:00\",\"dateModified\":\"2026-04-19T17:47:03+00:00\",\"breadcrumb\":{\"@id\":\"https:\/\/farmaon4.apptirana.al\/en\/produkt\/gine-tantum-buste-benzidamina\/#breadcrumb\"},\"inLanguage\":\"en-US\",\"potentialAction\":[{\"@type\":\"ReadAction\",\"target\":[\"https:\/\/farmaon4.apptirana.al\/en\/produkt\/gine-tantum-buste-benzidamina\/\"]}]},{\"@type\":\"ImageObject\",\"inLanguage\":\"en-US\",\"@id\":\"https:\/\/farmaon4.apptirana.al\/en\/produkt\/gine-tantum-buste-benzidamina\/#primaryimage\",\"url\":\"https:\/\/farmaon4.apptirana.al\/wp-content\/uploads\/2023\/12\/f2ae2d84-001335.jpg\",\"contentUrl\":\"https:\/\/farmaon4.apptirana.al\/wp-content\/uploads\/2023\/12\/f2ae2d84-001335.jpg\",\"width\":1080,\"height\":1080},{\"@type\":\"BreadcrumbList\",\"@id\":\"https:\/\/farmaon4.apptirana.al\/en\/produkt\/gine-tantum-buste-benzidamina\/#breadcrumb\",\"itemListElement\":[{\"@type\":\"ListItem\",\"position\":1,\"name\":\"Home\",\"item\":\"https:\/\/farmaon4.apptirana.al\/en\/\"},{\"@type\":\"ListItem\",\"position\":2,\"name\":\"Shop\",\"item\":\"https:\/\/farmaon4.apptirana.al\/en\/shop-3\/\"},{\"@type\":\"ListItem\",\"position\":3,\"name\":\"Gine Tantum Buste (benzidamina)\"}]},{\"@type\":\"WebSite\",\"@id\":\"https:\/\/farmaon4.apptirana.al\/#website\",\"url\":\"https:\/\/farmaon4.apptirana.al\/\",\"name\":\"Farmaon\",\"description\":\"Farmacia Juaj Online!\",\"publisher\":{\"@id\":\"https:\/\/farmaon4.apptirana.al\/#organization\"},\"potentialAction\":[{\"@type\":\"SearchAction\",\"target\":{\"@type\":\"EntryPoint\",\"urlTemplate\":\"https:\/\/farmaon4.apptirana.al\/?s={search_term_string}\"},\"query-input\":{\"@type\":\"PropertyValueSpecification\",\"valueRequired\":true,\"valueName\":\"search_term_string\"}}],\"inLanguage\":\"en-US\"},{\"@type\":\"Organization\",\"@id\":\"https:\/\/farmaon4.apptirana.al\/#organization\",\"name\":\"Farmaon\",\"url\":\"https:\/\/farmaon4.apptirana.al\/\",\"logo\":{\"@type\":\"ImageObject\",\"inLanguage\":\"en-US\",\"@id\":\"https:\/\/farmaon4.apptirana.al\/#\/schema\/logo\/image\/\",\"url\":\"https:\/\/farmaon4.apptirana.al\/wp-content\/uploads\/2024\/08\/7f987514-logo-farmaon.png\",\"contentUrl\":\"https:\/\/farmaon4.apptirana.al\/wp-content\/uploads\/2024\/08\/7f987514-logo-farmaon.png\",\"width\":219,\"height\":53,\"caption\":\"Farmaon\"},\"image\":{\"@id\":\"https:\/\/farmaon4.apptirana.al\/#\/schema\/logo\/image\/\"}}]}<\/script>\n<meta property=\"product:price:amount\" content=\"688\" \/>\n<meta property=\"product:price:currency\" content=\"ALL\" \/>\n<meta property=\"og:availability\" content=\"instock\" \/>\n<meta property=\"product:availability\" content=\"instock\" \/>\n<meta property=\"product:retailer_item_id\" content=\"F001335\" \/>\n<meta property=\"product:condition\" content=\"new\" \/>\n<!-- \/ Yoast SEO Premium plugin. -->","yoast_head_json":{"title":"Gine Tantum Buste (benzidamina) - Farmaon","robots":{"index":"index","follow":"follow","max-snippet":"max-snippet:-1","max-image-preview":"max-image-preview:large","max-video-preview":"max-video-preview:-1"},"canonical":"https:\/\/farmaon4.apptirana.al\/en\/produkt\/gine-tantum-buste-benzidamina\/","og_locale":"en_US","og_type":"article","og_title":"Gine Tantum Buste (benzidamina)","og_description":"Benzidamin\u00eb p\u00ebr shp\u00eblarje t\u00eb jashtme n\u00eb zon\u00ebs intime Kuti x 10 bustina","og_url":"https:\/\/farmaon4.apptirana.al\/en\/produkt\/gine-tantum-buste-benzidamina\/","og_site_name":"Farmaon","article_modified_time":"2026-04-19T17:47:03+00:00","og_image":[{"width":1080,"height":1080,"url":"https:\/\/farmaon4.apptirana.al\/wp-content\/uploads\/2023\/12\/f2ae2d84-001335.jpg","type":"image\/jpeg"}],"twitter_card":"summary_large_image","twitter_misc":{"Price":"688&nbsp;L","Availability":"In stock"},"schema":{"@context":"https:\/\/schema.org","@graph":[{"@type":"WebPage","@id":"https:\/\/farmaon4.apptirana.al\/en\/produkt\/gine-tantum-buste-benzidamina\/","url":"https:\/\/farmaon4.apptirana.al\/en\/produkt\/gine-tantum-buste-benzidamina\/","name":"Gine Tantum Buste (benzidamina) - Farmaon","isPartOf":{"@id":"https:\/\/farmaon4.apptirana.al\/#website"},"primaryImageOfPage":{"@id":"https:\/\/farmaon4.apptirana.al\/en\/produkt\/gine-tantum-buste-benzidamina\/#primaryimage"},"image":{"@id":"https:\/\/farmaon4.apptirana.al\/en\/produkt\/gine-tantum-buste-benzidamina\/#primaryimage"},"thumbnailUrl":"https:\/\/farmaon4.apptirana.al\/wp-content\/uploads\/2023\/12\/f2ae2d84-001335.jpg","datePublished":"2024-01-21T23:12:02+00:00","dateModified":"2026-04-19T17:47:03+00:00","breadcrumb":{"@id":"https:\/\/farmaon4.apptirana.al\/en\/produkt\/gine-tantum-buste-benzidamina\/#breadcrumb"},"inLanguage":"en-US","potentialAction":[{"@type":"ReadAction","target":["https:\/\/farmaon4.apptirana.al\/en\/produkt\/gine-tantum-buste-benzidamina\/"]}]},{"@type":"ImageObject","inLanguage":"en-US","@id":"https:\/\/farmaon4.apptirana.al\/en\/produkt\/gine-tantum-buste-benzidamina\/#primaryimage","url":"https:\/\/farmaon4.apptirana.al\/wp-content\/uploads\/2023\/12\/f2ae2d84-001335.jpg","contentUrl":"https:\/\/farmaon4.apptirana.al\/wp-content\/uploads\/2023\/12\/f2ae2d84-001335.jpg","width":1080,"height":1080},{"@type":"BreadcrumbList","@id":"https:\/\/farmaon4.apptirana.al\/en\/produkt\/gine-tantum-buste-benzidamina\/#breadcrumb","itemListElement":[{"@type":"ListItem","position":1,"name":"Home","item":"https:\/\/farmaon4.apptirana.al\/en\/"},{"@type":"ListItem","position":2,"name":"Shop","item":"https:\/\/farmaon4.apptirana.al\/en\/shop-3\/"},{"@type":"ListItem","position":3,"name":"Gine Tantum Buste (benzidamina)"}]},{"@type":"WebSite","@id":"https:\/\/farmaon4.apptirana.al\/#website","url":"https:\/\/farmaon4.apptirana.al\/","name":"Farmaon","description":"Farmacia Juaj Online!","publisher":{"@id":"https:\/\/farmaon4.apptirana.al\/#organization"},"potentialAction":[{"@type":"SearchAction","target":{"@type":"EntryPoint","urlTemplate":"https:\/\/farmaon4.apptirana.al\/?s={search_term_string}"},"query-input":{"@type":"PropertyValueSpecification","valueRequired":true,"valueName":"search_term_string"}}],"inLanguage":"en-US"},{"@type":"Organization","@id":"https:\/\/farmaon4.apptirana.al\/#organization","name":"Farmaon","url":"https:\/\/farmaon4.apptirana.al\/","logo":{"@type":"ImageObject","inLanguage":"en-US","@id":"https:\/\/farmaon4.apptirana.al\/#\/schema\/logo\/image\/","url":"https:\/\/farmaon4.apptirana.al\/wp-content\/uploads\/2024\/08\/7f987514-logo-farmaon.png","contentUrl":"https:\/\/farmaon4.apptirana.al\/wp-content\/uploads\/2024\/08\/7f987514-logo-farmaon.png","width":219,"height":53,"caption":"Farmaon"},"image":{"@id":"https:\/\/farmaon4.apptirana.al\/#\/schema\/logo\/image\/"}}]},"product_price_amount":"688","product_price_currency":"ALL","og_availability":"instock","product_availability":"instock","product_retailer_item_id":"F001335","product_condition":"new"},"_links":{"self":[{"href":"https:\/\/farmaon4.apptirana.al\/en\/wp-json\/wp\/v2\/product\/430087","targetHints":{"allow":["GET"]}}],"collection":[{"href":"https:\/\/farmaon4.apptirana.al\/en\/wp-json\/wp\/v2\/product"}],"about":[{"href":"https:\/\/farmaon4.apptirana.al\/en\/wp-json\/wp\/v2\/types\/product"}],"version-history":[{"count":0,"href":"https:\/\/farmaon4.apptirana.al\/en\/wp-json\/wp\/v2\/product\/430087\/revisions"}],"wp:featuredmedia":[{"embeddable":true,"href":"https:\/\/farmaon4.apptirana.al\/en\/wp-json\/wp\/v2\/media\/177507"}],"wp:attachment":[{"href":"https:\/\/farmaon4.apptirana.al\/en\/wp-json\/wp\/v2\/media?parent=430087"}],"wp:term":[{"taxonomy":"product_brand","embeddable":true,"href":"https:\/\/farmaon4.apptirana.al\/en\/wp-json\/wp\/v2\/product_brand?post=430087"},{"taxonomy":"product_cat","embeddable":true,"href":"https:\/\/farmaon4.apptirana.al\/en\/wp-json\/wp\/v2\/product_cat?post=430087"},{"taxonomy":"product_tag","embeddable":true,"href":"https:\/\/farmaon4.apptirana.al\/en\/wp-json\/wp\/v2\/product_tag?post=430087"},{"taxonomy":"giftcard-category","embeddable":true,"href":"https:\/\/farmaon4.apptirana.al\/en\/wp-json\/wp\/v2\/giftcard-category?post=430087"}],"curies":[{"name":"wp","href":"https:\/\/api.w.org\/{rel}","templated":true}]}}