{"id":430100,"date":"2024-01-21T23:12:00","date_gmt":"2024-01-21T23:12:00","guid":{"rendered":"https:\/\/farmaon4.apptirana.al\/product\/reparil-gel-n\/"},"modified":"2026-05-01T05:53:36","modified_gmt":"2026-05-01T04:53:36","slug":"reparil-gel-n","status":"publish","type":"product","link":"https:\/\/farmaon4.apptirana.al\/en\/produkt\/reparil-gel-n\/","title":{"rendered":"Reparil-Gel N"},"content":{"rendered":"<p>Reparil-Gel N Madaus \u00ebsht\u00eb nj\u00eb xhel dekongjestant, anti-inflamator dhe analgjezik.<br \/>\nP\u00ebrdoret p\u00ebr trajtimin simptomatik t\u00eb jasht\u00ebm, afatshkurt\u00ebr t\u00eb dhimbjeve t\u00eb lehta pas traumave akute (p.<br \/>\nsh.<br \/>\n mavijosje, ndrydhje).<br \/>\nN\u00ebse nuk ndiheni m\u00eb mir\u00eb ose n\u00ebse ndiheni m\u00eb keq pas 2 dit\u00ebsh p\u00ebrdorimi, kontaktoni mjekun tuaj.<br \/>\nReparil-Gel N Madaus nuk duhet t\u00eb p\u00ebrdoret:<\/p>\n<p>&#8211; n\u00ebse jeni t\u00eb mbindjesh\u00ebm (alergjik) ndaj salicilatit ose aescin\u00ebs, si dhe D-limonenit, farnesolit dhe linaloolit, p\u00ebrb\u00ebr\u00ebsve t\u00eb vajit t\u00eb livandos, vajit neroli\/vajit t\u00eb luleve t\u00eb portokallit t\u00eb hidhur ose ndonj\u00ebrit prej p\u00ebrb\u00ebr\u00ebsve t\u00eb tjer\u00eb t\u00eb Reparil-Gel N Madaus.<br \/>\n&#8211; n\u00eb plag\u00eb t\u00eb hapura, inflamacione ose infeksione t\u00eb l\u00ebkur\u00ebs, si dhe n\u00eb ekzem\u00eb ose n\u00eb mukoza dhe n\u00eb zonat e l\u00ebkur\u00ebs t\u00eb trajtuara me rrezatim.<br \/>\nShtatz\u00ebnia dhe ushqyerja me gjiNuk ka t\u00eb dh\u00ebna nga p\u00ebrdorimi i Reparil-Gel N Madaus tek grat\u00eb shtatz\u00ebna.<br \/>\n Prandaj, p\u00ebrdorimi i Reparil-Gel N Madaus gjat\u00eb shtatz\u00ebnis\u00eb nuk rekomandohet, n\u00eb ve\u00e7anti, aplikimi n\u00eb zona t\u00eb m\u00ebdha.<br \/>\nNuk dihet n\u00ebse p\u00ebrb\u00ebr\u00ebsit e Reparil-Gel N Madaus ekskretohen n\u00eb qum\u00ebshtin e gjirit t\u00eb njeriut.<br \/>\n Prandaj nuk rekomandohet p\u00ebrdorimi i Reparil-Gel N Madaus gjat\u00eb ushqyerjes me gji.<br \/>\n N\u00eb ve\u00e7anti, p\u00ebrdorimi n\u00eb zon\u00ebn e gjirit duhet t\u00eb shmanget.<br \/>\nN\u00ebse jeni shtatz\u00ebn\u00eb ose ushqeni me gji, mendoni se mund t\u00eb jeni shtatz\u00ebn\u00eb ose po planifikoni nj\u00eb shtatz\u00ebni, pyesni mjekun ose farmacistin tuaj p\u00ebr k\u00ebshilla p\u00ebrpara se t\u00eb p\u00ebrdorni k\u00ebt\u00eb medikament.<br \/>\nEfekte an\u00ebsore shum\u00eb t\u00eb rralla:<\/p>\n<p> tharje e l\u00ebkur\u00ebs, skuqje e l\u00ebkur\u00ebs, eritem\u00eb, inflamacion i l\u00ebkur\u00ebs (dermatit, duke p\u00ebrfshir\u00eb dermatitin e kontaktit), kruarje (pruritus), urtikarie (urtikarie), luspa.<br \/>\nP\u00ebrpara p\u00ebrdorimit t\u00eb k\u00ebtij bari lexoni me kujdes flet\u00ebudh\u00ebzuesin  e pranish\u00ebm n\u00eb paketim, pasi ai p\u00ebrmban nj\u00eb informacion m\u00eb t\u00eb detajuar.<br \/>\nP\u00ebr \u00e7do paqart\u00ebsi k\u00ebshillohuni me mjekun ose farmacistin tuaj.<\/p>\n","protected":false},"excerpt":{"rendered":"<p>Xhel me efekt analgjezik dhe anti-inflamator, p\u00ebr p\u00ebrdorim n\u00eb l\u00ebkur\u00eb.<\/p>\n<p>Tub x 100 g<\/p>\n","protected":false},"featured_media":288512,"template":"","meta":{"_acf_changed":false},"product_brand":[],"product_cat":[50241,50242,50203,56239,50050],"product_tag":[50451,52845,51696],"giftcard-category":[],"class_list":{"0":"post-430100","1":"product","2":"type-product","3":"status-publish","4":"has-post-thumbnail","6":"product_cat-preparate-dermike-english","7":"product_cat-preparate-lokale-english","8":"product_cat-otc-orale-english","9":"product_cat-dhimbje-analgjezike-dhe-antipiretike-otc-orale-farmaci-en","10":"product_cat-dhimbje-dhe-inflamacion-english","11":"product_tag-te-rritur-en","12":"product_tag-dhimbje-en","13":"product_tag-lekure-en","15":"first","16":"instock","17":"taxable","18":"shipping-taxable","19":"purchasable","20":"product-type-simple"},"bundled_by":[],"bundle_stock_status":"instock","bundle_stock_quantity":5,"bundle_virtual":false,"bundle_layout":"","bundle_add_to_cart_form_location":"","bundle_editable_in_cart":false,"bundle_sold_individually_context":"","bundle_item_grouping":"","bundle_min_size":"","bundle_max_size":"","bundle_price":[],"bundled_items":[],"bundle_sell_ids":[],"acf":[],"yoast_head":"<!-- This site is optimized with the Yoast SEO Premium plugin v23.0 (Yoast SEO v26.0) - https:\/\/yoast.com\/wordpress\/plugins\/seo\/ -->\n<title>Reparil-Gel N - Farmaon<\/title>\n<meta name=\"robots\" content=\"index, follow, max-snippet:-1, max-image-preview:large, max-video-preview:-1\" \/>\n<link rel=\"canonical\" href=\"https:\/\/farmaon4.apptirana.al\/en\/produkt\/reparil-gel-n\/\" \/>\n<meta property=\"og:locale\" content=\"en_US\" \/>\n<meta property=\"og:type\" content=\"article\" \/>\n<meta property=\"og:title\" content=\"Reparil-Gel N\" \/>\n<meta property=\"og:description\" content=\"Xhel me efekt analgjezik dhe anti-inflamator, p\u00ebr p\u00ebrdorim n\u00eb l\u00ebkur\u00eb. Tub x 100 g\" \/>\n<meta property=\"og:url\" content=\"https:\/\/farmaon4.apptirana.al\/en\/produkt\/reparil-gel-n\/\" \/>\n<meta property=\"og:site_name\" content=\"Farmaon\" \/>\n<meta property=\"article:modified_time\" content=\"2026-05-01T04:53:36+00:00\" \/>\n<meta property=\"og:image\" content=\"https:\/\/farmaon4.apptirana.al\/wp-content\/uploads\/2023\/12\/6a743e28-3084.jpg\" \/>\n\t<meta property=\"og:image:width\" content=\"1080\" \/>\n\t<meta property=\"og:image:height\" content=\"1080\" \/>\n\t<meta property=\"og:image:type\" content=\"image\/jpeg\" \/>\n<meta name=\"twitter:card\" content=\"summary_large_image\" \/>\n<meta name=\"twitter:label1\" content=\"Price\" \/>\n\t<meta name=\"twitter:data1\" content=\"311&nbsp;L\" \/>\n\t<meta name=\"twitter:label2\" content=\"Availability\" \/>\n\t<meta name=\"twitter:data2\" content=\"In stock\" \/>\n<script type=\"application\/ld+json\" class=\"yoast-schema-graph\">{\"@context\":\"https:\/\/schema.org\",\"@graph\":[{\"@type\":\"WebPage\",\"@id\":\"https:\/\/farmaon4.apptirana.al\/en\/produkt\/reparil-gel-n\/\",\"url\":\"https:\/\/farmaon4.apptirana.al\/en\/produkt\/reparil-gel-n\/\",\"name\":\"Reparil-Gel N - Farmaon\",\"isPartOf\":{\"@id\":\"https:\/\/farmaon4.apptirana.al\/#website\"},\"primaryImageOfPage\":{\"@id\":\"https:\/\/farmaon4.apptirana.al\/en\/produkt\/reparil-gel-n\/#primaryimage\"},\"image\":{\"@id\":\"https:\/\/farmaon4.apptirana.al\/en\/produkt\/reparil-gel-n\/#primaryimage\"},\"thumbnailUrl\":\"https:\/\/farmaon4.apptirana.al\/wp-content\/uploads\/2023\/12\/6a743e28-3084.jpg\",\"datePublished\":\"2024-01-21T23:12:00+00:00\",\"dateModified\":\"2026-05-01T04:53:36+00:00\",\"breadcrumb\":{\"@id\":\"https:\/\/farmaon4.apptirana.al\/en\/produkt\/reparil-gel-n\/#breadcrumb\"},\"inLanguage\":\"en-US\",\"potentialAction\":[{\"@type\":\"ReadAction\",\"target\":[\"https:\/\/farmaon4.apptirana.al\/en\/produkt\/reparil-gel-n\/\"]}]},{\"@type\":\"ImageObject\",\"inLanguage\":\"en-US\",\"@id\":\"https:\/\/farmaon4.apptirana.al\/en\/produkt\/reparil-gel-n\/#primaryimage\",\"url\":\"https:\/\/farmaon4.apptirana.al\/wp-content\/uploads\/2023\/12\/6a743e28-3084.jpg\",\"contentUrl\":\"https:\/\/farmaon4.apptirana.al\/wp-content\/uploads\/2023\/12\/6a743e28-3084.jpg\",\"width\":1080,\"height\":1080},{\"@type\":\"BreadcrumbList\",\"@id\":\"https:\/\/farmaon4.apptirana.al\/en\/produkt\/reparil-gel-n\/#breadcrumb\",\"itemListElement\":[{\"@type\":\"ListItem\",\"position\":1,\"name\":\"Home\",\"item\":\"https:\/\/farmaon4.apptirana.al\/en\/\"},{\"@type\":\"ListItem\",\"position\":2,\"name\":\"Shop\",\"item\":\"https:\/\/farmaon4.apptirana.al\/en\/shop-3\/\"},{\"@type\":\"ListItem\",\"position\":3,\"name\":\"Reparil-Gel N\"}]},{\"@type\":\"WebSite\",\"@id\":\"https:\/\/farmaon4.apptirana.al\/#website\",\"url\":\"https:\/\/farmaon4.apptirana.al\/\",\"name\":\"Farmaon\",\"description\":\"Farmacia Juaj Online!\",\"publisher\":{\"@id\":\"https:\/\/farmaon4.apptirana.al\/#organization\"},\"potentialAction\":[{\"@type\":\"SearchAction\",\"target\":{\"@type\":\"EntryPoint\",\"urlTemplate\":\"https:\/\/farmaon4.apptirana.al\/?s={search_term_string}\"},\"query-input\":{\"@type\":\"PropertyValueSpecification\",\"valueRequired\":true,\"valueName\":\"search_term_string\"}}],\"inLanguage\":\"en-US\"},{\"@type\":\"Organization\",\"@id\":\"https:\/\/farmaon4.apptirana.al\/#organization\",\"name\":\"Farmaon\",\"url\":\"https:\/\/farmaon4.apptirana.al\/\",\"logo\":{\"@type\":\"ImageObject\",\"inLanguage\":\"en-US\",\"@id\":\"https:\/\/farmaon4.apptirana.al\/#\/schema\/logo\/image\/\",\"url\":\"https:\/\/farmaon4.apptirana.al\/wp-content\/uploads\/2024\/08\/7f987514-logo-farmaon.png\",\"contentUrl\":\"https:\/\/farmaon4.apptirana.al\/wp-content\/uploads\/2024\/08\/7f987514-logo-farmaon.png\",\"width\":219,\"height\":53,\"caption\":\"Farmaon\"},\"image\":{\"@id\":\"https:\/\/farmaon4.apptirana.al\/#\/schema\/logo\/image\/\"}}]}<\/script>\n<meta property=\"product:price:amount\" content=\"311\" \/>\n<meta property=\"product:price:currency\" content=\"ALL\" \/>\n<meta property=\"og:availability\" content=\"instock\" \/>\n<meta property=\"product:availability\" content=\"instock\" \/>\n<meta property=\"product:retailer_item_id\" content=\"F003084\" \/>\n<meta property=\"product:condition\" content=\"new\" \/>\n<!-- \/ Yoast SEO Premium plugin. -->","yoast_head_json":{"title":"Reparil-Gel N - Farmaon","robots":{"index":"index","follow":"follow","max-snippet":"max-snippet:-1","max-image-preview":"max-image-preview:large","max-video-preview":"max-video-preview:-1"},"canonical":"https:\/\/farmaon4.apptirana.al\/en\/produkt\/reparil-gel-n\/","og_locale":"en_US","og_type":"article","og_title":"Reparil-Gel N","og_description":"Xhel me efekt analgjezik dhe anti-inflamator, p\u00ebr p\u00ebrdorim n\u00eb l\u00ebkur\u00eb. Tub x 100 g","og_url":"https:\/\/farmaon4.apptirana.al\/en\/produkt\/reparil-gel-n\/","og_site_name":"Farmaon","article_modified_time":"2026-05-01T04:53:36+00:00","og_image":[{"width":1080,"height":1080,"url":"https:\/\/farmaon4.apptirana.al\/wp-content\/uploads\/2023\/12\/6a743e28-3084.jpg","type":"image\/jpeg"}],"twitter_card":"summary_large_image","twitter_misc":{"Price":"311&nbsp;L","Availability":"In stock"},"schema":{"@context":"https:\/\/schema.org","@graph":[{"@type":"WebPage","@id":"https:\/\/farmaon4.apptirana.al\/en\/produkt\/reparil-gel-n\/","url":"https:\/\/farmaon4.apptirana.al\/en\/produkt\/reparil-gel-n\/","name":"Reparil-Gel N - Farmaon","isPartOf":{"@id":"https:\/\/farmaon4.apptirana.al\/#website"},"primaryImageOfPage":{"@id":"https:\/\/farmaon4.apptirana.al\/en\/produkt\/reparil-gel-n\/#primaryimage"},"image":{"@id":"https:\/\/farmaon4.apptirana.al\/en\/produkt\/reparil-gel-n\/#primaryimage"},"thumbnailUrl":"https:\/\/farmaon4.apptirana.al\/wp-content\/uploads\/2023\/12\/6a743e28-3084.jpg","datePublished":"2024-01-21T23:12:00+00:00","dateModified":"2026-05-01T04:53:36+00:00","breadcrumb":{"@id":"https:\/\/farmaon4.apptirana.al\/en\/produkt\/reparil-gel-n\/#breadcrumb"},"inLanguage":"en-US","potentialAction":[{"@type":"ReadAction","target":["https:\/\/farmaon4.apptirana.al\/en\/produkt\/reparil-gel-n\/"]}]},{"@type":"ImageObject","inLanguage":"en-US","@id":"https:\/\/farmaon4.apptirana.al\/en\/produkt\/reparil-gel-n\/#primaryimage","url":"https:\/\/farmaon4.apptirana.al\/wp-content\/uploads\/2023\/12\/6a743e28-3084.jpg","contentUrl":"https:\/\/farmaon4.apptirana.al\/wp-content\/uploads\/2023\/12\/6a743e28-3084.jpg","width":1080,"height":1080},{"@type":"BreadcrumbList","@id":"https:\/\/farmaon4.apptirana.al\/en\/produkt\/reparil-gel-n\/#breadcrumb","itemListElement":[{"@type":"ListItem","position":1,"name":"Home","item":"https:\/\/farmaon4.apptirana.al\/en\/"},{"@type":"ListItem","position":2,"name":"Shop","item":"https:\/\/farmaon4.apptirana.al\/en\/shop-3\/"},{"@type":"ListItem","position":3,"name":"Reparil-Gel N"}]},{"@type":"WebSite","@id":"https:\/\/farmaon4.apptirana.al\/#website","url":"https:\/\/farmaon4.apptirana.al\/","name":"Farmaon","description":"Farmacia Juaj Online!","publisher":{"@id":"https:\/\/farmaon4.apptirana.al\/#organization"},"potentialAction":[{"@type":"SearchAction","target":{"@type":"EntryPoint","urlTemplate":"https:\/\/farmaon4.apptirana.al\/?s={search_term_string}"},"query-input":{"@type":"PropertyValueSpecification","valueRequired":true,"valueName":"search_term_string"}}],"inLanguage":"en-US"},{"@type":"Organization","@id":"https:\/\/farmaon4.apptirana.al\/#organization","name":"Farmaon","url":"https:\/\/farmaon4.apptirana.al\/","logo":{"@type":"ImageObject","inLanguage":"en-US","@id":"https:\/\/farmaon4.apptirana.al\/#\/schema\/logo\/image\/","url":"https:\/\/farmaon4.apptirana.al\/wp-content\/uploads\/2024\/08\/7f987514-logo-farmaon.png","contentUrl":"https:\/\/farmaon4.apptirana.al\/wp-content\/uploads\/2024\/08\/7f987514-logo-farmaon.png","width":219,"height":53,"caption":"Farmaon"},"image":{"@id":"https:\/\/farmaon4.apptirana.al\/#\/schema\/logo\/image\/"}}]},"product_price_amount":"311","product_price_currency":"ALL","og_availability":"instock","product_availability":"instock","product_retailer_item_id":"F003084","product_condition":"new"},"_links":{"self":[{"href":"https:\/\/farmaon4.apptirana.al\/en\/wp-json\/wp\/v2\/product\/430100","targetHints":{"allow":["GET"]}}],"collection":[{"href":"https:\/\/farmaon4.apptirana.al\/en\/wp-json\/wp\/v2\/product"}],"about":[{"href":"https:\/\/farmaon4.apptirana.al\/en\/wp-json\/wp\/v2\/types\/product"}],"version-history":[{"count":0,"href":"https:\/\/farmaon4.apptirana.al\/en\/wp-json\/wp\/v2\/product\/430100\/revisions"}],"wp:featuredmedia":[{"embeddable":true,"href":"https:\/\/farmaon4.apptirana.al\/en\/wp-json\/wp\/v2\/media\/288512"}],"wp:attachment":[{"href":"https:\/\/farmaon4.apptirana.al\/en\/wp-json\/wp\/v2\/media?parent=430100"}],"wp:term":[{"taxonomy":"product_brand","embeddable":true,"href":"https:\/\/farmaon4.apptirana.al\/en\/wp-json\/wp\/v2\/product_brand?post=430100"},{"taxonomy":"product_cat","embeddable":true,"href":"https:\/\/farmaon4.apptirana.al\/en\/wp-json\/wp\/v2\/product_cat?post=430100"},{"taxonomy":"product_tag","embeddable":true,"href":"https:\/\/farmaon4.apptirana.al\/en\/wp-json\/wp\/v2\/product_tag?post=430100"},{"taxonomy":"giftcard-category","embeddable":true,"href":"https:\/\/farmaon4.apptirana.al\/en\/wp-json\/wp\/v2\/giftcard-category?post=430100"}],"curies":[{"name":"wp","href":"https:\/\/api.w.org\/{rel}","templated":true}]}}