{"id":430440,"date":"2024-01-21T23:09:47","date_gmt":"2024-01-21T23:09:47","guid":{"rendered":"https:\/\/farmaon4.apptirana.al\/product\/tanflex-oral-spray-0-15\/"},"modified":"2026-05-01T05:47:45","modified_gmt":"2026-05-01T04:47:45","slug":"tanflex-oral-spray-0-15","status":"publish","type":"product","link":"https:\/\/farmaon4.apptirana.al\/en\/produkt\/tanflex-oral-spray-0-15\/","title":{"rendered":"Tanflex Oral Spray 0.15%"},"content":{"rendered":"<p>Tanflex \u00ebsht\u00eb medikament OTC me efekt anti-inflamator dhe analgjezik lokal.<br \/>\nLeht\u00ebson dhimbjen e lidhur me inflamacionin e fytit, goj\u00ebs dhe gingivave.<br \/>\nTanflex p\u00ebrdoret:<\/p>\n<p>&#8211; p\u00ebr leht\u00ebsimin e gingivitit t\u00eb shoq\u00ebruar me dhimbje n\u00eb goj\u00eb dhe fyt, dhe inflamacion t\u00eb indeve q\u00eb rrethojn\u00eb goj\u00ebn, faringun dhe fytin.<br \/>\n&#8211; p\u00ebr t\u00eb leht\u00ebsuar g\u00eblltitjen dhe simptomat e s\u00ebmundjeve gingivale.<br \/>\n&#8211; p\u00ebr t\u00eb leht\u00ebsuar dhimbjen dhe inflamacionin pas proc\u00e7edurave periodontale.<br \/>\nMos e p\u00ebrdorni Tanflex n\u00ebse keni mbindjeshm\u00ebri ndaj ndonj\u00ebrit prej p\u00ebrb\u00ebr\u00ebsve t\u00eb Tanflex.<br \/>\nShtatz\u00ebnia dhe ushqyerja me gjiMeqen\u00ebse nuk ka studime t\u00eb mjaftueshme, nuk duhet t\u00eb p\u00ebrdoret gjat\u00eb shtatz\u00ebnis\u00eb dhe laktacionit.<br \/>\nEfekte t\u00eb mundshme an\u00ebsoreNdonj\u00ebher\u00eb mund t\u00eb ndodhin reaksione t\u00eb mbindjeshm\u00ebris\u00eb.<br \/>\n K\u00ebto reaksione p\u00ebrfshijn\u00eb simptoma t\u00eb tilla si kruarje, skuqje, urtikarie dhe v\u00ebshtir\u00ebsi n\u00eb frym\u00ebmarrje.<br \/>\nP\u00ebrpara p\u00ebrdorimit t\u00eb k\u00ebtij bari lexoni me kujdes flet\u00ebudh\u00ebzuesin e pranish\u00ebm n\u00eb paketim, pasi ai p\u00ebrmban nj\u00eb informacion m\u00eb t\u00eb detajuar.<br \/>\nP\u00ebr \u00e7do paqart\u00ebsi k\u00ebshillohuni me mjekun ose farmacistin tuaj.<\/p>\n","protected":false},"excerpt":{"rendered":"<p>Spraj oral me efekt anti-inflamator dhe analgjezik (benzidamin\u00eb)<br \/>\n30 fl<\/p>\n","protected":false},"featured_media":179035,"template":"","meta":{"_acf_changed":false},"product_brand":[],"product_cat":[50203],"product_tag":[47740,52845,52159,50606],"giftcard-category":[],"class_list":{"0":"post-430440","1":"product","2":"type-product","3":"status-publish","4":"has-post-thumbnail","6":"product_cat-otc-orale-english","7":"product_tag-fyti","8":"product_tag-dhimbje-en","9":"product_tag-skuqje-en","10":"product_tag-spraj-en","12":"first","13":"instock","14":"taxable","15":"shipping-taxable","16":"purchasable","17":"product-type-simple"},"bundled_by":[],"bundle_stock_status":"instock","bundle_stock_quantity":4,"bundle_virtual":false,"bundle_layout":"","bundle_add_to_cart_form_location":"","bundle_editable_in_cart":false,"bundle_sold_individually_context":"","bundle_item_grouping":"","bundle_min_size":"","bundle_max_size":"","bundle_price":[],"bundled_items":[],"bundle_sell_ids":[],"acf":[],"yoast_head":"<!-- This site is optimized with the Yoast SEO Premium plugin v23.0 (Yoast SEO v26.0) - https:\/\/yoast.com\/wordpress\/plugins\/seo\/ -->\n<title>Tanflex Oral Spray 0.15% - Farmaon<\/title>\n<meta name=\"robots\" content=\"index, follow, max-snippet:-1, max-image-preview:large, max-video-preview:-1\" \/>\n<link rel=\"canonical\" href=\"https:\/\/farmaon4.apptirana.al\/en\/produkt\/tanflex-oral-spray-0-15\/\" \/>\n<meta property=\"og:locale\" content=\"en_US\" \/>\n<meta property=\"og:type\" content=\"article\" \/>\n<meta property=\"og:title\" content=\"Tanflex Oral Spray 0.15%\" \/>\n<meta property=\"og:description\" content=\"Spraj oral me efekt anti-inflamator dhe analgjezik (benzidamin\u00eb) 30 fl\" \/>\n<meta property=\"og:url\" content=\"https:\/\/farmaon4.apptirana.al\/en\/produkt\/tanflex-oral-spray-0-15\/\" \/>\n<meta property=\"og:site_name\" content=\"Farmaon\" \/>\n<meta property=\"article:modified_time\" content=\"2026-05-01T04:47:45+00:00\" \/>\n<meta property=\"og:image\" content=\"https:\/\/farmaon4.apptirana.al\/wp-content\/uploads\/2023\/12\/431ce871-tanflex.jpg\" \/>\n\t<meta property=\"og:image:width\" content=\"781\" \/>\n\t<meta property=\"og:image:height\" content=\"781\" \/>\n\t<meta property=\"og:image:type\" content=\"image\/jpeg\" \/>\n<meta name=\"twitter:card\" content=\"summary_large_image\" \/>\n<meta name=\"twitter:label1\" content=\"Price\" \/>\n\t<meta name=\"twitter:data1\" content=\"446&nbsp;L\" \/>\n\t<meta name=\"twitter:label2\" content=\"Availability\" \/>\n\t<meta name=\"twitter:data2\" content=\"In stock\" \/>\n<script type=\"application\/ld+json\" class=\"yoast-schema-graph\">{\"@context\":\"https:\/\/schema.org\",\"@graph\":[{\"@type\":\"WebPage\",\"@id\":\"https:\/\/farmaon4.apptirana.al\/en\/produkt\/tanflex-oral-spray-0-15\/\",\"url\":\"https:\/\/farmaon4.apptirana.al\/en\/produkt\/tanflex-oral-spray-0-15\/\",\"name\":\"Tanflex Oral Spray 0.15% - Farmaon\",\"isPartOf\":{\"@id\":\"https:\/\/farmaon4.apptirana.al\/#website\"},\"primaryImageOfPage\":{\"@id\":\"https:\/\/farmaon4.apptirana.al\/en\/produkt\/tanflex-oral-spray-0-15\/#primaryimage\"},\"image\":{\"@id\":\"https:\/\/farmaon4.apptirana.al\/en\/produkt\/tanflex-oral-spray-0-15\/#primaryimage\"},\"thumbnailUrl\":\"https:\/\/farmaon4.apptirana.al\/wp-content\/uploads\/2023\/12\/431ce871-tanflex.jpg\",\"datePublished\":\"2024-01-21T23:09:47+00:00\",\"dateModified\":\"2026-05-01T04:47:45+00:00\",\"breadcrumb\":{\"@id\":\"https:\/\/farmaon4.apptirana.al\/en\/produkt\/tanflex-oral-spray-0-15\/#breadcrumb\"},\"inLanguage\":\"en-US\",\"potentialAction\":[{\"@type\":\"ReadAction\",\"target\":[\"https:\/\/farmaon4.apptirana.al\/en\/produkt\/tanflex-oral-spray-0-15\/\"]}]},{\"@type\":\"ImageObject\",\"inLanguage\":\"en-US\",\"@id\":\"https:\/\/farmaon4.apptirana.al\/en\/produkt\/tanflex-oral-spray-0-15\/#primaryimage\",\"url\":\"https:\/\/farmaon4.apptirana.al\/wp-content\/uploads\/2023\/12\/431ce871-tanflex.jpg\",\"contentUrl\":\"https:\/\/farmaon4.apptirana.al\/wp-content\/uploads\/2023\/12\/431ce871-tanflex.jpg\",\"width\":781,\"height\":781},{\"@type\":\"BreadcrumbList\",\"@id\":\"https:\/\/farmaon4.apptirana.al\/en\/produkt\/tanflex-oral-spray-0-15\/#breadcrumb\",\"itemListElement\":[{\"@type\":\"ListItem\",\"position\":1,\"name\":\"Home\",\"item\":\"https:\/\/farmaon4.apptirana.al\/en\/\"},{\"@type\":\"ListItem\",\"position\":2,\"name\":\"Shop\",\"item\":\"https:\/\/farmaon4.apptirana.al\/en\/shop-3\/\"},{\"@type\":\"ListItem\",\"position\":3,\"name\":\"Tanflex Oral Spray 0.15%\"}]},{\"@type\":\"WebSite\",\"@id\":\"https:\/\/farmaon4.apptirana.al\/#website\",\"url\":\"https:\/\/farmaon4.apptirana.al\/\",\"name\":\"Farmaon\",\"description\":\"Farmacia Juaj Online!\",\"publisher\":{\"@id\":\"https:\/\/farmaon4.apptirana.al\/#organization\"},\"potentialAction\":[{\"@type\":\"SearchAction\",\"target\":{\"@type\":\"EntryPoint\",\"urlTemplate\":\"https:\/\/farmaon4.apptirana.al\/?s={search_term_string}\"},\"query-input\":{\"@type\":\"PropertyValueSpecification\",\"valueRequired\":true,\"valueName\":\"search_term_string\"}}],\"inLanguage\":\"en-US\"},{\"@type\":\"Organization\",\"@id\":\"https:\/\/farmaon4.apptirana.al\/#organization\",\"name\":\"Farmaon\",\"url\":\"https:\/\/farmaon4.apptirana.al\/\",\"logo\":{\"@type\":\"ImageObject\",\"inLanguage\":\"en-US\",\"@id\":\"https:\/\/farmaon4.apptirana.al\/#\/schema\/logo\/image\/\",\"url\":\"https:\/\/farmaon4.apptirana.al\/wp-content\/uploads\/2024\/08\/7f987514-logo-farmaon.png\",\"contentUrl\":\"https:\/\/farmaon4.apptirana.al\/wp-content\/uploads\/2024\/08\/7f987514-logo-farmaon.png\",\"width\":219,\"height\":53,\"caption\":\"Farmaon\"},\"image\":{\"@id\":\"https:\/\/farmaon4.apptirana.al\/#\/schema\/logo\/image\/\"}}]}<\/script>\n<meta property=\"product:price:amount\" content=\"446\" \/>\n<meta property=\"product:price:currency\" content=\"ALL\" \/>\n<meta property=\"og:availability\" content=\"instock\" \/>\n<meta property=\"product:availability\" content=\"instock\" \/>\n<meta property=\"product:retailer_item_id\" content=\"F003908\" \/>\n<meta property=\"product:condition\" content=\"new\" \/>\n<!-- \/ Yoast SEO Premium plugin. -->","yoast_head_json":{"title":"Tanflex Oral Spray 0.15% - Farmaon","robots":{"index":"index","follow":"follow","max-snippet":"max-snippet:-1","max-image-preview":"max-image-preview:large","max-video-preview":"max-video-preview:-1"},"canonical":"https:\/\/farmaon4.apptirana.al\/en\/produkt\/tanflex-oral-spray-0-15\/","og_locale":"en_US","og_type":"article","og_title":"Tanflex Oral Spray 0.15%","og_description":"Spraj oral me efekt anti-inflamator dhe analgjezik (benzidamin\u00eb) 30 fl","og_url":"https:\/\/farmaon4.apptirana.al\/en\/produkt\/tanflex-oral-spray-0-15\/","og_site_name":"Farmaon","article_modified_time":"2026-05-01T04:47:45+00:00","og_image":[{"width":781,"height":781,"url":"https:\/\/farmaon4.apptirana.al\/wp-content\/uploads\/2023\/12\/431ce871-tanflex.jpg","type":"image\/jpeg"}],"twitter_card":"summary_large_image","twitter_misc":{"Price":"446&nbsp;L","Availability":"In stock"},"schema":{"@context":"https:\/\/schema.org","@graph":[{"@type":"WebPage","@id":"https:\/\/farmaon4.apptirana.al\/en\/produkt\/tanflex-oral-spray-0-15\/","url":"https:\/\/farmaon4.apptirana.al\/en\/produkt\/tanflex-oral-spray-0-15\/","name":"Tanflex Oral Spray 0.15% - Farmaon","isPartOf":{"@id":"https:\/\/farmaon4.apptirana.al\/#website"},"primaryImageOfPage":{"@id":"https:\/\/farmaon4.apptirana.al\/en\/produkt\/tanflex-oral-spray-0-15\/#primaryimage"},"image":{"@id":"https:\/\/farmaon4.apptirana.al\/en\/produkt\/tanflex-oral-spray-0-15\/#primaryimage"},"thumbnailUrl":"https:\/\/farmaon4.apptirana.al\/wp-content\/uploads\/2023\/12\/431ce871-tanflex.jpg","datePublished":"2024-01-21T23:09:47+00:00","dateModified":"2026-05-01T04:47:45+00:00","breadcrumb":{"@id":"https:\/\/farmaon4.apptirana.al\/en\/produkt\/tanflex-oral-spray-0-15\/#breadcrumb"},"inLanguage":"en-US","potentialAction":[{"@type":"ReadAction","target":["https:\/\/farmaon4.apptirana.al\/en\/produkt\/tanflex-oral-spray-0-15\/"]}]},{"@type":"ImageObject","inLanguage":"en-US","@id":"https:\/\/farmaon4.apptirana.al\/en\/produkt\/tanflex-oral-spray-0-15\/#primaryimage","url":"https:\/\/farmaon4.apptirana.al\/wp-content\/uploads\/2023\/12\/431ce871-tanflex.jpg","contentUrl":"https:\/\/farmaon4.apptirana.al\/wp-content\/uploads\/2023\/12\/431ce871-tanflex.jpg","width":781,"height":781},{"@type":"BreadcrumbList","@id":"https:\/\/farmaon4.apptirana.al\/en\/produkt\/tanflex-oral-spray-0-15\/#breadcrumb","itemListElement":[{"@type":"ListItem","position":1,"name":"Home","item":"https:\/\/farmaon4.apptirana.al\/en\/"},{"@type":"ListItem","position":2,"name":"Shop","item":"https:\/\/farmaon4.apptirana.al\/en\/shop-3\/"},{"@type":"ListItem","position":3,"name":"Tanflex Oral Spray 0.15%"}]},{"@type":"WebSite","@id":"https:\/\/farmaon4.apptirana.al\/#website","url":"https:\/\/farmaon4.apptirana.al\/","name":"Farmaon","description":"Farmacia Juaj Online!","publisher":{"@id":"https:\/\/farmaon4.apptirana.al\/#organization"},"potentialAction":[{"@type":"SearchAction","target":{"@type":"EntryPoint","urlTemplate":"https:\/\/farmaon4.apptirana.al\/?s={search_term_string}"},"query-input":{"@type":"PropertyValueSpecification","valueRequired":true,"valueName":"search_term_string"}}],"inLanguage":"en-US"},{"@type":"Organization","@id":"https:\/\/farmaon4.apptirana.al\/#organization","name":"Farmaon","url":"https:\/\/farmaon4.apptirana.al\/","logo":{"@type":"ImageObject","inLanguage":"en-US","@id":"https:\/\/farmaon4.apptirana.al\/#\/schema\/logo\/image\/","url":"https:\/\/farmaon4.apptirana.al\/wp-content\/uploads\/2024\/08\/7f987514-logo-farmaon.png","contentUrl":"https:\/\/farmaon4.apptirana.al\/wp-content\/uploads\/2024\/08\/7f987514-logo-farmaon.png","width":219,"height":53,"caption":"Farmaon"},"image":{"@id":"https:\/\/farmaon4.apptirana.al\/#\/schema\/logo\/image\/"}}]},"product_price_amount":"446","product_price_currency":"ALL","og_availability":"instock","product_availability":"instock","product_retailer_item_id":"F003908","product_condition":"new"},"_links":{"self":[{"href":"https:\/\/farmaon4.apptirana.al\/en\/wp-json\/wp\/v2\/product\/430440","targetHints":{"allow":["GET"]}}],"collection":[{"href":"https:\/\/farmaon4.apptirana.al\/en\/wp-json\/wp\/v2\/product"}],"about":[{"href":"https:\/\/farmaon4.apptirana.al\/en\/wp-json\/wp\/v2\/types\/product"}],"version-history":[{"count":0,"href":"https:\/\/farmaon4.apptirana.al\/en\/wp-json\/wp\/v2\/product\/430440\/revisions"}],"wp:featuredmedia":[{"embeddable":true,"href":"https:\/\/farmaon4.apptirana.al\/en\/wp-json\/wp\/v2\/media\/179035"}],"wp:attachment":[{"href":"https:\/\/farmaon4.apptirana.al\/en\/wp-json\/wp\/v2\/media?parent=430440"}],"wp:term":[{"taxonomy":"product_brand","embeddable":true,"href":"https:\/\/farmaon4.apptirana.al\/en\/wp-json\/wp\/v2\/product_brand?post=430440"},{"taxonomy":"product_cat","embeddable":true,"href":"https:\/\/farmaon4.apptirana.al\/en\/wp-json\/wp\/v2\/product_cat?post=430440"},{"taxonomy":"product_tag","embeddable":true,"href":"https:\/\/farmaon4.apptirana.al\/en\/wp-json\/wp\/v2\/product_tag?post=430440"},{"taxonomy":"giftcard-category","embeddable":true,"href":"https:\/\/farmaon4.apptirana.al\/en\/wp-json\/wp\/v2\/giftcard-category?post=430440"}],"curies":[{"name":"wp","href":"https:\/\/api.w.org\/{rel}","templated":true}]}}