{"id":430510,"date":"2024-01-21T23:09:17","date_gmt":"2024-01-21T23:09:17","guid":{"rendered":"https:\/\/farmaon4.apptirana.al\/product\/macular-b-forte\/"},"modified":"2026-04-19T16:22:18","modified_gmt":"2026-04-19T15:22:18","slug":"macular-b-forte","status":"publish","type":"product","link":"https:\/\/farmaon4.apptirana.al\/en\/produkt\/macular-b-forte\/","title":{"rendered":"Macular B Forte"},"content":{"rendered":"<p>Suplement ushqimor me acid folik, vitamin\u00eb B2, vitamin\u00eb B6, vitamin\u00eb B12, vitamin\u00eb E, lutein\u00eb, zink, bak\u00ebr, selen dhe ekstrakt nga ginkgo biloba.<br \/>\nJan\u00eb zgjedhur k\u00ebto l\u00ebnd\u00eb vepruese me q\u00ebllim q\u00eb t\u00eb parandalojn\u00eb fenomenet oksiduese t\u00eb radikaleve t\u00eb lira, t\u00eb cilat jan\u00eb baza e pro\u00e7eseve t\u00eb plakjes, vdekjes s\u00eb qelizave dhe d\u00ebmtimit vaskular n\u00eb tru dhe n\u00eb organe t\u00eb tjera.<br \/>\nN\u00eb rastet e nj\u00eb diete ushqimore jo t\u00eb larmishme ose n\u00eb rast t\u00eb problemeve me p\u00ebrthithjen organizmi nuk arrin t\u00eb marr\u00eb sasin\u00eb e duhur t\u00eb k\u00ebtyre element\u00ebve.<br \/>\nRritja e fenomeneve oksidative, ve\u00e7an\u00ebrisht ato q\u00eb lidhen me ndotjen atmosferike, tymin, ekspozimin ndaj rrezeve t\u00eb diellit jan\u00eb shkaku i rritjes s\u00eb patologjive degjenerative q\u00eb prekin disa struktura okulare.<br \/>\nSubstancat e Macular B forte normalizojn\u00eb pro\u00e7eset fiziologjike qelizore:<\/p>\n<p>&#8211; Zinku dhe bakri p\u00ebrfshihen n\u00eb aktivitete t\u00eb shumta enzimatike n\u00eb nivelin e retin\u00ebs dhe jan\u00eb t\u00eb r\u00ebnd\u00ebsish\u00ebm p\u00ebr t\u00eb parandaluar pro\u00e7eset degjenerative q\u00eb ndodhin me mosh\u00ebn.<br \/>\n&#8211; Seleni dhe Vitamina E jan\u00eb antioksidant\u00eb t\u00eb fuqish\u00ebm, thelb\u00ebsor\u00eb p\u00ebr t\u00eb ngadal\u00ebsuar proceset e plakjes qelizore dhe p\u00ebr t\u00eb parandaluar ato degjenerative.<br \/>\n&#8211; Luteina esht\u00eb nj\u00eb ksantofil q\u00eb p\u00ebrqendrohet n\u00eb retin\u00eb, duke u b\u00ebr\u00eb k\u00ebshtu pigmenti i makul\u00ebs, ku kryen veprimin e saj mbrojt\u00ebs n\u00eb strukturat delikate makulare, nga rrezatimi ultravjollc\u00eb.<br \/>\n&#8211; Ginkgo Biloba esht\u00eb nj\u00eb bim\u00eb esktraktet e s\u00eb cil\u00ebs jan\u00eb t\u00eb pasura me flavonoide.<br \/>\n&#8211; Vitaminat B2, B6, B12 dhe acidi folik besohet se kan\u00eb nj\u00eb kontribut t\u00eb vlefsh\u00ebm n\u00eb kontrollin e nivelit t\u00eb homocistein\u00ebs n\u00eb gjak.<br \/>\n Mendohet se k\u00ebto vitamina kan\u00eb dhe efekt antioksidues.<br \/>\nNuk p\u00ebrmban gluten.<br \/>\nSuplementet ushqimore nuk z\u00ebv\u00ebnd\u00ebsojn\u00eb diet\u00ebn ushqimore.<br \/>\n T\u00eb mbahet larg f\u00ebmij\u00ebve.<br \/>\nN\u00ebse jeni shtatz\u00ebn\u00eb, ushqeni me gji ose vuani nga nj\u00eb s\u00ebmundje specifike k\u00ebshillohuni me mjekun tuaj p\u00ebrpara p\u00ebrdorimit t\u00eb k\u00ebtij suplementi.<\/p>\n","protected":false},"excerpt":{"rendered":"<p>Suplement ushqimor q\u00eb p\u00ebrmir\u00ebson shikimin<br \/>\nKuti x 20 tableta<\/p>\n","protected":false},"featured_media":179158,"template":"","meta":{"_acf_changed":false},"product_brand":[],"product_cat":[50038,50286,50299],"product_tag":[50468,50665,56122,50554,50575,50561,50557],"giftcard-category":[],"class_list":{"0":"post-430510","1":"product","2":"type-product","3":"status-publish","4":"has-post-thumbnail","6":"product_cat-degjimi-dhe-shikimi-english","7":"product_cat-sipas-veprimit-english","8":"product_cat-suplemente-english","9":"product_tag-antioksidues-en","10":"product_tag-syte-en","11":"product_tag-minerale-en","12":"product_tag-selen-en","13":"product_tag-shikimi-en","14":"product_tag-vitamina-en","15":"product_tag-zink-en","17":"first","18":"instock","19":"taxable","20":"shipping-taxable","21":"purchasable","22":"product-type-simple"},"bundled_by":[],"bundle_stock_status":"instock","bundle_stock_quantity":2,"bundle_virtual":false,"bundle_layout":"","bundle_add_to_cart_form_location":"","bundle_editable_in_cart":false,"bundle_sold_individually_context":"","bundle_item_grouping":"","bundle_min_size":"","bundle_max_size":"","bundle_price":[],"bundled_items":[],"bundle_sell_ids":[],"acf":[],"yoast_head":"<!-- This site is optimized with the Yoast SEO Premium plugin v23.0 (Yoast SEO v26.0) - https:\/\/yoast.com\/wordpress\/plugins\/seo\/ -->\n<title>Macular B Forte - Farmaon<\/title>\n<meta name=\"robots\" content=\"index, follow, max-snippet:-1, max-image-preview:large, max-video-preview:-1\" \/>\n<link rel=\"canonical\" href=\"https:\/\/farmaon4.apptirana.al\/en\/produkt\/macular-b-forte\/\" \/>\n<meta property=\"og:locale\" content=\"en_US\" \/>\n<meta property=\"og:type\" content=\"article\" \/>\n<meta property=\"og:title\" content=\"Macular B Forte\" \/>\n<meta property=\"og:description\" content=\"Suplement ushqimor q\u00eb p\u00ebrmir\u00ebson shikimin Kuti x 20 tableta\" \/>\n<meta property=\"og:url\" content=\"https:\/\/farmaon4.apptirana.al\/en\/produkt\/macular-b-forte\/\" \/>\n<meta property=\"og:site_name\" content=\"Farmaon\" \/>\n<meta property=\"article:modified_time\" content=\"2026-04-19T15:22:18+00:00\" \/>\n<meta property=\"og:image\" content=\"https:\/\/farmaon4.apptirana.al\/wp-content\/uploads\/2023\/12\/caf2a59c-004219.jpg\" \/>\n\t<meta property=\"og:image:width\" content=\"1080\" \/>\n\t<meta property=\"og:image:height\" content=\"1080\" \/>\n\t<meta property=\"og:image:type\" content=\"image\/jpeg\" \/>\n<meta name=\"twitter:card\" content=\"summary_large_image\" \/>\n<meta name=\"twitter:label1\" content=\"Price\" \/>\n\t<meta name=\"twitter:data1\" content=\"2100&nbsp;L\" \/>\n\t<meta name=\"twitter:label2\" content=\"Availability\" \/>\n\t<meta name=\"twitter:data2\" content=\"In stock\" \/>\n<script type=\"application\/ld+json\" class=\"yoast-schema-graph\">{\"@context\":\"https:\/\/schema.org\",\"@graph\":[{\"@type\":\"WebPage\",\"@id\":\"https:\/\/farmaon4.apptirana.al\/en\/produkt\/macular-b-forte\/\",\"url\":\"https:\/\/farmaon4.apptirana.al\/en\/produkt\/macular-b-forte\/\",\"name\":\"Macular B Forte - Farmaon\",\"isPartOf\":{\"@id\":\"https:\/\/farmaon4.apptirana.al\/#website\"},\"primaryImageOfPage\":{\"@id\":\"https:\/\/farmaon4.apptirana.al\/en\/produkt\/macular-b-forte\/#primaryimage\"},\"image\":{\"@id\":\"https:\/\/farmaon4.apptirana.al\/en\/produkt\/macular-b-forte\/#primaryimage\"},\"thumbnailUrl\":\"https:\/\/farmaon4.apptirana.al\/wp-content\/uploads\/2023\/12\/caf2a59c-004219.jpg\",\"datePublished\":\"2024-01-21T23:09:17+00:00\",\"dateModified\":\"2026-04-19T15:22:18+00:00\",\"breadcrumb\":{\"@id\":\"https:\/\/farmaon4.apptirana.al\/en\/produkt\/macular-b-forte\/#breadcrumb\"},\"inLanguage\":\"en-US\",\"potentialAction\":[{\"@type\":\"ReadAction\",\"target\":[\"https:\/\/farmaon4.apptirana.al\/en\/produkt\/macular-b-forte\/\"]}]},{\"@type\":\"ImageObject\",\"inLanguage\":\"en-US\",\"@id\":\"https:\/\/farmaon4.apptirana.al\/en\/produkt\/macular-b-forte\/#primaryimage\",\"url\":\"https:\/\/farmaon4.apptirana.al\/wp-content\/uploads\/2023\/12\/caf2a59c-004219.jpg\",\"contentUrl\":\"https:\/\/farmaon4.apptirana.al\/wp-content\/uploads\/2023\/12\/caf2a59c-004219.jpg\",\"width\":1080,\"height\":1080},{\"@type\":\"BreadcrumbList\",\"@id\":\"https:\/\/farmaon4.apptirana.al\/en\/produkt\/macular-b-forte\/#breadcrumb\",\"itemListElement\":[{\"@type\":\"ListItem\",\"position\":1,\"name\":\"Home\",\"item\":\"https:\/\/farmaon4.apptirana.al\/en\/\"},{\"@type\":\"ListItem\",\"position\":2,\"name\":\"Shop\",\"item\":\"https:\/\/farmaon4.apptirana.al\/en\/shop-3\/\"},{\"@type\":\"ListItem\",\"position\":3,\"name\":\"Macular B Forte\"}]},{\"@type\":\"WebSite\",\"@id\":\"https:\/\/farmaon4.apptirana.al\/#website\",\"url\":\"https:\/\/farmaon4.apptirana.al\/\",\"name\":\"Farmaon\",\"description\":\"Farmacia Juaj Online!\",\"publisher\":{\"@id\":\"https:\/\/farmaon4.apptirana.al\/#organization\"},\"potentialAction\":[{\"@type\":\"SearchAction\",\"target\":{\"@type\":\"EntryPoint\",\"urlTemplate\":\"https:\/\/farmaon4.apptirana.al\/?s={search_term_string}\"},\"query-input\":{\"@type\":\"PropertyValueSpecification\",\"valueRequired\":true,\"valueName\":\"search_term_string\"}}],\"inLanguage\":\"en-US\"},{\"@type\":\"Organization\",\"@id\":\"https:\/\/farmaon4.apptirana.al\/#organization\",\"name\":\"Farmaon\",\"url\":\"https:\/\/farmaon4.apptirana.al\/\",\"logo\":{\"@type\":\"ImageObject\",\"inLanguage\":\"en-US\",\"@id\":\"https:\/\/farmaon4.apptirana.al\/#\/schema\/logo\/image\/\",\"url\":\"https:\/\/farmaon4.apptirana.al\/wp-content\/uploads\/2024\/08\/7f987514-logo-farmaon.png\",\"contentUrl\":\"https:\/\/farmaon4.apptirana.al\/wp-content\/uploads\/2024\/08\/7f987514-logo-farmaon.png\",\"width\":219,\"height\":53,\"caption\":\"Farmaon\"},\"image\":{\"@id\":\"https:\/\/farmaon4.apptirana.al\/#\/schema\/logo\/image\/\"}}]}<\/script>\n<meta property=\"product:price:amount\" content=\"2100\" \/>\n<meta property=\"product:price:currency\" content=\"ALL\" \/>\n<meta property=\"og:availability\" content=\"instock\" \/>\n<meta property=\"product:availability\" content=\"instock\" \/>\n<meta property=\"product:retailer_item_id\" content=\"F004219\" \/>\n<meta property=\"product:condition\" content=\"new\" \/>\n<!-- \/ Yoast SEO Premium plugin. -->","yoast_head_json":{"title":"Macular B Forte - Farmaon","robots":{"index":"index","follow":"follow","max-snippet":"max-snippet:-1","max-image-preview":"max-image-preview:large","max-video-preview":"max-video-preview:-1"},"canonical":"https:\/\/farmaon4.apptirana.al\/en\/produkt\/macular-b-forte\/","og_locale":"en_US","og_type":"article","og_title":"Macular B Forte","og_description":"Suplement ushqimor q\u00eb p\u00ebrmir\u00ebson shikimin Kuti x 20 tableta","og_url":"https:\/\/farmaon4.apptirana.al\/en\/produkt\/macular-b-forte\/","og_site_name":"Farmaon","article_modified_time":"2026-04-19T15:22:18+00:00","og_image":[{"width":1080,"height":1080,"url":"https:\/\/farmaon4.apptirana.al\/wp-content\/uploads\/2023\/12\/caf2a59c-004219.jpg","type":"image\/jpeg"}],"twitter_card":"summary_large_image","twitter_misc":{"Price":"2100&nbsp;L","Availability":"In stock"},"schema":{"@context":"https:\/\/schema.org","@graph":[{"@type":"WebPage","@id":"https:\/\/farmaon4.apptirana.al\/en\/produkt\/macular-b-forte\/","url":"https:\/\/farmaon4.apptirana.al\/en\/produkt\/macular-b-forte\/","name":"Macular B Forte - Farmaon","isPartOf":{"@id":"https:\/\/farmaon4.apptirana.al\/#website"},"primaryImageOfPage":{"@id":"https:\/\/farmaon4.apptirana.al\/en\/produkt\/macular-b-forte\/#primaryimage"},"image":{"@id":"https:\/\/farmaon4.apptirana.al\/en\/produkt\/macular-b-forte\/#primaryimage"},"thumbnailUrl":"https:\/\/farmaon4.apptirana.al\/wp-content\/uploads\/2023\/12\/caf2a59c-004219.jpg","datePublished":"2024-01-21T23:09:17+00:00","dateModified":"2026-04-19T15:22:18+00:00","breadcrumb":{"@id":"https:\/\/farmaon4.apptirana.al\/en\/produkt\/macular-b-forte\/#breadcrumb"},"inLanguage":"en-US","potentialAction":[{"@type":"ReadAction","target":["https:\/\/farmaon4.apptirana.al\/en\/produkt\/macular-b-forte\/"]}]},{"@type":"ImageObject","inLanguage":"en-US","@id":"https:\/\/farmaon4.apptirana.al\/en\/produkt\/macular-b-forte\/#primaryimage","url":"https:\/\/farmaon4.apptirana.al\/wp-content\/uploads\/2023\/12\/caf2a59c-004219.jpg","contentUrl":"https:\/\/farmaon4.apptirana.al\/wp-content\/uploads\/2023\/12\/caf2a59c-004219.jpg","width":1080,"height":1080},{"@type":"BreadcrumbList","@id":"https:\/\/farmaon4.apptirana.al\/en\/produkt\/macular-b-forte\/#breadcrumb","itemListElement":[{"@type":"ListItem","position":1,"name":"Home","item":"https:\/\/farmaon4.apptirana.al\/en\/"},{"@type":"ListItem","position":2,"name":"Shop","item":"https:\/\/farmaon4.apptirana.al\/en\/shop-3\/"},{"@type":"ListItem","position":3,"name":"Macular B Forte"}]},{"@type":"WebSite","@id":"https:\/\/farmaon4.apptirana.al\/#website","url":"https:\/\/farmaon4.apptirana.al\/","name":"Farmaon","description":"Farmacia Juaj Online!","publisher":{"@id":"https:\/\/farmaon4.apptirana.al\/#organization"},"potentialAction":[{"@type":"SearchAction","target":{"@type":"EntryPoint","urlTemplate":"https:\/\/farmaon4.apptirana.al\/?s={search_term_string}"},"query-input":{"@type":"PropertyValueSpecification","valueRequired":true,"valueName":"search_term_string"}}],"inLanguage":"en-US"},{"@type":"Organization","@id":"https:\/\/farmaon4.apptirana.al\/#organization","name":"Farmaon","url":"https:\/\/farmaon4.apptirana.al\/","logo":{"@type":"ImageObject","inLanguage":"en-US","@id":"https:\/\/farmaon4.apptirana.al\/#\/schema\/logo\/image\/","url":"https:\/\/farmaon4.apptirana.al\/wp-content\/uploads\/2024\/08\/7f987514-logo-farmaon.png","contentUrl":"https:\/\/farmaon4.apptirana.al\/wp-content\/uploads\/2024\/08\/7f987514-logo-farmaon.png","width":219,"height":53,"caption":"Farmaon"},"image":{"@id":"https:\/\/farmaon4.apptirana.al\/#\/schema\/logo\/image\/"}}]},"product_price_amount":"2100","product_price_currency":"ALL","og_availability":"instock","product_availability":"instock","product_retailer_item_id":"F004219","product_condition":"new"},"_links":{"self":[{"href":"https:\/\/farmaon4.apptirana.al\/en\/wp-json\/wp\/v2\/product\/430510","targetHints":{"allow":["GET"]}}],"collection":[{"href":"https:\/\/farmaon4.apptirana.al\/en\/wp-json\/wp\/v2\/product"}],"about":[{"href":"https:\/\/farmaon4.apptirana.al\/en\/wp-json\/wp\/v2\/types\/product"}],"version-history":[{"count":0,"href":"https:\/\/farmaon4.apptirana.al\/en\/wp-json\/wp\/v2\/product\/430510\/revisions"}],"wp:featuredmedia":[{"embeddable":true,"href":"https:\/\/farmaon4.apptirana.al\/en\/wp-json\/wp\/v2\/media\/179158"}],"wp:attachment":[{"href":"https:\/\/farmaon4.apptirana.al\/en\/wp-json\/wp\/v2\/media?parent=430510"}],"wp:term":[{"taxonomy":"product_brand","embeddable":true,"href":"https:\/\/farmaon4.apptirana.al\/en\/wp-json\/wp\/v2\/product_brand?post=430510"},{"taxonomy":"product_cat","embeddable":true,"href":"https:\/\/farmaon4.apptirana.al\/en\/wp-json\/wp\/v2\/product_cat?post=430510"},{"taxonomy":"product_tag","embeddable":true,"href":"https:\/\/farmaon4.apptirana.al\/en\/wp-json\/wp\/v2\/product_tag?post=430510"},{"taxonomy":"giftcard-category","embeddable":true,"href":"https:\/\/farmaon4.apptirana.al\/en\/wp-json\/wp\/v2\/giftcard-category?post=430510"}],"curies":[{"name":"wp","href":"https:\/\/api.w.org\/{rel}","templated":true}]}}