{"id":430532,"date":"2024-01-21T23:09:14","date_gmt":"2024-01-21T23:09:14","guid":{"rendered":"https:\/\/farmaon4.apptirana.al\/product\/mycocur-1-cream-terbinafine\/"},"modified":"2026-04-07T09:48:49","modified_gmt":"2026-04-07T08:48:49","slug":"mycocur-1-cream-terbinafine","status":"publish","type":"product","link":"https:\/\/farmaon4.apptirana.al\/en\/produkt\/mycocur-1-cream-terbinafine\/","title":{"rendered":"Mycocur 1% Cream (terbinafin\u00eb)"},"content":{"rendered":"<p>Mycocur Spray p\u00ebrmban klorhidrat terbinafine, me veprim anti-mykotik.<br \/>\nIndikimetInfeksionet sip\u00ebrfaq\u00ebsore t\u00eb shkaktuara nga:<\/p>\n<p>&#8211; shtame t\u00eb ndryshme Tricophyton;<br \/>\n&#8211; Epidermophyton floccosum;<br \/>\n&#8211; tinea pedis.<br \/>\nKund\u00ebrindikohet n\u00eb individ\u00eb q\u00eb kan\u00eb mbindjeshm\u00ebri t\u00eb njohur ndaj terbinafin\u00ebs ose ndonj\u00ebrit prej p\u00ebrb\u00ebr\u00ebsve t\u00eb tjer\u00eb t\u00eb pranish\u00ebm n\u00eb formulim.<br \/>\nShtatz\u00ebnia dhe ushqyerja me gjiTrajtimi me Mycocur spraj nuk \u00ebsht\u00eb i rekomanduar te n\u00ebnat q\u00eb ushqejn\u00eb me qum\u00ebsht gjiri.<br \/>\nMund t\u00eb p\u00ebrdoret gjat\u00eb shtatz\u00ebnis\u00eb vet\u00ebm kur rekomandohet nga mjeku n\u00eb raste me indikime tep\u00ebr t\u00eb qarta.<br \/>\nEfekte an\u00ebsore t\u00eb mundshme:<\/p>\n<p>&#8211; djegie ose irritim n\u00eb vendin e aplikimit;<br \/>\n&#8211; kruarje;<br \/>\n&#8211; eritema;<br \/>\n&#8211; edema.<br \/>\nP\u00ebrpara p\u00ebrdorimit t\u00eb k\u00ebtij bari lexoni me kujdes flet\u00ebudh\u00ebzuesin  e pranish\u00ebm n\u00eb paketim, pasi ai p\u00ebrmban nj\u00eb informacion m\u00eb t\u00eb detajuar.<br \/>\nP\u00ebr \u00e7do paqart\u00ebsi k\u00ebshillohuni me mjekun ose farmacistin tuaj.<\/p>\n","protected":false},"excerpt":{"rendered":"<p>Krem me veprim anti-mykotik<br \/>\n15 g<\/p>\n","protected":false},"featured_media":179519,"template":"","meta":{"_acf_changed":false},"product_brand":[],"product_cat":[49997,50241,50242,50203],"product_tag":[55481,47264,57951,51696],"giftcard-category":[],"class_list":{"0":"post-430532","1":"product","2":"type-product","3":"status-publish","4":"has-post-thumbnail","6":"product_cat-antimykotike-english","7":"product_cat-preparate-dermike-english","8":"product_cat-preparate-lokale-english","9":"product_cat-otc-orale-english","10":"product_tag-cream-en","11":"product_tag-myk","12":"product_tag-myk-en","13":"product_tag-lekure-en","15":"first","16":"instock","17":"taxable","18":"shipping-taxable","19":"purchasable","20":"product-type-simple"},"bundled_by":[],"bundle_stock_status":"instock","bundle_stock_quantity":12,"bundle_virtual":false,"bundle_layout":"","bundle_add_to_cart_form_location":"","bundle_editable_in_cart":false,"bundle_sold_individually_context":"","bundle_item_grouping":"","bundle_min_size":"","bundle_max_size":"","bundle_price":[],"bundled_items":[],"bundle_sell_ids":[],"acf":[],"yoast_head":"<!-- This site is optimized with the Yoast SEO Premium plugin v23.0 (Yoast SEO v26.0) - https:\/\/yoast.com\/wordpress\/plugins\/seo\/ -->\n<title>Mycocur 1% Cream (terbinafin\u00eb) - Farmaon<\/title>\n<meta name=\"robots\" content=\"index, follow, max-snippet:-1, max-image-preview:large, max-video-preview:-1\" \/>\n<link rel=\"canonical\" href=\"https:\/\/farmaon4.apptirana.al\/en\/produkt\/mycocur-1-cream-terbinafine\/\" \/>\n<meta property=\"og:locale\" content=\"en_US\" \/>\n<meta property=\"og:type\" content=\"article\" \/>\n<meta property=\"og:title\" content=\"Mycocur 1% Cream (terbinafin\u00eb)\" \/>\n<meta property=\"og:description\" content=\"Krem me veprim anti-mykotik 15 g\" \/>\n<meta property=\"og:url\" content=\"https:\/\/farmaon4.apptirana.al\/en\/produkt\/mycocur-1-cream-terbinafine\/\" \/>\n<meta property=\"og:site_name\" content=\"Farmaon\" \/>\n<meta property=\"article:modified_time\" content=\"2026-04-07T08:48:49+00:00\" \/>\n<meta property=\"og:image\" content=\"https:\/\/farmaon4.apptirana.al\/wp-content\/uploads\/2023\/12\/aee270cc-000157.jpg\" \/>\n\t<meta property=\"og:image:width\" content=\"1080\" \/>\n\t<meta property=\"og:image:height\" content=\"1080\" \/>\n\t<meta property=\"og:image:type\" content=\"image\/jpeg\" \/>\n<meta name=\"twitter:card\" content=\"summary_large_image\" \/>\n<meta name=\"twitter:label1\" content=\"Price\" \/>\n\t<meta name=\"twitter:data1\" content=\"247&nbsp;L\" \/>\n\t<meta name=\"twitter:label2\" content=\"Availability\" \/>\n\t<meta name=\"twitter:data2\" content=\"In stock\" \/>\n<script type=\"application\/ld+json\" class=\"yoast-schema-graph\">{\"@context\":\"https:\/\/schema.org\",\"@graph\":[{\"@type\":\"WebPage\",\"@id\":\"https:\/\/farmaon4.apptirana.al\/en\/produkt\/mycocur-1-cream-terbinafine\/\",\"url\":\"https:\/\/farmaon4.apptirana.al\/en\/produkt\/mycocur-1-cream-terbinafine\/\",\"name\":\"Mycocur 1% Cream (terbinafin\u00eb) - Farmaon\",\"isPartOf\":{\"@id\":\"https:\/\/farmaon4.apptirana.al\/#website\"},\"primaryImageOfPage\":{\"@id\":\"https:\/\/farmaon4.apptirana.al\/en\/produkt\/mycocur-1-cream-terbinafine\/#primaryimage\"},\"image\":{\"@id\":\"https:\/\/farmaon4.apptirana.al\/en\/produkt\/mycocur-1-cream-terbinafine\/#primaryimage\"},\"thumbnailUrl\":\"https:\/\/farmaon4.apptirana.al\/wp-content\/uploads\/2023\/12\/aee270cc-000157.jpg\",\"datePublished\":\"2024-01-21T23:09:14+00:00\",\"dateModified\":\"2026-04-07T08:48:49+00:00\",\"breadcrumb\":{\"@id\":\"https:\/\/farmaon4.apptirana.al\/en\/produkt\/mycocur-1-cream-terbinafine\/#breadcrumb\"},\"inLanguage\":\"en-US\",\"potentialAction\":[{\"@type\":\"ReadAction\",\"target\":[\"https:\/\/farmaon4.apptirana.al\/en\/produkt\/mycocur-1-cream-terbinafine\/\"]}]},{\"@type\":\"ImageObject\",\"inLanguage\":\"en-US\",\"@id\":\"https:\/\/farmaon4.apptirana.al\/en\/produkt\/mycocur-1-cream-terbinafine\/#primaryimage\",\"url\":\"https:\/\/farmaon4.apptirana.al\/wp-content\/uploads\/2023\/12\/aee270cc-000157.jpg\",\"contentUrl\":\"https:\/\/farmaon4.apptirana.al\/wp-content\/uploads\/2023\/12\/aee270cc-000157.jpg\",\"width\":1080,\"height\":1080},{\"@type\":\"BreadcrumbList\",\"@id\":\"https:\/\/farmaon4.apptirana.al\/en\/produkt\/mycocur-1-cream-terbinafine\/#breadcrumb\",\"itemListElement\":[{\"@type\":\"ListItem\",\"position\":1,\"name\":\"Home\",\"item\":\"https:\/\/farmaon4.apptirana.al\/en\/\"},{\"@type\":\"ListItem\",\"position\":2,\"name\":\"Shop\",\"item\":\"https:\/\/farmaon4.apptirana.al\/en\/shop-3\/\"},{\"@type\":\"ListItem\",\"position\":3,\"name\":\"Mycocur 1% Cream (terbinafin\u00eb)\"}]},{\"@type\":\"WebSite\",\"@id\":\"https:\/\/farmaon4.apptirana.al\/#website\",\"url\":\"https:\/\/farmaon4.apptirana.al\/\",\"name\":\"Farmaon\",\"description\":\"Farmacia Juaj Online!\",\"publisher\":{\"@id\":\"https:\/\/farmaon4.apptirana.al\/#organization\"},\"potentialAction\":[{\"@type\":\"SearchAction\",\"target\":{\"@type\":\"EntryPoint\",\"urlTemplate\":\"https:\/\/farmaon4.apptirana.al\/?s={search_term_string}\"},\"query-input\":{\"@type\":\"PropertyValueSpecification\",\"valueRequired\":true,\"valueName\":\"search_term_string\"}}],\"inLanguage\":\"en-US\"},{\"@type\":\"Organization\",\"@id\":\"https:\/\/farmaon4.apptirana.al\/#organization\",\"name\":\"Farmaon\",\"url\":\"https:\/\/farmaon4.apptirana.al\/\",\"logo\":{\"@type\":\"ImageObject\",\"inLanguage\":\"en-US\",\"@id\":\"https:\/\/farmaon4.apptirana.al\/#\/schema\/logo\/image\/\",\"url\":\"https:\/\/farmaon4.apptirana.al\/wp-content\/uploads\/2024\/08\/7f987514-logo-farmaon.png\",\"contentUrl\":\"https:\/\/farmaon4.apptirana.al\/wp-content\/uploads\/2024\/08\/7f987514-logo-farmaon.png\",\"width\":219,\"height\":53,\"caption\":\"Farmaon\"},\"image\":{\"@id\":\"https:\/\/farmaon4.apptirana.al\/#\/schema\/logo\/image\/\"}}]}<\/script>\n<meta property=\"product:price:amount\" content=\"247\" \/>\n<meta property=\"product:price:currency\" content=\"ALL\" \/>\n<meta property=\"og:availability\" content=\"instock\" \/>\n<meta property=\"product:availability\" content=\"instock\" \/>\n<meta property=\"product:retailer_item_id\" content=\"F000157\" \/>\n<meta property=\"product:condition\" content=\"new\" \/>\n<!-- \/ Yoast SEO Premium plugin. -->","yoast_head_json":{"title":"Mycocur 1% Cream (terbinafin\u00eb) - Farmaon","robots":{"index":"index","follow":"follow","max-snippet":"max-snippet:-1","max-image-preview":"max-image-preview:large","max-video-preview":"max-video-preview:-1"},"canonical":"https:\/\/farmaon4.apptirana.al\/en\/produkt\/mycocur-1-cream-terbinafine\/","og_locale":"en_US","og_type":"article","og_title":"Mycocur 1% Cream (terbinafin\u00eb)","og_description":"Krem me veprim anti-mykotik 15 g","og_url":"https:\/\/farmaon4.apptirana.al\/en\/produkt\/mycocur-1-cream-terbinafine\/","og_site_name":"Farmaon","article_modified_time":"2026-04-07T08:48:49+00:00","og_image":[{"width":1080,"height":1080,"url":"https:\/\/farmaon4.apptirana.al\/wp-content\/uploads\/2023\/12\/aee270cc-000157.jpg","type":"image\/jpeg"}],"twitter_card":"summary_large_image","twitter_misc":{"Price":"247&nbsp;L","Availability":"In stock"},"schema":{"@context":"https:\/\/schema.org","@graph":[{"@type":"WebPage","@id":"https:\/\/farmaon4.apptirana.al\/en\/produkt\/mycocur-1-cream-terbinafine\/","url":"https:\/\/farmaon4.apptirana.al\/en\/produkt\/mycocur-1-cream-terbinafine\/","name":"Mycocur 1% Cream (terbinafin\u00eb) - Farmaon","isPartOf":{"@id":"https:\/\/farmaon4.apptirana.al\/#website"},"primaryImageOfPage":{"@id":"https:\/\/farmaon4.apptirana.al\/en\/produkt\/mycocur-1-cream-terbinafine\/#primaryimage"},"image":{"@id":"https:\/\/farmaon4.apptirana.al\/en\/produkt\/mycocur-1-cream-terbinafine\/#primaryimage"},"thumbnailUrl":"https:\/\/farmaon4.apptirana.al\/wp-content\/uploads\/2023\/12\/aee270cc-000157.jpg","datePublished":"2024-01-21T23:09:14+00:00","dateModified":"2026-04-07T08:48:49+00:00","breadcrumb":{"@id":"https:\/\/farmaon4.apptirana.al\/en\/produkt\/mycocur-1-cream-terbinafine\/#breadcrumb"},"inLanguage":"en-US","potentialAction":[{"@type":"ReadAction","target":["https:\/\/farmaon4.apptirana.al\/en\/produkt\/mycocur-1-cream-terbinafine\/"]}]},{"@type":"ImageObject","inLanguage":"en-US","@id":"https:\/\/farmaon4.apptirana.al\/en\/produkt\/mycocur-1-cream-terbinafine\/#primaryimage","url":"https:\/\/farmaon4.apptirana.al\/wp-content\/uploads\/2023\/12\/aee270cc-000157.jpg","contentUrl":"https:\/\/farmaon4.apptirana.al\/wp-content\/uploads\/2023\/12\/aee270cc-000157.jpg","width":1080,"height":1080},{"@type":"BreadcrumbList","@id":"https:\/\/farmaon4.apptirana.al\/en\/produkt\/mycocur-1-cream-terbinafine\/#breadcrumb","itemListElement":[{"@type":"ListItem","position":1,"name":"Home","item":"https:\/\/farmaon4.apptirana.al\/en\/"},{"@type":"ListItem","position":2,"name":"Shop","item":"https:\/\/farmaon4.apptirana.al\/en\/shop-3\/"},{"@type":"ListItem","position":3,"name":"Mycocur 1% Cream (terbinafin\u00eb)"}]},{"@type":"WebSite","@id":"https:\/\/farmaon4.apptirana.al\/#website","url":"https:\/\/farmaon4.apptirana.al\/","name":"Farmaon","description":"Farmacia Juaj Online!","publisher":{"@id":"https:\/\/farmaon4.apptirana.al\/#organization"},"potentialAction":[{"@type":"SearchAction","target":{"@type":"EntryPoint","urlTemplate":"https:\/\/farmaon4.apptirana.al\/?s={search_term_string}"},"query-input":{"@type":"PropertyValueSpecification","valueRequired":true,"valueName":"search_term_string"}}],"inLanguage":"en-US"},{"@type":"Organization","@id":"https:\/\/farmaon4.apptirana.al\/#organization","name":"Farmaon","url":"https:\/\/farmaon4.apptirana.al\/","logo":{"@type":"ImageObject","inLanguage":"en-US","@id":"https:\/\/farmaon4.apptirana.al\/#\/schema\/logo\/image\/","url":"https:\/\/farmaon4.apptirana.al\/wp-content\/uploads\/2024\/08\/7f987514-logo-farmaon.png","contentUrl":"https:\/\/farmaon4.apptirana.al\/wp-content\/uploads\/2024\/08\/7f987514-logo-farmaon.png","width":219,"height":53,"caption":"Farmaon"},"image":{"@id":"https:\/\/farmaon4.apptirana.al\/#\/schema\/logo\/image\/"}}]},"product_price_amount":"247","product_price_currency":"ALL","og_availability":"instock","product_availability":"instock","product_retailer_item_id":"F000157","product_condition":"new"},"_links":{"self":[{"href":"https:\/\/farmaon4.apptirana.al\/en\/wp-json\/wp\/v2\/product\/430532","targetHints":{"allow":["GET"]}}],"collection":[{"href":"https:\/\/farmaon4.apptirana.al\/en\/wp-json\/wp\/v2\/product"}],"about":[{"href":"https:\/\/farmaon4.apptirana.al\/en\/wp-json\/wp\/v2\/types\/product"}],"version-history":[{"count":0,"href":"https:\/\/farmaon4.apptirana.al\/en\/wp-json\/wp\/v2\/product\/430532\/revisions"}],"wp:featuredmedia":[{"embeddable":true,"href":"https:\/\/farmaon4.apptirana.al\/en\/wp-json\/wp\/v2\/media\/179519"}],"wp:attachment":[{"href":"https:\/\/farmaon4.apptirana.al\/en\/wp-json\/wp\/v2\/media?parent=430532"}],"wp:term":[{"taxonomy":"product_brand","embeddable":true,"href":"https:\/\/farmaon4.apptirana.al\/en\/wp-json\/wp\/v2\/product_brand?post=430532"},{"taxonomy":"product_cat","embeddable":true,"href":"https:\/\/farmaon4.apptirana.al\/en\/wp-json\/wp\/v2\/product_cat?post=430532"},{"taxonomy":"product_tag","embeddable":true,"href":"https:\/\/farmaon4.apptirana.al\/en\/wp-json\/wp\/v2\/product_tag?post=430532"},{"taxonomy":"giftcard-category","embeddable":true,"href":"https:\/\/farmaon4.apptirana.al\/en\/wp-json\/wp\/v2\/giftcard-category?post=430532"}],"curies":[{"name":"wp","href":"https:\/\/api.w.org\/{rel}","templated":true}]}}