{"id":430545,"date":"2024-01-21T23:09:05","date_gmt":"2024-01-21T23:09:05","guid":{"rendered":"https:\/\/farmaon4.apptirana.al\/product\/hydrocutan-ointment-1\/"},"modified":"2026-04-22T07:27:05","modified_gmt":"2026-04-22T06:27:05","slug":"hydrocutan-ointment-1","status":"publish","type":"product","link":"https:\/\/farmaon4.apptirana.al\/en\/produkt\/hydrocutan-ointment-1\/","title":{"rendered":"Hydrocutan Ointment 1%"},"content":{"rendered":"<p>Pomada 1% Hydrocutan ka n\u00eb p\u00ebrmbajtje hidrokortizon.<br \/>\nP\u00ebrdoret n\u00eb trajtimin e s\u00ebmundjeve inflamatore t\u00eb l\u00ebkur\u00ebs, n\u00eb t\u00eb cilat indikohet p\u00ebrdorimi topik i glukokortikoid\u00ebve me veprim t\u00eb dob\u00ebt.<br \/>\nHydrocutan nuk duhet t\u00eb p\u00ebrdoret n\u00eb:<\/p>\n<p>&#8211; mbindjeshm\u00ebri ndaj ndonj\u00ebrit prej p\u00ebrb\u00ebr\u00ebsve t\u00eb pranish\u00ebm n\u00eb formulim;<br \/>\n&#8211; infeksione nga herpes simpleks;<br \/>\n&#8211; s\u00ebmundjen e lis\u00eb;<br \/>\n&#8211; reaksione nga vaksinimi;<br \/>\n&#8211; mykoza;<br \/>\n&#8211; pro\u00e7ese bakteriale n\u00eb l\u00ebkur\u00eb;<br \/>\n&#8211; rozace;<br \/>\n&#8211; dermatit perioral.<br \/>\nShtatz\u00ebnia dhe ushqyerja me gjiNuk ka t\u00eb dh\u00ebna p\u00ebr p\u00ebrdorimin e hydrocutan te grat\u00eb shtatz\u00ebna.<br \/>\nHydrocutan mund t\u00eb p\u00ebrdoret gjat\u00eb shtatz\u00ebnis\u00eb vet\u00ebm n\u00eb raste specifike kur mjeku e gjykon t\u00eb arsyeshme.<br \/>\nHydrocutan nuk duhet t\u00eb p\u00ebrdoret gjat\u00eb ushqyerjes me gji.<br \/>\nEfekte t\u00eb mundshme an\u00ebsore:<\/p>\n<p>&#8211; reaksione alergjike n\u00eb l\u00ebkur\u00eb;<br \/>\n&#8211; atrofi e l\u00ebkur\u00ebs;<br \/>\n&#8211; akne;<br \/>\n&#8211; dermatit perioral.<br \/>\nP\u00ebrpara p\u00ebrdorimit t\u00eb k\u00ebtij bari lexoni me kujdes flet\u00ebudh\u00ebzuesin  e pranish\u00ebm n\u00eb paketim, pasi ai p\u00ebrmban nj\u00eb informacion m\u00eb t\u00eb detajuar.<br \/>\nP\u00ebr \u00e7do paqart\u00ebsi k\u00ebshillohuni me mjekun ose farmacistin tuaj.<\/p>\n","protected":false},"excerpt":{"rendered":"<p>Pomad\u00eb me hidrokortizon p\u00ebr p\u00ebrdorim lokal t\u00eb jasht\u00ebm, n\u00eb l\u00ebkur\u00eb.<\/p>\n<p>Tub x 30 g<\/p>\n","protected":false},"featured_media":179581,"template":"","meta":{"_acf_changed":false},"product_brand":[],"product_cat":[50242,50203],"product_tag":[53914,52159,51696],"giftcard-category":[],"class_list":{"0":"post-430545","1":"product","2":"type-product","3":"status-publish","4":"has-post-thumbnail","6":"product_cat-preparate-lokale-english","7":"product_cat-otc-orale-english","8":"product_tag-irritim-en","9":"product_tag-skuqje-en","10":"product_tag-lekure-en","12":"first","13":"instock","14":"taxable","15":"shipping-taxable","16":"purchasable","17":"product-type-simple"},"bundled_by":[],"bundle_stock_status":"instock","bundle_stock_quantity":5,"bundle_virtual":false,"bundle_layout":"","bundle_add_to_cart_form_location":"","bundle_editable_in_cart":false,"bundle_sold_individually_context":"","bundle_item_grouping":"","bundle_min_size":"","bundle_max_size":"","bundle_price":[],"bundled_items":[],"bundle_sell_ids":[],"acf":[],"yoast_head":"<!-- This site is optimized with the Yoast SEO Premium plugin v23.0 (Yoast SEO v26.0) - https:\/\/yoast.com\/wordpress\/plugins\/seo\/ -->\n<title>Hydrocutan Ointment 1% - Farmaon<\/title>\n<meta name=\"robots\" content=\"index, follow, max-snippet:-1, max-image-preview:large, max-video-preview:-1\" \/>\n<link rel=\"canonical\" href=\"https:\/\/farmaon4.apptirana.al\/en\/produkt\/hydrocutan-ointment-1\/\" \/>\n<meta property=\"og:locale\" content=\"en_US\" \/>\n<meta property=\"og:type\" content=\"article\" \/>\n<meta property=\"og:title\" content=\"Hydrocutan Ointment 1%\" \/>\n<meta property=\"og:description\" content=\"Pomad\u00eb me hidrokortizon p\u00ebr p\u00ebrdorim lokal t\u00eb jasht\u00ebm, n\u00eb l\u00ebkur\u00eb. Tub x 30 g\" \/>\n<meta property=\"og:url\" content=\"https:\/\/farmaon4.apptirana.al\/en\/produkt\/hydrocutan-ointment-1\/\" \/>\n<meta property=\"og:site_name\" content=\"Farmaon\" \/>\n<meta property=\"article:modified_time\" content=\"2026-04-22T06:27:05+00:00\" \/>\n<meta property=\"og:image\" content=\"https:\/\/farmaon4.apptirana.al\/wp-content\/uploads\/2023\/12\/df7d1dc5-00449082.jpg\" \/>\n\t<meta property=\"og:image:width\" content=\"1080\" \/>\n\t<meta property=\"og:image:height\" content=\"1080\" \/>\n\t<meta property=\"og:image:type\" content=\"image\/jpeg\" \/>\n<meta name=\"twitter:card\" content=\"summary_large_image\" \/>\n<meta name=\"twitter:label1\" content=\"Price\" \/>\n\t<meta name=\"twitter:data1\" content=\"555&nbsp;L\" \/>\n\t<meta name=\"twitter:label2\" content=\"Availability\" \/>\n\t<meta name=\"twitter:data2\" content=\"In stock\" \/>\n<script type=\"application\/ld+json\" class=\"yoast-schema-graph\">{\"@context\":\"https:\/\/schema.org\",\"@graph\":[{\"@type\":\"WebPage\",\"@id\":\"https:\/\/farmaon4.apptirana.al\/en\/produkt\/hydrocutan-ointment-1\/\",\"url\":\"https:\/\/farmaon4.apptirana.al\/en\/produkt\/hydrocutan-ointment-1\/\",\"name\":\"Hydrocutan Ointment 1% - Farmaon\",\"isPartOf\":{\"@id\":\"https:\/\/farmaon4.apptirana.al\/#website\"},\"primaryImageOfPage\":{\"@id\":\"https:\/\/farmaon4.apptirana.al\/en\/produkt\/hydrocutan-ointment-1\/#primaryimage\"},\"image\":{\"@id\":\"https:\/\/farmaon4.apptirana.al\/en\/produkt\/hydrocutan-ointment-1\/#primaryimage\"},\"thumbnailUrl\":\"https:\/\/farmaon4.apptirana.al\/wp-content\/uploads\/2023\/12\/df7d1dc5-00449082.jpg\",\"datePublished\":\"2024-01-21T23:09:05+00:00\",\"dateModified\":\"2026-04-22T06:27:05+00:00\",\"breadcrumb\":{\"@id\":\"https:\/\/farmaon4.apptirana.al\/en\/produkt\/hydrocutan-ointment-1\/#breadcrumb\"},\"inLanguage\":\"en-US\",\"potentialAction\":[{\"@type\":\"ReadAction\",\"target\":[\"https:\/\/farmaon4.apptirana.al\/en\/produkt\/hydrocutan-ointment-1\/\"]}]},{\"@type\":\"ImageObject\",\"inLanguage\":\"en-US\",\"@id\":\"https:\/\/farmaon4.apptirana.al\/en\/produkt\/hydrocutan-ointment-1\/#primaryimage\",\"url\":\"https:\/\/farmaon4.apptirana.al\/wp-content\/uploads\/2023\/12\/df7d1dc5-00449082.jpg\",\"contentUrl\":\"https:\/\/farmaon4.apptirana.al\/wp-content\/uploads\/2023\/12\/df7d1dc5-00449082.jpg\",\"width\":1080,\"height\":1080},{\"@type\":\"BreadcrumbList\",\"@id\":\"https:\/\/farmaon4.apptirana.al\/en\/produkt\/hydrocutan-ointment-1\/#breadcrumb\",\"itemListElement\":[{\"@type\":\"ListItem\",\"position\":1,\"name\":\"Home\",\"item\":\"https:\/\/farmaon4.apptirana.al\/en\/\"},{\"@type\":\"ListItem\",\"position\":2,\"name\":\"Shop\",\"item\":\"https:\/\/farmaon4.apptirana.al\/en\/shop-3\/\"},{\"@type\":\"ListItem\",\"position\":3,\"name\":\"Hydrocutan Ointment 1%\"}]},{\"@type\":\"WebSite\",\"@id\":\"https:\/\/farmaon4.apptirana.al\/#website\",\"url\":\"https:\/\/farmaon4.apptirana.al\/\",\"name\":\"Farmaon\",\"description\":\"Farmacia Juaj Online!\",\"publisher\":{\"@id\":\"https:\/\/farmaon4.apptirana.al\/#organization\"},\"potentialAction\":[{\"@type\":\"SearchAction\",\"target\":{\"@type\":\"EntryPoint\",\"urlTemplate\":\"https:\/\/farmaon4.apptirana.al\/?s={search_term_string}\"},\"query-input\":{\"@type\":\"PropertyValueSpecification\",\"valueRequired\":true,\"valueName\":\"search_term_string\"}}],\"inLanguage\":\"en-US\"},{\"@type\":\"Organization\",\"@id\":\"https:\/\/farmaon4.apptirana.al\/#organization\",\"name\":\"Farmaon\",\"url\":\"https:\/\/farmaon4.apptirana.al\/\",\"logo\":{\"@type\":\"ImageObject\",\"inLanguage\":\"en-US\",\"@id\":\"https:\/\/farmaon4.apptirana.al\/#\/schema\/logo\/image\/\",\"url\":\"https:\/\/farmaon4.apptirana.al\/wp-content\/uploads\/2024\/08\/7f987514-logo-farmaon.png\",\"contentUrl\":\"https:\/\/farmaon4.apptirana.al\/wp-content\/uploads\/2024\/08\/7f987514-logo-farmaon.png\",\"width\":219,\"height\":53,\"caption\":\"Farmaon\"},\"image\":{\"@id\":\"https:\/\/farmaon4.apptirana.al\/#\/schema\/logo\/image\/\"}}]}<\/script>\n<meta property=\"product:price:amount\" content=\"555\" \/>\n<meta property=\"product:price:currency\" content=\"ALL\" \/>\n<meta property=\"og:availability\" content=\"instock\" \/>\n<meta property=\"product:availability\" content=\"instock\" \/>\n<meta property=\"product:retailer_item_id\" content=\"F00449082\" \/>\n<meta property=\"product:condition\" content=\"new\" \/>\n<!-- \/ Yoast SEO Premium plugin. -->","yoast_head_json":{"title":"Hydrocutan Ointment 1% - Farmaon","robots":{"index":"index","follow":"follow","max-snippet":"max-snippet:-1","max-image-preview":"max-image-preview:large","max-video-preview":"max-video-preview:-1"},"canonical":"https:\/\/farmaon4.apptirana.al\/en\/produkt\/hydrocutan-ointment-1\/","og_locale":"en_US","og_type":"article","og_title":"Hydrocutan Ointment 1%","og_description":"Pomad\u00eb me hidrokortizon p\u00ebr p\u00ebrdorim lokal t\u00eb jasht\u00ebm, n\u00eb l\u00ebkur\u00eb. Tub x 30 g","og_url":"https:\/\/farmaon4.apptirana.al\/en\/produkt\/hydrocutan-ointment-1\/","og_site_name":"Farmaon","article_modified_time":"2026-04-22T06:27:05+00:00","og_image":[{"width":1080,"height":1080,"url":"https:\/\/farmaon4.apptirana.al\/wp-content\/uploads\/2023\/12\/df7d1dc5-00449082.jpg","type":"image\/jpeg"}],"twitter_card":"summary_large_image","twitter_misc":{"Price":"555&nbsp;L","Availability":"In stock"},"schema":{"@context":"https:\/\/schema.org","@graph":[{"@type":"WebPage","@id":"https:\/\/farmaon4.apptirana.al\/en\/produkt\/hydrocutan-ointment-1\/","url":"https:\/\/farmaon4.apptirana.al\/en\/produkt\/hydrocutan-ointment-1\/","name":"Hydrocutan Ointment 1% - Farmaon","isPartOf":{"@id":"https:\/\/farmaon4.apptirana.al\/#website"},"primaryImageOfPage":{"@id":"https:\/\/farmaon4.apptirana.al\/en\/produkt\/hydrocutan-ointment-1\/#primaryimage"},"image":{"@id":"https:\/\/farmaon4.apptirana.al\/en\/produkt\/hydrocutan-ointment-1\/#primaryimage"},"thumbnailUrl":"https:\/\/farmaon4.apptirana.al\/wp-content\/uploads\/2023\/12\/df7d1dc5-00449082.jpg","datePublished":"2024-01-21T23:09:05+00:00","dateModified":"2026-04-22T06:27:05+00:00","breadcrumb":{"@id":"https:\/\/farmaon4.apptirana.al\/en\/produkt\/hydrocutan-ointment-1\/#breadcrumb"},"inLanguage":"en-US","potentialAction":[{"@type":"ReadAction","target":["https:\/\/farmaon4.apptirana.al\/en\/produkt\/hydrocutan-ointment-1\/"]}]},{"@type":"ImageObject","inLanguage":"en-US","@id":"https:\/\/farmaon4.apptirana.al\/en\/produkt\/hydrocutan-ointment-1\/#primaryimage","url":"https:\/\/farmaon4.apptirana.al\/wp-content\/uploads\/2023\/12\/df7d1dc5-00449082.jpg","contentUrl":"https:\/\/farmaon4.apptirana.al\/wp-content\/uploads\/2023\/12\/df7d1dc5-00449082.jpg","width":1080,"height":1080},{"@type":"BreadcrumbList","@id":"https:\/\/farmaon4.apptirana.al\/en\/produkt\/hydrocutan-ointment-1\/#breadcrumb","itemListElement":[{"@type":"ListItem","position":1,"name":"Home","item":"https:\/\/farmaon4.apptirana.al\/en\/"},{"@type":"ListItem","position":2,"name":"Shop","item":"https:\/\/farmaon4.apptirana.al\/en\/shop-3\/"},{"@type":"ListItem","position":3,"name":"Hydrocutan Ointment 1%"}]},{"@type":"WebSite","@id":"https:\/\/farmaon4.apptirana.al\/#website","url":"https:\/\/farmaon4.apptirana.al\/","name":"Farmaon","description":"Farmacia Juaj Online!","publisher":{"@id":"https:\/\/farmaon4.apptirana.al\/#organization"},"potentialAction":[{"@type":"SearchAction","target":{"@type":"EntryPoint","urlTemplate":"https:\/\/farmaon4.apptirana.al\/?s={search_term_string}"},"query-input":{"@type":"PropertyValueSpecification","valueRequired":true,"valueName":"search_term_string"}}],"inLanguage":"en-US"},{"@type":"Organization","@id":"https:\/\/farmaon4.apptirana.al\/#organization","name":"Farmaon","url":"https:\/\/farmaon4.apptirana.al\/","logo":{"@type":"ImageObject","inLanguage":"en-US","@id":"https:\/\/farmaon4.apptirana.al\/#\/schema\/logo\/image\/","url":"https:\/\/farmaon4.apptirana.al\/wp-content\/uploads\/2024\/08\/7f987514-logo-farmaon.png","contentUrl":"https:\/\/farmaon4.apptirana.al\/wp-content\/uploads\/2024\/08\/7f987514-logo-farmaon.png","width":219,"height":53,"caption":"Farmaon"},"image":{"@id":"https:\/\/farmaon4.apptirana.al\/#\/schema\/logo\/image\/"}}]},"product_price_amount":"555","product_price_currency":"ALL","og_availability":"instock","product_availability":"instock","product_retailer_item_id":"F00449082","product_condition":"new"},"_links":{"self":[{"href":"https:\/\/farmaon4.apptirana.al\/en\/wp-json\/wp\/v2\/product\/430545","targetHints":{"allow":["GET"]}}],"collection":[{"href":"https:\/\/farmaon4.apptirana.al\/en\/wp-json\/wp\/v2\/product"}],"about":[{"href":"https:\/\/farmaon4.apptirana.al\/en\/wp-json\/wp\/v2\/types\/product"}],"version-history":[{"count":0,"href":"https:\/\/farmaon4.apptirana.al\/en\/wp-json\/wp\/v2\/product\/430545\/revisions"}],"wp:featuredmedia":[{"embeddable":true,"href":"https:\/\/farmaon4.apptirana.al\/en\/wp-json\/wp\/v2\/media\/179581"}],"wp:attachment":[{"href":"https:\/\/farmaon4.apptirana.al\/en\/wp-json\/wp\/v2\/media?parent=430545"}],"wp:term":[{"taxonomy":"product_brand","embeddable":true,"href":"https:\/\/farmaon4.apptirana.al\/en\/wp-json\/wp\/v2\/product_brand?post=430545"},{"taxonomy":"product_cat","embeddable":true,"href":"https:\/\/farmaon4.apptirana.al\/en\/wp-json\/wp\/v2\/product_cat?post=430545"},{"taxonomy":"product_tag","embeddable":true,"href":"https:\/\/farmaon4.apptirana.al\/en\/wp-json\/wp\/v2\/product_tag?post=430545"},{"taxonomy":"giftcard-category","embeddable":true,"href":"https:\/\/farmaon4.apptirana.al\/en\/wp-json\/wp\/v2\/giftcard-category?post=430545"}],"curies":[{"name":"wp","href":"https:\/\/api.w.org\/{rel}","templated":true}]}}