{"id":430607,"date":"2024-01-21T23:08:43","date_gmt":"2024-01-21T23:08:43","guid":{"rendered":"https:\/\/farmaon4.apptirana.al\/product\/ialoclean-spray-per-mucosa-oro-faringea\/"},"modified":"2026-04-27T03:21:46","modified_gmt":"2026-04-27T02:21:46","slug":"ialoclean-spray-per-mucosa-oro-faringea","status":"publish","type":"product","link":"https:\/\/farmaon4.apptirana.al\/en\/produkt\/ialoclean-spray-per-mucosa-oro-faringea\/","title":{"rendered":"Ialoclean Spray per Mucosa Oro-Faringea"},"content":{"rendered":"<p>Ialoclean spraj p\u00ebr mukoz\u00ebn oro-faringeale \u00ebsht\u00eb nj\u00eb trajtim shtes\u00eb, plot\u00ebsues dhe ndihmues n\u00eb rastet e gripit, virozave stinore, n\u00eb faz\u00ebn akute dhe kronike, si dhe n\u00eb rastet e refluksit gastrik.<br \/>\nIaloclean spraj p\u00ebrdoret p\u00ebr aq koh\u00eb sa vazhdojn\u00eb simptomat (dhimbje fyti, irritim fyti, v\u00ebshtir\u00ebsi n\u00eb g\u00eblltitje, tharje fyti etj).<br \/>\nRekomandohet q\u00eb pas p\u00ebrdorimit t\u00eb sprajit t\u00eb mos konsumohen l\u00ebngje dhe ushqime, p\u00ebr nj\u00eb far\u00eb kohe.<br \/>\nSuplementet ushqimore nuk z\u00ebv\u00ebnd\u00ebsojn\u00eb diet\u00ebn ushqimore.<br \/>\nT\u00eb mbahet larg f\u00ebmij\u00ebve.<\/p>\n","protected":false},"excerpt":{"rendered":"<p>Spraj me acid hialuronik p\u00ebr fytin<br \/>\nFlakon x 30 ml<\/p>\n","protected":false},"featured_media":179890,"template":"","meta":{"_acf_changed":false},"product_brand":[],"product_cat":[50286,50051,50299],"product_tag":[47740,54594,52845,50606],"giftcard-category":[],"class_list":{"0":"post-430607","1":"product","2":"type-product","3":"status-publish","4":"has-post-thumbnail","6":"product_cat-sipas-veprimit-english","7":"product_cat-dhimbje-fyti-english","8":"product_cat-suplemente-english","9":"product_tag-fyti","10":"product_tag-mukoza-orale-en","11":"product_tag-dhimbje-en","12":"product_tag-spraj-en","14":"first","15":"instock","16":"taxable","17":"shipping-taxable","18":"purchasable","19":"product-type-simple"},"bundled_by":[],"bundle_stock_status":"instock","bundle_stock_quantity":4,"bundle_virtual":false,"bundle_layout":"","bundle_add_to_cart_form_location":"","bundle_editable_in_cart":false,"bundle_sold_individually_context":"","bundle_item_grouping":"","bundle_min_size":"","bundle_max_size":"","bundle_price":[],"bundled_items":[],"bundle_sell_ids":[],"acf":[],"yoast_head":"<!-- This site is optimized with the Yoast SEO Premium plugin v23.0 (Yoast SEO v26.0) - https:\/\/yoast.com\/wordpress\/plugins\/seo\/ -->\n<title>Ialoclean Spray per Mucosa Oro-Faringea - Farmaon<\/title>\n<meta name=\"robots\" content=\"index, follow, max-snippet:-1, max-image-preview:large, max-video-preview:-1\" \/>\n<link rel=\"canonical\" href=\"https:\/\/farmaon4.apptirana.al\/en\/produkt\/ialoclean-spray-per-mucosa-oro-faringea\/\" \/>\n<meta property=\"og:locale\" content=\"en_US\" \/>\n<meta property=\"og:type\" content=\"article\" \/>\n<meta property=\"og:title\" content=\"Ialoclean Spray per Mucosa Oro-Faringea\" \/>\n<meta property=\"og:description\" content=\"Spraj me acid hialuronik p\u00ebr fytin Flakon x 30 ml\" \/>\n<meta property=\"og:url\" content=\"https:\/\/farmaon4.apptirana.al\/en\/produkt\/ialoclean-spray-per-mucosa-oro-faringea\/\" \/>\n<meta property=\"og:site_name\" content=\"Farmaon\" \/>\n<meta property=\"article:modified_time\" content=\"2026-04-27T02:21:46+00:00\" \/>\n<meta property=\"og:image\" content=\"https:\/\/farmaon4.apptirana.al\/wp-content\/uploads\/2023\/12\/1355822d-004224.jpg\" \/>\n\t<meta property=\"og:image:width\" content=\"388\" \/>\n\t<meta property=\"og:image:height\" content=\"388\" \/>\n\t<meta property=\"og:image:type\" content=\"image\/jpeg\" \/>\n<meta name=\"twitter:card\" content=\"summary_large_image\" \/>\n<meta name=\"twitter:label1\" content=\"Price\" \/>\n\t<meta name=\"twitter:data1\" content=\"1200&nbsp;L\" \/>\n\t<meta name=\"twitter:label2\" content=\"Availability\" \/>\n\t<meta name=\"twitter:data2\" content=\"In stock\" \/>\n<script type=\"application\/ld+json\" class=\"yoast-schema-graph\">{\"@context\":\"https:\/\/schema.org\",\"@graph\":[{\"@type\":\"WebPage\",\"@id\":\"https:\/\/farmaon4.apptirana.al\/en\/produkt\/ialoclean-spray-per-mucosa-oro-faringea\/\",\"url\":\"https:\/\/farmaon4.apptirana.al\/en\/produkt\/ialoclean-spray-per-mucosa-oro-faringea\/\",\"name\":\"Ialoclean Spray per Mucosa Oro-Faringea - Farmaon\",\"isPartOf\":{\"@id\":\"https:\/\/farmaon4.apptirana.al\/#website\"},\"primaryImageOfPage\":{\"@id\":\"https:\/\/farmaon4.apptirana.al\/en\/produkt\/ialoclean-spray-per-mucosa-oro-faringea\/#primaryimage\"},\"image\":{\"@id\":\"https:\/\/farmaon4.apptirana.al\/en\/produkt\/ialoclean-spray-per-mucosa-oro-faringea\/#primaryimage\"},\"thumbnailUrl\":\"https:\/\/farmaon4.apptirana.al\/wp-content\/uploads\/2023\/12\/1355822d-004224.jpg\",\"datePublished\":\"2024-01-21T23:08:43+00:00\",\"dateModified\":\"2026-04-27T02:21:46+00:00\",\"breadcrumb\":{\"@id\":\"https:\/\/farmaon4.apptirana.al\/en\/produkt\/ialoclean-spray-per-mucosa-oro-faringea\/#breadcrumb\"},\"inLanguage\":\"en-US\",\"potentialAction\":[{\"@type\":\"ReadAction\",\"target\":[\"https:\/\/farmaon4.apptirana.al\/en\/produkt\/ialoclean-spray-per-mucosa-oro-faringea\/\"]}]},{\"@type\":\"ImageObject\",\"inLanguage\":\"en-US\",\"@id\":\"https:\/\/farmaon4.apptirana.al\/en\/produkt\/ialoclean-spray-per-mucosa-oro-faringea\/#primaryimage\",\"url\":\"https:\/\/farmaon4.apptirana.al\/wp-content\/uploads\/2023\/12\/1355822d-004224.jpg\",\"contentUrl\":\"https:\/\/farmaon4.apptirana.al\/wp-content\/uploads\/2023\/12\/1355822d-004224.jpg\",\"width\":388,\"height\":388},{\"@type\":\"BreadcrumbList\",\"@id\":\"https:\/\/farmaon4.apptirana.al\/en\/produkt\/ialoclean-spray-per-mucosa-oro-faringea\/#breadcrumb\",\"itemListElement\":[{\"@type\":\"ListItem\",\"position\":1,\"name\":\"Home\",\"item\":\"https:\/\/farmaon4.apptirana.al\/en\/\"},{\"@type\":\"ListItem\",\"position\":2,\"name\":\"Shop\",\"item\":\"https:\/\/farmaon4.apptirana.al\/en\/shop-3\/\"},{\"@type\":\"ListItem\",\"position\":3,\"name\":\"Ialoclean Spray per Mucosa Oro-Faringea\"}]},{\"@type\":\"WebSite\",\"@id\":\"https:\/\/farmaon4.apptirana.al\/#website\",\"url\":\"https:\/\/farmaon4.apptirana.al\/\",\"name\":\"Farmaon\",\"description\":\"Farmacia Juaj Online!\",\"publisher\":{\"@id\":\"https:\/\/farmaon4.apptirana.al\/#organization\"},\"potentialAction\":[{\"@type\":\"SearchAction\",\"target\":{\"@type\":\"EntryPoint\",\"urlTemplate\":\"https:\/\/farmaon4.apptirana.al\/?s={search_term_string}\"},\"query-input\":{\"@type\":\"PropertyValueSpecification\",\"valueRequired\":true,\"valueName\":\"search_term_string\"}}],\"inLanguage\":\"en-US\"},{\"@type\":\"Organization\",\"@id\":\"https:\/\/farmaon4.apptirana.al\/#organization\",\"name\":\"Farmaon\",\"url\":\"https:\/\/farmaon4.apptirana.al\/\",\"logo\":{\"@type\":\"ImageObject\",\"inLanguage\":\"en-US\",\"@id\":\"https:\/\/farmaon4.apptirana.al\/#\/schema\/logo\/image\/\",\"url\":\"https:\/\/farmaon4.apptirana.al\/wp-content\/uploads\/2024\/08\/7f987514-logo-farmaon.png\",\"contentUrl\":\"https:\/\/farmaon4.apptirana.al\/wp-content\/uploads\/2024\/08\/7f987514-logo-farmaon.png\",\"width\":219,\"height\":53,\"caption\":\"Farmaon\"},\"image\":{\"@id\":\"https:\/\/farmaon4.apptirana.al\/#\/schema\/logo\/image\/\"}}]}<\/script>\n<meta property=\"product:price:amount\" content=\"1200\" \/>\n<meta property=\"product:price:currency\" content=\"ALL\" \/>\n<meta property=\"og:availability\" content=\"instock\" \/>\n<meta property=\"product:availability\" content=\"instock\" \/>\n<meta property=\"product:retailer_item_id\" content=\"F004224\" \/>\n<meta property=\"product:condition\" content=\"new\" \/>\n<!-- \/ Yoast SEO Premium plugin. -->","yoast_head_json":{"title":"Ialoclean Spray per Mucosa Oro-Faringea - Farmaon","robots":{"index":"index","follow":"follow","max-snippet":"max-snippet:-1","max-image-preview":"max-image-preview:large","max-video-preview":"max-video-preview:-1"},"canonical":"https:\/\/farmaon4.apptirana.al\/en\/produkt\/ialoclean-spray-per-mucosa-oro-faringea\/","og_locale":"en_US","og_type":"article","og_title":"Ialoclean Spray per Mucosa Oro-Faringea","og_description":"Spraj me acid hialuronik p\u00ebr fytin Flakon x 30 ml","og_url":"https:\/\/farmaon4.apptirana.al\/en\/produkt\/ialoclean-spray-per-mucosa-oro-faringea\/","og_site_name":"Farmaon","article_modified_time":"2026-04-27T02:21:46+00:00","og_image":[{"width":388,"height":388,"url":"https:\/\/farmaon4.apptirana.al\/wp-content\/uploads\/2023\/12\/1355822d-004224.jpg","type":"image\/jpeg"}],"twitter_card":"summary_large_image","twitter_misc":{"Price":"1200&nbsp;L","Availability":"In stock"},"schema":{"@context":"https:\/\/schema.org","@graph":[{"@type":"WebPage","@id":"https:\/\/farmaon4.apptirana.al\/en\/produkt\/ialoclean-spray-per-mucosa-oro-faringea\/","url":"https:\/\/farmaon4.apptirana.al\/en\/produkt\/ialoclean-spray-per-mucosa-oro-faringea\/","name":"Ialoclean Spray per Mucosa Oro-Faringea - Farmaon","isPartOf":{"@id":"https:\/\/farmaon4.apptirana.al\/#website"},"primaryImageOfPage":{"@id":"https:\/\/farmaon4.apptirana.al\/en\/produkt\/ialoclean-spray-per-mucosa-oro-faringea\/#primaryimage"},"image":{"@id":"https:\/\/farmaon4.apptirana.al\/en\/produkt\/ialoclean-spray-per-mucosa-oro-faringea\/#primaryimage"},"thumbnailUrl":"https:\/\/farmaon4.apptirana.al\/wp-content\/uploads\/2023\/12\/1355822d-004224.jpg","datePublished":"2024-01-21T23:08:43+00:00","dateModified":"2026-04-27T02:21:46+00:00","breadcrumb":{"@id":"https:\/\/farmaon4.apptirana.al\/en\/produkt\/ialoclean-spray-per-mucosa-oro-faringea\/#breadcrumb"},"inLanguage":"en-US","potentialAction":[{"@type":"ReadAction","target":["https:\/\/farmaon4.apptirana.al\/en\/produkt\/ialoclean-spray-per-mucosa-oro-faringea\/"]}]},{"@type":"ImageObject","inLanguage":"en-US","@id":"https:\/\/farmaon4.apptirana.al\/en\/produkt\/ialoclean-spray-per-mucosa-oro-faringea\/#primaryimage","url":"https:\/\/farmaon4.apptirana.al\/wp-content\/uploads\/2023\/12\/1355822d-004224.jpg","contentUrl":"https:\/\/farmaon4.apptirana.al\/wp-content\/uploads\/2023\/12\/1355822d-004224.jpg","width":388,"height":388},{"@type":"BreadcrumbList","@id":"https:\/\/farmaon4.apptirana.al\/en\/produkt\/ialoclean-spray-per-mucosa-oro-faringea\/#breadcrumb","itemListElement":[{"@type":"ListItem","position":1,"name":"Home","item":"https:\/\/farmaon4.apptirana.al\/en\/"},{"@type":"ListItem","position":2,"name":"Shop","item":"https:\/\/farmaon4.apptirana.al\/en\/shop-3\/"},{"@type":"ListItem","position":3,"name":"Ialoclean Spray per Mucosa Oro-Faringea"}]},{"@type":"WebSite","@id":"https:\/\/farmaon4.apptirana.al\/#website","url":"https:\/\/farmaon4.apptirana.al\/","name":"Farmaon","description":"Farmacia Juaj Online!","publisher":{"@id":"https:\/\/farmaon4.apptirana.al\/#organization"},"potentialAction":[{"@type":"SearchAction","target":{"@type":"EntryPoint","urlTemplate":"https:\/\/farmaon4.apptirana.al\/?s={search_term_string}"},"query-input":{"@type":"PropertyValueSpecification","valueRequired":true,"valueName":"search_term_string"}}],"inLanguage":"en-US"},{"@type":"Organization","@id":"https:\/\/farmaon4.apptirana.al\/#organization","name":"Farmaon","url":"https:\/\/farmaon4.apptirana.al\/","logo":{"@type":"ImageObject","inLanguage":"en-US","@id":"https:\/\/farmaon4.apptirana.al\/#\/schema\/logo\/image\/","url":"https:\/\/farmaon4.apptirana.al\/wp-content\/uploads\/2024\/08\/7f987514-logo-farmaon.png","contentUrl":"https:\/\/farmaon4.apptirana.al\/wp-content\/uploads\/2024\/08\/7f987514-logo-farmaon.png","width":219,"height":53,"caption":"Farmaon"},"image":{"@id":"https:\/\/farmaon4.apptirana.al\/#\/schema\/logo\/image\/"}}]},"product_price_amount":"1200","product_price_currency":"ALL","og_availability":"instock","product_availability":"instock","product_retailer_item_id":"F004224","product_condition":"new"},"_links":{"self":[{"href":"https:\/\/farmaon4.apptirana.al\/en\/wp-json\/wp\/v2\/product\/430607","targetHints":{"allow":["GET"]}}],"collection":[{"href":"https:\/\/farmaon4.apptirana.al\/en\/wp-json\/wp\/v2\/product"}],"about":[{"href":"https:\/\/farmaon4.apptirana.al\/en\/wp-json\/wp\/v2\/types\/product"}],"version-history":[{"count":0,"href":"https:\/\/farmaon4.apptirana.al\/en\/wp-json\/wp\/v2\/product\/430607\/revisions"}],"wp:featuredmedia":[{"embeddable":true,"href":"https:\/\/farmaon4.apptirana.al\/en\/wp-json\/wp\/v2\/media\/179890"}],"wp:attachment":[{"href":"https:\/\/farmaon4.apptirana.al\/en\/wp-json\/wp\/v2\/media?parent=430607"}],"wp:term":[{"taxonomy":"product_brand","embeddable":true,"href":"https:\/\/farmaon4.apptirana.al\/en\/wp-json\/wp\/v2\/product_brand?post=430607"},{"taxonomy":"product_cat","embeddable":true,"href":"https:\/\/farmaon4.apptirana.al\/en\/wp-json\/wp\/v2\/product_cat?post=430607"},{"taxonomy":"product_tag","embeddable":true,"href":"https:\/\/farmaon4.apptirana.al\/en\/wp-json\/wp\/v2\/product_tag?post=430607"},{"taxonomy":"giftcard-category","embeddable":true,"href":"https:\/\/farmaon4.apptirana.al\/en\/wp-json\/wp\/v2\/giftcard-category?post=430607"}],"curies":[{"name":"wp","href":"https:\/\/api.w.org\/{rel}","templated":true}]}}