{"id":432196,"date":"2024-01-21T22:57:26","date_gmt":"2024-01-21T22:57:26","guid":{"rendered":"https:\/\/farmaon4.apptirana.al\/product\/farma-derma-ginexid-lavanda\/"},"modified":"2026-04-09T09:11:51","modified_gmt":"2026-04-09T08:11:51","slug":"farma-derma-ginexid-lavanda","status":"publish","type":"product","link":"https:\/\/farmaon4.apptirana.al\/en\/produkt\/farma-derma-ginexid-lavanda\/","title":{"rendered":"Farma-derma Ginexid Lavanda"},"content":{"rendered":"<p>Dush vaginal i p\u00ebrdorur si trajtim ndihm\u00ebs p\u00ebr qet\u00ebsimin e simptomave si:<\/p>\n<p> djegie, acarim dhe kruajrje.<br \/>\n\u00cbsht\u00eb gjithashtu i dobish\u00ebm p\u00ebr:<\/p>\n<ul>\n<li>pastrimin dhe heqjen e mbetjeve t\u00eb krijuara si pasoj\u00eb e p\u00ebrdorimit t\u00eb medikamenteve vaginale.\n<\/li>\n<li>higjien\u00ebn intime.\n<\/li>\n<li>higjien\u00ebn intime pas ciklit menstrual.\n<\/li>\n<li>higjien\u00ebn intime pas marr\u00ebdh\u00ebnieve seksuale.\n<\/li>\n<li>pastrim n\u00eb rast sekrecionesh t\u00eb shtuara.\n<\/li>\n<\/ul>\n","protected":false},"excerpt":{"rendered":"<p>Dush vaginal q\u00eb parandalon dhe ndihmon n\u00eb trajtimin e problematikave vaginale<\/p>\n<p>5 flakon\u00eb<\/p>\n","protected":false},"featured_media":188743,"template":"","meta":{"_acf_changed":false},"product_brand":[],"product_cat":[50105,50047,50106,50072,50046,50243],"product_tag":[51498,53503,50490],"giftcard-category":[],"class_list":{"0":"post-432196","1":"product","2":"type-product","3":"status-publish","4":"has-post-thumbnail","6":"product_cat-higjiene-english","7":"product_cat-detergjente-intime-english","8":"product_cat-higjiene-intime-english","9":"product_cat-farmaci-english","10":"product_cat-detergjente-dhe-lavanda-english","11":"product_cat-preparate-vaginale-english","12":"product_tag-higjiene-intime-en","13":"product_tag-dush-vaginal-en","14":"product_tag-femra-en","16":"first","17":"instock","18":"taxable","19":"shipping-taxable","20":"purchasable","21":"product-type-simple"},"bundled_by":[],"bundle_stock_status":"instock","bundle_stock_quantity":4,"bundle_virtual":false,"bundle_layout":"","bundle_add_to_cart_form_location":"","bundle_editable_in_cart":false,"bundle_sold_individually_context":"","bundle_item_grouping":"","bundle_min_size":"","bundle_max_size":"","bundle_price":[],"bundled_items":[],"bundle_sell_ids":[],"acf":[],"yoast_head":"<!-- This site is optimized with the Yoast SEO Premium plugin v23.0 (Yoast SEO v26.0) - https:\/\/yoast.com\/wordpress\/plugins\/seo\/ -->\n<title>Farma-derma Ginexid Lavanda - Farmaon<\/title>\n<meta name=\"robots\" content=\"index, follow, max-snippet:-1, max-image-preview:large, max-video-preview:-1\" \/>\n<link rel=\"canonical\" href=\"https:\/\/farmaon4.apptirana.al\/en\/produkt\/farma-derma-ginexid-lavanda\/\" \/>\n<meta property=\"og:locale\" content=\"en_US\" \/>\n<meta property=\"og:type\" content=\"article\" \/>\n<meta property=\"og:title\" content=\"Farma-derma Ginexid Lavanda\" \/>\n<meta property=\"og:description\" content=\"Dush vaginal q\u00eb parandalon dhe ndihmon n\u00eb trajtimin e problematikave vaginale 5 flakon\u00eb\" \/>\n<meta property=\"og:url\" content=\"https:\/\/farmaon4.apptirana.al\/en\/produkt\/farma-derma-ginexid-lavanda\/\" \/>\n<meta property=\"og:site_name\" content=\"Farmaon\" \/>\n<meta property=\"article:modified_time\" content=\"2026-04-09T08:11:51+00:00\" \/>\n<meta property=\"og:image\" content=\"https:\/\/farmaon4.apptirana.al\/wp-content\/uploads\/2023\/12\/004491086.jpg\" \/>\n\t<meta property=\"og:image:width\" content=\"1080\" \/>\n\t<meta property=\"og:image:height\" content=\"1080\" \/>\n\t<meta property=\"og:image:type\" content=\"image\/jpeg\" \/>\n<meta name=\"twitter:card\" content=\"summary_large_image\" \/>\n<meta name=\"twitter:label1\" content=\"Price\" \/>\n\t<meta name=\"twitter:data1\" content=\"2200&nbsp;L\" \/>\n\t<meta name=\"twitter:label2\" content=\"Availability\" \/>\n\t<meta name=\"twitter:data2\" content=\"In stock\" \/>\n<script type=\"application\/ld+json\" class=\"yoast-schema-graph\">{\"@context\":\"https:\/\/schema.org\",\"@graph\":[{\"@type\":\"WebPage\",\"@id\":\"https:\/\/farmaon4.apptirana.al\/en\/produkt\/farma-derma-ginexid-lavanda\/\",\"url\":\"https:\/\/farmaon4.apptirana.al\/en\/produkt\/farma-derma-ginexid-lavanda\/\",\"name\":\"Farma-derma Ginexid Lavanda - Farmaon\",\"isPartOf\":{\"@id\":\"https:\/\/farmaon4.apptirana.al\/#website\"},\"primaryImageOfPage\":{\"@id\":\"https:\/\/farmaon4.apptirana.al\/en\/produkt\/farma-derma-ginexid-lavanda\/#primaryimage\"},\"image\":{\"@id\":\"https:\/\/farmaon4.apptirana.al\/en\/produkt\/farma-derma-ginexid-lavanda\/#primaryimage\"},\"thumbnailUrl\":\"https:\/\/farmaon4.apptirana.al\/wp-content\/uploads\/2023\/12\/004491086.jpg\",\"datePublished\":\"2024-01-21T22:57:26+00:00\",\"dateModified\":\"2026-04-09T08:11:51+00:00\",\"breadcrumb\":{\"@id\":\"https:\/\/farmaon4.apptirana.al\/en\/produkt\/farma-derma-ginexid-lavanda\/#breadcrumb\"},\"inLanguage\":\"en-US\",\"potentialAction\":[{\"@type\":\"ReadAction\",\"target\":[\"https:\/\/farmaon4.apptirana.al\/en\/produkt\/farma-derma-ginexid-lavanda\/\"]}]},{\"@type\":\"ImageObject\",\"inLanguage\":\"en-US\",\"@id\":\"https:\/\/farmaon4.apptirana.al\/en\/produkt\/farma-derma-ginexid-lavanda\/#primaryimage\",\"url\":\"https:\/\/farmaon4.apptirana.al\/wp-content\/uploads\/2023\/12\/004491086.jpg\",\"contentUrl\":\"https:\/\/farmaon4.apptirana.al\/wp-content\/uploads\/2023\/12\/004491086.jpg\",\"width\":1080,\"height\":1080},{\"@type\":\"BreadcrumbList\",\"@id\":\"https:\/\/farmaon4.apptirana.al\/en\/produkt\/farma-derma-ginexid-lavanda\/#breadcrumb\",\"itemListElement\":[{\"@type\":\"ListItem\",\"position\":1,\"name\":\"Home\",\"item\":\"https:\/\/farmaon4.apptirana.al\/en\/\"},{\"@type\":\"ListItem\",\"position\":2,\"name\":\"Shop\",\"item\":\"https:\/\/farmaon4.apptirana.al\/en\/shop-3\/\"},{\"@type\":\"ListItem\",\"position\":3,\"name\":\"Farma-derma Ginexid Lavanda\"}]},{\"@type\":\"WebSite\",\"@id\":\"https:\/\/farmaon4.apptirana.al\/#website\",\"url\":\"https:\/\/farmaon4.apptirana.al\/\",\"name\":\"Farmaon\",\"description\":\"Farmacia Juaj Online!\",\"publisher\":{\"@id\":\"https:\/\/farmaon4.apptirana.al\/#organization\"},\"potentialAction\":[{\"@type\":\"SearchAction\",\"target\":{\"@type\":\"EntryPoint\",\"urlTemplate\":\"https:\/\/farmaon4.apptirana.al\/?s={search_term_string}\"},\"query-input\":{\"@type\":\"PropertyValueSpecification\",\"valueRequired\":true,\"valueName\":\"search_term_string\"}}],\"inLanguage\":\"en-US\"},{\"@type\":\"Organization\",\"@id\":\"https:\/\/farmaon4.apptirana.al\/#organization\",\"name\":\"Farmaon\",\"url\":\"https:\/\/farmaon4.apptirana.al\/\",\"logo\":{\"@type\":\"ImageObject\",\"inLanguage\":\"en-US\",\"@id\":\"https:\/\/farmaon4.apptirana.al\/#\/schema\/logo\/image\/\",\"url\":\"https:\/\/farmaon4.apptirana.al\/wp-content\/uploads\/2024\/08\/7f987514-logo-farmaon.png\",\"contentUrl\":\"https:\/\/farmaon4.apptirana.al\/wp-content\/uploads\/2024\/08\/7f987514-logo-farmaon.png\",\"width\":219,\"height\":53,\"caption\":\"Farmaon\"},\"image\":{\"@id\":\"https:\/\/farmaon4.apptirana.al\/#\/schema\/logo\/image\/\"}}]}<\/script>\n<meta property=\"product:price:amount\" content=\"2200\" \/>\n<meta property=\"product:price:currency\" content=\"ALL\" \/>\n<meta property=\"og:availability\" content=\"instock\" \/>\n<meta property=\"product:availability\" content=\"instock\" \/>\n<meta property=\"product:retailer_item_id\" content=\"F004491086\" \/>\n<meta property=\"product:condition\" content=\"new\" \/>\n<!-- \/ Yoast SEO Premium plugin. -->","yoast_head_json":{"title":"Farma-derma Ginexid Lavanda - Farmaon","robots":{"index":"index","follow":"follow","max-snippet":"max-snippet:-1","max-image-preview":"max-image-preview:large","max-video-preview":"max-video-preview:-1"},"canonical":"https:\/\/farmaon4.apptirana.al\/en\/produkt\/farma-derma-ginexid-lavanda\/","og_locale":"en_US","og_type":"article","og_title":"Farma-derma Ginexid Lavanda","og_description":"Dush vaginal q\u00eb parandalon dhe ndihmon n\u00eb trajtimin e problematikave vaginale 5 flakon\u00eb","og_url":"https:\/\/farmaon4.apptirana.al\/en\/produkt\/farma-derma-ginexid-lavanda\/","og_site_name":"Farmaon","article_modified_time":"2026-04-09T08:11:51+00:00","og_image":[{"width":1080,"height":1080,"url":"https:\/\/farmaon4.apptirana.al\/wp-content\/uploads\/2023\/12\/004491086.jpg","type":"image\/jpeg"}],"twitter_card":"summary_large_image","twitter_misc":{"Price":"2200&nbsp;L","Availability":"In stock"},"schema":{"@context":"https:\/\/schema.org","@graph":[{"@type":"WebPage","@id":"https:\/\/farmaon4.apptirana.al\/en\/produkt\/farma-derma-ginexid-lavanda\/","url":"https:\/\/farmaon4.apptirana.al\/en\/produkt\/farma-derma-ginexid-lavanda\/","name":"Farma-derma Ginexid Lavanda - Farmaon","isPartOf":{"@id":"https:\/\/farmaon4.apptirana.al\/#website"},"primaryImageOfPage":{"@id":"https:\/\/farmaon4.apptirana.al\/en\/produkt\/farma-derma-ginexid-lavanda\/#primaryimage"},"image":{"@id":"https:\/\/farmaon4.apptirana.al\/en\/produkt\/farma-derma-ginexid-lavanda\/#primaryimage"},"thumbnailUrl":"https:\/\/farmaon4.apptirana.al\/wp-content\/uploads\/2023\/12\/004491086.jpg","datePublished":"2024-01-21T22:57:26+00:00","dateModified":"2026-04-09T08:11:51+00:00","breadcrumb":{"@id":"https:\/\/farmaon4.apptirana.al\/en\/produkt\/farma-derma-ginexid-lavanda\/#breadcrumb"},"inLanguage":"en-US","potentialAction":[{"@type":"ReadAction","target":["https:\/\/farmaon4.apptirana.al\/en\/produkt\/farma-derma-ginexid-lavanda\/"]}]},{"@type":"ImageObject","inLanguage":"en-US","@id":"https:\/\/farmaon4.apptirana.al\/en\/produkt\/farma-derma-ginexid-lavanda\/#primaryimage","url":"https:\/\/farmaon4.apptirana.al\/wp-content\/uploads\/2023\/12\/004491086.jpg","contentUrl":"https:\/\/farmaon4.apptirana.al\/wp-content\/uploads\/2023\/12\/004491086.jpg","width":1080,"height":1080},{"@type":"BreadcrumbList","@id":"https:\/\/farmaon4.apptirana.al\/en\/produkt\/farma-derma-ginexid-lavanda\/#breadcrumb","itemListElement":[{"@type":"ListItem","position":1,"name":"Home","item":"https:\/\/farmaon4.apptirana.al\/en\/"},{"@type":"ListItem","position":2,"name":"Shop","item":"https:\/\/farmaon4.apptirana.al\/en\/shop-3\/"},{"@type":"ListItem","position":3,"name":"Farma-derma Ginexid Lavanda"}]},{"@type":"WebSite","@id":"https:\/\/farmaon4.apptirana.al\/#website","url":"https:\/\/farmaon4.apptirana.al\/","name":"Farmaon","description":"Farmacia Juaj Online!","publisher":{"@id":"https:\/\/farmaon4.apptirana.al\/#organization"},"potentialAction":[{"@type":"SearchAction","target":{"@type":"EntryPoint","urlTemplate":"https:\/\/farmaon4.apptirana.al\/?s={search_term_string}"},"query-input":{"@type":"PropertyValueSpecification","valueRequired":true,"valueName":"search_term_string"}}],"inLanguage":"en-US"},{"@type":"Organization","@id":"https:\/\/farmaon4.apptirana.al\/#organization","name":"Farmaon","url":"https:\/\/farmaon4.apptirana.al\/","logo":{"@type":"ImageObject","inLanguage":"en-US","@id":"https:\/\/farmaon4.apptirana.al\/#\/schema\/logo\/image\/","url":"https:\/\/farmaon4.apptirana.al\/wp-content\/uploads\/2024\/08\/7f987514-logo-farmaon.png","contentUrl":"https:\/\/farmaon4.apptirana.al\/wp-content\/uploads\/2024\/08\/7f987514-logo-farmaon.png","width":219,"height":53,"caption":"Farmaon"},"image":{"@id":"https:\/\/farmaon4.apptirana.al\/#\/schema\/logo\/image\/"}}]},"product_price_amount":"2200","product_price_currency":"ALL","og_availability":"instock","product_availability":"instock","product_retailer_item_id":"F004491086","product_condition":"new"},"_links":{"self":[{"href":"https:\/\/farmaon4.apptirana.al\/en\/wp-json\/wp\/v2\/product\/432196","targetHints":{"allow":["GET"]}}],"collection":[{"href":"https:\/\/farmaon4.apptirana.al\/en\/wp-json\/wp\/v2\/product"}],"about":[{"href":"https:\/\/farmaon4.apptirana.al\/en\/wp-json\/wp\/v2\/types\/product"}],"version-history":[{"count":0,"href":"https:\/\/farmaon4.apptirana.al\/en\/wp-json\/wp\/v2\/product\/432196\/revisions"}],"wp:featuredmedia":[{"embeddable":true,"href":"https:\/\/farmaon4.apptirana.al\/en\/wp-json\/wp\/v2\/media\/188743"}],"wp:attachment":[{"href":"https:\/\/farmaon4.apptirana.al\/en\/wp-json\/wp\/v2\/media?parent=432196"}],"wp:term":[{"taxonomy":"product_brand","embeddable":true,"href":"https:\/\/farmaon4.apptirana.al\/en\/wp-json\/wp\/v2\/product_brand?post=432196"},{"taxonomy":"product_cat","embeddable":true,"href":"https:\/\/farmaon4.apptirana.al\/en\/wp-json\/wp\/v2\/product_cat?post=432196"},{"taxonomy":"product_tag","embeddable":true,"href":"https:\/\/farmaon4.apptirana.al\/en\/wp-json\/wp\/v2\/product_tag?post=432196"},{"taxonomy":"giftcard-category","embeddable":true,"href":"https:\/\/farmaon4.apptirana.al\/en\/wp-json\/wp\/v2\/giftcard-category?post=432196"}],"curies":[{"name":"wp","href":"https:\/\/api.w.org\/{rel}","templated":true}]}}