{"id":467880,"date":"2024-03-15T23:24:46","date_gmt":"2024-03-15T23:24:46","guid":{"rendered":"https:\/\/farmaon4.apptirana.al\/product\/germaine-de-capuccini-timexpert-hydraluronic-3d-force-serum-2\/"},"modified":"2026-04-29T00:36:49","modified_gmt":"2026-04-28T23:36:49","slug":"germaine-de-capuccini-timexpert-hydraluronic-3d-force-serum","status":"publish","type":"product","link":"https:\/\/farmaon4.apptirana.al\/en\/produkt\/germaine-de-capuccini-timexpert-hydraluronic-3d-force-serum\/","title":{"rendered":"Germaine de Capuccini Timexpert Hydraluronic 3D Force Serum"},"content":{"rendered":"<p>Formulimi ekskluziv q\u00eb kombinon fuqin\u00eb e acidit hialuronik me nanopolimerin e patentuar HLG, p\u00ebr t\u00eb krijuar nj\u00eb trajtim inovativ p\u00ebr l\u00ebkur\u00ebn duksh\u00ebm m\u00eb t\u00eb hidratuar.Timexpert Hydraluronic vepron si nj\u00eb &#8220;filler&#8221;.Nj\u00eb formul\u00eb e p\u00ebrqendruar q\u00eb kombinon acidin hialuronik me pesh\u00eb molekulare t\u00eb lart\u00eb, t\u00eb mesme dhe t\u00eb ul\u00ebt me Nanopolimerin HLG q\u00eb sjell:<\/p>\n<ul>\n<li>Hidratim maksimal n\u00eb t\u00eb gjitha shtresat e l\u00ebkur\u00ebs.<\/li>\n<li>Hidratim 24-or\u00ebsh.<\/li>\n<li>Efekt mbush\u00ebs.<\/li>\n<\/ul>\n<p>Serum me tekstur\u00eb xheli, q\u00eb n\u00eb saj\u00eb t\u00eb kombinimit t\u00eb tre llojeve t\u00eb ndryshme t\u00eb acidit hialuronik ka veprim hidratues dhe anti-age.Minimizon rrudhat.I testuar dermatologjikisht n\u00eb l\u00ebkur\u00eb t\u00eb ndjeshme.<\/p>\n","protected":false},"excerpt":{"rendered":"<p>Serum hidratues me efekt filler p<span class=\"Y2IQFc\" lang=\"sq\">\u00ebr fytyr\u00ebn<\/span>30 ml<\/p>\n<pre id=\"tw-target-text\" class=\"tw-data-text tw-text-large tw-ta\" dir=\"ltr\" data-placeholder=\"Translation\" data-ved=\"2ahUKEwilzOG3m_aCAxX60QIHHZ3tAvsQ3ewLegQICRAQ\"><\/pre>\n","protected":false},"featured_media":459137,"template":"","meta":{"_acf_changed":false},"product_brand":[],"product_cat":[49981,50044,55668,50099],"product_tag":[57893,46023,46269,57874,50577,54922],"giftcard-category":[],"class_list":{"0":"post-467880","1":"product","2":"type-product","3":"status-publish","4":"has-post-thumbnail","6":"product_cat-anti-age-dhe-anti-rrudhe-english","7":"product_cat-dermokozmetike-english","8":"product_cat-face-dermokozmetike-english","9":"product_cat-hidratimi-dhe-ushqimi-english","10":"product_tag-anti-age-en","11":"product_tag-anti-age","12":"product_tag-face","13":"product_tag-fytyra-en","14":"product_tag-acid-hialuronik-en","15":"product_tag-hidratim-en","17":"first","18":"instock","19":"sale","20":"taxable","21":"shipping-taxable","22":"purchasable","23":"product-type-simple"},"bundled_by":[],"bundle_stock_status":"instock","bundle_stock_quantity":1,"bundle_virtual":false,"bundle_layout":"","bundle_add_to_cart_form_location":"","bundle_editable_in_cart":false,"bundle_sold_individually_context":"","bundle_item_grouping":"","bundle_min_size":"","bundle_max_size":"","bundle_price":[],"bundled_items":[],"bundle_sell_ids":[],"acf":[],"yoast_head":"<!-- This site is optimized with the Yoast SEO Premium plugin v23.0 (Yoast SEO v26.0) - https:\/\/yoast.com\/wordpress\/plugins\/seo\/ -->\n<title>Germaine de Capuccini Timexpert Hydraluronic 3D Force Serum - Farmaon<\/title>\n<meta name=\"robots\" content=\"index, follow, max-snippet:-1, max-image-preview:large, max-video-preview:-1\" \/>\n<link rel=\"canonical\" href=\"https:\/\/farmaon4.apptirana.al\/en\/produkt\/germaine-de-capuccini-timexpert-hydraluronic-3d-force-serum\/\" \/>\n<meta property=\"og:locale\" content=\"en_US\" \/>\n<meta property=\"og:type\" content=\"article\" \/>\n<meta property=\"og:title\" content=\"Germaine de Capuccini Timexpert Hydraluronic 3D Force Serum\" \/>\n<meta property=\"og:description\" content=\"Serum hidratues me efekt filler p\u00ebr fytyr\u00ebn30 ml\" \/>\n<meta property=\"og:url\" content=\"https:\/\/farmaon4.apptirana.al\/en\/produkt\/germaine-de-capuccini-timexpert-hydraluronic-3d-force-serum\/\" \/>\n<meta property=\"og:site_name\" content=\"Farmaon\" \/>\n<meta property=\"article:modified_time\" content=\"2026-04-28T23:36:49+00:00\" \/>\n<meta property=\"og:image\" content=\"https:\/\/farmaon4.apptirana.al\/wp-content\/uploads\/2024\/03\/GRM097.jpg\" \/>\n\t<meta property=\"og:image:width\" content=\"1080\" \/>\n\t<meta property=\"og:image:height\" content=\"1080\" \/>\n\t<meta property=\"og:image:type\" content=\"image\/jpeg\" \/>\n<meta name=\"twitter:card\" content=\"summary_large_image\" \/>\n<meta name=\"twitter:label1\" content=\"Price\" \/>\n\t<meta name=\"twitter:data1\" content=\"4403&nbsp;L\" \/>\n\t<meta name=\"twitter:label2\" content=\"Availability\" \/>\n\t<meta name=\"twitter:data2\" content=\"In stock\" \/>\n<script type=\"application\/ld+json\" class=\"yoast-schema-graph\">{\"@context\":\"https:\/\/schema.org\",\"@graph\":[{\"@type\":\"WebPage\",\"@id\":\"https:\/\/farmaon4.apptirana.al\/en\/produkt\/germaine-de-capuccini-timexpert-hydraluronic-3d-force-serum\/\",\"url\":\"https:\/\/farmaon4.apptirana.al\/en\/produkt\/germaine-de-capuccini-timexpert-hydraluronic-3d-force-serum\/\",\"name\":\"Germaine de Capuccini Timexpert Hydraluronic 3D Force Serum - Farmaon\",\"isPartOf\":{\"@id\":\"https:\/\/farmaon4.apptirana.al\/#website\"},\"primaryImageOfPage\":{\"@id\":\"https:\/\/farmaon4.apptirana.al\/en\/produkt\/germaine-de-capuccini-timexpert-hydraluronic-3d-force-serum\/#primaryimage\"},\"image\":{\"@id\":\"https:\/\/farmaon4.apptirana.al\/en\/produkt\/germaine-de-capuccini-timexpert-hydraluronic-3d-force-serum\/#primaryimage\"},\"thumbnailUrl\":\"https:\/\/farmaon4.apptirana.al\/wp-content\/uploads\/2024\/03\/GRM097.jpg\",\"datePublished\":\"2024-03-15T23:24:46+00:00\",\"dateModified\":\"2026-04-28T23:36:49+00:00\",\"breadcrumb\":{\"@id\":\"https:\/\/farmaon4.apptirana.al\/en\/produkt\/germaine-de-capuccini-timexpert-hydraluronic-3d-force-serum\/#breadcrumb\"},\"inLanguage\":\"en-US\",\"potentialAction\":[{\"@type\":\"ReadAction\",\"target\":[\"https:\/\/farmaon4.apptirana.al\/en\/produkt\/germaine-de-capuccini-timexpert-hydraluronic-3d-force-serum\/\"]}]},{\"@type\":\"ImageObject\",\"inLanguage\":\"en-US\",\"@id\":\"https:\/\/farmaon4.apptirana.al\/en\/produkt\/germaine-de-capuccini-timexpert-hydraluronic-3d-force-serum\/#primaryimage\",\"url\":\"https:\/\/farmaon4.apptirana.al\/wp-content\/uploads\/2024\/03\/GRM097.jpg\",\"contentUrl\":\"https:\/\/farmaon4.apptirana.al\/wp-content\/uploads\/2024\/03\/GRM097.jpg\",\"width\":1080,\"height\":1080},{\"@type\":\"BreadcrumbList\",\"@id\":\"https:\/\/farmaon4.apptirana.al\/en\/produkt\/germaine-de-capuccini-timexpert-hydraluronic-3d-force-serum\/#breadcrumb\",\"itemListElement\":[{\"@type\":\"ListItem\",\"position\":1,\"name\":\"Home\",\"item\":\"https:\/\/farmaon4.apptirana.al\/en\/\"},{\"@type\":\"ListItem\",\"position\":2,\"name\":\"Shop\",\"item\":\"https:\/\/farmaon4.apptirana.al\/en\/shop-3\/\"},{\"@type\":\"ListItem\",\"position\":3,\"name\":\"Germaine de Capuccini Timexpert Hydraluronic 3D Force Serum\"}]},{\"@type\":\"WebSite\",\"@id\":\"https:\/\/farmaon4.apptirana.al\/#website\",\"url\":\"https:\/\/farmaon4.apptirana.al\/\",\"name\":\"Farmaon\",\"description\":\"Farmacia Juaj Online!\",\"publisher\":{\"@id\":\"https:\/\/farmaon4.apptirana.al\/#organization\"},\"potentialAction\":[{\"@type\":\"SearchAction\",\"target\":{\"@type\":\"EntryPoint\",\"urlTemplate\":\"https:\/\/farmaon4.apptirana.al\/?s={search_term_string}\"},\"query-input\":{\"@type\":\"PropertyValueSpecification\",\"valueRequired\":true,\"valueName\":\"search_term_string\"}}],\"inLanguage\":\"en-US\"},{\"@type\":\"Organization\",\"@id\":\"https:\/\/farmaon4.apptirana.al\/#organization\",\"name\":\"Farmaon\",\"url\":\"https:\/\/farmaon4.apptirana.al\/\",\"logo\":{\"@type\":\"ImageObject\",\"inLanguage\":\"en-US\",\"@id\":\"https:\/\/farmaon4.apptirana.al\/#\/schema\/logo\/image\/\",\"url\":\"https:\/\/farmaon4.apptirana.al\/wp-content\/uploads\/2024\/08\/7f987514-logo-farmaon.png\",\"contentUrl\":\"https:\/\/farmaon4.apptirana.al\/wp-content\/uploads\/2024\/08\/7f987514-logo-farmaon.png\",\"width\":219,\"height\":53,\"caption\":\"Farmaon\"},\"image\":{\"@id\":\"https:\/\/farmaon4.apptirana.al\/#\/schema\/logo\/image\/\"}}]}<\/script>\n<meta property=\"product:price:amount\" content=\"4403\" \/>\n<meta property=\"product:price:currency\" content=\"ALL\" \/>\n<meta property=\"og:availability\" content=\"instock\" \/>\n<meta property=\"product:availability\" content=\"instock\" \/>\n<meta property=\"product:retailer_item_id\" content=\"GRM097\" \/>\n<meta property=\"product:condition\" content=\"new\" \/>\n<!-- \/ Yoast SEO Premium plugin. -->","yoast_head_json":{"title":"Germaine de Capuccini Timexpert Hydraluronic 3D Force Serum - Farmaon","robots":{"index":"index","follow":"follow","max-snippet":"max-snippet:-1","max-image-preview":"max-image-preview:large","max-video-preview":"max-video-preview:-1"},"canonical":"https:\/\/farmaon4.apptirana.al\/en\/produkt\/germaine-de-capuccini-timexpert-hydraluronic-3d-force-serum\/","og_locale":"en_US","og_type":"article","og_title":"Germaine de Capuccini Timexpert Hydraluronic 3D Force Serum","og_description":"Serum hidratues me efekt filler p\u00ebr fytyr\u00ebn30 ml","og_url":"https:\/\/farmaon4.apptirana.al\/en\/produkt\/germaine-de-capuccini-timexpert-hydraluronic-3d-force-serum\/","og_site_name":"Farmaon","article_modified_time":"2026-04-28T23:36:49+00:00","og_image":[{"width":1080,"height":1080,"url":"https:\/\/farmaon4.apptirana.al\/wp-content\/uploads\/2024\/03\/GRM097.jpg","type":"image\/jpeg"}],"twitter_card":"summary_large_image","twitter_misc":{"Price":"4403&nbsp;L","Availability":"In stock"},"schema":{"@context":"https:\/\/schema.org","@graph":[{"@type":"WebPage","@id":"https:\/\/farmaon4.apptirana.al\/en\/produkt\/germaine-de-capuccini-timexpert-hydraluronic-3d-force-serum\/","url":"https:\/\/farmaon4.apptirana.al\/en\/produkt\/germaine-de-capuccini-timexpert-hydraluronic-3d-force-serum\/","name":"Germaine de Capuccini Timexpert Hydraluronic 3D Force Serum - Farmaon","isPartOf":{"@id":"https:\/\/farmaon4.apptirana.al\/#website"},"primaryImageOfPage":{"@id":"https:\/\/farmaon4.apptirana.al\/en\/produkt\/germaine-de-capuccini-timexpert-hydraluronic-3d-force-serum\/#primaryimage"},"image":{"@id":"https:\/\/farmaon4.apptirana.al\/en\/produkt\/germaine-de-capuccini-timexpert-hydraluronic-3d-force-serum\/#primaryimage"},"thumbnailUrl":"https:\/\/farmaon4.apptirana.al\/wp-content\/uploads\/2024\/03\/GRM097.jpg","datePublished":"2024-03-15T23:24:46+00:00","dateModified":"2026-04-28T23:36:49+00:00","breadcrumb":{"@id":"https:\/\/farmaon4.apptirana.al\/en\/produkt\/germaine-de-capuccini-timexpert-hydraluronic-3d-force-serum\/#breadcrumb"},"inLanguage":"en-US","potentialAction":[{"@type":"ReadAction","target":["https:\/\/farmaon4.apptirana.al\/en\/produkt\/germaine-de-capuccini-timexpert-hydraluronic-3d-force-serum\/"]}]},{"@type":"ImageObject","inLanguage":"en-US","@id":"https:\/\/farmaon4.apptirana.al\/en\/produkt\/germaine-de-capuccini-timexpert-hydraluronic-3d-force-serum\/#primaryimage","url":"https:\/\/farmaon4.apptirana.al\/wp-content\/uploads\/2024\/03\/GRM097.jpg","contentUrl":"https:\/\/farmaon4.apptirana.al\/wp-content\/uploads\/2024\/03\/GRM097.jpg","width":1080,"height":1080},{"@type":"BreadcrumbList","@id":"https:\/\/farmaon4.apptirana.al\/en\/produkt\/germaine-de-capuccini-timexpert-hydraluronic-3d-force-serum\/#breadcrumb","itemListElement":[{"@type":"ListItem","position":1,"name":"Home","item":"https:\/\/farmaon4.apptirana.al\/en\/"},{"@type":"ListItem","position":2,"name":"Shop","item":"https:\/\/farmaon4.apptirana.al\/en\/shop-3\/"},{"@type":"ListItem","position":3,"name":"Germaine de Capuccini Timexpert Hydraluronic 3D Force Serum"}]},{"@type":"WebSite","@id":"https:\/\/farmaon4.apptirana.al\/#website","url":"https:\/\/farmaon4.apptirana.al\/","name":"Farmaon","description":"Farmacia Juaj Online!","publisher":{"@id":"https:\/\/farmaon4.apptirana.al\/#organization"},"potentialAction":[{"@type":"SearchAction","target":{"@type":"EntryPoint","urlTemplate":"https:\/\/farmaon4.apptirana.al\/?s={search_term_string}"},"query-input":{"@type":"PropertyValueSpecification","valueRequired":true,"valueName":"search_term_string"}}],"inLanguage":"en-US"},{"@type":"Organization","@id":"https:\/\/farmaon4.apptirana.al\/#organization","name":"Farmaon","url":"https:\/\/farmaon4.apptirana.al\/","logo":{"@type":"ImageObject","inLanguage":"en-US","@id":"https:\/\/farmaon4.apptirana.al\/#\/schema\/logo\/image\/","url":"https:\/\/farmaon4.apptirana.al\/wp-content\/uploads\/2024\/08\/7f987514-logo-farmaon.png","contentUrl":"https:\/\/farmaon4.apptirana.al\/wp-content\/uploads\/2024\/08\/7f987514-logo-farmaon.png","width":219,"height":53,"caption":"Farmaon"},"image":{"@id":"https:\/\/farmaon4.apptirana.al\/#\/schema\/logo\/image\/"}}]},"product_price_amount":"4403","product_price_currency":"ALL","og_availability":"instock","product_availability":"instock","product_retailer_item_id":"GRM097","product_condition":"new"},"_links":{"self":[{"href":"https:\/\/farmaon4.apptirana.al\/en\/wp-json\/wp\/v2\/product\/467880","targetHints":{"allow":["GET"]}}],"collection":[{"href":"https:\/\/farmaon4.apptirana.al\/en\/wp-json\/wp\/v2\/product"}],"about":[{"href":"https:\/\/farmaon4.apptirana.al\/en\/wp-json\/wp\/v2\/types\/product"}],"version-history":[{"count":0,"href":"https:\/\/farmaon4.apptirana.al\/en\/wp-json\/wp\/v2\/product\/467880\/revisions"}],"wp:featuredmedia":[{"embeddable":true,"href":"https:\/\/farmaon4.apptirana.al\/en\/wp-json\/wp\/v2\/media\/459137"}],"wp:attachment":[{"href":"https:\/\/farmaon4.apptirana.al\/en\/wp-json\/wp\/v2\/media?parent=467880"}],"wp:term":[{"taxonomy":"product_brand","embeddable":true,"href":"https:\/\/farmaon4.apptirana.al\/en\/wp-json\/wp\/v2\/product_brand?post=467880"},{"taxonomy":"product_cat","embeddable":true,"href":"https:\/\/farmaon4.apptirana.al\/en\/wp-json\/wp\/v2\/product_cat?post=467880"},{"taxonomy":"product_tag","embeddable":true,"href":"https:\/\/farmaon4.apptirana.al\/en\/wp-json\/wp\/v2\/product_tag?post=467880"},{"taxonomy":"giftcard-category","embeddable":true,"href":"https:\/\/farmaon4.apptirana.al\/en\/wp-json\/wp\/v2\/giftcard-category?post=467880"}],"curies":[{"name":"wp","href":"https:\/\/api.w.org\/{rel}","templated":true}]}}