{"id":467882,"date":"2024-03-15T23:24:41","date_gmt":"2024-03-15T23:24:41","guid":{"rendered":"https:\/\/farmaon4.apptirana.al\/product\/germaine-de-capuccini-expert-lab-glycocure-at-home-peel-system-2\/"},"modified":"2026-04-09T23:57:47","modified_gmt":"2026-04-09T22:57:47","slug":"germaine-de-capuccini-expert-lab-glycocure-at-home-peel-system","status":"publish","type":"product","link":"https:\/\/farmaon4.apptirana.al\/en\/produkt\/germaine-de-capuccini-expert-lab-glycocure-at-home-peel-system\/","title":{"rendered":"Germaine de Capuccini Expert Lab Glycocure at Home Peel System"},"content":{"rendered":"<p>Seti Glycocure me vet\u00ebm 2 hapa rikthen shk\u00eblqimin e fytyr\u00ebs.Tep\u00ebr praktik: kjo mund\u00ebson kryerjen e trajtimit peeling n\u00eb kushte sht\u00ebpie.Seti p\u00ebrmban nj\u00eb serum dhe nj\u00eb mask\u00eb eksfoljuese p\u00ebr l\u00ebkur\u00eb pa jet\u00eb dhe me ton jo t\u00eb nj\u00ebtrajtsh\u00ebm.1. Maska eksfoljuese dhe rigjenerueseKa nj\u00eb tekstur\u00eb xheli. Kombinon eksfoljmin kimik (me alfa-hidroksi acide dhe acid salicilik) me nj\u00eb eksfoliant mekanik (mikrosferat e dyllit) p\u00ebr t\u00eb nxitur deskuamimin e plot\u00eb t\u00eb l\u00ebkur\u00ebs, me q\u00ebllim q\u00eb t\u00eb rigjeneroj\u00eb l\u00ebkur\u00ebn.Q\u00eb n\u00eb aplikimin e par\u00eb, toni dhe struktura e l\u00ebkur\u00ebs p\u00ebrmir\u00ebsohen.N\u00eb disa aplikime t\u00eb nj\u00ebpasnj\u00ebshme (aplikojeni nj\u00eb her\u00eb n\u00eb jav\u00eb) l\u00ebkura duket m\u00eb e sh\u00ebndetshme.&nbsp;2. Koncentrat aktivizues hidro-ristrukturues me glikokur.Nj\u00eb tekstur\u00eb e leht\u00eb dhe kremoze, me veprim rigjenerues, anti-age dhe super hidratues.Rivendos barrier\u00ebn e l\u00ebkur\u00ebs dhe siguron nj\u00eb pamje m\u00eb rinore.P\u00ebrmban:<\/p>\n<ul>\n<li>Eksfoljuesit enzimatik\u00eb t\u00eb till\u00eb si ekstrakti Papin dhe Castanea Sativa.<\/li>\n<li>Acid glikolik t\u00eb kapsuluar n\u00eb ciklodekstrina q\u00eb lejojn\u00eb eksfolimin progresiv dhe t\u00eb kontrolluar.<\/li>\n<li>Ekstrakt bimor qet\u00ebsues dhe anti-inflamator nga Phragmites Kharka.<\/li>\n<\/ul>\n<p>Me p\u00ebrdorimin e tij t\u00eb rregullt dhe t\u00eb vazhduesh\u00ebm, p\u00ebrmir\u00ebson tonin e l\u00ebkur\u00ebs, zvog\u00eblon shfaqjen e rrudhave, pak\u00ebson parregullsit\u00eb dhe p\u00ebrmir\u00ebson elasticitetin.Aplikoni gjithmon\u00eb nj\u00eb krem \u200b\u200bkund\u00ebr diellit me spf jo m\u00eb pak se 30.&nbsp;<\/p>\n","protected":false},"excerpt":{"rendered":"<p>Set p<span class=\"Y2IQFc\" lang=\"sq\">\u00ebr trajtim peeling n\u00eb kushte sht\u00ebpie<\/span>50 ml, 50 ml<\/p>\n","protected":false},"featured_media":459131,"template":"","meta":{"_acf_changed":false},"product_brand":[],"product_cat":[49981,50328,50044,55668],"product_tag":[46023,57893,55396,46269,57874,46966,57948],"giftcard-category":[],"class_list":{"0":"post-467882","1":"product","2":"type-product","3":"status-publish","4":"has-post-thumbnail","6":"product_cat-anti-age-dhe-anti-rrudhe-english","7":"product_cat-trajtime-kunder-njollave-english","8":"product_cat-dermokozmetike-english","9":"product_cat-face-dermokozmetike-english","10":"product_tag-anti-age","11":"product_tag-anti-age-en","12":"product_tag-exfoliator","13":"product_tag-face","14":"product_tag-fytyra-en","15":"product_tag-peeling","16":"product_tag-peeling-en","18":"first","19":"instock","20":"sale","21":"taxable","22":"shipping-taxable","23":"purchasable","24":"product-type-simple"},"bundled_by":[],"bundle_stock_status":"instock","bundle_stock_quantity":2,"bundle_virtual":false,"bundle_layout":"","bundle_add_to_cart_form_location":"","bundle_editable_in_cart":false,"bundle_sold_individually_context":"","bundle_item_grouping":"","bundle_min_size":"","bundle_max_size":"","bundle_price":[],"bundled_items":[],"bundle_sell_ids":[],"acf":[],"yoast_head":"<!-- This site is optimized with the Yoast SEO Premium plugin v23.0 (Yoast SEO v26.0) - https:\/\/yoast.com\/wordpress\/plugins\/seo\/ -->\n<title>Germaine de Capuccini Expert Lab Glycocure at Home Peel System - Farmaon<\/title>\n<meta name=\"robots\" content=\"index, follow, max-snippet:-1, max-image-preview:large, max-video-preview:-1\" \/>\n<link rel=\"canonical\" href=\"https:\/\/farmaon4.apptirana.al\/en\/produkt\/germaine-de-capuccini-expert-lab-glycocure-at-home-peel-system\/\" \/>\n<meta property=\"og:locale\" content=\"en_US\" \/>\n<meta property=\"og:type\" content=\"article\" \/>\n<meta property=\"og:title\" content=\"Germaine de Capuccini Expert Lab Glycocure at Home Peel System\" \/>\n<meta property=\"og:description\" content=\"Set p\u00ebr trajtim peeling n\u00eb kushte sht\u00ebpie50 ml, 50 ml\" \/>\n<meta property=\"og:url\" content=\"https:\/\/farmaon4.apptirana.al\/en\/produkt\/germaine-de-capuccini-expert-lab-glycocure-at-home-peel-system\/\" \/>\n<meta property=\"og:site_name\" content=\"Farmaon\" \/>\n<meta property=\"article:modified_time\" content=\"2026-04-09T22:57:47+00:00\" \/>\n<meta property=\"og:image\" content=\"https:\/\/farmaon4.apptirana.al\/wp-content\/uploads\/2024\/03\/GRM100-1.jpg\" \/>\n\t<meta property=\"og:image:width\" content=\"1080\" \/>\n\t<meta property=\"og:image:height\" content=\"1080\" \/>\n\t<meta property=\"og:image:type\" content=\"image\/jpeg\" \/>\n<meta name=\"twitter:card\" content=\"summary_large_image\" \/>\n<meta name=\"twitter:label1\" content=\"Price\" \/>\n\t<meta name=\"twitter:data1\" content=\"6986&nbsp;L\" \/>\n\t<meta name=\"twitter:label2\" content=\"Availability\" \/>\n\t<meta name=\"twitter:data2\" content=\"In stock\" \/>\n<script type=\"application\/ld+json\" class=\"yoast-schema-graph\">{\"@context\":\"https:\/\/schema.org\",\"@graph\":[{\"@type\":\"WebPage\",\"@id\":\"https:\/\/farmaon4.apptirana.al\/en\/produkt\/germaine-de-capuccini-expert-lab-glycocure-at-home-peel-system\/\",\"url\":\"https:\/\/farmaon4.apptirana.al\/en\/produkt\/germaine-de-capuccini-expert-lab-glycocure-at-home-peel-system\/\",\"name\":\"Germaine de Capuccini Expert Lab Glycocure at Home Peel System - Farmaon\",\"isPartOf\":{\"@id\":\"https:\/\/farmaon4.apptirana.al\/#website\"},\"primaryImageOfPage\":{\"@id\":\"https:\/\/farmaon4.apptirana.al\/en\/produkt\/germaine-de-capuccini-expert-lab-glycocure-at-home-peel-system\/#primaryimage\"},\"image\":{\"@id\":\"https:\/\/farmaon4.apptirana.al\/en\/produkt\/germaine-de-capuccini-expert-lab-glycocure-at-home-peel-system\/#primaryimage\"},\"thumbnailUrl\":\"https:\/\/farmaon4.apptirana.al\/wp-content\/uploads\/2024\/03\/GRM100-1.jpg\",\"datePublished\":\"2024-03-15T23:24:41+00:00\",\"dateModified\":\"2026-04-09T22:57:47+00:00\",\"breadcrumb\":{\"@id\":\"https:\/\/farmaon4.apptirana.al\/en\/produkt\/germaine-de-capuccini-expert-lab-glycocure-at-home-peel-system\/#breadcrumb\"},\"inLanguage\":\"en-US\",\"potentialAction\":[{\"@type\":\"ReadAction\",\"target\":[\"https:\/\/farmaon4.apptirana.al\/en\/produkt\/germaine-de-capuccini-expert-lab-glycocure-at-home-peel-system\/\"]}]},{\"@type\":\"ImageObject\",\"inLanguage\":\"en-US\",\"@id\":\"https:\/\/farmaon4.apptirana.al\/en\/produkt\/germaine-de-capuccini-expert-lab-glycocure-at-home-peel-system\/#primaryimage\",\"url\":\"https:\/\/farmaon4.apptirana.al\/wp-content\/uploads\/2024\/03\/GRM100-1.jpg\",\"contentUrl\":\"https:\/\/farmaon4.apptirana.al\/wp-content\/uploads\/2024\/03\/GRM100-1.jpg\",\"width\":1080,\"height\":1080},{\"@type\":\"BreadcrumbList\",\"@id\":\"https:\/\/farmaon4.apptirana.al\/en\/produkt\/germaine-de-capuccini-expert-lab-glycocure-at-home-peel-system\/#breadcrumb\",\"itemListElement\":[{\"@type\":\"ListItem\",\"position\":1,\"name\":\"Home\",\"item\":\"https:\/\/farmaon4.apptirana.al\/en\/\"},{\"@type\":\"ListItem\",\"position\":2,\"name\":\"Shop\",\"item\":\"https:\/\/farmaon4.apptirana.al\/en\/shop-3\/\"},{\"@type\":\"ListItem\",\"position\":3,\"name\":\"Germaine de Capuccini Expert Lab Glycocure at Home Peel System\"}]},{\"@type\":\"WebSite\",\"@id\":\"https:\/\/farmaon4.apptirana.al\/#website\",\"url\":\"https:\/\/farmaon4.apptirana.al\/\",\"name\":\"Farmaon\",\"description\":\"Farmacia Juaj Online!\",\"publisher\":{\"@id\":\"https:\/\/farmaon4.apptirana.al\/#organization\"},\"potentialAction\":[{\"@type\":\"SearchAction\",\"target\":{\"@type\":\"EntryPoint\",\"urlTemplate\":\"https:\/\/farmaon4.apptirana.al\/?s={search_term_string}\"},\"query-input\":{\"@type\":\"PropertyValueSpecification\",\"valueRequired\":true,\"valueName\":\"search_term_string\"}}],\"inLanguage\":\"en-US\"},{\"@type\":\"Organization\",\"@id\":\"https:\/\/farmaon4.apptirana.al\/#organization\",\"name\":\"Farmaon\",\"url\":\"https:\/\/farmaon4.apptirana.al\/\",\"logo\":{\"@type\":\"ImageObject\",\"inLanguage\":\"en-US\",\"@id\":\"https:\/\/farmaon4.apptirana.al\/#\/schema\/logo\/image\/\",\"url\":\"https:\/\/farmaon4.apptirana.al\/wp-content\/uploads\/2024\/08\/7f987514-logo-farmaon.png\",\"contentUrl\":\"https:\/\/farmaon4.apptirana.al\/wp-content\/uploads\/2024\/08\/7f987514-logo-farmaon.png\",\"width\":219,\"height\":53,\"caption\":\"Farmaon\"},\"image\":{\"@id\":\"https:\/\/farmaon4.apptirana.al\/#\/schema\/logo\/image\/\"}}]}<\/script>\n<meta property=\"product:price:amount\" content=\"6986\" \/>\n<meta property=\"product:price:currency\" content=\"ALL\" \/>\n<meta property=\"og:availability\" content=\"instock\" \/>\n<meta property=\"product:availability\" content=\"instock\" \/>\n<meta property=\"product:retailer_item_id\" content=\"GRM100\" \/>\n<meta property=\"product:condition\" content=\"new\" \/>\n<!-- \/ Yoast SEO Premium plugin. -->","yoast_head_json":{"title":"Germaine de Capuccini Expert Lab Glycocure at Home Peel System - Farmaon","robots":{"index":"index","follow":"follow","max-snippet":"max-snippet:-1","max-image-preview":"max-image-preview:large","max-video-preview":"max-video-preview:-1"},"canonical":"https:\/\/farmaon4.apptirana.al\/en\/produkt\/germaine-de-capuccini-expert-lab-glycocure-at-home-peel-system\/","og_locale":"en_US","og_type":"article","og_title":"Germaine de Capuccini Expert Lab Glycocure at Home Peel System","og_description":"Set p\u00ebr trajtim peeling n\u00eb kushte sht\u00ebpie50 ml, 50 ml","og_url":"https:\/\/farmaon4.apptirana.al\/en\/produkt\/germaine-de-capuccini-expert-lab-glycocure-at-home-peel-system\/","og_site_name":"Farmaon","article_modified_time":"2026-04-09T22:57:47+00:00","og_image":[{"width":1080,"height":1080,"url":"https:\/\/farmaon4.apptirana.al\/wp-content\/uploads\/2024\/03\/GRM100-1.jpg","type":"image\/jpeg"}],"twitter_card":"summary_large_image","twitter_misc":{"Price":"6986&nbsp;L","Availability":"In stock"},"schema":{"@context":"https:\/\/schema.org","@graph":[{"@type":"WebPage","@id":"https:\/\/farmaon4.apptirana.al\/en\/produkt\/germaine-de-capuccini-expert-lab-glycocure-at-home-peel-system\/","url":"https:\/\/farmaon4.apptirana.al\/en\/produkt\/germaine-de-capuccini-expert-lab-glycocure-at-home-peel-system\/","name":"Germaine de Capuccini Expert Lab Glycocure at Home Peel System - Farmaon","isPartOf":{"@id":"https:\/\/farmaon4.apptirana.al\/#website"},"primaryImageOfPage":{"@id":"https:\/\/farmaon4.apptirana.al\/en\/produkt\/germaine-de-capuccini-expert-lab-glycocure-at-home-peel-system\/#primaryimage"},"image":{"@id":"https:\/\/farmaon4.apptirana.al\/en\/produkt\/germaine-de-capuccini-expert-lab-glycocure-at-home-peel-system\/#primaryimage"},"thumbnailUrl":"https:\/\/farmaon4.apptirana.al\/wp-content\/uploads\/2024\/03\/GRM100-1.jpg","datePublished":"2024-03-15T23:24:41+00:00","dateModified":"2026-04-09T22:57:47+00:00","breadcrumb":{"@id":"https:\/\/farmaon4.apptirana.al\/en\/produkt\/germaine-de-capuccini-expert-lab-glycocure-at-home-peel-system\/#breadcrumb"},"inLanguage":"en-US","potentialAction":[{"@type":"ReadAction","target":["https:\/\/farmaon4.apptirana.al\/en\/produkt\/germaine-de-capuccini-expert-lab-glycocure-at-home-peel-system\/"]}]},{"@type":"ImageObject","inLanguage":"en-US","@id":"https:\/\/farmaon4.apptirana.al\/en\/produkt\/germaine-de-capuccini-expert-lab-glycocure-at-home-peel-system\/#primaryimage","url":"https:\/\/farmaon4.apptirana.al\/wp-content\/uploads\/2024\/03\/GRM100-1.jpg","contentUrl":"https:\/\/farmaon4.apptirana.al\/wp-content\/uploads\/2024\/03\/GRM100-1.jpg","width":1080,"height":1080},{"@type":"BreadcrumbList","@id":"https:\/\/farmaon4.apptirana.al\/en\/produkt\/germaine-de-capuccini-expert-lab-glycocure-at-home-peel-system\/#breadcrumb","itemListElement":[{"@type":"ListItem","position":1,"name":"Home","item":"https:\/\/farmaon4.apptirana.al\/en\/"},{"@type":"ListItem","position":2,"name":"Shop","item":"https:\/\/farmaon4.apptirana.al\/en\/shop-3\/"},{"@type":"ListItem","position":3,"name":"Germaine de Capuccini Expert Lab Glycocure at Home Peel System"}]},{"@type":"WebSite","@id":"https:\/\/farmaon4.apptirana.al\/#website","url":"https:\/\/farmaon4.apptirana.al\/","name":"Farmaon","description":"Farmacia Juaj Online!","publisher":{"@id":"https:\/\/farmaon4.apptirana.al\/#organization"},"potentialAction":[{"@type":"SearchAction","target":{"@type":"EntryPoint","urlTemplate":"https:\/\/farmaon4.apptirana.al\/?s={search_term_string}"},"query-input":{"@type":"PropertyValueSpecification","valueRequired":true,"valueName":"search_term_string"}}],"inLanguage":"en-US"},{"@type":"Organization","@id":"https:\/\/farmaon4.apptirana.al\/#organization","name":"Farmaon","url":"https:\/\/farmaon4.apptirana.al\/","logo":{"@type":"ImageObject","inLanguage":"en-US","@id":"https:\/\/farmaon4.apptirana.al\/#\/schema\/logo\/image\/","url":"https:\/\/farmaon4.apptirana.al\/wp-content\/uploads\/2024\/08\/7f987514-logo-farmaon.png","contentUrl":"https:\/\/farmaon4.apptirana.al\/wp-content\/uploads\/2024\/08\/7f987514-logo-farmaon.png","width":219,"height":53,"caption":"Farmaon"},"image":{"@id":"https:\/\/farmaon4.apptirana.al\/#\/schema\/logo\/image\/"}}]},"product_price_amount":"6986","product_price_currency":"ALL","og_availability":"instock","product_availability":"instock","product_retailer_item_id":"GRM100","product_condition":"new"},"_links":{"self":[{"href":"https:\/\/farmaon4.apptirana.al\/en\/wp-json\/wp\/v2\/product\/467882","targetHints":{"allow":["GET"]}}],"collection":[{"href":"https:\/\/farmaon4.apptirana.al\/en\/wp-json\/wp\/v2\/product"}],"about":[{"href":"https:\/\/farmaon4.apptirana.al\/en\/wp-json\/wp\/v2\/types\/product"}],"version-history":[{"count":0,"href":"https:\/\/farmaon4.apptirana.al\/en\/wp-json\/wp\/v2\/product\/467882\/revisions"}],"wp:featuredmedia":[{"embeddable":true,"href":"https:\/\/farmaon4.apptirana.al\/en\/wp-json\/wp\/v2\/media\/459131"}],"wp:attachment":[{"href":"https:\/\/farmaon4.apptirana.al\/en\/wp-json\/wp\/v2\/media?parent=467882"}],"wp:term":[{"taxonomy":"product_brand","embeddable":true,"href":"https:\/\/farmaon4.apptirana.al\/en\/wp-json\/wp\/v2\/product_brand?post=467882"},{"taxonomy":"product_cat","embeddable":true,"href":"https:\/\/farmaon4.apptirana.al\/en\/wp-json\/wp\/v2\/product_cat?post=467882"},{"taxonomy":"product_tag","embeddable":true,"href":"https:\/\/farmaon4.apptirana.al\/en\/wp-json\/wp\/v2\/product_tag?post=467882"},{"taxonomy":"giftcard-category","embeddable":true,"href":"https:\/\/farmaon4.apptirana.al\/en\/wp-json\/wp\/v2\/giftcard-category?post=467882"}],"curies":[{"name":"wp","href":"https:\/\/api.w.org\/{rel}","templated":true}]}}