{"id":470413,"date":"2024-06-07T16:11:03","date_gmt":"2024-06-07T16:11:03","guid":{"rendered":"https:\/\/farmaon4.apptirana.al\/product\/vichy-mineral-89-72h-hyaluronic-acid-daily-fluid-spf50-sun-cream\/"},"modified":"2026-05-05T11:16:55","modified_gmt":"2026-05-05T10:16:55","slug":"vichy-mineral-89-72h-hyaluronic-acid-daily-fluid-spf50-sun-cream","status":"publish","type":"product","link":"https:\/\/farmaon4.apptirana.al\/en\/produkt\/vichy-mineral-89-72h-hyaluronic-acid-daily-fluid-spf50-sun-cream\/","title":{"rendered":"Vichy Mineral 89 72H Hyaluronic Acid Daily Fluid SPF50+ Sun Cream"},"content":{"rendered":"<p>Daily exposure to UV rays weakens skin moisture barrier, to help combat this, Vichy formulated this SPF50+ fluid with our concentration of Hyaluronic Acid, Vichy Volcanic Water Mineral, Vitamin B3 &amp; E and Squalane.<\/p>\n<p>Vichy Mineral 89 72H Moisture Boosting Daily Fluid has SPF50+ fluid with a light texture, that boosts and retains skin hydration for up to 72h. Our Moisture Boosting Cream has been rigorously tested on sensitive skin and under dermatological control.<\/p>\n<p>It&#8217;s hypoallergenic.<\/p>\n<p>Fragrance-free, ensuring it&#8217;s gentle on your skin while delivering effective results.<\/p>\n<p>For daily use.<\/p>\n<p>Vichy is a brand recommended by dermatologists.<\/p>\n<p>&nbsp;<\/p>\n","protected":false},"excerpt":{"rendered":"<p>Daily fluid that protects your skin against UVA &amp; UVB rays and boost hydration for up to 72h<\/p>\n<p>50 ml<\/p>\n","protected":false},"featured_media":470410,"template":"","meta":{"_acf_changed":false},"product_brand":[],"product_cat":[50044,55668,50089,50099,50173],"product_tag":[46269,57874,55395,50466,50584,46209,57873,50916],"giftcard-category":[],"class_list":{"0":"post-470413","1":"product","2":"type-product","3":"status-publish","4":"has-post-thumbnail","6":"product_cat-dermokozmetike-english","7":"product_cat-face-dermokozmetike-english","8":"product_cat-face-lips","9":"product_cat-hidratimi-dhe-ushqimi-english","10":"product_cat-mbrojtje-nga-dielli-english","11":"product_tag-face","12":"product_tag-fytyra-en","13":"product_tag-hydrating-en","14":"product_tag-mbrojtes-en","15":"product_tag-lekure-e-ndjeshme-en","16":"product_tag-spf-50","17":"product_tag-spf-50-en","18":"product_tag-vitamine-b3-en","20":"first","21":"instock","22":"sale","23":"taxable","24":"shipping-taxable","25":"purchasable","26":"product-type-simple"},"bundled_by":[],"bundle_stock_status":"instock","bundle_stock_quantity":3,"bundle_virtual":false,"bundle_layout":"","bundle_add_to_cart_form_location":"","bundle_editable_in_cart":false,"bundle_sold_individually_context":"","bundle_item_grouping":"","bundle_min_size":"","bundle_max_size":"","bundle_price":[],"bundled_items":[],"bundle_sell_ids":[],"acf":[],"yoast_head":"<!-- This site is optimized with the Yoast SEO Premium plugin v23.0 (Yoast SEO v26.0) - https:\/\/yoast.com\/wordpress\/plugins\/seo\/ -->\n<title>Vichy Mineral 89 72H Hyaluronic Acid Daily Fluid SPF50+ Sun Cream - Farmaon<\/title>\n<meta name=\"robots\" content=\"index, follow, max-snippet:-1, max-image-preview:large, max-video-preview:-1\" \/>\n<link rel=\"canonical\" href=\"https:\/\/farmaon4.apptirana.al\/en\/produkt\/vichy-mineral-89-72h-hyaluronic-acid-daily-fluid-spf50-sun-cream\/\" \/>\n<meta property=\"og:locale\" content=\"en_US\" \/>\n<meta property=\"og:type\" content=\"article\" \/>\n<meta property=\"og:title\" content=\"Vichy Mineral 89 72H Hyaluronic Acid Daily Fluid SPF50+ Sun Cream\" \/>\n<meta property=\"og:description\" content=\"Daily fluid that protects your skin against UVA &amp; UVB rays and boost hydration for up to 72h 50 ml\" \/>\n<meta property=\"og:url\" content=\"https:\/\/farmaon4.apptirana.al\/en\/produkt\/vichy-mineral-89-72h-hyaluronic-acid-daily-fluid-spf50-sun-cream\/\" \/>\n<meta property=\"og:site_name\" content=\"Farmaon\" \/>\n<meta property=\"article:modified_time\" content=\"2026-05-05T10:16:55+00:00\" \/>\n<meta property=\"og:image\" content=\"https:\/\/farmaon4.apptirana.al\/wp-content\/uploads\/2024\/06\/BION1831.jpg\" \/>\n\t<meta property=\"og:image:width\" content=\"1080\" \/>\n\t<meta property=\"og:image:height\" content=\"1080\" \/>\n\t<meta property=\"og:image:type\" content=\"image\/jpeg\" \/>\n<meta name=\"twitter:card\" content=\"summary_large_image\" \/>\n<meta name=\"twitter:label1\" content=\"Price\" \/>\n\t<meta name=\"twitter:data1\" content=\"3040&nbsp;L\" \/>\n\t<meta name=\"twitter:label2\" content=\"Availability\" \/>\n\t<meta name=\"twitter:data2\" content=\"In stock\" \/>\n<script type=\"application\/ld+json\" class=\"yoast-schema-graph\">{\"@context\":\"https:\/\/schema.org\",\"@graph\":[{\"@type\":\"WebPage\",\"@id\":\"https:\/\/farmaon4.apptirana.al\/en\/produkt\/vichy-mineral-89-72h-hyaluronic-acid-daily-fluid-spf50-sun-cream\/\",\"url\":\"https:\/\/farmaon4.apptirana.al\/en\/produkt\/vichy-mineral-89-72h-hyaluronic-acid-daily-fluid-spf50-sun-cream\/\",\"name\":\"Vichy Mineral 89 72H Hyaluronic Acid Daily Fluid SPF50+ Sun Cream - Farmaon\",\"isPartOf\":{\"@id\":\"https:\/\/farmaon4.apptirana.al\/#website\"},\"primaryImageOfPage\":{\"@id\":\"https:\/\/farmaon4.apptirana.al\/en\/produkt\/vichy-mineral-89-72h-hyaluronic-acid-daily-fluid-spf50-sun-cream\/#primaryimage\"},\"image\":{\"@id\":\"https:\/\/farmaon4.apptirana.al\/en\/produkt\/vichy-mineral-89-72h-hyaluronic-acid-daily-fluid-spf50-sun-cream\/#primaryimage\"},\"thumbnailUrl\":\"https:\/\/farmaon4.apptirana.al\/wp-content\/uploads\/2024\/06\/BION1831.jpg\",\"datePublished\":\"2024-06-07T16:11:03+00:00\",\"dateModified\":\"2026-05-05T10:16:55+00:00\",\"breadcrumb\":{\"@id\":\"https:\/\/farmaon4.apptirana.al\/en\/produkt\/vichy-mineral-89-72h-hyaluronic-acid-daily-fluid-spf50-sun-cream\/#breadcrumb\"},\"inLanguage\":\"en-US\",\"potentialAction\":[{\"@type\":\"ReadAction\",\"target\":[\"https:\/\/farmaon4.apptirana.al\/en\/produkt\/vichy-mineral-89-72h-hyaluronic-acid-daily-fluid-spf50-sun-cream\/\"]}]},{\"@type\":\"ImageObject\",\"inLanguage\":\"en-US\",\"@id\":\"https:\/\/farmaon4.apptirana.al\/en\/produkt\/vichy-mineral-89-72h-hyaluronic-acid-daily-fluid-spf50-sun-cream\/#primaryimage\",\"url\":\"https:\/\/farmaon4.apptirana.al\/wp-content\/uploads\/2024\/06\/BION1831.jpg\",\"contentUrl\":\"https:\/\/farmaon4.apptirana.al\/wp-content\/uploads\/2024\/06\/BION1831.jpg\",\"width\":1080,\"height\":1080,\"caption\":\"Vichy Mineral 89 SPF50+ Hidratues 72 or\u00eb Vichy Mineral 89 SPF50+ Mbrojtje e Lart\u00eb Vichy Mineral 89 SPF50+ Fluid Hidratues Vichy Mineral 89 SPF50+ Mbrojt\u00ebs p\u00ebr L\u00ebkur\u00eb Vichy Mineral 89 SPF50+ Hidratim dhe Mbrojtje Vichy Mineral 89 SPF50+ Mbrojtje UV 72 or\u00eb Vichy Mineral 89 SPF50+ P\u00ebrmbajtje e Lart\u00eb Hidratimi Vichy Mineral 89 SPF50+ Mb\u00ebshtetje p\u00ebr L\u00ebkur\u00ebn Vichy Mineral 89 SPF50+ L\u00ebkur\u00eb e Mbrojtur dhe e Hidratuar Vichy Mineral 89 SPF50+ Produkt p\u00ebr L\u00ebkur\u00ebn e Ndjeshme\"},{\"@type\":\"BreadcrumbList\",\"@id\":\"https:\/\/farmaon4.apptirana.al\/en\/produkt\/vichy-mineral-89-72h-hyaluronic-acid-daily-fluid-spf50-sun-cream\/#breadcrumb\",\"itemListElement\":[{\"@type\":\"ListItem\",\"position\":1,\"name\":\"Home\",\"item\":\"https:\/\/farmaon4.apptirana.al\/en\/\"},{\"@type\":\"ListItem\",\"position\":2,\"name\":\"Shop\",\"item\":\"https:\/\/farmaon4.apptirana.al\/en\/shop-3\/\"},{\"@type\":\"ListItem\",\"position\":3,\"name\":\"Vichy Mineral 89 72H Hyaluronic Acid Daily Fluid SPF50+ Sun Cream\"}]},{\"@type\":\"WebSite\",\"@id\":\"https:\/\/farmaon4.apptirana.al\/#website\",\"url\":\"https:\/\/farmaon4.apptirana.al\/\",\"name\":\"Farmaon\",\"description\":\"Farmacia Juaj Online!\",\"publisher\":{\"@id\":\"https:\/\/farmaon4.apptirana.al\/#organization\"},\"potentialAction\":[{\"@type\":\"SearchAction\",\"target\":{\"@type\":\"EntryPoint\",\"urlTemplate\":\"https:\/\/farmaon4.apptirana.al\/?s={search_term_string}\"},\"query-input\":{\"@type\":\"PropertyValueSpecification\",\"valueRequired\":true,\"valueName\":\"search_term_string\"}}],\"inLanguage\":\"en-US\"},{\"@type\":\"Organization\",\"@id\":\"https:\/\/farmaon4.apptirana.al\/#organization\",\"name\":\"Farmaon\",\"url\":\"https:\/\/farmaon4.apptirana.al\/\",\"logo\":{\"@type\":\"ImageObject\",\"inLanguage\":\"en-US\",\"@id\":\"https:\/\/farmaon4.apptirana.al\/#\/schema\/logo\/image\/\",\"url\":\"https:\/\/farmaon4.apptirana.al\/wp-content\/uploads\/2024\/08\/7f987514-logo-farmaon.png\",\"contentUrl\":\"https:\/\/farmaon4.apptirana.al\/wp-content\/uploads\/2024\/08\/7f987514-logo-farmaon.png\",\"width\":219,\"height\":53,\"caption\":\"Farmaon\"},\"image\":{\"@id\":\"https:\/\/farmaon4.apptirana.al\/#\/schema\/logo\/image\/\"}}]}<\/script>\n<meta property=\"product:price:amount\" content=\"3040\" \/>\n<meta property=\"product:price:currency\" content=\"ALL\" \/>\n<meta property=\"og:availability\" content=\"instock\" \/>\n<meta property=\"product:availability\" content=\"instock\" \/>\n<meta property=\"product:retailer_item_id\" content=\"VI285\" \/>\n<meta property=\"product:condition\" content=\"new\" \/>\n<!-- \/ Yoast SEO Premium plugin. -->","yoast_head_json":{"title":"Vichy Mineral 89 72H Hyaluronic Acid Daily Fluid SPF50+ Sun Cream - Farmaon","robots":{"index":"index","follow":"follow","max-snippet":"max-snippet:-1","max-image-preview":"max-image-preview:large","max-video-preview":"max-video-preview:-1"},"canonical":"https:\/\/farmaon4.apptirana.al\/en\/produkt\/vichy-mineral-89-72h-hyaluronic-acid-daily-fluid-spf50-sun-cream\/","og_locale":"en_US","og_type":"article","og_title":"Vichy Mineral 89 72H Hyaluronic Acid Daily Fluid SPF50+ Sun Cream","og_description":"Daily fluid that protects your skin against UVA &amp; UVB rays and boost hydration for up to 72h 50 ml","og_url":"https:\/\/farmaon4.apptirana.al\/en\/produkt\/vichy-mineral-89-72h-hyaluronic-acid-daily-fluid-spf50-sun-cream\/","og_site_name":"Farmaon","article_modified_time":"2026-05-05T10:16:55+00:00","og_image":[{"width":1080,"height":1080,"url":"https:\/\/farmaon4.apptirana.al\/wp-content\/uploads\/2024\/06\/BION1831.jpg","type":"image\/jpeg"}],"twitter_card":"summary_large_image","twitter_misc":{"Price":"3040&nbsp;L","Availability":"In stock"},"schema":{"@context":"https:\/\/schema.org","@graph":[{"@type":"WebPage","@id":"https:\/\/farmaon4.apptirana.al\/en\/produkt\/vichy-mineral-89-72h-hyaluronic-acid-daily-fluid-spf50-sun-cream\/","url":"https:\/\/farmaon4.apptirana.al\/en\/produkt\/vichy-mineral-89-72h-hyaluronic-acid-daily-fluid-spf50-sun-cream\/","name":"Vichy Mineral 89 72H Hyaluronic Acid Daily Fluid SPF50+ Sun Cream - Farmaon","isPartOf":{"@id":"https:\/\/farmaon4.apptirana.al\/#website"},"primaryImageOfPage":{"@id":"https:\/\/farmaon4.apptirana.al\/en\/produkt\/vichy-mineral-89-72h-hyaluronic-acid-daily-fluid-spf50-sun-cream\/#primaryimage"},"image":{"@id":"https:\/\/farmaon4.apptirana.al\/en\/produkt\/vichy-mineral-89-72h-hyaluronic-acid-daily-fluid-spf50-sun-cream\/#primaryimage"},"thumbnailUrl":"https:\/\/farmaon4.apptirana.al\/wp-content\/uploads\/2024\/06\/BION1831.jpg","datePublished":"2024-06-07T16:11:03+00:00","dateModified":"2026-05-05T10:16:55+00:00","breadcrumb":{"@id":"https:\/\/farmaon4.apptirana.al\/en\/produkt\/vichy-mineral-89-72h-hyaluronic-acid-daily-fluid-spf50-sun-cream\/#breadcrumb"},"inLanguage":"en-US","potentialAction":[{"@type":"ReadAction","target":["https:\/\/farmaon4.apptirana.al\/en\/produkt\/vichy-mineral-89-72h-hyaluronic-acid-daily-fluid-spf50-sun-cream\/"]}]},{"@type":"ImageObject","inLanguage":"en-US","@id":"https:\/\/farmaon4.apptirana.al\/en\/produkt\/vichy-mineral-89-72h-hyaluronic-acid-daily-fluid-spf50-sun-cream\/#primaryimage","url":"https:\/\/farmaon4.apptirana.al\/wp-content\/uploads\/2024\/06\/BION1831.jpg","contentUrl":"https:\/\/farmaon4.apptirana.al\/wp-content\/uploads\/2024\/06\/BION1831.jpg","width":1080,"height":1080,"caption":"Vichy Mineral 89 SPF50+ Hidratues 72 or\u00eb Vichy Mineral 89 SPF50+ Mbrojtje e Lart\u00eb Vichy Mineral 89 SPF50+ Fluid Hidratues Vichy Mineral 89 SPF50+ Mbrojt\u00ebs p\u00ebr L\u00ebkur\u00eb Vichy Mineral 89 SPF50+ Hidratim dhe Mbrojtje Vichy Mineral 89 SPF50+ Mbrojtje UV 72 or\u00eb Vichy Mineral 89 SPF50+ P\u00ebrmbajtje e Lart\u00eb Hidratimi Vichy Mineral 89 SPF50+ Mb\u00ebshtetje p\u00ebr L\u00ebkur\u00ebn Vichy Mineral 89 SPF50+ L\u00ebkur\u00eb e Mbrojtur dhe e Hidratuar Vichy Mineral 89 SPF50+ Produkt p\u00ebr L\u00ebkur\u00ebn e Ndjeshme"},{"@type":"BreadcrumbList","@id":"https:\/\/farmaon4.apptirana.al\/en\/produkt\/vichy-mineral-89-72h-hyaluronic-acid-daily-fluid-spf50-sun-cream\/#breadcrumb","itemListElement":[{"@type":"ListItem","position":1,"name":"Home","item":"https:\/\/farmaon4.apptirana.al\/en\/"},{"@type":"ListItem","position":2,"name":"Shop","item":"https:\/\/farmaon4.apptirana.al\/en\/shop-3\/"},{"@type":"ListItem","position":3,"name":"Vichy Mineral 89 72H Hyaluronic Acid Daily Fluid SPF50+ Sun Cream"}]},{"@type":"WebSite","@id":"https:\/\/farmaon4.apptirana.al\/#website","url":"https:\/\/farmaon4.apptirana.al\/","name":"Farmaon","description":"Farmacia Juaj Online!","publisher":{"@id":"https:\/\/farmaon4.apptirana.al\/#organization"},"potentialAction":[{"@type":"SearchAction","target":{"@type":"EntryPoint","urlTemplate":"https:\/\/farmaon4.apptirana.al\/?s={search_term_string}"},"query-input":{"@type":"PropertyValueSpecification","valueRequired":true,"valueName":"search_term_string"}}],"inLanguage":"en-US"},{"@type":"Organization","@id":"https:\/\/farmaon4.apptirana.al\/#organization","name":"Farmaon","url":"https:\/\/farmaon4.apptirana.al\/","logo":{"@type":"ImageObject","inLanguage":"en-US","@id":"https:\/\/farmaon4.apptirana.al\/#\/schema\/logo\/image\/","url":"https:\/\/farmaon4.apptirana.al\/wp-content\/uploads\/2024\/08\/7f987514-logo-farmaon.png","contentUrl":"https:\/\/farmaon4.apptirana.al\/wp-content\/uploads\/2024\/08\/7f987514-logo-farmaon.png","width":219,"height":53,"caption":"Farmaon"},"image":{"@id":"https:\/\/farmaon4.apptirana.al\/#\/schema\/logo\/image\/"}}]},"product_price_amount":"3040","product_price_currency":"ALL","og_availability":"instock","product_availability":"instock","product_retailer_item_id":"VI285","product_condition":"new"},"_links":{"self":[{"href":"https:\/\/farmaon4.apptirana.al\/en\/wp-json\/wp\/v2\/product\/470413","targetHints":{"allow":["GET"]}}],"collection":[{"href":"https:\/\/farmaon4.apptirana.al\/en\/wp-json\/wp\/v2\/product"}],"about":[{"href":"https:\/\/farmaon4.apptirana.al\/en\/wp-json\/wp\/v2\/types\/product"}],"version-history":[{"count":0,"href":"https:\/\/farmaon4.apptirana.al\/en\/wp-json\/wp\/v2\/product\/470413\/revisions"}],"wp:featuredmedia":[{"embeddable":true,"href":"https:\/\/farmaon4.apptirana.al\/en\/wp-json\/wp\/v2\/media\/470410"}],"wp:attachment":[{"href":"https:\/\/farmaon4.apptirana.al\/en\/wp-json\/wp\/v2\/media?parent=470413"}],"wp:term":[{"taxonomy":"product_brand","embeddable":true,"href":"https:\/\/farmaon4.apptirana.al\/en\/wp-json\/wp\/v2\/product_brand?post=470413"},{"taxonomy":"product_cat","embeddable":true,"href":"https:\/\/farmaon4.apptirana.al\/en\/wp-json\/wp\/v2\/product_cat?post=470413"},{"taxonomy":"product_tag","embeddable":true,"href":"https:\/\/farmaon4.apptirana.al\/en\/wp-json\/wp\/v2\/product_tag?post=470413"},{"taxonomy":"giftcard-category","embeddable":true,"href":"https:\/\/farmaon4.apptirana.al\/en\/wp-json\/wp\/v2\/giftcard-category?post=470413"}],"curies":[{"name":"wp","href":"https:\/\/api.w.org\/{rel}","templated":true}]}}