{"id":481903,"date":"2024-03-24T13:22:05","date_gmt":"2024-03-24T13:22:05","guid":{"rendered":"https:\/\/farmaon4.apptirana.al\/product\/nuxe-baume-nuit-prodigieuse-boost-masque-sos-hydratant-falas\/"},"modified":"2024-10-30T04:15:29","modified_gmt":"2024-10-30T04:15:29","slug":"nuxe-baume-nuit-prodigieuse-boost-masque-sos-hydratant-falas","status":"publish","type":"product","link":"https:\/\/farmaon4.apptirana.al\/en\/produkt\/nuxe-baume-nuit-prodigieuse-boost-masque-sos-hydratant-falas\/","title":{"rendered":"Nuxe Baume Nuit Prodigieuse Boost &#038; Masque SOS Hydratant Falas"},"content":{"rendered":"","protected":false},"excerpt":{"rendered":"<p>Bli balsamin e nat\u00ebs anti-mosh\u00eb p\u00ebr fytyr\u00ebn dhe p\u00ebrfito mask\u00ebn ultra hidratuese Falas<\/p>\n","protected":false},"featured_media":0,"template":"","meta":{"_acf_changed":false},"product_brand":[],"product_cat":[50335,50044,50208,50198,50275],"product_tag":[46269,55395,54926,50637],"giftcard-category":[],"class_list":{"0":"post-481903","1":"product","2":"type-product","3":"status-publish","5":"product_cat-body-mbrojtje-nga-dielli-english","6":"product_cat-dermokozmetike-english","7":"product_cat-paketime-dhurate-english","8":"product_cat-nuxe-english","9":"product_cat-shampo-dhe-eksfoljues-english","10":"product_tag-face","11":"product_tag-hydrating-en","12":"product_tag-maske-en","13":"product_tag-trajtim-nate-en","15":"first","16":"instock","17":"sale","18":"virtual","19":"taxable","20":"purchasable","21":"product-type-bundle"},"bundled_by":[],"bundle_stock_status":"instock","bundle_stock_quantity":3,"bundle_virtual":false,"bundle_layout":"default","bundle_add_to_cart_form_location":"default","bundle_editable_in_cart":false,"bundle_sold_individually_context":"product","bundle_item_grouping":"parent","bundle_min_size":"","bundle_max_size":"","bundle_price":{"price":{"min":{"incl_tax":"4860","excl_tax":"4860"},"max":{"incl_tax":"4860","excl_tax":"4860"}},"regular_price":{"min":{"incl_tax":"8100","excl_tax":"8100"},"max":{"incl_tax":"8100","excl_tax":"8100"}}},"bundled_items":[{"bundled_item_id":578,"product_id":428224,"menu_order":0,"quantity_min":1,"quantity_max":1,"quantity_default":1,"priced_individually":false,"shipped_individually":false,"override_title":false,"title":"Nuxe Cr\u00e8me Prodigieuse Boost Night recovery oil balm","override_description":false,"description":"Nuxe Cr\u00e8me Prodigieuse Boost Night recovery oil balm","optional":false,"hide_thumbnail":false,"discount":"","override_variations":false,"allowed_variations":[""],"override_default_variation_attributes":false,"default_variation_attributes":[],"single_product_visibility":"visible","cart_visibility":"visible","order_visibility":"visible","single_product_price_visibility":"visible","cart_price_visibility":"visible","order_price_visibility":"visible","stock_status":"in_stock"},{"bundled_item_id":579,"product_id":426902,"menu_order":1,"quantity_min":1,"quantity_max":1,"quantity_default":1,"priced_individually":false,"shipped_individually":false,"override_title":false,"title":"Nuxe Cr\u00e8me Fraiche hydrating beauty mask","override_description":false,"description":"Nuxe Cr\u00e8me Fraiche hydrating beauty mask","optional":false,"hide_thumbnail":false,"discount":"","override_variations":false,"allowed_variations":[""],"override_default_variation_attributes":false,"default_variation_attributes":[],"single_product_visibility":"visible","cart_visibility":"visible","order_visibility":"visible","single_product_price_visibility":"visible","cart_price_visibility":"visible","order_price_visibility":"visible","stock_status":"in_stock"}],"bundle_sell_ids":[],"acf":[],"yoast_head":"<!-- This site is optimized with the Yoast SEO Premium plugin v23.0 (Yoast SEO v26.0) - https:\/\/yoast.com\/wordpress\/plugins\/seo\/ -->\n<title>Nuxe Baume Nuit Prodigieuse Boost &amp; Masque SOS Hydratant Falas - Farmaon<\/title>\n<meta name=\"robots\" content=\"index, follow, max-snippet:-1, max-image-preview:large, max-video-preview:-1\" \/>\n<link rel=\"canonical\" href=\"https:\/\/farmaon4.apptirana.al\/en\/produkt\/nuxe-baume-nuit-prodigieuse-boost-masque-sos-hydratant-falas\/\" \/>\n<meta property=\"og:locale\" content=\"en_US\" \/>\n<meta property=\"og:type\" content=\"article\" \/>\n<meta property=\"og:title\" content=\"Nuxe Baume Nuit Prodigieuse Boost &amp; Masque SOS Hydratant Falas\" \/>\n<meta property=\"og:description\" content=\"Bli balsamin e nat\u00ebs anti-mosh\u00eb p\u00ebr fytyr\u00ebn dhe p\u00ebrfito mask\u00ebn ultra hidratuese Falas\" \/>\n<meta property=\"og:url\" content=\"https:\/\/farmaon4.apptirana.al\/en\/produkt\/nuxe-baume-nuit-prodigieuse-boost-masque-sos-hydratant-falas\/\" \/>\n<meta property=\"og:site_name\" content=\"Farmaon\" \/>\n<meta property=\"article:modified_time\" content=\"2024-10-30T04:15:29+00:00\" \/>\n<meta property=\"og:image\" content=\"https:\/\/farmaon4.apptirana.al\/wp-content\/uploads\/2024\/03\/a2c7f1b5-bundle12-300x300-1.png\" \/>\n\t<meta property=\"og:image:width\" content=\"300\" \/>\n\t<meta property=\"og:image:height\" content=\"300\" \/>\n\t<meta property=\"og:image:type\" content=\"image\/png\" \/>\n<meta name=\"twitter:card\" content=\"summary_large_image\" \/>\n<meta name=\"twitter:label1\" content=\"Price\" \/>\n\t<meta name=\"twitter:data1\" content=\"4860&nbsp;L\" \/>\n\t<meta name=\"twitter:label2\" content=\"Availability\" \/>\n\t<meta name=\"twitter:data2\" content=\"In stock\" \/>\n<script type=\"application\/ld+json\" class=\"yoast-schema-graph\">{\"@context\":\"https:\/\/schema.org\",\"@graph\":[{\"@type\":\"WebPage\",\"@id\":\"https:\/\/farmaon4.apptirana.al\/en\/produkt\/nuxe-baume-nuit-prodigieuse-boost-masque-sos-hydratant-falas\/\",\"url\":\"https:\/\/farmaon4.apptirana.al\/en\/produkt\/nuxe-baume-nuit-prodigieuse-boost-masque-sos-hydratant-falas\/\",\"name\":\"Nuxe Baume Nuit Prodigieuse Boost & Masque SOS Hydratant Falas - Farmaon\",\"isPartOf\":{\"@id\":\"https:\/\/farmaon4.apptirana.al\/#website\"},\"datePublished\":\"2024-03-24T13:22:05+00:00\",\"dateModified\":\"2024-10-30T04:15:29+00:00\",\"breadcrumb\":{\"@id\":\"https:\/\/farmaon4.apptirana.al\/en\/produkt\/nuxe-baume-nuit-prodigieuse-boost-masque-sos-hydratant-falas\/#breadcrumb\"},\"inLanguage\":\"en-US\",\"potentialAction\":[{\"@type\":\"ReadAction\",\"target\":[\"https:\/\/farmaon4.apptirana.al\/en\/produkt\/nuxe-baume-nuit-prodigieuse-boost-masque-sos-hydratant-falas\/\"]}]},{\"@type\":\"BreadcrumbList\",\"@id\":\"https:\/\/farmaon4.apptirana.al\/en\/produkt\/nuxe-baume-nuit-prodigieuse-boost-masque-sos-hydratant-falas\/#breadcrumb\",\"itemListElement\":[{\"@type\":\"ListItem\",\"position\":1,\"name\":\"Home\",\"item\":\"https:\/\/farmaon4.apptirana.al\/en\/\"},{\"@type\":\"ListItem\",\"position\":2,\"name\":\"Shop\",\"item\":\"https:\/\/farmaon4.apptirana.al\/en\/shop-3\/\"},{\"@type\":\"ListItem\",\"position\":3,\"name\":\"Nuxe Baume Nuit Prodigieuse Boost &#038; Masque SOS Hydratant Falas\"}]},{\"@type\":\"WebSite\",\"@id\":\"https:\/\/farmaon4.apptirana.al\/#website\",\"url\":\"https:\/\/farmaon4.apptirana.al\/\",\"name\":\"Farmaon\",\"description\":\"Farmacia Juaj Online!\",\"publisher\":{\"@id\":\"https:\/\/farmaon4.apptirana.al\/#organization\"},\"potentialAction\":[{\"@type\":\"SearchAction\",\"target\":{\"@type\":\"EntryPoint\",\"urlTemplate\":\"https:\/\/farmaon4.apptirana.al\/?s={search_term_string}\"},\"query-input\":{\"@type\":\"PropertyValueSpecification\",\"valueRequired\":true,\"valueName\":\"search_term_string\"}}],\"inLanguage\":\"en-US\"},{\"@type\":\"Organization\",\"@id\":\"https:\/\/farmaon4.apptirana.al\/#organization\",\"name\":\"Farmaon\",\"url\":\"https:\/\/farmaon4.apptirana.al\/\",\"logo\":{\"@type\":\"ImageObject\",\"inLanguage\":\"en-US\",\"@id\":\"https:\/\/farmaon4.apptirana.al\/#\/schema\/logo\/image\/\",\"url\":\"https:\/\/farmaon4.apptirana.al\/wp-content\/uploads\/2024\/08\/7f987514-logo-farmaon.png\",\"contentUrl\":\"https:\/\/farmaon4.apptirana.al\/wp-content\/uploads\/2024\/08\/7f987514-logo-farmaon.png\",\"width\":219,\"height\":53,\"caption\":\"Farmaon\"},\"image\":{\"@id\":\"https:\/\/farmaon4.apptirana.al\/#\/schema\/logo\/image\/\"}}]}<\/script>\n<meta property=\"product:price:amount\" content=\"4860\" \/>\n<meta property=\"product:price:currency\" content=\"ALL\" \/>\n<meta property=\"og:availability\" content=\"instock\" \/>\n<meta property=\"product:availability\" content=\"instock\" \/>\n<meta property=\"product:retailer_item_id\" content=\"bundle12\" \/>\n<meta property=\"product:condition\" content=\"new\" \/>\n<!-- \/ Yoast SEO Premium plugin. -->","yoast_head_json":{"title":"Nuxe Baume Nuit Prodigieuse Boost & Masque SOS Hydratant Falas - Farmaon","robots":{"index":"index","follow":"follow","max-snippet":"max-snippet:-1","max-image-preview":"max-image-preview:large","max-video-preview":"max-video-preview:-1"},"canonical":"https:\/\/farmaon4.apptirana.al\/en\/produkt\/nuxe-baume-nuit-prodigieuse-boost-masque-sos-hydratant-falas\/","og_locale":"en_US","og_type":"article","og_title":"Nuxe Baume Nuit Prodigieuse Boost & Masque SOS Hydratant Falas","og_description":"Bli balsamin e nat\u00ebs anti-mosh\u00eb p\u00ebr fytyr\u00ebn dhe p\u00ebrfito mask\u00ebn ultra hidratuese Falas","og_url":"https:\/\/farmaon4.apptirana.al\/en\/produkt\/nuxe-baume-nuit-prodigieuse-boost-masque-sos-hydratant-falas\/","og_site_name":"Farmaon","article_modified_time":"2024-10-30T04:15:29+00:00","og_image":[{"width":300,"height":300,"url":"https:\/\/farmaon4.apptirana.al\/wp-content\/uploads\/2024\/03\/a2c7f1b5-bundle12-300x300-1.png","type":"image\/png"}],"twitter_card":"summary_large_image","twitter_misc":{"Price":"4860&nbsp;L","Availability":"In stock"},"schema":{"@context":"https:\/\/schema.org","@graph":[{"@type":"WebPage","@id":"https:\/\/farmaon4.apptirana.al\/en\/produkt\/nuxe-baume-nuit-prodigieuse-boost-masque-sos-hydratant-falas\/","url":"https:\/\/farmaon4.apptirana.al\/en\/produkt\/nuxe-baume-nuit-prodigieuse-boost-masque-sos-hydratant-falas\/","name":"Nuxe Baume Nuit Prodigieuse Boost & Masque SOS Hydratant Falas - Farmaon","isPartOf":{"@id":"https:\/\/farmaon4.apptirana.al\/#website"},"datePublished":"2024-03-24T13:22:05+00:00","dateModified":"2024-10-30T04:15:29+00:00","breadcrumb":{"@id":"https:\/\/farmaon4.apptirana.al\/en\/produkt\/nuxe-baume-nuit-prodigieuse-boost-masque-sos-hydratant-falas\/#breadcrumb"},"inLanguage":"en-US","potentialAction":[{"@type":"ReadAction","target":["https:\/\/farmaon4.apptirana.al\/en\/produkt\/nuxe-baume-nuit-prodigieuse-boost-masque-sos-hydratant-falas\/"]}]},{"@type":"BreadcrumbList","@id":"https:\/\/farmaon4.apptirana.al\/en\/produkt\/nuxe-baume-nuit-prodigieuse-boost-masque-sos-hydratant-falas\/#breadcrumb","itemListElement":[{"@type":"ListItem","position":1,"name":"Home","item":"https:\/\/farmaon4.apptirana.al\/en\/"},{"@type":"ListItem","position":2,"name":"Shop","item":"https:\/\/farmaon4.apptirana.al\/en\/shop-3\/"},{"@type":"ListItem","position":3,"name":"Nuxe Baume Nuit Prodigieuse Boost &#038; Masque SOS Hydratant Falas"}]},{"@type":"WebSite","@id":"https:\/\/farmaon4.apptirana.al\/#website","url":"https:\/\/farmaon4.apptirana.al\/","name":"Farmaon","description":"Farmacia Juaj Online!","publisher":{"@id":"https:\/\/farmaon4.apptirana.al\/#organization"},"potentialAction":[{"@type":"SearchAction","target":{"@type":"EntryPoint","urlTemplate":"https:\/\/farmaon4.apptirana.al\/?s={search_term_string}"},"query-input":{"@type":"PropertyValueSpecification","valueRequired":true,"valueName":"search_term_string"}}],"inLanguage":"en-US"},{"@type":"Organization","@id":"https:\/\/farmaon4.apptirana.al\/#organization","name":"Farmaon","url":"https:\/\/farmaon4.apptirana.al\/","logo":{"@type":"ImageObject","inLanguage":"en-US","@id":"https:\/\/farmaon4.apptirana.al\/#\/schema\/logo\/image\/","url":"https:\/\/farmaon4.apptirana.al\/wp-content\/uploads\/2024\/08\/7f987514-logo-farmaon.png","contentUrl":"https:\/\/farmaon4.apptirana.al\/wp-content\/uploads\/2024\/08\/7f987514-logo-farmaon.png","width":219,"height":53,"caption":"Farmaon"},"image":{"@id":"https:\/\/farmaon4.apptirana.al\/#\/schema\/logo\/image\/"}}]},"product_price_amount":"4860","product_price_currency":"ALL","og_availability":"instock","product_availability":"instock","product_retailer_item_id":"bundle12","product_condition":"new"},"_links":{"self":[{"href":"https:\/\/farmaon4.apptirana.al\/en\/wp-json\/wp\/v2\/product\/481903","targetHints":{"allow":["GET"]}}],"collection":[{"href":"https:\/\/farmaon4.apptirana.al\/en\/wp-json\/wp\/v2\/product"}],"about":[{"href":"https:\/\/farmaon4.apptirana.al\/en\/wp-json\/wp\/v2\/types\/product"}],"version-history":[{"count":0,"href":"https:\/\/farmaon4.apptirana.al\/en\/wp-json\/wp\/v2\/product\/481903\/revisions"}],"wp:attachment":[{"href":"https:\/\/farmaon4.apptirana.al\/en\/wp-json\/wp\/v2\/media?parent=481903"}],"wp:term":[{"taxonomy":"product_brand","embeddable":true,"href":"https:\/\/farmaon4.apptirana.al\/en\/wp-json\/wp\/v2\/product_brand?post=481903"},{"taxonomy":"product_cat","embeddable":true,"href":"https:\/\/farmaon4.apptirana.al\/en\/wp-json\/wp\/v2\/product_cat?post=481903"},{"taxonomy":"product_tag","embeddable":true,"href":"https:\/\/farmaon4.apptirana.al\/en\/wp-json\/wp\/v2\/product_tag?post=481903"},{"taxonomy":"giftcard-category","embeddable":true,"href":"https:\/\/farmaon4.apptirana.al\/en\/wp-json\/wp\/v2\/giftcard-category?post=481903"}],"curies":[{"name":"wp","href":"https:\/\/api.w.org\/{rel}","templated":true}]}}