{"id":481907,"date":"2024-03-24T13:19:19","date_gmt":"2024-03-24T13:19:19","guid":{"rendered":"https:\/\/farmaon4.apptirana.al\/product\/dermedic-sunbrella-set-promocional-lekure-me-kapilare-rosacea\/"},"modified":"2024-10-30T04:15:29","modified_gmt":"2024-10-30T04:15:29","slug":"dermedic-sunbrella-set-promocional-lekure-me-kapilare-rosacea","status":"publish","type":"product","link":"https:\/\/farmaon4.apptirana.al\/en\/produkt\/dermedic-sunbrella-set-promocional-lekure-me-kapilare-rosacea\/","title":{"rendered":"Dermedic Sunbrella Set promocional -L\u00ebkur\u00eb me kapilar\u00eb (rosacea)"},"content":{"rendered":"","protected":false},"excerpt":{"rendered":"<p>Set me krem mbrojt\u00ebs ndaj diellit p\u00ebr fytyr\u00ebn dhe trupin &#8211; 50% ULJE<br \/>\n50 ml + 150 ml<\/p>\n","protected":false},"featured_media":0,"template":"","meta":{"_acf_changed":false},"product_brand":[],"product_cat":[56164,50044,55605,50089,50208,50173],"product_tag":[54923,50882,46269,50466,50464,46209],"giftcard-category":[],"class_list":{"0":"post-481907","1":"product","2":"type-product","3":"status-publish","5":"product_cat-body-mbrojtje-nga-dielli-en","6":"product_cat-dermokozmetike-english","7":"product_cat-dermedic","8":"product_cat-face-lips","9":"product_cat-paketime-dhurate-english","10":"product_cat-mbrojtje-nga-dielli-english","11":"product_tag-body-en","12":"product_tag-lekure-kuperoze-en","13":"product_tag-face","14":"product_tag-mbrojtes-en","15":"product_tag-i-thjeshte-en","16":"product_tag-spf-50","18":"first","19":"instock","20":"sale","21":"virtual","22":"taxable","23":"purchasable","24":"product-type-bundle"},"bundled_by":[],"bundle_stock_status":"instock","bundle_stock_quantity":14,"bundle_virtual":false,"bundle_layout":"default","bundle_add_to_cart_form_location":"default","bundle_editable_in_cart":false,"bundle_sold_individually_context":"product","bundle_item_grouping":"parent","bundle_min_size":"","bundle_max_size":"","bundle_price":{"price":{"min":{"incl_tax":"3477","excl_tax":"3477"},"max":{"incl_tax":"3477","excl_tax":"3477"}},"regular_price":{"min":{"incl_tax":"6955","excl_tax":"6955"},"max":{"incl_tax":"6955","excl_tax":"6955"}}},"bundled_items":[{"bundled_item_id":582,"product_id":429470,"menu_order":0,"quantity_min":1,"quantity_max":1,"quantity_default":1,"priced_individually":false,"shipped_individually":false,"override_title":false,"title":"Dermedic Sunbrella Sun Protection Spray SPF 50+","override_description":false,"description":"Dermedic Sunbrella Sun Protection Spray SPF 50+","optional":false,"hide_thumbnail":false,"discount":"","override_variations":false,"allowed_variations":[""],"override_default_variation_attributes":false,"default_variation_attributes":[],"single_product_visibility":"visible","cart_visibility":"visible","order_visibility":"visible","single_product_price_visibility":"visible","cart_price_visibility":"visible","order_price_visibility":"visible","stock_status":"in_stock"},{"bundled_item_id":583,"product_id":429467,"menu_order":1,"quantity_min":1,"quantity_max":1,"quantity_default":1,"priced_individually":false,"shipped_individually":false,"override_title":false,"title":"Dermedic Sunbrella Sun Protection SPF 50 + Cream (skin with vascular problems)","override_description":false,"description":"Dermedic Sunbrella Sun Protection SPF 50 + Cream (skin with vascular problems)","optional":false,"hide_thumbnail":false,"discount":"","override_variations":false,"allowed_variations":[""],"override_default_variation_attributes":false,"default_variation_attributes":[],"single_product_visibility":"visible","cart_visibility":"visible","order_visibility":"visible","single_product_price_visibility":"visible","cart_price_visibility":"visible","order_price_visibility":"visible","stock_status":"in_stock"}],"bundle_sell_ids":[],"acf":[],"yoast_head":"<!-- This site is optimized with the Yoast SEO Premium plugin v23.0 (Yoast SEO v26.0) - https:\/\/yoast.com\/wordpress\/plugins\/seo\/ -->\n<title>Dermedic Sunbrella Set promocional -L\u00ebkur\u00eb me kapilar\u00eb (rosacea) - Farmaon<\/title>\n<meta name=\"robots\" content=\"index, follow, max-snippet:-1, max-image-preview:large, max-video-preview:-1\" \/>\n<link rel=\"canonical\" href=\"https:\/\/farmaon4.apptirana.al\/en\/produkt\/dermedic-sunbrella-set-promocional-lekure-me-kapilare-rosacea\/\" \/>\n<meta property=\"og:locale\" content=\"en_US\" \/>\n<meta property=\"og:type\" content=\"article\" \/>\n<meta property=\"og:title\" content=\"Dermedic Sunbrella Set promocional -L\u00ebkur\u00eb me kapilar\u00eb (rosacea)\" \/>\n<meta property=\"og:description\" content=\"Set me krem mbrojt\u00ebs ndaj diellit p\u00ebr fytyr\u00ebn dhe trupin - 50% ULJE 50 ml + 150 ml\" \/>\n<meta property=\"og:url\" content=\"https:\/\/farmaon4.apptirana.al\/en\/produkt\/dermedic-sunbrella-set-promocional-lekure-me-kapilare-rosacea\/\" \/>\n<meta property=\"og:site_name\" content=\"Farmaon\" \/>\n<meta property=\"article:modified_time\" content=\"2024-10-30T04:15:29+00:00\" \/>\n<meta property=\"og:image\" content=\"https:\/\/farmaon4.apptirana.al\/wp-content\/uploads\/2024\/03\/435798fc-sunbrella-set-3-300x300-1.jpg\" \/>\n\t<meta property=\"og:image:width\" content=\"300\" \/>\n\t<meta property=\"og:image:height\" content=\"300\" \/>\n\t<meta property=\"og:image:type\" content=\"image\/jpeg\" \/>\n<meta name=\"twitter:card\" content=\"summary_large_image\" \/>\n<meta name=\"twitter:label1\" content=\"Price\" \/>\n\t<meta name=\"twitter:data1\" content=\"3477&nbsp;L\" \/>\n\t<meta name=\"twitter:label2\" content=\"Availability\" \/>\n\t<meta name=\"twitter:data2\" content=\"In stock\" \/>\n<script type=\"application\/ld+json\" class=\"yoast-schema-graph\">{\"@context\":\"https:\/\/schema.org\",\"@graph\":[{\"@type\":\"WebPage\",\"@id\":\"https:\/\/farmaon4.apptirana.al\/en\/produkt\/dermedic-sunbrella-set-promocional-lekure-me-kapilare-rosacea\/\",\"url\":\"https:\/\/farmaon4.apptirana.al\/en\/produkt\/dermedic-sunbrella-set-promocional-lekure-me-kapilare-rosacea\/\",\"name\":\"Dermedic Sunbrella Set promocional -L\u00ebkur\u00eb me kapilar\u00eb (rosacea) - Farmaon\",\"isPartOf\":{\"@id\":\"https:\/\/farmaon4.apptirana.al\/#website\"},\"datePublished\":\"2024-03-24T13:19:19+00:00\",\"dateModified\":\"2024-10-30T04:15:29+00:00\",\"breadcrumb\":{\"@id\":\"https:\/\/farmaon4.apptirana.al\/en\/produkt\/dermedic-sunbrella-set-promocional-lekure-me-kapilare-rosacea\/#breadcrumb\"},\"inLanguage\":\"en-US\",\"potentialAction\":[{\"@type\":\"ReadAction\",\"target\":[\"https:\/\/farmaon4.apptirana.al\/en\/produkt\/dermedic-sunbrella-set-promocional-lekure-me-kapilare-rosacea\/\"]}]},{\"@type\":\"BreadcrumbList\",\"@id\":\"https:\/\/farmaon4.apptirana.al\/en\/produkt\/dermedic-sunbrella-set-promocional-lekure-me-kapilare-rosacea\/#breadcrumb\",\"itemListElement\":[{\"@type\":\"ListItem\",\"position\":1,\"name\":\"Home\",\"item\":\"https:\/\/farmaon4.apptirana.al\/en\/\"},{\"@type\":\"ListItem\",\"position\":2,\"name\":\"Shop\",\"item\":\"https:\/\/farmaon4.apptirana.al\/en\/shop-3\/\"},{\"@type\":\"ListItem\",\"position\":3,\"name\":\"Dermedic Sunbrella Set promocional -L\u00ebkur\u00eb me kapilar\u00eb (rosacea)\"}]},{\"@type\":\"WebSite\",\"@id\":\"https:\/\/farmaon4.apptirana.al\/#website\",\"url\":\"https:\/\/farmaon4.apptirana.al\/\",\"name\":\"Farmaon\",\"description\":\"Farmacia Juaj Online!\",\"publisher\":{\"@id\":\"https:\/\/farmaon4.apptirana.al\/#organization\"},\"potentialAction\":[{\"@type\":\"SearchAction\",\"target\":{\"@type\":\"EntryPoint\",\"urlTemplate\":\"https:\/\/farmaon4.apptirana.al\/?s={search_term_string}\"},\"query-input\":{\"@type\":\"PropertyValueSpecification\",\"valueRequired\":true,\"valueName\":\"search_term_string\"}}],\"inLanguage\":\"en-US\"},{\"@type\":\"Organization\",\"@id\":\"https:\/\/farmaon4.apptirana.al\/#organization\",\"name\":\"Farmaon\",\"url\":\"https:\/\/farmaon4.apptirana.al\/\",\"logo\":{\"@type\":\"ImageObject\",\"inLanguage\":\"en-US\",\"@id\":\"https:\/\/farmaon4.apptirana.al\/#\/schema\/logo\/image\/\",\"url\":\"https:\/\/farmaon4.apptirana.al\/wp-content\/uploads\/2024\/08\/7f987514-logo-farmaon.png\",\"contentUrl\":\"https:\/\/farmaon4.apptirana.al\/wp-content\/uploads\/2024\/08\/7f987514-logo-farmaon.png\",\"width\":219,\"height\":53,\"caption\":\"Farmaon\"},\"image\":{\"@id\":\"https:\/\/farmaon4.apptirana.al\/#\/schema\/logo\/image\/\"}}]}<\/script>\n<meta property=\"product:price:amount\" content=\"3477\" \/>\n<meta property=\"product:price:currency\" content=\"ALL\" \/>\n<meta property=\"og:availability\" content=\"instock\" \/>\n<meta property=\"product:availability\" content=\"instock\" \/>\n<meta property=\"product:retailer_item_id\" content=\"dermedicbundle3\" \/>\n<meta property=\"product:condition\" content=\"new\" \/>\n<!-- \/ Yoast SEO Premium plugin. -->","yoast_head_json":{"title":"Dermedic Sunbrella Set promocional -L\u00ebkur\u00eb me kapilar\u00eb (rosacea) - Farmaon","robots":{"index":"index","follow":"follow","max-snippet":"max-snippet:-1","max-image-preview":"max-image-preview:large","max-video-preview":"max-video-preview:-1"},"canonical":"https:\/\/farmaon4.apptirana.al\/en\/produkt\/dermedic-sunbrella-set-promocional-lekure-me-kapilare-rosacea\/","og_locale":"en_US","og_type":"article","og_title":"Dermedic Sunbrella Set promocional -L\u00ebkur\u00eb me kapilar\u00eb (rosacea)","og_description":"Set me krem mbrojt\u00ebs ndaj diellit p\u00ebr fytyr\u00ebn dhe trupin - 50% ULJE 50 ml + 150 ml","og_url":"https:\/\/farmaon4.apptirana.al\/en\/produkt\/dermedic-sunbrella-set-promocional-lekure-me-kapilare-rosacea\/","og_site_name":"Farmaon","article_modified_time":"2024-10-30T04:15:29+00:00","og_image":[{"width":300,"height":300,"url":"https:\/\/farmaon4.apptirana.al\/wp-content\/uploads\/2024\/03\/435798fc-sunbrella-set-3-300x300-1.jpg","type":"image\/jpeg"}],"twitter_card":"summary_large_image","twitter_misc":{"Price":"3477&nbsp;L","Availability":"In stock"},"schema":{"@context":"https:\/\/schema.org","@graph":[{"@type":"WebPage","@id":"https:\/\/farmaon4.apptirana.al\/en\/produkt\/dermedic-sunbrella-set-promocional-lekure-me-kapilare-rosacea\/","url":"https:\/\/farmaon4.apptirana.al\/en\/produkt\/dermedic-sunbrella-set-promocional-lekure-me-kapilare-rosacea\/","name":"Dermedic Sunbrella Set promocional -L\u00ebkur\u00eb me kapilar\u00eb (rosacea) - Farmaon","isPartOf":{"@id":"https:\/\/farmaon4.apptirana.al\/#website"},"datePublished":"2024-03-24T13:19:19+00:00","dateModified":"2024-10-30T04:15:29+00:00","breadcrumb":{"@id":"https:\/\/farmaon4.apptirana.al\/en\/produkt\/dermedic-sunbrella-set-promocional-lekure-me-kapilare-rosacea\/#breadcrumb"},"inLanguage":"en-US","potentialAction":[{"@type":"ReadAction","target":["https:\/\/farmaon4.apptirana.al\/en\/produkt\/dermedic-sunbrella-set-promocional-lekure-me-kapilare-rosacea\/"]}]},{"@type":"BreadcrumbList","@id":"https:\/\/farmaon4.apptirana.al\/en\/produkt\/dermedic-sunbrella-set-promocional-lekure-me-kapilare-rosacea\/#breadcrumb","itemListElement":[{"@type":"ListItem","position":1,"name":"Home","item":"https:\/\/farmaon4.apptirana.al\/en\/"},{"@type":"ListItem","position":2,"name":"Shop","item":"https:\/\/farmaon4.apptirana.al\/en\/shop-3\/"},{"@type":"ListItem","position":3,"name":"Dermedic Sunbrella Set promocional -L\u00ebkur\u00eb me kapilar\u00eb (rosacea)"}]},{"@type":"WebSite","@id":"https:\/\/farmaon4.apptirana.al\/#website","url":"https:\/\/farmaon4.apptirana.al\/","name":"Farmaon","description":"Farmacia Juaj Online!","publisher":{"@id":"https:\/\/farmaon4.apptirana.al\/#organization"},"potentialAction":[{"@type":"SearchAction","target":{"@type":"EntryPoint","urlTemplate":"https:\/\/farmaon4.apptirana.al\/?s={search_term_string}"},"query-input":{"@type":"PropertyValueSpecification","valueRequired":true,"valueName":"search_term_string"}}],"inLanguage":"en-US"},{"@type":"Organization","@id":"https:\/\/farmaon4.apptirana.al\/#organization","name":"Farmaon","url":"https:\/\/farmaon4.apptirana.al\/","logo":{"@type":"ImageObject","inLanguage":"en-US","@id":"https:\/\/farmaon4.apptirana.al\/#\/schema\/logo\/image\/","url":"https:\/\/farmaon4.apptirana.al\/wp-content\/uploads\/2024\/08\/7f987514-logo-farmaon.png","contentUrl":"https:\/\/farmaon4.apptirana.al\/wp-content\/uploads\/2024\/08\/7f987514-logo-farmaon.png","width":219,"height":53,"caption":"Farmaon"},"image":{"@id":"https:\/\/farmaon4.apptirana.al\/#\/schema\/logo\/image\/"}}]},"product_price_amount":"3477","product_price_currency":"ALL","og_availability":"instock","product_availability":"instock","product_retailer_item_id":"dermedicbundle3","product_condition":"new"},"_links":{"self":[{"href":"https:\/\/farmaon4.apptirana.al\/en\/wp-json\/wp\/v2\/product\/481907","targetHints":{"allow":["GET"]}}],"collection":[{"href":"https:\/\/farmaon4.apptirana.al\/en\/wp-json\/wp\/v2\/product"}],"about":[{"href":"https:\/\/farmaon4.apptirana.al\/en\/wp-json\/wp\/v2\/types\/product"}],"version-history":[{"count":0,"href":"https:\/\/farmaon4.apptirana.al\/en\/wp-json\/wp\/v2\/product\/481907\/revisions"}],"wp:attachment":[{"href":"https:\/\/farmaon4.apptirana.al\/en\/wp-json\/wp\/v2\/media?parent=481907"}],"wp:term":[{"taxonomy":"product_brand","embeddable":true,"href":"https:\/\/farmaon4.apptirana.al\/en\/wp-json\/wp\/v2\/product_brand?post=481907"},{"taxonomy":"product_cat","embeddable":true,"href":"https:\/\/farmaon4.apptirana.al\/en\/wp-json\/wp\/v2\/product_cat?post=481907"},{"taxonomy":"product_tag","embeddable":true,"href":"https:\/\/farmaon4.apptirana.al\/en\/wp-json\/wp\/v2\/product_tag?post=481907"},{"taxonomy":"giftcard-category","embeddable":true,"href":"https:\/\/farmaon4.apptirana.al\/en\/wp-json\/wp\/v2\/giftcard-category?post=481907"}],"curies":[{"name":"wp","href":"https:\/\/api.w.org\/{rel}","templated":true}]}}