{"id":495887,"date":"2024-09-21T00:15:33","date_gmt":"2024-09-20T23:15:33","guid":{"rendered":"https:\/\/farmaon4.apptirana.al\/produkt\/bioderma-photoderm-pediatrics-milk-spf50-2\/"},"modified":"2026-05-06T20:12:36","modified_gmt":"2026-05-06T19:12:36","slug":"bioderma-photoderm-pediatrics-milk-spf50","status":"publish","type":"product","link":"https:\/\/farmaon4.apptirana.al\/en\/produkt\/bioderma-photoderm-pediatrics-milk-spf50\/","title":{"rendered":"Bioderma Photoderm Pediatrics Milk SPF50+"},"content":{"rendered":"<p>Formuluar specifikisht p\u00ebr t&#8217;i ofruar l\u00ebkur\u00ebs s\u00eb f\u00ebmij\u00ebve tuaj mbrojtje maksimale ndaj rrezatimit diellor.<\/p>\n<p>Mbron dhe forcon barrier\u00ebn e l\u00ebkur\u00ebs (TECHNOLOGY SUN BARRIER).<\/p>\n<p>Formula bazohet n\u00eb 4 filtra me efikasitet t\u00eb lart\u00eb, me siguri t\u00eb lart\u00eb dhe miq\u00ebsore ndaj oqeanit\/detit.<\/p>\n<p>I p\u00ebrshtatsh\u00ebm p\u00ebr t&#8217;u p\u00ebrdorur te f\u00ebmij\u00ebt mbi 12 muajsh.<\/p>\n<p>I p\u00ebrshtatsh\u00ebm p\u00ebr f\u00ebmij\u00ebt q\u00eb kan\u00eb l\u00ebkur\u00eb atopike.<\/p>\n","protected":false},"excerpt":{"rendered":"<p>Qum<span class=\"Y2IQFc\" lang=\"sq\">\u00ebsht q\u00eb mbron maksimalisht l\u00ebkur\u00ebn delikate t\u00eb f\u00ebmij\u00ebve tuaj nga rrezatimi diellor<\/span><\/p>\n<p>200 ml<\/p>\n","protected":false},"featured_media":474102,"template":"","meta":{"_acf_changed":false},"product_brand":[],"product_cat":[50284,50044,50074,50016,50174,50173],"product_tag":[57919,54269,50650,50542,50861,50466,46209,57873],"giftcard-category":[],"class_list":{"0":"post-495887","1":"product","2":"type-product","3":"status-publish","4":"has-post-thumbnail","6":"product_cat-siguria-e-bebes-english","7":"product_cat-dermokozmetike-english","8":"product_cat-kids-babies","9":"product_cat-bebe-dhe-nena-english","10":"product_cat-mbrojtje-nga-dielli-english-2","11":"product_cat-mbrojtje-nga-dielli-english","12":"product_tag-12-m-en","13":"product_tag-12-m","14":"product_tag-bebe-en","15":"product_tag-femije-en","16":"product_tag-qumesht-en","17":"product_tag-mbrojtes-en","18":"product_tag-spf-50","19":"product_tag-spf-50-en","21":"first","22":"instock","23":"sale","24":"taxable","25":"shipping-taxable","26":"purchasable","27":"product-type-simple"},"bundled_by":[],"bundle_stock_status":"instock","bundle_stock_quantity":8,"bundle_virtual":false,"bundle_layout":"","bundle_add_to_cart_form_location":"","bundle_editable_in_cart":false,"bundle_sold_individually_context":"","bundle_item_grouping":"","bundle_min_size":"","bundle_max_size":"","bundle_price":[],"bundled_items":[],"bundle_sell_ids":[],"acf":[],"yoast_head":"<!-- This site is optimized with the Yoast SEO Premium plugin v23.0 (Yoast SEO v26.0) - https:\/\/yoast.com\/wordpress\/plugins\/seo\/ -->\n<title>Bioderma Photoderm Pediatrics Milk SPF50+ - Farmaon<\/title>\n<meta name=\"robots\" content=\"index, follow, max-snippet:-1, max-image-preview:large, max-video-preview:-1\" \/>\n<link rel=\"canonical\" href=\"https:\/\/farmaon4.apptirana.al\/en\/produkt\/bioderma-photoderm-pediatrics-milk-spf50\/\" \/>\n<meta property=\"og:locale\" content=\"en_US\" \/>\n<meta property=\"og:type\" content=\"article\" \/>\n<meta property=\"og:title\" content=\"Bioderma Photoderm Pediatrics Milk SPF50+\" \/>\n<meta property=\"og:description\" content=\"Qum\u00ebsht q\u00eb mbron maksimalisht l\u00ebkur\u00ebn delikate t\u00eb f\u00ebmij\u00ebve tuaj nga rrezatimi diellor 200 ml\" \/>\n<meta property=\"og:url\" content=\"https:\/\/farmaon4.apptirana.al\/en\/produkt\/bioderma-photoderm-pediatrics-milk-spf50\/\" \/>\n<meta property=\"og:site_name\" content=\"Farmaon\" \/>\n<meta property=\"article:modified_time\" content=\"2026-05-06T19:12:36+00:00\" \/>\n<meta property=\"og:image\" content=\"https:\/\/farmaon4.apptirana.al\/wp-content\/uploads\/2024\/09\/Untitled-design-2024-08-08T104230.369.jpg\" \/>\n\t<meta property=\"og:image:width\" content=\"1080\" \/>\n\t<meta property=\"og:image:height\" content=\"1080\" \/>\n\t<meta property=\"og:image:type\" content=\"image\/jpeg\" \/>\n<meta name=\"twitter:card\" content=\"summary_large_image\" \/>\n<meta name=\"twitter:label1\" content=\"Price\" \/>\n\t<meta name=\"twitter:data1\" content=\"2750&nbsp;L\" \/>\n\t<meta name=\"twitter:label2\" content=\"Availability\" \/>\n\t<meta name=\"twitter:data2\" content=\"In stock\" \/>\n<script type=\"application\/ld+json\" class=\"yoast-schema-graph\">{\"@context\":\"https:\/\/schema.org\",\"@graph\":[{\"@type\":\"WebPage\",\"@id\":\"https:\/\/farmaon4.apptirana.al\/en\/produkt\/bioderma-photoderm-pediatrics-milk-spf50\/\",\"url\":\"https:\/\/farmaon4.apptirana.al\/en\/produkt\/bioderma-photoderm-pediatrics-milk-spf50\/\",\"name\":\"Bioderma Photoderm Pediatrics Milk SPF50+ - Farmaon\",\"isPartOf\":{\"@id\":\"https:\/\/farmaon4.apptirana.al\/#website\"},\"primaryImageOfPage\":{\"@id\":\"https:\/\/farmaon4.apptirana.al\/en\/produkt\/bioderma-photoderm-pediatrics-milk-spf50\/#primaryimage\"},\"image\":{\"@id\":\"https:\/\/farmaon4.apptirana.al\/en\/produkt\/bioderma-photoderm-pediatrics-milk-spf50\/#primaryimage\"},\"thumbnailUrl\":\"https:\/\/farmaon4.apptirana.al\/wp-content\/uploads\/2024\/09\/Untitled-design-2024-08-08T104230.369.jpg\",\"datePublished\":\"2024-09-20T23:15:33+00:00\",\"dateModified\":\"2026-05-06T19:12:36+00:00\",\"breadcrumb\":{\"@id\":\"https:\/\/farmaon4.apptirana.al\/en\/produkt\/bioderma-photoderm-pediatrics-milk-spf50\/#breadcrumb\"},\"inLanguage\":\"en-US\",\"potentialAction\":[{\"@type\":\"ReadAction\",\"target\":[\"https:\/\/farmaon4.apptirana.al\/en\/produkt\/bioderma-photoderm-pediatrics-milk-spf50\/\"]}]},{\"@type\":\"ImageObject\",\"inLanguage\":\"en-US\",\"@id\":\"https:\/\/farmaon4.apptirana.al\/en\/produkt\/bioderma-photoderm-pediatrics-milk-spf50\/#primaryimage\",\"url\":\"https:\/\/farmaon4.apptirana.al\/wp-content\/uploads\/2024\/09\/Untitled-design-2024-08-08T104230.369.jpg\",\"contentUrl\":\"https:\/\/farmaon4.apptirana.al\/wp-content\/uploads\/2024\/09\/Untitled-design-2024-08-08T104230.369.jpg\",\"width\":1080,\"height\":1080},{\"@type\":\"BreadcrumbList\",\"@id\":\"https:\/\/farmaon4.apptirana.al\/en\/produkt\/bioderma-photoderm-pediatrics-milk-spf50\/#breadcrumb\",\"itemListElement\":[{\"@type\":\"ListItem\",\"position\":1,\"name\":\"Home\",\"item\":\"https:\/\/farmaon4.apptirana.al\/en\/\"},{\"@type\":\"ListItem\",\"position\":2,\"name\":\"Shop\",\"item\":\"https:\/\/farmaon4.apptirana.al\/en\/shop-3\/\"},{\"@type\":\"ListItem\",\"position\":3,\"name\":\"Bioderma Photoderm Pediatrics Milk SPF50+\"}]},{\"@type\":\"WebSite\",\"@id\":\"https:\/\/farmaon4.apptirana.al\/#website\",\"url\":\"https:\/\/farmaon4.apptirana.al\/\",\"name\":\"Farmaon\",\"description\":\"Farmacia Juaj Online!\",\"publisher\":{\"@id\":\"https:\/\/farmaon4.apptirana.al\/#organization\"},\"potentialAction\":[{\"@type\":\"SearchAction\",\"target\":{\"@type\":\"EntryPoint\",\"urlTemplate\":\"https:\/\/farmaon4.apptirana.al\/?s={search_term_string}\"},\"query-input\":{\"@type\":\"PropertyValueSpecification\",\"valueRequired\":true,\"valueName\":\"search_term_string\"}}],\"inLanguage\":\"en-US\"},{\"@type\":\"Organization\",\"@id\":\"https:\/\/farmaon4.apptirana.al\/#organization\",\"name\":\"Farmaon\",\"url\":\"https:\/\/farmaon4.apptirana.al\/\",\"logo\":{\"@type\":\"ImageObject\",\"inLanguage\":\"en-US\",\"@id\":\"https:\/\/farmaon4.apptirana.al\/#\/schema\/logo\/image\/\",\"url\":\"https:\/\/farmaon4.apptirana.al\/wp-content\/uploads\/2024\/08\/7f987514-logo-farmaon.png\",\"contentUrl\":\"https:\/\/farmaon4.apptirana.al\/wp-content\/uploads\/2024\/08\/7f987514-logo-farmaon.png\",\"width\":219,\"height\":53,\"caption\":\"Farmaon\"},\"image\":{\"@id\":\"https:\/\/farmaon4.apptirana.al\/#\/schema\/logo\/image\/\"}}]}<\/script>\n<meta property=\"product:price:amount\" content=\"2750\" \/>\n<meta property=\"product:price:currency\" content=\"ALL\" \/>\n<meta property=\"og:availability\" content=\"instock\" \/>\n<meta property=\"product:availability\" content=\"instock\" \/>\n<meta property=\"product:retailer_item_id\" content=\"BIOD104\" \/>\n<meta property=\"product:condition\" content=\"new\" \/>\n<!-- \/ Yoast SEO Premium plugin. -->","yoast_head_json":{"title":"Bioderma Photoderm Pediatrics Milk SPF50+ - Farmaon","robots":{"index":"index","follow":"follow","max-snippet":"max-snippet:-1","max-image-preview":"max-image-preview:large","max-video-preview":"max-video-preview:-1"},"canonical":"https:\/\/farmaon4.apptirana.al\/en\/produkt\/bioderma-photoderm-pediatrics-milk-spf50\/","og_locale":"en_US","og_type":"article","og_title":"Bioderma Photoderm Pediatrics Milk SPF50+","og_description":"Qum\u00ebsht q\u00eb mbron maksimalisht l\u00ebkur\u00ebn delikate t\u00eb f\u00ebmij\u00ebve tuaj nga rrezatimi diellor 200 ml","og_url":"https:\/\/farmaon4.apptirana.al\/en\/produkt\/bioderma-photoderm-pediatrics-milk-spf50\/","og_site_name":"Farmaon","article_modified_time":"2026-05-06T19:12:36+00:00","og_image":[{"width":1080,"height":1080,"url":"https:\/\/farmaon4.apptirana.al\/wp-content\/uploads\/2024\/09\/Untitled-design-2024-08-08T104230.369.jpg","type":"image\/jpeg"}],"twitter_card":"summary_large_image","twitter_misc":{"Price":"2750&nbsp;L","Availability":"In stock"},"schema":{"@context":"https:\/\/schema.org","@graph":[{"@type":"WebPage","@id":"https:\/\/farmaon4.apptirana.al\/en\/produkt\/bioderma-photoderm-pediatrics-milk-spf50\/","url":"https:\/\/farmaon4.apptirana.al\/en\/produkt\/bioderma-photoderm-pediatrics-milk-spf50\/","name":"Bioderma Photoderm Pediatrics Milk SPF50+ - Farmaon","isPartOf":{"@id":"https:\/\/farmaon4.apptirana.al\/#website"},"primaryImageOfPage":{"@id":"https:\/\/farmaon4.apptirana.al\/en\/produkt\/bioderma-photoderm-pediatrics-milk-spf50\/#primaryimage"},"image":{"@id":"https:\/\/farmaon4.apptirana.al\/en\/produkt\/bioderma-photoderm-pediatrics-milk-spf50\/#primaryimage"},"thumbnailUrl":"https:\/\/farmaon4.apptirana.al\/wp-content\/uploads\/2024\/09\/Untitled-design-2024-08-08T104230.369.jpg","datePublished":"2024-09-20T23:15:33+00:00","dateModified":"2026-05-06T19:12:36+00:00","breadcrumb":{"@id":"https:\/\/farmaon4.apptirana.al\/en\/produkt\/bioderma-photoderm-pediatrics-milk-spf50\/#breadcrumb"},"inLanguage":"en-US","potentialAction":[{"@type":"ReadAction","target":["https:\/\/farmaon4.apptirana.al\/en\/produkt\/bioderma-photoderm-pediatrics-milk-spf50\/"]}]},{"@type":"ImageObject","inLanguage":"en-US","@id":"https:\/\/farmaon4.apptirana.al\/en\/produkt\/bioderma-photoderm-pediatrics-milk-spf50\/#primaryimage","url":"https:\/\/farmaon4.apptirana.al\/wp-content\/uploads\/2024\/09\/Untitled-design-2024-08-08T104230.369.jpg","contentUrl":"https:\/\/farmaon4.apptirana.al\/wp-content\/uploads\/2024\/09\/Untitled-design-2024-08-08T104230.369.jpg","width":1080,"height":1080},{"@type":"BreadcrumbList","@id":"https:\/\/farmaon4.apptirana.al\/en\/produkt\/bioderma-photoderm-pediatrics-milk-spf50\/#breadcrumb","itemListElement":[{"@type":"ListItem","position":1,"name":"Home","item":"https:\/\/farmaon4.apptirana.al\/en\/"},{"@type":"ListItem","position":2,"name":"Shop","item":"https:\/\/farmaon4.apptirana.al\/en\/shop-3\/"},{"@type":"ListItem","position":3,"name":"Bioderma Photoderm Pediatrics Milk SPF50+"}]},{"@type":"WebSite","@id":"https:\/\/farmaon4.apptirana.al\/#website","url":"https:\/\/farmaon4.apptirana.al\/","name":"Farmaon","description":"Farmacia Juaj Online!","publisher":{"@id":"https:\/\/farmaon4.apptirana.al\/#organization"},"potentialAction":[{"@type":"SearchAction","target":{"@type":"EntryPoint","urlTemplate":"https:\/\/farmaon4.apptirana.al\/?s={search_term_string}"},"query-input":{"@type":"PropertyValueSpecification","valueRequired":true,"valueName":"search_term_string"}}],"inLanguage":"en-US"},{"@type":"Organization","@id":"https:\/\/farmaon4.apptirana.al\/#organization","name":"Farmaon","url":"https:\/\/farmaon4.apptirana.al\/","logo":{"@type":"ImageObject","inLanguage":"en-US","@id":"https:\/\/farmaon4.apptirana.al\/#\/schema\/logo\/image\/","url":"https:\/\/farmaon4.apptirana.al\/wp-content\/uploads\/2024\/08\/7f987514-logo-farmaon.png","contentUrl":"https:\/\/farmaon4.apptirana.al\/wp-content\/uploads\/2024\/08\/7f987514-logo-farmaon.png","width":219,"height":53,"caption":"Farmaon"},"image":{"@id":"https:\/\/farmaon4.apptirana.al\/#\/schema\/logo\/image\/"}}]},"product_price_amount":"2750","product_price_currency":"ALL","og_availability":"instock","product_availability":"instock","product_retailer_item_id":"BIOD104","product_condition":"new"},"_links":{"self":[{"href":"https:\/\/farmaon4.apptirana.al\/en\/wp-json\/wp\/v2\/product\/495887","targetHints":{"allow":["GET"]}}],"collection":[{"href":"https:\/\/farmaon4.apptirana.al\/en\/wp-json\/wp\/v2\/product"}],"about":[{"href":"https:\/\/farmaon4.apptirana.al\/en\/wp-json\/wp\/v2\/types\/product"}],"version-history":[{"count":0,"href":"https:\/\/farmaon4.apptirana.al\/en\/wp-json\/wp\/v2\/product\/495887\/revisions"}],"wp:featuredmedia":[{"embeddable":true,"href":"https:\/\/farmaon4.apptirana.al\/en\/wp-json\/wp\/v2\/media\/474102"}],"wp:attachment":[{"href":"https:\/\/farmaon4.apptirana.al\/en\/wp-json\/wp\/v2\/media?parent=495887"}],"wp:term":[{"taxonomy":"product_brand","embeddable":true,"href":"https:\/\/farmaon4.apptirana.al\/en\/wp-json\/wp\/v2\/product_brand?post=495887"},{"taxonomy":"product_cat","embeddable":true,"href":"https:\/\/farmaon4.apptirana.al\/en\/wp-json\/wp\/v2\/product_cat?post=495887"},{"taxonomy":"product_tag","embeddable":true,"href":"https:\/\/farmaon4.apptirana.al\/en\/wp-json\/wp\/v2\/product_tag?post=495887"},{"taxonomy":"giftcard-category","embeddable":true,"href":"https:\/\/farmaon4.apptirana.al\/en\/wp-json\/wp\/v2\/giftcard-category?post=495887"}],"curies":[{"name":"wp","href":"https:\/\/api.w.org\/{rel}","templated":true}]}}