{"id":495954,"date":"2024-09-21T00:00:09","date_gmt":"2024-09-21T00:00:09","guid":{"rendered":"https:\/\/farmaon4.apptirana.al\/produkt\/neno-gusto-fruit-teat-with-spoon-2\/"},"modified":"2026-05-04T03:21:56","modified_gmt":"2026-05-04T02:21:56","slug":"neno-gusto-fruit-teat-with-spoon","status":"publish","type":"product","link":"https:\/\/farmaon4.apptirana.al\/en\/produkt\/neno-gusto-fruit-teat-with-spoon\/","title":{"rendered":"Neno Gusto Fruit Teat with Spoon"},"content":{"rendered":"<p>Neno Gusto \u00ebsht\u00eb nj\u00eb aksesor ushqimi i dobish\u00ebm kur b\u00ebhet fjal\u00eb p\u00ebr shtimin e diet\u00ebs ushqimore t\u00eb f\u00ebmij\u00ebs suaj.<\/p>\n<p>Koka e ngjashme me kok\u00ebn e shisheve t\u00eb ushqimit, \u00ebsht\u00eb prej plastike e cil\u00ebsis\u00eb s\u00eb lart\u00eb q\u00eb nuk p\u00ebrmban bisfenol A t\u00eb d\u00ebmsh\u00ebm.<\/p>\n<p>Ideale p\u00ebr konsumimin e frutave dhe perimeve.<\/p>\n<p>Luga shoq\u00ebruese e b\u00ebn m\u00eb t\u00eb leht\u00eb p\u00ebr f\u00ebmij\u00ebn tuaj t\u00eb konsumoj\u00eb pure gjat\u00eb periudh\u00ebs q\u00eb m\u00ebson t\u00eb haj\u00eb n\u00eb m\u00ebnyr\u00eb t\u00eb pavarur.<\/p>\n<p>Pjesa n\u00eb form\u00eb cilindrike, n\u00eb t\u00eb cil\u00ebn vendoset ushqimi \u00ebsht\u00eb prej silikoni fleksib\u00ebl. Kjo i mund\u00ebson f\u00ebmij\u00ebs t\u00eb shtrydh\u00eb ose shtyp\u00eb vet\u00eb ushqimin.<\/p>\n<p>Me Neno Gusto, ju mund t\u00eb zgjeroni diet\u00ebn ushqimore t\u00eb f\u00ebmij\u00ebs suaj pa u shqet\u00ebsuar se ai do t\u00eb mbytet nga ushqimi.<\/p>\n<p>Form\u00eb ergonomike dhe e p\u00ebrshtatshme p\u00ebr t&#8217;u mbajtur nga duart e vogla t\u00eb f\u00ebmij\u00ebve tuaj.<\/p>\n<p>I p\u00ebrshtatsh\u00ebm p\u00ebr f\u00ebmij\u00ebve mbi 6 muaj.<\/p>\n","protected":false},"excerpt":{"rendered":"<p>Aksesor ushqimi p\u00ebr foshnje mbi 6 muaj<\/p>\n","protected":false},"featured_media":473366,"template":"","meta":{"_acf_changed":false},"product_brand":[],"product_cat":[49970,50016,50236],"product_tag":[50650,50961],"giftcard-category":[],"class_list":{"0":"post-495954","1":"product","2":"type-product","3":"status-publish","4":"has-post-thumbnail","6":"product_cat-aksesore-per-ushqim-english","7":"product_cat-bebe-dhe-nena-english","8":"product_cat-plates-spoons","9":"product_tag-bebe-en","10":"product_tag-aksesore-per-ushqim-en","12":"first","13":"instock","14":"sale","15":"taxable","16":"shipping-taxable","17":"purchasable","18":"product-type-simple"},"bundled_by":[],"bundle_stock_status":"instock","bundle_stock_quantity":2,"bundle_virtual":false,"bundle_layout":"","bundle_add_to_cart_form_location":"","bundle_editable_in_cart":false,"bundle_sold_individually_context":"","bundle_item_grouping":"","bundle_min_size":"","bundle_max_size":"","bundle_price":[],"bundled_items":[],"bundle_sell_ids":[],"acf":[],"yoast_head":"<!-- This site is optimized with the Yoast SEO Premium plugin v23.0 (Yoast SEO v26.0) - https:\/\/yoast.com\/wordpress\/plugins\/seo\/ -->\n<title>Neno Gusto Fruit Teat with Spoon - Farmaon<\/title>\n<meta name=\"robots\" content=\"index, follow, max-snippet:-1, max-image-preview:large, max-video-preview:-1\" \/>\n<link rel=\"canonical\" href=\"https:\/\/farmaon4.apptirana.al\/en\/produkt\/neno-gusto-fruit-teat-with-spoon-2\/\" \/>\n<meta property=\"og:locale\" content=\"en_US\" \/>\n<meta property=\"og:type\" content=\"article\" \/>\n<meta property=\"og:title\" content=\"Neno Gusto Fruit Teat with Spoon\" \/>\n<meta property=\"og:description\" content=\"Aksesor ushqimi p\u00ebr foshnje mbi 6 muaj\" \/>\n<meta property=\"og:url\" content=\"https:\/\/farmaon4.apptirana.al\/en\/produkt\/neno-gusto-fruit-teat-with-spoon-2\/\" \/>\n<meta property=\"og:site_name\" content=\"Farmaon\" \/>\n<meta property=\"article:modified_time\" content=\"2026-05-04T02:21:56+00:00\" \/>\n<meta name=\"twitter:card\" content=\"summary_large_image\" \/>\n<meta name=\"twitter:label1\" content=\"Price\" \/>\n\t<meta name=\"twitter:data1\" content=\"1170&nbsp;L\" \/>\n\t<meta name=\"twitter:label2\" content=\"Availability\" \/>\n\t<meta name=\"twitter:data2\" content=\"In stock\" \/>\n<script type=\"application\/ld+json\" class=\"yoast-schema-graph\">{\"@context\":\"https:\/\/schema.org\",\"@graph\":[{\"@type\":\"WebPage\",\"@id\":\"https:\/\/farmaon4.apptirana.al\/en\/produkt\/neno-gusto-fruit-teat-with-spoon-2\/\",\"url\":\"https:\/\/farmaon4.apptirana.al\/en\/produkt\/neno-gusto-fruit-teat-with-spoon-2\/\",\"name\":\"Neno Gusto Fruit Teat with Spoon - Farmaon\",\"isPartOf\":{\"@id\":\"https:\/\/farmaon4.apptirana.al\/#website\"},\"primaryImageOfPage\":{\"@id\":\"https:\/\/farmaon4.apptirana.al\/en\/produkt\/neno-gusto-fruit-teat-with-spoon-2\/#primaryimage\"},\"image\":{\"@id\":\"https:\/\/farmaon4.apptirana.al\/en\/produkt\/neno-gusto-fruit-teat-with-spoon-2\/#primaryimage\"},\"thumbnailUrl\":\"https:\/\/farmaon4.apptirana.al\/wp-content\/uploads\/2024\/09\/NENO0071.jpg\",\"datePublished\":\"2024-09-21T00:00:09+00:00\",\"dateModified\":\"2026-05-04T02:21:56+00:00\",\"breadcrumb\":{\"@id\":\"https:\/\/farmaon4.apptirana.al\/en\/produkt\/neno-gusto-fruit-teat-with-spoon-2\/#breadcrumb\"},\"inLanguage\":\"en-US\",\"potentialAction\":[{\"@type\":\"ReadAction\",\"target\":[\"https:\/\/farmaon4.apptirana.al\/en\/produkt\/neno-gusto-fruit-teat-with-spoon-2\/\"]}]},{\"@type\":\"ImageObject\",\"inLanguage\":\"en-US\",\"@id\":\"https:\/\/farmaon4.apptirana.al\/en\/produkt\/neno-gusto-fruit-teat-with-spoon-2\/#primaryimage\",\"url\":\"https:\/\/farmaon4.apptirana.al\/wp-content\/uploads\/2024\/09\/NENO0071.jpg\",\"contentUrl\":\"https:\/\/farmaon4.apptirana.al\/wp-content\/uploads\/2024\/09\/NENO0071.jpg\",\"width\":1080,\"height\":1080},{\"@type\":\"BreadcrumbList\",\"@id\":\"https:\/\/farmaon4.apptirana.al\/en\/produkt\/neno-gusto-fruit-teat-with-spoon-2\/#breadcrumb\",\"itemListElement\":[{\"@type\":\"ListItem\",\"position\":1,\"name\":\"Home\",\"item\":\"https:\/\/farmaon4.apptirana.al\/en\/\"},{\"@type\":\"ListItem\",\"position\":2,\"name\":\"Shop\",\"item\":\"https:\/\/farmaon4.apptirana.al\/en\/shop-3\/\"},{\"@type\":\"ListItem\",\"position\":3,\"name\":\"Neno Gusto Fruit Teat with Spoon\"}]},{\"@type\":\"WebSite\",\"@id\":\"https:\/\/farmaon4.apptirana.al\/#website\",\"url\":\"https:\/\/farmaon4.apptirana.al\/\",\"name\":\"Farmaon\",\"description\":\"Farmacia Juaj Online!\",\"publisher\":{\"@id\":\"https:\/\/farmaon4.apptirana.al\/#organization\"},\"potentialAction\":[{\"@type\":\"SearchAction\",\"target\":{\"@type\":\"EntryPoint\",\"urlTemplate\":\"https:\/\/farmaon4.apptirana.al\/?s={search_term_string}\"},\"query-input\":{\"@type\":\"PropertyValueSpecification\",\"valueRequired\":true,\"valueName\":\"search_term_string\"}}],\"inLanguage\":\"en-US\"},{\"@type\":\"Organization\",\"@id\":\"https:\/\/farmaon4.apptirana.al\/#organization\",\"name\":\"Farmaon\",\"url\":\"https:\/\/farmaon4.apptirana.al\/\",\"logo\":{\"@type\":\"ImageObject\",\"inLanguage\":\"en-US\",\"@id\":\"https:\/\/farmaon4.apptirana.al\/#\/schema\/logo\/image\/\",\"url\":\"https:\/\/farmaon4.apptirana.al\/wp-content\/uploads\/2024\/08\/7f987514-logo-farmaon.png\",\"contentUrl\":\"https:\/\/farmaon4.apptirana.al\/wp-content\/uploads\/2024\/08\/7f987514-logo-farmaon.png\",\"width\":219,\"height\":53,\"caption\":\"Farmaon\"},\"image\":{\"@id\":\"https:\/\/farmaon4.apptirana.al\/#\/schema\/logo\/image\/\"}}]}<\/script>\n<meta property=\"product:price:amount\" content=\"1170\" \/>\n<meta property=\"product:price:currency\" content=\"ALL\" \/>\n<meta property=\"og:availability\" content=\"instock\" \/>\n<meta property=\"product:availability\" content=\"instock\" \/>\n<meta property=\"product:retailer_item_id\" content=\"NENO007\" \/>\n<meta property=\"product:condition\" content=\"new\" \/>\n<!-- \/ Yoast SEO Premium plugin. -->","yoast_head_json":{"title":"Neno Gusto Fruit Teat with Spoon - Farmaon","robots":{"index":"index","follow":"follow","max-snippet":"max-snippet:-1","max-image-preview":"max-image-preview:large","max-video-preview":"max-video-preview:-1"},"canonical":"https:\/\/farmaon4.apptirana.al\/en\/produkt\/neno-gusto-fruit-teat-with-spoon-2\/","og_locale":"en_US","og_type":"article","og_title":"Neno Gusto Fruit Teat with Spoon","og_description":"Aksesor ushqimi p\u00ebr foshnje mbi 6 muaj","og_url":"https:\/\/farmaon4.apptirana.al\/en\/produkt\/neno-gusto-fruit-teat-with-spoon-2\/","og_site_name":"Farmaon","article_modified_time":"2026-05-04T02:21:56+00:00","twitter_card":"summary_large_image","twitter_misc":{"Price":"1170&nbsp;L","Availability":"In stock"},"schema":{"@context":"https:\/\/schema.org","@graph":[{"@type":"WebPage","@id":"https:\/\/farmaon4.apptirana.al\/en\/produkt\/neno-gusto-fruit-teat-with-spoon-2\/","url":"https:\/\/farmaon4.apptirana.al\/en\/produkt\/neno-gusto-fruit-teat-with-spoon-2\/","name":"Neno Gusto Fruit Teat with Spoon - Farmaon","isPartOf":{"@id":"https:\/\/farmaon4.apptirana.al\/#website"},"primaryImageOfPage":{"@id":"https:\/\/farmaon4.apptirana.al\/en\/produkt\/neno-gusto-fruit-teat-with-spoon-2\/#primaryimage"},"image":{"@id":"https:\/\/farmaon4.apptirana.al\/en\/produkt\/neno-gusto-fruit-teat-with-spoon-2\/#primaryimage"},"thumbnailUrl":"https:\/\/farmaon4.apptirana.al\/wp-content\/uploads\/2024\/09\/NENO0071.jpg","datePublished":"2024-09-21T00:00:09+00:00","dateModified":"2026-05-04T02:21:56+00:00","breadcrumb":{"@id":"https:\/\/farmaon4.apptirana.al\/en\/produkt\/neno-gusto-fruit-teat-with-spoon-2\/#breadcrumb"},"inLanguage":"en-US","potentialAction":[{"@type":"ReadAction","target":["https:\/\/farmaon4.apptirana.al\/en\/produkt\/neno-gusto-fruit-teat-with-spoon-2\/"]}]},{"@type":"ImageObject","inLanguage":"en-US","@id":"https:\/\/farmaon4.apptirana.al\/en\/produkt\/neno-gusto-fruit-teat-with-spoon-2\/#primaryimage","url":"https:\/\/farmaon4.apptirana.al\/wp-content\/uploads\/2024\/09\/NENO0071.jpg","contentUrl":"https:\/\/farmaon4.apptirana.al\/wp-content\/uploads\/2024\/09\/NENO0071.jpg","width":1080,"height":1080},{"@type":"BreadcrumbList","@id":"https:\/\/farmaon4.apptirana.al\/en\/produkt\/neno-gusto-fruit-teat-with-spoon-2\/#breadcrumb","itemListElement":[{"@type":"ListItem","position":1,"name":"Home","item":"https:\/\/farmaon4.apptirana.al\/en\/"},{"@type":"ListItem","position":2,"name":"Shop","item":"https:\/\/farmaon4.apptirana.al\/en\/shop-3\/"},{"@type":"ListItem","position":3,"name":"Neno Gusto Fruit Teat with Spoon"}]},{"@type":"WebSite","@id":"https:\/\/farmaon4.apptirana.al\/#website","url":"https:\/\/farmaon4.apptirana.al\/","name":"Farmaon","description":"Farmacia Juaj Online!","publisher":{"@id":"https:\/\/farmaon4.apptirana.al\/#organization"},"potentialAction":[{"@type":"SearchAction","target":{"@type":"EntryPoint","urlTemplate":"https:\/\/farmaon4.apptirana.al\/?s={search_term_string}"},"query-input":{"@type":"PropertyValueSpecification","valueRequired":true,"valueName":"search_term_string"}}],"inLanguage":"en-US"},{"@type":"Organization","@id":"https:\/\/farmaon4.apptirana.al\/#organization","name":"Farmaon","url":"https:\/\/farmaon4.apptirana.al\/","logo":{"@type":"ImageObject","inLanguage":"en-US","@id":"https:\/\/farmaon4.apptirana.al\/#\/schema\/logo\/image\/","url":"https:\/\/farmaon4.apptirana.al\/wp-content\/uploads\/2024\/08\/7f987514-logo-farmaon.png","contentUrl":"https:\/\/farmaon4.apptirana.al\/wp-content\/uploads\/2024\/08\/7f987514-logo-farmaon.png","width":219,"height":53,"caption":"Farmaon"},"image":{"@id":"https:\/\/farmaon4.apptirana.al\/#\/schema\/logo\/image\/"}}]},"product_price_amount":"1170","product_price_currency":"ALL","og_availability":"instock","product_availability":"instock","product_retailer_item_id":"NENO007","product_condition":"new"},"_links":{"self":[{"href":"https:\/\/farmaon4.apptirana.al\/en\/wp-json\/wp\/v2\/product\/495954","targetHints":{"allow":["GET"]}}],"collection":[{"href":"https:\/\/farmaon4.apptirana.al\/en\/wp-json\/wp\/v2\/product"}],"about":[{"href":"https:\/\/farmaon4.apptirana.al\/en\/wp-json\/wp\/v2\/types\/product"}],"version-history":[{"count":0,"href":"https:\/\/farmaon4.apptirana.al\/en\/wp-json\/wp\/v2\/product\/495954\/revisions"}],"wp:featuredmedia":[{"embeddable":true,"href":"https:\/\/farmaon4.apptirana.al\/en\/wp-json\/wp\/v2\/media\/473366"}],"wp:attachment":[{"href":"https:\/\/farmaon4.apptirana.al\/en\/wp-json\/wp\/v2\/media?parent=495954"}],"wp:term":[{"taxonomy":"product_brand","embeddable":true,"href":"https:\/\/farmaon4.apptirana.al\/en\/wp-json\/wp\/v2\/product_brand?post=495954"},{"taxonomy":"product_cat","embeddable":true,"href":"https:\/\/farmaon4.apptirana.al\/en\/wp-json\/wp\/v2\/product_cat?post=495954"},{"taxonomy":"product_tag","embeddable":true,"href":"https:\/\/farmaon4.apptirana.al\/en\/wp-json\/wp\/v2\/product_tag?post=495954"},{"taxonomy":"giftcard-category","embeddable":true,"href":"https:\/\/farmaon4.apptirana.al\/en\/wp-json\/wp\/v2\/giftcard-category?post=495954"}],"curies":[{"name":"wp","href":"https:\/\/api.w.org\/{rel}","templated":true}]}}