{"id":495956,"date":"2024-09-20T23:58:06","date_gmt":"2024-09-20T23:58:06","guid":{"rendered":"https:\/\/farmaon4.apptirana.al\/produkt\/vichy-liftactiv-collagen-specialist-eye-care-2\/"},"modified":"2026-05-02T19:46:49","modified_gmt":"2026-05-02T18:46:49","slug":"vichy-liftactiv-collagen-specialist-eye-care","status":"publish","type":"product","link":"https:\/\/farmaon4.apptirana.al\/en\/produkt\/vichy-liftactiv-collagen-specialist-eye-care\/","title":{"rendered":"Vichy Liftactiv Collagen Specialist Eye Care"},"content":{"rendered":"<p>Formulim i ri p\u00ebr zon\u00ebn rreth syve, pa arom\u00eb, me nj\u00eb kompleks unik 5% pro-kolagjen [peptide + pro-Xylane + vitamin\u00eb CG], q\u00eb synon t\u00eb korrigjoj\u00eb rrudhat n\u00eb zon\u00ebn rreth syve.<\/p>\n<p>Efikasiteti i provuar klinikisht n\u00eb pamjen e 5 shenjave t\u00eb plakjes rreth zon\u00ebs s\u00eb syve:<\/p>\n<ul>\n<li>rrudhat n\u00eb pamje si k\u00ebmb\u00ebt e sorr\u00ebs,<\/li>\n<li>rrudhat posht\u00eb syve,<\/li>\n<li>qeset e syve,<\/li>\n<li>rrath\u00ebt e err\u00ebt,<\/li>\n<li>qepallat e r\u00ebna.<\/li>\n<\/ul>\n<p>Kjo formul\u00eb p\u00ebrmban:<\/p>\n<ul>\n<li>Kompleksin Pro-Kolagjen 5% [peptide + pro-Xylane + vitamin\u00eb CG]: Ndihmon n\u00eb reduktimin e shenjave t\u00eb dukshme t\u00eb plakjes p\u00ebr shkak t\u00eb humbjes s\u00eb kolagjenit.<\/li>\n<li>Substanca aktive t\u00eb kujdesit p\u00ebr syt\u00eb: Niacinamide dhe Kafein\u00eb: Zvog\u00eblojn\u00eb enjtjen rreth syve dhe pak\u00ebsojn\u00eb rrath\u00ebt e err\u00ebt.<\/li>\n<\/ul>\n<p>Kjo formul\u00eb \u00ebsht\u00eb:<\/p>\n<ul>\n<li>Pa arom\u00eb.<\/li>\n<li>E pershtatshme p\u00ebr l\u00ebkur\u00eb t\u00eb ndjeshme.<\/li>\n<li>E testuar nga oftalmolog\u00eb.<\/li>\n<li>Hipoalergjike.<\/li>\n<li>Pa parabene.<\/li>\n<\/ul>\n","protected":false},"excerpt":{"rendered":"<p>Krem me efekt anti-mosh\u00eb dhe lifting p\u00ebr zon\u00ebn rreth syve<\/p>\n<p>15 ml<\/p>\n","protected":false},"featured_media":473234,"template":"","meta":{"_acf_changed":false},"product_brand":[],"product_cat":[50044,50302],"product_tag":[50630,50627,50635,50665,50490],"giftcard-category":[],"class_list":{"0":"post-495956","1":"product","2":"type-product","3":"status-publish","4":"has-post-thumbnail","6":"product_cat-dermokozmetike-english","7":"product_cat-syte-english","8":"product_tag-per-cdo-lekure-en","9":"product_tag-anti-rrudhe-en","10":"product_tag-kolagjen-en","11":"product_tag-syte-en","12":"product_tag-femra-en","14":"first","15":"instock","16":"sale","17":"taxable","18":"shipping-taxable","19":"purchasable","20":"product-type-simple"},"bundled_by":[],"bundle_stock_status":"instock","bundle_stock_quantity":2,"bundle_virtual":false,"bundle_layout":"","bundle_add_to_cart_form_location":"","bundle_editable_in_cart":false,"bundle_sold_individually_context":"","bundle_item_grouping":"","bundle_min_size":"","bundle_max_size":"","bundle_price":[],"bundled_items":[],"bundle_sell_ids":[],"acf":[],"yoast_head":"<!-- This site is optimized with the Yoast SEO Premium plugin v23.0 (Yoast SEO v26.0) - https:\/\/yoast.com\/wordpress\/plugins\/seo\/ -->\n<title>Vichy Liftactiv Collagen Specialist Eye Care - Farmaon<\/title>\n<meta name=\"robots\" content=\"index, follow, max-snippet:-1, max-image-preview:large, max-video-preview:-1\" \/>\n<link rel=\"canonical\" href=\"https:\/\/farmaon4.apptirana.al\/en\/produkt\/vichy-liftactiv-collagen-specialist-eye-care\/\" \/>\n<meta property=\"og:locale\" content=\"en_US\" \/>\n<meta property=\"og:type\" content=\"article\" \/>\n<meta property=\"og:title\" content=\"Vichy Liftactiv Collagen Specialist Eye Care\" \/>\n<meta property=\"og:description\" content=\"Krem me efekt anti-mosh\u00eb dhe lifting p\u00ebr zon\u00ebn rreth syve 15 ml\" \/>\n<meta property=\"og:url\" content=\"https:\/\/farmaon4.apptirana.al\/en\/produkt\/vichy-liftactiv-collagen-specialist-eye-care\/\" \/>\n<meta property=\"og:site_name\" content=\"Farmaon\" \/>\n<meta property=\"article:modified_time\" content=\"2026-05-02T18:46:49+00:00\" \/>\n<meta name=\"twitter:card\" content=\"summary_large_image\" \/>\n<meta name=\"twitter:label1\" content=\"Price\" \/>\n\t<meta name=\"twitter:data1\" content=\"3600&nbsp;L\" \/>\n\t<meta name=\"twitter:label2\" content=\"Availability\" \/>\n\t<meta name=\"twitter:data2\" content=\"In stock\" \/>\n<script type=\"application\/ld+json\" class=\"yoast-schema-graph\">{\"@context\":\"https:\/\/schema.org\",\"@graph\":[{\"@type\":\"WebPage\",\"@id\":\"https:\/\/farmaon4.apptirana.al\/en\/produkt\/vichy-liftactiv-collagen-specialist-eye-care\/\",\"url\":\"https:\/\/farmaon4.apptirana.al\/en\/produkt\/vichy-liftactiv-collagen-specialist-eye-care\/\",\"name\":\"Vichy Liftactiv Collagen Specialist Eye Care - Farmaon\",\"isPartOf\":{\"@id\":\"https:\/\/farmaon4.apptirana.al\/#website\"},\"primaryImageOfPage\":{\"@id\":\"https:\/\/farmaon4.apptirana.al\/en\/produkt\/vichy-liftactiv-collagen-specialist-eye-care\/#primaryimage\"},\"image\":{\"@id\":\"https:\/\/farmaon4.apptirana.al\/en\/produkt\/vichy-liftactiv-collagen-specialist-eye-care\/#primaryimage\"},\"thumbnailUrl\":\"https:\/\/farmaon4.apptirana.al\/wp-content\/uploads\/2024\/09\/VI287.jpg\",\"datePublished\":\"2024-09-20T23:58:06+00:00\",\"dateModified\":\"2026-05-02T18:46:49+00:00\",\"breadcrumb\":{\"@id\":\"https:\/\/farmaon4.apptirana.al\/en\/produkt\/vichy-liftactiv-collagen-specialist-eye-care\/#breadcrumb\"},\"inLanguage\":\"en-US\",\"potentialAction\":[{\"@type\":\"ReadAction\",\"target\":[\"https:\/\/farmaon4.apptirana.al\/en\/produkt\/vichy-liftactiv-collagen-specialist-eye-care\/\"]}]},{\"@type\":\"ImageObject\",\"inLanguage\":\"en-US\",\"@id\":\"https:\/\/farmaon4.apptirana.al\/en\/produkt\/vichy-liftactiv-collagen-specialist-eye-care\/#primaryimage\",\"url\":\"https:\/\/farmaon4.apptirana.al\/wp-content\/uploads\/2024\/09\/VI287.jpg\",\"contentUrl\":\"https:\/\/farmaon4.apptirana.al\/wp-content\/uploads\/2024\/09\/VI287.jpg\",\"width\":1080,\"height\":1080},{\"@type\":\"BreadcrumbList\",\"@id\":\"https:\/\/farmaon4.apptirana.al\/en\/produkt\/vichy-liftactiv-collagen-specialist-eye-care\/#breadcrumb\",\"itemListElement\":[{\"@type\":\"ListItem\",\"position\":1,\"name\":\"Home\",\"item\":\"https:\/\/farmaon4.apptirana.al\/en\/\"},{\"@type\":\"ListItem\",\"position\":2,\"name\":\"Shop\",\"item\":\"https:\/\/farmaon4.apptirana.al\/en\/shop-3\/\"},{\"@type\":\"ListItem\",\"position\":3,\"name\":\"Vichy Liftactiv Collagen Specialist Eye Care\"}]},{\"@type\":\"WebSite\",\"@id\":\"https:\/\/farmaon4.apptirana.al\/#website\",\"url\":\"https:\/\/farmaon4.apptirana.al\/\",\"name\":\"Farmaon\",\"description\":\"Farmacia Juaj Online!\",\"publisher\":{\"@id\":\"https:\/\/farmaon4.apptirana.al\/#organization\"},\"potentialAction\":[{\"@type\":\"SearchAction\",\"target\":{\"@type\":\"EntryPoint\",\"urlTemplate\":\"https:\/\/farmaon4.apptirana.al\/?s={search_term_string}\"},\"query-input\":{\"@type\":\"PropertyValueSpecification\",\"valueRequired\":true,\"valueName\":\"search_term_string\"}}],\"inLanguage\":\"en-US\"},{\"@type\":\"Organization\",\"@id\":\"https:\/\/farmaon4.apptirana.al\/#organization\",\"name\":\"Farmaon\",\"url\":\"https:\/\/farmaon4.apptirana.al\/\",\"logo\":{\"@type\":\"ImageObject\",\"inLanguage\":\"en-US\",\"@id\":\"https:\/\/farmaon4.apptirana.al\/#\/schema\/logo\/image\/\",\"url\":\"https:\/\/farmaon4.apptirana.al\/wp-content\/uploads\/2024\/08\/7f987514-logo-farmaon.png\",\"contentUrl\":\"https:\/\/farmaon4.apptirana.al\/wp-content\/uploads\/2024\/08\/7f987514-logo-farmaon.png\",\"width\":219,\"height\":53,\"caption\":\"Farmaon\"},\"image\":{\"@id\":\"https:\/\/farmaon4.apptirana.al\/#\/schema\/logo\/image\/\"}}]}<\/script>\n<meta property=\"product:price:amount\" content=\"3600\" \/>\n<meta property=\"product:price:currency\" content=\"ALL\" \/>\n<meta property=\"og:availability\" content=\"instock\" \/>\n<meta property=\"product:availability\" content=\"instock\" \/>\n<meta property=\"product:retailer_item_id\" content=\"VI287\" \/>\n<meta property=\"product:condition\" content=\"new\" \/>\n<!-- \/ Yoast SEO Premium plugin. -->","yoast_head_json":{"title":"Vichy Liftactiv Collagen Specialist Eye Care - Farmaon","robots":{"index":"index","follow":"follow","max-snippet":"max-snippet:-1","max-image-preview":"max-image-preview:large","max-video-preview":"max-video-preview:-1"},"canonical":"https:\/\/farmaon4.apptirana.al\/en\/produkt\/vichy-liftactiv-collagen-specialist-eye-care\/","og_locale":"en_US","og_type":"article","og_title":"Vichy Liftactiv Collagen Specialist Eye Care","og_description":"Krem me efekt anti-mosh\u00eb dhe lifting p\u00ebr zon\u00ebn rreth syve 15 ml","og_url":"https:\/\/farmaon4.apptirana.al\/en\/produkt\/vichy-liftactiv-collagen-specialist-eye-care\/","og_site_name":"Farmaon","article_modified_time":"2026-05-02T18:46:49+00:00","twitter_card":"summary_large_image","twitter_misc":{"Price":"3600&nbsp;L","Availability":"In stock"},"schema":{"@context":"https:\/\/schema.org","@graph":[{"@type":"WebPage","@id":"https:\/\/farmaon4.apptirana.al\/en\/produkt\/vichy-liftactiv-collagen-specialist-eye-care\/","url":"https:\/\/farmaon4.apptirana.al\/en\/produkt\/vichy-liftactiv-collagen-specialist-eye-care\/","name":"Vichy Liftactiv Collagen Specialist Eye Care - Farmaon","isPartOf":{"@id":"https:\/\/farmaon4.apptirana.al\/#website"},"primaryImageOfPage":{"@id":"https:\/\/farmaon4.apptirana.al\/en\/produkt\/vichy-liftactiv-collagen-specialist-eye-care\/#primaryimage"},"image":{"@id":"https:\/\/farmaon4.apptirana.al\/en\/produkt\/vichy-liftactiv-collagen-specialist-eye-care\/#primaryimage"},"thumbnailUrl":"https:\/\/farmaon4.apptirana.al\/wp-content\/uploads\/2024\/09\/VI287.jpg","datePublished":"2024-09-20T23:58:06+00:00","dateModified":"2026-05-02T18:46:49+00:00","breadcrumb":{"@id":"https:\/\/farmaon4.apptirana.al\/en\/produkt\/vichy-liftactiv-collagen-specialist-eye-care\/#breadcrumb"},"inLanguage":"en-US","potentialAction":[{"@type":"ReadAction","target":["https:\/\/farmaon4.apptirana.al\/en\/produkt\/vichy-liftactiv-collagen-specialist-eye-care\/"]}]},{"@type":"ImageObject","inLanguage":"en-US","@id":"https:\/\/farmaon4.apptirana.al\/en\/produkt\/vichy-liftactiv-collagen-specialist-eye-care\/#primaryimage","url":"https:\/\/farmaon4.apptirana.al\/wp-content\/uploads\/2024\/09\/VI287.jpg","contentUrl":"https:\/\/farmaon4.apptirana.al\/wp-content\/uploads\/2024\/09\/VI287.jpg","width":1080,"height":1080},{"@type":"BreadcrumbList","@id":"https:\/\/farmaon4.apptirana.al\/en\/produkt\/vichy-liftactiv-collagen-specialist-eye-care\/#breadcrumb","itemListElement":[{"@type":"ListItem","position":1,"name":"Home","item":"https:\/\/farmaon4.apptirana.al\/en\/"},{"@type":"ListItem","position":2,"name":"Shop","item":"https:\/\/farmaon4.apptirana.al\/en\/shop-3\/"},{"@type":"ListItem","position":3,"name":"Vichy Liftactiv Collagen Specialist Eye Care"}]},{"@type":"WebSite","@id":"https:\/\/farmaon4.apptirana.al\/#website","url":"https:\/\/farmaon4.apptirana.al\/","name":"Farmaon","description":"Farmacia Juaj Online!","publisher":{"@id":"https:\/\/farmaon4.apptirana.al\/#organization"},"potentialAction":[{"@type":"SearchAction","target":{"@type":"EntryPoint","urlTemplate":"https:\/\/farmaon4.apptirana.al\/?s={search_term_string}"},"query-input":{"@type":"PropertyValueSpecification","valueRequired":true,"valueName":"search_term_string"}}],"inLanguage":"en-US"},{"@type":"Organization","@id":"https:\/\/farmaon4.apptirana.al\/#organization","name":"Farmaon","url":"https:\/\/farmaon4.apptirana.al\/","logo":{"@type":"ImageObject","inLanguage":"en-US","@id":"https:\/\/farmaon4.apptirana.al\/#\/schema\/logo\/image\/","url":"https:\/\/farmaon4.apptirana.al\/wp-content\/uploads\/2024\/08\/7f987514-logo-farmaon.png","contentUrl":"https:\/\/farmaon4.apptirana.al\/wp-content\/uploads\/2024\/08\/7f987514-logo-farmaon.png","width":219,"height":53,"caption":"Farmaon"},"image":{"@id":"https:\/\/farmaon4.apptirana.al\/#\/schema\/logo\/image\/"}}]},"product_price_amount":"3600","product_price_currency":"ALL","og_availability":"instock","product_availability":"instock","product_retailer_item_id":"VI287","product_condition":"new"},"_links":{"self":[{"href":"https:\/\/farmaon4.apptirana.al\/en\/wp-json\/wp\/v2\/product\/495956","targetHints":{"allow":["GET"]}}],"collection":[{"href":"https:\/\/farmaon4.apptirana.al\/en\/wp-json\/wp\/v2\/product"}],"about":[{"href":"https:\/\/farmaon4.apptirana.al\/en\/wp-json\/wp\/v2\/types\/product"}],"version-history":[{"count":0,"href":"https:\/\/farmaon4.apptirana.al\/en\/wp-json\/wp\/v2\/product\/495956\/revisions"}],"wp:featuredmedia":[{"embeddable":true,"href":"https:\/\/farmaon4.apptirana.al\/en\/wp-json\/wp\/v2\/media\/473234"}],"wp:attachment":[{"href":"https:\/\/farmaon4.apptirana.al\/en\/wp-json\/wp\/v2\/media?parent=495956"}],"wp:term":[{"taxonomy":"product_brand","embeddable":true,"href":"https:\/\/farmaon4.apptirana.al\/en\/wp-json\/wp\/v2\/product_brand?post=495956"},{"taxonomy":"product_cat","embeddable":true,"href":"https:\/\/farmaon4.apptirana.al\/en\/wp-json\/wp\/v2\/product_cat?post=495956"},{"taxonomy":"product_tag","embeddable":true,"href":"https:\/\/farmaon4.apptirana.al\/en\/wp-json\/wp\/v2\/product_tag?post=495956"},{"taxonomy":"giftcard-category","embeddable":true,"href":"https:\/\/farmaon4.apptirana.al\/en\/wp-json\/wp\/v2\/giftcard-category?post=495956"}],"curies":[{"name":"wp","href":"https:\/\/api.w.org\/{rel}","templated":true}]}}