{"id":495966,"date":"2024-09-21T00:05:46","date_gmt":"2024-09-21T00:05:46","guid":{"rendered":"https:\/\/farmaon4.apptirana.al\/produkt\/biostyle-bamboo-patik-men-socks-2\/"},"modified":"2026-05-01T12:17:09","modified_gmt":"2026-05-01T11:17:09","slug":"biostyle-bamboo-patik-men-socks","status":"publish","type":"product","link":"https:\/\/farmaon4.apptirana.al\/en\/produkt\/biostyle-bamboo-patik-men-socks\/","title":{"rendered":"BioStyle Bamboo Patik Men Socks"},"content":{"rendered":"<p>Biostyle sjell nj\u00eb gam\u00eb t\u00eb gjer\u00eb \u00e7orapesh me p\u00ebrb\u00ebrje mjaft t\u00eb ve\u00e7ant\u00eb dhe termo-dinamike.<\/p>\n<p>\u00c7orapet me material termo-dinamik nga pema e bambus\u00eb dhe ahut ju mbajn\u00eb fresk\u00ebt n\u00eb koh\u00eb t\u00eb nxeht\u00eb dhe ngroht\u00eb n\u00eb koh\u00eb t\u00eb ftoht\u00eb.<\/p>\n<p>P\u00ebrfitimet q\u00eb sjellin:<\/p>\n<ul>\n<li>P\u00ebrmir\u00ebsojn\u00eb qarkullimin e gjakut.<\/li>\n<li>Produkt BIO organik.<\/li>\n<li>P\u00ebrthithin lag\u00ebshtir\u00ebn.<\/li>\n<li>Pak\u00ebsojn\u00eb djersitjen.<\/li>\n<li>Parandalojn\u00eb enjtjen e k\u00ebmb\u00ebve.<\/li>\n<li>Anti alergjike.<\/li>\n<li>Anti mykotike.<\/li>\n<li>Largojn\u00eb aromat e pak\u00ebnd\u00ebshme<\/li>\n<li>Rezistente dhe m\u00eb jet\u00ebgjat\u00eb.<\/li>\n<\/ul>\n<p id=\"et_prod_title\">\u00c7orapet bambu mund t\u00eb vishen n\u00eb \u00e7do koh\u00eb.<\/p>\n<p>Meqen\u00ebse bambuja ka veti anti-mikrobike, \u00e7orapet prej bambuje k\u00ebshillohen t\u00eb p\u00ebrdoren nga njer\u00ebzit me probleme t\u00eb l\u00ebkur\u00ebs, diabetik\u00ebt etj.<\/p>\n<p>Jan\u00eb t\u00eb lehta p\u00ebr t&#8217;u lar\u00eb, palosen me leht\u00ebsi dhe i mbajn\u00eb k\u00ebmb\u00ebt tuaja t\u00eb fresk\u00ebta edhe n\u00ebse ecni p\u00ebr koh\u00eb t\u00eb gjat\u00eb.<\/p>\n<p>Zgjedhja ideale p\u00ebr personat me l\u00ebkur\u00eb t\u00eb ndjeshme dhe alergjike.<\/p>\n","protected":false},"excerpt":{"rendered":"<p id=\"et_prod_title\">\u00c7orape me material nga pema e bambus\u00eb p\u00ebr meshkuj (40-44)<\/p>\n<p>1 pal\u00eb<\/p>\n","protected":false},"featured_media":473605,"template":"","meta":{"_acf_changed":false},"product_brand":[],"product_cat":[50141,50335,50044,50120],"product_tag":[50892,56191],"giftcard-category":[],"class_list":{"0":"post-495966","1":"product","2":"type-product","3":"status-publish","4":"has-post-thumbnail","6":"product_cat-kunder-aromes-dhe-djersitjes-english","7":"product_cat-body-mbrojtje-nga-dielli-english","8":"product_cat-dermokozmetike-english","9":"product_cat-kembet-english","10":"product_tag-meshkuj-en","11":"product_tag-corape-en","13":"first","14":"instock","15":"taxable","16":"shipping-taxable","17":"purchasable","18":"product-type-simple"},"bundled_by":[],"bundle_stock_status":"instock","bundle_stock_quantity":28,"bundle_virtual":false,"bundle_layout":"","bundle_add_to_cart_form_location":"","bundle_editable_in_cart":false,"bundle_sold_individually_context":"","bundle_item_grouping":"","bundle_min_size":"","bundle_max_size":"","bundle_price":[],"bundled_items":[],"bundle_sell_ids":[],"acf":[],"yoast_head":"<!-- This site is optimized with the Yoast SEO Premium plugin v23.0 (Yoast SEO v26.0) - https:\/\/yoast.com\/wordpress\/plugins\/seo\/ -->\n<title>BioStyle Bamboo Patik Men Socks - Farmaon<\/title>\n<meta name=\"robots\" content=\"index, follow, max-snippet:-1, max-image-preview:large, max-video-preview:-1\" \/>\n<link rel=\"canonical\" href=\"https:\/\/farmaon4.apptirana.al\/en\/produkt\/biostyle-bamboo-patik-men-socks\/\" \/>\n<meta property=\"og:locale\" content=\"en_US\" \/>\n<meta property=\"og:type\" content=\"article\" \/>\n<meta property=\"og:title\" content=\"BioStyle Bamboo Patik Men Socks\" \/>\n<meta property=\"og:description\" content=\"\u00c7orape me material nga pema e bambus\u00eb p\u00ebr meshkuj (40-44) 1 pal\u00eb\" \/>\n<meta property=\"og:url\" content=\"https:\/\/farmaon4.apptirana.al\/en\/produkt\/biostyle-bamboo-patik-men-socks\/\" \/>\n<meta property=\"og:site_name\" content=\"Farmaon\" \/>\n<meta property=\"article:modified_time\" content=\"2026-05-01T11:17:09+00:00\" \/>\n<meta name=\"twitter:card\" content=\"summary_large_image\" \/>\n<meta name=\"twitter:label1\" content=\"Price\" \/>\n\t<meta name=\"twitter:data1\" content=\"480&nbsp;L\" \/>\n\t<meta name=\"twitter:label2\" content=\"Availability\" \/>\n\t<meta name=\"twitter:data2\" content=\"In stock\" \/>\n<script type=\"application\/ld+json\" class=\"yoast-schema-graph\">{\"@context\":\"https:\/\/schema.org\",\"@graph\":[{\"@type\":\"WebPage\",\"@id\":\"https:\/\/farmaon4.apptirana.al\/en\/produkt\/biostyle-bamboo-patik-men-socks\/\",\"url\":\"https:\/\/farmaon4.apptirana.al\/en\/produkt\/biostyle-bamboo-patik-men-socks\/\",\"name\":\"BioStyle Bamboo Patik Men Socks - Farmaon\",\"isPartOf\":{\"@id\":\"https:\/\/farmaon4.apptirana.al\/#website\"},\"primaryImageOfPage\":{\"@id\":\"https:\/\/farmaon4.apptirana.al\/en\/produkt\/biostyle-bamboo-patik-men-socks\/#primaryimage\"},\"image\":{\"@id\":\"https:\/\/farmaon4.apptirana.al\/en\/produkt\/biostyle-bamboo-patik-men-socks\/#primaryimage\"},\"thumbnailUrl\":\"https:\/\/farmaon4.apptirana.al\/wp-content\/uploads\/2024\/09\/BS09.jpg\",\"datePublished\":\"2024-09-21T00:05:46+00:00\",\"dateModified\":\"2026-05-01T11:17:09+00:00\",\"breadcrumb\":{\"@id\":\"https:\/\/farmaon4.apptirana.al\/en\/produkt\/biostyle-bamboo-patik-men-socks\/#breadcrumb\"},\"inLanguage\":\"en-US\",\"potentialAction\":[{\"@type\":\"ReadAction\",\"target\":[\"https:\/\/farmaon4.apptirana.al\/en\/produkt\/biostyle-bamboo-patik-men-socks\/\"]}]},{\"@type\":\"ImageObject\",\"inLanguage\":\"en-US\",\"@id\":\"https:\/\/farmaon4.apptirana.al\/en\/produkt\/biostyle-bamboo-patik-men-socks\/#primaryimage\",\"url\":\"https:\/\/farmaon4.apptirana.al\/wp-content\/uploads\/2024\/09\/BS09.jpg\",\"contentUrl\":\"https:\/\/farmaon4.apptirana.al\/wp-content\/uploads\/2024\/09\/BS09.jpg\",\"width\":1080,\"height\":1080},{\"@type\":\"BreadcrumbList\",\"@id\":\"https:\/\/farmaon4.apptirana.al\/en\/produkt\/biostyle-bamboo-patik-men-socks\/#breadcrumb\",\"itemListElement\":[{\"@type\":\"ListItem\",\"position\":1,\"name\":\"Home\",\"item\":\"https:\/\/farmaon4.apptirana.al\/en\/\"},{\"@type\":\"ListItem\",\"position\":2,\"name\":\"Shop\",\"item\":\"https:\/\/farmaon4.apptirana.al\/en\/shop-3\/\"},{\"@type\":\"ListItem\",\"position\":3,\"name\":\"BioStyle Bamboo Patik Men Socks\"}]},{\"@type\":\"WebSite\",\"@id\":\"https:\/\/farmaon4.apptirana.al\/#website\",\"url\":\"https:\/\/farmaon4.apptirana.al\/\",\"name\":\"Farmaon\",\"description\":\"Farmacia Juaj Online!\",\"publisher\":{\"@id\":\"https:\/\/farmaon4.apptirana.al\/#organization\"},\"potentialAction\":[{\"@type\":\"SearchAction\",\"target\":{\"@type\":\"EntryPoint\",\"urlTemplate\":\"https:\/\/farmaon4.apptirana.al\/?s={search_term_string}\"},\"query-input\":{\"@type\":\"PropertyValueSpecification\",\"valueRequired\":true,\"valueName\":\"search_term_string\"}}],\"inLanguage\":\"en-US\"},{\"@type\":\"Organization\",\"@id\":\"https:\/\/farmaon4.apptirana.al\/#organization\",\"name\":\"Farmaon\",\"url\":\"https:\/\/farmaon4.apptirana.al\/\",\"logo\":{\"@type\":\"ImageObject\",\"inLanguage\":\"en-US\",\"@id\":\"https:\/\/farmaon4.apptirana.al\/#\/schema\/logo\/image\/\",\"url\":\"https:\/\/farmaon4.apptirana.al\/wp-content\/uploads\/2024\/08\/7f987514-logo-farmaon.png\",\"contentUrl\":\"https:\/\/farmaon4.apptirana.al\/wp-content\/uploads\/2024\/08\/7f987514-logo-farmaon.png\",\"width\":219,\"height\":53,\"caption\":\"Farmaon\"},\"image\":{\"@id\":\"https:\/\/farmaon4.apptirana.al\/#\/schema\/logo\/image\/\"}}]}<\/script>\n<meta property=\"product:price:amount\" content=\"480\" \/>\n<meta property=\"product:price:currency\" content=\"ALL\" \/>\n<meta property=\"og:availability\" content=\"instock\" \/>\n<meta property=\"product:availability\" content=\"instock\" \/>\n<meta property=\"product:retailer_item_id\" content=\"BS09\" \/>\n<meta property=\"product:condition\" content=\"new\" \/>\n<!-- \/ Yoast SEO Premium plugin. -->","yoast_head_json":{"title":"BioStyle Bamboo Patik Men Socks - Farmaon","robots":{"index":"index","follow":"follow","max-snippet":"max-snippet:-1","max-image-preview":"max-image-preview:large","max-video-preview":"max-video-preview:-1"},"canonical":"https:\/\/farmaon4.apptirana.al\/en\/produkt\/biostyle-bamboo-patik-men-socks\/","og_locale":"en_US","og_type":"article","og_title":"BioStyle Bamboo Patik Men Socks","og_description":"\u00c7orape me material nga pema e bambus\u00eb p\u00ebr meshkuj (40-44) 1 pal\u00eb","og_url":"https:\/\/farmaon4.apptirana.al\/en\/produkt\/biostyle-bamboo-patik-men-socks\/","og_site_name":"Farmaon","article_modified_time":"2026-05-01T11:17:09+00:00","twitter_card":"summary_large_image","twitter_misc":{"Price":"480&nbsp;L","Availability":"In stock"},"schema":{"@context":"https:\/\/schema.org","@graph":[{"@type":"WebPage","@id":"https:\/\/farmaon4.apptirana.al\/en\/produkt\/biostyle-bamboo-patik-men-socks\/","url":"https:\/\/farmaon4.apptirana.al\/en\/produkt\/biostyle-bamboo-patik-men-socks\/","name":"BioStyle Bamboo Patik Men Socks - Farmaon","isPartOf":{"@id":"https:\/\/farmaon4.apptirana.al\/#website"},"primaryImageOfPage":{"@id":"https:\/\/farmaon4.apptirana.al\/en\/produkt\/biostyle-bamboo-patik-men-socks\/#primaryimage"},"image":{"@id":"https:\/\/farmaon4.apptirana.al\/en\/produkt\/biostyle-bamboo-patik-men-socks\/#primaryimage"},"thumbnailUrl":"https:\/\/farmaon4.apptirana.al\/wp-content\/uploads\/2024\/09\/BS09.jpg","datePublished":"2024-09-21T00:05:46+00:00","dateModified":"2026-05-01T11:17:09+00:00","breadcrumb":{"@id":"https:\/\/farmaon4.apptirana.al\/en\/produkt\/biostyle-bamboo-patik-men-socks\/#breadcrumb"},"inLanguage":"en-US","potentialAction":[{"@type":"ReadAction","target":["https:\/\/farmaon4.apptirana.al\/en\/produkt\/biostyle-bamboo-patik-men-socks\/"]}]},{"@type":"ImageObject","inLanguage":"en-US","@id":"https:\/\/farmaon4.apptirana.al\/en\/produkt\/biostyle-bamboo-patik-men-socks\/#primaryimage","url":"https:\/\/farmaon4.apptirana.al\/wp-content\/uploads\/2024\/09\/BS09.jpg","contentUrl":"https:\/\/farmaon4.apptirana.al\/wp-content\/uploads\/2024\/09\/BS09.jpg","width":1080,"height":1080},{"@type":"BreadcrumbList","@id":"https:\/\/farmaon4.apptirana.al\/en\/produkt\/biostyle-bamboo-patik-men-socks\/#breadcrumb","itemListElement":[{"@type":"ListItem","position":1,"name":"Home","item":"https:\/\/farmaon4.apptirana.al\/en\/"},{"@type":"ListItem","position":2,"name":"Shop","item":"https:\/\/farmaon4.apptirana.al\/en\/shop-3\/"},{"@type":"ListItem","position":3,"name":"BioStyle Bamboo Patik Men Socks"}]},{"@type":"WebSite","@id":"https:\/\/farmaon4.apptirana.al\/#website","url":"https:\/\/farmaon4.apptirana.al\/","name":"Farmaon","description":"Farmacia Juaj Online!","publisher":{"@id":"https:\/\/farmaon4.apptirana.al\/#organization"},"potentialAction":[{"@type":"SearchAction","target":{"@type":"EntryPoint","urlTemplate":"https:\/\/farmaon4.apptirana.al\/?s={search_term_string}"},"query-input":{"@type":"PropertyValueSpecification","valueRequired":true,"valueName":"search_term_string"}}],"inLanguage":"en-US"},{"@type":"Organization","@id":"https:\/\/farmaon4.apptirana.al\/#organization","name":"Farmaon","url":"https:\/\/farmaon4.apptirana.al\/","logo":{"@type":"ImageObject","inLanguage":"en-US","@id":"https:\/\/farmaon4.apptirana.al\/#\/schema\/logo\/image\/","url":"https:\/\/farmaon4.apptirana.al\/wp-content\/uploads\/2024\/08\/7f987514-logo-farmaon.png","contentUrl":"https:\/\/farmaon4.apptirana.al\/wp-content\/uploads\/2024\/08\/7f987514-logo-farmaon.png","width":219,"height":53,"caption":"Farmaon"},"image":{"@id":"https:\/\/farmaon4.apptirana.al\/#\/schema\/logo\/image\/"}}]},"product_price_amount":"480","product_price_currency":"ALL","og_availability":"instock","product_availability":"instock","product_retailer_item_id":"BS09","product_condition":"new"},"_links":{"self":[{"href":"https:\/\/farmaon4.apptirana.al\/en\/wp-json\/wp\/v2\/product\/495966","targetHints":{"allow":["GET"]}}],"collection":[{"href":"https:\/\/farmaon4.apptirana.al\/en\/wp-json\/wp\/v2\/product"}],"about":[{"href":"https:\/\/farmaon4.apptirana.al\/en\/wp-json\/wp\/v2\/types\/product"}],"version-history":[{"count":0,"href":"https:\/\/farmaon4.apptirana.al\/en\/wp-json\/wp\/v2\/product\/495966\/revisions"}],"wp:featuredmedia":[{"embeddable":true,"href":"https:\/\/farmaon4.apptirana.al\/en\/wp-json\/wp\/v2\/media\/473605"}],"wp:attachment":[{"href":"https:\/\/farmaon4.apptirana.al\/en\/wp-json\/wp\/v2\/media?parent=495966"}],"wp:term":[{"taxonomy":"product_brand","embeddable":true,"href":"https:\/\/farmaon4.apptirana.al\/en\/wp-json\/wp\/v2\/product_brand?post=495966"},{"taxonomy":"product_cat","embeddable":true,"href":"https:\/\/farmaon4.apptirana.al\/en\/wp-json\/wp\/v2\/product_cat?post=495966"},{"taxonomy":"product_tag","embeddable":true,"href":"https:\/\/farmaon4.apptirana.al\/en\/wp-json\/wp\/v2\/product_tag?post=495966"},{"taxonomy":"giftcard-category","embeddable":true,"href":"https:\/\/farmaon4.apptirana.al\/en\/wp-json\/wp\/v2\/giftcard-category?post=495966"}],"curies":[{"name":"wp","href":"https:\/\/api.w.org\/{rel}","templated":true}]}}