{"id":495988,"date":"2024-09-21T00:08:24","date_gmt":"2024-09-20T23:08:24","guid":{"rendered":"https:\/\/farmaon4.apptirana.al\/produkt\/svr-cicavit-spf50-2\/"},"modified":"2026-04-21T07:27:24","modified_gmt":"2026-04-21T06:27:24","slug":"svr-cicavit-spf50","status":"publish","type":"product","link":"https:\/\/farmaon4.apptirana.al\/en\/produkt\/svr-cicavit-spf50\/","title":{"rendered":"SVR CICAVIT+ SPF50+"},"content":{"rendered":"<p>Cicavit+ Cr\u00e8me SPF5+ mbron l\u00ebkur\u00ebn e d\u00ebmtuar prej diellit duke shmangur krijimin e shenjave!<\/p>\n<p>Tekstura e padukshme shkrihet n\u00eb l\u00ebkur\u00eb dhe jo vet\u00ebm qet\u00ebson irritimet por dhe riparon l\u00ebkur\u00ebn e d\u00ebmtuar.<\/p>\n<p>I formuluar me teknologjin\u00eb e filtrit UVA\/UVB dhe nj\u00eb kompleks antioksidant q\u00eb mbron nga drita e dukshme dhe infra t\u00eb kuqe, Cicavit+ Cr\u00e8me SPF5+ mbron nga t\u00eb gjitha llojet e rrezatimeve.<\/p>\n<p>Ka p\u00ebrqendrim t\u00eb lart\u00eb t\u00eb p\u00ebrb\u00ebr\u00ebsve aktiv\u00eb riparues dhe qet\u00ebsues p\u00ebr nj\u00eb efektivitet optimal:<\/p>\n<ul>\n<li>27% p\u00ebrb\u00ebr\u00ebs aktiv\u00eb q\u00eb stimulojn\u00eb rimodelimin e l\u00ebkur\u00ebs dhe p\u00ebrshpejtojn\u00eb riparimin e saj 7 her\u00eb m\u00eb shpejt.<\/li>\n<li>Polisakarid, i pasur me ramnoz\u00eb: formon nj\u00eb film mbrojt\u00ebs dhe parandalon ngjitjen e baktereve patogjene n\u00eb sip\u00ebrfaqen e l\u00ebkur\u00ebs. Redukton skuqjen dhe nxeht\u00ebsin\u00eb.<\/li>\n<li>Nj\u00eb sheqer prebiotik q\u00eb vepron n\u00eb mikrobiom\u00eb: ribalancon flor\u00ebn e l\u00ebkur\u00ebs duke stimuluar rritjen e flor\u00ebs bakteriale t\u00eb dobishme p\u00ebr t\u00eb optimizuar shpejt\u00ebsin\u00eb dhe cil\u00ebsin\u00eb e riparimit t\u00eb l\u00ebkur\u00ebs.<\/li>\n<li>Teknologji Integrale e Sigurt \u2013 Kompleksi i filtrave UVA dhe UVB, mbron nga drita e dukshme dhe rrezet infra t\u00eb kuqe.<\/li>\n<\/ul>\n<p>I testuar dermatologjikisht.<\/p>\n<p>Hipoalergjik.<\/p>\n","protected":false},"excerpt":{"rendered":"<p>Krem mbrojt\u00ebs, rigjenerues dhe qet\u00ebsues p\u00ebr l\u00ebkur\u00ebn e irrituar dhe t\u00eb d\u00ebmtuar<\/p>\n<p>40 ml<\/p>\n","protected":false},"featured_media":473755,"template":"","meta":{"_acf_changed":false},"product_brand":[],"product_cat":[50284,56164,50161,50044,50089,50074,50016,50295,50174,50173,57083,50307],"product_tag":[52158,50465,53993,52106,50466,51856,57873,46209,51650],"giftcard-category":[],"class_list":{"0":"post-495988","1":"product","2":"type-product","3":"status-publish","4":"has-post-thumbnail","6":"product_cat-siguria-e-bebes-english","7":"product_cat-body-mbrojtje-nga-dielli-en","8":"product_cat-markat-english","9":"product_cat-dermokozmetike-english","10":"product_cat-face-lips","11":"product_cat-kids-babies","12":"product_cat-bebe-dhe-nena-english","13":"product_cat-sport-dhe-tattoo-english","14":"product_cat-mbrojtje-nga-dielli-english-2","15":"product_cat-mbrojtje-nga-dielli-english","16":"product_cat-svr-en","17":"product_cat-tatuazh-english","18":"product_tag-djegie-en","19":"product_tag-lekure-e-thate-en","20":"product_tag-per-te-gjithe-familjen-en","21":"product_tag-shenja-en","22":"product_tag-mbrojtes-en","23":"product_tag-rigjenerues-en","24":"product_tag-spf-50-en","25":"product_tag-spf-50","26":"product_tag-tatuazh-en","28":"first","29":"instock","30":"sale","31":"taxable","32":"shipping-taxable","33":"purchasable","34":"product-type-simple"},"bundled_by":[],"bundle_stock_status":"instock","bundle_stock_quantity":2,"bundle_virtual":false,"bundle_layout":"","bundle_add_to_cart_form_location":"","bundle_editable_in_cart":false,"bundle_sold_individually_context":"","bundle_item_grouping":"","bundle_min_size":"","bundle_max_size":"","bundle_price":[],"bundled_items":[],"bundle_sell_ids":[],"acf":[],"yoast_head":"<!-- This site is optimized with the Yoast SEO Premium plugin v23.0 (Yoast SEO v26.0) - https:\/\/yoast.com\/wordpress\/plugins\/seo\/ -->\n<title>SVR CICAVIT+ SPF50+ - Farmaon<\/title>\n<meta name=\"robots\" content=\"index, follow, max-snippet:-1, max-image-preview:large, max-video-preview:-1\" \/>\n<link rel=\"canonical\" href=\"https:\/\/farmaon4.apptirana.al\/en\/produkt\/svr-cicavit-spf50\/\" \/>\n<meta property=\"og:locale\" content=\"en_US\" \/>\n<meta property=\"og:type\" content=\"article\" \/>\n<meta property=\"og:title\" content=\"SVR CICAVIT+ SPF50+\" \/>\n<meta property=\"og:description\" content=\"Krem mbrojt\u00ebs, rigjenerues dhe qet\u00ebsues p\u00ebr l\u00ebkur\u00ebn e irrituar dhe t\u00eb d\u00ebmtuar 40 ml\" \/>\n<meta property=\"og:url\" content=\"https:\/\/farmaon4.apptirana.al\/en\/produkt\/svr-cicavit-spf50\/\" \/>\n<meta property=\"og:site_name\" content=\"Farmaon\" \/>\n<meta property=\"article:modified_time\" content=\"2026-04-21T06:27:24+00:00\" \/>\n<meta property=\"og:image\" content=\"https:\/\/farmaon4.apptirana.al\/wp-content\/uploads\/2024\/09\/SVR43.jpg\" \/>\n\t<meta property=\"og:image:width\" content=\"1080\" \/>\n\t<meta property=\"og:image:height\" content=\"1080\" \/>\n\t<meta property=\"og:image:type\" content=\"image\/jpeg\" \/>\n<meta name=\"twitter:card\" content=\"summary_large_image\" \/>\n<meta name=\"twitter:label1\" content=\"Price\" \/>\n\t<meta name=\"twitter:data1\" content=\"1440&nbsp;L\" \/>\n\t<meta name=\"twitter:label2\" content=\"Availability\" \/>\n\t<meta name=\"twitter:data2\" content=\"In stock\" \/>\n<script type=\"application\/ld+json\" class=\"yoast-schema-graph\">{\"@context\":\"https:\/\/schema.org\",\"@graph\":[{\"@type\":\"WebPage\",\"@id\":\"https:\/\/farmaon4.apptirana.al\/en\/produkt\/svr-cicavit-spf50\/\",\"url\":\"https:\/\/farmaon4.apptirana.al\/en\/produkt\/svr-cicavit-spf50\/\",\"name\":\"SVR CICAVIT+ SPF50+ - Farmaon\",\"isPartOf\":{\"@id\":\"https:\/\/farmaon4.apptirana.al\/#website\"},\"primaryImageOfPage\":{\"@id\":\"https:\/\/farmaon4.apptirana.al\/en\/produkt\/svr-cicavit-spf50\/#primaryimage\"},\"image\":{\"@id\":\"https:\/\/farmaon4.apptirana.al\/en\/produkt\/svr-cicavit-spf50\/#primaryimage\"},\"thumbnailUrl\":\"https:\/\/farmaon4.apptirana.al\/wp-content\/uploads\/2024\/09\/SVR43.jpg\",\"datePublished\":\"2024-09-20T23:08:24+00:00\",\"dateModified\":\"2026-04-21T06:27:24+00:00\",\"breadcrumb\":{\"@id\":\"https:\/\/farmaon4.apptirana.al\/en\/produkt\/svr-cicavit-spf50\/#breadcrumb\"},\"inLanguage\":\"en-US\",\"potentialAction\":[{\"@type\":\"ReadAction\",\"target\":[\"https:\/\/farmaon4.apptirana.al\/en\/produkt\/svr-cicavit-spf50\/\"]}]},{\"@type\":\"ImageObject\",\"inLanguage\":\"en-US\",\"@id\":\"https:\/\/farmaon4.apptirana.al\/en\/produkt\/svr-cicavit-spf50\/#primaryimage\",\"url\":\"https:\/\/farmaon4.apptirana.al\/wp-content\/uploads\/2024\/09\/SVR43.jpg\",\"contentUrl\":\"https:\/\/farmaon4.apptirana.al\/wp-content\/uploads\/2024\/09\/SVR43.jpg\",\"width\":1080,\"height\":1080},{\"@type\":\"BreadcrumbList\",\"@id\":\"https:\/\/farmaon4.apptirana.al\/en\/produkt\/svr-cicavit-spf50\/#breadcrumb\",\"itemListElement\":[{\"@type\":\"ListItem\",\"position\":1,\"name\":\"Home\",\"item\":\"https:\/\/farmaon4.apptirana.al\/en\/\"},{\"@type\":\"ListItem\",\"position\":2,\"name\":\"Shop\",\"item\":\"https:\/\/farmaon4.apptirana.al\/en\/shop-3\/\"},{\"@type\":\"ListItem\",\"position\":3,\"name\":\"SVR CICAVIT+ SPF50+\"}]},{\"@type\":\"WebSite\",\"@id\":\"https:\/\/farmaon4.apptirana.al\/#website\",\"url\":\"https:\/\/farmaon4.apptirana.al\/\",\"name\":\"Farmaon\",\"description\":\"Farmacia Juaj Online!\",\"publisher\":{\"@id\":\"https:\/\/farmaon4.apptirana.al\/#organization\"},\"potentialAction\":[{\"@type\":\"SearchAction\",\"target\":{\"@type\":\"EntryPoint\",\"urlTemplate\":\"https:\/\/farmaon4.apptirana.al\/?s={search_term_string}\"},\"query-input\":{\"@type\":\"PropertyValueSpecification\",\"valueRequired\":true,\"valueName\":\"search_term_string\"}}],\"inLanguage\":\"en-US\"},{\"@type\":\"Organization\",\"@id\":\"https:\/\/farmaon4.apptirana.al\/#organization\",\"name\":\"Farmaon\",\"url\":\"https:\/\/farmaon4.apptirana.al\/\",\"logo\":{\"@type\":\"ImageObject\",\"inLanguage\":\"en-US\",\"@id\":\"https:\/\/farmaon4.apptirana.al\/#\/schema\/logo\/image\/\",\"url\":\"https:\/\/farmaon4.apptirana.al\/wp-content\/uploads\/2024\/08\/7f987514-logo-farmaon.png\",\"contentUrl\":\"https:\/\/farmaon4.apptirana.al\/wp-content\/uploads\/2024\/08\/7f987514-logo-farmaon.png\",\"width\":219,\"height\":53,\"caption\":\"Farmaon\"},\"image\":{\"@id\":\"https:\/\/farmaon4.apptirana.al\/#\/schema\/logo\/image\/\"}}]}<\/script>\n<meta property=\"product:price:amount\" content=\"1440\" \/>\n<meta property=\"product:price:currency\" content=\"ALL\" \/>\n<meta property=\"og:availability\" content=\"instock\" \/>\n<meta property=\"product:availability\" content=\"instock\" \/>\n<meta property=\"product:retailer_item_id\" content=\"SVR42\" \/>\n<meta property=\"product:condition\" content=\"new\" \/>\n<!-- \/ Yoast SEO Premium plugin. -->","yoast_head_json":{"title":"SVR CICAVIT+ SPF50+ - Farmaon","robots":{"index":"index","follow":"follow","max-snippet":"max-snippet:-1","max-image-preview":"max-image-preview:large","max-video-preview":"max-video-preview:-1"},"canonical":"https:\/\/farmaon4.apptirana.al\/en\/produkt\/svr-cicavit-spf50\/","og_locale":"en_US","og_type":"article","og_title":"SVR CICAVIT+ SPF50+","og_description":"Krem mbrojt\u00ebs, rigjenerues dhe qet\u00ebsues p\u00ebr l\u00ebkur\u00ebn e irrituar dhe t\u00eb d\u00ebmtuar 40 ml","og_url":"https:\/\/farmaon4.apptirana.al\/en\/produkt\/svr-cicavit-spf50\/","og_site_name":"Farmaon","article_modified_time":"2026-04-21T06:27:24+00:00","og_image":[{"width":1080,"height":1080,"url":"https:\/\/farmaon4.apptirana.al\/wp-content\/uploads\/2024\/09\/SVR43.jpg","type":"image\/jpeg"}],"twitter_card":"summary_large_image","twitter_misc":{"Price":"1440&nbsp;L","Availability":"In stock"},"schema":{"@context":"https:\/\/schema.org","@graph":[{"@type":"WebPage","@id":"https:\/\/farmaon4.apptirana.al\/en\/produkt\/svr-cicavit-spf50\/","url":"https:\/\/farmaon4.apptirana.al\/en\/produkt\/svr-cicavit-spf50\/","name":"SVR CICAVIT+ SPF50+ - Farmaon","isPartOf":{"@id":"https:\/\/farmaon4.apptirana.al\/#website"},"primaryImageOfPage":{"@id":"https:\/\/farmaon4.apptirana.al\/en\/produkt\/svr-cicavit-spf50\/#primaryimage"},"image":{"@id":"https:\/\/farmaon4.apptirana.al\/en\/produkt\/svr-cicavit-spf50\/#primaryimage"},"thumbnailUrl":"https:\/\/farmaon4.apptirana.al\/wp-content\/uploads\/2024\/09\/SVR43.jpg","datePublished":"2024-09-20T23:08:24+00:00","dateModified":"2026-04-21T06:27:24+00:00","breadcrumb":{"@id":"https:\/\/farmaon4.apptirana.al\/en\/produkt\/svr-cicavit-spf50\/#breadcrumb"},"inLanguage":"en-US","potentialAction":[{"@type":"ReadAction","target":["https:\/\/farmaon4.apptirana.al\/en\/produkt\/svr-cicavit-spf50\/"]}]},{"@type":"ImageObject","inLanguage":"en-US","@id":"https:\/\/farmaon4.apptirana.al\/en\/produkt\/svr-cicavit-spf50\/#primaryimage","url":"https:\/\/farmaon4.apptirana.al\/wp-content\/uploads\/2024\/09\/SVR43.jpg","contentUrl":"https:\/\/farmaon4.apptirana.al\/wp-content\/uploads\/2024\/09\/SVR43.jpg","width":1080,"height":1080},{"@type":"BreadcrumbList","@id":"https:\/\/farmaon4.apptirana.al\/en\/produkt\/svr-cicavit-spf50\/#breadcrumb","itemListElement":[{"@type":"ListItem","position":1,"name":"Home","item":"https:\/\/farmaon4.apptirana.al\/en\/"},{"@type":"ListItem","position":2,"name":"Shop","item":"https:\/\/farmaon4.apptirana.al\/en\/shop-3\/"},{"@type":"ListItem","position":3,"name":"SVR CICAVIT+ SPF50+"}]},{"@type":"WebSite","@id":"https:\/\/farmaon4.apptirana.al\/#website","url":"https:\/\/farmaon4.apptirana.al\/","name":"Farmaon","description":"Farmacia Juaj Online!","publisher":{"@id":"https:\/\/farmaon4.apptirana.al\/#organization"},"potentialAction":[{"@type":"SearchAction","target":{"@type":"EntryPoint","urlTemplate":"https:\/\/farmaon4.apptirana.al\/?s={search_term_string}"},"query-input":{"@type":"PropertyValueSpecification","valueRequired":true,"valueName":"search_term_string"}}],"inLanguage":"en-US"},{"@type":"Organization","@id":"https:\/\/farmaon4.apptirana.al\/#organization","name":"Farmaon","url":"https:\/\/farmaon4.apptirana.al\/","logo":{"@type":"ImageObject","inLanguage":"en-US","@id":"https:\/\/farmaon4.apptirana.al\/#\/schema\/logo\/image\/","url":"https:\/\/farmaon4.apptirana.al\/wp-content\/uploads\/2024\/08\/7f987514-logo-farmaon.png","contentUrl":"https:\/\/farmaon4.apptirana.al\/wp-content\/uploads\/2024\/08\/7f987514-logo-farmaon.png","width":219,"height":53,"caption":"Farmaon"},"image":{"@id":"https:\/\/farmaon4.apptirana.al\/#\/schema\/logo\/image\/"}}]},"product_price_amount":"1440","product_price_currency":"ALL","og_availability":"instock","product_availability":"instock","product_retailer_item_id":"SVR42","product_condition":"new"},"_links":{"self":[{"href":"https:\/\/farmaon4.apptirana.al\/en\/wp-json\/wp\/v2\/product\/495988","targetHints":{"allow":["GET"]}}],"collection":[{"href":"https:\/\/farmaon4.apptirana.al\/en\/wp-json\/wp\/v2\/product"}],"about":[{"href":"https:\/\/farmaon4.apptirana.al\/en\/wp-json\/wp\/v2\/types\/product"}],"version-history":[{"count":0,"href":"https:\/\/farmaon4.apptirana.al\/en\/wp-json\/wp\/v2\/product\/495988\/revisions"}],"wp:featuredmedia":[{"embeddable":true,"href":"https:\/\/farmaon4.apptirana.al\/en\/wp-json\/wp\/v2\/media\/473755"}],"wp:attachment":[{"href":"https:\/\/farmaon4.apptirana.al\/en\/wp-json\/wp\/v2\/media?parent=495988"}],"wp:term":[{"taxonomy":"product_brand","embeddable":true,"href":"https:\/\/farmaon4.apptirana.al\/en\/wp-json\/wp\/v2\/product_brand?post=495988"},{"taxonomy":"product_cat","embeddable":true,"href":"https:\/\/farmaon4.apptirana.al\/en\/wp-json\/wp\/v2\/product_cat?post=495988"},{"taxonomy":"product_tag","embeddable":true,"href":"https:\/\/farmaon4.apptirana.al\/en\/wp-json\/wp\/v2\/product_tag?post=495988"},{"taxonomy":"giftcard-category","embeddable":true,"href":"https:\/\/farmaon4.apptirana.al\/en\/wp-json\/wp\/v2\/giftcard-category?post=495988"}],"curies":[{"name":"wp","href":"https:\/\/api.w.org\/{rel}","templated":true}]}}