{"id":495990,"date":"2024-09-21T00:08:42","date_gmt":"2024-09-20T23:08:42","guid":{"rendered":"https:\/\/farmaon4.apptirana.al\/produkt\/svr-spirial-body-feet-anti-perspirant-spray-vegetal-2\/"},"modified":"2026-05-06T20:36:28","modified_gmt":"2026-05-06T19:36:28","slug":"svr-spirial-body-feet-anti-perspirant-spray-vegetal","status":"publish","type":"product","link":"https:\/\/farmaon4.apptirana.al\/en\/produkt\/svr-spirial-body-feet-anti-perspirant-spray-vegetal\/","title":{"rendered":"SVR Spirial Body &#038; Feet Anti-Perspirant Spray Vegetal"},"content":{"rendered":"<p>Deodorant i kompresuar me veprim intensiv anti-djers\u00eb 48-or\u00ebsh, edhe n\u00eb situata ekstreme (sport, stres, etj.) p\u00ebr adoleshent\u00eb dhe t\u00eb rritur.<\/p>\n<p>P\u00ebrdoret n\u00eb sqetull, duar dhe k\u00ebmb\u00eb.<\/p>\n<p>Formuluar me nj\u00eb p\u00ebrqendrim t\u00eb lart\u00eb t\u00eb agjent\u00ebve rregullues t\u00eb djers\u00ebs.<\/p>\n<p>Kjo p\u00ebrkujdesje kontrollon djers\u00ebn, thith lag\u00ebshtin\u00eb dhe lufton aromat e pak\u00ebndshme.<br \/>\nFormulimi p\u00ebrmban:<\/p>\n<ul>\n<li>Klorhidrat alumini: forma m\u00eb e tolerueshme e krip\u00ebrave t\u00eb aluminit p\u00ebr t\u00eb rregulluar djersitjen p\u00ebr nj\u00eb periudh\u00eb t\u00eb q\u00ebndrueshme dhe thithur lag\u00ebshtin\u00eb.<\/li>\n<li>Niacinamide: qet\u00ebsojn\u00eb dhe ribalancojn\u00eb barrier\u00ebn e l\u00ebkur\u00ebs.<\/li>\n<li>Citrat trietili: antioksidant q\u00eb pengon zhvillimin e aromave t\u00eb pak\u00ebndshme<\/li>\n<\/ul>\n<p>Nuk le shenja t\u00eb bardha.<\/p>\n<p>Thahet shpejt.<\/p>\n<p>&nbsp;<\/p>\n","protected":false},"excerpt":{"rendered":"<p>Deodorant n\u00eb form\u00eb spraji p\u00ebr trupin dhe k\u00ebmb\u00ebt<\/p>\n<p>75 ml<\/p>\n","protected":false},"featured_media":473779,"template":"","meta":{"_acf_changed":false},"product_brand":[],"product_cat":[50141,50335,50102,50161,50044,50041,50120,50105,50179,57083,50075],"product_tag":[46223,57944,51535],"giftcard-category":[],"class_list":{"0":"post-495990","1":"product","2":"type-product","3":"status-publish","4":"has-post-thumbnail","6":"product_cat-kunder-aromes-dhe-djersitjes-english","7":"product_cat-body-mbrojtje-nga-dielli-english","8":"product_cat-higjiena-e-trupit-english","9":"product_cat-markat-english","10":"product_cat-dermokozmetike-english","11":"product_cat-deodorante-dhe-antidjerse-english","12":"product_cat-kembet-english","13":"product_cat-higjiene-english","14":"product_cat-meshkuj-english-deodorante-dhe-antidjerse-english","15":"product_cat-svr-en","16":"product_cat-femra-english","17":"product_tag-deodorant","18":"product_tag-deodorant-en","19":"product_tag-kembet-en","21":"first","22":"instock","23":"sale","24":"taxable","25":"shipping-taxable","26":"purchasable","27":"product-type-simple"},"bundled_by":[],"bundle_stock_status":"instock","bundle_stock_quantity":4,"bundle_virtual":false,"bundle_layout":"","bundle_add_to_cart_form_location":"","bundle_editable_in_cart":false,"bundle_sold_individually_context":"","bundle_item_grouping":"","bundle_min_size":"","bundle_max_size":"","bundle_price":[],"bundled_items":[],"bundle_sell_ids":[],"acf":[],"yoast_head":"<!-- This site is optimized with the Yoast SEO Premium plugin v23.0 (Yoast SEO v26.0) - https:\/\/yoast.com\/wordpress\/plugins\/seo\/ -->\n<title>SVR Spirial Body &amp; Feet Anti-Perspirant Spray Vegetal - Farmaon<\/title>\n<meta name=\"robots\" content=\"index, follow, max-snippet:-1, max-image-preview:large, max-video-preview:-1\" \/>\n<link rel=\"canonical\" href=\"https:\/\/farmaon4.apptirana.al\/en\/produkt\/svr-spirial-body-feet-anti-perspirant-spray-vegetal\/\" \/>\n<meta property=\"og:locale\" content=\"en_US\" \/>\n<meta property=\"og:type\" content=\"article\" \/>\n<meta property=\"og:title\" content=\"SVR Spirial Body &amp; Feet Anti-Perspirant Spray Vegetal\" \/>\n<meta property=\"og:description\" content=\"Deodorant n\u00eb form\u00eb spraji p\u00ebr trupin dhe k\u00ebmb\u00ebt 75 ml\" \/>\n<meta property=\"og:url\" content=\"https:\/\/farmaon4.apptirana.al\/en\/produkt\/svr-spirial-body-feet-anti-perspirant-spray-vegetal\/\" \/>\n<meta property=\"og:site_name\" content=\"Farmaon\" \/>\n<meta property=\"article:modified_time\" content=\"2026-05-06T19:36:28+00:00\" \/>\n<meta property=\"og:image\" content=\"https:\/\/farmaon4.apptirana.al\/wp-content\/uploads\/2024\/09\/SVR41.jpg\" \/>\n\t<meta property=\"og:image:width\" content=\"1080\" \/>\n\t<meta property=\"og:image:height\" content=\"1080\" \/>\n\t<meta property=\"og:image:type\" content=\"image\/jpeg\" \/>\n<meta name=\"twitter:card\" content=\"summary_large_image\" \/>\n<meta name=\"twitter:label1\" content=\"Price\" \/>\n\t<meta name=\"twitter:data1\" content=\"1400&nbsp;L\" \/>\n\t<meta name=\"twitter:label2\" content=\"Availability\" \/>\n\t<meta name=\"twitter:data2\" content=\"In stock\" \/>\n<script type=\"application\/ld+json\" class=\"yoast-schema-graph\">{\"@context\":\"https:\/\/schema.org\",\"@graph\":[{\"@type\":\"WebPage\",\"@id\":\"https:\/\/farmaon4.apptirana.al\/en\/produkt\/svr-spirial-body-feet-anti-perspirant-spray-vegetal\/\",\"url\":\"https:\/\/farmaon4.apptirana.al\/en\/produkt\/svr-spirial-body-feet-anti-perspirant-spray-vegetal\/\",\"name\":\"SVR Spirial Body & Feet Anti-Perspirant Spray Vegetal - Farmaon\",\"isPartOf\":{\"@id\":\"https:\/\/farmaon4.apptirana.al\/#website\"},\"primaryImageOfPage\":{\"@id\":\"https:\/\/farmaon4.apptirana.al\/en\/produkt\/svr-spirial-body-feet-anti-perspirant-spray-vegetal\/#primaryimage\"},\"image\":{\"@id\":\"https:\/\/farmaon4.apptirana.al\/en\/produkt\/svr-spirial-body-feet-anti-perspirant-spray-vegetal\/#primaryimage\"},\"thumbnailUrl\":\"https:\/\/farmaon4.apptirana.al\/wp-content\/uploads\/2024\/09\/SVR41.jpg\",\"datePublished\":\"2024-09-20T23:08:42+00:00\",\"dateModified\":\"2026-05-06T19:36:28+00:00\",\"breadcrumb\":{\"@id\":\"https:\/\/farmaon4.apptirana.al\/en\/produkt\/svr-spirial-body-feet-anti-perspirant-spray-vegetal\/#breadcrumb\"},\"inLanguage\":\"en-US\",\"potentialAction\":[{\"@type\":\"ReadAction\",\"target\":[\"https:\/\/farmaon4.apptirana.al\/en\/produkt\/svr-spirial-body-feet-anti-perspirant-spray-vegetal\/\"]}]},{\"@type\":\"ImageObject\",\"inLanguage\":\"en-US\",\"@id\":\"https:\/\/farmaon4.apptirana.al\/en\/produkt\/svr-spirial-body-feet-anti-perspirant-spray-vegetal\/#primaryimage\",\"url\":\"https:\/\/farmaon4.apptirana.al\/wp-content\/uploads\/2024\/09\/SVR41.jpg\",\"contentUrl\":\"https:\/\/farmaon4.apptirana.al\/wp-content\/uploads\/2024\/09\/SVR41.jpg\",\"width\":1080,\"height\":1080},{\"@type\":\"BreadcrumbList\",\"@id\":\"https:\/\/farmaon4.apptirana.al\/en\/produkt\/svr-spirial-body-feet-anti-perspirant-spray-vegetal\/#breadcrumb\",\"itemListElement\":[{\"@type\":\"ListItem\",\"position\":1,\"name\":\"Home\",\"item\":\"https:\/\/farmaon4.apptirana.al\/en\/\"},{\"@type\":\"ListItem\",\"position\":2,\"name\":\"Shop\",\"item\":\"https:\/\/farmaon4.apptirana.al\/en\/shop-3\/\"},{\"@type\":\"ListItem\",\"position\":3,\"name\":\"SVR Spirial Body &#038; Feet Anti-Perspirant Spray Vegetal\"}]},{\"@type\":\"WebSite\",\"@id\":\"https:\/\/farmaon4.apptirana.al\/#website\",\"url\":\"https:\/\/farmaon4.apptirana.al\/\",\"name\":\"Farmaon\",\"description\":\"Farmacia Juaj Online!\",\"publisher\":{\"@id\":\"https:\/\/farmaon4.apptirana.al\/#organization\"},\"potentialAction\":[{\"@type\":\"SearchAction\",\"target\":{\"@type\":\"EntryPoint\",\"urlTemplate\":\"https:\/\/farmaon4.apptirana.al\/?s={search_term_string}\"},\"query-input\":{\"@type\":\"PropertyValueSpecification\",\"valueRequired\":true,\"valueName\":\"search_term_string\"}}],\"inLanguage\":\"en-US\"},{\"@type\":\"Organization\",\"@id\":\"https:\/\/farmaon4.apptirana.al\/#organization\",\"name\":\"Farmaon\",\"url\":\"https:\/\/farmaon4.apptirana.al\/\",\"logo\":{\"@type\":\"ImageObject\",\"inLanguage\":\"en-US\",\"@id\":\"https:\/\/farmaon4.apptirana.al\/#\/schema\/logo\/image\/\",\"url\":\"https:\/\/farmaon4.apptirana.al\/wp-content\/uploads\/2024\/08\/7f987514-logo-farmaon.png\",\"contentUrl\":\"https:\/\/farmaon4.apptirana.al\/wp-content\/uploads\/2024\/08\/7f987514-logo-farmaon.png\",\"width\":219,\"height\":53,\"caption\":\"Farmaon\"},\"image\":{\"@id\":\"https:\/\/farmaon4.apptirana.al\/#\/schema\/logo\/image\/\"}}]}<\/script>\n<meta property=\"product:price:amount\" content=\"1400\" \/>\n<meta property=\"product:price:currency\" content=\"ALL\" \/>\n<meta property=\"og:availability\" content=\"instock\" \/>\n<meta property=\"product:availability\" content=\"instock\" \/>\n<meta property=\"product:retailer_item_id\" content=\"SVR41\" \/>\n<meta property=\"product:condition\" content=\"new\" \/>\n<!-- \/ Yoast SEO Premium plugin. -->","yoast_head_json":{"title":"SVR Spirial Body & Feet Anti-Perspirant Spray Vegetal - Farmaon","robots":{"index":"index","follow":"follow","max-snippet":"max-snippet:-1","max-image-preview":"max-image-preview:large","max-video-preview":"max-video-preview:-1"},"canonical":"https:\/\/farmaon4.apptirana.al\/en\/produkt\/svr-spirial-body-feet-anti-perspirant-spray-vegetal\/","og_locale":"en_US","og_type":"article","og_title":"SVR Spirial Body & Feet Anti-Perspirant Spray Vegetal","og_description":"Deodorant n\u00eb form\u00eb spraji p\u00ebr trupin dhe k\u00ebmb\u00ebt 75 ml","og_url":"https:\/\/farmaon4.apptirana.al\/en\/produkt\/svr-spirial-body-feet-anti-perspirant-spray-vegetal\/","og_site_name":"Farmaon","article_modified_time":"2026-05-06T19:36:28+00:00","og_image":[{"width":1080,"height":1080,"url":"https:\/\/farmaon4.apptirana.al\/wp-content\/uploads\/2024\/09\/SVR41.jpg","type":"image\/jpeg"}],"twitter_card":"summary_large_image","twitter_misc":{"Price":"1400&nbsp;L","Availability":"In stock"},"schema":{"@context":"https:\/\/schema.org","@graph":[{"@type":"WebPage","@id":"https:\/\/farmaon4.apptirana.al\/en\/produkt\/svr-spirial-body-feet-anti-perspirant-spray-vegetal\/","url":"https:\/\/farmaon4.apptirana.al\/en\/produkt\/svr-spirial-body-feet-anti-perspirant-spray-vegetal\/","name":"SVR Spirial Body & Feet Anti-Perspirant Spray Vegetal - Farmaon","isPartOf":{"@id":"https:\/\/farmaon4.apptirana.al\/#website"},"primaryImageOfPage":{"@id":"https:\/\/farmaon4.apptirana.al\/en\/produkt\/svr-spirial-body-feet-anti-perspirant-spray-vegetal\/#primaryimage"},"image":{"@id":"https:\/\/farmaon4.apptirana.al\/en\/produkt\/svr-spirial-body-feet-anti-perspirant-spray-vegetal\/#primaryimage"},"thumbnailUrl":"https:\/\/farmaon4.apptirana.al\/wp-content\/uploads\/2024\/09\/SVR41.jpg","datePublished":"2024-09-20T23:08:42+00:00","dateModified":"2026-05-06T19:36:28+00:00","breadcrumb":{"@id":"https:\/\/farmaon4.apptirana.al\/en\/produkt\/svr-spirial-body-feet-anti-perspirant-spray-vegetal\/#breadcrumb"},"inLanguage":"en-US","potentialAction":[{"@type":"ReadAction","target":["https:\/\/farmaon4.apptirana.al\/en\/produkt\/svr-spirial-body-feet-anti-perspirant-spray-vegetal\/"]}]},{"@type":"ImageObject","inLanguage":"en-US","@id":"https:\/\/farmaon4.apptirana.al\/en\/produkt\/svr-spirial-body-feet-anti-perspirant-spray-vegetal\/#primaryimage","url":"https:\/\/farmaon4.apptirana.al\/wp-content\/uploads\/2024\/09\/SVR41.jpg","contentUrl":"https:\/\/farmaon4.apptirana.al\/wp-content\/uploads\/2024\/09\/SVR41.jpg","width":1080,"height":1080},{"@type":"BreadcrumbList","@id":"https:\/\/farmaon4.apptirana.al\/en\/produkt\/svr-spirial-body-feet-anti-perspirant-spray-vegetal\/#breadcrumb","itemListElement":[{"@type":"ListItem","position":1,"name":"Home","item":"https:\/\/farmaon4.apptirana.al\/en\/"},{"@type":"ListItem","position":2,"name":"Shop","item":"https:\/\/farmaon4.apptirana.al\/en\/shop-3\/"},{"@type":"ListItem","position":3,"name":"SVR Spirial Body &#038; Feet Anti-Perspirant Spray Vegetal"}]},{"@type":"WebSite","@id":"https:\/\/farmaon4.apptirana.al\/#website","url":"https:\/\/farmaon4.apptirana.al\/","name":"Farmaon","description":"Farmacia Juaj Online!","publisher":{"@id":"https:\/\/farmaon4.apptirana.al\/#organization"},"potentialAction":[{"@type":"SearchAction","target":{"@type":"EntryPoint","urlTemplate":"https:\/\/farmaon4.apptirana.al\/?s={search_term_string}"},"query-input":{"@type":"PropertyValueSpecification","valueRequired":true,"valueName":"search_term_string"}}],"inLanguage":"en-US"},{"@type":"Organization","@id":"https:\/\/farmaon4.apptirana.al\/#organization","name":"Farmaon","url":"https:\/\/farmaon4.apptirana.al\/","logo":{"@type":"ImageObject","inLanguage":"en-US","@id":"https:\/\/farmaon4.apptirana.al\/#\/schema\/logo\/image\/","url":"https:\/\/farmaon4.apptirana.al\/wp-content\/uploads\/2024\/08\/7f987514-logo-farmaon.png","contentUrl":"https:\/\/farmaon4.apptirana.al\/wp-content\/uploads\/2024\/08\/7f987514-logo-farmaon.png","width":219,"height":53,"caption":"Farmaon"},"image":{"@id":"https:\/\/farmaon4.apptirana.al\/#\/schema\/logo\/image\/"}}]},"product_price_amount":"1400","product_price_currency":"ALL","og_availability":"instock","product_availability":"instock","product_retailer_item_id":"SVR41","product_condition":"new"},"_links":{"self":[{"href":"https:\/\/farmaon4.apptirana.al\/en\/wp-json\/wp\/v2\/product\/495990","targetHints":{"allow":["GET"]}}],"collection":[{"href":"https:\/\/farmaon4.apptirana.al\/en\/wp-json\/wp\/v2\/product"}],"about":[{"href":"https:\/\/farmaon4.apptirana.al\/en\/wp-json\/wp\/v2\/types\/product"}],"version-history":[{"count":0,"href":"https:\/\/farmaon4.apptirana.al\/en\/wp-json\/wp\/v2\/product\/495990\/revisions"}],"wp:featuredmedia":[{"embeddable":true,"href":"https:\/\/farmaon4.apptirana.al\/en\/wp-json\/wp\/v2\/media\/473779"}],"wp:attachment":[{"href":"https:\/\/farmaon4.apptirana.al\/en\/wp-json\/wp\/v2\/media?parent=495990"}],"wp:term":[{"taxonomy":"product_brand","embeddable":true,"href":"https:\/\/farmaon4.apptirana.al\/en\/wp-json\/wp\/v2\/product_brand?post=495990"},{"taxonomy":"product_cat","embeddable":true,"href":"https:\/\/farmaon4.apptirana.al\/en\/wp-json\/wp\/v2\/product_cat?post=495990"},{"taxonomy":"product_tag","embeddable":true,"href":"https:\/\/farmaon4.apptirana.al\/en\/wp-json\/wp\/v2\/product_tag?post=495990"},{"taxonomy":"giftcard-category","embeddable":true,"href":"https:\/\/farmaon4.apptirana.al\/en\/wp-json\/wp\/v2\/giftcard-category?post=495990"}],"curies":[{"name":"wp","href":"https:\/\/api.w.org\/{rel}","templated":true}]}}