{"id":495994,"date":"2024-09-21T00:08:47","date_gmt":"2024-09-20T23:08:47","guid":{"rendered":"https:\/\/farmaon4.apptirana.al\/produkt\/svr-spirial-roll-on-deodorant-long-lasting-freshness-2\/"},"modified":"2026-05-05T10:57:18","modified_gmt":"2026-05-05T09:57:18","slug":"svr-spirial-roll-on-deodorant-long-lasting-freshness","status":"publish","type":"product","link":"https:\/\/farmaon4.apptirana.al\/en\/produkt\/svr-spirial-roll-on-deodorant-long-lasting-freshness\/","title":{"rendered":"SVR Spirial Roll-on Deodorant Long-Lasting Freshness"},"content":{"rendered":"<p>Deodorant hipoalergjik q\u00eb rregullon djersitjen p\u00ebr 48 or\u00eb, thith lag\u00ebshtir\u00ebn dhe lufton aromat e pak\u00ebndshme n\u00eb zon\u00ebn e sqetullave.<\/p>\n<p>P\u00ebr t\u00eb luftuar djersitjen dhe aromat e pak\u00ebndshme gjat\u00eb dit\u00ebs, Laboratori SVR ka zhvilluar nj\u00eb formul\u00eb pa alkool t\u00eb p\u00ebrshtatshme edhe p\u00ebr l\u00ebkur\u00ebn e ndjeshme.<\/p>\n<p>Kjo p\u00ebrkujdesje p\u00ebrmban:<\/p>\n<ul>\n<li>Agjent\u00eb q\u00eb rregullojn\u00eb djersitjen dhe b\u00ebjn\u00eb q\u00ebanti-djersa t\u00eb ket\u00eb efikasitet afatgjat\u00eb.<\/li>\n<li>Probiotik\u00eb kund\u00ebr arom\u00ebs: reduktojn\u00eb bakteret p\u00ebrgjegj\u00ebse p\u00ebr er\u00ebn e keqe, duke ruajtur bakteret e mira. Nj\u00eb mekaniz\u00ebm natyral q\u00eb respekton ekuilibrin e mikrobiom\u00ebs s\u00eb l\u00ebkur\u00ebs.<\/li>\n<li>Pud\u00ebr diatomike kund\u00ebr lag\u00ebshtis\u00eb: pluhur q\u00eb \u00ebsht\u00eb 5 her\u00eb m\u00eb absorbues se kaolina ose talku, p\u00ebrforcon veprimin kund\u00ebr lag\u00ebshtis\u00eb edhe gjat\u00eb djersitjes maksimale.<\/li>\n<li>Alantoin\u00eb: qet\u00ebson l\u00ebkur\u00ebn.<\/li>\n<\/ul>\n<p>I testuar dermatologjikisht.<br \/>\nHipoalergjik.<br \/>\nPa alkool.<\/p>\n","protected":false},"excerpt":{"rendered":"<p>Deodorant n\u00eb form\u00eb roll-on, i p\u00ebrshtatsh\u00ebm p\u00ebr njer\u00ebzit q\u00eb djersijn\u00eb shum\u00eb<\/p>\n<p>50 ml<\/p>\n","protected":false},"featured_media":473783,"template":"","meta":{"_acf_changed":false},"product_brand":[],"product_cat":[50102,50161,50041,50105,50179,57083,50075],"product_tag":[57944,46223,47317],"giftcard-category":[],"class_list":{"0":"post-495994","1":"product","2":"type-product","3":"status-publish","4":"has-post-thumbnail","6":"product_cat-higjiena-e-trupit-english","7":"product_cat-markat-english","8":"product_cat-deodorante-dhe-antidjerse-english","9":"product_cat-higjiene-english","10":"product_cat-meshkuj-english-deodorante-dhe-antidjerse-english","11":"product_cat-svr-en","12":"product_cat-femra-english","13":"product_tag-deodorant-en","14":"product_tag-deodorant","15":"product_tag-roll-on","17":"first","18":"instock","19":"sale","20":"taxable","21":"shipping-taxable","22":"purchasable","23":"product-type-simple"},"bundled_by":[],"bundle_stock_status":"instock","bundle_stock_quantity":4,"bundle_virtual":false,"bundle_layout":"","bundle_add_to_cart_form_location":"","bundle_editable_in_cart":false,"bundle_sold_individually_context":"","bundle_item_grouping":"","bundle_min_size":"","bundle_max_size":"","bundle_price":[],"bundled_items":[],"bundle_sell_ids":[],"acf":[],"yoast_head":"<!-- This site is optimized with the Yoast SEO Premium plugin v23.0 (Yoast SEO v26.0) - https:\/\/yoast.com\/wordpress\/plugins\/seo\/ -->\n<title>SVR Spirial Roll-on Deodorant Long-Lasting Freshness - Farmaon<\/title>\n<meta name=\"robots\" content=\"index, follow, max-snippet:-1, max-image-preview:large, max-video-preview:-1\" \/>\n<link rel=\"canonical\" href=\"https:\/\/farmaon4.apptirana.al\/en\/produkt\/svr-spirial-roll-on-deodorant-long-lasting-freshness\/\" \/>\n<meta property=\"og:locale\" content=\"en_US\" \/>\n<meta property=\"og:type\" content=\"article\" \/>\n<meta property=\"og:title\" content=\"SVR Spirial Roll-on Deodorant Long-Lasting Freshness\" \/>\n<meta property=\"og:description\" content=\"Deodorant n\u00eb form\u00eb roll-on, i p\u00ebrshtatsh\u00ebm p\u00ebr njer\u00ebzit q\u00eb djersijn\u00eb shum\u00eb 50 ml\" \/>\n<meta property=\"og:url\" content=\"https:\/\/farmaon4.apptirana.al\/en\/produkt\/svr-spirial-roll-on-deodorant-long-lasting-freshness\/\" \/>\n<meta property=\"og:site_name\" content=\"Farmaon\" \/>\n<meta property=\"article:modified_time\" content=\"2026-05-05T09:57:18+00:00\" \/>\n<meta property=\"og:image\" content=\"https:\/\/farmaon4.apptirana.al\/wp-content\/uploads\/2024\/09\/SVR39.jpg\" \/>\n\t<meta property=\"og:image:width\" content=\"1080\" \/>\n\t<meta property=\"og:image:height\" content=\"1080\" \/>\n\t<meta property=\"og:image:type\" content=\"image\/jpeg\" \/>\n<meta name=\"twitter:card\" content=\"summary_large_image\" \/>\n<meta name=\"twitter:label1\" content=\"Price\" \/>\n\t<meta name=\"twitter:data1\" content=\"1600&nbsp;L\" \/>\n\t<meta name=\"twitter:label2\" content=\"Availability\" \/>\n\t<meta name=\"twitter:data2\" content=\"In stock\" \/>\n<script type=\"application\/ld+json\" class=\"yoast-schema-graph\">{\"@context\":\"https:\/\/schema.org\",\"@graph\":[{\"@type\":\"WebPage\",\"@id\":\"https:\/\/farmaon4.apptirana.al\/en\/produkt\/svr-spirial-roll-on-deodorant-long-lasting-freshness\/\",\"url\":\"https:\/\/farmaon4.apptirana.al\/en\/produkt\/svr-spirial-roll-on-deodorant-long-lasting-freshness\/\",\"name\":\"SVR Spirial Roll-on Deodorant Long-Lasting Freshness - Farmaon\",\"isPartOf\":{\"@id\":\"https:\/\/farmaon4.apptirana.al\/#website\"},\"primaryImageOfPage\":{\"@id\":\"https:\/\/farmaon4.apptirana.al\/en\/produkt\/svr-spirial-roll-on-deodorant-long-lasting-freshness\/#primaryimage\"},\"image\":{\"@id\":\"https:\/\/farmaon4.apptirana.al\/en\/produkt\/svr-spirial-roll-on-deodorant-long-lasting-freshness\/#primaryimage\"},\"thumbnailUrl\":\"https:\/\/farmaon4.apptirana.al\/wp-content\/uploads\/2024\/09\/SVR39.jpg\",\"datePublished\":\"2024-09-20T23:08:47+00:00\",\"dateModified\":\"2026-05-05T09:57:18+00:00\",\"breadcrumb\":{\"@id\":\"https:\/\/farmaon4.apptirana.al\/en\/produkt\/svr-spirial-roll-on-deodorant-long-lasting-freshness\/#breadcrumb\"},\"inLanguage\":\"en-US\",\"potentialAction\":[{\"@type\":\"ReadAction\",\"target\":[\"https:\/\/farmaon4.apptirana.al\/en\/produkt\/svr-spirial-roll-on-deodorant-long-lasting-freshness\/\"]}]},{\"@type\":\"ImageObject\",\"inLanguage\":\"en-US\",\"@id\":\"https:\/\/farmaon4.apptirana.al\/en\/produkt\/svr-spirial-roll-on-deodorant-long-lasting-freshness\/#primaryimage\",\"url\":\"https:\/\/farmaon4.apptirana.al\/wp-content\/uploads\/2024\/09\/SVR39.jpg\",\"contentUrl\":\"https:\/\/farmaon4.apptirana.al\/wp-content\/uploads\/2024\/09\/SVR39.jpg\",\"width\":1080,\"height\":1080},{\"@type\":\"BreadcrumbList\",\"@id\":\"https:\/\/farmaon4.apptirana.al\/en\/produkt\/svr-spirial-roll-on-deodorant-long-lasting-freshness\/#breadcrumb\",\"itemListElement\":[{\"@type\":\"ListItem\",\"position\":1,\"name\":\"Home\",\"item\":\"https:\/\/farmaon4.apptirana.al\/en\/\"},{\"@type\":\"ListItem\",\"position\":2,\"name\":\"Shop\",\"item\":\"https:\/\/farmaon4.apptirana.al\/en\/shop-3\/\"},{\"@type\":\"ListItem\",\"position\":3,\"name\":\"SVR Spirial Roll-on Deodorant Long-Lasting Freshness\"}]},{\"@type\":\"WebSite\",\"@id\":\"https:\/\/farmaon4.apptirana.al\/#website\",\"url\":\"https:\/\/farmaon4.apptirana.al\/\",\"name\":\"Farmaon\",\"description\":\"Farmacia Juaj Online!\",\"publisher\":{\"@id\":\"https:\/\/farmaon4.apptirana.al\/#organization\"},\"potentialAction\":[{\"@type\":\"SearchAction\",\"target\":{\"@type\":\"EntryPoint\",\"urlTemplate\":\"https:\/\/farmaon4.apptirana.al\/?s={search_term_string}\"},\"query-input\":{\"@type\":\"PropertyValueSpecification\",\"valueRequired\":true,\"valueName\":\"search_term_string\"}}],\"inLanguage\":\"en-US\"},{\"@type\":\"Organization\",\"@id\":\"https:\/\/farmaon4.apptirana.al\/#organization\",\"name\":\"Farmaon\",\"url\":\"https:\/\/farmaon4.apptirana.al\/\",\"logo\":{\"@type\":\"ImageObject\",\"inLanguage\":\"en-US\",\"@id\":\"https:\/\/farmaon4.apptirana.al\/#\/schema\/logo\/image\/\",\"url\":\"https:\/\/farmaon4.apptirana.al\/wp-content\/uploads\/2024\/08\/7f987514-logo-farmaon.png\",\"contentUrl\":\"https:\/\/farmaon4.apptirana.al\/wp-content\/uploads\/2024\/08\/7f987514-logo-farmaon.png\",\"width\":219,\"height\":53,\"caption\":\"Farmaon\"},\"image\":{\"@id\":\"https:\/\/farmaon4.apptirana.al\/#\/schema\/logo\/image\/\"}}]}<\/script>\n<meta property=\"product:price:amount\" content=\"1600\" \/>\n<meta property=\"product:price:currency\" content=\"ALL\" \/>\n<meta property=\"og:availability\" content=\"instock\" \/>\n<meta property=\"product:availability\" content=\"instock\" \/>\n<meta property=\"product:retailer_item_id\" content=\"SVR39\" \/>\n<meta property=\"product:condition\" content=\"new\" \/>\n<!-- \/ Yoast SEO Premium plugin. -->","yoast_head_json":{"title":"SVR Spirial Roll-on Deodorant Long-Lasting Freshness - Farmaon","robots":{"index":"index","follow":"follow","max-snippet":"max-snippet:-1","max-image-preview":"max-image-preview:large","max-video-preview":"max-video-preview:-1"},"canonical":"https:\/\/farmaon4.apptirana.al\/en\/produkt\/svr-spirial-roll-on-deodorant-long-lasting-freshness\/","og_locale":"en_US","og_type":"article","og_title":"SVR Spirial Roll-on Deodorant Long-Lasting Freshness","og_description":"Deodorant n\u00eb form\u00eb roll-on, i p\u00ebrshtatsh\u00ebm p\u00ebr njer\u00ebzit q\u00eb djersijn\u00eb shum\u00eb 50 ml","og_url":"https:\/\/farmaon4.apptirana.al\/en\/produkt\/svr-spirial-roll-on-deodorant-long-lasting-freshness\/","og_site_name":"Farmaon","article_modified_time":"2026-05-05T09:57:18+00:00","og_image":[{"width":1080,"height":1080,"url":"https:\/\/farmaon4.apptirana.al\/wp-content\/uploads\/2024\/09\/SVR39.jpg","type":"image\/jpeg"}],"twitter_card":"summary_large_image","twitter_misc":{"Price":"1600&nbsp;L","Availability":"In stock"},"schema":{"@context":"https:\/\/schema.org","@graph":[{"@type":"WebPage","@id":"https:\/\/farmaon4.apptirana.al\/en\/produkt\/svr-spirial-roll-on-deodorant-long-lasting-freshness\/","url":"https:\/\/farmaon4.apptirana.al\/en\/produkt\/svr-spirial-roll-on-deodorant-long-lasting-freshness\/","name":"SVR Spirial Roll-on Deodorant Long-Lasting Freshness - Farmaon","isPartOf":{"@id":"https:\/\/farmaon4.apptirana.al\/#website"},"primaryImageOfPage":{"@id":"https:\/\/farmaon4.apptirana.al\/en\/produkt\/svr-spirial-roll-on-deodorant-long-lasting-freshness\/#primaryimage"},"image":{"@id":"https:\/\/farmaon4.apptirana.al\/en\/produkt\/svr-spirial-roll-on-deodorant-long-lasting-freshness\/#primaryimage"},"thumbnailUrl":"https:\/\/farmaon4.apptirana.al\/wp-content\/uploads\/2024\/09\/SVR39.jpg","datePublished":"2024-09-20T23:08:47+00:00","dateModified":"2026-05-05T09:57:18+00:00","breadcrumb":{"@id":"https:\/\/farmaon4.apptirana.al\/en\/produkt\/svr-spirial-roll-on-deodorant-long-lasting-freshness\/#breadcrumb"},"inLanguage":"en-US","potentialAction":[{"@type":"ReadAction","target":["https:\/\/farmaon4.apptirana.al\/en\/produkt\/svr-spirial-roll-on-deodorant-long-lasting-freshness\/"]}]},{"@type":"ImageObject","inLanguage":"en-US","@id":"https:\/\/farmaon4.apptirana.al\/en\/produkt\/svr-spirial-roll-on-deodorant-long-lasting-freshness\/#primaryimage","url":"https:\/\/farmaon4.apptirana.al\/wp-content\/uploads\/2024\/09\/SVR39.jpg","contentUrl":"https:\/\/farmaon4.apptirana.al\/wp-content\/uploads\/2024\/09\/SVR39.jpg","width":1080,"height":1080},{"@type":"BreadcrumbList","@id":"https:\/\/farmaon4.apptirana.al\/en\/produkt\/svr-spirial-roll-on-deodorant-long-lasting-freshness\/#breadcrumb","itemListElement":[{"@type":"ListItem","position":1,"name":"Home","item":"https:\/\/farmaon4.apptirana.al\/en\/"},{"@type":"ListItem","position":2,"name":"Shop","item":"https:\/\/farmaon4.apptirana.al\/en\/shop-3\/"},{"@type":"ListItem","position":3,"name":"SVR Spirial Roll-on Deodorant Long-Lasting Freshness"}]},{"@type":"WebSite","@id":"https:\/\/farmaon4.apptirana.al\/#website","url":"https:\/\/farmaon4.apptirana.al\/","name":"Farmaon","description":"Farmacia Juaj Online!","publisher":{"@id":"https:\/\/farmaon4.apptirana.al\/#organization"},"potentialAction":[{"@type":"SearchAction","target":{"@type":"EntryPoint","urlTemplate":"https:\/\/farmaon4.apptirana.al\/?s={search_term_string}"},"query-input":{"@type":"PropertyValueSpecification","valueRequired":true,"valueName":"search_term_string"}}],"inLanguage":"en-US"},{"@type":"Organization","@id":"https:\/\/farmaon4.apptirana.al\/#organization","name":"Farmaon","url":"https:\/\/farmaon4.apptirana.al\/","logo":{"@type":"ImageObject","inLanguage":"en-US","@id":"https:\/\/farmaon4.apptirana.al\/#\/schema\/logo\/image\/","url":"https:\/\/farmaon4.apptirana.al\/wp-content\/uploads\/2024\/08\/7f987514-logo-farmaon.png","contentUrl":"https:\/\/farmaon4.apptirana.al\/wp-content\/uploads\/2024\/08\/7f987514-logo-farmaon.png","width":219,"height":53,"caption":"Farmaon"},"image":{"@id":"https:\/\/farmaon4.apptirana.al\/#\/schema\/logo\/image\/"}}]},"product_price_amount":"1600","product_price_currency":"ALL","og_availability":"instock","product_availability":"instock","product_retailer_item_id":"SVR39","product_condition":"new"},"_links":{"self":[{"href":"https:\/\/farmaon4.apptirana.al\/en\/wp-json\/wp\/v2\/product\/495994","targetHints":{"allow":["GET"]}}],"collection":[{"href":"https:\/\/farmaon4.apptirana.al\/en\/wp-json\/wp\/v2\/product"}],"about":[{"href":"https:\/\/farmaon4.apptirana.al\/en\/wp-json\/wp\/v2\/types\/product"}],"version-history":[{"count":0,"href":"https:\/\/farmaon4.apptirana.al\/en\/wp-json\/wp\/v2\/product\/495994\/revisions"}],"wp:featuredmedia":[{"embeddable":true,"href":"https:\/\/farmaon4.apptirana.al\/en\/wp-json\/wp\/v2\/media\/473783"}],"wp:attachment":[{"href":"https:\/\/farmaon4.apptirana.al\/en\/wp-json\/wp\/v2\/media?parent=495994"}],"wp:term":[{"taxonomy":"product_brand","embeddable":true,"href":"https:\/\/farmaon4.apptirana.al\/en\/wp-json\/wp\/v2\/product_brand?post=495994"},{"taxonomy":"product_cat","embeddable":true,"href":"https:\/\/farmaon4.apptirana.al\/en\/wp-json\/wp\/v2\/product_cat?post=495994"},{"taxonomy":"product_tag","embeddable":true,"href":"https:\/\/farmaon4.apptirana.al\/en\/wp-json\/wp\/v2\/product_tag?post=495994"},{"taxonomy":"giftcard-category","embeddable":true,"href":"https:\/\/farmaon4.apptirana.al\/en\/wp-json\/wp\/v2\/giftcard-category?post=495994"}],"curies":[{"name":"wp","href":"https:\/\/api.w.org\/{rel}","templated":true}]}}