{"id":496006,"date":"2024-09-21T00:06:18","date_gmt":"2024-09-20T23:06:18","guid":{"rendered":"https:\/\/farmaon4.apptirana.al\/produkt\/svr-topialyse-huile-lavant-2\/"},"modified":"2026-05-04T03:32:24","modified_gmt":"2026-05-04T02:32:24","slug":"svr-topialyse-huile-lavant","status":"publish","type":"product","link":"https:\/\/farmaon4.apptirana.al\/en\/produkt\/svr-topialyse-huile-lavant\/","title":{"rendered":"SVR Topialyse Huile Lavant"},"content":{"rendered":"<p>Topialyse \u00ebsht\u00eb formuluar p\u00ebr t&#8217;i ardhur n\u00eb ndihm\u00eb personave me l\u00ebkur\u00eb t\u00eb that\u00eb, shum\u00eb t\u00eb that\u00eb dhe t\u00eb prirur ndaj alergjive.<\/p>\n<p>I p\u00ebrshtatsh\u00ebm p\u00ebr t\u00eb gjith\u00eb familjen.<\/p>\n<p>Topialyse Huile Lavante \u00ebsht\u00eb nj\u00eb vaj lar\u00ebs tep\u00ebr efikas dhe \u00ebsht\u00eb hapi i par\u00eb n\u00eb rutin\u00ebn e kujdesit t\u00eb l\u00ebkur\u00ebs s\u00eb that\u00eb, t\u00eb acaruar dhe irrituar.<\/p>\n<p>Tolerohet shum\u00eb mir\u00eb nga l\u00ebkura.<\/p>\n<p>P\u00ebrmban:<\/p>\n<p>&#8211; Omega 3, 6 dhe 9 duke p\u00ebrfshir\u00eb edhe vajin e pambukut: mund\u00ebsojn\u00eb rimbushjen e lipideve, rikthejn\u00eb dhe ruajn\u00eb barrier\u00ebn e l\u00ebkur\u00ebs.<\/p>\n<p>-Niacinamide: nj\u00eb nga substancat aktive m\u00eb t\u00eb mira p\u00ebr qet\u00ebsimin e l\u00ebkur\u00ebs s\u00eb ndjeshme.<\/p>\n<p>-Sheqer prebiotik: respekton ekuilibrin e mikrobiom\u00ebs, pak\u00ebson kruarjen dhe ndihmon n\u00eb ribalancimin e flor\u00ebs s\u00eb l\u00ebkur\u00ebs.<\/p>\n<p>89% e p\u00ebrb\u00ebr\u00ebsve jan\u00eb me origjin\u00eb natyrale.<\/p>\n<p>Formula \u00ebsht\u00eb e biodegradueshme dhe e testuar, pa efekte t\u00eb d\u00ebmshme n\u00eb mekanizmat endokrine.<br \/>\nNuk p\u00ebrmban alergjen\u00eb.<\/p>\n","protected":false},"excerpt":{"rendered":"<p>Vaj lar\u00ebs p\u00ebr l\u00ebkur\u00eb shum\u00eb t\u00eb that\u00eb dhe t\u00eb irrituar, i p\u00ebrshtatsh\u00ebm p\u00ebr t\u00eb gjith\u00eb familjen<\/p>\n<p>400 ml<\/p>\n","protected":false},"featured_media":473625,"template":"","meta":{"_acf_changed":false},"product_brand":[],"product_cat":[50335,50161,50044,50276,56347,50016,50275,57083],"product_tag":[50465,53993],"giftcard-category":[],"class_list":{"0":"post-496006","1":"product","2":"type-product","3":"status-publish","4":"has-post-thumbnail","6":"product_cat-body-mbrojtje-nga-dielli-english","7":"product_cat-markat-english","8":"product_cat-dermokozmetike-english","9":"product_cat-hair-body-shampoo","10":"product_cat-hygiene-bebe-dhe-nena-english","11":"product_cat-bebe-dhe-nena-english","12":"product_cat-shampo-dhe-eksfoljues-english","13":"product_cat-svr-en","14":"product_tag-lekure-e-thate-en","15":"product_tag-per-te-gjithe-familjen-en","17":"first","18":"instock","19":"sale","20":"taxable","21":"shipping-taxable","22":"purchasable","23":"product-type-simple"},"bundled_by":[],"bundle_stock_status":"instock","bundle_stock_quantity":3,"bundle_virtual":false,"bundle_layout":"","bundle_add_to_cart_form_location":"","bundle_editable_in_cart":false,"bundle_sold_individually_context":"","bundle_item_grouping":"","bundle_min_size":"","bundle_max_size":"","bundle_price":[],"bundled_items":[],"bundle_sell_ids":[],"acf":[],"yoast_head":"<!-- This site is optimized with the Yoast SEO Premium plugin v23.0 (Yoast SEO v26.0) - https:\/\/yoast.com\/wordpress\/plugins\/seo\/ -->\n<title>SVR Topialyse Huile Lavant - Farmaon<\/title>\n<meta name=\"robots\" content=\"index, follow, max-snippet:-1, max-image-preview:large, max-video-preview:-1\" \/>\n<link rel=\"canonical\" href=\"https:\/\/farmaon4.apptirana.al\/en\/produkt\/svr-topialyse-huile-lavant\/\" \/>\n<meta property=\"og:locale\" content=\"en_US\" \/>\n<meta property=\"og:type\" content=\"article\" \/>\n<meta property=\"og:title\" content=\"SVR Topialyse Huile Lavant\" \/>\n<meta property=\"og:description\" content=\"Vaj lar\u00ebs p\u00ebr l\u00ebkur\u00eb shum\u00eb t\u00eb that\u00eb dhe t\u00eb irrituar, i p\u00ebrshtatsh\u00ebm p\u00ebr t\u00eb gjith\u00eb familjen 400 ml\" \/>\n<meta property=\"og:url\" content=\"https:\/\/farmaon4.apptirana.al\/en\/produkt\/svr-topialyse-huile-lavant\/\" \/>\n<meta property=\"og:site_name\" content=\"Farmaon\" \/>\n<meta property=\"article:modified_time\" content=\"2026-05-04T02:32:24+00:00\" \/>\n<meta property=\"og:image\" content=\"https:\/\/farmaon4.apptirana.al\/wp-content\/uploads\/2024\/09\/SVR32.jpg\" \/>\n\t<meta property=\"og:image:width\" content=\"1080\" \/>\n\t<meta property=\"og:image:height\" content=\"1080\" \/>\n\t<meta property=\"og:image:type\" content=\"image\/jpeg\" \/>\n<meta name=\"twitter:card\" content=\"summary_large_image\" \/>\n<meta name=\"twitter:label1\" content=\"Price\" \/>\n\t<meta name=\"twitter:data1\" content=\"2160&nbsp;L\" \/>\n\t<meta name=\"twitter:label2\" content=\"Availability\" \/>\n\t<meta name=\"twitter:data2\" content=\"In stock\" \/>\n<script type=\"application\/ld+json\" class=\"yoast-schema-graph\">{\"@context\":\"https:\/\/schema.org\",\"@graph\":[{\"@type\":\"WebPage\",\"@id\":\"https:\/\/farmaon4.apptirana.al\/en\/produkt\/svr-topialyse-huile-lavant\/\",\"url\":\"https:\/\/farmaon4.apptirana.al\/en\/produkt\/svr-topialyse-huile-lavant\/\",\"name\":\"SVR Topialyse Huile Lavant - Farmaon\",\"isPartOf\":{\"@id\":\"https:\/\/farmaon4.apptirana.al\/#website\"},\"primaryImageOfPage\":{\"@id\":\"https:\/\/farmaon4.apptirana.al\/en\/produkt\/svr-topialyse-huile-lavant\/#primaryimage\"},\"image\":{\"@id\":\"https:\/\/farmaon4.apptirana.al\/en\/produkt\/svr-topialyse-huile-lavant\/#primaryimage\"},\"thumbnailUrl\":\"https:\/\/farmaon4.apptirana.al\/wp-content\/uploads\/2024\/09\/SVR32.jpg\",\"datePublished\":\"2024-09-20T23:06:18+00:00\",\"dateModified\":\"2026-05-04T02:32:24+00:00\",\"breadcrumb\":{\"@id\":\"https:\/\/farmaon4.apptirana.al\/en\/produkt\/svr-topialyse-huile-lavant\/#breadcrumb\"},\"inLanguage\":\"en-US\",\"potentialAction\":[{\"@type\":\"ReadAction\",\"target\":[\"https:\/\/farmaon4.apptirana.al\/en\/produkt\/svr-topialyse-huile-lavant\/\"]}]},{\"@type\":\"ImageObject\",\"inLanguage\":\"en-US\",\"@id\":\"https:\/\/farmaon4.apptirana.al\/en\/produkt\/svr-topialyse-huile-lavant\/#primaryimage\",\"url\":\"https:\/\/farmaon4.apptirana.al\/wp-content\/uploads\/2024\/09\/SVR32.jpg\",\"contentUrl\":\"https:\/\/farmaon4.apptirana.al\/wp-content\/uploads\/2024\/09\/SVR32.jpg\",\"width\":1080,\"height\":1080},{\"@type\":\"BreadcrumbList\",\"@id\":\"https:\/\/farmaon4.apptirana.al\/en\/produkt\/svr-topialyse-huile-lavant\/#breadcrumb\",\"itemListElement\":[{\"@type\":\"ListItem\",\"position\":1,\"name\":\"Home\",\"item\":\"https:\/\/farmaon4.apptirana.al\/en\/\"},{\"@type\":\"ListItem\",\"position\":2,\"name\":\"Shop\",\"item\":\"https:\/\/farmaon4.apptirana.al\/en\/shop-3\/\"},{\"@type\":\"ListItem\",\"position\":3,\"name\":\"SVR Topialyse Huile Lavant\"}]},{\"@type\":\"WebSite\",\"@id\":\"https:\/\/farmaon4.apptirana.al\/#website\",\"url\":\"https:\/\/farmaon4.apptirana.al\/\",\"name\":\"Farmaon\",\"description\":\"Farmacia Juaj Online!\",\"publisher\":{\"@id\":\"https:\/\/farmaon4.apptirana.al\/#organization\"},\"potentialAction\":[{\"@type\":\"SearchAction\",\"target\":{\"@type\":\"EntryPoint\",\"urlTemplate\":\"https:\/\/farmaon4.apptirana.al\/?s={search_term_string}\"},\"query-input\":{\"@type\":\"PropertyValueSpecification\",\"valueRequired\":true,\"valueName\":\"search_term_string\"}}],\"inLanguage\":\"en-US\"},{\"@type\":\"Organization\",\"@id\":\"https:\/\/farmaon4.apptirana.al\/#organization\",\"name\":\"Farmaon\",\"url\":\"https:\/\/farmaon4.apptirana.al\/\",\"logo\":{\"@type\":\"ImageObject\",\"inLanguage\":\"en-US\",\"@id\":\"https:\/\/farmaon4.apptirana.al\/#\/schema\/logo\/image\/\",\"url\":\"https:\/\/farmaon4.apptirana.al\/wp-content\/uploads\/2024\/08\/7f987514-logo-farmaon.png\",\"contentUrl\":\"https:\/\/farmaon4.apptirana.al\/wp-content\/uploads\/2024\/08\/7f987514-logo-farmaon.png\",\"width\":219,\"height\":53,\"caption\":\"Farmaon\"},\"image\":{\"@id\":\"https:\/\/farmaon4.apptirana.al\/#\/schema\/logo\/image\/\"}}]}<\/script>\n<meta property=\"product:price:amount\" content=\"2160\" \/>\n<meta property=\"product:price:currency\" content=\"ALL\" \/>\n<meta property=\"og:availability\" content=\"instock\" \/>\n<meta property=\"product:availability\" content=\"instock\" \/>\n<meta property=\"product:retailer_item_id\" content=\"SVR32\" \/>\n<meta property=\"product:condition\" content=\"new\" \/>\n<!-- \/ Yoast SEO Premium plugin. -->","yoast_head_json":{"title":"SVR Topialyse Huile Lavant - Farmaon","robots":{"index":"index","follow":"follow","max-snippet":"max-snippet:-1","max-image-preview":"max-image-preview:large","max-video-preview":"max-video-preview:-1"},"canonical":"https:\/\/farmaon4.apptirana.al\/en\/produkt\/svr-topialyse-huile-lavant\/","og_locale":"en_US","og_type":"article","og_title":"SVR Topialyse Huile Lavant","og_description":"Vaj lar\u00ebs p\u00ebr l\u00ebkur\u00eb shum\u00eb t\u00eb that\u00eb dhe t\u00eb irrituar, i p\u00ebrshtatsh\u00ebm p\u00ebr t\u00eb gjith\u00eb familjen 400 ml","og_url":"https:\/\/farmaon4.apptirana.al\/en\/produkt\/svr-topialyse-huile-lavant\/","og_site_name":"Farmaon","article_modified_time":"2026-05-04T02:32:24+00:00","og_image":[{"width":1080,"height":1080,"url":"https:\/\/farmaon4.apptirana.al\/wp-content\/uploads\/2024\/09\/SVR32.jpg","type":"image\/jpeg"}],"twitter_card":"summary_large_image","twitter_misc":{"Price":"2160&nbsp;L","Availability":"In stock"},"schema":{"@context":"https:\/\/schema.org","@graph":[{"@type":"WebPage","@id":"https:\/\/farmaon4.apptirana.al\/en\/produkt\/svr-topialyse-huile-lavant\/","url":"https:\/\/farmaon4.apptirana.al\/en\/produkt\/svr-topialyse-huile-lavant\/","name":"SVR Topialyse Huile Lavant - Farmaon","isPartOf":{"@id":"https:\/\/farmaon4.apptirana.al\/#website"},"primaryImageOfPage":{"@id":"https:\/\/farmaon4.apptirana.al\/en\/produkt\/svr-topialyse-huile-lavant\/#primaryimage"},"image":{"@id":"https:\/\/farmaon4.apptirana.al\/en\/produkt\/svr-topialyse-huile-lavant\/#primaryimage"},"thumbnailUrl":"https:\/\/farmaon4.apptirana.al\/wp-content\/uploads\/2024\/09\/SVR32.jpg","datePublished":"2024-09-20T23:06:18+00:00","dateModified":"2026-05-04T02:32:24+00:00","breadcrumb":{"@id":"https:\/\/farmaon4.apptirana.al\/en\/produkt\/svr-topialyse-huile-lavant\/#breadcrumb"},"inLanguage":"en-US","potentialAction":[{"@type":"ReadAction","target":["https:\/\/farmaon4.apptirana.al\/en\/produkt\/svr-topialyse-huile-lavant\/"]}]},{"@type":"ImageObject","inLanguage":"en-US","@id":"https:\/\/farmaon4.apptirana.al\/en\/produkt\/svr-topialyse-huile-lavant\/#primaryimage","url":"https:\/\/farmaon4.apptirana.al\/wp-content\/uploads\/2024\/09\/SVR32.jpg","contentUrl":"https:\/\/farmaon4.apptirana.al\/wp-content\/uploads\/2024\/09\/SVR32.jpg","width":1080,"height":1080},{"@type":"BreadcrumbList","@id":"https:\/\/farmaon4.apptirana.al\/en\/produkt\/svr-topialyse-huile-lavant\/#breadcrumb","itemListElement":[{"@type":"ListItem","position":1,"name":"Home","item":"https:\/\/farmaon4.apptirana.al\/en\/"},{"@type":"ListItem","position":2,"name":"Shop","item":"https:\/\/farmaon4.apptirana.al\/en\/shop-3\/"},{"@type":"ListItem","position":3,"name":"SVR Topialyse Huile Lavant"}]},{"@type":"WebSite","@id":"https:\/\/farmaon4.apptirana.al\/#website","url":"https:\/\/farmaon4.apptirana.al\/","name":"Farmaon","description":"Farmacia Juaj Online!","publisher":{"@id":"https:\/\/farmaon4.apptirana.al\/#organization"},"potentialAction":[{"@type":"SearchAction","target":{"@type":"EntryPoint","urlTemplate":"https:\/\/farmaon4.apptirana.al\/?s={search_term_string}"},"query-input":{"@type":"PropertyValueSpecification","valueRequired":true,"valueName":"search_term_string"}}],"inLanguage":"en-US"},{"@type":"Organization","@id":"https:\/\/farmaon4.apptirana.al\/#organization","name":"Farmaon","url":"https:\/\/farmaon4.apptirana.al\/","logo":{"@type":"ImageObject","inLanguage":"en-US","@id":"https:\/\/farmaon4.apptirana.al\/#\/schema\/logo\/image\/","url":"https:\/\/farmaon4.apptirana.al\/wp-content\/uploads\/2024\/08\/7f987514-logo-farmaon.png","contentUrl":"https:\/\/farmaon4.apptirana.al\/wp-content\/uploads\/2024\/08\/7f987514-logo-farmaon.png","width":219,"height":53,"caption":"Farmaon"},"image":{"@id":"https:\/\/farmaon4.apptirana.al\/#\/schema\/logo\/image\/"}}]},"product_price_amount":"2160","product_price_currency":"ALL","og_availability":"instock","product_availability":"instock","product_retailer_item_id":"SVR32","product_condition":"new"},"_links":{"self":[{"href":"https:\/\/farmaon4.apptirana.al\/en\/wp-json\/wp\/v2\/product\/496006","targetHints":{"allow":["GET"]}}],"collection":[{"href":"https:\/\/farmaon4.apptirana.al\/en\/wp-json\/wp\/v2\/product"}],"about":[{"href":"https:\/\/farmaon4.apptirana.al\/en\/wp-json\/wp\/v2\/types\/product"}],"version-history":[{"count":0,"href":"https:\/\/farmaon4.apptirana.al\/en\/wp-json\/wp\/v2\/product\/496006\/revisions"}],"wp:featuredmedia":[{"embeddable":true,"href":"https:\/\/farmaon4.apptirana.al\/en\/wp-json\/wp\/v2\/media\/473625"}],"wp:attachment":[{"href":"https:\/\/farmaon4.apptirana.al\/en\/wp-json\/wp\/v2\/media?parent=496006"}],"wp:term":[{"taxonomy":"product_brand","embeddable":true,"href":"https:\/\/farmaon4.apptirana.al\/en\/wp-json\/wp\/v2\/product_brand?post=496006"},{"taxonomy":"product_cat","embeddable":true,"href":"https:\/\/farmaon4.apptirana.al\/en\/wp-json\/wp\/v2\/product_cat?post=496006"},{"taxonomy":"product_tag","embeddable":true,"href":"https:\/\/farmaon4.apptirana.al\/en\/wp-json\/wp\/v2\/product_tag?post=496006"},{"taxonomy":"giftcard-category","embeddable":true,"href":"https:\/\/farmaon4.apptirana.al\/en\/wp-json\/wp\/v2\/giftcard-category?post=496006"}],"curies":[{"name":"wp","href":"https:\/\/api.w.org\/{rel}","templated":true}]}}