{"id":496008,"date":"2024-09-21T00:10:44","date_gmt":"2024-09-20T23:10:44","guid":{"rendered":"https:\/\/farmaon4.apptirana.al\/produkt\/svr-topialyse-gel-lavant-2\/"},"modified":"2026-05-05T10:57:22","modified_gmt":"2026-05-05T09:57:22","slug":"svr-topialyse-gel-lavant","status":"publish","type":"product","link":"https:\/\/farmaon4.apptirana.al\/en\/produkt\/svr-topialyse-gel-lavant\/","title":{"rendered":"SVR Topialyse Gel Lavant"},"content":{"rendered":"<p>Topialyse \u00ebsht\u00eb linja ideale p\u00ebr l\u00ebkur\u00ebn e that\u00eb, shum\u00eb t\u00eb that\u00eb dhe t\u00eb prirur ndaj alergjive.<\/p>\n<p>I p\u00ebrshtatsh\u00ebm p\u00ebr t\u00eb gjith\u00eb familjen.<\/p>\n<p>Topialyse Gel Lavant pastron but\u00ebsisht dhe mbron l\u00ebkur\u00ebn nga tharja.<\/p>\n<p>Formula e tij qet\u00ebsuese dhe hidratuese pak\u00ebson kruarjen dhe zbut l\u00ebkur\u00ebn, duke i dh\u00ebn\u00eb rehati t\u00eb menj\u00ebhershme dhe afatgjat\u00eb.<br \/>\nFormulim delikat q\u00eb respekton l\u00ebkur\u00ebn dhe planetin fal\u00eb formul\u00ebs s\u00eb tij t\u00eb biodegradueshme t\u00eb me 89% p\u00ebrb\u00ebr\u00ebs me origjin\u00eb natyrale.<br \/>\nPa sapun.<\/p>\n<p>&nbsp;<\/p>\n","protected":false},"excerpt":{"rendered":"<p>Xhel lar\u00ebs p\u00ebr l\u00ebkur\u00eb shum\u00eb t\u00eb that\u00eb dhe t\u00eb irrituar, i p\u00ebrshtatsh\u00ebm p\u00ebr t\u00eb gjith\u00eb familjen<\/p>\n<p>400 ml<\/p>\n","protected":false},"featured_media":473877,"template":"","meta":{"_acf_changed":false},"product_brand":[],"product_cat":[50335,50161,50044,55668,50215,50082,50276,56347,50016,50274,50275,57083],"product_tag":[50465,57885,46269,53993,50453,50508],"giftcard-category":[],"class_list":{"0":"post-496008","1":"product","2":"type-product","3":"status-publish","4":"has-post-thumbnail","6":"product_cat-body-mbrojtje-nga-dielli-english","7":"product_cat-markat-english","8":"product_cat-dermokozmetike-english","9":"product_cat-face-dermokozmetike-english","10":"product_cat-pastrimi-i-fytyres-english","11":"product_cat-hair-mbrojtje-nga-dielli-english","12":"product_cat-hair-body-shampoo","13":"product_cat-hygiene-bebe-dhe-nena-english","14":"product_cat-bebe-dhe-nena-english","15":"product_cat-shampo-english","16":"product_cat-shampo-dhe-eksfoljues-english","17":"product_cat-svr-en","18":"product_tag-lekure-e-thate-en","19":"product_tag-face-en","20":"product_tag-face","21":"product_tag-per-te-gjithe-familjen-en","22":"product_tag-xhel-en","23":"product_tag-floket-en","25":"first","26":"instock","27":"sale","28":"taxable","29":"shipping-taxable","30":"purchasable","31":"product-type-simple"},"bundled_by":[],"bundle_stock_status":"instock","bundle_stock_quantity":5,"bundle_virtual":false,"bundle_layout":"","bundle_add_to_cart_form_location":"","bundle_editable_in_cart":false,"bundle_sold_individually_context":"","bundle_item_grouping":"","bundle_min_size":"","bundle_max_size":"","bundle_price":[],"bundled_items":[],"bundle_sell_ids":[],"acf":[],"yoast_head":"<!-- This site is optimized with the Yoast SEO Premium plugin v23.0 (Yoast SEO v26.0) - https:\/\/yoast.com\/wordpress\/plugins\/seo\/ -->\n<title>SVR Topialyse Gel Lavant - Farmaon<\/title>\n<meta name=\"robots\" content=\"index, follow, max-snippet:-1, max-image-preview:large, max-video-preview:-1\" \/>\n<link rel=\"canonical\" href=\"https:\/\/farmaon4.apptirana.al\/en\/produkt\/svr-topialyse-gel-lavant\/\" \/>\n<meta property=\"og:locale\" content=\"en_US\" \/>\n<meta property=\"og:type\" content=\"article\" \/>\n<meta property=\"og:title\" content=\"SVR Topialyse Gel Lavant\" \/>\n<meta property=\"og:description\" content=\"Xhel lar\u00ebs p\u00ebr l\u00ebkur\u00eb shum\u00eb t\u00eb that\u00eb dhe t\u00eb irrituar, i p\u00ebrshtatsh\u00ebm p\u00ebr t\u00eb gjith\u00eb familjen 400 ml\" \/>\n<meta property=\"og:url\" content=\"https:\/\/farmaon4.apptirana.al\/en\/produkt\/svr-topialyse-gel-lavant\/\" \/>\n<meta property=\"og:site_name\" content=\"Farmaon\" \/>\n<meta property=\"article:modified_time\" content=\"2026-05-05T09:57:22+00:00\" \/>\n<meta property=\"og:image\" content=\"https:\/\/farmaon4.apptirana.al\/wp-content\/uploads\/2024\/09\/SVR31.jpg\" \/>\n\t<meta property=\"og:image:width\" content=\"1080\" \/>\n\t<meta property=\"og:image:height\" content=\"1080\" \/>\n\t<meta property=\"og:image:type\" content=\"image\/jpeg\" \/>\n<meta name=\"twitter:card\" content=\"summary_large_image\" \/>\n<meta name=\"twitter:label1\" content=\"Price\" \/>\n\t<meta name=\"twitter:data1\" content=\"1600&nbsp;L\" \/>\n\t<meta name=\"twitter:label2\" content=\"Availability\" \/>\n\t<meta name=\"twitter:data2\" content=\"In stock\" \/>\n<script type=\"application\/ld+json\" class=\"yoast-schema-graph\">{\"@context\":\"https:\/\/schema.org\",\"@graph\":[{\"@type\":\"WebPage\",\"@id\":\"https:\/\/farmaon4.apptirana.al\/en\/produkt\/svr-topialyse-gel-lavant\/\",\"url\":\"https:\/\/farmaon4.apptirana.al\/en\/produkt\/svr-topialyse-gel-lavant\/\",\"name\":\"SVR Topialyse Gel Lavant - Farmaon\",\"isPartOf\":{\"@id\":\"https:\/\/farmaon4.apptirana.al\/#website\"},\"primaryImageOfPage\":{\"@id\":\"https:\/\/farmaon4.apptirana.al\/en\/produkt\/svr-topialyse-gel-lavant\/#primaryimage\"},\"image\":{\"@id\":\"https:\/\/farmaon4.apptirana.al\/en\/produkt\/svr-topialyse-gel-lavant\/#primaryimage\"},\"thumbnailUrl\":\"https:\/\/farmaon4.apptirana.al\/wp-content\/uploads\/2024\/09\/SVR31.jpg\",\"datePublished\":\"2024-09-20T23:10:44+00:00\",\"dateModified\":\"2026-05-05T09:57:22+00:00\",\"breadcrumb\":{\"@id\":\"https:\/\/farmaon4.apptirana.al\/en\/produkt\/svr-topialyse-gel-lavant\/#breadcrumb\"},\"inLanguage\":\"en-US\",\"potentialAction\":[{\"@type\":\"ReadAction\",\"target\":[\"https:\/\/farmaon4.apptirana.al\/en\/produkt\/svr-topialyse-gel-lavant\/\"]}]},{\"@type\":\"ImageObject\",\"inLanguage\":\"en-US\",\"@id\":\"https:\/\/farmaon4.apptirana.al\/en\/produkt\/svr-topialyse-gel-lavant\/#primaryimage\",\"url\":\"https:\/\/farmaon4.apptirana.al\/wp-content\/uploads\/2024\/09\/SVR31.jpg\",\"contentUrl\":\"https:\/\/farmaon4.apptirana.al\/wp-content\/uploads\/2024\/09\/SVR31.jpg\",\"width\":1080,\"height\":1080},{\"@type\":\"BreadcrumbList\",\"@id\":\"https:\/\/farmaon4.apptirana.al\/en\/produkt\/svr-topialyse-gel-lavant\/#breadcrumb\",\"itemListElement\":[{\"@type\":\"ListItem\",\"position\":1,\"name\":\"Home\",\"item\":\"https:\/\/farmaon4.apptirana.al\/en\/\"},{\"@type\":\"ListItem\",\"position\":2,\"name\":\"Shop\",\"item\":\"https:\/\/farmaon4.apptirana.al\/en\/shop-3\/\"},{\"@type\":\"ListItem\",\"position\":3,\"name\":\"SVR Topialyse Gel Lavant\"}]},{\"@type\":\"WebSite\",\"@id\":\"https:\/\/farmaon4.apptirana.al\/#website\",\"url\":\"https:\/\/farmaon4.apptirana.al\/\",\"name\":\"Farmaon\",\"description\":\"Farmacia Juaj Online!\",\"publisher\":{\"@id\":\"https:\/\/farmaon4.apptirana.al\/#organization\"},\"potentialAction\":[{\"@type\":\"SearchAction\",\"target\":{\"@type\":\"EntryPoint\",\"urlTemplate\":\"https:\/\/farmaon4.apptirana.al\/?s={search_term_string}\"},\"query-input\":{\"@type\":\"PropertyValueSpecification\",\"valueRequired\":true,\"valueName\":\"search_term_string\"}}],\"inLanguage\":\"en-US\"},{\"@type\":\"Organization\",\"@id\":\"https:\/\/farmaon4.apptirana.al\/#organization\",\"name\":\"Farmaon\",\"url\":\"https:\/\/farmaon4.apptirana.al\/\",\"logo\":{\"@type\":\"ImageObject\",\"inLanguage\":\"en-US\",\"@id\":\"https:\/\/farmaon4.apptirana.al\/#\/schema\/logo\/image\/\",\"url\":\"https:\/\/farmaon4.apptirana.al\/wp-content\/uploads\/2024\/08\/7f987514-logo-farmaon.png\",\"contentUrl\":\"https:\/\/farmaon4.apptirana.al\/wp-content\/uploads\/2024\/08\/7f987514-logo-farmaon.png\",\"width\":219,\"height\":53,\"caption\":\"Farmaon\"},\"image\":{\"@id\":\"https:\/\/farmaon4.apptirana.al\/#\/schema\/logo\/image\/\"}}]}<\/script>\n<meta property=\"product:price:amount\" content=\"1600\" \/>\n<meta property=\"product:price:currency\" content=\"ALL\" \/>\n<meta property=\"og:availability\" content=\"instock\" \/>\n<meta property=\"product:availability\" content=\"instock\" \/>\n<meta property=\"product:retailer_item_id\" content=\"SVR31\" \/>\n<meta property=\"product:condition\" content=\"new\" \/>\n<!-- \/ Yoast SEO Premium plugin. -->","yoast_head_json":{"title":"SVR Topialyse Gel Lavant - Farmaon","robots":{"index":"index","follow":"follow","max-snippet":"max-snippet:-1","max-image-preview":"max-image-preview:large","max-video-preview":"max-video-preview:-1"},"canonical":"https:\/\/farmaon4.apptirana.al\/en\/produkt\/svr-topialyse-gel-lavant\/","og_locale":"en_US","og_type":"article","og_title":"SVR Topialyse Gel Lavant","og_description":"Xhel lar\u00ebs p\u00ebr l\u00ebkur\u00eb shum\u00eb t\u00eb that\u00eb dhe t\u00eb irrituar, i p\u00ebrshtatsh\u00ebm p\u00ebr t\u00eb gjith\u00eb familjen 400 ml","og_url":"https:\/\/farmaon4.apptirana.al\/en\/produkt\/svr-topialyse-gel-lavant\/","og_site_name":"Farmaon","article_modified_time":"2026-05-05T09:57:22+00:00","og_image":[{"width":1080,"height":1080,"url":"https:\/\/farmaon4.apptirana.al\/wp-content\/uploads\/2024\/09\/SVR31.jpg","type":"image\/jpeg"}],"twitter_card":"summary_large_image","twitter_misc":{"Price":"1600&nbsp;L","Availability":"In stock"},"schema":{"@context":"https:\/\/schema.org","@graph":[{"@type":"WebPage","@id":"https:\/\/farmaon4.apptirana.al\/en\/produkt\/svr-topialyse-gel-lavant\/","url":"https:\/\/farmaon4.apptirana.al\/en\/produkt\/svr-topialyse-gel-lavant\/","name":"SVR Topialyse Gel Lavant - Farmaon","isPartOf":{"@id":"https:\/\/farmaon4.apptirana.al\/#website"},"primaryImageOfPage":{"@id":"https:\/\/farmaon4.apptirana.al\/en\/produkt\/svr-topialyse-gel-lavant\/#primaryimage"},"image":{"@id":"https:\/\/farmaon4.apptirana.al\/en\/produkt\/svr-topialyse-gel-lavant\/#primaryimage"},"thumbnailUrl":"https:\/\/farmaon4.apptirana.al\/wp-content\/uploads\/2024\/09\/SVR31.jpg","datePublished":"2024-09-20T23:10:44+00:00","dateModified":"2026-05-05T09:57:22+00:00","breadcrumb":{"@id":"https:\/\/farmaon4.apptirana.al\/en\/produkt\/svr-topialyse-gel-lavant\/#breadcrumb"},"inLanguage":"en-US","potentialAction":[{"@type":"ReadAction","target":["https:\/\/farmaon4.apptirana.al\/en\/produkt\/svr-topialyse-gel-lavant\/"]}]},{"@type":"ImageObject","inLanguage":"en-US","@id":"https:\/\/farmaon4.apptirana.al\/en\/produkt\/svr-topialyse-gel-lavant\/#primaryimage","url":"https:\/\/farmaon4.apptirana.al\/wp-content\/uploads\/2024\/09\/SVR31.jpg","contentUrl":"https:\/\/farmaon4.apptirana.al\/wp-content\/uploads\/2024\/09\/SVR31.jpg","width":1080,"height":1080},{"@type":"BreadcrumbList","@id":"https:\/\/farmaon4.apptirana.al\/en\/produkt\/svr-topialyse-gel-lavant\/#breadcrumb","itemListElement":[{"@type":"ListItem","position":1,"name":"Home","item":"https:\/\/farmaon4.apptirana.al\/en\/"},{"@type":"ListItem","position":2,"name":"Shop","item":"https:\/\/farmaon4.apptirana.al\/en\/shop-3\/"},{"@type":"ListItem","position":3,"name":"SVR Topialyse Gel Lavant"}]},{"@type":"WebSite","@id":"https:\/\/farmaon4.apptirana.al\/#website","url":"https:\/\/farmaon4.apptirana.al\/","name":"Farmaon","description":"Farmacia Juaj Online!","publisher":{"@id":"https:\/\/farmaon4.apptirana.al\/#organization"},"potentialAction":[{"@type":"SearchAction","target":{"@type":"EntryPoint","urlTemplate":"https:\/\/farmaon4.apptirana.al\/?s={search_term_string}"},"query-input":{"@type":"PropertyValueSpecification","valueRequired":true,"valueName":"search_term_string"}}],"inLanguage":"en-US"},{"@type":"Organization","@id":"https:\/\/farmaon4.apptirana.al\/#organization","name":"Farmaon","url":"https:\/\/farmaon4.apptirana.al\/","logo":{"@type":"ImageObject","inLanguage":"en-US","@id":"https:\/\/farmaon4.apptirana.al\/#\/schema\/logo\/image\/","url":"https:\/\/farmaon4.apptirana.al\/wp-content\/uploads\/2024\/08\/7f987514-logo-farmaon.png","contentUrl":"https:\/\/farmaon4.apptirana.al\/wp-content\/uploads\/2024\/08\/7f987514-logo-farmaon.png","width":219,"height":53,"caption":"Farmaon"},"image":{"@id":"https:\/\/farmaon4.apptirana.al\/#\/schema\/logo\/image\/"}}]},"product_price_amount":"1600","product_price_currency":"ALL","og_availability":"instock","product_availability":"instock","product_retailer_item_id":"SVR31","product_condition":"new"},"_links":{"self":[{"href":"https:\/\/farmaon4.apptirana.al\/en\/wp-json\/wp\/v2\/product\/496008","targetHints":{"allow":["GET"]}}],"collection":[{"href":"https:\/\/farmaon4.apptirana.al\/en\/wp-json\/wp\/v2\/product"}],"about":[{"href":"https:\/\/farmaon4.apptirana.al\/en\/wp-json\/wp\/v2\/types\/product"}],"version-history":[{"count":0,"href":"https:\/\/farmaon4.apptirana.al\/en\/wp-json\/wp\/v2\/product\/496008\/revisions"}],"wp:featuredmedia":[{"embeddable":true,"href":"https:\/\/farmaon4.apptirana.al\/en\/wp-json\/wp\/v2\/media\/473877"}],"wp:attachment":[{"href":"https:\/\/farmaon4.apptirana.al\/en\/wp-json\/wp\/v2\/media?parent=496008"}],"wp:term":[{"taxonomy":"product_brand","embeddable":true,"href":"https:\/\/farmaon4.apptirana.al\/en\/wp-json\/wp\/v2\/product_brand?post=496008"},{"taxonomy":"product_cat","embeddable":true,"href":"https:\/\/farmaon4.apptirana.al\/en\/wp-json\/wp\/v2\/product_cat?post=496008"},{"taxonomy":"product_tag","embeddable":true,"href":"https:\/\/farmaon4.apptirana.al\/en\/wp-json\/wp\/v2\/product_tag?post=496008"},{"taxonomy":"giftcard-category","embeddable":true,"href":"https:\/\/farmaon4.apptirana.al\/en\/wp-json\/wp\/v2\/giftcard-category?post=496008"}],"curies":[{"name":"wp","href":"https:\/\/api.w.org\/{rel}","templated":true}]}}