{"id":496028,"date":"2024-09-21T00:10:34","date_gmt":"2024-09-20T23:10:34","guid":{"rendered":"https:\/\/farmaon4.apptirana.al\/produkt\/svr-cerabiotic-2\/"},"modified":"2026-04-23T20:52:15","modified_gmt":"2026-04-23T19:52:15","slug":"svr-cerabiotic","status":"publish","type":"product","link":"https:\/\/farmaon4.apptirana.al\/en\/produkt\/svr-cerabiotic\/","title":{"rendered":"SVR [Cera]Biotic"},"content":{"rendered":"<p>SVR ka zhvilluar BIOTIC, nj\u00eb gam\u00eb inovative produktesh rigjeneruese q\u00eb forcojn\u00eb dhe rigjenerojn\u00eb l\u00ebkur\u00ebn n\u00eb saj\u00eb t\u00eb kombinimit t\u00eb tre p\u00ebrb\u00ebr\u00ebsve aktiv\u00ebs:<\/p>\n<ul>\n<li>probiotik\u00eb t\u00eb pasterizuar,<\/li>\n<li>vitamin\u00eb C e stabilizuar,<\/li>\n<li>acid hialuronik.<\/li>\n<\/ul>\n<p>L\u00ebkura \u00ebsht\u00eb m\u00eb e fort\u00eb, m\u00eb e l\u00ebmuar si dhe n\u00eb dukje m\u00eb e re.<\/p>\n<p>Sebumi, i p\u00ebrb\u00ebr\u00eb nga lipidet, \u00ebsht\u00eb nj\u00eb nga p\u00ebrb\u00ebr\u00ebsit e filmit hidro-lipidik, i cili mbron l\u00ebkur\u00ebn nga agresor\u00ebt e jasht\u00ebm dhe parandalon dehidratimin.<\/p>\n<p>Megjithat\u00eb, disa faktor\u00eb si ndotja, stresi ose ndryshimet hormonale mund t\u00eb \u00e7ojn\u00eb n\u00eb nj\u00eb mbiprodhim t\u00eb sebumit i cili bllokon poret dhe oksidon l\u00ebkur\u00ebn, duke shkaktuar njolla. Si rezultat, pamja zbehet, krijohen pika t\u00eb zeza, poret zgjeroen dhe krijohen hiperpigmentime n\u00eb l\u00ebkur\u00eb.<\/p>\n<p>SVR ka p\u00ebrzgjedhur me rigorozitet kat\u00ebr element\u00eb aktiv\u00eb, secili me nj\u00eb p\u00ebrfitim thelb\u00ebsor p\u00ebr l\u00ebkur\u00ebn:<\/p>\n<ul>\n<li>Probiotik\u00eb t\u00eb pasterizuar, p\u00ebr t\u00eb forcuar barrier\u00ebn e l\u00ebkur\u00ebs. SVR zgjedh k\u00ebto shtame t\u00eb ve\u00e7anta sepse pro\u00e7esi i pasterizimit siguron q\u00eb ato t\u00eb ruajn\u00eb vetit\u00eb e tyre probiotike, me q\u00ebllim q\u00eb t\u00eb forcojn\u00eb dhe mbrojn\u00eb barrier\u00ebn e l\u00ebkur\u00ebs, si dhe ta hidratojn\u00eb at\u00eb.<\/li>\n<li>Acid hialuronik me pesh\u00eb molekulare t\u00eb ul\u00ebt: forma e saj e acetiluar zbut rrudhat dhe linjat e holla dhe hidraton l\u00ebkur\u00ebn.<\/li>\n<li>Vitamin\u00eb C t\u00eb stabilizuar, q\u00eb mbron l\u00ebkur\u00ebn nga radikalet e lira.<\/li>\n<li>Ceramide, thelb\u00ebsor\u00eb p\u00ebr t\u00eb forcuar filmin hidro-lipidik, p\u00ebr t\u00eb rivendosur ekuilibrin n\u00eb barrier\u00ebn e l\u00ebkur\u00ebs dhe p\u00ebr t\u00eb mbushur rrudhat.<\/li>\n<\/ul>\n<p>Tekstura e tij, e pasur me gjalp\u00eb babassu, ushqen, zbut dhe forcon l\u00ebkur\u00ebn.<\/p>\n","protected":false},"excerpt":{"rendered":"<p>Balsam rigjenerues dhe ushqyes<\/p>\n<p>50 ml<\/p>\n","protected":false},"featured_media":473865,"template":"","meta":{"_acf_changed":false},"product_brand":[],"product_cat":[50161,50044,55668,50099,57083],"product_tag":[57885,46269,51636,51856],"giftcard-category":[],"class_list":{"0":"post-496028","1":"product","2":"type-product","3":"status-publish","4":"has-post-thumbnail","6":"product_cat-markat-english","7":"product_cat-dermokozmetike-english","8":"product_cat-face-dermokozmetike-english","9":"product_cat-hidratimi-dhe-ushqimi-english","10":"product_cat-svr-en","11":"product_tag-face-en","12":"product_tag-face","13":"product_tag-peptide-en","14":"product_tag-rigjenerues-en","16":"first","17":"instock","18":"sale","19":"taxable","20":"shipping-taxable","21":"purchasable","22":"product-type-simple"},"bundled_by":[],"bundle_stock_status":"instock","bundle_stock_quantity":2,"bundle_virtual":false,"bundle_layout":"","bundle_add_to_cart_form_location":"","bundle_editable_in_cart":false,"bundle_sold_individually_context":"","bundle_item_grouping":"","bundle_min_size":"","bundle_max_size":"","bundle_price":[],"bundled_items":[],"bundle_sell_ids":[],"acf":[],"yoast_head":"<!-- This site is optimized with the Yoast SEO Premium plugin v23.0 (Yoast SEO v26.0) - https:\/\/yoast.com\/wordpress\/plugins\/seo\/ -->\n<title>SVR [Cera]Biotic - Farmaon<\/title>\n<meta name=\"robots\" content=\"index, follow, max-snippet:-1, max-image-preview:large, max-video-preview:-1\" \/>\n<link rel=\"canonical\" href=\"https:\/\/farmaon4.apptirana.al\/en\/produkt\/svr-cerabiotic\/\" \/>\n<meta property=\"og:locale\" content=\"en_US\" \/>\n<meta property=\"og:type\" content=\"article\" \/>\n<meta property=\"og:title\" content=\"SVR [Cera]Biotic\" \/>\n<meta property=\"og:description\" content=\"Balsam rigjenerues dhe ushqyes 50 ml\" \/>\n<meta property=\"og:url\" content=\"https:\/\/farmaon4.apptirana.al\/en\/produkt\/svr-cerabiotic\/\" \/>\n<meta property=\"og:site_name\" content=\"Farmaon\" \/>\n<meta property=\"article:modified_time\" content=\"2026-04-23T19:52:15+00:00\" \/>\n<meta property=\"og:image\" content=\"https:\/\/farmaon4.apptirana.al\/wp-content\/uploads\/2024\/09\/SVR24.jpg\" \/>\n\t<meta property=\"og:image:width\" content=\"1080\" \/>\n\t<meta property=\"og:image:height\" content=\"1080\" \/>\n\t<meta property=\"og:image:type\" content=\"image\/jpeg\" \/>\n<meta name=\"twitter:card\" content=\"summary_large_image\" \/>\n<meta name=\"twitter:label1\" content=\"Price\" \/>\n\t<meta name=\"twitter:data1\" content=\"4640&nbsp;L\" \/>\n\t<meta name=\"twitter:label2\" content=\"Availability\" \/>\n\t<meta name=\"twitter:data2\" content=\"In stock\" \/>\n<script type=\"application\/ld+json\" class=\"yoast-schema-graph\">{\"@context\":\"https:\/\/schema.org\",\"@graph\":[{\"@type\":\"WebPage\",\"@id\":\"https:\/\/farmaon4.apptirana.al\/en\/produkt\/svr-cerabiotic\/\",\"url\":\"https:\/\/farmaon4.apptirana.al\/en\/produkt\/svr-cerabiotic\/\",\"name\":\"SVR [Cera]Biotic - Farmaon\",\"isPartOf\":{\"@id\":\"https:\/\/farmaon4.apptirana.al\/#website\"},\"primaryImageOfPage\":{\"@id\":\"https:\/\/farmaon4.apptirana.al\/en\/produkt\/svr-cerabiotic\/#primaryimage\"},\"image\":{\"@id\":\"https:\/\/farmaon4.apptirana.al\/en\/produkt\/svr-cerabiotic\/#primaryimage\"},\"thumbnailUrl\":\"https:\/\/farmaon4.apptirana.al\/wp-content\/uploads\/2024\/09\/SVR24.jpg\",\"datePublished\":\"2024-09-20T23:10:34+00:00\",\"dateModified\":\"2026-04-23T19:52:15+00:00\",\"breadcrumb\":{\"@id\":\"https:\/\/farmaon4.apptirana.al\/en\/produkt\/svr-cerabiotic\/#breadcrumb\"},\"inLanguage\":\"en-US\",\"potentialAction\":[{\"@type\":\"ReadAction\",\"target\":[\"https:\/\/farmaon4.apptirana.al\/en\/produkt\/svr-cerabiotic\/\"]}]},{\"@type\":\"ImageObject\",\"inLanguage\":\"en-US\",\"@id\":\"https:\/\/farmaon4.apptirana.al\/en\/produkt\/svr-cerabiotic\/#primaryimage\",\"url\":\"https:\/\/farmaon4.apptirana.al\/wp-content\/uploads\/2024\/09\/SVR24.jpg\",\"contentUrl\":\"https:\/\/farmaon4.apptirana.al\/wp-content\/uploads\/2024\/09\/SVR24.jpg\",\"width\":1080,\"height\":1080},{\"@type\":\"BreadcrumbList\",\"@id\":\"https:\/\/farmaon4.apptirana.al\/en\/produkt\/svr-cerabiotic\/#breadcrumb\",\"itemListElement\":[{\"@type\":\"ListItem\",\"position\":1,\"name\":\"Home\",\"item\":\"https:\/\/farmaon4.apptirana.al\/en\/\"},{\"@type\":\"ListItem\",\"position\":2,\"name\":\"Shop\",\"item\":\"https:\/\/farmaon4.apptirana.al\/en\/shop-3\/\"},{\"@type\":\"ListItem\",\"position\":3,\"name\":\"SVR [Cera]Biotic\"}]},{\"@type\":\"WebSite\",\"@id\":\"https:\/\/farmaon4.apptirana.al\/#website\",\"url\":\"https:\/\/farmaon4.apptirana.al\/\",\"name\":\"Farmaon\",\"description\":\"Farmacia Juaj Online!\",\"publisher\":{\"@id\":\"https:\/\/farmaon4.apptirana.al\/#organization\"},\"potentialAction\":[{\"@type\":\"SearchAction\",\"target\":{\"@type\":\"EntryPoint\",\"urlTemplate\":\"https:\/\/farmaon4.apptirana.al\/?s={search_term_string}\"},\"query-input\":{\"@type\":\"PropertyValueSpecification\",\"valueRequired\":true,\"valueName\":\"search_term_string\"}}],\"inLanguage\":\"en-US\"},{\"@type\":\"Organization\",\"@id\":\"https:\/\/farmaon4.apptirana.al\/#organization\",\"name\":\"Farmaon\",\"url\":\"https:\/\/farmaon4.apptirana.al\/\",\"logo\":{\"@type\":\"ImageObject\",\"inLanguage\":\"en-US\",\"@id\":\"https:\/\/farmaon4.apptirana.al\/#\/schema\/logo\/image\/\",\"url\":\"https:\/\/farmaon4.apptirana.al\/wp-content\/uploads\/2024\/08\/7f987514-logo-farmaon.png\",\"contentUrl\":\"https:\/\/farmaon4.apptirana.al\/wp-content\/uploads\/2024\/08\/7f987514-logo-farmaon.png\",\"width\":219,\"height\":53,\"caption\":\"Farmaon\"},\"image\":{\"@id\":\"https:\/\/farmaon4.apptirana.al\/#\/schema\/logo\/image\/\"}}]}<\/script>\n<meta property=\"product:price:amount\" content=\"4640\" \/>\n<meta property=\"product:price:currency\" content=\"ALL\" \/>\n<meta property=\"og:availability\" content=\"instock\" \/>\n<meta property=\"product:availability\" content=\"instock\" \/>\n<meta property=\"product:retailer_item_id\" content=\"SVR24\" \/>\n<meta property=\"product:condition\" content=\"new\" \/>\n<!-- \/ Yoast SEO Premium plugin. -->","yoast_head_json":{"title":"SVR [Cera]Biotic - Farmaon","robots":{"index":"index","follow":"follow","max-snippet":"max-snippet:-1","max-image-preview":"max-image-preview:large","max-video-preview":"max-video-preview:-1"},"canonical":"https:\/\/farmaon4.apptirana.al\/en\/produkt\/svr-cerabiotic\/","og_locale":"en_US","og_type":"article","og_title":"SVR [Cera]Biotic","og_description":"Balsam rigjenerues dhe ushqyes 50 ml","og_url":"https:\/\/farmaon4.apptirana.al\/en\/produkt\/svr-cerabiotic\/","og_site_name":"Farmaon","article_modified_time":"2026-04-23T19:52:15+00:00","og_image":[{"width":1080,"height":1080,"url":"https:\/\/farmaon4.apptirana.al\/wp-content\/uploads\/2024\/09\/SVR24.jpg","type":"image\/jpeg"}],"twitter_card":"summary_large_image","twitter_misc":{"Price":"4640&nbsp;L","Availability":"In stock"},"schema":{"@context":"https:\/\/schema.org","@graph":[{"@type":"WebPage","@id":"https:\/\/farmaon4.apptirana.al\/en\/produkt\/svr-cerabiotic\/","url":"https:\/\/farmaon4.apptirana.al\/en\/produkt\/svr-cerabiotic\/","name":"SVR [Cera]Biotic - Farmaon","isPartOf":{"@id":"https:\/\/farmaon4.apptirana.al\/#website"},"primaryImageOfPage":{"@id":"https:\/\/farmaon4.apptirana.al\/en\/produkt\/svr-cerabiotic\/#primaryimage"},"image":{"@id":"https:\/\/farmaon4.apptirana.al\/en\/produkt\/svr-cerabiotic\/#primaryimage"},"thumbnailUrl":"https:\/\/farmaon4.apptirana.al\/wp-content\/uploads\/2024\/09\/SVR24.jpg","datePublished":"2024-09-20T23:10:34+00:00","dateModified":"2026-04-23T19:52:15+00:00","breadcrumb":{"@id":"https:\/\/farmaon4.apptirana.al\/en\/produkt\/svr-cerabiotic\/#breadcrumb"},"inLanguage":"en-US","potentialAction":[{"@type":"ReadAction","target":["https:\/\/farmaon4.apptirana.al\/en\/produkt\/svr-cerabiotic\/"]}]},{"@type":"ImageObject","inLanguage":"en-US","@id":"https:\/\/farmaon4.apptirana.al\/en\/produkt\/svr-cerabiotic\/#primaryimage","url":"https:\/\/farmaon4.apptirana.al\/wp-content\/uploads\/2024\/09\/SVR24.jpg","contentUrl":"https:\/\/farmaon4.apptirana.al\/wp-content\/uploads\/2024\/09\/SVR24.jpg","width":1080,"height":1080},{"@type":"BreadcrumbList","@id":"https:\/\/farmaon4.apptirana.al\/en\/produkt\/svr-cerabiotic\/#breadcrumb","itemListElement":[{"@type":"ListItem","position":1,"name":"Home","item":"https:\/\/farmaon4.apptirana.al\/en\/"},{"@type":"ListItem","position":2,"name":"Shop","item":"https:\/\/farmaon4.apptirana.al\/en\/shop-3\/"},{"@type":"ListItem","position":3,"name":"SVR [Cera]Biotic"}]},{"@type":"WebSite","@id":"https:\/\/farmaon4.apptirana.al\/#website","url":"https:\/\/farmaon4.apptirana.al\/","name":"Farmaon","description":"Farmacia Juaj Online!","publisher":{"@id":"https:\/\/farmaon4.apptirana.al\/#organization"},"potentialAction":[{"@type":"SearchAction","target":{"@type":"EntryPoint","urlTemplate":"https:\/\/farmaon4.apptirana.al\/?s={search_term_string}"},"query-input":{"@type":"PropertyValueSpecification","valueRequired":true,"valueName":"search_term_string"}}],"inLanguage":"en-US"},{"@type":"Organization","@id":"https:\/\/farmaon4.apptirana.al\/#organization","name":"Farmaon","url":"https:\/\/farmaon4.apptirana.al\/","logo":{"@type":"ImageObject","inLanguage":"en-US","@id":"https:\/\/farmaon4.apptirana.al\/#\/schema\/logo\/image\/","url":"https:\/\/farmaon4.apptirana.al\/wp-content\/uploads\/2024\/08\/7f987514-logo-farmaon.png","contentUrl":"https:\/\/farmaon4.apptirana.al\/wp-content\/uploads\/2024\/08\/7f987514-logo-farmaon.png","width":219,"height":53,"caption":"Farmaon"},"image":{"@id":"https:\/\/farmaon4.apptirana.al\/#\/schema\/logo\/image\/"}}]},"product_price_amount":"4640","product_price_currency":"ALL","og_availability":"instock","product_availability":"instock","product_retailer_item_id":"SVR24","product_condition":"new"},"_links":{"self":[{"href":"https:\/\/farmaon4.apptirana.al\/en\/wp-json\/wp\/v2\/product\/496028","targetHints":{"allow":["GET"]}}],"collection":[{"href":"https:\/\/farmaon4.apptirana.al\/en\/wp-json\/wp\/v2\/product"}],"about":[{"href":"https:\/\/farmaon4.apptirana.al\/en\/wp-json\/wp\/v2\/types\/product"}],"version-history":[{"count":0,"href":"https:\/\/farmaon4.apptirana.al\/en\/wp-json\/wp\/v2\/product\/496028\/revisions"}],"wp:featuredmedia":[{"embeddable":true,"href":"https:\/\/farmaon4.apptirana.al\/en\/wp-json\/wp\/v2\/media\/473865"}],"wp:attachment":[{"href":"https:\/\/farmaon4.apptirana.al\/en\/wp-json\/wp\/v2\/media?parent=496028"}],"wp:term":[{"taxonomy":"product_brand","embeddable":true,"href":"https:\/\/farmaon4.apptirana.al\/en\/wp-json\/wp\/v2\/product_brand?post=496028"},{"taxonomy":"product_cat","embeddable":true,"href":"https:\/\/farmaon4.apptirana.al\/en\/wp-json\/wp\/v2\/product_cat?post=496028"},{"taxonomy":"product_tag","embeddable":true,"href":"https:\/\/farmaon4.apptirana.al\/en\/wp-json\/wp\/v2\/product_tag?post=496028"},{"taxonomy":"giftcard-category","embeddable":true,"href":"https:\/\/farmaon4.apptirana.al\/en\/wp-json\/wp\/v2\/giftcard-category?post=496028"}],"curies":[{"name":"wp","href":"https:\/\/api.w.org\/{rel}","templated":true}]}}