{"id":496058,"date":"2024-09-20T23:55:44","date_gmt":"2024-09-20T23:55:44","guid":{"rendered":"https:\/\/farmaon4.apptirana.al\/produkt\/terranova-red-yeast-rice-coq10-bergamot-complex-2\/"},"modified":"2026-04-22T14:17:10","modified_gmt":"2026-04-22T13:17:10","slug":"terranova-red-yeast-rice-coq10-bergamot-complex","status":"publish","type":"product","link":"https:\/\/farmaon4.apptirana.al\/en\/produkt\/terranova-red-yeast-rice-coq10-bergamot-complex\/","title":{"rendered":"Terranova Red Yeast Rice, CoQ10 &#038; Bergamot Complex"},"content":{"rendered":"<p>Suplement ushqimor me oriz t\u00eb kuq, koenzim\u00eb Q1 dhe bergamot.<\/p>\n<p>Ka ndikim pozitiv n\u00eb uljen e nivelit t\u00eb kolesterolit.<\/p>\n<p>Nuk p\u00ebrmban:<\/p>\n<ul>\n<li>soj\u00eb.<\/li>\n<li>maja.<\/li>\n<li>derivate t\u00eb bulmetit.<\/li>\n<li>sheqer t\u00eb shtuar.<\/li>\n<li>ngjyrues.<\/li>\n<li>konservues.<\/li>\n<li>gluten.<\/li>\n<\/ul>\n<p>Suplementet ushqimor\u00eb nuk z\u00ebv\u00ebnd\u00ebsojn\u00eb diet\u00ebn ushqimore.<\/p>\n<p>T\u00eb mbahet larg f\u00ebmij\u00ebve.<\/p>\n<p>T\u00eb mos p\u00ebrdoret gjat\u00eb shtatz\u00ebnis\u00eb dhe ushqyerjes me gji me p\u00ebrjashtim t\u00eb rasteve kur e k\u00ebshillon mjeku juaj.<\/p>\n<p>N\u00ebse jeni duke marr\u00eb medikamente q\u00eb ulin nivelin e kolesterolit ose anti-koagolant\u00eb, k\u00ebshillohuni me mjekun tuaj p\u00ebrpara p\u00ebrdorimit t\u00eb k\u00ebtij suplementi.<\/p>\n","protected":false},"excerpt":{"rendered":"<p>Suplement ushqimor me oriz t\u00eb kuq<\/p>\n<p>50 kapsula vegjetariane<\/p>\n","protected":false},"featured_media":473138,"template":"","meta":{"_acf_changed":false},"product_brand":[],"product_cat":[50127,50286,50299],"product_tag":[50451,54919,52174],"giftcard-category":[],"class_list":{"0":"post-496058","1":"product","2":"type-product","3":"status-publish","4":"has-post-thumbnail","6":"product_cat-kolesteroli-dhe-diabeti-english","7":"product_cat-sipas-veprimit-english","8":"product_cat-suplemente-english","9":"product_tag-te-rritur-en","10":"product_tag-coenzyme-q10-en","11":"product_tag-oriz-i-kuq-en","13":"first","14":"instock","15":"sale","16":"taxable","17":"shipping-taxable","18":"purchasable","19":"product-type-simple"},"bundled_by":[],"bundle_stock_status":"instock","bundle_stock_quantity":3,"bundle_virtual":false,"bundle_layout":"","bundle_add_to_cart_form_location":"","bundle_editable_in_cart":false,"bundle_sold_individually_context":"","bundle_item_grouping":"","bundle_min_size":"","bundle_max_size":"","bundle_price":[],"bundled_items":[],"bundle_sell_ids":[],"acf":[],"yoast_head":"<!-- This site is optimized with the Yoast SEO Premium plugin v23.0 (Yoast SEO v26.0) - https:\/\/yoast.com\/wordpress\/plugins\/seo\/ -->\n<title>Terranova Red Yeast Rice, CoQ10 &amp; Bergamot Complex - Farmaon<\/title>\n<meta name=\"robots\" content=\"index, follow, max-snippet:-1, max-image-preview:large, max-video-preview:-1\" \/>\n<link rel=\"canonical\" href=\"https:\/\/farmaon4.apptirana.al\/en\/produkt\/terranova-red-yeast-rice-coq10-bergamot-complex\/\" \/>\n<meta property=\"og:locale\" content=\"en_US\" \/>\n<meta property=\"og:type\" content=\"article\" \/>\n<meta property=\"og:title\" content=\"Terranova Red Yeast Rice, CoQ10 &amp; Bergamot Complex\" \/>\n<meta property=\"og:description\" content=\"Suplement ushqimor me oriz t\u00eb kuq 50 kapsula vegjetariane\" \/>\n<meta property=\"og:url\" content=\"https:\/\/farmaon4.apptirana.al\/en\/produkt\/terranova-red-yeast-rice-coq10-bergamot-complex\/\" \/>\n<meta property=\"og:site_name\" content=\"Farmaon\" \/>\n<meta property=\"article:modified_time\" content=\"2026-04-22T13:17:10+00:00\" \/>\n<meta name=\"twitter:card\" content=\"summary_large_image\" \/>\n<meta name=\"twitter:label1\" content=\"Price\" \/>\n\t<meta name=\"twitter:data1\" content=\"5168&nbsp;L\" \/>\n\t<meta name=\"twitter:label2\" content=\"Availability\" \/>\n\t<meta name=\"twitter:data2\" content=\"In stock\" \/>\n<script type=\"application\/ld+json\" class=\"yoast-schema-graph\">{\"@context\":\"https:\/\/schema.org\",\"@graph\":[{\"@type\":\"WebPage\",\"@id\":\"https:\/\/farmaon4.apptirana.al\/en\/produkt\/terranova-red-yeast-rice-coq10-bergamot-complex\/\",\"url\":\"https:\/\/farmaon4.apptirana.al\/en\/produkt\/terranova-red-yeast-rice-coq10-bergamot-complex\/\",\"name\":\"Terranova Red Yeast Rice, CoQ10 & Bergamot Complex - Farmaon\",\"isPartOf\":{\"@id\":\"https:\/\/farmaon4.apptirana.al\/#website\"},\"primaryImageOfPage\":{\"@id\":\"https:\/\/farmaon4.apptirana.al\/en\/produkt\/terranova-red-yeast-rice-coq10-bergamot-complex\/#primaryimage\"},\"image\":{\"@id\":\"https:\/\/farmaon4.apptirana.al\/en\/produkt\/terranova-red-yeast-rice-coq10-bergamot-complex\/#primaryimage\"},\"thumbnailUrl\":\"https:\/\/farmaon4.apptirana.al\/wp-content\/uploads\/2024\/09\/TN48.jpg\",\"datePublished\":\"2024-09-20T23:55:44+00:00\",\"dateModified\":\"2026-04-22T13:17:10+00:00\",\"breadcrumb\":{\"@id\":\"https:\/\/farmaon4.apptirana.al\/en\/produkt\/terranova-red-yeast-rice-coq10-bergamot-complex\/#breadcrumb\"},\"inLanguage\":\"en-US\",\"potentialAction\":[{\"@type\":\"ReadAction\",\"target\":[\"https:\/\/farmaon4.apptirana.al\/en\/produkt\/terranova-red-yeast-rice-coq10-bergamot-complex\/\"]}]},{\"@type\":\"ImageObject\",\"inLanguage\":\"en-US\",\"@id\":\"https:\/\/farmaon4.apptirana.al\/en\/produkt\/terranova-red-yeast-rice-coq10-bergamot-complex\/#primaryimage\",\"url\":\"https:\/\/farmaon4.apptirana.al\/wp-content\/uploads\/2024\/09\/TN48.jpg\",\"contentUrl\":\"https:\/\/farmaon4.apptirana.al\/wp-content\/uploads\/2024\/09\/TN48.jpg\",\"width\":1080,\"height\":1080},{\"@type\":\"BreadcrumbList\",\"@id\":\"https:\/\/farmaon4.apptirana.al\/en\/produkt\/terranova-red-yeast-rice-coq10-bergamot-complex\/#breadcrumb\",\"itemListElement\":[{\"@type\":\"ListItem\",\"position\":1,\"name\":\"Home\",\"item\":\"https:\/\/farmaon4.apptirana.al\/en\/\"},{\"@type\":\"ListItem\",\"position\":2,\"name\":\"Shop\",\"item\":\"https:\/\/farmaon4.apptirana.al\/en\/shop-3\/\"},{\"@type\":\"ListItem\",\"position\":3,\"name\":\"Terranova Red Yeast Rice, CoQ10 &#038; Bergamot Complex\"}]},{\"@type\":\"WebSite\",\"@id\":\"https:\/\/farmaon4.apptirana.al\/#website\",\"url\":\"https:\/\/farmaon4.apptirana.al\/\",\"name\":\"Farmaon\",\"description\":\"Farmacia Juaj Online!\",\"publisher\":{\"@id\":\"https:\/\/farmaon4.apptirana.al\/#organization\"},\"potentialAction\":[{\"@type\":\"SearchAction\",\"target\":{\"@type\":\"EntryPoint\",\"urlTemplate\":\"https:\/\/farmaon4.apptirana.al\/?s={search_term_string}\"},\"query-input\":{\"@type\":\"PropertyValueSpecification\",\"valueRequired\":true,\"valueName\":\"search_term_string\"}}],\"inLanguage\":\"en-US\"},{\"@type\":\"Organization\",\"@id\":\"https:\/\/farmaon4.apptirana.al\/#organization\",\"name\":\"Farmaon\",\"url\":\"https:\/\/farmaon4.apptirana.al\/\",\"logo\":{\"@type\":\"ImageObject\",\"inLanguage\":\"en-US\",\"@id\":\"https:\/\/farmaon4.apptirana.al\/#\/schema\/logo\/image\/\",\"url\":\"https:\/\/farmaon4.apptirana.al\/wp-content\/uploads\/2024\/08\/7f987514-logo-farmaon.png\",\"contentUrl\":\"https:\/\/farmaon4.apptirana.al\/wp-content\/uploads\/2024\/08\/7f987514-logo-farmaon.png\",\"width\":219,\"height\":53,\"caption\":\"Farmaon\"},\"image\":{\"@id\":\"https:\/\/farmaon4.apptirana.al\/#\/schema\/logo\/image\/\"}}]}<\/script>\n<meta property=\"product:price:amount\" content=\"5168\" \/>\n<meta property=\"product:price:currency\" content=\"ALL\" \/>\n<meta property=\"og:availability\" content=\"instock\" \/>\n<meta property=\"product:availability\" content=\"instock\" \/>\n<meta property=\"product:retailer_item_id\" content=\"TN48\" \/>\n<meta property=\"product:condition\" content=\"new\" \/>\n<!-- \/ Yoast SEO Premium plugin. -->","yoast_head_json":{"title":"Terranova Red Yeast Rice, CoQ10 & Bergamot Complex - Farmaon","robots":{"index":"index","follow":"follow","max-snippet":"max-snippet:-1","max-image-preview":"max-image-preview:large","max-video-preview":"max-video-preview:-1"},"canonical":"https:\/\/farmaon4.apptirana.al\/en\/produkt\/terranova-red-yeast-rice-coq10-bergamot-complex\/","og_locale":"en_US","og_type":"article","og_title":"Terranova Red Yeast Rice, CoQ10 & Bergamot Complex","og_description":"Suplement ushqimor me oriz t\u00eb kuq 50 kapsula vegjetariane","og_url":"https:\/\/farmaon4.apptirana.al\/en\/produkt\/terranova-red-yeast-rice-coq10-bergamot-complex\/","og_site_name":"Farmaon","article_modified_time":"2026-04-22T13:17:10+00:00","twitter_card":"summary_large_image","twitter_misc":{"Price":"5168&nbsp;L","Availability":"In stock"},"schema":{"@context":"https:\/\/schema.org","@graph":[{"@type":"WebPage","@id":"https:\/\/farmaon4.apptirana.al\/en\/produkt\/terranova-red-yeast-rice-coq10-bergamot-complex\/","url":"https:\/\/farmaon4.apptirana.al\/en\/produkt\/terranova-red-yeast-rice-coq10-bergamot-complex\/","name":"Terranova Red Yeast Rice, CoQ10 & Bergamot Complex - Farmaon","isPartOf":{"@id":"https:\/\/farmaon4.apptirana.al\/#website"},"primaryImageOfPage":{"@id":"https:\/\/farmaon4.apptirana.al\/en\/produkt\/terranova-red-yeast-rice-coq10-bergamot-complex\/#primaryimage"},"image":{"@id":"https:\/\/farmaon4.apptirana.al\/en\/produkt\/terranova-red-yeast-rice-coq10-bergamot-complex\/#primaryimage"},"thumbnailUrl":"https:\/\/farmaon4.apptirana.al\/wp-content\/uploads\/2024\/09\/TN48.jpg","datePublished":"2024-09-20T23:55:44+00:00","dateModified":"2026-04-22T13:17:10+00:00","breadcrumb":{"@id":"https:\/\/farmaon4.apptirana.al\/en\/produkt\/terranova-red-yeast-rice-coq10-bergamot-complex\/#breadcrumb"},"inLanguage":"en-US","potentialAction":[{"@type":"ReadAction","target":["https:\/\/farmaon4.apptirana.al\/en\/produkt\/terranova-red-yeast-rice-coq10-bergamot-complex\/"]}]},{"@type":"ImageObject","inLanguage":"en-US","@id":"https:\/\/farmaon4.apptirana.al\/en\/produkt\/terranova-red-yeast-rice-coq10-bergamot-complex\/#primaryimage","url":"https:\/\/farmaon4.apptirana.al\/wp-content\/uploads\/2024\/09\/TN48.jpg","contentUrl":"https:\/\/farmaon4.apptirana.al\/wp-content\/uploads\/2024\/09\/TN48.jpg","width":1080,"height":1080},{"@type":"BreadcrumbList","@id":"https:\/\/farmaon4.apptirana.al\/en\/produkt\/terranova-red-yeast-rice-coq10-bergamot-complex\/#breadcrumb","itemListElement":[{"@type":"ListItem","position":1,"name":"Home","item":"https:\/\/farmaon4.apptirana.al\/en\/"},{"@type":"ListItem","position":2,"name":"Shop","item":"https:\/\/farmaon4.apptirana.al\/en\/shop-3\/"},{"@type":"ListItem","position":3,"name":"Terranova Red Yeast Rice, CoQ10 &#038; Bergamot Complex"}]},{"@type":"WebSite","@id":"https:\/\/farmaon4.apptirana.al\/#website","url":"https:\/\/farmaon4.apptirana.al\/","name":"Farmaon","description":"Farmacia Juaj Online!","publisher":{"@id":"https:\/\/farmaon4.apptirana.al\/#organization"},"potentialAction":[{"@type":"SearchAction","target":{"@type":"EntryPoint","urlTemplate":"https:\/\/farmaon4.apptirana.al\/?s={search_term_string}"},"query-input":{"@type":"PropertyValueSpecification","valueRequired":true,"valueName":"search_term_string"}}],"inLanguage":"en-US"},{"@type":"Organization","@id":"https:\/\/farmaon4.apptirana.al\/#organization","name":"Farmaon","url":"https:\/\/farmaon4.apptirana.al\/","logo":{"@type":"ImageObject","inLanguage":"en-US","@id":"https:\/\/farmaon4.apptirana.al\/#\/schema\/logo\/image\/","url":"https:\/\/farmaon4.apptirana.al\/wp-content\/uploads\/2024\/08\/7f987514-logo-farmaon.png","contentUrl":"https:\/\/farmaon4.apptirana.al\/wp-content\/uploads\/2024\/08\/7f987514-logo-farmaon.png","width":219,"height":53,"caption":"Farmaon"},"image":{"@id":"https:\/\/farmaon4.apptirana.al\/#\/schema\/logo\/image\/"}}]},"product_price_amount":"5168","product_price_currency":"ALL","og_availability":"instock","product_availability":"instock","product_retailer_item_id":"TN48","product_condition":"new"},"_links":{"self":[{"href":"https:\/\/farmaon4.apptirana.al\/en\/wp-json\/wp\/v2\/product\/496058","targetHints":{"allow":["GET"]}}],"collection":[{"href":"https:\/\/farmaon4.apptirana.al\/en\/wp-json\/wp\/v2\/product"}],"about":[{"href":"https:\/\/farmaon4.apptirana.al\/en\/wp-json\/wp\/v2\/types\/product"}],"version-history":[{"count":0,"href":"https:\/\/farmaon4.apptirana.al\/en\/wp-json\/wp\/v2\/product\/496058\/revisions"}],"wp:featuredmedia":[{"embeddable":true,"href":"https:\/\/farmaon4.apptirana.al\/en\/wp-json\/wp\/v2\/media\/473138"}],"wp:attachment":[{"href":"https:\/\/farmaon4.apptirana.al\/en\/wp-json\/wp\/v2\/media?parent=496058"}],"wp:term":[{"taxonomy":"product_brand","embeddable":true,"href":"https:\/\/farmaon4.apptirana.al\/en\/wp-json\/wp\/v2\/product_brand?post=496058"},{"taxonomy":"product_cat","embeddable":true,"href":"https:\/\/farmaon4.apptirana.al\/en\/wp-json\/wp\/v2\/product_cat?post=496058"},{"taxonomy":"product_tag","embeddable":true,"href":"https:\/\/farmaon4.apptirana.al\/en\/wp-json\/wp\/v2\/product_tag?post=496058"},{"taxonomy":"giftcard-category","embeddable":true,"href":"https:\/\/farmaon4.apptirana.al\/en\/wp-json\/wp\/v2\/giftcard-category?post=496058"}],"curies":[{"name":"wp","href":"https:\/\/api.w.org\/{rel}","templated":true}]}}