{"id":496154,"date":"2024-09-21T07:29:45","date_gmt":"2024-09-21T07:29:45","guid":{"rendered":"https:\/\/farmaon4.apptirana.al\/produkt\/holle-organic-milk-porridge-oat-strawberry-with-apple-2\/"},"modified":"2026-05-06T20:51:55","modified_gmt":"2026-05-06T19:51:55","slug":"holle-organic-milk-porridge-oat-strawberry-with-apple","status":"publish","type":"product","link":"https:\/\/farmaon4.apptirana.al\/en\/produkt\/holle-organic-milk-porridge-oat-strawberry-with-apple\/","title":{"rendered":"Holle Organic Milk porridge oat strawberry with apple"},"content":{"rendered":"<p>Drith\u00ebra me moll\u00eb, luleshtrydhe dhe t\u00ebrsh\u00ebr\u00eb p\u00ebr foshnje mbi 6 muajshe.<\/p>\n<p>Vakt i leht\u00eb ideal para gjumit ose si snack gjat\u00eb dit\u00ebs.<\/p>\n<p>Recet\u00eb e thjesht\u00eb, pa sheqer apo vajra vegjetal\u00eb t\u00eb shtuar.<br \/>\nDrith\u00ebra integrale 1% organik\u00eb.<br \/>\nPa sheqer.<br \/>\nPa vaj palme.<br \/>\nI p\u00ebrshtatsh\u00ebm p\u00ebr vegjetarian\u00eb.<br \/>\nBiologjike.<\/p>\n","protected":false},"excerpt":{"rendered":"<p>Pure me moll<span class=\"Y2IQFc\" lang=\"sq\">\u00eb, luleshtrydhe dhe t\u00ebrsh\u00ebr\u00eb<\/span><span class=\"Y2IQFc\" lang=\"sq\">\u00a0p\u00ebr foshnje mbi 6 muajshe<\/span><\/p>\n<p>200 g<\/p>\n","protected":false},"featured_media":474555,"template":"","meta":{"_acf_changed":false},"product_brand":[],"product_cat":[56345,50061,50016],"product_tag":[54897,52042,50861,50619,51001],"giftcard-category":[],"class_list":{"0":"post-496154","1":"product","2":"type-product","3":"status-publish","4":"has-post-thumbnail","6":"product_cat-baby-food","7":"product_cat-cereals","8":"product_cat-bebe-dhe-nena-english","9":"product_tag-6-m-en","10":"product_tag-molle-en1","11":"product_tag-qumesht-en","12":"product_tag-tershere-en","13":"product_tag-luleshtrydhe-en","15":"first","16":"instock","17":"sale","18":"taxable","19":"shipping-taxable","20":"purchasable","21":"product-type-simple"},"bundled_by":[],"bundle_stock_status":"instock","bundle_stock_quantity":4,"bundle_virtual":false,"bundle_layout":"","bundle_add_to_cart_form_location":"","bundle_editable_in_cart":false,"bundle_sold_individually_context":"","bundle_item_grouping":"","bundle_min_size":"","bundle_max_size":"","bundle_price":[],"bundled_items":[],"bundle_sell_ids":[],"acf":[],"yoast_head":"<!-- This site is optimized with the Yoast SEO Premium plugin v23.0 (Yoast SEO v26.0) - https:\/\/yoast.com\/wordpress\/plugins\/seo\/ -->\n<title>Holle Organic Milk porridge oat strawberry with apple - Farmaon<\/title>\n<meta name=\"robots\" content=\"index, follow, max-snippet:-1, max-image-preview:large, max-video-preview:-1\" \/>\n<link rel=\"canonical\" href=\"https:\/\/farmaon4.apptirana.al\/en\/produkt\/holle-organic-milk-porridge-oat-strawberry-with-apple\/\" \/>\n<meta property=\"og:locale\" content=\"en_US\" \/>\n<meta property=\"og:type\" content=\"article\" \/>\n<meta property=\"og:title\" content=\"Holle Organic Milk porridge oat strawberry with apple\" \/>\n<meta property=\"og:description\" content=\"Pure me moll\u00eb, luleshtrydhe dhe t\u00ebrsh\u00ebr\u00eb\u00a0p\u00ebr foshnje mbi 6 muajshe 200 g\" \/>\n<meta property=\"og:url\" content=\"https:\/\/farmaon4.apptirana.al\/en\/produkt\/holle-organic-milk-porridge-oat-strawberry-with-apple\/\" \/>\n<meta property=\"og:site_name\" content=\"Farmaon\" \/>\n<meta property=\"article:modified_time\" content=\"2026-05-06T19:51:55+00:00\" \/>\n<meta name=\"twitter:card\" content=\"summary_large_image\" \/>\n<meta name=\"twitter:label1\" content=\"Price\" \/>\n\t<meta name=\"twitter:data1\" content=\"1140&nbsp;L\" \/>\n\t<meta name=\"twitter:label2\" content=\"Availability\" \/>\n\t<meta name=\"twitter:data2\" content=\"In stock\" \/>\n<script type=\"application\/ld+json\" class=\"yoast-schema-graph\">{\"@context\":\"https:\/\/schema.org\",\"@graph\":[{\"@type\":\"WebPage\",\"@id\":\"https:\/\/farmaon4.apptirana.al\/en\/produkt\/holle-organic-milk-porridge-oat-strawberry-with-apple\/\",\"url\":\"https:\/\/farmaon4.apptirana.al\/en\/produkt\/holle-organic-milk-porridge-oat-strawberry-with-apple\/\",\"name\":\"Holle Organic Milk porridge oat strawberry with apple - Farmaon\",\"isPartOf\":{\"@id\":\"https:\/\/farmaon4.apptirana.al\/#website\"},\"primaryImageOfPage\":{\"@id\":\"https:\/\/farmaon4.apptirana.al\/en\/produkt\/holle-organic-milk-porridge-oat-strawberry-with-apple\/#primaryimage\"},\"image\":{\"@id\":\"https:\/\/farmaon4.apptirana.al\/en\/produkt\/holle-organic-milk-porridge-oat-strawberry-with-apple\/#primaryimage\"},\"thumbnailUrl\":\"https:\/\/farmaon4.apptirana.al\/wp-content\/uploads\/2024\/09\/HO128.jpg\",\"datePublished\":\"2024-09-21T07:29:45+00:00\",\"dateModified\":\"2026-05-06T19:51:55+00:00\",\"breadcrumb\":{\"@id\":\"https:\/\/farmaon4.apptirana.al\/en\/produkt\/holle-organic-milk-porridge-oat-strawberry-with-apple\/#breadcrumb\"},\"inLanguage\":\"en-US\",\"potentialAction\":[{\"@type\":\"ReadAction\",\"target\":[\"https:\/\/farmaon4.apptirana.al\/en\/produkt\/holle-organic-milk-porridge-oat-strawberry-with-apple\/\"]}]},{\"@type\":\"ImageObject\",\"inLanguage\":\"en-US\",\"@id\":\"https:\/\/farmaon4.apptirana.al\/en\/produkt\/holle-organic-milk-porridge-oat-strawberry-with-apple\/#primaryimage\",\"url\":\"https:\/\/farmaon4.apptirana.al\/wp-content\/uploads\/2024\/09\/HO128.jpg\",\"contentUrl\":\"https:\/\/farmaon4.apptirana.al\/wp-content\/uploads\/2024\/09\/HO128.jpg\",\"width\":1080,\"height\":1080},{\"@type\":\"BreadcrumbList\",\"@id\":\"https:\/\/farmaon4.apptirana.al\/en\/produkt\/holle-organic-milk-porridge-oat-strawberry-with-apple\/#breadcrumb\",\"itemListElement\":[{\"@type\":\"ListItem\",\"position\":1,\"name\":\"Home\",\"item\":\"https:\/\/farmaon4.apptirana.al\/en\/\"},{\"@type\":\"ListItem\",\"position\":2,\"name\":\"Shop\",\"item\":\"https:\/\/farmaon4.apptirana.al\/en\/shop-3\/\"},{\"@type\":\"ListItem\",\"position\":3,\"name\":\"Holle Organic Milk porridge oat strawberry with apple\"}]},{\"@type\":\"WebSite\",\"@id\":\"https:\/\/farmaon4.apptirana.al\/#website\",\"url\":\"https:\/\/farmaon4.apptirana.al\/\",\"name\":\"Farmaon\",\"description\":\"Farmacia Juaj Online!\",\"publisher\":{\"@id\":\"https:\/\/farmaon4.apptirana.al\/#organization\"},\"potentialAction\":[{\"@type\":\"SearchAction\",\"target\":{\"@type\":\"EntryPoint\",\"urlTemplate\":\"https:\/\/farmaon4.apptirana.al\/?s={search_term_string}\"},\"query-input\":{\"@type\":\"PropertyValueSpecification\",\"valueRequired\":true,\"valueName\":\"search_term_string\"}}],\"inLanguage\":\"en-US\"},{\"@type\":\"Organization\",\"@id\":\"https:\/\/farmaon4.apptirana.al\/#organization\",\"name\":\"Farmaon\",\"url\":\"https:\/\/farmaon4.apptirana.al\/\",\"logo\":{\"@type\":\"ImageObject\",\"inLanguage\":\"en-US\",\"@id\":\"https:\/\/farmaon4.apptirana.al\/#\/schema\/logo\/image\/\",\"url\":\"https:\/\/farmaon4.apptirana.al\/wp-content\/uploads\/2024\/08\/7f987514-logo-farmaon.png\",\"contentUrl\":\"https:\/\/farmaon4.apptirana.al\/wp-content\/uploads\/2024\/08\/7f987514-logo-farmaon.png\",\"width\":219,\"height\":53,\"caption\":\"Farmaon\"},\"image\":{\"@id\":\"https:\/\/farmaon4.apptirana.al\/#\/schema\/logo\/image\/\"}}]}<\/script>\n<meta property=\"product:price:amount\" content=\"1140\" \/>\n<meta property=\"product:price:currency\" content=\"ALL\" \/>\n<meta property=\"og:availability\" content=\"instock\" \/>\n<meta property=\"product:availability\" content=\"instock\" \/>\n<meta property=\"product:retailer_item_id\" content=\"HO128\" \/>\n<meta property=\"product:condition\" content=\"new\" \/>\n<!-- \/ Yoast SEO Premium plugin. -->","yoast_head_json":{"title":"Holle Organic Milk porridge oat strawberry with apple - Farmaon","robots":{"index":"index","follow":"follow","max-snippet":"max-snippet:-1","max-image-preview":"max-image-preview:large","max-video-preview":"max-video-preview:-1"},"canonical":"https:\/\/farmaon4.apptirana.al\/en\/produkt\/holle-organic-milk-porridge-oat-strawberry-with-apple\/","og_locale":"en_US","og_type":"article","og_title":"Holle Organic Milk porridge oat strawberry with apple","og_description":"Pure me moll\u00eb, luleshtrydhe dhe t\u00ebrsh\u00ebr\u00eb\u00a0p\u00ebr foshnje mbi 6 muajshe 200 g","og_url":"https:\/\/farmaon4.apptirana.al\/en\/produkt\/holle-organic-milk-porridge-oat-strawberry-with-apple\/","og_site_name":"Farmaon","article_modified_time":"2026-05-06T19:51:55+00:00","twitter_card":"summary_large_image","twitter_misc":{"Price":"1140&nbsp;L","Availability":"In stock"},"schema":{"@context":"https:\/\/schema.org","@graph":[{"@type":"WebPage","@id":"https:\/\/farmaon4.apptirana.al\/en\/produkt\/holle-organic-milk-porridge-oat-strawberry-with-apple\/","url":"https:\/\/farmaon4.apptirana.al\/en\/produkt\/holle-organic-milk-porridge-oat-strawberry-with-apple\/","name":"Holle Organic Milk porridge oat strawberry with apple - Farmaon","isPartOf":{"@id":"https:\/\/farmaon4.apptirana.al\/#website"},"primaryImageOfPage":{"@id":"https:\/\/farmaon4.apptirana.al\/en\/produkt\/holle-organic-milk-porridge-oat-strawberry-with-apple\/#primaryimage"},"image":{"@id":"https:\/\/farmaon4.apptirana.al\/en\/produkt\/holle-organic-milk-porridge-oat-strawberry-with-apple\/#primaryimage"},"thumbnailUrl":"https:\/\/farmaon4.apptirana.al\/wp-content\/uploads\/2024\/09\/HO128.jpg","datePublished":"2024-09-21T07:29:45+00:00","dateModified":"2026-05-06T19:51:55+00:00","breadcrumb":{"@id":"https:\/\/farmaon4.apptirana.al\/en\/produkt\/holle-organic-milk-porridge-oat-strawberry-with-apple\/#breadcrumb"},"inLanguage":"en-US","potentialAction":[{"@type":"ReadAction","target":["https:\/\/farmaon4.apptirana.al\/en\/produkt\/holle-organic-milk-porridge-oat-strawberry-with-apple\/"]}]},{"@type":"ImageObject","inLanguage":"en-US","@id":"https:\/\/farmaon4.apptirana.al\/en\/produkt\/holle-organic-milk-porridge-oat-strawberry-with-apple\/#primaryimage","url":"https:\/\/farmaon4.apptirana.al\/wp-content\/uploads\/2024\/09\/HO128.jpg","contentUrl":"https:\/\/farmaon4.apptirana.al\/wp-content\/uploads\/2024\/09\/HO128.jpg","width":1080,"height":1080},{"@type":"BreadcrumbList","@id":"https:\/\/farmaon4.apptirana.al\/en\/produkt\/holle-organic-milk-porridge-oat-strawberry-with-apple\/#breadcrumb","itemListElement":[{"@type":"ListItem","position":1,"name":"Home","item":"https:\/\/farmaon4.apptirana.al\/en\/"},{"@type":"ListItem","position":2,"name":"Shop","item":"https:\/\/farmaon4.apptirana.al\/en\/shop-3\/"},{"@type":"ListItem","position":3,"name":"Holle Organic Milk porridge oat strawberry with apple"}]},{"@type":"WebSite","@id":"https:\/\/farmaon4.apptirana.al\/#website","url":"https:\/\/farmaon4.apptirana.al\/","name":"Farmaon","description":"Farmacia Juaj Online!","publisher":{"@id":"https:\/\/farmaon4.apptirana.al\/#organization"},"potentialAction":[{"@type":"SearchAction","target":{"@type":"EntryPoint","urlTemplate":"https:\/\/farmaon4.apptirana.al\/?s={search_term_string}"},"query-input":{"@type":"PropertyValueSpecification","valueRequired":true,"valueName":"search_term_string"}}],"inLanguage":"en-US"},{"@type":"Organization","@id":"https:\/\/farmaon4.apptirana.al\/#organization","name":"Farmaon","url":"https:\/\/farmaon4.apptirana.al\/","logo":{"@type":"ImageObject","inLanguage":"en-US","@id":"https:\/\/farmaon4.apptirana.al\/#\/schema\/logo\/image\/","url":"https:\/\/farmaon4.apptirana.al\/wp-content\/uploads\/2024\/08\/7f987514-logo-farmaon.png","contentUrl":"https:\/\/farmaon4.apptirana.al\/wp-content\/uploads\/2024\/08\/7f987514-logo-farmaon.png","width":219,"height":53,"caption":"Farmaon"},"image":{"@id":"https:\/\/farmaon4.apptirana.al\/#\/schema\/logo\/image\/"}}]},"product_price_amount":"1140","product_price_currency":"ALL","og_availability":"instock","product_availability":"instock","product_retailer_item_id":"HO128","product_condition":"new"},"_links":{"self":[{"href":"https:\/\/farmaon4.apptirana.al\/en\/wp-json\/wp\/v2\/product\/496154","targetHints":{"allow":["GET"]}}],"collection":[{"href":"https:\/\/farmaon4.apptirana.al\/en\/wp-json\/wp\/v2\/product"}],"about":[{"href":"https:\/\/farmaon4.apptirana.al\/en\/wp-json\/wp\/v2\/types\/product"}],"version-history":[{"count":0,"href":"https:\/\/farmaon4.apptirana.al\/en\/wp-json\/wp\/v2\/product\/496154\/revisions"}],"wp:featuredmedia":[{"embeddable":true,"href":"https:\/\/farmaon4.apptirana.al\/en\/wp-json\/wp\/v2\/media\/474555"}],"wp:attachment":[{"href":"https:\/\/farmaon4.apptirana.al\/en\/wp-json\/wp\/v2\/media?parent=496154"}],"wp:term":[{"taxonomy":"product_brand","embeddable":true,"href":"https:\/\/farmaon4.apptirana.al\/en\/wp-json\/wp\/v2\/product_brand?post=496154"},{"taxonomy":"product_cat","embeddable":true,"href":"https:\/\/farmaon4.apptirana.al\/en\/wp-json\/wp\/v2\/product_cat?post=496154"},{"taxonomy":"product_tag","embeddable":true,"href":"https:\/\/farmaon4.apptirana.al\/en\/wp-json\/wp\/v2\/product_tag?post=496154"},{"taxonomy":"giftcard-category","embeddable":true,"href":"https:\/\/farmaon4.apptirana.al\/en\/wp-json\/wp\/v2\/giftcard-category?post=496154"}],"curies":[{"name":"wp","href":"https:\/\/api.w.org\/{rel}","templated":true}]}}