{"id":496212,"date":"2024-09-21T00:16:07","date_gmt":"2024-09-21T00:16:07","guid":{"rendered":"https:\/\/farmaon4.apptirana.al\/produkt\/cerave-creme-hydratante-visage-spf50-2\/"},"modified":"2026-04-30T06:11:58","modified_gmt":"2026-04-30T05:11:58","slug":"cerave-creme-hydratante-visage-spf50","status":"publish","type":"product","link":"https:\/\/farmaon4.apptirana.al\/en\/produkt\/cerave-creme-hydratante-visage-spf50\/","title":{"rendered":"CeraVe Creme Hydratante Visage SPF50+"},"content":{"rendered":"<p>CeraVe SPF 5 hidraton, qet\u00ebson dhe mbron l\u00ebkur\u00ebn tuaj \u00e7do dit\u00eb.<\/p>\n<p>I pasur me 3 ceramide thelb\u00ebsore t\u00eb pranishme n\u00eb m\u00ebnyr\u00eb natyrale n\u00eb l\u00ebkur\u00eb dhe acid hialuronik, rikthen barrier\u00ebn e l\u00ebkur\u00ebs.<\/p>\n<p>P\u00ebrmban niacinamide, nj\u00eb p\u00ebrb\u00ebr\u00ebs aktiv anti-inflamator q\u00eb qet\u00ebson l\u00ebkur\u00ebn.<\/p>\n<p>Mbron l\u00ebkur\u00ebn tuaj nga rrezet UVA dhe UVB.<\/p>\n<p>Teknologjia MVE\u00ae, nj\u00eb arritje e v\u00ebrtet\u00eb teknike dhe shkencore, kapsulon p\u00ebrb\u00ebr\u00ebsit aktiv\u00eb dhe i shp\u00ebrndan ato n\u00eb l\u00ebkur\u00eb p\u00ebr hidratim t\u00eb zgjatur gjat\u00eb gjith\u00eb dit\u00ebs.<\/p>\n<p>Formula ideale p\u00ebr l\u00ebkur\u00ebn normale n\u00eb t\u00eb that\u00eb.<\/p>\n<p>Pa arom\u00eb.<\/p>\n<p>Hipoalergjik.<\/p>\n<p>Jo komedogjenik.<\/p>\n","protected":false},"excerpt":{"rendered":"<p>Krem mbrojt\u00ebs dhe hidratues p\u00ebr l\u00ebkur\u00eb normale n\u00eb t\u00eb that\u00eb<\/p>\n<p>52 ml<\/p>\n","protected":false},"featured_media":474127,"template":"","meta":{"_acf_changed":false},"product_brand":[],"product_cat":[50044,55668,50089,50099,50173],"product_tag":[50465,55395,50656,50466,50464,57873,46209],"giftcard-category":[],"class_list":{"0":"post-496212","1":"product","2":"type-product","3":"status-publish","4":"has-post-thumbnail","6":"product_cat-dermokozmetike-english","7":"product_cat-face-dermokozmetike-english","8":"product_cat-face-lips","9":"product_cat-hidratimi-dhe-ushqimi-english","10":"product_cat-mbrojtje-nga-dielli-english","11":"product_tag-lekure-e-thate-en","12":"product_tag-hydrating-en","13":"product_tag-lekure-normale-en","14":"product_tag-mbrojtes-en","15":"product_tag-i-thjeshte-en","16":"product_tag-spf-50-en","17":"product_tag-spf-50","19":"first","20":"instock","21":"sale","22":"taxable","23":"shipping-taxable","24":"purchasable","25":"product-type-simple"},"bundled_by":[],"bundle_stock_status":"instock","bundle_stock_quantity":12,"bundle_virtual":false,"bundle_layout":"","bundle_add_to_cart_form_location":"","bundle_editable_in_cart":false,"bundle_sold_individually_context":"","bundle_item_grouping":"","bundle_min_size":"","bundle_max_size":"","bundle_price":[],"bundled_items":[],"bundle_sell_ids":[],"acf":[],"yoast_head":"<!-- This site is optimized with the Yoast SEO Premium plugin v23.0 (Yoast SEO v26.0) - https:\/\/yoast.com\/wordpress\/plugins\/seo\/ -->\n<title>CeraVe Creme Hydratante Visage SPF50+ - Farmaon<\/title>\n<meta name=\"robots\" content=\"index, follow, max-snippet:-1, max-image-preview:large, max-video-preview:-1\" \/>\n<link rel=\"canonical\" href=\"https:\/\/farmaon4.apptirana.al\/en\/produkt\/cerave-creme-hydratante-visage-spf50\/\" \/>\n<meta property=\"og:locale\" content=\"en_US\" \/>\n<meta property=\"og:type\" content=\"article\" \/>\n<meta property=\"og:title\" content=\"CeraVe Creme Hydratante Visage SPF50+\" \/>\n<meta property=\"og:description\" content=\"Krem mbrojt\u00ebs dhe hidratues p\u00ebr l\u00ebkur\u00eb normale n\u00eb t\u00eb that\u00eb 52 ml\" \/>\n<meta property=\"og:url\" content=\"https:\/\/farmaon4.apptirana.al\/en\/produkt\/cerave-creme-hydratante-visage-spf50\/\" \/>\n<meta property=\"og:site_name\" content=\"Farmaon\" \/>\n<meta property=\"article:modified_time\" content=\"2026-04-30T05:11:58+00:00\" \/>\n<meta name=\"twitter:card\" content=\"summary_large_image\" \/>\n<meta name=\"twitter:label1\" content=\"Price\" \/>\n\t<meta name=\"twitter:data1\" content=\"2040&nbsp;L\" \/>\n\t<meta name=\"twitter:label2\" content=\"Availability\" \/>\n\t<meta name=\"twitter:data2\" content=\"In stock\" \/>\n<script type=\"application\/ld+json\" class=\"yoast-schema-graph\">{\"@context\":\"https:\/\/schema.org\",\"@graph\":[{\"@type\":\"WebPage\",\"@id\":\"https:\/\/farmaon4.apptirana.al\/en\/produkt\/cerave-creme-hydratante-visage-spf50\/\",\"url\":\"https:\/\/farmaon4.apptirana.al\/en\/produkt\/cerave-creme-hydratante-visage-spf50\/\",\"name\":\"CeraVe Creme Hydratante Visage SPF50+ - Farmaon\",\"isPartOf\":{\"@id\":\"https:\/\/farmaon4.apptirana.al\/#website\"},\"primaryImageOfPage\":{\"@id\":\"https:\/\/farmaon4.apptirana.al\/en\/produkt\/cerave-creme-hydratante-visage-spf50\/#primaryimage\"},\"image\":{\"@id\":\"https:\/\/farmaon4.apptirana.al\/en\/produkt\/cerave-creme-hydratante-visage-spf50\/#primaryimage\"},\"thumbnailUrl\":\"https:\/\/farmaon4.apptirana.al\/wp-content\/uploads\/2024\/09\/CER040.jpg\",\"datePublished\":\"2024-09-21T00:16:07+00:00\",\"dateModified\":\"2026-04-30T05:11:58+00:00\",\"breadcrumb\":{\"@id\":\"https:\/\/farmaon4.apptirana.al\/en\/produkt\/cerave-creme-hydratante-visage-spf50\/#breadcrumb\"},\"inLanguage\":\"en-US\",\"potentialAction\":[{\"@type\":\"ReadAction\",\"target\":[\"https:\/\/farmaon4.apptirana.al\/en\/produkt\/cerave-creme-hydratante-visage-spf50\/\"]}]},{\"@type\":\"ImageObject\",\"inLanguage\":\"en-US\",\"@id\":\"https:\/\/farmaon4.apptirana.al\/en\/produkt\/cerave-creme-hydratante-visage-spf50\/#primaryimage\",\"url\":\"https:\/\/farmaon4.apptirana.al\/wp-content\/uploads\/2024\/09\/CER040.jpg\",\"contentUrl\":\"https:\/\/farmaon4.apptirana.al\/wp-content\/uploads\/2024\/09\/CER040.jpg\",\"width\":1080,\"height\":1080},{\"@type\":\"BreadcrumbList\",\"@id\":\"https:\/\/farmaon4.apptirana.al\/en\/produkt\/cerave-creme-hydratante-visage-spf50\/#breadcrumb\",\"itemListElement\":[{\"@type\":\"ListItem\",\"position\":1,\"name\":\"Home\",\"item\":\"https:\/\/farmaon4.apptirana.al\/en\/\"},{\"@type\":\"ListItem\",\"position\":2,\"name\":\"Shop\",\"item\":\"https:\/\/farmaon4.apptirana.al\/en\/shop-3\/\"},{\"@type\":\"ListItem\",\"position\":3,\"name\":\"CeraVe Creme Hydratante Visage SPF50+\"}]},{\"@type\":\"WebSite\",\"@id\":\"https:\/\/farmaon4.apptirana.al\/#website\",\"url\":\"https:\/\/farmaon4.apptirana.al\/\",\"name\":\"Farmaon\",\"description\":\"Farmacia Juaj Online!\",\"publisher\":{\"@id\":\"https:\/\/farmaon4.apptirana.al\/#organization\"},\"potentialAction\":[{\"@type\":\"SearchAction\",\"target\":{\"@type\":\"EntryPoint\",\"urlTemplate\":\"https:\/\/farmaon4.apptirana.al\/?s={search_term_string}\"},\"query-input\":{\"@type\":\"PropertyValueSpecification\",\"valueRequired\":true,\"valueName\":\"search_term_string\"}}],\"inLanguage\":\"en-US\"},{\"@type\":\"Organization\",\"@id\":\"https:\/\/farmaon4.apptirana.al\/#organization\",\"name\":\"Farmaon\",\"url\":\"https:\/\/farmaon4.apptirana.al\/\",\"logo\":{\"@type\":\"ImageObject\",\"inLanguage\":\"en-US\",\"@id\":\"https:\/\/farmaon4.apptirana.al\/#\/schema\/logo\/image\/\",\"url\":\"https:\/\/farmaon4.apptirana.al\/wp-content\/uploads\/2024\/08\/7f987514-logo-farmaon.png\",\"contentUrl\":\"https:\/\/farmaon4.apptirana.al\/wp-content\/uploads\/2024\/08\/7f987514-logo-farmaon.png\",\"width\":219,\"height\":53,\"caption\":\"Farmaon\"},\"image\":{\"@id\":\"https:\/\/farmaon4.apptirana.al\/#\/schema\/logo\/image\/\"}}]}<\/script>\n<meta property=\"product:price:amount\" content=\"2040\" \/>\n<meta property=\"product:price:currency\" content=\"ALL\" \/>\n<meta property=\"og:availability\" content=\"instock\" \/>\n<meta property=\"product:availability\" content=\"instock\" \/>\n<meta property=\"product:retailer_item_id\" content=\"CER040\" \/>\n<meta property=\"product:condition\" content=\"new\" \/>\n<!-- \/ Yoast SEO Premium plugin. -->","yoast_head_json":{"title":"CeraVe Creme Hydratante Visage SPF50+ - Farmaon","robots":{"index":"index","follow":"follow","max-snippet":"max-snippet:-1","max-image-preview":"max-image-preview:large","max-video-preview":"max-video-preview:-1"},"canonical":"https:\/\/farmaon4.apptirana.al\/en\/produkt\/cerave-creme-hydratante-visage-spf50\/","og_locale":"en_US","og_type":"article","og_title":"CeraVe Creme Hydratante Visage SPF50+","og_description":"Krem mbrojt\u00ebs dhe hidratues p\u00ebr l\u00ebkur\u00eb normale n\u00eb t\u00eb that\u00eb 52 ml","og_url":"https:\/\/farmaon4.apptirana.al\/en\/produkt\/cerave-creme-hydratante-visage-spf50\/","og_site_name":"Farmaon","article_modified_time":"2026-04-30T05:11:58+00:00","twitter_card":"summary_large_image","twitter_misc":{"Price":"2040&nbsp;L","Availability":"In stock"},"schema":{"@context":"https:\/\/schema.org","@graph":[{"@type":"WebPage","@id":"https:\/\/farmaon4.apptirana.al\/en\/produkt\/cerave-creme-hydratante-visage-spf50\/","url":"https:\/\/farmaon4.apptirana.al\/en\/produkt\/cerave-creme-hydratante-visage-spf50\/","name":"CeraVe Creme Hydratante Visage SPF50+ - Farmaon","isPartOf":{"@id":"https:\/\/farmaon4.apptirana.al\/#website"},"primaryImageOfPage":{"@id":"https:\/\/farmaon4.apptirana.al\/en\/produkt\/cerave-creme-hydratante-visage-spf50\/#primaryimage"},"image":{"@id":"https:\/\/farmaon4.apptirana.al\/en\/produkt\/cerave-creme-hydratante-visage-spf50\/#primaryimage"},"thumbnailUrl":"https:\/\/farmaon4.apptirana.al\/wp-content\/uploads\/2024\/09\/CER040.jpg","datePublished":"2024-09-21T00:16:07+00:00","dateModified":"2026-04-30T05:11:58+00:00","breadcrumb":{"@id":"https:\/\/farmaon4.apptirana.al\/en\/produkt\/cerave-creme-hydratante-visage-spf50\/#breadcrumb"},"inLanguage":"en-US","potentialAction":[{"@type":"ReadAction","target":["https:\/\/farmaon4.apptirana.al\/en\/produkt\/cerave-creme-hydratante-visage-spf50\/"]}]},{"@type":"ImageObject","inLanguage":"en-US","@id":"https:\/\/farmaon4.apptirana.al\/en\/produkt\/cerave-creme-hydratante-visage-spf50\/#primaryimage","url":"https:\/\/farmaon4.apptirana.al\/wp-content\/uploads\/2024\/09\/CER040.jpg","contentUrl":"https:\/\/farmaon4.apptirana.al\/wp-content\/uploads\/2024\/09\/CER040.jpg","width":1080,"height":1080},{"@type":"BreadcrumbList","@id":"https:\/\/farmaon4.apptirana.al\/en\/produkt\/cerave-creme-hydratante-visage-spf50\/#breadcrumb","itemListElement":[{"@type":"ListItem","position":1,"name":"Home","item":"https:\/\/farmaon4.apptirana.al\/en\/"},{"@type":"ListItem","position":2,"name":"Shop","item":"https:\/\/farmaon4.apptirana.al\/en\/shop-3\/"},{"@type":"ListItem","position":3,"name":"CeraVe Creme Hydratante Visage SPF50+"}]},{"@type":"WebSite","@id":"https:\/\/farmaon4.apptirana.al\/#website","url":"https:\/\/farmaon4.apptirana.al\/","name":"Farmaon","description":"Farmacia Juaj Online!","publisher":{"@id":"https:\/\/farmaon4.apptirana.al\/#organization"},"potentialAction":[{"@type":"SearchAction","target":{"@type":"EntryPoint","urlTemplate":"https:\/\/farmaon4.apptirana.al\/?s={search_term_string}"},"query-input":{"@type":"PropertyValueSpecification","valueRequired":true,"valueName":"search_term_string"}}],"inLanguage":"en-US"},{"@type":"Organization","@id":"https:\/\/farmaon4.apptirana.al\/#organization","name":"Farmaon","url":"https:\/\/farmaon4.apptirana.al\/","logo":{"@type":"ImageObject","inLanguage":"en-US","@id":"https:\/\/farmaon4.apptirana.al\/#\/schema\/logo\/image\/","url":"https:\/\/farmaon4.apptirana.al\/wp-content\/uploads\/2024\/08\/7f987514-logo-farmaon.png","contentUrl":"https:\/\/farmaon4.apptirana.al\/wp-content\/uploads\/2024\/08\/7f987514-logo-farmaon.png","width":219,"height":53,"caption":"Farmaon"},"image":{"@id":"https:\/\/farmaon4.apptirana.al\/#\/schema\/logo\/image\/"}}]},"product_price_amount":"2040","product_price_currency":"ALL","og_availability":"instock","product_availability":"instock","product_retailer_item_id":"CER040","product_condition":"new"},"_links":{"self":[{"href":"https:\/\/farmaon4.apptirana.al\/en\/wp-json\/wp\/v2\/product\/496212","targetHints":{"allow":["GET"]}}],"collection":[{"href":"https:\/\/farmaon4.apptirana.al\/en\/wp-json\/wp\/v2\/product"}],"about":[{"href":"https:\/\/farmaon4.apptirana.al\/en\/wp-json\/wp\/v2\/types\/product"}],"version-history":[{"count":0,"href":"https:\/\/farmaon4.apptirana.al\/en\/wp-json\/wp\/v2\/product\/496212\/revisions"}],"wp:featuredmedia":[{"embeddable":true,"href":"https:\/\/farmaon4.apptirana.al\/en\/wp-json\/wp\/v2\/media\/474127"}],"wp:attachment":[{"href":"https:\/\/farmaon4.apptirana.al\/en\/wp-json\/wp\/v2\/media?parent=496212"}],"wp:term":[{"taxonomy":"product_brand","embeddable":true,"href":"https:\/\/farmaon4.apptirana.al\/en\/wp-json\/wp\/v2\/product_brand?post=496212"},{"taxonomy":"product_cat","embeddable":true,"href":"https:\/\/farmaon4.apptirana.al\/en\/wp-json\/wp\/v2\/product_cat?post=496212"},{"taxonomy":"product_tag","embeddable":true,"href":"https:\/\/farmaon4.apptirana.al\/en\/wp-json\/wp\/v2\/product_tag?post=496212"},{"taxonomy":"giftcard-category","embeddable":true,"href":"https:\/\/farmaon4.apptirana.al\/en\/wp-json\/wp\/v2\/giftcard-category?post=496212"}],"curies":[{"name":"wp","href":"https:\/\/api.w.org\/{rel}","templated":true}]}}