{"id":496220,"date":"2024-09-21T07:24:55","date_gmt":"2024-09-21T07:24:55","guid":{"rendered":"https:\/\/farmaon4.apptirana.al\/produkt\/pharmasept-mamas-gentle-shower-gel-2\/"},"modified":"2026-04-27T17:06:54","modified_gmt":"2026-04-27T16:06:54","slug":"pharmasept-mamas-gentle-shower-gel","status":"publish","type":"product","link":"https:\/\/farmaon4.apptirana.al\/en\/produkt\/pharmasept-mamas-gentle-shower-gel\/","title":{"rendered":"Pharmasept Mama\u2019s Gentle Shower Gel"},"content":{"rendered":"<p>Xhel dushi delikat me l\u00ebkur\u00ebn, formuluar specifikisht p\u00ebr femrat gjat\u00eb dhe pas shtatz\u00ebnis\u00eb.<\/p>\n<p>I p\u00ebrshtatsh\u00ebm p\u00ebr trupin dhe zon\u00ebn intime.<\/p>\n<p>Balancon mikrobiom\u00ebn e l\u00ebkur\u00ebs dhe forcon barrier\u00ebn e saj.<\/p>\n<p>Ofron but\u00ebsi dhe hidratim intensiv.<\/p>\n<p>Nuk p\u00ebrmban sulfate, silikone dhe izotiazolinone.<\/p>\n<p>I testuar dermatologjikisht n\u00eb l\u00ebkur\u00eb t\u00eb ndjeshme.<\/p>\n","protected":false},"excerpt":{"rendered":"<p>Xhel lar\u00ebs p\u00ebr trupin dhe zon\u00ebn intime, gjat\u00eb dhe pas shtatz\u00ebnis\u00eb<\/p>\n<p>500 ml<\/p>\n<p>&nbsp;<\/p>\n","protected":false},"featured_media":474360,"template":"","meta":{"_acf_changed":false},"product_brand":[],"product_cat":[50335,50044,50105,50047,50275],"product_tag":[54923,53620,50559,51030],"giftcard-category":[],"class_list":{"0":"post-496220","1":"product","2":"type-product","3":"status-publish","4":"has-post-thumbnail","6":"product_cat-body-mbrojtje-nga-dielli-english","7":"product_cat-dermokozmetike-english","8":"product_cat-higjiene-english","9":"product_cat-detergjente-intime-english","10":"product_cat-shampo-dhe-eksfoljues-english","11":"product_tag-body-en","12":"product_tag-zone-intime-en","13":"product_tag-shtatzeni-en","14":"product_tag-xhel-dushi-en","16":"first","17":"instock","18":"sale","19":"taxable","20":"shipping-taxable","21":"purchasable","22":"product-type-simple"},"bundled_by":[],"bundle_stock_status":"instock","bundle_stock_quantity":7,"bundle_virtual":false,"bundle_layout":"","bundle_add_to_cart_form_location":"","bundle_editable_in_cart":false,"bundle_sold_individually_context":"","bundle_item_grouping":"","bundle_min_size":"","bundle_max_size":"","bundle_price":[],"bundled_items":[],"bundle_sell_ids":[],"acf":[],"yoast_head":"<!-- This site is optimized with the Yoast SEO Premium plugin v23.0 (Yoast SEO v26.0) - https:\/\/yoast.com\/wordpress\/plugins\/seo\/ -->\n<title>Pharmasept Mama\u2019s Gentle Shower Gel - Farmaon<\/title>\n<meta name=\"robots\" content=\"index, follow, max-snippet:-1, max-image-preview:large, max-video-preview:-1\" \/>\n<link rel=\"canonical\" href=\"https:\/\/farmaon4.apptirana.al\/en\/produkt\/pharmasept-mamas-gentle-shower-gel\/\" \/>\n<meta property=\"og:locale\" content=\"en_US\" \/>\n<meta property=\"og:type\" content=\"article\" \/>\n<meta property=\"og:title\" content=\"Pharmasept Mama\u2019s Gentle Shower Gel\" \/>\n<meta property=\"og:description\" content=\"Xhel lar\u00ebs p\u00ebr trupin dhe zon\u00ebn intime, gjat\u00eb dhe pas shtatz\u00ebnis\u00eb 500 ml &nbsp;\" \/>\n<meta property=\"og:url\" content=\"https:\/\/farmaon4.apptirana.al\/en\/produkt\/pharmasept-mamas-gentle-shower-gel\/\" \/>\n<meta property=\"og:site_name\" content=\"Farmaon\" \/>\n<meta property=\"article:modified_time\" content=\"2026-04-27T16:06:54+00:00\" \/>\n<meta name=\"twitter:card\" content=\"summary_large_image\" \/>\n<meta name=\"twitter:label1\" content=\"Price\" \/>\n\t<meta name=\"twitter:data1\" content=\"1424&nbsp;L\" \/>\n\t<meta name=\"twitter:label2\" content=\"Availability\" \/>\n\t<meta name=\"twitter:data2\" content=\"In stock\" \/>\n<script type=\"application\/ld+json\" class=\"yoast-schema-graph\">{\"@context\":\"https:\/\/schema.org\",\"@graph\":[{\"@type\":\"WebPage\",\"@id\":\"https:\/\/farmaon4.apptirana.al\/en\/produkt\/pharmasept-mamas-gentle-shower-gel\/\",\"url\":\"https:\/\/farmaon4.apptirana.al\/en\/produkt\/pharmasept-mamas-gentle-shower-gel\/\",\"name\":\"Pharmasept Mama\u2019s Gentle Shower Gel - Farmaon\",\"isPartOf\":{\"@id\":\"https:\/\/farmaon4.apptirana.al\/#website\"},\"primaryImageOfPage\":{\"@id\":\"https:\/\/farmaon4.apptirana.al\/en\/produkt\/pharmasept-mamas-gentle-shower-gel\/#primaryimage\"},\"image\":{\"@id\":\"https:\/\/farmaon4.apptirana.al\/en\/produkt\/pharmasept-mamas-gentle-shower-gel\/#primaryimage\"},\"thumbnailUrl\":\"https:\/\/farmaon4.apptirana.al\/wp-content\/uploads\/2024\/09\/Untitled-design581.jpg\",\"datePublished\":\"2024-09-21T07:24:55+00:00\",\"dateModified\":\"2026-04-27T16:06:54+00:00\",\"breadcrumb\":{\"@id\":\"https:\/\/farmaon4.apptirana.al\/en\/produkt\/pharmasept-mamas-gentle-shower-gel\/#breadcrumb\"},\"inLanguage\":\"en-US\",\"potentialAction\":[{\"@type\":\"ReadAction\",\"target\":[\"https:\/\/farmaon4.apptirana.al\/en\/produkt\/pharmasept-mamas-gentle-shower-gel\/\"]}]},{\"@type\":\"ImageObject\",\"inLanguage\":\"en-US\",\"@id\":\"https:\/\/farmaon4.apptirana.al\/en\/produkt\/pharmasept-mamas-gentle-shower-gel\/#primaryimage\",\"url\":\"https:\/\/farmaon4.apptirana.al\/wp-content\/uploads\/2024\/09\/Untitled-design581.jpg\",\"contentUrl\":\"https:\/\/farmaon4.apptirana.al\/wp-content\/uploads\/2024\/09\/Untitled-design581.jpg\",\"width\":1080,\"height\":1080},{\"@type\":\"BreadcrumbList\",\"@id\":\"https:\/\/farmaon4.apptirana.al\/en\/produkt\/pharmasept-mamas-gentle-shower-gel\/#breadcrumb\",\"itemListElement\":[{\"@type\":\"ListItem\",\"position\":1,\"name\":\"Home\",\"item\":\"https:\/\/farmaon4.apptirana.al\/en\/\"},{\"@type\":\"ListItem\",\"position\":2,\"name\":\"Shop\",\"item\":\"https:\/\/farmaon4.apptirana.al\/en\/shop-3\/\"},{\"@type\":\"ListItem\",\"position\":3,\"name\":\"Pharmasept Mama\u2019s Gentle Shower Gel\"}]},{\"@type\":\"WebSite\",\"@id\":\"https:\/\/farmaon4.apptirana.al\/#website\",\"url\":\"https:\/\/farmaon4.apptirana.al\/\",\"name\":\"Farmaon\",\"description\":\"Farmacia Juaj Online!\",\"publisher\":{\"@id\":\"https:\/\/farmaon4.apptirana.al\/#organization\"},\"potentialAction\":[{\"@type\":\"SearchAction\",\"target\":{\"@type\":\"EntryPoint\",\"urlTemplate\":\"https:\/\/farmaon4.apptirana.al\/?s={search_term_string}\"},\"query-input\":{\"@type\":\"PropertyValueSpecification\",\"valueRequired\":true,\"valueName\":\"search_term_string\"}}],\"inLanguage\":\"en-US\"},{\"@type\":\"Organization\",\"@id\":\"https:\/\/farmaon4.apptirana.al\/#organization\",\"name\":\"Farmaon\",\"url\":\"https:\/\/farmaon4.apptirana.al\/\",\"logo\":{\"@type\":\"ImageObject\",\"inLanguage\":\"en-US\",\"@id\":\"https:\/\/farmaon4.apptirana.al\/#\/schema\/logo\/image\/\",\"url\":\"https:\/\/farmaon4.apptirana.al\/wp-content\/uploads\/2024\/08\/7f987514-logo-farmaon.png\",\"contentUrl\":\"https:\/\/farmaon4.apptirana.al\/wp-content\/uploads\/2024\/08\/7f987514-logo-farmaon.png\",\"width\":219,\"height\":53,\"caption\":\"Farmaon\"},\"image\":{\"@id\":\"https:\/\/farmaon4.apptirana.al\/#\/schema\/logo\/image\/\"}}]}<\/script>\n<meta property=\"product:price:amount\" content=\"1424\" \/>\n<meta property=\"product:price:currency\" content=\"ALL\" \/>\n<meta property=\"og:availability\" content=\"instock\" \/>\n<meta property=\"product:availability\" content=\"instock\" \/>\n<meta property=\"product:retailer_item_id\" content=\"PHAR075\" \/>\n<meta property=\"product:condition\" content=\"new\" \/>\n<!-- \/ Yoast SEO Premium plugin. -->","yoast_head_json":{"title":"Pharmasept Mama\u2019s Gentle Shower Gel - Farmaon","robots":{"index":"index","follow":"follow","max-snippet":"max-snippet:-1","max-image-preview":"max-image-preview:large","max-video-preview":"max-video-preview:-1"},"canonical":"https:\/\/farmaon4.apptirana.al\/en\/produkt\/pharmasept-mamas-gentle-shower-gel\/","og_locale":"en_US","og_type":"article","og_title":"Pharmasept Mama\u2019s Gentle Shower Gel","og_description":"Xhel lar\u00ebs p\u00ebr trupin dhe zon\u00ebn intime, gjat\u00eb dhe pas shtatz\u00ebnis\u00eb 500 ml &nbsp;","og_url":"https:\/\/farmaon4.apptirana.al\/en\/produkt\/pharmasept-mamas-gentle-shower-gel\/","og_site_name":"Farmaon","article_modified_time":"2026-04-27T16:06:54+00:00","twitter_card":"summary_large_image","twitter_misc":{"Price":"1424&nbsp;L","Availability":"In stock"},"schema":{"@context":"https:\/\/schema.org","@graph":[{"@type":"WebPage","@id":"https:\/\/farmaon4.apptirana.al\/en\/produkt\/pharmasept-mamas-gentle-shower-gel\/","url":"https:\/\/farmaon4.apptirana.al\/en\/produkt\/pharmasept-mamas-gentle-shower-gel\/","name":"Pharmasept Mama\u2019s Gentle Shower Gel - Farmaon","isPartOf":{"@id":"https:\/\/farmaon4.apptirana.al\/#website"},"primaryImageOfPage":{"@id":"https:\/\/farmaon4.apptirana.al\/en\/produkt\/pharmasept-mamas-gentle-shower-gel\/#primaryimage"},"image":{"@id":"https:\/\/farmaon4.apptirana.al\/en\/produkt\/pharmasept-mamas-gentle-shower-gel\/#primaryimage"},"thumbnailUrl":"https:\/\/farmaon4.apptirana.al\/wp-content\/uploads\/2024\/09\/Untitled-design581.jpg","datePublished":"2024-09-21T07:24:55+00:00","dateModified":"2026-04-27T16:06:54+00:00","breadcrumb":{"@id":"https:\/\/farmaon4.apptirana.al\/en\/produkt\/pharmasept-mamas-gentle-shower-gel\/#breadcrumb"},"inLanguage":"en-US","potentialAction":[{"@type":"ReadAction","target":["https:\/\/farmaon4.apptirana.al\/en\/produkt\/pharmasept-mamas-gentle-shower-gel\/"]}]},{"@type":"ImageObject","inLanguage":"en-US","@id":"https:\/\/farmaon4.apptirana.al\/en\/produkt\/pharmasept-mamas-gentle-shower-gel\/#primaryimage","url":"https:\/\/farmaon4.apptirana.al\/wp-content\/uploads\/2024\/09\/Untitled-design581.jpg","contentUrl":"https:\/\/farmaon4.apptirana.al\/wp-content\/uploads\/2024\/09\/Untitled-design581.jpg","width":1080,"height":1080},{"@type":"BreadcrumbList","@id":"https:\/\/farmaon4.apptirana.al\/en\/produkt\/pharmasept-mamas-gentle-shower-gel\/#breadcrumb","itemListElement":[{"@type":"ListItem","position":1,"name":"Home","item":"https:\/\/farmaon4.apptirana.al\/en\/"},{"@type":"ListItem","position":2,"name":"Shop","item":"https:\/\/farmaon4.apptirana.al\/en\/shop-3\/"},{"@type":"ListItem","position":3,"name":"Pharmasept Mama\u2019s Gentle Shower Gel"}]},{"@type":"WebSite","@id":"https:\/\/farmaon4.apptirana.al\/#website","url":"https:\/\/farmaon4.apptirana.al\/","name":"Farmaon","description":"Farmacia Juaj Online!","publisher":{"@id":"https:\/\/farmaon4.apptirana.al\/#organization"},"potentialAction":[{"@type":"SearchAction","target":{"@type":"EntryPoint","urlTemplate":"https:\/\/farmaon4.apptirana.al\/?s={search_term_string}"},"query-input":{"@type":"PropertyValueSpecification","valueRequired":true,"valueName":"search_term_string"}}],"inLanguage":"en-US"},{"@type":"Organization","@id":"https:\/\/farmaon4.apptirana.al\/#organization","name":"Farmaon","url":"https:\/\/farmaon4.apptirana.al\/","logo":{"@type":"ImageObject","inLanguage":"en-US","@id":"https:\/\/farmaon4.apptirana.al\/#\/schema\/logo\/image\/","url":"https:\/\/farmaon4.apptirana.al\/wp-content\/uploads\/2024\/08\/7f987514-logo-farmaon.png","contentUrl":"https:\/\/farmaon4.apptirana.al\/wp-content\/uploads\/2024\/08\/7f987514-logo-farmaon.png","width":219,"height":53,"caption":"Farmaon"},"image":{"@id":"https:\/\/farmaon4.apptirana.al\/#\/schema\/logo\/image\/"}}]},"product_price_amount":"1424","product_price_currency":"ALL","og_availability":"instock","product_availability":"instock","product_retailer_item_id":"PHAR075","product_condition":"new"},"_links":{"self":[{"href":"https:\/\/farmaon4.apptirana.al\/en\/wp-json\/wp\/v2\/product\/496220","targetHints":{"allow":["GET"]}}],"collection":[{"href":"https:\/\/farmaon4.apptirana.al\/en\/wp-json\/wp\/v2\/product"}],"about":[{"href":"https:\/\/farmaon4.apptirana.al\/en\/wp-json\/wp\/v2\/types\/product"}],"version-history":[{"count":0,"href":"https:\/\/farmaon4.apptirana.al\/en\/wp-json\/wp\/v2\/product\/496220\/revisions"}],"wp:featuredmedia":[{"embeddable":true,"href":"https:\/\/farmaon4.apptirana.al\/en\/wp-json\/wp\/v2\/media\/474360"}],"wp:attachment":[{"href":"https:\/\/farmaon4.apptirana.al\/en\/wp-json\/wp\/v2\/media?parent=496220"}],"wp:term":[{"taxonomy":"product_brand","embeddable":true,"href":"https:\/\/farmaon4.apptirana.al\/en\/wp-json\/wp\/v2\/product_brand?post=496220"},{"taxonomy":"product_cat","embeddable":true,"href":"https:\/\/farmaon4.apptirana.al\/en\/wp-json\/wp\/v2\/product_cat?post=496220"},{"taxonomy":"product_tag","embeddable":true,"href":"https:\/\/farmaon4.apptirana.al\/en\/wp-json\/wp\/v2\/product_tag?post=496220"},{"taxonomy":"giftcard-category","embeddable":true,"href":"https:\/\/farmaon4.apptirana.al\/en\/wp-json\/wp\/v2\/giftcard-category?post=496220"}],"curies":[{"name":"wp","href":"https:\/\/api.w.org\/{rel}","templated":true}]}}