{"id":496280,"date":"2024-09-21T00:14:09","date_gmt":"2024-09-21T00:14:09","guid":{"rendered":"https:\/\/farmaon4.apptirana.al\/produkt\/m-a-d-acne-reversing-gel-10-benzoyl-peroxide-2\/"},"modified":"2024-09-21T00:14:09","modified_gmt":"2024-09-21T00:14:09","slug":"m-a-d-acne-reversing-gel-10-benzoyl-peroxide","status":"publish","type":"product","link":"https:\/\/farmaon4.apptirana.al\/en\/produkt\/m-a-d-acne-reversing-gel-10-benzoyl-peroxide\/","title":{"rendered":"M.A.D Acne Reversing Gel 10% Benzoyl Peroxide"},"content":{"rendered":"<p>Formulim specifik p\u00ebr trajtimin e njollave t\u00eb akneve.<\/p>\n<p>Xheli me benzoil peroksid 1% \u00ebsht\u00eb trajtimi i duhur p\u00ebr t&#8217;u aplikuar n\u00eb zonat e prekura, dit\u00ebn ose nat\u00ebn.<\/p>\n<p>Benzoil peroksidi ndihmon n\u00eb kontrollin e akneve aktuale dhe parandalon shp\u00ebrthimet e ardhshme.<\/p>\n<p>Nuk p\u00ebrmban paraben\u00eb.<\/p>\n","protected":false},"excerpt":{"rendered":"<p>Trajtim lokal p\u00ebr aknet, me 10% benzoil peroksid<\/p>\n<p>30 ml<\/p>\n","protected":false},"featured_media":474041,"template":"","meta":{"_acf_changed":false},"product_brand":[],"product_cat":[50044,55668,56862,56863],"product_tag":[51532,46269],"giftcard-category":[],"class_list":{"0":"post-496280","1":"product","2":"type-product","3":"status-publish","4":"has-post-thumbnail","6":"product_cat-dermokozmetike-english","7":"product_cat-face-dermokozmetike-english","8":"product_cat-lekura-te-yndyrshme-en","9":"product_cat-trajtime-anti-akne-en","10":"product_tag-akne-en","11":"product_tag-face","13":"first","14":"instock","15":"sale","16":"taxable","17":"shipping-taxable","18":"purchasable","19":"product-type-simple"},"bundled_by":[],"bundle_stock_status":"instock","bundle_stock_quantity":3,"bundle_virtual":false,"bundle_layout":"","bundle_add_to_cart_form_location":"","bundle_editable_in_cart":false,"bundle_sold_individually_context":"","bundle_item_grouping":"","bundle_min_size":"","bundle_max_size":"","bundle_price":[],"bundled_items":[],"bundle_sell_ids":[],"acf":[],"yoast_head":"<!-- This site is optimized with the Yoast SEO Premium plugin v23.0 (Yoast SEO v26.0) - https:\/\/yoast.com\/wordpress\/plugins\/seo\/ -->\n<title>M.A.D Acne Reversing Gel 10% Benzoyl Peroxide - Farmaon<\/title>\n<meta name=\"robots\" content=\"index, follow, max-snippet:-1, max-image-preview:large, max-video-preview:-1\" \/>\n<link rel=\"canonical\" href=\"https:\/\/farmaon4.apptirana.al\/en\/produkt\/m-a-d-acne-reversing-gel-10-benzoyl-peroxide\/\" \/>\n<meta property=\"og:locale\" content=\"en_US\" \/>\n<meta property=\"og:type\" content=\"article\" \/>\n<meta property=\"og:title\" content=\"M.A.D Acne Reversing Gel 10% Benzoyl Peroxide\" \/>\n<meta property=\"og:description\" content=\"Trajtim lokal p\u00ebr aknet, me 10% benzoil peroksid 30 ml\" \/>\n<meta property=\"og:url\" content=\"https:\/\/farmaon4.apptirana.al\/en\/produkt\/m-a-d-acne-reversing-gel-10-benzoyl-peroxide\/\" \/>\n<meta property=\"og:site_name\" content=\"Farmaon\" \/>\n<meta name=\"twitter:card\" content=\"summary_large_image\" \/>\n<meta name=\"twitter:label1\" content=\"Price\" \/>\n\t<meta name=\"twitter:data1\" content=\"3360&nbsp;L\" \/>\n\t<meta name=\"twitter:label2\" content=\"Availability\" \/>\n\t<meta name=\"twitter:data2\" content=\"In stock\" \/>\n<script type=\"application\/ld+json\" class=\"yoast-schema-graph\">{\"@context\":\"https:\/\/schema.org\",\"@graph\":[{\"@type\":\"WebPage\",\"@id\":\"https:\/\/farmaon4.apptirana.al\/en\/produkt\/m-a-d-acne-reversing-gel-10-benzoyl-peroxide\/\",\"url\":\"https:\/\/farmaon4.apptirana.al\/en\/produkt\/m-a-d-acne-reversing-gel-10-benzoyl-peroxide\/\",\"name\":\"M.A.D Acne Reversing Gel 10% Benzoyl Peroxide - Farmaon\",\"isPartOf\":{\"@id\":\"https:\/\/farmaon4.apptirana.al\/#website\"},\"primaryImageOfPage\":{\"@id\":\"https:\/\/farmaon4.apptirana.al\/en\/produkt\/m-a-d-acne-reversing-gel-10-benzoyl-peroxide\/#primaryimage\"},\"image\":{\"@id\":\"https:\/\/farmaon4.apptirana.al\/en\/produkt\/m-a-d-acne-reversing-gel-10-benzoyl-peroxide\/#primaryimage\"},\"thumbnailUrl\":\"https:\/\/farmaon4.apptirana.al\/wp-content\/uploads\/2024\/09\/M.A.D011.jpg\",\"datePublished\":\"2024-09-21T00:14:09+00:00\",\"breadcrumb\":{\"@id\":\"https:\/\/farmaon4.apptirana.al\/en\/produkt\/m-a-d-acne-reversing-gel-10-benzoyl-peroxide\/#breadcrumb\"},\"inLanguage\":\"en-US\",\"potentialAction\":[{\"@type\":\"ReadAction\",\"target\":[\"https:\/\/farmaon4.apptirana.al\/en\/produkt\/m-a-d-acne-reversing-gel-10-benzoyl-peroxide\/\"]}]},{\"@type\":\"ImageObject\",\"inLanguage\":\"en-US\",\"@id\":\"https:\/\/farmaon4.apptirana.al\/en\/produkt\/m-a-d-acne-reversing-gel-10-benzoyl-peroxide\/#primaryimage\",\"url\":\"https:\/\/farmaon4.apptirana.al\/wp-content\/uploads\/2024\/09\/M.A.D011.jpg\",\"contentUrl\":\"https:\/\/farmaon4.apptirana.al\/wp-content\/uploads\/2024\/09\/M.A.D011.jpg\",\"width\":1080,\"height\":1080},{\"@type\":\"BreadcrumbList\",\"@id\":\"https:\/\/farmaon4.apptirana.al\/en\/produkt\/m-a-d-acne-reversing-gel-10-benzoyl-peroxide\/#breadcrumb\",\"itemListElement\":[{\"@type\":\"ListItem\",\"position\":1,\"name\":\"Home\",\"item\":\"https:\/\/farmaon4.apptirana.al\/en\/\"},{\"@type\":\"ListItem\",\"position\":2,\"name\":\"Shop\",\"item\":\"https:\/\/farmaon4.apptirana.al\/en\/shop-3\/\"},{\"@type\":\"ListItem\",\"position\":3,\"name\":\"M.A.D Acne Reversing Gel 10% Benzoyl Peroxide\"}]},{\"@type\":\"WebSite\",\"@id\":\"https:\/\/farmaon4.apptirana.al\/#website\",\"url\":\"https:\/\/farmaon4.apptirana.al\/\",\"name\":\"Farmaon\",\"description\":\"Farmacia Juaj Online!\",\"publisher\":{\"@id\":\"https:\/\/farmaon4.apptirana.al\/#organization\"},\"potentialAction\":[{\"@type\":\"SearchAction\",\"target\":{\"@type\":\"EntryPoint\",\"urlTemplate\":\"https:\/\/farmaon4.apptirana.al\/?s={search_term_string}\"},\"query-input\":{\"@type\":\"PropertyValueSpecification\",\"valueRequired\":true,\"valueName\":\"search_term_string\"}}],\"inLanguage\":\"en-US\"},{\"@type\":\"Organization\",\"@id\":\"https:\/\/farmaon4.apptirana.al\/#organization\",\"name\":\"Farmaon\",\"url\":\"https:\/\/farmaon4.apptirana.al\/\",\"logo\":{\"@type\":\"ImageObject\",\"inLanguage\":\"en-US\",\"@id\":\"https:\/\/farmaon4.apptirana.al\/#\/schema\/logo\/image\/\",\"url\":\"https:\/\/farmaon4.apptirana.al\/wp-content\/uploads\/2024\/08\/7f987514-logo-farmaon.png\",\"contentUrl\":\"https:\/\/farmaon4.apptirana.al\/wp-content\/uploads\/2024\/08\/7f987514-logo-farmaon.png\",\"width\":219,\"height\":53,\"caption\":\"Farmaon\"},\"image\":{\"@id\":\"https:\/\/farmaon4.apptirana.al\/#\/schema\/logo\/image\/\"}}]}<\/script>\n<meta property=\"product:price:amount\" content=\"3360\" \/>\n<meta property=\"product:price:currency\" content=\"ALL\" \/>\n<meta property=\"og:availability\" content=\"instock\" \/>\n<meta property=\"product:availability\" content=\"instock\" \/>\n<meta property=\"product:retailer_item_id\" content=\"M.A.D011\" \/>\n<meta property=\"product:condition\" content=\"new\" \/>\n<!-- \/ Yoast SEO Premium plugin. -->","yoast_head_json":{"title":"M.A.D Acne Reversing Gel 10% Benzoyl Peroxide - Farmaon","robots":{"index":"index","follow":"follow","max-snippet":"max-snippet:-1","max-image-preview":"max-image-preview:large","max-video-preview":"max-video-preview:-1"},"canonical":"https:\/\/farmaon4.apptirana.al\/en\/produkt\/m-a-d-acne-reversing-gel-10-benzoyl-peroxide\/","og_locale":"en_US","og_type":"article","og_title":"M.A.D Acne Reversing Gel 10% Benzoyl Peroxide","og_description":"Trajtim lokal p\u00ebr aknet, me 10% benzoil peroksid 30 ml","og_url":"https:\/\/farmaon4.apptirana.al\/en\/produkt\/m-a-d-acne-reversing-gel-10-benzoyl-peroxide\/","og_site_name":"Farmaon","twitter_card":"summary_large_image","twitter_misc":{"Price":"3360&nbsp;L","Availability":"In stock"},"schema":{"@context":"https:\/\/schema.org","@graph":[{"@type":"WebPage","@id":"https:\/\/farmaon4.apptirana.al\/en\/produkt\/m-a-d-acne-reversing-gel-10-benzoyl-peroxide\/","url":"https:\/\/farmaon4.apptirana.al\/en\/produkt\/m-a-d-acne-reversing-gel-10-benzoyl-peroxide\/","name":"M.A.D Acne Reversing Gel 10% Benzoyl Peroxide - Farmaon","isPartOf":{"@id":"https:\/\/farmaon4.apptirana.al\/#website"},"primaryImageOfPage":{"@id":"https:\/\/farmaon4.apptirana.al\/en\/produkt\/m-a-d-acne-reversing-gel-10-benzoyl-peroxide\/#primaryimage"},"image":{"@id":"https:\/\/farmaon4.apptirana.al\/en\/produkt\/m-a-d-acne-reversing-gel-10-benzoyl-peroxide\/#primaryimage"},"thumbnailUrl":"https:\/\/farmaon4.apptirana.al\/wp-content\/uploads\/2024\/09\/M.A.D011.jpg","datePublished":"2024-09-21T00:14:09+00:00","breadcrumb":{"@id":"https:\/\/farmaon4.apptirana.al\/en\/produkt\/m-a-d-acne-reversing-gel-10-benzoyl-peroxide\/#breadcrumb"},"inLanguage":"en-US","potentialAction":[{"@type":"ReadAction","target":["https:\/\/farmaon4.apptirana.al\/en\/produkt\/m-a-d-acne-reversing-gel-10-benzoyl-peroxide\/"]}]},{"@type":"ImageObject","inLanguage":"en-US","@id":"https:\/\/farmaon4.apptirana.al\/en\/produkt\/m-a-d-acne-reversing-gel-10-benzoyl-peroxide\/#primaryimage","url":"https:\/\/farmaon4.apptirana.al\/wp-content\/uploads\/2024\/09\/M.A.D011.jpg","contentUrl":"https:\/\/farmaon4.apptirana.al\/wp-content\/uploads\/2024\/09\/M.A.D011.jpg","width":1080,"height":1080},{"@type":"BreadcrumbList","@id":"https:\/\/farmaon4.apptirana.al\/en\/produkt\/m-a-d-acne-reversing-gel-10-benzoyl-peroxide\/#breadcrumb","itemListElement":[{"@type":"ListItem","position":1,"name":"Home","item":"https:\/\/farmaon4.apptirana.al\/en\/"},{"@type":"ListItem","position":2,"name":"Shop","item":"https:\/\/farmaon4.apptirana.al\/en\/shop-3\/"},{"@type":"ListItem","position":3,"name":"M.A.D Acne Reversing Gel 10% Benzoyl Peroxide"}]},{"@type":"WebSite","@id":"https:\/\/farmaon4.apptirana.al\/#website","url":"https:\/\/farmaon4.apptirana.al\/","name":"Farmaon","description":"Farmacia Juaj Online!","publisher":{"@id":"https:\/\/farmaon4.apptirana.al\/#organization"},"potentialAction":[{"@type":"SearchAction","target":{"@type":"EntryPoint","urlTemplate":"https:\/\/farmaon4.apptirana.al\/?s={search_term_string}"},"query-input":{"@type":"PropertyValueSpecification","valueRequired":true,"valueName":"search_term_string"}}],"inLanguage":"en-US"},{"@type":"Organization","@id":"https:\/\/farmaon4.apptirana.al\/#organization","name":"Farmaon","url":"https:\/\/farmaon4.apptirana.al\/","logo":{"@type":"ImageObject","inLanguage":"en-US","@id":"https:\/\/farmaon4.apptirana.al\/#\/schema\/logo\/image\/","url":"https:\/\/farmaon4.apptirana.al\/wp-content\/uploads\/2024\/08\/7f987514-logo-farmaon.png","contentUrl":"https:\/\/farmaon4.apptirana.al\/wp-content\/uploads\/2024\/08\/7f987514-logo-farmaon.png","width":219,"height":53,"caption":"Farmaon"},"image":{"@id":"https:\/\/farmaon4.apptirana.al\/#\/schema\/logo\/image\/"}}]},"product_price_amount":"3360","product_price_currency":"ALL","og_availability":"instock","product_availability":"instock","product_retailer_item_id":"M.A.D011","product_condition":"new"},"_links":{"self":[{"href":"https:\/\/farmaon4.apptirana.al\/en\/wp-json\/wp\/v2\/product\/496280","targetHints":{"allow":["GET"]}}],"collection":[{"href":"https:\/\/farmaon4.apptirana.al\/en\/wp-json\/wp\/v2\/product"}],"about":[{"href":"https:\/\/farmaon4.apptirana.al\/en\/wp-json\/wp\/v2\/types\/product"}],"version-history":[{"count":0,"href":"https:\/\/farmaon4.apptirana.al\/en\/wp-json\/wp\/v2\/product\/496280\/revisions"}],"wp:featuredmedia":[{"embeddable":true,"href":"https:\/\/farmaon4.apptirana.al\/en\/wp-json\/wp\/v2\/media\/474041"}],"wp:attachment":[{"href":"https:\/\/farmaon4.apptirana.al\/en\/wp-json\/wp\/v2\/media?parent=496280"}],"wp:term":[{"taxonomy":"product_brand","embeddable":true,"href":"https:\/\/farmaon4.apptirana.al\/en\/wp-json\/wp\/v2\/product_brand?post=496280"},{"taxonomy":"product_cat","embeddable":true,"href":"https:\/\/farmaon4.apptirana.al\/en\/wp-json\/wp\/v2\/product_cat?post=496280"},{"taxonomy":"product_tag","embeddable":true,"href":"https:\/\/farmaon4.apptirana.al\/en\/wp-json\/wp\/v2\/product_tag?post=496280"},{"taxonomy":"giftcard-category","embeddable":true,"href":"https:\/\/farmaon4.apptirana.al\/en\/wp-json\/wp\/v2\/giftcard-category?post=496280"}],"curies":[{"name":"wp","href":"https:\/\/api.w.org\/{rel}","templated":true}]}}