{"id":496304,"date":"2024-09-20T23:53:25","date_gmt":"2024-09-20T23:53:25","guid":{"rendered":"https:\/\/farmaon4.apptirana.al\/produkt\/terranova-vitamin-k2-as-menaq7-100%c2%b5g-complex-2\/"},"modified":"2026-04-18T19:28:06","modified_gmt":"2026-04-18T18:28:06","slug":"terranova-vitamin-k2-as-menaq7-100%c2%b5g-complex","status":"publish","type":"product","link":"https:\/\/farmaon4.apptirana.al\/en\/produkt\/terranova-vitamin-k2-as-menaq7-100%c2%b5g-complex\/","title":{"rendered":"Terranova Vitamin K2 (as MenaQ7\u00ae) 100\u00b5g Complex"},"content":{"rendered":"<p>Suplement ushqimor me vitamin\u00eb K2, n\u00eb form\u00ebn MenaQ7\u00ae (MK-7), forma me biovlefshm\u00ebrin\u00eb dhe bioaktivitetin m\u00eb t\u00eb lart\u00eb t\u00eb vitamin\u00ebs K.<\/p>\n<p>Nuk p\u00ebrmban:<\/p>\n<ul>\n<li>soj\u00eb.<\/li>\n<li>maja.<\/li>\n<li>derivate t\u00eb bulmetit.<\/li>\n<li>sheqer t\u00eb shtuar.<\/li>\n<li>ngjyrues.<\/li>\n<li>konservues.<\/li>\n<li>gluten.<\/li>\n<\/ul>\n<p>Suplementet ushqimor\u00eb nuk z\u00ebv\u00ebnd\u00ebsojn\u00eb diet\u00ebn ushqimore.<\/p>\n<p>T\u00eb mbahet larg f\u00ebmij\u00ebve.<\/p>\n<p>T\u00eb mos p\u00ebrdoret gjat\u00eb shtatz\u00ebnis\u00eb dhe ushqyerjes me gji me p\u00ebrjashtim t\u00eb rasteve kur e k\u00ebshillon mjeku juaj.<\/p>\n<p>N\u00ebse jeni duke p\u00ebrdorur medikamente anti-koagolante si p\u00ebr shembull varfarina, vet\u00ebm mjeku juaj mund t\u00eb vendos\u00eb n\u00ebse do p\u00ebrdorni ose jo k\u00ebt\u00eb suplement ushqimor.<\/p>\n<p>&nbsp;<\/p>\n","protected":false},"excerpt":{"rendered":"<p>Suplement ushqimor me vitamin\u00eb K2<\/p>\n<p>50 kapsula vegjetariane<\/p>\n","protected":false},"featured_media":473015,"template":"","meta":{"_acf_changed":false},"product_brand":[],"product_cat":[50124,50286,50285,50299,50352],"product_tag":[50451,51823,53984],"giftcard-category":[],"class_list":{"0":"post-496304","1":"product","2":"type-product","3":"status-publish","4":"has-post-thumbnail","6":"product_cat-kockat-dhe-artikulacionet-english","7":"product_cat-sipas-veprimit-english","8":"product_cat-sipas-permbajtjes-english","9":"product_cat-suplemente-english","10":"product_cat-vitamine-k-english","11":"product_tag-te-rritur-en","12":"product_tag-kockat-en","13":"product_tag-vitamine-k2-en","15":"first","16":"instock","17":"sale","18":"taxable","19":"shipping-taxable","20":"purchasable","21":"product-type-simple"},"bundled_by":[],"bundle_stock_status":"instock","bundle_stock_quantity":3,"bundle_virtual":false,"bundle_layout":"","bundle_add_to_cart_form_location":"","bundle_editable_in_cart":false,"bundle_sold_individually_context":"","bundle_item_grouping":"","bundle_min_size":"","bundle_max_size":"","bundle_price":[],"bundled_items":[],"bundle_sell_ids":[],"acf":[],"yoast_head":"<!-- This site is optimized with the Yoast SEO Premium plugin v23.0 (Yoast SEO v26.0) - https:\/\/yoast.com\/wordpress\/plugins\/seo\/ -->\n<title>Terranova Vitamin K2 (as MenaQ7\u00ae) 100\u00b5g Complex - Farmaon<\/title>\n<meta name=\"robots\" content=\"index, follow, max-snippet:-1, max-image-preview:large, max-video-preview:-1\" \/>\n<link rel=\"canonical\" href=\"https:\/\/farmaon4.apptirana.al\/en\/produkt\/terranova-vitamin-k2-as-menaq7-100\u00b5g-complex\/\" \/>\n<meta property=\"og:locale\" content=\"en_US\" \/>\n<meta property=\"og:type\" content=\"article\" \/>\n<meta property=\"og:title\" content=\"Terranova Vitamin K2 (as MenaQ7\u00ae) 100\u00b5g Complex\" \/>\n<meta property=\"og:description\" content=\"Suplement ushqimor me vitamin\u00eb K2 50 kapsula vegjetariane\" \/>\n<meta property=\"og:url\" content=\"https:\/\/farmaon4.apptirana.al\/en\/produkt\/terranova-vitamin-k2-as-menaq7-100\u00b5g-complex\/\" \/>\n<meta property=\"og:site_name\" content=\"Farmaon\" \/>\n<meta property=\"article:modified_time\" content=\"2026-04-18T18:28:06+00:00\" \/>\n<meta name=\"twitter:card\" content=\"summary_large_image\" \/>\n<meta name=\"twitter:label1\" content=\"Price\" \/>\n\t<meta name=\"twitter:data1\" content=\"3072&nbsp;L\" \/>\n\t<meta name=\"twitter:label2\" content=\"Availability\" \/>\n\t<meta name=\"twitter:data2\" content=\"In stock\" \/>\n<script type=\"application\/ld+json\" class=\"yoast-schema-graph\">{\"@context\":\"https:\/\/schema.org\",\"@graph\":[{\"@type\":\"WebPage\",\"@id\":\"https:\/\/farmaon4.apptirana.al\/en\/produkt\/terranova-vitamin-k2-as-menaq7-100%c2%b5g-complex\/\",\"url\":\"https:\/\/farmaon4.apptirana.al\/en\/produkt\/terranova-vitamin-k2-as-menaq7-100%c2%b5g-complex\/\",\"name\":\"Terranova Vitamin K2 (as MenaQ7\u00ae) 100\u00b5g Complex - Farmaon\",\"isPartOf\":{\"@id\":\"https:\/\/farmaon4.apptirana.al\/#website\"},\"primaryImageOfPage\":{\"@id\":\"https:\/\/farmaon4.apptirana.al\/en\/produkt\/terranova-vitamin-k2-as-menaq7-100%c2%b5g-complex\/#primaryimage\"},\"image\":{\"@id\":\"https:\/\/farmaon4.apptirana.al\/en\/produkt\/terranova-vitamin-k2-as-menaq7-100%c2%b5g-complex\/#primaryimage\"},\"thumbnailUrl\":\"https:\/\/farmaon4.apptirana.al\/wp-content\/uploads\/2024\/09\/TN021.jpg\",\"datePublished\":\"2024-09-20T23:53:25+00:00\",\"dateModified\":\"2026-04-18T18:28:06+00:00\",\"breadcrumb\":{\"@id\":\"https:\/\/farmaon4.apptirana.al\/en\/produkt\/terranova-vitamin-k2-as-menaq7-100%c2%b5g-complex\/#breadcrumb\"},\"inLanguage\":\"en-US\",\"potentialAction\":[{\"@type\":\"ReadAction\",\"target\":[\"https:\/\/farmaon4.apptirana.al\/en\/produkt\/terranova-vitamin-k2-as-menaq7-100%c2%b5g-complex\/\"]}]},{\"@type\":\"ImageObject\",\"inLanguage\":\"en-US\",\"@id\":\"https:\/\/farmaon4.apptirana.al\/en\/produkt\/terranova-vitamin-k2-as-menaq7-100%c2%b5g-complex\/#primaryimage\",\"url\":\"https:\/\/farmaon4.apptirana.al\/wp-content\/uploads\/2024\/09\/TN021.jpg\",\"contentUrl\":\"https:\/\/farmaon4.apptirana.al\/wp-content\/uploads\/2024\/09\/TN021.jpg\",\"width\":1080,\"height\":1080},{\"@type\":\"BreadcrumbList\",\"@id\":\"https:\/\/farmaon4.apptirana.al\/en\/produkt\/terranova-vitamin-k2-as-menaq7-100%c2%b5g-complex\/#breadcrumb\",\"itemListElement\":[{\"@type\":\"ListItem\",\"position\":1,\"name\":\"Home\",\"item\":\"https:\/\/farmaon4.apptirana.al\/en\/\"},{\"@type\":\"ListItem\",\"position\":2,\"name\":\"Shop\",\"item\":\"https:\/\/farmaon4.apptirana.al\/en\/shop-3\/\"},{\"@type\":\"ListItem\",\"position\":3,\"name\":\"Terranova Vitamin K2 (as MenaQ7\u00ae) 100\u00b5g Complex\"}]},{\"@type\":\"WebSite\",\"@id\":\"https:\/\/farmaon4.apptirana.al\/#website\",\"url\":\"https:\/\/farmaon4.apptirana.al\/\",\"name\":\"Farmaon\",\"description\":\"Farmacia Juaj Online!\",\"publisher\":{\"@id\":\"https:\/\/farmaon4.apptirana.al\/#organization\"},\"potentialAction\":[{\"@type\":\"SearchAction\",\"target\":{\"@type\":\"EntryPoint\",\"urlTemplate\":\"https:\/\/farmaon4.apptirana.al\/?s={search_term_string}\"},\"query-input\":{\"@type\":\"PropertyValueSpecification\",\"valueRequired\":true,\"valueName\":\"search_term_string\"}}],\"inLanguage\":\"en-US\"},{\"@type\":\"Organization\",\"@id\":\"https:\/\/farmaon4.apptirana.al\/#organization\",\"name\":\"Farmaon\",\"url\":\"https:\/\/farmaon4.apptirana.al\/\",\"logo\":{\"@type\":\"ImageObject\",\"inLanguage\":\"en-US\",\"@id\":\"https:\/\/farmaon4.apptirana.al\/#\/schema\/logo\/image\/\",\"url\":\"https:\/\/farmaon4.apptirana.al\/wp-content\/uploads\/2024\/08\/7f987514-logo-farmaon.png\",\"contentUrl\":\"https:\/\/farmaon4.apptirana.al\/wp-content\/uploads\/2024\/08\/7f987514-logo-farmaon.png\",\"width\":219,\"height\":53,\"caption\":\"Farmaon\"},\"image\":{\"@id\":\"https:\/\/farmaon4.apptirana.al\/#\/schema\/logo\/image\/\"}}]}<\/script>\n<meta property=\"product:price:amount\" content=\"3072\" \/>\n<meta property=\"product:price:currency\" content=\"ALL\" \/>\n<meta property=\"og:availability\" content=\"instock\" \/>\n<meta property=\"product:availability\" content=\"instock\" \/>\n<meta property=\"product:retailer_item_id\" content=\"TN02\" \/>\n<meta property=\"product:condition\" content=\"new\" \/>\n<!-- \/ Yoast SEO Premium plugin. -->","yoast_head_json":{"title":"Terranova Vitamin K2 (as MenaQ7\u00ae) 100\u00b5g Complex - Farmaon","robots":{"index":"index","follow":"follow","max-snippet":"max-snippet:-1","max-image-preview":"max-image-preview:large","max-video-preview":"max-video-preview:-1"},"canonical":"https:\/\/farmaon4.apptirana.al\/en\/produkt\/terranova-vitamin-k2-as-menaq7-100\u00b5g-complex\/","og_locale":"en_US","og_type":"article","og_title":"Terranova Vitamin K2 (as MenaQ7\u00ae) 100\u00b5g Complex","og_description":"Suplement ushqimor me vitamin\u00eb K2 50 kapsula vegjetariane","og_url":"https:\/\/farmaon4.apptirana.al\/en\/produkt\/terranova-vitamin-k2-as-menaq7-100\u00b5g-complex\/","og_site_name":"Farmaon","article_modified_time":"2026-04-18T18:28:06+00:00","twitter_card":"summary_large_image","twitter_misc":{"Price":"3072&nbsp;L","Availability":"In stock"},"schema":{"@context":"https:\/\/schema.org","@graph":[{"@type":"WebPage","@id":"https:\/\/farmaon4.apptirana.al\/en\/produkt\/terranova-vitamin-k2-as-menaq7-100%c2%b5g-complex\/","url":"https:\/\/farmaon4.apptirana.al\/en\/produkt\/terranova-vitamin-k2-as-menaq7-100%c2%b5g-complex\/","name":"Terranova Vitamin K2 (as MenaQ7\u00ae) 100\u00b5g Complex - Farmaon","isPartOf":{"@id":"https:\/\/farmaon4.apptirana.al\/#website"},"primaryImageOfPage":{"@id":"https:\/\/farmaon4.apptirana.al\/en\/produkt\/terranova-vitamin-k2-as-menaq7-100%c2%b5g-complex\/#primaryimage"},"image":{"@id":"https:\/\/farmaon4.apptirana.al\/en\/produkt\/terranova-vitamin-k2-as-menaq7-100%c2%b5g-complex\/#primaryimage"},"thumbnailUrl":"https:\/\/farmaon4.apptirana.al\/wp-content\/uploads\/2024\/09\/TN021.jpg","datePublished":"2024-09-20T23:53:25+00:00","dateModified":"2026-04-18T18:28:06+00:00","breadcrumb":{"@id":"https:\/\/farmaon4.apptirana.al\/en\/produkt\/terranova-vitamin-k2-as-menaq7-100%c2%b5g-complex\/#breadcrumb"},"inLanguage":"en-US","potentialAction":[{"@type":"ReadAction","target":["https:\/\/farmaon4.apptirana.al\/en\/produkt\/terranova-vitamin-k2-as-menaq7-100%c2%b5g-complex\/"]}]},{"@type":"ImageObject","inLanguage":"en-US","@id":"https:\/\/farmaon4.apptirana.al\/en\/produkt\/terranova-vitamin-k2-as-menaq7-100%c2%b5g-complex\/#primaryimage","url":"https:\/\/farmaon4.apptirana.al\/wp-content\/uploads\/2024\/09\/TN021.jpg","contentUrl":"https:\/\/farmaon4.apptirana.al\/wp-content\/uploads\/2024\/09\/TN021.jpg","width":1080,"height":1080},{"@type":"BreadcrumbList","@id":"https:\/\/farmaon4.apptirana.al\/en\/produkt\/terranova-vitamin-k2-as-menaq7-100%c2%b5g-complex\/#breadcrumb","itemListElement":[{"@type":"ListItem","position":1,"name":"Home","item":"https:\/\/farmaon4.apptirana.al\/en\/"},{"@type":"ListItem","position":2,"name":"Shop","item":"https:\/\/farmaon4.apptirana.al\/en\/shop-3\/"},{"@type":"ListItem","position":3,"name":"Terranova Vitamin K2 (as MenaQ7\u00ae) 100\u00b5g Complex"}]},{"@type":"WebSite","@id":"https:\/\/farmaon4.apptirana.al\/#website","url":"https:\/\/farmaon4.apptirana.al\/","name":"Farmaon","description":"Farmacia Juaj Online!","publisher":{"@id":"https:\/\/farmaon4.apptirana.al\/#organization"},"potentialAction":[{"@type":"SearchAction","target":{"@type":"EntryPoint","urlTemplate":"https:\/\/farmaon4.apptirana.al\/?s={search_term_string}"},"query-input":{"@type":"PropertyValueSpecification","valueRequired":true,"valueName":"search_term_string"}}],"inLanguage":"en-US"},{"@type":"Organization","@id":"https:\/\/farmaon4.apptirana.al\/#organization","name":"Farmaon","url":"https:\/\/farmaon4.apptirana.al\/","logo":{"@type":"ImageObject","inLanguage":"en-US","@id":"https:\/\/farmaon4.apptirana.al\/#\/schema\/logo\/image\/","url":"https:\/\/farmaon4.apptirana.al\/wp-content\/uploads\/2024\/08\/7f987514-logo-farmaon.png","contentUrl":"https:\/\/farmaon4.apptirana.al\/wp-content\/uploads\/2024\/08\/7f987514-logo-farmaon.png","width":219,"height":53,"caption":"Farmaon"},"image":{"@id":"https:\/\/farmaon4.apptirana.al\/#\/schema\/logo\/image\/"}}]},"product_price_amount":"3072","product_price_currency":"ALL","og_availability":"instock","product_availability":"instock","product_retailer_item_id":"TN02","product_condition":"new"},"_links":{"self":[{"href":"https:\/\/farmaon4.apptirana.al\/en\/wp-json\/wp\/v2\/product\/496304","targetHints":{"allow":["GET"]}}],"collection":[{"href":"https:\/\/farmaon4.apptirana.al\/en\/wp-json\/wp\/v2\/product"}],"about":[{"href":"https:\/\/farmaon4.apptirana.al\/en\/wp-json\/wp\/v2\/types\/product"}],"version-history":[{"count":0,"href":"https:\/\/farmaon4.apptirana.al\/en\/wp-json\/wp\/v2\/product\/496304\/revisions"}],"wp:featuredmedia":[{"embeddable":true,"href":"https:\/\/farmaon4.apptirana.al\/en\/wp-json\/wp\/v2\/media\/473015"}],"wp:attachment":[{"href":"https:\/\/farmaon4.apptirana.al\/en\/wp-json\/wp\/v2\/media?parent=496304"}],"wp:term":[{"taxonomy":"product_brand","embeddable":true,"href":"https:\/\/farmaon4.apptirana.al\/en\/wp-json\/wp\/v2\/product_brand?post=496304"},{"taxonomy":"product_cat","embeddable":true,"href":"https:\/\/farmaon4.apptirana.al\/en\/wp-json\/wp\/v2\/product_cat?post=496304"},{"taxonomy":"product_tag","embeddable":true,"href":"https:\/\/farmaon4.apptirana.al\/en\/wp-json\/wp\/v2\/product_tag?post=496304"},{"taxonomy":"giftcard-category","embeddable":true,"href":"https:\/\/farmaon4.apptirana.al\/en\/wp-json\/wp\/v2\/giftcard-category?post=496304"}],"curies":[{"name":"wp","href":"https:\/\/api.w.org\/{rel}","templated":true}]}}